{"id":999,"date":"2025-05-25T01:09:22","date_gmt":"2025-05-24T17:09:22","guid":{"rendered":"http:\/\/111.170.148.214:8095\/?post_type=product&#038;p=999"},"modified":"2025-10-14T14:53:37","modified_gmt":"2025-10-14T06:53:37","slug":"equipamento-de-soldadura-de-mesa-giratoria-20-toneladas","status":"publish","type":"product","link":"https:\/\/www.weldmc.com\/pt\/product\/equipamento-de-soldadura-de-mesa-giratoria-20-toneladas\/","title":{"rendered":"Equipamento de mesa girat\u00f3ria de soldadura 20 toneladas"},"content":{"rendered":"<p><strong><b>Equipamento de soldadura WUXI ABK: Solu\u00e7\u00f5es de rota\u00e7\u00e3o de precis\u00e3o<\/b><\/strong><\/p>\n<p><img fetchpriority=\"high\" decoding=\"async\" class=\"\" src=\"https:\/\/www.weldmc.com\/wp-content\/uploads\/2025\/05\/3cc87cef83089b4640b34d1f52f77d4.jpg\" alt=\"Plataforma girat\u00f3ria de soldadura\" width=\"703\" height=\"527\" \/><\/p>\n<p><strong><b>Vantagens t\u00e9cnicas<\/b><\/strong><\/p>\n<p>Rota\u00e7\u00e3o program\u00e1vel - O controlo digital mant\u00e9m 0,1-1,2 RPM para v\u00e1rios requisitos de uni\u00e3o<\/p>\n<p>Carga optimizada - Capacidade padr\u00e3o de 1 a 50 toneladas com configura\u00e7\u00f5es personalizadas dispon\u00edveis<\/p>\n<p>Superf\u00edcie adapt\u00e1vel - A mesa de trabalho modular aceita conjuntos de 800-6000 mm de di\u00e2metro<\/p>\n<p>Movimento de precis\u00e3o - a repetibilidade de \u00b10,5 mm garante a exatid\u00e3o da articula\u00e7\u00e3o<\/p>\n<p><img decoding=\"async\" class=\"\" src=\"https:\/\/www.weldmc.com\/wp-content\/uploads\/2025\/05\/Welding-Turntable-Technical-Advantages_1.png\" alt=\"Vantagens t\u00e9cnicas da mesa girat\u00f3ria de soldadura_1\" width=\"701\" height=\"496\" \/> <img decoding=\"async\" class=\"\" src=\"https:\/\/www.weldmc.com\/wp-content\/uploads\/2025\/05\/Welding-Turntable-Technical-Advantages_2.png\" alt=\"Vantagens t\u00e9cnicas da mesa girat\u00f3ria de soldadura_2\" width=\"702\" height=\"395\" \/><\/p>\n<p><strong><b>Implementa\u00e7\u00e3o industrial<\/b><\/strong><\/p>\n<p>A mesa girat\u00f3ria de soldadura tem fun\u00e7\u00f5es cr\u00edticas:<\/p>\n<ul>\n<li>Fabrico de recipientes cil\u00edndricos sob press\u00e3o<\/li>\n<li>Fabrico de componentes para o sector da energia<\/li>\n<li>Produ\u00e7\u00e3o de estruturas de a\u00e7o pesadas<\/li>\n<li>Aplica\u00e7\u00f5es na constru\u00e7\u00e3o naval<\/li>\n<\/ul>\n<p><img loading=\"lazy\" decoding=\"async\" class=\"\" src=\"https:\/\/www.weldmc.com\/wp-content\/uploads\/2025\/05\/Welding-Turntable-Technical-Advantages_4.png\" alt=\"Vantagens t\u00e9cnicas da mesa girat\u00f3ria de soldadura_4\" width=\"706\" height=\"523\" \/> <img loading=\"lazy\" decoding=\"async\" class=\"\" src=\"https:\/\/www.weldmc.com\/wp-content\/uploads\/2025\/05\/Welding-Turntable-Technical-Advantages_3.png\" alt=\"Vantagens t\u00e9cnicas da mesa girat\u00f3ria de soldadura_3\" width=\"707\" height=\"487\" \/><\/p>\n<p>Composi\u00e7\u00e3o mec\u00e2nica<\/p>\n<ul>\n<li>Base de apoio refor\u00e7ada com rolamentos de qualidade industrial<\/li>\n<li>Sistema de acionamento de frequ\u00eancia vari\u00e1vel<\/li>\n<li>Superf\u00edcies de montagem intermut\u00e1veis<\/li>\n<li>Op\u00e7\u00f5es de inv\u00f3lucro com classifica\u00e7\u00e3o de seguran\u00e7a<\/li>\n<\/ul>\n<p><img decoding=\"async\" src=\"https:\/\/www.weldmc.com\/wp-content\/uploads\/2025\/05\/Welding-Turntable-Technical-Advantages_5.png\" alt=\"Vantagens t\u00e9cnicas da mesa girat\u00f3ria de soldadura_5\" \/> <img decoding=\"async\" src=\"https:\/\/www.weldmc.com\/wp-content\/uploads\/2025\/05\/Welding-Turntable-Technical-Advantages_6.png\" alt=\"Vantagens t\u00e9cnicas da mesa girat\u00f3ria de soldadura_6\" \/><\/p>\n<p><strong><b>Servi\u00e7os de engenharia personalizados<\/b><\/strong><\/p>\n<p>WUXI ABK fornece:<\/p>\n<ul>\n<li>Tratamentos de superf\u00edcie especializados<\/li>\n<li>Sistemas automatizados de feedback de posi\u00e7\u00e3o<\/li>\n<li>Controlo integrado da qualidade<\/li>\n<li>Personaliza\u00e7\u00e3o da interface do operador<\/li>\n<\/ul>\n<p><img decoding=\"async\" src=\"https:\/\/www.weldmc.com\/wp-content\/uploads\/2025\/05\/Welding-Turntable-Technical-Advantages_7.png\" alt=\"Vantagens t\u00e9cnicas da mesa girat\u00f3ria de soldadura_7\" \/> <img loading=\"lazy\" decoding=\"async\" class=\"\" src=\"https:\/\/www.weldmc.com\/wp-content\/uploads\/2025\/05\/Welding-Turntable-Technical-Advantages_8.png\" alt=\"Vantagens t\u00e9cnicas da mesa girat\u00f3ria de soldadura_8\" width=\"708\" height=\"518\" \/><\/p>\n<p><strong><b>Excel\u00eancia na produ\u00e7\u00e3o<\/b><\/strong><\/p>\n<p>Os nossos sistemas de rota\u00e7\u00e3o s\u00e3o caracterizados por:<\/p>\n<ul>\n<li>Processos de produ\u00e7\u00e3o com certifica\u00e7\u00e3o ISO<\/li>\n<li>Teste de valida\u00e7\u00e3o do desempenho<\/li>\n<li>Cobertura de servi\u00e7o alargada<\/li>\n<li>Rede de suporte t\u00e9cnico global<\/li>\n<\/ul>\n<table>\n<tbody>\n<tr>\n<td colspan=\"3\" width=\"599\"><strong>Modelo<\/strong><\/td>\n<td width=\"354\"><strong>HB-<\/strong><strong>2<\/strong><strong>0<\/strong><strong>0<\/strong><\/td>\n<\/tr>\n<tr>\n<td width=\"363\"><strong>Capacidade de carga<\/strong><\/td>\n<td width=\"127\">(KG)<\/td>\n<td width=\"109\"><\/td>\n<td width=\"354\">20000<\/td>\n<\/tr>\n<tr>\n<td width=\"363\"><strong>Velocidade de rota\u00e7\u00e3o<\/strong><\/td>\n<td width=\"127\">(RPM)<\/td>\n<td width=\"109\"><\/td>\n<td width=\"354\">0.05-0.5<\/td>\n<\/tr>\n<tr>\n<td width=\"363\"><strong>Tamanho da mesa de trabalho<\/strong><strong>\u00a0Di\u00e2metro<\/strong><\/td>\n<td width=\"127\">(MM)<\/td>\n<td width=\"109\"><\/td>\n<td width=\"354\">2000<\/td>\n<\/tr>\n<tr>\n<td width=\"363\"><strong>P<\/strong><strong>torre<\/strong><\/td>\n<td width=\"127\">(KW)<\/td>\n<td width=\"109\"><\/td>\n<td width=\"354\">4<\/td>\n<\/tr>\n<tr>\n<td width=\"363\"><strong>Fonte de alimenta\u00e7\u00e3o<\/strong><\/td>\n<td width=\"127\">(V)<\/td>\n<td width=\"109\">50Hz 3\u0278<\/td>\n<td width=\"354\">380<\/td>\n<\/tr>\n<tr>\n<td width=\"363\"><strong>Tipo de regula\u00e7\u00e3o da velocidade<\/strong><\/td>\n<td width=\"127\"><\/td>\n<td width=\"109\"><\/td>\n<td width=\"354\">Regula\u00e7\u00e3o de velocidade cont\u00ednua de frequ\u00eancia CA<\/td>\n<\/tr>\n<tr>\n<td colspan=\"4\" width=\"954\">Nota: Todas as especifica\u00e7\u00f5es s\u00e3o do equipamento padr\u00e3o, que pode ser alterado para atender \u00e0s necessidades dos clientes.<\/td>\n<\/tr>\n<\/tbody>\n<\/table>\n<p><iframe title=\"Leitor de v\u00eddeo do YouTube\" src=\"https:\/\/www.youtube.com\/embed\/ogA4Xe60nSw?si=kQldmzj4am4dQamH\" width=\"560\" height=\"315\" frameborder=\"0\" allowfullscreen=\"allowfullscreen\"><\/iframe><\/p>\n<p>O\u00a0<strong>Mesa girat\u00f3ria de soldadura WUXI ABK 20 toneladas<\/strong>\u00a0\u00e9 um\u00a0<strong>plataforma rotativa de precis\u00e3o<\/strong>\u00a0Concebido para\u00a0<strong>soldadura de pe\u00e7as m\u00e9dias a pesadas<\/strong>, incluindo\u00a0<strong>tubos, flanges e componentes estruturais<\/strong>. Apresentando\u00a0<strong>Rota\u00e7\u00e3o suave de 360<\/strong>\u00a0com\u00a0<strong>velocidade ajust\u00e1vel (1-10 RPM)<\/strong>, este\u00a0<strong>mesa girat\u00f3ria de n\u00edvel industrial<\/strong>\u00a0garante\u00a0<strong>qualidade consistente dos cord\u00f5es de soldadura<\/strong>\u00a0reduzindo o tempo de trabalho em\u00a0<strong>50%<\/strong>\u00a0em compara\u00e7\u00e3o com os m\u00e9todos manuais. Criado para\u00a0<strong>durabilidade e estabilidade<\/strong>, suporta\u00a0<strong>at\u00e9 20 toneladas<\/strong>\u00a0com\u00a0<strong>funcionamento sem vibra\u00e7\u00f5es<\/strong>.<\/p>\n<p><strong><b>Funca\u00e7\u00e3o tecnol\u00f3gica<\/b><\/strong><\/p>\n<table>\n<tbody>\n<tr>\n<td>- Conce\u00e7\u00e3o fi\u00e1vel<\/td>\n<td>- Qualidade fi\u00e1vel<\/td>\n<\/tr>\n<tr>\n<td>- Pe\u00e7as de renome<\/td>\n<td>- Controlo do inversor<\/td>\n<\/tr>\n<tr>\n<td>- Sistema de acionamento direto<\/td>\n<td>- Op\u00e7\u00e3o de desloca\u00e7\u00e3o motorizada<\/td>\n<\/tr>\n<tr>\n<td>- Desenho personalizado por encomenda<\/td>\n<td>- OEM<\/td>\n<\/tr>\n<\/tbody>\n<\/table>\n<p><img decoding=\"async\" src=\"https:\/\/www.weldmc.com\/wp-content\/uploads\/2025\/05\/Welding-Turntable-Technology-Funcation.png\" alt=\"Funca\u00e7\u00e3o da tecnologia da mesa girat\u00f3ria de soldadura\" \/><\/p>\n<p><strong><b>Lista de par\u00e2metros da mesa girat\u00f3ria de soldadura convencional\u00a0<\/b><\/strong><\/p>\n<p>&nbsp;<\/p>\n<p><img decoding=\"async\" src=\"https:\/\/www.weldmc.com\/wp-content\/uploads\/2025\/05\/Parameter-list-of-conventional-Welding-Turntable-.png\" alt=\"Lista de par\u00e2metros da mesa girat\u00f3ria de soldadura convencional\u00a0\" \/><\/p>\n<p class=\"ds-markdown-paragraph\"><strong>Carater\u00edsticas principais:<\/strong><\/p>\n<ul>\n<li>\n<p class=\"ds-markdown-paragraph\"><strong>Constru\u00e7\u00e3o em a\u00e7o para trabalhos pesados<\/strong>\u00a0com\u00a0<strong>6 nervuras de suporte de alta rigidez<\/strong>\u00a0(resist\u00eancia \u00e0 deforma\u00e7\u00e3o &lt;0,08mm\/m\u00b2)<\/p>\n<\/li>\n<li>\n<p class=\"ds-markdown-paragraph\"><strong>Transmiss\u00e3o de precis\u00e3o com parafuso sem-fim<\/strong>\u00a0(grau ISO 5, folga zero, vida \u00fatil superior a 10.000 horas)<\/p>\n<\/li>\n<li>\n<p class=\"ds-markdown-paragraph\"><strong>Mesa de trabalho com ranhuras em T em v\u00e1rias posi\u00e7\u00f5es<\/strong>\u00a0(6 ranhuras, 14 mm de largura, 5000 N de for\u00e7a de aperto por ranhura)<\/p>\n<\/li>\n<li>\n<p class=\"ds-markdown-paragraph\"><strong>Sistema de controlo inteligente<\/strong>\u00a0(ecr\u00e3 t\u00e1til HMI, lubrifica\u00e7\u00e3o autom\u00e1tica, prote\u00e7\u00e3o IP54)<\/p>\n<\/li>\n<li>\n<p class=\"ds-markdown-paragraph\"><strong>Base estabilizada<\/strong>\u00a0(placa de a\u00e7o de 200 mm, nivelamento de 8 pontos, absor\u00e7\u00e3o de vibra\u00e7\u00f5es &lt;0,01 mm)<\/p>\n<\/li>\n<\/ul>\n<p class=\"ds-markdown-paragraph\"><strong>Vantagens de desempenho:<\/strong><br \/>\n\u2713\u00a0<strong>40% configura\u00e7\u00e3o mais r\u00e1pida<\/strong>\u00a0com\u00a0<strong>funcionamento com um toque<\/strong><br \/>\n\u2713\u00a0<strong>60% redu\u00e7\u00e3o da deforma\u00e7\u00e3o da pe\u00e7a de trabalho<\/strong>\u00a0devido a\u00a0<strong>cord\u00f5es de soldadura de qualidade militar<\/strong><br \/>\n\u2713\u00a0<strong>30% vida \u00fatil mais longa<\/strong>\u00a0em compara\u00e7\u00e3o com gira-discos normais<\/p>\n<p class=\"ds-markdown-paragraph\"><strong>Aplica\u00e7\u00f5es:<\/strong><br \/>\n\u2714\u00a0<strong>Soldadura de tubos e flanges<\/strong><br \/>\n\u2714\u00a0<strong>Fabrico de estruturas met\u00e1licas<\/strong><br \/>\n\u2714\u00a0<strong>Conjunto do recipiente sob press\u00e3o<\/strong><br \/>\n\u2714\u00a0<strong>Produ\u00e7\u00e3o de componentes para m\u00e1quinas pesadas<\/strong><\/p>\n<p>1. Rolamento de roda<\/p>\n<p><img decoding=\"async\" src=\"https:\/\/www.weldmc.com\/wp-content\/uploads\/2025\/05\/Slewing-bearing.png\" alt=\"Rolamento de roda\" \/><\/p>\n<p>O rolamento de giro \u00e9 o elemento b\u00e1sico de for\u00e7a da m\u00e1quina, que requer rota\u00e7\u00e3o relativa entre todas as duas partes e suporta for\u00e7a axial, for\u00e7a radial e momento de tombamento ao mesmo tempo. Sua fun\u00e7\u00e3o b\u00e1sica \u00e9 usar parafusos para fix\u00e1-lo nos suportes superior e inferior do equipamento mec\u00e2nico para transmitir for\u00e7a e acionamento, de modo a realizar a rota\u00e7\u00e3o relativa entre as duas partes do equipamento mec\u00e2nico. Tem as carater\u00edsticas de estrutura compacta, peso leve, boa estrutura em a\u00e7o, funcionamento suave, elevada precis\u00e3o, seguran\u00e7a e fiabilidade.<br \/>\nO rolamento de giro \u00e9 uma parte b\u00e1sica do equipamento mec\u00e2nico e amplamente utilizado em v\u00e1rios sectores da economia nacional. \u00c9 amplamente utilizado em maquinaria de constru\u00e7\u00e3o, maquinaria portu\u00e1ria, maquinaria metal\u00fargica, maquinaria mineira, maquinaria petrol\u00edfera, maquinaria qu\u00edmica, equipamento m\u00e9dico, maquinaria naval, maquinaria industrial ligeira, maquinaria de prote\u00e7\u00e3o ambiental, equipamento de entretenimento, equipamento de maquinaria de transporte. Os suportes girat\u00f3rios s\u00e3o cada vez mais utilizados em projectos de poupan\u00e7a de energia e de prote\u00e7\u00e3o ambiental, tais como turbinas e\u00f3licas que requerem uma variedade de kits de precis\u00e3o de suporte girat\u00f3rio de p\u00f3los.<\/p>\n<ol start=\"2\">\n<li>Engrenagem<\/li>\n<\/ol>\n<p><img decoding=\"async\" src=\"https:\/\/www.weldmc.com\/wp-content\/uploads\/2025\/05\/Gear_1.png\" alt=\"Engrenagem_1\" \/><\/p>\n<p>A engrenagem \u00e9 uma pe\u00e7a mec\u00e2nica semelhante a uma roda que transmite o bin\u00e1rio atrav\u00e9s do encaixe dos dentes. Atrav\u00e9s da transmiss\u00e3o com outras pe\u00e7as mec\u00e2nicas dentadas (como outra engrenagem, cremalheira Dao e parafuso sem-fim), a engrenagem pode alterar a velocidade e o bin\u00e1rio, alterar a dire\u00e7\u00e3o do movimento e alterar a forma do movimento.<\/p>\n<p><img decoding=\"async\" src=\"https:\/\/www.weldmc.com\/wp-content\/uploads\/2025\/05\/Gear_2.png\" alt=\"Engrenagem_2\" \/><\/p>\n<p>3. redutor<\/p>\n<p><img decoding=\"async\" src=\"https:\/\/www.weldmc.com\/wp-content\/uploads\/2025\/05\/Reducer.png\" alt=\"Redutor\" \/><\/p>\n<p>O redutor \u00e9 um tipo de mecanismo de transmiss\u00e3o de energia, que utiliza o conversor de velocidade da engrenagem para reduzir o n\u00famero de rota\u00e7\u00e3o do motor para o n\u00famero de rota\u00e7\u00e3o necess\u00e1rio e obter uma estrutura com grande bin\u00e1rio.<\/p>\n<p>Fun\u00e7\u00e3o do redutor: Reduzir a velocidade e aumentar o bin\u00e1rio de sa\u00edda ao mesmo tempo. A rela\u00e7\u00e3o de sa\u00edda do bin\u00e1rio \u00e9 multiplicada pela rela\u00e7\u00e3o de desacelera\u00e7\u00e3o da sa\u00edda do motor, mas n\u00e3o deve exceder o bin\u00e1rio nominal do redutor. Ao mesmo tempo, a in\u00e9rcia do motor \u00e9 reduzida ao quadrado da rela\u00e7\u00e3o de desacelera\u00e7\u00e3o.<\/p>\n<p>4. Motor<\/p>\n<p><img decoding=\"async\" src=\"https:\/\/www.weldmc.com\/wp-content\/uploads\/2025\/05\/Motor_2.png\" alt=\"Motor_2\" \/> <img decoding=\"async\" src=\"https:\/\/www.weldmc.com\/wp-content\/uploads\/2025\/05\/Motor_1.png\" alt=\"Motor_1\" \/><\/p>\n<p><strong><b>Soldadura <\/b><\/strong><strong><b>Gira-discos<\/b><\/strong><strong><b>\u00a0Diretrizes de manuten\u00e7\u00e3o<\/b><\/strong><\/p>\n<p><strong><b>Conte\u00fados b\u00e1sicos de manuten\u00e7\u00e3o<\/b><\/strong><\/p>\n<p>Manuten\u00e7\u00e3o di\u00e1ria - limpeza das esc\u00f3rias de soldadura, controlo da lubrifica\u00e7\u00e3o e da seguran\u00e7a el\u00e9ctrica.<\/p>\n<p>Manuten\u00e7\u00e3o regular - apertar os parafusos, verificar o mecanismo de transmiss\u00e3o e testar a fun\u00e7\u00e3o de seguran\u00e7a.<\/p>\n<p>Manuten\u00e7\u00e3o profunda - substitui\u00e7\u00e3o anual de pe\u00e7as desgastadas, relubrifica\u00e7\u00e3o e calibra\u00e7\u00e3o do sistema<\/p>\n<p>Aviso pr\u00e9vio de avaria - Pare imediatamente quando ocorrer um ru\u00eddo anormal\/rota\u00e7\u00e3o irregular.<\/p>\n<p><strong><b>Manter o valor<\/b><\/strong><\/p>\n<ul>\n<li>Prolongar a vida \u00fatil do equipamento em mais de 30%<\/li>\n<li>Reduzir o tempo de inatividade s\u00fabito<\/li>\n<li>Assegurar a estabilidade da precis\u00e3o da soldadura.<\/li>\n<\/ul>\n<p><strong><b>Certifica\u00e7\u00e3o de produtos<\/b><\/strong><br \/>\nEntre no futuro da tecnologia de soldadura com as nossas solu\u00e7\u00f5es de ponta.<br \/>\nDesde processos automatizados a controlos intuitivos, os nossos produtos est\u00e3o na vanguarda da inova\u00e7\u00e3o, fornecendo-lhe as ferramentas de que necessita para se manter na vanguarda do mercado competitivo atual!<\/p>\n<p><img decoding=\"async\" src=\"https:\/\/www.weldmc.com\/wp-content\/uploads\/2025\/05\/Product-certification.png\" alt=\"Certifica\u00e7\u00e3o de produtos\" \/><\/p>\n<p>Wuxi ABK Machinery Co.Ltd \u00e9 um fabricante profissional de rotador de soldadura na China. E o nosso rotador de soldadura inclui principalmente rotador de soldadura padr\u00e3o, rotador de soldadura ajust\u00e1vel, e rotador de soldadura especial. N\u00f3s tamb\u00e9m podemos fornecer aos nossos clientes em todo o mundo muitos outros produtos, incluindo mesa girat\u00f3ria de solda, m\u00e1quina de solda de estaca, linha de produ\u00e7\u00e3o de torre e\u00f3lica, linha de solda de viga H, equipamento de solda de tubo, m\u00e1quina de corte CNC, m\u00e1quina de moagem, m\u00e1quina perfiladeira, m\u00e1quina dobradeira de placa, etc. N\u00f3s obtivemos certifica\u00e7\u00e3o ISO e CE, e tamb\u00e9m oferecemos servi\u00e7o OEM.<\/p>","protected":false},"excerpt":{"rendered":"<p><strong>Mesa girat\u00f3ria de soldadura WUXI ABK 20 toneladas<\/strong>\u00a0proporciona uma rota\u00e7\u00e3o precisa para o fabrico de trabalhos m\u00e9dios. Com uma estrutura de a\u00e7o robusta e um controlo de velocidade de 0,5-5 RPM, permite trabalhar com recipientes sob press\u00e3o, a\u00e7o estrutural e componentes de m\u00e1quinas. Com uma precis\u00e3o de \u00b10,2 mm e prote\u00e7\u00e3o IP54, esta mesa girat\u00f3ria com certifica\u00e7\u00e3o CE garante um desempenho fi\u00e1vel em ambientes industriais.<\/p>","protected":false},"featured_media":2047,"comment_status":"open","ping_status":"closed","template":"","meta":{"_acf_changed":false},"product_brand":[],"product_cat":[21,29,38],"product_tag":[],"class_list":{"0":"post-999","1":"product","2":"type-product","3":"status-publish","4":"has-post-thumbnail","6":"product_cat-welding-automation","7":"product_cat-welding-positioner","8":"product_cat-welding-turntable","10":"first","11":"instock","12":"shipping-taxable","13":"product-type-simple"},"acf":[],"_links":{"self":[{"href":"https:\/\/www.weldmc.com\/pt\/wp-json\/wp\/v2\/product\/999","targetHints":{"allow":["GET"]}}],"collection":[{"href":"https:\/\/www.weldmc.com\/pt\/wp-json\/wp\/v2\/product"}],"about":[{"href":"https:\/\/www.weldmc.com\/pt\/wp-json\/wp\/v2\/types\/product"}],"replies":[{"embeddable":true,"href":"https:\/\/www.weldmc.com\/pt\/wp-json\/wp\/v2\/comments?post=999"}],"wp:featuredmedia":[{"embeddable":true,"href":"https:\/\/www.weldmc.com\/pt\/wp-json\/wp\/v2\/media\/2047"}],"wp:attachment":[{"href":"https:\/\/www.weldmc.com\/pt\/wp-json\/wp\/v2\/media?parent=999"}],"wp:term":[{"taxonomy":"product_brand","embeddable":true,"href":"https:\/\/www.weldmc.com\/pt\/wp-json\/wp\/v2\/product_brand?post=999"},{"taxonomy":"product_cat","embeddable":true,"href":"https:\/\/www.weldmc.com\/pt\/wp-json\/wp\/v2\/product_cat?post=999"},{"taxonomy":"product_tag","embeddable":true,"href":"https:\/\/www.weldmc.com\/pt\/wp-json\/wp\/v2\/product_tag?post=999"}],"curies":[{"name":"wp","href":"https:\/\/api.w.org\/{rel}","templated":true}]}}