{"id":998,"date":"2025-05-25T01:06:31","date_gmt":"2025-05-24T17:06:31","guid":{"rendered":"http:\/\/111.170.148.214:8095\/?post_type=product&#038;p=998"},"modified":"2025-10-14T14:58:31","modified_gmt":"2025-10-14T06:58:31","slug":"maquina-giratoria-de-soldadura-10-toneladas","status":"publish","type":"product","link":"https:\/\/www.weldmc.com\/pt\/product\/maquina-giratoria-de-soldadura-10-toneladas\/","title":{"rendered":"M\u00e1quina girat\u00f3ria de soldadura 10 toneladas"},"content":{"rendered":"<p><strong><b>Equipamento de soldadura WUXI ABK: Solu\u00e7\u00f5es de rota\u00e7\u00e3o de precis\u00e3o<\/b><\/strong><\/p>\n<p><img fetchpriority=\"high\" decoding=\"async\" class=\"\" src=\"https:\/\/www.weldmc.com\/wp-content\/uploads\/2025\/05\/3cc87cef83089b4640b34d1f52f77d4.jpg\" alt=\"Plataforma girat\u00f3ria de soldadura\" width=\"706\" height=\"529\" \/><\/p>\n<p class=\"ds-markdown-paragraph\">O nosso\u00a0<strong>posicionador de soldadura<\/strong>\u00a0proporciona uma precis\u00e3o inigual\u00e1vel para\u00a0<strong>fabrico industrial<\/strong>, que inclui\u00a0<strong>rota\u00e7\u00e3o program\u00e1vel<\/strong>\u00a0(0,1-1,2 RPM) para acomodar diversas\u00a0<strong>aplica\u00e7\u00f5es de soldadura<\/strong>. Concebido com\u00a0<strong>concep\u00e7\u00f5es optimizadas em termos de carga<\/strong>, suporta capacidades padr\u00e3o de\u00a0<strong>1 a 50 toneladas<\/strong>com configura\u00e7\u00f5es personalizadas dispon\u00edveis para\u00a0<strong>automatiza\u00e7\u00e3o da soldadura<\/strong>\u00a0necessidades.<\/p>\n<p class=\"ds-markdown-paragraph\">O\u00a0<strong>mesa de trabalho modular<\/strong>\u00a0adapta-se a montagens que v\u00e3o desde\u00a0<strong>800mm a 6000mm de di\u00e2metro<\/strong>garantindo a compatibilidade com\u00a0<strong>recipientes sob press\u00e3o<\/strong>,\u00a0<strong>componentes estruturais em a\u00e7o<\/strong>e\u00a0<strong>grandes sistemas de tubagem<\/strong>. Com\u00a0<strong>Repetibilidade de \u00b10,5mm<\/strong>garante a precis\u00e3o\u00a0<strong>alinhamento das articula\u00e7\u00f5es<\/strong>, fundamental para\u00a0<strong>soldaduras de alta qualidade<\/strong>\u00a0em\u00a0<strong>aeroespacial<\/strong>,\u00a0<strong>constru\u00e7\u00e3o naval<\/strong>e\u00a0<strong>fabrico de maquinaria pesada<\/strong>.<\/p>\n<p><img decoding=\"async\" class=\"\" src=\"https:\/\/www.weldmc.com\/wp-content\/uploads\/2025\/05\/welding-turntabe_1.jpg\" alt=\"\" width=\"709\" height=\"531\" \/> <img decoding=\"async\" class=\"\" src=\"https:\/\/www.weldmc.com\/wp-content\/uploads\/2025\/05\/welding-turntabe_2.jpg\" alt=\"placa girat\u00f3ria de soldadura_30T\" width=\"709\" height=\"399\" \/><\/p>\n<p><strong><b>Implementa\u00e7\u00e3o industrial<\/b><\/strong><\/p>\n<p>A mesa girat\u00f3ria de soldadura tem fun\u00e7\u00f5es cr\u00edticas:<\/p>\n<ul>\n<li>Fabrico de recipientes cil\u00edndricos sob press\u00e3o<\/li>\n<li>Fabrico de componentes para o sector da energia<\/li>\n<li>Produ\u00e7\u00e3o de estruturas de a\u00e7o pesadas<\/li>\n<li>Aplica\u00e7\u00f5es na constru\u00e7\u00e3o naval<\/li>\n<\/ul>\n<p><img loading=\"lazy\" decoding=\"async\" class=\"\" src=\"https:\/\/www.weldmc.com\/wp-content\/uploads\/2025\/05\/Welding-Turntable-Technical-Advantages_3.png\" alt=\"Vantagens t\u00e9cnicas da mesa girat\u00f3ria de soldadura_3\" width=\"749\" height=\"516\" \/> <img decoding=\"async\" src=\"https:\/\/www.weldmc.com\/wp-content\/uploads\/2025\/05\/Welding-Turntable-Technical-Advantages_4.png\" alt=\"Vantagens t\u00e9cnicas da mesa girat\u00f3ria de soldadura_4\" \/><\/p>\n<p>Composi\u00e7\u00e3o mec\u00e2nica<\/p>\n<ul>\n<li>Base de apoio refor\u00e7ada com rolamentos de qualidade industrial<\/li>\n<li>Sistema de acionamento de frequ\u00eancia vari\u00e1vel<\/li>\n<li>Superf\u00edcies de montagem intermut\u00e1veis<\/li>\n<li>Op\u00e7\u00f5es de inv\u00f3lucro com classifica\u00e7\u00e3o de seguran\u00e7a<\/li>\n<\/ul>\n<p><img decoding=\"async\" src=\"https:\/\/www.weldmc.com\/wp-content\/uploads\/2025\/05\/Welding-Turntable-Technical-Advantages_5.png\" alt=\"Vantagens t\u00e9cnicas da mesa girat\u00f3ria de soldadura_5\" \/> <img decoding=\"async\" src=\"https:\/\/www.weldmc.com\/wp-content\/uploads\/2025\/05\/Welding-Turntable-Technical-Advantages_6.png\" alt=\"Vantagens t\u00e9cnicas da mesa girat\u00f3ria de soldadura_6\" \/><\/p>\n<p><strong><b>Servi\u00e7os de engenharia personalizados<\/b><\/strong><\/p>\n<p>WUXI ABK fornece:<\/p>\n<ul>\n<li>Tratamentos de superf\u00edcie especializados<\/li>\n<li>Sistemas automatizados de feedback de posi\u00e7\u00e3o<\/li>\n<li>Controlo integrado da qualidade<\/li>\n<li>Personaliza\u00e7\u00e3o da interface do operador<\/li>\n<\/ul>\n<p><img decoding=\"async\" src=\"https:\/\/www.weldmc.com\/wp-content\/uploads\/2025\/05\/Welding-Turntable-Technical-Advantages_7.png\" alt=\"Vantagens t\u00e9cnicas da mesa girat\u00f3ria de soldadura_7\" \/> <img loading=\"lazy\" decoding=\"async\" class=\"\" src=\"https:\/\/www.weldmc.com\/wp-content\/uploads\/2025\/05\/Welding-Turntable-Technical-Advantages_8.png\" alt=\"Vantagens t\u00e9cnicas da mesa girat\u00f3ria de soldadura_8\" width=\"706\" height=\"517\" \/><\/p>\n<p><strong><b>Excel\u00eancia na produ\u00e7\u00e3o<\/b><\/strong><\/p>\n<p>Os nossos sistemas de rota\u00e7\u00e3o s\u00e3o caracterizados por:<\/p>\n<ul>\n<li>Processos de produ\u00e7\u00e3o com certifica\u00e7\u00e3o ISO<\/li>\n<li>Teste de valida\u00e7\u00e3o do desempenho<\/li>\n<li>Cobertura de servi\u00e7o alargada<\/li>\n<li>Rede de suporte t\u00e9cnico global<\/li>\n<\/ul>\n<table>\n<tbody>\n<tr>\n<td colspan=\"3\" width=\"599\"><strong>Modelo<\/strong><\/td>\n<td width=\"354\"><strong>HB-<\/strong><strong>10<\/strong><strong>0<\/strong><\/td>\n<\/tr>\n<tr>\n<td width=\"363\"><strong>Capacidade de carga<\/strong><\/td>\n<td width=\"127\">(KG)<\/td>\n<td width=\"109\"><\/td>\n<td width=\"354\">10000<\/td>\n<\/tr>\n<tr>\n<td width=\"363\"><strong>Velocidade de rota\u00e7\u00e3o<\/strong><\/td>\n<td width=\"127\">(RPM)<\/td>\n<td width=\"109\"><\/td>\n<td width=\"354\">0.05-0.5<\/td>\n<\/tr>\n<tr>\n<td width=\"363\"><strong>Tamanho da mesa de trabalho<\/strong><strong>\u00a0Di\u00e2metro<\/strong><\/td>\n<td width=\"127\">(MM)<\/td>\n<td width=\"109\"><\/td>\n<td width=\"354\">2000<\/td>\n<\/tr>\n<tr>\n<td width=\"363\"><strong>P<\/strong><strong>torre<\/strong><\/td>\n<td width=\"127\">(KW)<\/td>\n<td width=\"109\"><\/td>\n<td width=\"354\">2.2<\/td>\n<\/tr>\n<tr>\n<td width=\"363\"><strong>Fonte de alimenta\u00e7\u00e3o<\/strong><\/td>\n<td width=\"127\">(V)<\/td>\n<td width=\"109\">50Hz 3\u0278<\/td>\n<td width=\"354\">380<\/td>\n<\/tr>\n<tr>\n<td width=\"363\"><strong>Tipo de regula\u00e7\u00e3o da velocidade<\/strong><\/td>\n<td width=\"127\"><\/td>\n<td width=\"109\"><\/td>\n<td width=\"354\">Regula\u00e7\u00e3o de velocidade cont\u00ednua de frequ\u00eancia CA<\/td>\n<\/tr>\n<tr>\n<td colspan=\"4\" width=\"954\">Nota: Todas as especifica\u00e7\u00f5es s\u00e3o do equipamento padr\u00e3o, que pode ser alterado para atender \u00e0s necessidades dos clientes.<\/td>\n<\/tr>\n<\/tbody>\n<\/table>\n<p><iframe title=\"Leitor de v\u00eddeo do YouTube\" src=\"https:\/\/www.youtube.com\/embed\/ogA4Xe60nSw?si=kQldmzj4am4dQamH\" width=\"560\" height=\"315\" frameborder=\"0\" allowfullscreen=\"allowfullscreen\"><\/iframe><\/p>\n<p><strong><b>Descri\u00e7\u00e3o da soldadura <\/b><\/strong><strong><b>Gira-discos<\/b><\/strong><\/p>\n<p>Uma plataforma rotativa de precis\u00e3o para soldar pe\u00e7as de trabalho pequenas e m\u00e9dias, como tubos, flanges e estruturas met\u00e1licas.<\/p>\n<p>Rota\u00e7\u00e3o suave de 360\u00b0 - Soldar todos os lados sem reposicionamento<\/p>\n<p>Velocidade ajust\u00e1vel (1-10 RPM) para uma consist\u00eancia de costura perfeita<\/p>\n<p>Constru\u00e7\u00e3o resistente - Suporta at\u00e9 500 kg com um funcionamento est\u00e1vel<\/p>\n<p>Poupan\u00e7a de tempo - Reduz o trabalho de soldadura em 50% em compara\u00e7\u00e3o com os m\u00e9todos manuais<\/p>\n<p><strong><b>Funca\u00e7\u00e3o tecnol\u00f3gica<\/b><\/strong><\/p>\n<table>\n<tbody>\n<tr>\n<td>- Conce\u00e7\u00e3o fi\u00e1vel<\/td>\n<td>- Qualidade fi\u00e1vel<\/td>\n<\/tr>\n<tr>\n<td>- Pe\u00e7as de renome<\/td>\n<td>- Controlo do inversor<\/td>\n<\/tr>\n<tr>\n<td>- Sistema de acionamento direto<\/td>\n<td>- Op\u00e7\u00e3o de desloca\u00e7\u00e3o motorizada<\/td>\n<\/tr>\n<tr>\n<td>- Desenho personalizado por encomenda<\/td>\n<td>- OEM<\/td>\n<\/tr>\n<\/tbody>\n<\/table>\n<p><img decoding=\"async\" src=\"https:\/\/www.weldmc.com\/wp-content\/uploads\/2025\/05\/Welding-Turntable-Technology-Funcation.png\" alt=\"Funca\u00e7\u00e3o da tecnologia da mesa girat\u00f3ria de soldadura\" \/><\/p>\n<p><strong><b>Lista de par\u00e2metros da mesa girat\u00f3ria de soldadura convencional\u00a0<\/b><\/strong><\/p>\n<p><img decoding=\"async\" src=\"https:\/\/www.weldmc.com\/wp-content\/uploads\/2025\/05\/Parameter-list-of-conventional-Welding-Turntable-.png\" alt=\"Lista de par\u00e2metros da mesa girat\u00f3ria de soldadura convencional\u00a0\" \/><\/p>\n<p class=\"ds-markdown-paragraph\">O\u00a0<strong>Plataforma girat\u00f3ria de soldadura WUXI ABK de 10 toneladas<\/strong>\u00a0foi concebido para ser preciso\u00a0<strong>automatiza\u00e7\u00e3o da soldadura<\/strong>\u00a0no fabrico industrial, com um\u00a0<strong>mesa de trabalho com ranhuras em T multi-posi\u00e7\u00f5es<\/strong>\u00a0com seis ranhuras resistentes de 14 mm (5000 N de for\u00e7a de aperto cada) para uma fixa\u00e7\u00e3o segura da pe\u00e7a de trabalho. A sua\u00a0<strong>constru\u00e7\u00e3o em a\u00e7o refor\u00e7ado<\/strong>\u00a0incorpora seis nervuras de suporte de alta rigidez e costuras de soldadura de n\u00edvel militar, garantindo\u00a0<strong>Resist\u00eancia \u00e0 deforma\u00e7\u00e3o &lt;0,08mm\/m\u00b2<\/strong>\u00a0sob carga.<\/p>\n<p class=\"ds-markdown-paragraph\">O\u00a0<strong>transmiss\u00e3o de rosca sem-fim premium<\/strong>\u00a0entrega\u00a0<strong>Precis\u00e3o de grau ISO 5<\/strong>\u00a0com funcionamento sem folga, apoiado por um\u00a0<strong>Mais de 10.000 horas de vida \u00fatil<\/strong>. O\u00a0<strong>regula\u00e7\u00e3o de velocidade cont\u00ednua<\/strong>\u00a0(0,5-15 RPM, precis\u00e3o \u00b11%) \u00e9 controlado atrav\u00e9s de um\u00a0<strong>painel digital inteligente<\/strong>, enquanto o\u00a0<strong>base estabilizada para servi\u00e7o pesado<\/strong>\u00a0(placa de a\u00e7o de 200 mm, nivelamento de 8 pontos) minimiza a vibra\u00e7\u00e3o (&lt;0,01 mm).<\/p>\n<p class=\"ds-markdown-paragraph\"><strong>Principais vantagens da automatiza\u00e7\u00e3o da soldadura:<\/strong><\/p>\n<ul>\n<li>\n<p class=\"ds-markdown-paragraph\"><strong>40% configura\u00e7\u00e3o mais r\u00e1pida<\/strong>\u00a0com opera\u00e7\u00e3o de um toque<\/p>\n<\/li>\n<li>\n<p class=\"ds-markdown-paragraph\"><strong>60% menor deforma\u00e7\u00e3o da pe\u00e7a de trabalho<\/strong>\u00a0vs. gira-discos convencionais<\/p>\n<\/li>\n<li>\n<p class=\"ds-markdown-paragraph\"><strong>Vida \u00fatil prolongada do 30%<\/strong>\u00a0com alertas de lubrifica\u00e7\u00e3o autom\u00e1tica<\/p>\n<\/li>\n<\/ul>\n<p class=\"ds-markdown-paragraph\"><strong>Ideal para:<\/strong><br \/>\n\u2714\u00a0<strong>C\u00e9lulas de soldadura robotizadas<\/strong><br \/>\n\u2714\u00a0<strong>Fabrico de flanges para tubos<\/strong><br \/>\n\u2714\u00a0<strong>Montagem em a\u00e7o estrutural<\/strong><br \/>\n\u2714\u00a0<strong>Fabrico de recipientes sob press\u00e3o<\/strong><\/p>\n<p>1. Rolamento de roda<\/p>\n<p><img decoding=\"async\" src=\"https:\/\/www.weldmc.com\/wp-content\/uploads\/2025\/05\/Slewing-bearing.png\" alt=\"Rolamento de roda\" \/><\/p>\n<p>O rolamento de giro \u00e9 o elemento b\u00e1sico de for\u00e7a da m\u00e1quina, que requer rota\u00e7\u00e3o relativa entre todas as duas partes e suporta for\u00e7a axial, for\u00e7a radial e momento de tombamento ao mesmo tempo. Sua fun\u00e7\u00e3o b\u00e1sica \u00e9 usar parafusos para fix\u00e1-lo nos suportes superior e inferior do equipamento mec\u00e2nico para transmitir for\u00e7a e acionamento, de modo a realizar a rota\u00e7\u00e3o relativa entre as duas partes do equipamento mec\u00e2nico. Tem as carater\u00edsticas de estrutura compacta, peso leve, boa estrutura em a\u00e7o, funcionamento suave, elevada precis\u00e3o, seguran\u00e7a e fiabilidade.<br \/>\nO rolamento de giro \u00e9 uma parte b\u00e1sica do equipamento mec\u00e2nico e amplamente utilizado em v\u00e1rios sectores da economia nacional. \u00c9 amplamente utilizado em maquinaria de constru\u00e7\u00e3o, maquinaria portu\u00e1ria, maquinaria metal\u00fargica, maquinaria mineira, maquinaria petrol\u00edfera, maquinaria qu\u00edmica, equipamento m\u00e9dico, maquinaria naval, maquinaria industrial ligeira, maquinaria de prote\u00e7\u00e3o ambiental, equipamento de entretenimento, equipamento de maquinaria de transporte. Os suportes girat\u00f3rios s\u00e3o cada vez mais utilizados em projectos de poupan\u00e7a de energia e de prote\u00e7\u00e3o ambiental, tais como turbinas e\u00f3licas que requerem uma variedade de kits de precis\u00e3o de suporte girat\u00f3rio de p\u00f3los.<\/p>\n<ol start=\"2\">\n<li>Engrenagem<\/li>\n<\/ol>\n<p><img decoding=\"async\" src=\"https:\/\/www.weldmc.com\/wp-content\/uploads\/2025\/05\/Gear_1.png\" alt=\"Engrenagem_1\" \/><\/p>\n<p>A engrenagem \u00e9 uma pe\u00e7a mec\u00e2nica semelhante a uma roda que transmite o bin\u00e1rio atrav\u00e9s do encaixe dos dentes. Atrav\u00e9s da transmiss\u00e3o com outras pe\u00e7as mec\u00e2nicas dentadas (como outra engrenagem, cremalheira Dao e parafuso sem-fim), a engrenagem pode alterar a velocidade e o bin\u00e1rio, alterar a dire\u00e7\u00e3o do movimento e alterar a forma do movimento.<\/p>\n<p><img decoding=\"async\" src=\"https:\/\/www.weldmc.com\/wp-content\/uploads\/2025\/05\/Gear_2.png\" alt=\"Engrenagem_2\" \/><\/p>\n<p>3. redutor<\/p>\n<p><img decoding=\"async\" src=\"https:\/\/www.weldmc.com\/wp-content\/uploads\/2025\/05\/Reducer-1.png\" alt=\"Redutor\" \/><\/p>\n<p>O redutor \u00e9 um tipo de mecanismo de transmiss\u00e3o de energia, que utiliza o conversor de velocidade da engrenagem para reduzir o n\u00famero de rota\u00e7\u00e3o do motor para o n\u00famero de rota\u00e7\u00e3o necess\u00e1rio e obter uma estrutura com grande bin\u00e1rio.<\/p>\n<p>Fun\u00e7\u00e3o do redutor: Reduzir a velocidade e aumentar o bin\u00e1rio de sa\u00edda ao mesmo tempo. A rela\u00e7\u00e3o de sa\u00edda do bin\u00e1rio \u00e9 multiplicada pela rela\u00e7\u00e3o de desacelera\u00e7\u00e3o da sa\u00edda do motor, mas n\u00e3o deve exceder o bin\u00e1rio nominal do redutor. Ao mesmo tempo, a in\u00e9rcia do motor \u00e9 reduzida ao quadrado da rela\u00e7\u00e3o de desacelera\u00e7\u00e3o.<\/p>\n<p>4. Motor<\/p>\n<p><img decoding=\"async\" src=\"https:\/\/www.weldmc.com\/wp-content\/uploads\/2025\/05\/Motor_2.png\" alt=\"Motor_2\" \/> <img decoding=\"async\" src=\"https:\/\/www.weldmc.com\/wp-content\/uploads\/2025\/05\/Motor_1.png\" alt=\"Motor_1\" \/><\/p>\n<p><strong><b>Soldadura <\/b><\/strong><strong><b>Gira-discos<\/b><\/strong><strong><b>\u00a0Diretrizes de manuten\u00e7\u00e3o<\/b><\/strong><\/p>\n<p><strong><b>Conte\u00fados b\u00e1sicos de manuten\u00e7\u00e3o<\/b><\/strong><\/p>\n<p>Manuten\u00e7\u00e3o di\u00e1ria - limpeza das esc\u00f3rias de soldadura, controlo da lubrifica\u00e7\u00e3o e da seguran\u00e7a el\u00e9ctrica.<\/p>\n<p>Manuten\u00e7\u00e3o regular - apertar os parafusos, verificar o mecanismo de transmiss\u00e3o e testar a fun\u00e7\u00e3o de seguran\u00e7a.<\/p>\n<p>Manuten\u00e7\u00e3o profunda - substitui\u00e7\u00e3o anual de pe\u00e7as desgastadas, relubrifica\u00e7\u00e3o e calibra\u00e7\u00e3o do sistema<\/p>\n<p>Aviso pr\u00e9vio de avaria - Pare imediatamente quando ocorrer um ru\u00eddo anormal\/rota\u00e7\u00e3o irregular.<\/p>\n<p><strong><b>Manter o valor<\/b><\/strong><\/p>\n<ul>\n<li>Prolongar a vida \u00fatil do equipamento em mais de 30%<\/li>\n<li>Reduzir o tempo de inatividade s\u00fabito<\/li>\n<li>Assegurar a estabilidade da precis\u00e3o da soldadura.<\/li>\n<\/ul>\n<p><strong><b>Certifica\u00e7\u00e3o de produtos<\/b><\/strong><br \/>\nEntre no futuro da tecnologia de soldadura com as nossas solu\u00e7\u00f5es de ponta.<br \/>\nDesde processos automatizados a controlos intuitivos, os nossos produtos est\u00e3o na vanguarda da inova\u00e7\u00e3o, fornecendo-lhe as ferramentas de que necessita para se manter na vanguarda do mercado competitivo atual!<\/p>\n<p><img decoding=\"async\" src=\"https:\/\/www.weldmc.com\/wp-content\/uploads\/2025\/05\/Product-certification.png\" alt=\"Certifica\u00e7\u00e3o de produtos\" \/><\/p>\n<p>Wuxi ABK Machinery Co.Ltd \u00e9 um fabricante profissional de rotador de soldadura na China. E o nosso rotador de soldadura inclui principalmente rotador de soldadura padr\u00e3o, rotador de soldadura ajust\u00e1vel, e rotador de soldadura especial. N\u00f3s tamb\u00e9m podemos fornecer aos nossos clientes em todo o mundo muitos outros produtos, incluindo mesa girat\u00f3ria de solda, m\u00e1quina de solda de estaca, linha de produ\u00e7\u00e3o de torre e\u00f3lica, linha de solda de viga H, equipamento de solda de tubo, m\u00e1quina de corte CNC, m\u00e1quina de moagem, m\u00e1quina perfiladeira, m\u00e1quina dobradeira de placa, etc. N\u00f3s obtivemos certifica\u00e7\u00e3o ISO e CE, e tamb\u00e9m oferecemos servi\u00e7o OEM.<\/p>","protected":false},"excerpt":{"rendered":"<p><strong>Plataforma girat\u00f3ria de soldadura WUXI ABK de 10 toneladas<\/strong>\u00a0proporciona uma rota\u00e7\u00e3o precisa com controlo de velocidade cont\u00ednuo de 0,5-15 RPM. Inclui uma mesa de trabalho com ranhura em T para trabalhos pesados (5000N\/ranhura), engrenagem sem-fim de grau ISO e base sem vibra\u00e7\u00f5es. Ideal para soldadura robotizada e fabrico de estruturas. Precis\u00e3o de velocidade \u00b11%, deforma\u00e7\u00e3o &lt;0,08mm\/m\u00b2. Garantia de 2 anos.<\/p>","protected":false},"featured_media":2056,"comment_status":"open","ping_status":"closed","template":"","meta":{"_acf_changed":false},"product_brand":[],"product_cat":[21,29,38],"product_tag":[],"class_list":{"0":"post-998","1":"product","2":"type-product","3":"status-publish","4":"has-post-thumbnail","6":"product_cat-welding-automation","7":"product_cat-welding-positioner","8":"product_cat-welding-turntable","10":"first","11":"instock","12":"shipping-taxable","13":"product-type-simple"},"acf":[],"_links":{"self":[{"href":"https:\/\/www.weldmc.com\/pt\/wp-json\/wp\/v2\/product\/998","targetHints":{"allow":["GET"]}}],"collection":[{"href":"https:\/\/www.weldmc.com\/pt\/wp-json\/wp\/v2\/product"}],"about":[{"href":"https:\/\/www.weldmc.com\/pt\/wp-json\/wp\/v2\/types\/product"}],"replies":[{"embeddable":true,"href":"https:\/\/www.weldmc.com\/pt\/wp-json\/wp\/v2\/comments?post=998"}],"wp:featuredmedia":[{"embeddable":true,"href":"https:\/\/www.weldmc.com\/pt\/wp-json\/wp\/v2\/media\/2056"}],"wp:attachment":[{"href":"https:\/\/www.weldmc.com\/pt\/wp-json\/wp\/v2\/media?parent=998"}],"wp:term":[{"taxonomy":"product_brand","embeddable":true,"href":"https:\/\/www.weldmc.com\/pt\/wp-json\/wp\/v2\/product_brand?post=998"},{"taxonomy":"product_cat","embeddable":true,"href":"https:\/\/www.weldmc.com\/pt\/wp-json\/wp\/v2\/product_cat?post=998"},{"taxonomy":"product_tag","embeddable":true,"href":"https:\/\/www.weldmc.com\/pt\/wp-json\/wp\/v2\/product_tag?post=998"}],"curies":[{"name":"wp","href":"https:\/\/api.w.org\/{rel}","templated":true}]}}