{"id":974,"date":"2025-05-24T23:54:15","date_gmt":"2025-05-24T15:54:15","guid":{"rendered":"http:\/\/111.170.148.214:8095\/?post_type=product&#038;p=974"},"modified":"2025-10-14T15:03:13","modified_gmt":"2025-10-14T07:03:13","slug":"maquina-posicionadora-em-forma-de-l-3-toneladas","status":"publish","type":"product","link":"https:\/\/www.weldmc.com\/pt\/product\/maquina-posicionadora-em-forma-de-l-3-toneladas\/","title":{"rendered":"M\u00e1quina posicionadora em forma de L 3 TONS"},"content":{"rendered":"<h4>Posicionador de soldadura LHBJ-30<\/h4>\n<p><iframe title=\"Leitor de v\u00eddeo do YouTube\" src=\"https:\/\/www.youtube.com\/embed\/Ci4QdMo5Qkg?si=2Im1-Qb7S9Z9XMFG\" width=\"560\" height=\"315\" frameborder=\"0\" allowfullscreen=\"allowfullscreen\"><\/iframe><\/p>\n<table>\n<tbody>\n<tr>\n<td colspan=\"3\" width=\"470\"><strong>Modelo<\/strong><\/td>\n<td width=\"430\"><strong>L<\/strong><strong>HBJ-<\/strong><strong>30 com eleva\u00e7\u00e3o<\/strong><\/td>\n<\/tr>\n<tr>\n<td width=\"313\"><strong>Capacidade de carga<\/strong><\/td>\n<td width=\"71\">(KG)<\/td>\n<td width=\"85\"><\/td>\n<td width=\"430\">3000<\/td>\n<\/tr>\n<tr>\n<td width=\"313\"><strong>Velocidade de rota\u00e7\u00e3o<\/strong><\/td>\n<td width=\"71\">(RPM)<\/td>\n<td width=\"85\"><\/td>\n<td width=\"430\">0.05-0.5<\/td>\n<\/tr>\n<tr>\n<td width=\"313\"><strong>\u00a0Velocidade de rota\u00e7\u00e3o<\/strong><\/td>\n<td width=\"71\">(RPM)<\/td>\n<td width=\"85\"><\/td>\n<td width=\"430\">0.2<\/td>\n<\/tr>\n<tr>\n<td width=\"313\"><strong>\u00c2ngulo de rota\u00e7\u00e3o<\/strong><\/td>\n<td width=\"71\">(\u00b0)<\/td>\n<td width=\"85\"><\/td>\n<td width=\"430\">0-120<\/td>\n<\/tr>\n<tr>\n<td width=\"313\"><strong>Rota\u00e7\u00e3o A<\/strong><strong>ngle<\/strong><\/td>\n<td width=\"71\">(\u00b0)<\/td>\n<td width=\"85\"><\/td>\n<td width=\"430\">0~360<\/td>\n<\/tr>\n<tr>\n<td width=\"313\"><strong>Tamanho da mesa de trabalho<\/strong><strong>\u00a0Di\u00e2metro<\/strong><\/td>\n<td width=\"71\">(MM)<\/td>\n<td width=\"85\"><\/td>\n<td width=\"430\">1500<\/td>\n<\/tr>\n<tr>\n<td width=\"313\"><strong>L comprimento do suporte<\/strong><\/td>\n<td width=\"71\">(MM)<\/td>\n<td width=\"85\"><\/td>\n<td width=\"430\">800<\/td>\n<\/tr>\n<tr>\n<td width=\"313\"><strong>Altura m\u00ednima da mesa de trabalho<\/strong><\/td>\n<td width=\"71\">(MM)<\/td>\n<td width=\"85\"><\/td>\n<td width=\"430\">1000<\/td>\n<\/tr>\n<tr>\n<td width=\"313\"><strong>Altura m\u00e1xima da mesa de trabalho<\/strong><\/td>\n<td width=\"71\">(MM)<\/td>\n<td width=\"85\"><\/td>\n<td width=\"430\">2000<\/td>\n<\/tr>\n<tr>\n<td width=\"313\"><strong>Fonte de alimenta\u00e7\u00e3o<\/strong><\/td>\n<td width=\"71\">(V)<\/td>\n<td width=\"85\">50Hz 3\u0278<\/td>\n<td width=\"430\">380 (Determinado de acordo com as necessidades do cliente)<\/td>\n<\/tr>\n<tr>\n<td width=\"313\"><strong>Tipo de regula\u00e7\u00e3o da velocidade<\/strong><\/td>\n<td width=\"71\"><\/td>\n<td width=\"85\"><\/td>\n<td width=\"430\">Regula\u00e7\u00e3o de velocidade cont\u00ednua de frequ\u00eancia CA<\/td>\n<\/tr>\n<tr>\n<td colspan=\"4\" width=\"900\">Nota: Todas as especifica\u00e7\u00f5es s\u00e3o do equipamento padr\u00e3o, que pode ser alterado para atender \u00e0s necessidades dos clientes.<\/td>\n<\/tr>\n<\/tbody>\n<\/table>\n<p>1. Rolamento de roda<\/p>\n<p><img decoding=\"async\" src=\"https:\/\/www.weldmc.com\/wp-content\/uploads\/2025\/05\/Slewing-bearing.png\" alt=\"Rolamento de roda\" \/><\/p>\n<p>O rolamento de giro \u00e9 um componente cr\u00edtico de suporte de carga que permite a rota\u00e7\u00e3o relativa entre as pe\u00e7as da m\u00e1quina e, ao mesmo tempo, lida com as for\u00e7as axiais, radiais e de momento de tombamento. O seu design compacto e leve, fabricado em liga de a\u00e7o de alta resist\u00eancia, assegura um funcionamento suave com elevada precis\u00e3o (\u00b10,05\u00b0 de precis\u00e3o de rota\u00e7\u00e3o) e uma longa vida \u00fatil. As principais configura\u00e7\u00f5es incluem orif\u00edcios para parafusos de montagem, engrenagens internas\/externas opcionais, portas de lubrifica\u00e7\u00e3o e sistemas de veda\u00e7\u00e3o para maior fiabilidade. Com uma gama de di\u00e2metros de 300-5000mm e capacidade de carga at\u00e9 50.000kN, \u00e9 amplamente utilizado em maquinaria de constru\u00e7\u00e3o, turbinas e\u00f3licas, gruas e equipamento militar. Est\u00e3o dispon\u00edveis projectos personalizados para aplica\u00e7\u00f5es especializadas.<\/p>\n<ol start=\"2\">\n<li>Engrenagem<\/li>\n<\/ol>\n<p>1). Marcha atr\u00e1s<\/p>\n<p><img decoding=\"async\" src=\"https:\/\/www.weldmc.com\/wp-content\/uploads\/2025\/05\/Reverse-gear.png\" alt=\"Marcha atr\u00e1s\" \/><\/p>\n<p>Geralmente, o \u00e2ngulo de viragem da engrenagem de viragem \u00e9 de 0 \u00b0 a 90 \u00b0. A fun\u00e7\u00e3o de desloca\u00e7\u00e3o \u00e9 conseguida rodando a mesa.<\/p>\n<p>2). Marcha atr\u00e1s<\/p>\n<p><img fetchpriority=\"high\" decoding=\"async\" class=\"\" src=\"https:\/\/www.weldmc.com\/wp-content\/uploads\/2025\/05\/Reverse-gear_1.png\" alt=\"Marcha atr\u00e1s_1\" width=\"312\" height=\"234\" \/> <img decoding=\"async\" class=\"\" src=\"https:\/\/www.weldmc.com\/wp-content\/uploads\/2025\/05\/Reverse-gear_2.png\" alt=\"Marcha atr\u00e1s_2\" width=\"314\" height=\"235\" \/> <img decoding=\"async\" class=\"\" src=\"https:\/\/www.weldmc.com\/wp-content\/uploads\/2025\/05\/Reverse-gear_3.png\" alt=\"Marcha atr\u00e1s_3\" width=\"314\" height=\"236\" \/><\/p>\n<p>As engrenagens s\u00e3o componentes mec\u00e2nicos dentados que transmitem o bin\u00e1rio atrav\u00e9s do engrenamento com outros elementos de engrenagem, como cremalheiras, parafusos sem-fim ou engrenagens adicionais, permitindo um controlo preciso da transmiss\u00e3o de pot\u00eancia, modificando as rela\u00e7\u00f5es velocidade\/torque, redireccionando as traject\u00f3rias de movimento e convertendo os tipos de movimento (por exemplo, rotativo em linear). A sua conce\u00e7\u00e3o de dentes interligados proporciona uma transfer\u00eancia de for\u00e7a fi\u00e1vel, ao mesmo tempo que permite uma vantagem mec\u00e2nica personaliz\u00e1vel em v\u00e1rias aplica\u00e7\u00f5es industriais.<\/p>\n<p>3. redutor<\/p>\n<p><img decoding=\"async\" src=\"https:\/\/www.weldmc.com\/wp-content\/uploads\/2025\/05\/Reducer-1.png\" alt=\"Redutor\" \/><\/p>\n<p>Os redutores s\u00e3o dispositivos mec\u00e2nicos de transmiss\u00e3o de pot\u00eancia que utilizam sistemas de engrenagens de precis\u00e3o para reduzir a velocidade de entrada e aumentar proporcionalmente o bin\u00e1rio de sa\u00edda, sendo o bin\u00e1rio de sa\u00edda o produto do bin\u00e1rio do motor e da rela\u00e7\u00e3o de transmiss\u00e3o (sem exceder a capacidade nominal do redutor). Estes sistemas diminuem simultaneamente a in\u00e9rcia da carga pelo quadrado da rela\u00e7\u00e3o de redu\u00e7\u00e3o, permitindo uma convers\u00e3o de pot\u00eancia optimizada para v\u00e1rias aplica\u00e7\u00f5es industriais atrav\u00e9s de um engrenamento eficiente.<\/p>\n<p><img decoding=\"async\" src=\"https:\/\/www.weldmc.com\/wp-content\/uploads\/2025\/05\/Motor_2.png\" alt=\"Motor_2\" \/> <img decoding=\"async\" src=\"https:\/\/www.weldmc.com\/wp-content\/uploads\/2025\/05\/Motor_1.png\" alt=\"Motor_1\" \/><\/p>\n<p class=\"ds-markdown-paragraph\">O nosso\u00a0<strong>Posicionador de soldadura tipo L<\/strong>\u00a0assegura a fiabilidade a longo prazo atrav\u00e9s de uma manuten\u00e7\u00e3o adequada. Para o funcionamento di\u00e1rio, remover\u00a0<strong>esc\u00f3ria de soldadura<\/strong>\u00a0e verificar\u00a0<strong>n\u00edveis de lubrifica\u00e7\u00e3o<\/strong>\u00a0durante a inspe\u00e7\u00e3o\u00a0<strong>componentes de seguran\u00e7a el\u00e9ctrica<\/strong>. Os procedimentos mensais incluem:<\/p>\n<ul>\n<li>\n<p class=\"ds-markdown-paragraph\">Aperto\u00a0<strong>parafusos de montagem do posicionador<\/strong><\/p>\n<\/li>\n<li>\n<p class=\"ds-markdown-paragraph\">Examinar\u00a0<strong>mecanismos de transmiss\u00e3o de engrenagens<\/strong><\/p>\n<\/li>\n<li>\n<p class=\"ds-markdown-paragraph\">Ensaios\u00a0<strong>fun\u00e7\u00f5es de paragem de emerg\u00eancia<\/strong><\/p>\n<\/li>\n<\/ul>\n<p class=\"ds-markdown-paragraph\">\u00c9 necess\u00e1ria uma manuten\u00e7\u00e3o profunda anual:<br \/>\nSubstitui\u00e7\u00e3o de\u00a0<strong>pe\u00e7as sujeitas a desgaste<\/strong>\u00a0no\u00a0<strong>mesa rotativa<\/strong><br \/>\n\u2713 Completo\u00a0<strong>relubrifica\u00e7\u00e3o de rolamentos<\/strong><br \/>\n\u2713 Completo\u00a0<strong>recalibra\u00e7\u00e3o do sistema<\/strong>\u00a0para manter \u00b10,5\u00b0\u00a0<strong>precis\u00e3o de posicionamento<\/strong><\/p>\n<p class=\"ds-markdown-paragraph\">Alertas operacionais cr\u00edticos:<br \/>\nEncerramento imediato ao detetar\u00a0<strong>ru\u00eddo anormal da engrenagem<\/strong><br \/>\nInspe\u00e7\u00e3o profissional para\u00a0<strong>rota\u00e7\u00e3o irregular<\/strong>\u00a0padr\u00f5es<\/p>\n<p class=\"ds-markdown-paragraph\">Este protocolo de manuten\u00e7\u00e3o permite:<\/p>\n<ul>\n<li>\n<p class=\"ds-markdown-paragraph\"><strong>30% vida \u00fatil prolongada<\/strong>\u00a0para\u00a0<strong>mesa girat\u00f3ria de soldadura<\/strong>\u00a0componentes<\/p>\n<\/li>\n<li>\n<p class=\"ds-markdown-paragraph\"><strong>Redu\u00e7\u00e3o 50%<\/strong>\u00a0em tempo de inatividade n\u00e3o planeado<\/p>\n<\/li>\n<li>\n<p class=\"ds-markdown-paragraph\">Consistente\u00a0<strong>precis\u00e3o da junta de soldadura<\/strong>\u00a0para\u00a0<strong>soldadura automatizada<\/strong>\u00a0aplica\u00e7\u00f5es<\/p>\n<\/li>\n<\/ul>\n<p class=\"ds-markdown-paragraph\"><strong>Certifica\u00e7\u00e3o e tecnologia<\/strong><br \/>\nO\u00a0<strong>Posicionador tipo L de 3TONS<\/strong>\u00a0transporta\u00a0<strong>Certifica\u00e7\u00e3o CE\/ISO<\/strong>\u00a0e incorpora:<\/p>\n<ul>\n<li>\n<p class=\"ds-markdown-paragraph\"><strong>Constru\u00e7\u00e3o robusta em a\u00e7o fundido<\/strong>\u00a0(op\u00e7\u00f5es de capacidade de 5-400 toneladas)<\/p>\n<\/li>\n<li>\n<p class=\"ds-markdown-paragraph\"><strong>Engrenagem sem-fim de precis\u00e3o<\/strong>\u00a0para\u00a0<strong>posicionamento pesado<\/strong><\/p>\n<\/li>\n<li>\n<p class=\"ds-markdown-paragraph\"><strong>Controlos integrados no PLC<\/strong>\u00a0compat\u00edvel com\u00a0<strong>c\u00e9lulas de soldadura robotizadas<\/strong><\/p>\n<\/li>\n<\/ul>\n<p class=\"ds-markdown-paragraph\"><strong>Aplica\u00e7\u00f5es do sector<\/strong>:<br \/>\n\u2714\u00a0<strong>Fabrico de recipientes sob press\u00e3o<\/strong><br \/>\n\u2714\u00a0<strong>Soldadura de a\u00e7o estrutural<\/strong><br \/>\n\u2714\u00a0<strong>Montagem de componentes de torres e\u00f3licas<\/strong><\/p>\n<p><img decoding=\"async\" src=\"https:\/\/www.weldmc.com\/wp-content\/uploads\/2025\/05\/Product-certification.png\" alt=\"Certifica\u00e7\u00e3o de produtos\" \/><br \/>\nWuxi ABK Machinery Co.Ltd \u00e9 um fabricante profissional de rotador de soldadura na China. E o nosso rotador de soldadura inclui principalmente rotador de soldadura padr\u00e3o, rotador de soldadura ajust\u00e1vel, e rotador de soldadura especial. N\u00f3s tamb\u00e9m podemos fornecer aos nossos clientes em todo o mundo muitos outros produtos, incluindo mesa girat\u00f3ria de solda, m\u00e1quina de solda de estaca, linha de produ\u00e7\u00e3o de torre e\u00f3lica, linha de solda de viga H, equipamento de solda de tubo, m\u00e1quina de corte CNC, m\u00e1quina de moagem, m\u00e1quina perfiladeira, m\u00e1quina dobradeira de placa, etc. N\u00f3s obtivemos certifica\u00e7\u00e3o ISO e CE, e tamb\u00e9m oferecemos servi\u00e7o OEM.<\/p>","protected":false},"excerpt":{"rendered":"<p><strong>Posicionador tipo L WUXI ABK 3TONS<\/strong>\u00a0oferece rota\u00e7\u00e3o de precis\u00e3o para soldadura e fabrico robotizados. Com uma robusta transmiss\u00e3o por parafuso sem-fim (precis\u00e3o de \u00b10,5\u00b0) e constru\u00e7\u00e3o com certifica\u00e7\u00e3o CE, \u00e9 ideal para recipientes sob press\u00e3o e a\u00e7o estrutural. Inclui controlos PLC, op\u00e7\u00f5es de mesa de 3000 mm e design de f\u00e1cil manuten\u00e7\u00e3o.<\/p>","protected":false},"featured_media":2077,"comment_status":"open","ping_status":"closed","template":"","meta":{"_acf_changed":false},"product_brand":[],"product_cat":[21,37,29],"product_tag":[],"class_list":{"0":"post-974","1":"product","2":"type-product","3":"status-publish","4":"has-post-thumbnail","6":"product_cat-welding-automation","7":"product_cat-l-type-positioner","8":"product_cat-welding-positioner","10":"first","11":"instock","12":"shipping-taxable","13":"product-type-simple"},"acf":[],"_links":{"self":[{"href":"https:\/\/www.weldmc.com\/pt\/wp-json\/wp\/v2\/product\/974","targetHints":{"allow":["GET"]}}],"collection":[{"href":"https:\/\/www.weldmc.com\/pt\/wp-json\/wp\/v2\/product"}],"about":[{"href":"https:\/\/www.weldmc.com\/pt\/wp-json\/wp\/v2\/types\/product"}],"replies":[{"embeddable":true,"href":"https:\/\/www.weldmc.com\/pt\/wp-json\/wp\/v2\/comments?post=974"}],"wp:featuredmedia":[{"embeddable":true,"href":"https:\/\/www.weldmc.com\/pt\/wp-json\/wp\/v2\/media\/2077"}],"wp:attachment":[{"href":"https:\/\/www.weldmc.com\/pt\/wp-json\/wp\/v2\/media?parent=974"}],"wp:term":[{"taxonomy":"product_brand","embeddable":true,"href":"https:\/\/www.weldmc.com\/pt\/wp-json\/wp\/v2\/product_brand?post=974"},{"taxonomy":"product_cat","embeddable":true,"href":"https:\/\/www.weldmc.com\/pt\/wp-json\/wp\/v2\/product_cat?post=974"},{"taxonomy":"product_tag","embeddable":true,"href":"https:\/\/www.weldmc.com\/pt\/wp-json\/wp\/v2\/product_tag?post=974"}],"curies":[{"name":"wp","href":"https:\/\/api.w.org\/{rel}","templated":true}]}}