{"id":972,"date":"2025-05-24T23:38:59","date_gmt":"2025-05-24T15:38:59","guid":{"rendered":"http:\/\/111.170.148.214:8095\/?post_type=product&#038;p=972"},"modified":"2025-10-14T15:04:45","modified_gmt":"2025-10-14T07:04:45","slug":"posicionador-de-stock-de-cabeca-e-cauda-3-toneladas","status":"publish","type":"product","link":"https:\/\/www.weldmc.com\/pt\/product\/posicionador-de-stock-de-cabeca-e-cauda-3-toneladas\/","title":{"rendered":"Posicionador de stock de cabe\u00e7a e cauda 3 toneladas"},"content":{"rendered":"<p>O <strong><b>Posicionador de soldadura da s\u00e9rie HBT,<\/b><\/strong>\u00a0desenvolvido por <strong><b>WUXI ABK<\/b><\/strong>combina tecnologias avan\u00e7adas nacionais e internacionais com conhecimentos pr\u00e1ticos dos utilizadores. Os seus <strong><b>design elegante e compacto<\/b><\/strong>\u00a0garante <strong><b>alta precis\u00e3o, desempenho fi\u00e1vel e f\u00e1cil opera\u00e7\u00e3o<\/b><\/strong>tornando-o uma escolha preferida para aplica\u00e7\u00f5es industriais.<\/p>\n<p><img fetchpriority=\"high\" decoding=\"async\" class=\"\" src=\"https:\/\/www.weldmc.com\/wp-content\/uploads\/2025\/05\/Head-Tail-Positioner_1.png\" alt=\"Posicionador de cabe\u00e7a e cauda_1\" width=\"357\" height=\"246\" \/> <img decoding=\"async\" class=\"\" src=\"https:\/\/www.weldmc.com\/wp-content\/uploads\/2025\/05\/Head-Tail-Positioner_2.png\" alt=\"Posicionador de cabe\u00e7a e cauda_2\" width=\"326\" height=\"245\" \/> <img decoding=\"async\" class=\"\" src=\"https:\/\/www.weldmc.com\/wp-content\/uploads\/2025\/05\/Head-Tail-Positioner_3.png\" alt=\"Posicionador de cabe\u00e7a e cauda_3\" width=\"324\" height=\"243\" \/><\/p>\n<p><iframe title=\"Leitor de v\u00eddeo do YouTube\" src=\"https:\/\/www.youtube.com\/embed\/Zt_kWBLUVVg?si=P8jgHSRF2GINgJ5h\" width=\"560\" height=\"315\" frameborder=\"0\" allowfullscreen=\"allowfullscreen\"><\/iframe><\/p>\n<table>\n<tbody>\n<tr>\n<td colspan=\"3\" width=\"511\"><strong>Modelo<\/strong><\/td>\n<td width=\"386\"><strong>HB<\/strong><strong>T<\/strong><strong>&#8211;<\/strong><strong>30<\/strong><\/td>\n<\/tr>\n<tr>\n<td width=\"326\"><strong>Capacidade de carga<\/strong><\/td>\n<td width=\"85\">(TON)<\/td>\n<td width=\"99\"><\/td>\n<td width=\"386\">3<\/td>\n<\/tr>\n<tr>\n<td width=\"326\"><strong>\u00c2ngulo de viragem<\/strong><\/td>\n<td width=\"85\">(\u00b0)<\/td>\n<td width=\"99\"><\/td>\n<td width=\"386\">360<\/td>\n<\/tr>\n<tr>\n<td width=\"326\"><strong>T<\/strong><strong>Velocidade de rota\u00e7\u00e3o<\/strong><\/td>\n<td width=\"85\">(RPM)<\/td>\n<td width=\"99\"><\/td>\n<td width=\"386\">0.04-0.4<\/td>\n<\/tr>\n<tr>\n<td width=\"326\"><strong>Capotamento <\/strong><strong>\u00a0\u00c2ngulo<\/strong><\/td>\n<td width=\"85\">(\u00b0)<\/td>\n<td width=\"99\"><\/td>\n<td width=\"386\">360<\/td>\n<\/tr>\n<tr>\n<td width=\"326\"><strong>Mesa de trabalho <\/strong><strong>Di\u00e2metro<\/strong><\/td>\n<td width=\"85\">(MM)<\/td>\n<td width=\"99\"><\/td>\n<td width=\"386\">1500<\/td>\n<\/tr>\n<tr>\n<td width=\"326\"><strong>Altura do centro de viragem<\/strong><\/td>\n<td width=\"85\">(MM)<\/td>\n<td width=\"99\"><\/td>\n<td width=\"386\">1500<\/td>\n<\/tr>\n<tr>\n<td width=\"326\"><strong>Dist\u00e2ncia entre duas bases<\/strong><\/td>\n<td width=\"85\">(MM)<\/td>\n<td width=\"99\"><\/td>\n<td width=\"386\">3000<\/td>\n<\/tr>\n<tr>\n<td width=\"326\"><strong>Mesa de trabalho <\/strong><strong>T<\/strong><strong>urinar\/<\/strong><strong>O<\/strong><strong>revolvimento<\/strong><\/td>\n<td width=\"85\"><\/td>\n<td width=\"99\"><\/td>\n<td width=\"386\">Mecanizado<\/td>\n<\/tr>\n<tr>\n<td width=\"326\"><strong>Rota\u00e7\u00e3o<\/strong><strong>\u00a0Pot\u00eancia do motor<\/strong><\/td>\n<td width=\"85\">(KW)<\/td>\n<td width=\"99\"><\/td>\n<td width=\"386\">1.1<\/td>\n<\/tr>\n<tr>\n<td width=\"326\"><strong>Reviravolta<\/strong><strong>\u00a0Pot\u00eancia do motor<\/strong><\/td>\n<td width=\"85\">(KW)<\/td>\n<td width=\"99\"><\/td>\n<td width=\"386\">2.2<\/td>\n<\/tr>\n<tr>\n<td width=\"326\"><strong>Fonte de alimenta\u00e7\u00e3o<\/strong><\/td>\n<td width=\"85\">(V)<\/td>\n<td width=\"99\">50Hz 3\u0278<\/td>\n<td width=\"386\">380 (Determinado de acordo com as necessidades do cliente)<\/td>\n<\/tr>\n<tr>\n<td width=\"326\"><strong>Tipo de regula\u00e7\u00e3o da velocidade<\/strong><\/td>\n<td width=\"85\"><\/td>\n<td width=\"99\"><\/td>\n<td width=\"386\">Regula\u00e7\u00e3o de velocidade cont\u00ednua de frequ\u00eancia CA<\/td>\n<\/tr>\n<tr>\n<td colspan=\"4\" width=\"897\">Nota: Todas as especifica\u00e7\u00f5es s\u00e3o do equipamento padr\u00e3o, que pode ser alterado para atender \u00e0s necessidades dos clientes.<\/td>\n<\/tr>\n<\/tbody>\n<\/table>\n<p>1. Rolamento de roda<\/p>\n<p><img decoding=\"async\" src=\"https:\/\/www.weldmc.com\/wp-content\/uploads\/2025\/05\/Slewing-bearing.png\" alt=\"Rolamento de roda\" \/><\/p>\n<p>O rolamento de giro \u00e9 um componente cr\u00edtico de suporte de carga que permite a rota\u00e7\u00e3o relativa entre as pe\u00e7as da m\u00e1quina e, ao mesmo tempo, lida com as for\u00e7as axiais, radiais e de momento de tombamento. O seu design compacto e leve, fabricado em liga de a\u00e7o de alta resist\u00eancia, assegura um funcionamento suave com elevada precis\u00e3o (\u00b10,05\u00b0 de precis\u00e3o de rota\u00e7\u00e3o) e uma longa vida \u00fatil. As principais configura\u00e7\u00f5es incluem orif\u00edcios para parafusos de montagem, engrenagens internas\/externas opcionais, portas de lubrifica\u00e7\u00e3o e sistemas de veda\u00e7\u00e3o para maior fiabilidade. Com uma gama de di\u00e2metros de 300-5000mm e capacidade de carga at\u00e9 50.000kN, \u00e9 amplamente utilizado em maquinaria de constru\u00e7\u00e3o, turbinas e\u00f3licas, gruas e equipamento militar. Est\u00e3o dispon\u00edveis projectos personalizados para aplica\u00e7\u00f5es especializadas.<\/p>\n<ol start=\"2\">\n<li>Engrenagem<\/li>\n<\/ol>\n<p>1). Marcha atr\u00e1s<\/p>\n<p><img loading=\"lazy\" decoding=\"async\" class=\"\" src=\"https:\/\/www.weldmc.com\/wp-content\/uploads\/2025\/05\/Reverse-gear.png\" alt=\"Marcha atr\u00e1s\" width=\"446\" height=\"335\" \/><\/p>\n<p>Geralmente, o \u00e2ngulo de viragem da engrenagem de viragem \u00e9 de 0 \u00b0 a 90 \u00b0. A fun\u00e7\u00e3o de desloca\u00e7\u00e3o \u00e9 conseguida rodando a mesa.<\/p>\n<p>2). Marcha atr\u00e1s<\/p>\n<p><img loading=\"lazy\" decoding=\"async\" class=\"\" src=\"https:\/\/www.weldmc.com\/wp-content\/uploads\/2025\/05\/Reverse-gear_1.png\" alt=\"Marcha atr\u00e1s_1\" width=\"321\" height=\"241\" \/> <img loading=\"lazy\" decoding=\"async\" class=\"\" src=\"https:\/\/www.weldmc.com\/wp-content\/uploads\/2025\/05\/Reverse-gear_2.png\" alt=\"Marcha atr\u00e1s_2\" width=\"322\" height=\"241\" \/> <img loading=\"lazy\" decoding=\"async\" class=\"\" src=\"https:\/\/www.weldmc.com\/wp-content\/uploads\/2025\/05\/Reverse-gear_3.png\" alt=\"Marcha atr\u00e1s_3\" width=\"320\" height=\"240\" \/><\/p>\n<p>As engrenagens s\u00e3o componentes mec\u00e2nicos dentados que transmitem o bin\u00e1rio atrav\u00e9s do engrenamento com outros elementos de engrenagem, como cremalheiras, parafusos sem-fim ou engrenagens adicionais, permitindo um controlo preciso da transmiss\u00e3o de pot\u00eancia, modificando as rela\u00e7\u00f5es velocidade\/torque, redireccionando as traject\u00f3rias de movimento e convertendo os tipos de movimento (por exemplo, rotativo em linear). A sua conce\u00e7\u00e3o de dentes interligados proporciona uma transfer\u00eancia de for\u00e7a fi\u00e1vel, ao mesmo tempo que permite uma vantagem mec\u00e2nica personaliz\u00e1vel em v\u00e1rias aplica\u00e7\u00f5es industriais.<\/p>\n<p>3. redutor<\/p>\n<p><img decoding=\"async\" src=\"https:\/\/www.weldmc.com\/wp-content\/uploads\/2025\/05\/Reducer.png\" alt=\"Redutor\" \/><\/p>\n<p>Os redutores s\u00e3o dispositivos mec\u00e2nicos de transmiss\u00e3o de pot\u00eancia que utilizam sistemas de engrenagens de precis\u00e3o para reduzir a velocidade de entrada e aumentar proporcionalmente o bin\u00e1rio de sa\u00edda, sendo o bin\u00e1rio de sa\u00edda o produto do bin\u00e1rio do motor e da rela\u00e7\u00e3o de transmiss\u00e3o (sem exceder a capacidade nominal do redutor). Estes sistemas diminuem simultaneamente a in\u00e9rcia da carga pelo quadrado da rela\u00e7\u00e3o de redu\u00e7\u00e3o, permitindo uma convers\u00e3o de pot\u00eancia optimizada para v\u00e1rias aplica\u00e7\u00f5es industriais atrav\u00e9s de um engrenamento eficiente.<\/p>\n<p><img decoding=\"async\" src=\"https:\/\/www.weldmc.com\/wp-content\/uploads\/2025\/05\/Motor_2.png\" alt=\"Motor_2\" \/> <img decoding=\"async\" src=\"https:\/\/www.weldmc.com\/wp-content\/uploads\/2025\/05\/Motor_1.png\" alt=\"Motor_1\" \/><\/p>\n<p class=\"ds-markdown-paragraph\">O nosso\u00a0<strong>Posicionador de soldadura de 3 toneladas<\/strong>\u00a0proporciona um desempenho de precis\u00e3o para\u00a0<strong>aplica\u00e7\u00f5es de soldadura rotativa<\/strong>A manuten\u00e7\u00e3o di\u00e1ria inclui a manuten\u00e7\u00e3o de um equipamento de prote\u00e7\u00e3o individual, que requer cuidados adequados para manter uma funcionalidade \u00f3ptima. A manuten\u00e7\u00e3o di\u00e1ria inclui\u00a0<strong>remo\u00e7\u00e3o de esc\u00f3rias de soldadura<\/strong>controlos de lubrifica\u00e7\u00e3o, e\u00a0<strong>inspec\u00e7\u00f5es de seguran\u00e7a el\u00e9ctrica<\/strong>\u00a0para garantir o bom funcionamento. Os procedimentos mensais incluem o aperto dos parafusos,\u00a0<strong>avalia\u00e7\u00e3o do mecanismo de transmiss\u00e3o<\/strong>e testes de fun\u00e7\u00f5es de seguran\u00e7a. A manuten\u00e7\u00e3o profunda anual requer\u00a0<strong>substitui\u00e7\u00e3o de pe\u00e7as gastas<\/strong>, uma relubrifica\u00e7\u00e3o completa e\u00a0<strong>recalibra\u00e7\u00e3o do sistema<\/strong>\u00a0para preservar a precis\u00e3o de posicionamento de \u00b10,5\u00b0.<\/p>\n<p class=\"ds-markdown-paragraph\"><strong>Benef\u00edcios cr\u00edticos de manuten\u00e7\u00e3o:<\/strong><br \/>\n\u2713\u00a0<strong>30% prolonga a vida \u00fatil do equipamento<\/strong>\u00a0em compara\u00e7\u00e3o com os modelos standard<br \/>\n\u2713\u00a0<strong>50% redu\u00e7\u00e3o do tempo de inatividade n\u00e3o planeado<\/strong>\u00a0atrav\u00e9s de cuidados proactivos<br \/>\nConsistente\u00a0<strong>precis\u00e3o de soldadura<\/strong>\u00a0para\u00a0<strong>fabrico de tubos<\/strong>\u00a0e\u00a0<strong>soldadura estrutural<\/strong><\/p>\n<p class=\"ds-markdown-paragraph\">Este\u00a0<strong>Posicionador com certifica\u00e7\u00e3o CE<\/strong>\u00a0carater\u00edsticas:<\/p>\n<ul>\n<li>\n<p class=\"ds-markdown-paragraph\"><strong>Capacidade de carga de 3 toneladas<\/strong>\u00a0para\u00a0<strong>pe\u00e7a de trabalho pequena a m\u00e9dia<\/strong>\u00a0manuseamento<\/p>\n<\/li>\n<li>\n<p class=\"ds-markdown-paragraph\"><strong>Controlo de eixo duplo<\/strong>\u00a0para complexos\u00a0<strong>posicionamento da soldadura<\/strong><\/p>\n<\/li>\n<li>\n<p class=\"ds-markdown-paragraph\"><strong>Componentes com classifica\u00e7\u00e3o IP54<\/strong>\u00a0resistente a\u00a0<strong>salpicos de soldadura<\/strong>\u00a0e poeira<\/p>\n<\/li>\n<\/ul>\n<p class=\"ds-markdown-paragraph\"><strong>Indicadores de aviso que requerem paragem imediata:<\/strong><\/p>\n<ol start=\"1\">\n<li>\n<p class=\"ds-markdown-paragraph\">Ru\u00eddos anormais de tritura\u00e7\u00e3o\/choque<\/p>\n<\/li>\n<li>\n<p class=\"ds-markdown-paragraph\">Padr\u00f5es de rota\u00e7\u00e3o irregulares<\/p>\n<\/li>\n<li>\n<p class=\"ds-markdown-paragraph\"><strong>Servo motor<\/strong>\u00a0sobreaquecimento<\/p>\n<\/li>\n<\/ol>\n<p class=\"ds-markdown-paragraph\">Como l\u00edder em\u00a0<strong>tecnologia de automatiza\u00e7\u00e3o da soldadura<\/strong>, WUXI ABK fornece:<\/p>\n<ul>\n<li>\n<p class=\"ds-markdown-paragraph\"><strong>Posicionador em conformidade com ASME<\/strong>\u00a0desenhos<\/p>\n<\/li>\n<li>\n<p class=\"ds-markdown-paragraph\"><strong>Integra\u00e7\u00e3o pronta para rob\u00f4s<\/strong>\u00a0interfaces<\/p>\n<\/li>\n<li>\n<p class=\"ds-markdown-paragraph\"><strong>Garantia de 3 anos<\/strong>\u00a0sobre\u00a0<strong>caixas de velocidades de precis\u00e3o<\/strong><\/p>\n<\/li>\n<\/ul>\n<p><img decoding=\"async\" src=\"https:\/\/www.weldmc.com\/wp-content\/uploads\/2025\/05\/Product-certification.png\" alt=\"Certifica\u00e7\u00e3o de produtos\" \/><br \/>\nWuxi ABK Machinery Co.Ltd \u00e9 um fabricante profissional de rotador de soldadura na China. E o nosso rotador de soldadura inclui principalmente rotador de soldadura padr\u00e3o, rotador de soldadura ajust\u00e1vel, e rotador de soldadura especial. N\u00f3s tamb\u00e9m podemos fornecer aos nossos clientes em todo o mundo muitos outros produtos, incluindo mesa girat\u00f3ria de solda, m\u00e1quina de solda de estaca, linha de produ\u00e7\u00e3o de torre e\u00f3lica, linha de solda de viga H, equipamento de solda de tubo, m\u00e1quina de corte CNC, m\u00e1quina de moagem, m\u00e1quina perfiladeira, m\u00e1quina dobradeira de placa, etc. N\u00f3s obtivemos certifica\u00e7\u00e3o ISO e CE, e tamb\u00e9m oferecemos servi\u00e7o OEM.<\/p>","protected":false},"excerpt":{"rendered":"<p><strong>Posicionador de cabe\u00e7a e cauda WUXI ABK 3T<\/strong>\u00a0proporciona uma rota\u00e7\u00e3o de precis\u00e3o para pe\u00e7as de trabalho pequenas e m\u00e9dias. Este posicionador de soldadura compacto oferece uma capacidade de 3 toneladas com rota\u00e7\u00e3o cont\u00ednua de 360\u00b0 (0,1-1,2 RPM) e uma precis\u00e3o de \u00b10,5\u00b0. Ideal para soldadura de tubos e fabrico estrutural, possui inclina\u00e7\u00e3o servo-acionada (0-135\u00b0) e an\u00e9is deslizantes integrados para um funcionamento sem emaranhados.<\/p>","protected":false},"featured_media":2090,"comment_status":"open","ping_status":"closed","template":"","meta":{"_acf_changed":false},"product_brand":[],"product_cat":[21,36,29],"product_tag":[],"class_list":{"0":"post-972","1":"product","2":"type-product","3":"status-publish","4":"has-post-thumbnail","6":"product_cat-welding-automation","7":"product_cat-head-and-tail-positioner","8":"product_cat-welding-positioner","10":"first","11":"instock","12":"shipping-taxable","13":"product-type-simple"},"acf":[],"_links":{"self":[{"href":"https:\/\/www.weldmc.com\/pt\/wp-json\/wp\/v2\/product\/972","targetHints":{"allow":["GET"]}}],"collection":[{"href":"https:\/\/www.weldmc.com\/pt\/wp-json\/wp\/v2\/product"}],"about":[{"href":"https:\/\/www.weldmc.com\/pt\/wp-json\/wp\/v2\/types\/product"}],"replies":[{"embeddable":true,"href":"https:\/\/www.weldmc.com\/pt\/wp-json\/wp\/v2\/comments?post=972"}],"wp:featuredmedia":[{"embeddable":true,"href":"https:\/\/www.weldmc.com\/pt\/wp-json\/wp\/v2\/media\/2090"}],"wp:attachment":[{"href":"https:\/\/www.weldmc.com\/pt\/wp-json\/wp\/v2\/media?parent=972"}],"wp:term":[{"taxonomy":"product_brand","embeddable":true,"href":"https:\/\/www.weldmc.com\/pt\/wp-json\/wp\/v2\/product_brand?post=972"},{"taxonomy":"product_cat","embeddable":true,"href":"https:\/\/www.weldmc.com\/pt\/wp-json\/wp\/v2\/product_cat?post=972"},{"taxonomy":"product_tag","embeddable":true,"href":"https:\/\/www.weldmc.com\/pt\/wp-json\/wp\/v2\/product_tag?post=972"}],"curies":[{"name":"wp","href":"https:\/\/api.w.org\/{rel}","templated":true}]}}