{"id":966,"date":"2025-05-24T23:39:43","date_gmt":"2025-05-24T15:39:43","guid":{"rendered":"http:\/\/111.170.148.214:8095\/?post_type=product&#038;p=966"},"modified":"2025-10-14T15:28:26","modified_gmt":"2025-10-14T07:28:26","slug":"maquina-giratoria-de-montagem-60tons","status":"publish","type":"product","link":"https:\/\/www.weldmc.com\/pt\/product\/maquina-giratoria-de-montagem-60tons\/","title":{"rendered":"Montar m\u00e1quina rotadora 60tons"},"content":{"rendered":"<p><strong>60<\/strong><strong>\u00a0Tons Fit Up Rotator<\/strong><\/p>\n<p><strong>ROTORES DE SOLDADURA CONVENCIONAIS<\/strong><\/p>\n<p><strong>ADEQUAR-SE <\/strong><strong>S\u00e9rie<\/strong><\/p>\n<p><strong>Os rotadores convencionais s\u00e3o concebidos para ajudar na soldadura de recipientes ou colunas cil\u00edndricas.<\/strong><\/p>\n<table>\n<tbody>\n<tr>\n<td width=\"207\">- Conce\u00e7\u00e3o fi\u00e1vel<\/td>\n<td width=\"207\">- Qualidade fi\u00e1vel<\/td>\n<\/tr>\n<tr>\n<td width=\"207\">- Pe\u00e7as de renome<\/td>\n<td width=\"207\">- Controlo do inversor<\/td>\n<\/tr>\n<tr>\n<td width=\"207\">- Sistema de acionamento direto<\/td>\n<td width=\"207\">- Op\u00e7\u00e3o de desloca\u00e7\u00e3o motorizada<\/td>\n<\/tr>\n<tr>\n<td width=\"207\">- Desenho personalizado por encomenda<\/td>\n<td width=\"207\">- OEM<\/p>\n<p>&nbsp;<\/td>\n<\/tr>\n<\/tbody>\n<\/table>\n<p><iframe title=\"Leitor de v\u00eddeo do YouTube\" src=\"https:\/\/www.youtube.com\/embed\/uFA91JZILh4?si=vY1va1zs8VVc2oq-\" width=\"560\" height=\"315\" frameborder=\"0\" allowfullscreen=\"allowfullscreen\"><\/iframe><\/p>\n<p><img fetchpriority=\"high\" decoding=\"async\" class=\"alignnone wp-image-943 size-full\" src=\"https:\/\/www.weldmc.com\/wp-content\/uploads\/2025\/05\/\u56fe\u72479.png\" alt=\"Rotador 60T Fit Up\" width=\"1122\" height=\"702\" srcset=\"https:\/\/www.weldmc.com\/wp-content\/uploads\/2025\/05\/\u56fe\u72479.png 1122w, https:\/\/www.weldmc.com\/wp-content\/uploads\/2025\/05\/\u56fe\u72479-300x188.png 300w, https:\/\/www.weldmc.com\/wp-content\/uploads\/2025\/05\/\u56fe\u72479-1024x641.png 1024w, https:\/\/www.weldmc.com\/wp-content\/uploads\/2025\/05\/\u56fe\u72479-768x481.png 768w, https:\/\/www.weldmc.com\/wp-content\/uploads\/2025\/05\/\u56fe\u72479-600x375.png 600w\" sizes=\"(max-width: 1122px) 100vw, 1122px\" \/> <img decoding=\"async\" class=\"alignnone wp-image-938 size-full\" src=\"https:\/\/www.weldmc.com\/wp-content\/uploads\/2025\/05\/\u56fe\u724710.png\" alt=\"Rotador 60T Fit Up\" width=\"1228\" height=\"1063\" srcset=\"https:\/\/www.weldmc.com\/wp-content\/uploads\/2025\/05\/\u56fe\u724710.png 1228w, https:\/\/www.weldmc.com\/wp-content\/uploads\/2025\/05\/\u56fe\u724710-300x260.png 300w, https:\/\/www.weldmc.com\/wp-content\/uploads\/2025\/05\/\u56fe\u724710-1024x886.png 1024w, https:\/\/www.weldmc.com\/wp-content\/uploads\/2025\/05\/\u56fe\u724710-768x665.png 768w, https:\/\/www.weldmc.com\/wp-content\/uploads\/2025\/05\/\u56fe\u724710-600x519.png 600w\" sizes=\"(max-width: 1228px) 100vw, 1228px\" \/><\/p>\n<p><strong>ROTORES DE SOLDADURA CONVENCIONAIS<\/strong><\/p>\n<p><strong>ADEQUAR-SE <\/strong><strong>S\u00e9rie<\/strong><\/p>\n<p><strong>Os rotadores convencionais s\u00e3o concebidos para ajudar na soldadura de recipientes ou colunas cil\u00edndricas.<\/strong><\/p>\n<table>\n<tbody>\n<tr>\n<td width=\"207\">- Conce\u00e7\u00e3o fi\u00e1vel<\/td>\n<td width=\"207\">- Qualidade fi\u00e1vel<\/td>\n<\/tr>\n<tr>\n<td width=\"207\">- Pe\u00e7as de renome<\/td>\n<td width=\"207\">- Controlo do inversor<\/td>\n<\/tr>\n<tr>\n<td width=\"207\">- Sistema de acionamento direto<\/td>\n<td width=\"207\">- Op\u00e7\u00e3o de desloca\u00e7\u00e3o motorizada<\/td>\n<\/tr>\n<tr>\n<td width=\"207\">- Desenho personalizado por encomenda<\/td>\n<td width=\"207\">- OEM<\/p>\n<p>&nbsp;<\/td>\n<\/tr>\n<\/tbody>\n<\/table>\n<p><img decoding=\"async\" class=\"alignnone wp-image-941 size-full\" src=\"https:\/\/www.weldmc.com\/wp-content\/uploads\/2025\/05\/\u56fe\u724711.png\" alt=\"Rotador 60T Fit Up\" width=\"887\" height=\"665\" srcset=\"https:\/\/www.weldmc.com\/wp-content\/uploads\/2025\/05\/\u56fe\u724711.png 887w, https:\/\/www.weldmc.com\/wp-content\/uploads\/2025\/05\/\u56fe\u724711-300x225.png 300w, https:\/\/www.weldmc.com\/wp-content\/uploads\/2025\/05\/\u56fe\u724711-768x576.png 768w, https:\/\/www.weldmc.com\/wp-content\/uploads\/2025\/05\/\u56fe\u724711-600x450.png 600w\" sizes=\"(max-width: 887px) 100vw, 887px\" \/><\/p>\n<ul>\n<li><b> <\/b><strong><b>Resumo<\/b><\/strong><\/li>\n<\/ul>\n<ol>\n<li><strong><b> Composi\u00e7\u00e3o do equipamento<\/b><\/strong><\/li>\n<\/ol>\n<p class=\"ds-markdown-paragraph\">O\u00a0<strong>Rotador 60T Fit-Up<\/strong>\u00a0\u00e9 um avan\u00e7ado\u00a0<strong>sistema de posicionamento de soldadura<\/strong>\u00a0Concebido para\u00a0<strong>fabrico de recipientes sob press\u00e3o<\/strong>,\u00a0<strong>montagem da torre e\u00f3lica<\/strong>e\u00a0<strong>soldadura de tubos de grande di\u00e2metro<\/strong>. Este\u00a0<strong>rotador industrial<\/strong>\u00a0combina\u00e7\u00f5es\u00a0<strong>alinhamento de precis\u00e3o<\/strong>\u00a0com\u00a0<strong>desempenho em servi\u00e7o pesado<\/strong>, com um\u00a0<strong>sistema de acionamento de frequ\u00eancia vari\u00e1vel<\/strong>\u00a0(velocidade ajust\u00e1vel de 0,1-1,2 m\/min) e\u00a0<strong>tecnologia de eleva\u00e7\u00e3o hidr\u00e1ulica<\/strong>\u00a0(precis\u00e3o de posicionamento de \u00b10,5 mm).<\/p>\n<p class=\"ds-markdown-paragraph\"><strong>Componentes principais<\/strong><\/p>\n<ul>\n<li>\n<p class=\"ds-markdown-paragraph\"><strong>Estrutura do rolo de acionamento<\/strong>: Motor AC + redutor para uma rota\u00e7\u00e3o suave<\/p>\n<\/li>\n<li>\n<p class=\"ds-markdown-paragraph\"><strong>Estrutura de rolos acionados<\/strong>: Assegura a estabilidade durante\u00a0<strong>opera\u00e7\u00f5es de soldadura<\/strong><\/p>\n<\/li>\n<li>\n<p class=\"ds-markdown-paragraph\"><strong>Arma\u00e7\u00f5es de rolos de montagem hidr\u00e1ulica (2 conjuntos)<\/strong>: Eleva\u00e7\u00e3o integrada e movimento da via para\u00a0<strong>ajuste de precis\u00e3o<\/strong><\/p>\n<\/li>\n<\/ul>\n<p class=\"ds-markdown-paragraph\"><strong>Fluxo de trabalho<\/strong><\/p>\n<ol start=\"1\">\n<li>\n<p class=\"ds-markdown-paragraph\"><strong>Posicionamento segmentado<\/strong>: O primeiro barril \u00e9 colocado sobre os quadros de acionamento\/condu\u00e7\u00e3o, enquanto o barril secund\u00e1rio \u00e9 alinhado atrav\u00e9s de um ajuste hidr\u00e1ulico.<\/p>\n<\/li>\n<li>\n<p class=\"ds-markdown-paragraph\"><strong>Montagem e soldadura<\/strong>: O\u00a0<strong>manipulador de soldadura<\/strong>\u00a0completa as costuras interiores\/exteriores ap\u00f3s a soldadura por pontos.<\/p>\n<\/li>\n<li>\n<p class=\"ds-markdown-paragraph\"><strong>Expans\u00e3o cont\u00ednua<\/strong>: O processo repete-se at\u00e9 que o\u00a0<strong>recipiente fabricado<\/strong>\u00a0\u00e9 totalmente soldada.<\/p>\n<\/li>\n<\/ol>\n<p class=\"ds-markdown-paragraph\"><strong>Destaques t\u00e9cnicos<\/strong><br \/>\n\u2713\u00a0<strong>Capacidade de 60 toneladas<\/strong>\u00a0(personaliz\u00e1vel para cargas mais pesadas)<br \/>\n\u2713\u00a0<strong>1,5-6m de di\u00e2metro<\/strong>\u00a0para\u00a0<strong>pe\u00e7as de trabalho cil\u00edndricas<\/strong><br \/>\n\u2713\u00a0<strong>Prote\u00e7\u00e3o contra sobrecarga<\/strong>\u00a0e\u00a0<strong>sistema anti-deflex\u00e3o<\/strong>\u00a0para a seguran\u00e7a<br \/>\n\u2713\u00a0<strong>Travagem de emerg\u00eancia<\/strong>\u00a0garante a prote\u00e7\u00e3o do operador<\/p>\n<p class=\"ds-markdown-paragraph\"><strong>Aplica\u00e7\u00f5es<\/strong><\/p>\n<ul>\n<li>\n<p class=\"ds-markdown-paragraph\"><strong>Fabrico de recipientes sob press\u00e3o<\/strong><\/p>\n<\/li>\n<li>\n<p class=\"ds-markdown-paragraph\"><strong>Soldadura de segmentos de torres e\u00f3licas<\/strong><\/p>\n<\/li>\n<li>\n<p class=\"ds-markdown-paragraph\"><strong>Soldadura de per\u00edmetros de condutas<\/strong><\/p>\n<\/li>\n<li>\n<p class=\"ds-markdown-paragraph\"><strong>Constru\u00e7\u00e3o de tanques de armazenamento<\/strong><\/p>\n<\/li>\n<\/ul>\n<p class=\"ds-markdown-paragraph\"><strong>Porqu\u00ea escolher a WUXI ABK?<\/strong><\/p>\n<ul>\n<li>\n<p class=\"ds-markdown-paragraph\"><strong>Mais de 20 anos<\/strong>\u00a0em\u00a0<strong>automatiza\u00e7\u00e3o da soldadura<\/strong><\/p>\n<\/li>\n<li>\n<p class=\"ds-markdown-paragraph\"><strong>Certifica\u00e7\u00e3o CE\/ISO<\/strong>\u00a0para a garantia de qualidade<\/p>\n<\/li>\n<li>\n<p class=\"ds-markdown-paragraph\"><strong>Suporte t\u00e9cnico 24\/7<\/strong><\/p>\n<\/li>\n<\/ul>\n<p><img loading=\"lazy\" decoding=\"async\" class=\"alignnone wp-image-936 size-full\" src=\"https:\/\/www.weldmc.com\/wp-content\/uploads\/2025\/05\/1748097561061.jpg\" alt=\"Rotador 60T Fit Up\" width=\"796\" height=\"517\" srcset=\"https:\/\/www.weldmc.com\/wp-content\/uploads\/2025\/05\/1748097561061.jpg 796w, https:\/\/www.weldmc.com\/wp-content\/uploads\/2025\/05\/1748097561061-300x195.jpg 300w, https:\/\/www.weldmc.com\/wp-content\/uploads\/2025\/05\/1748097561061-768x499.jpg 768w, https:\/\/www.weldmc.com\/wp-content\/uploads\/2025\/05\/1748097561061-600x390.jpg 600w\" sizes=\"(max-width: 796px) 100vw, 796px\" \/> <img loading=\"lazy\" decoding=\"async\" class=\"alignnone wp-image-937 size-full\" src=\"https:\/\/www.weldmc.com\/wp-content\/uploads\/2025\/05\/1748097632079.jpg\" alt=\"Rotador 60T Fit Up\" width=\"764\" height=\"807\" srcset=\"https:\/\/www.weldmc.com\/wp-content\/uploads\/2025\/05\/1748097632079.jpg 764w, https:\/\/www.weldmc.com\/wp-content\/uploads\/2025\/05\/1748097632079-284x300.jpg 284w, https:\/\/www.weldmc.com\/wp-content\/uploads\/2025\/05\/1748097632079-600x634.jpg 600w\" sizes=\"(max-width: 764px) 100vw, 764px\" \/><\/p>\n<p><strong><b>Introdu\u00e7\u00e3o \u00e0 roda<\/b><\/strong><\/p>\n<p>As rodas de poliuretano oferecem uma resist\u00eancia excecional \u00e0 abras\u00e3o, um processamento vers\u00e1til, uma ampla aplicabilidade e uma resist\u00eancia superior ao \u00f3leo, ao ozono, ao envelhecimento, \u00e0 radia\u00e7\u00e3o e a baixas temperaturas. Tamb\u00e9m proporcionam uma forte ader\u00eancia, excelente transmiss\u00e3o de som, biocompatibilidade e compatibilidade com o sangue.<br \/>\n<b><\/b><\/p>\n<p><img loading=\"lazy\" decoding=\"async\" class=\"alignnone wp-image-940\" src=\"https:\/\/www.weldmc.com\/wp-content\/uploads\/2025\/05\/\u56fe\u724713.png\" alt=\"Rotador 60T Fit Up\" width=\"253\" height=\"317\" srcset=\"https:\/\/www.weldmc.com\/wp-content\/uploads\/2025\/05\/\u56fe\u724713.png 358w, https:\/\/www.weldmc.com\/wp-content\/uploads\/2025\/05\/\u56fe\u724713-240x300.png 240w\" sizes=\"(max-width: 253px) 100vw, 253px\" \/> <img loading=\"lazy\" decoding=\"async\" class=\"alignnone wp-image-939\" src=\"https:\/\/www.weldmc.com\/wp-content\/uploads\/2025\/05\/\u56fe\u724712.png\" alt=\"Rotador 60T Fit Up\" width=\"253\" height=\"317\" srcset=\"https:\/\/www.weldmc.com\/wp-content\/uploads\/2025\/05\/\u56fe\u724712.png 308w, https:\/\/www.weldmc.com\/wp-content\/uploads\/2025\/05\/\u56fe\u724712-239x300.png 239w\" sizes=\"(max-width: 253px) 100vw, 253px\" \/> <img loading=\"lazy\" decoding=\"async\" class=\"alignnone wp-image-935\" src=\"https:\/\/www.weldmc.com\/wp-content\/uploads\/2025\/05\/\u56fe\u724714-1024x576.png\" alt=\"Rotador 60T Fit Up\" width=\"565\" height=\"318\" srcset=\"https:\/\/www.weldmc.com\/wp-content\/uploads\/2025\/05\/\u56fe\u724714-1024x576.png 1024w, https:\/\/www.weldmc.com\/wp-content\/uploads\/2025\/05\/\u56fe\u724714-300x169.png 300w, https:\/\/www.weldmc.com\/wp-content\/uploads\/2025\/05\/\u56fe\u724714-768x432.png 768w, https:\/\/www.weldmc.com\/wp-content\/uploads\/2025\/05\/\u56fe\u724714-1536x864.png 1536w, https:\/\/www.weldmc.com\/wp-content\/uploads\/2025\/05\/\u56fe\u724714-2048x1152.png 2048w, https:\/\/www.weldmc.com\/wp-content\/uploads\/2025\/05\/\u56fe\u724714-600x337.png 600w\" sizes=\"(max-width: 565px) 100vw, 565px\" \/><\/p>\n<p><strong><b>Introdu\u00e7\u00e3o ao motor<\/b><\/strong><strong><b><br \/>\n<\/b><\/strong><strong><b> <img loading=\"lazy\" decoding=\"async\" class=\"\" src=\"https:\/\/www.weldmc.com\/wp-content\/uploads\/2025\/05\/Motor_2.png\" alt=\"Motor_2\" width=\"614\" height=\"462\" \/> <img decoding=\"async\" src=\"https:\/\/www.weldmc.com\/wp-content\/uploads\/2025\/05\/Motor_1.png\" alt=\"Motor_1\" \/><\/b><\/strong><\/p>\n<p class=\"ds-markdown-paragraph\"><strong>Vis\u00e3o geral do produto<\/strong><br \/>\nO WUXI ABK 60T Fit-Up Rotator foi concebido para o alinhamento de precis\u00e3o e rota\u00e7\u00e3o de componentes cil\u00edndricos pesados no fabrico de torres e\u00f3licas, fabrico de vasos de press\u00e3o e aplica\u00e7\u00f5es de constru\u00e7\u00e3o naval. Com uma capacidade de carga de 60 toneladas e um sistema de rolos de auto-alinhamento, este rotador de n\u00edvel industrial garante uma rota\u00e7\u00e3o est\u00e1vel da pe\u00e7a de trabalho (precis\u00e3o de \u00b10,2\u00b0) para uma \u00f3ptima qualidade de soldadura.<\/p>\n<p class=\"ds-markdown-paragraph\"><strong>Protocolo de manuten\u00e7\u00e3o<\/strong><\/p>\n<ol start=\"1\">\n<li>\n<p class=\"ds-markdown-paragraph\"><strong>Pr\u00e9-opera\u00e7\u00e3o<\/strong><\/p>\n<ul>\n<li>\n<p class=\"ds-markdown-paragraph\">Limpar todas as superf\u00edcies do rotador, especialmente os rolos de borracha (manter sem \u00f3leo e abaixo de 60\u00b0C)<\/p>\n<\/li>\n<li>\n<p class=\"ds-markdown-paragraph\">Designar pessoal certificado para a opera\u00e7\u00e3o e manuten\u00e7\u00e3o<\/p>\n<\/li>\n<\/ul>\n<\/li>\n<li>\n<p class=\"ds-markdown-paragraph\"><strong>Lubrifica\u00e7\u00e3o<\/strong><\/p>\n<ul>\n<li>\n<p class=\"ds-markdown-paragraph\">Encher o redutor de velocidade com\u00a0<strong>\u00d3leo de motor 30#<\/strong>\u00a0(ISO VG 150)<\/p>\n<\/li>\n<li>\n<p class=\"ds-markdown-paragraph\">Utiliza\u00e7\u00e3o\u00a0<strong>\u00f3leo sint\u00e9tico para baixas temperaturas<\/strong>\u00a0quando o ambiente &lt;0\u00b0C<\/p>\n<\/li>\n<li>\n<p class=\"ds-markdown-paragraph\">Primeira mudan\u00e7a de \u00f3leo em\u00a0<strong>30 dias<\/strong>, ent\u00e3o\u00a0<strong>a cada 500 horas de funcionamento<\/strong><\/p>\n<\/li>\n<\/ul>\n<\/li>\n<li>\n<p class=\"ds-markdown-paragraph\"><strong>Salvaguardas cr\u00edticas<\/strong><\/p>\n<ul>\n<li>\n<p class=\"ds-markdown-paragraph\">Nunca utilizar a base do rolo como terra de soldadura - utilizar grampos de liga\u00e7\u00e3o \u00e0 terra separados<\/p>\n<\/li>\n<li>\n<p class=\"ds-markdown-paragraph\">Inspe\u00e7\u00e3o mensal de\u00a0<strong>rolamentos de rolos c\u00f3nicos<\/strong>\u00a0e\u00a0<strong>redutores de engrenagens<\/strong><\/p>\n<\/li>\n<\/ul>\n<\/li>\n<\/ol>\n<p class=\"ds-markdown-paragraph\"><strong>Vantagens t\u00e9cnicas<\/strong><\/p>\n<ul>\n<li>\n<p class=\"ds-markdown-paragraph\"><strong>Sistema de rolos autocompensadores<\/strong>\u00a0adapta-se \u00e0 excentricidade da pe\u00e7a de trabalho de 5-80 mm<\/p>\n<\/li>\n<li>\n<p class=\"ds-markdown-paragraph\"><strong>Acionamento de motor duplo<\/strong>\u00a0(2\u00d75,5kW) com controlo cont\u00ednuo de 0,3-3 RPM<\/p>\n<\/li>\n<li>\n<p class=\"ds-markdown-paragraph\"><strong>Conce\u00e7\u00e3o modular<\/strong>\u00a0para uma montagem\/desmontagem r\u00e1pida no terreno<\/p>\n<\/li>\n<li>\n<p class=\"ds-markdown-paragraph\"><strong>Alinhamento guiado por laser<\/strong>\u00a0(\u00b10,5mm) para sec\u00e7\u00f5es de torres e\u00f3licas<\/p>\n<\/li>\n<\/ul>\n<p class=\"ds-markdown-paragraph\"><strong>Garantia de qualidade<\/strong><br \/>\nComo l\u00edder\u00a0<strong>fabricante de rotores<\/strong>\u00a0Com mais de 20 anos de experi\u00eancia, a WUXI ABK fornece:<br \/>\n\u2713\u00a0<strong>Certifica\u00e7\u00e3o CE\/ISO 9001<\/strong>\u00a0fabrico<br \/>\n\u2713\u00a0<strong>Garantia de 18 meses<\/strong>\u00a0sobre sistemas de acionamento<br \/>\n\u2713\u00a0<strong>Substitui\u00e7\u00e3o gratuita<\/strong>\u00a0de pe\u00e7as de desgaste (rolos, engrenagens)<br \/>\n\u2713\u00a0<strong>Suporte t\u00e9cnico 24\/7<\/strong>\u00a0para projectos de energia e\u00f3lica<\/p>\n<p><img decoding=\"async\" src=\"https:\/\/www.weldmc.com\/wp-content\/uploads\/2025\/05\/Product-certification.png\" alt=\"Certifica\u00e7\u00e3o de produtos\" \/><\/p>\n<p>Wuxi ABK Machinery Co.Ltd \u00e9 um fabricante profissional de rotador de soldadura na China. E o nosso rotador de soldadura inclui principalmente rotador de soldadura padr\u00e3o, rotador de soldadura ajust\u00e1vel, e rotador de soldadura especial. N\u00f3s tamb\u00e9m podemos fornecer aos nossos clientes em todo o mundo muitos outros produtos, incluindo mesa girat\u00f3ria de solda, m\u00e1quina de solda de estaca, linha de produ\u00e7\u00e3o de torre e\u00f3lica, linha de solda de viga H, equipamento de solda de tubo, m\u00e1quina de corte CNC, m\u00e1quina de moagem, m\u00e1quina perfiladeira, m\u00e1quina dobradeira de placa, etc. N\u00f3s obtivemos certifica\u00e7\u00e3o ISO e CE, e tamb\u00e9m oferecemos servi\u00e7o OEM.<\/p>","protected":false},"excerpt":{"rendered":"<p><strong>WUXI ABK 60T Rotador de ajuste<\/strong>\u00a0fornece alinhamento de precis\u00e3o para torres e\u00f3licas e vasos de press\u00e3o. Inclui rolos de alinhamento autom\u00e1tico, capacidade de 60 toneladas e controlo de velocidade de 0,3-3 RPM. Inclui motores duplos de 5,5 kW e posicionamento guiado por laser (\u00b10,5 mm). Certifica\u00e7\u00e3o CE\/ISO com garantia de 18 meses.<\/p>","protected":false},"featured_media":973,"comment_status":"open","ping_status":"closed","template":"","meta":{"_acf_changed":false},"product_brand":[],"product_cat":[21,40,30],"product_tag":[],"class_list":{"0":"post-966","1":"product","2":"type-product","3":"status-publish","4":"has-post-thumbnail","6":"product_cat-welding-automation","7":"product_cat-fit-up-rotator","8":"product_cat-welding-rotator","10":"first","11":"instock","12":"shipping-taxable","13":"product-type-simple"},"acf":[],"_links":{"self":[{"href":"https:\/\/www.weldmc.com\/pt\/wp-json\/wp\/v2\/product\/966","targetHints":{"allow":["GET"]}}],"collection":[{"href":"https:\/\/www.weldmc.com\/pt\/wp-json\/wp\/v2\/product"}],"about":[{"href":"https:\/\/www.weldmc.com\/pt\/wp-json\/wp\/v2\/types\/product"}],"replies":[{"embeddable":true,"href":"https:\/\/www.weldmc.com\/pt\/wp-json\/wp\/v2\/comments?post=966"}],"wp:featuredmedia":[{"embeddable":true,"href":"https:\/\/www.weldmc.com\/pt\/wp-json\/wp\/v2\/media\/973"}],"wp:attachment":[{"href":"https:\/\/www.weldmc.com\/pt\/wp-json\/wp\/v2\/media?parent=966"}],"wp:term":[{"taxonomy":"product_brand","embeddable":true,"href":"https:\/\/www.weldmc.com\/pt\/wp-json\/wp\/v2\/product_brand?post=966"},{"taxonomy":"product_cat","embeddable":true,"href":"https:\/\/www.weldmc.com\/pt\/wp-json\/wp\/v2\/product_cat?post=966"},{"taxonomy":"product_tag","embeddable":true,"href":"https:\/\/www.weldmc.com\/pt\/wp-json\/wp\/v2\/product_tag?post=966"}],"curies":[{"name":"wp","href":"https:\/\/api.w.org\/{rel}","templated":true}]}}