{"id":953,"date":"2025-05-24T23:26:40","date_gmt":"2025-05-24T15:26:40","guid":{"rendered":"http:\/\/111.170.148.214:8095\/?post_type=product&#038;p=953"},"modified":"2025-10-14T15:07:27","modified_gmt":"2025-10-14T07:07:27","slug":"head-to-tail-positioner-1-ton","status":"publish","type":"product","link":"https:\/\/www.weldmc.com\/pt\/product\/head-to-tail-positioner-1-ton\/","title":{"rendered":"Posicionador de cabe\u00e7a para cauda 1 tonelada"},"content":{"rendered":"<p>O <strong><b>Posicionador de soldadura da s\u00e9rie HBT,<\/b><\/strong>\u00a0desenvolvido por <strong><b>WUXI ABK<\/b><\/strong>combina tecnologias avan\u00e7adas nacionais e internacionais com conhecimentos pr\u00e1ticos dos utilizadores. Os seus <strong><b>design elegante e compacto<\/b><\/strong>\u00a0garante <strong><b>alta precis\u00e3o, desempenho fi\u00e1vel e f\u00e1cil opera\u00e7\u00e3o<\/b><\/strong>tornando-o uma escolha preferida para aplica\u00e7\u00f5es industriais.<\/p>\n<p><img fetchpriority=\"high\" decoding=\"async\" class=\"\" src=\"https:\/\/www.weldmc.com\/wp-content\/uploads\/2025\/05\/Head-Tail-Positioner_1.png\" alt=\"\" width=\"358\" height=\"247\" \/> <img decoding=\"async\" class=\"\" src=\"https:\/\/www.weldmc.com\/wp-content\/uploads\/2025\/05\/Head-Tail-Positioner_2.png\" alt=\"Posicionador de cabe\u00e7a e cauda_2\" width=\"330\" height=\"247\" \/> <img decoding=\"async\" class=\"\" src=\"https:\/\/www.weldmc.com\/wp-content\/uploads\/2025\/05\/Head-Tail-Positioner_3.png\" alt=\"Posicionador de cabe\u00e7a e cauda_3\" width=\"331\" height=\"248\" \/><\/p>\n<p><iframe title=\"Leitor de v\u00eddeo do YouTube\" src=\"https:\/\/www.youtube.com\/embed\/Zt_kWBLUVVg?si=P8jgHSRF2GINgJ5h\" width=\"560\" height=\"315\" frameborder=\"0\" allowfullscreen=\"allowfullscreen\"><\/iframe><\/p>\n<table>\n<tbody>\n<tr>\n<td colspan=\"3\" width=\"511\"><strong>Modelo<\/strong><\/td>\n<td width=\"386\"><strong>HB<\/strong><strong>T<\/strong><strong>&#8211;<\/strong><strong>10<\/strong><\/td>\n<\/tr>\n<tr>\n<td width=\"326\"><strong>Capacidade de carga<\/strong><\/td>\n<td width=\"85\">(TON)<\/td>\n<td width=\"99\"><\/td>\n<td width=\"386\">1<\/td>\n<\/tr>\n<tr>\n<td width=\"326\"><strong>\u00c2ngulo de viragem<\/strong><\/td>\n<td width=\"85\">(\u00b0)<\/td>\n<td width=\"99\"><\/td>\n<td width=\"386\">360<\/td>\n<\/tr>\n<tr>\n<td width=\"326\"><strong>T<\/strong><strong>Velocidade de rota\u00e7\u00e3o<\/strong><\/td>\n<td width=\"85\">(RPM)<\/td>\n<td width=\"99\"><\/td>\n<td width=\"386\">0.04-0.4<\/td>\n<\/tr>\n<tr>\n<td width=\"326\"><strong>Capotamento <\/strong><strong>\u00a0\u00c2ngulo<\/strong><\/td>\n<td width=\"85\">(\u00b0)<\/td>\n<td width=\"99\"><\/td>\n<td width=\"386\">360<\/td>\n<\/tr>\n<tr>\n<td width=\"326\"><strong>Mesa de trabalho <\/strong><strong>Di\u00e2metro<\/strong><\/td>\n<td width=\"85\">(MM)<\/td>\n<td width=\"99\"><\/td>\n<td width=\"386\">1000<\/td>\n<\/tr>\n<tr>\n<td width=\"326\"><strong>Altura do centro de viragem<\/strong><\/td>\n<td width=\"85\">(MM)<\/td>\n<td width=\"99\"><\/td>\n<td width=\"386\">1500<\/td>\n<\/tr>\n<tr>\n<td width=\"326\"><strong>Dist\u00e2ncia entre duas bases<\/strong><\/td>\n<td width=\"85\">(MM)<\/td>\n<td width=\"99\"><\/td>\n<td width=\"386\">3000<\/td>\n<\/tr>\n<tr>\n<td width=\"326\"><strong>Mesa de trabalho <\/strong><strong>T<\/strong><strong>urinar\/<\/strong><strong>O<\/strong><strong>revolvimento<\/strong><\/td>\n<td width=\"85\"><\/td>\n<td width=\"99\"><\/td>\n<td width=\"386\">Mecanizado<\/td>\n<\/tr>\n<tr>\n<td width=\"326\"><strong>Rota\u00e7\u00e3o<\/strong><strong>\u00a0Pot\u00eancia do motor<\/strong><\/td>\n<td width=\"85\">(KW)<\/td>\n<td width=\"99\"><\/td>\n<td width=\"386\">0.75<\/td>\n<\/tr>\n<tr>\n<td width=\"326\"><strong>Reviravolta<\/strong><strong>\u00a0Pot\u00eancia do motor<\/strong><\/td>\n<td width=\"85\">(KW)<\/td>\n<td width=\"99\"><\/td>\n<td width=\"386\">1.5<\/td>\n<\/tr>\n<tr>\n<td width=\"326\"><strong>Fonte de alimenta\u00e7\u00e3o<\/strong><\/td>\n<td width=\"85\">(V)<\/td>\n<td width=\"99\">50Hz 3\u0278<\/td>\n<td width=\"386\">380 (Determinado de acordo com as necessidades do cliente)<\/td>\n<\/tr>\n<tr>\n<td width=\"326\"><strong>Tipo de regula\u00e7\u00e3o da velocidade<\/strong><\/td>\n<td width=\"85\"><\/td>\n<td width=\"99\"><\/td>\n<td width=\"386\">Regula\u00e7\u00e3o de velocidade cont\u00ednua de frequ\u00eancia CA<\/td>\n<\/tr>\n<tr>\n<td colspan=\"4\" width=\"897\">Nota: Todas as especifica\u00e7\u00f5es s\u00e3o do equipamento padr\u00e3o, que pode ser alterado para atender \u00e0s necessidades dos clientes.<\/td>\n<\/tr>\n<\/tbody>\n<\/table>\n<p>1. Rolamento de roda<\/p>\n<p><img decoding=\"async\" src=\"https:\/\/www.weldmc.com\/wp-content\/uploads\/2025\/05\/Slewing-bearing.png\" alt=\"Rolamento de roda\" \/><\/p>\n<p>O rolamento de giro \u00e9 um componente cr\u00edtico de suporte de carga que permite a rota\u00e7\u00e3o relativa entre as pe\u00e7as da m\u00e1quina e, ao mesmo tempo, lida com as for\u00e7as axiais, radiais e de momento de tombamento. O seu design compacto e leve, fabricado em liga de a\u00e7o de alta resist\u00eancia, assegura um funcionamento suave com elevada precis\u00e3o (\u00b10,05\u00b0 de precis\u00e3o de rota\u00e7\u00e3o) e uma longa vida \u00fatil. As principais configura\u00e7\u00f5es incluem orif\u00edcios para parafusos de montagem, engrenagens internas\/externas opcionais, portas de lubrifica\u00e7\u00e3o e sistemas de veda\u00e7\u00e3o para maior fiabilidade. Com uma gama de di\u00e2metros de 300-5000mm e capacidade de carga at\u00e9 50.000kN, \u00e9 amplamente utilizado em maquinaria de constru\u00e7\u00e3o, turbinas e\u00f3licas, gruas e equipamento militar. Est\u00e3o dispon\u00edveis projectos personalizados para aplica\u00e7\u00f5es especializadas.<\/p>\n<ol start=\"2\">\n<li>Engrenagem<\/li>\n<\/ol>\n<p>1). Marcha atr\u00e1s<\/p>\n<p><img decoding=\"async\" src=\"https:\/\/www.weldmc.com\/wp-content\/uploads\/2025\/05\/Reverse-gear.png\" alt=\"Marcha atr\u00e1s\" \/><\/p>\n<p>Geralmente, o \u00e2ngulo de viragem da engrenagem de viragem \u00e9 de 0 \u00b0 a 90 \u00b0. A fun\u00e7\u00e3o de desloca\u00e7\u00e3o \u00e9 conseguida rodando a mesa.<\/p>\n<p>2). Marcha atr\u00e1s<\/p>\n<p><img loading=\"lazy\" decoding=\"async\" class=\"\" src=\"https:\/\/www.weldmc.com\/wp-content\/uploads\/2025\/05\/Reverse-gear_1.png\" alt=\"Marcha atr\u00e1s_1\" width=\"345\" height=\"260\" \/> <img loading=\"lazy\" decoding=\"async\" class=\"\" src=\"https:\/\/www.weldmc.com\/wp-content\/uploads\/2025\/05\/Reverse-gear_2.png\" alt=\"Marcha atr\u00e1s_2\" width=\"346\" height=\"259\" \/> <img loading=\"lazy\" decoding=\"async\" class=\"\" src=\"https:\/\/www.weldmc.com\/wp-content\/uploads\/2025\/05\/Reverse-gear_3.png\" alt=\"Marcha atr\u00e1s_3\" width=\"344\" height=\"257\" \/><\/p>\n<p>As engrenagens s\u00e3o componentes mec\u00e2nicos dentados que transmitem o bin\u00e1rio atrav\u00e9s do engrenamento com outros elementos de engrenagem, como cremalheiras, parafusos sem-fim ou engrenagens adicionais, permitindo um controlo preciso da transmiss\u00e3o de pot\u00eancia, modificando as rela\u00e7\u00f5es velocidade\/torque, redireccionando as traject\u00f3rias de movimento e convertendo os tipos de movimento (por exemplo, rotativo em linear). A sua conce\u00e7\u00e3o de dentes interligados proporciona uma transfer\u00eancia de for\u00e7a fi\u00e1vel, ao mesmo tempo que permite uma vantagem mec\u00e2nica personaliz\u00e1vel em v\u00e1rias aplica\u00e7\u00f5es industriais.<\/p>\n<p>3. redutor<\/p>\n<p><img decoding=\"async\" src=\"https:\/\/www.weldmc.com\/wp-content\/uploads\/2025\/05\/Reducer.png\" alt=\"Redutor\" \/><\/p>\n<p>Os redutores s\u00e3o dispositivos mec\u00e2nicos de transmiss\u00e3o de pot\u00eancia que utilizam sistemas de engrenagens de precis\u00e3o para reduzir a velocidade de entrada e aumentar proporcionalmente o bin\u00e1rio de sa\u00edda, sendo o bin\u00e1rio de sa\u00edda o produto do bin\u00e1rio do motor e da rela\u00e7\u00e3o de transmiss\u00e3o (sem exceder a capacidade nominal do redutor). Estes sistemas diminuem simultaneamente a in\u00e9rcia da carga pelo quadrado da rela\u00e7\u00e3o de redu\u00e7\u00e3o, permitindo uma convers\u00e3o de pot\u00eancia optimizada para v\u00e1rias aplica\u00e7\u00f5es industriais atrav\u00e9s de um engrenamento eficiente.<\/p>\n<p><img decoding=\"async\" src=\"https:\/\/www.weldmc.com\/wp-content\/uploads\/2025\/05\/Motor_2.png\" alt=\"Motor_2\" \/> <img decoding=\"async\" src=\"https:\/\/www.weldmc.com\/wp-content\/uploads\/2025\/05\/Motor_1.png\" alt=\"Motor_1\" \/><\/p>\n<p class=\"ds-markdown-paragraph\">Proper maintenance ensures optimal performance of your\u00a0<strong>posicionador de soldadura<\/strong>\u00a0em\u00a0<strong>fabrico de precis\u00e3o<\/strong>\u00a0applications. Daily care involves removing\u00a0<strong>esc\u00f3ria de soldadura<\/strong>\u00a0deposits and verifying\u00a0<strong>n\u00edveis de lubrifica\u00e7\u00e3o<\/strong>\u00a0durante a inspe\u00e7\u00e3o\u00a0<strong>electrical connections<\/strong>\u00a0for safety. Monthly procedures include torque-checking\u00a0<strong>fastening bolts<\/strong>, examining the\u00a0<strong>transmiss\u00e3o por parafuso sem-fim<\/strong>, and testing\u00a0<strong>fun\u00e7\u00f5es de paragem de emerg\u00eancia<\/strong>.<\/p>\n<p class=\"ds-markdown-paragraph\">For long-term reliability:<\/p>\n<ul>\n<li>\n<p class=\"ds-markdown-paragraph\">Annually replace\u00a0<strong>wear components<\/strong>\u00a0like carbon brushes and bearings<\/p>\n<\/li>\n<li>\n<p class=\"ds-markdown-paragraph\">Replenish\u00a0<strong>high-temperature grease<\/strong>\u00a0in all gearboxes<\/p>\n<\/li>\n<li>\n<p class=\"ds-markdown-paragraph\">Recalibrate the\u00a0<strong>rotary axis positioning system<\/strong><\/p>\n<\/li>\n<\/ul>\n<p class=\"ds-markdown-paragraph\">Alertas operacionais cr\u00edticos:<br \/>\n\u2713 Immediate shutdown required for\u00a0<strong>abnormal vibrations<\/strong>\u00a0ou\u00a0<strong>irregular rotation<\/strong><br \/>\n\u2713 Monitor\u00a0<strong>servo motor temperatures<\/strong>\u00a0during continuous operation<\/p>\n<p class=\"ds-markdown-paragraph\">Este protocolo de manuten\u00e7\u00e3o permite:<br \/>\n-\u00a0<strong>30% prolonga a vida \u00fatil do equipamento<\/strong>\u00a0for your\u00a0<strong>mesa girat\u00f3ria de soldadura<\/strong><br \/>\n-\u00a0<strong>90% redu\u00e7\u00e3o do tempo de inatividade n\u00e3o planeado<\/strong><br \/>\n\u2022 Consistent\u00a0<strong>Precis\u00e3o de rota\u00e7\u00e3o de \u00b10,5<\/strong>\u00a0para\u00a0<strong>soldadura automatizada<\/strong>\u00a0processes<\/p>\n<p class=\"ds-markdown-paragraph\"><strong>Certified Performance<\/strong><br \/>\nO nosso\u00a0<strong>CE\/ISO certified positioners<\/strong>\u00a0feature:<\/p>\n<ul>\n<li>\n<p class=\"ds-markdown-paragraph\"><strong>Precision ground gears<\/strong>\u00a0for smooth indexing<\/p>\n<\/li>\n<li>\n<p class=\"ds-markdown-paragraph\"><strong>IP54 protected control systems<\/strong><\/p>\n<\/li>\n<li>\n<p class=\"ds-markdown-paragraph\"><strong>500-1000kg load capacity<\/strong>\u00a0configurations<\/p>\n<\/li>\n<\/ul>\n<p><img decoding=\"async\" src=\"https:\/\/www.weldmc.com\/wp-content\/uploads\/2025\/05\/Product-certification.png\" alt=\"Certifica\u00e7\u00e3o de produtos\" \/><br \/>\nWuxi ABK Machinery Co.Ltd \u00e9 um fabricante profissional de rotador de soldadura na China. E o nosso rotador de soldadura inclui principalmente rotador de soldadura padr\u00e3o, rotador de soldadura ajust\u00e1vel, e rotador de soldadura especial. N\u00f3s tamb\u00e9m podemos fornecer aos nossos clientes em todo o mundo muitos outros produtos, incluindo mesa girat\u00f3ria de solda, m\u00e1quina de solda de estaca, linha de produ\u00e7\u00e3o de torre e\u00f3lica, linha de solda de viga H, equipamento de solda de tubo, m\u00e1quina de corte CNC, m\u00e1quina de moagem, m\u00e1quina perfiladeira, m\u00e1quina dobradeira de placa, etc. N\u00f3s obtivemos certifica\u00e7\u00e3o ISO e CE, e tamb\u00e9m oferecemos servi\u00e7o OEM.<\/p>","protected":false},"excerpt":{"rendered":"<p><strong>Posicionador de cabe\u00e7a e cauda WUXI ABK de 1 tonelada<\/strong>\u00a0fornece rota\u00e7\u00e3o de precis\u00e3o para pe\u00e7as de trabalho pequenas e m\u00e9dias. Com uma precis\u00e3o de \u00b10,5\u00b0, acionamento robusto por engrenagem sem-fim e rota\u00e7\u00e3o cont\u00ednua de 360\u00b0, \u00e9 ideal para soldadura e fabrico robotizados. Certifica\u00e7\u00e3o CE\/ISO com op\u00e7\u00f5es de capacidade de 500-1000 kg.<\/p>","protected":false},"featured_media":2100,"comment_status":"open","ping_status":"closed","template":"","meta":{"_acf_changed":false},"product_brand":[],"product_cat":[21,36,29],"product_tag":[],"class_list":{"0":"post-953","1":"product","2":"type-product","3":"status-publish","4":"has-post-thumbnail","6":"product_cat-welding-automation","7":"product_cat-head-and-tail-positioner","8":"product_cat-welding-positioner","10":"first","11":"instock","12":"shipping-taxable","13":"product-type-simple"},"acf":[],"_links":{"self":[{"href":"https:\/\/www.weldmc.com\/pt\/wp-json\/wp\/v2\/product\/953","targetHints":{"allow":["GET"]}}],"collection":[{"href":"https:\/\/www.weldmc.com\/pt\/wp-json\/wp\/v2\/product"}],"about":[{"href":"https:\/\/www.weldmc.com\/pt\/wp-json\/wp\/v2\/types\/product"}],"replies":[{"embeddable":true,"href":"https:\/\/www.weldmc.com\/pt\/wp-json\/wp\/v2\/comments?post=953"}],"wp:featuredmedia":[{"embeddable":true,"href":"https:\/\/www.weldmc.com\/pt\/wp-json\/wp\/v2\/media\/2100"}],"wp:attachment":[{"href":"https:\/\/www.weldmc.com\/pt\/wp-json\/wp\/v2\/media?parent=953"}],"wp:term":[{"taxonomy":"product_brand","embeddable":true,"href":"https:\/\/www.weldmc.com\/pt\/wp-json\/wp\/v2\/product_brand?post=953"},{"taxonomy":"product_cat","embeddable":true,"href":"https:\/\/www.weldmc.com\/pt\/wp-json\/wp\/v2\/product_cat?post=953"},{"taxonomy":"product_tag","embeddable":true,"href":"https:\/\/www.weldmc.com\/pt\/wp-json\/wp\/v2\/product_tag?post=953"}],"curies":[{"name":"wp","href":"https:\/\/api.w.org\/{rel}","templated":true}]}}