{"id":950,"date":"2025-05-24T23:08:14","date_gmt":"2025-05-24T15:08:14","guid":{"rendered":"http:\/\/111.170.148.214:8095\/?post_type=product&#038;p=950"},"modified":"2025-10-14T15:14:45","modified_gmt":"2025-10-14T07:14:45","slug":"automatic-fit-up-rotator-20tons","status":"publish","type":"product","link":"https:\/\/www.weldmc.com\/pt\/product\/automatic-fit-up-rotator-20tons\/","title":{"rendered":"Rotador de montagem autom\u00e1tica 20Tons"},"content":{"rendered":"<p><strong>20 Tons Fit Up Rotator<\/strong><\/p>\n<p><strong>ROTORES DE SOLDADURA CONVENCIONAIS<\/strong><\/p>\n<p><strong>ADEQUAR-SE <\/strong><strong>S\u00e9rie<\/strong><\/p>\n<p><strong>Os rotadores convencionais s\u00e3o concebidos para ajudar na soldadura de recipientes ou colunas cil\u00edndricas.<\/strong><\/p>\n<table>\n<tbody>\n<tr>\n<td width=\"207\">- Conce\u00e7\u00e3o fi\u00e1vel<\/td>\n<td width=\"207\">- Qualidade fi\u00e1vel<\/td>\n<\/tr>\n<tr>\n<td width=\"207\">- Pe\u00e7as de renome<\/td>\n<td width=\"207\">- Controlo do inversor<\/td>\n<\/tr>\n<tr>\n<td width=\"207\">- Sistema de acionamento direto<\/td>\n<td width=\"207\">- Op\u00e7\u00e3o de desloca\u00e7\u00e3o motorizada<\/td>\n<\/tr>\n<tr>\n<td width=\"207\">- Desenho personalizado por encomenda<\/td>\n<td width=\"207\">- OEM<\/p>\n<p>&nbsp;<\/td>\n<\/tr>\n<\/tbody>\n<\/table>\n<p><iframe title=\"Leitor de v\u00eddeo do YouTube\" src=\"https:\/\/www.youtube.com\/embed\/uFA91JZILh4?si=A3AMb5NoizNpjRmB\" width=\"560\" height=\"315\" frameborder=\"0\" allowfullscreen=\"allowfullscreen\"><\/iframe><\/p>\n<p><img fetchpriority=\"high\" decoding=\"async\" class=\"alignnone wp-image-943 size-full\" src=\"https:\/\/www.weldmc.com\/wp-content\/uploads\/2025\/05\/\u56fe\u72479.png\" alt=\"20T Fit Up Rotator\" width=\"1122\" height=\"702\" srcset=\"https:\/\/www.weldmc.com\/wp-content\/uploads\/2025\/05\/\u56fe\u72479.png 1122w, https:\/\/www.weldmc.com\/wp-content\/uploads\/2025\/05\/\u56fe\u72479-300x188.png 300w, https:\/\/www.weldmc.com\/wp-content\/uploads\/2025\/05\/\u56fe\u72479-1024x641.png 1024w, https:\/\/www.weldmc.com\/wp-content\/uploads\/2025\/05\/\u56fe\u72479-768x481.png 768w, https:\/\/www.weldmc.com\/wp-content\/uploads\/2025\/05\/\u56fe\u72479-600x375.png 600w\" sizes=\"(max-width: 1122px) 100vw, 1122px\" \/><img decoding=\"async\" class=\"alignnone wp-image-938 size-full\" src=\"https:\/\/www.weldmc.com\/wp-content\/uploads\/2025\/05\/\u56fe\u724710.png\" alt=\"20T Fit Up Rotator\" width=\"1228\" height=\"1063\" srcset=\"https:\/\/www.weldmc.com\/wp-content\/uploads\/2025\/05\/\u56fe\u724710.png 1228w, https:\/\/www.weldmc.com\/wp-content\/uploads\/2025\/05\/\u56fe\u724710-300x260.png 300w, https:\/\/www.weldmc.com\/wp-content\/uploads\/2025\/05\/\u56fe\u724710-1024x886.png 1024w, https:\/\/www.weldmc.com\/wp-content\/uploads\/2025\/05\/\u56fe\u724710-768x665.png 768w, https:\/\/www.weldmc.com\/wp-content\/uploads\/2025\/05\/\u56fe\u724710-600x519.png 600w\" sizes=\"(max-width: 1228px) 100vw, 1228px\" \/><\/p>\n<p><strong><br \/>\nROTORES DE SOLDADURA CONVENCIONAIS<\/strong><\/p>\n<p><strong>ADEQUAR-SE <\/strong><strong>S\u00e9rie<\/strong><\/p>\n<p><strong>Os rotadores convencionais s\u00e3o concebidos para ajudar na soldadura de recipientes ou colunas cil\u00edndricas.<\/strong><\/p>\n<table>\n<tbody>\n<tr>\n<td width=\"207\">- Conce\u00e7\u00e3o fi\u00e1vel<\/td>\n<td width=\"207\">- Qualidade fi\u00e1vel<\/td>\n<\/tr>\n<tr>\n<td width=\"207\">- Pe\u00e7as de renome<\/td>\n<td width=\"207\">- Controlo do inversor<\/td>\n<\/tr>\n<tr>\n<td width=\"207\">- Sistema de acionamento direto<\/td>\n<td width=\"207\">- Op\u00e7\u00e3o de desloca\u00e7\u00e3o motorizada<\/td>\n<\/tr>\n<tr>\n<td width=\"207\">- Desenho personalizado por encomenda<\/td>\n<td width=\"207\">- OEM<\/td>\n<\/tr>\n<\/tbody>\n<\/table>\n<p><img decoding=\"async\" class=\"alignnone wp-image-941 size-full\" src=\"https:\/\/www.weldmc.com\/wp-content\/uploads\/2025\/05\/\u56fe\u724711.png\" alt=\"20T Fit Up Rotator\" width=\"887\" height=\"665\" srcset=\"https:\/\/www.weldmc.com\/wp-content\/uploads\/2025\/05\/\u56fe\u724711.png 887w, https:\/\/www.weldmc.com\/wp-content\/uploads\/2025\/05\/\u56fe\u724711-300x225.png 300w, https:\/\/www.weldmc.com\/wp-content\/uploads\/2025\/05\/\u56fe\u724711-768x576.png 768w, https:\/\/www.weldmc.com\/wp-content\/uploads\/2025\/05\/\u56fe\u724711-600x450.png 600w\" sizes=\"(max-width: 887px) 100vw, 887px\" \/><\/p>\n<ul>\n<li><b> <\/b><strong><b>Resumo<\/b><\/strong><\/li>\n<\/ul>\n<ol>\n<li><strong><b> Composi\u00e7\u00e3o do equipamento<\/b><\/strong><\/li>\n<\/ol>\n<p class=\"ds-markdown-paragraph\"><strong>WUXI ABK 20-Ton Fit Up Rotator Product Introduction<\/strong><\/p>\n<p class=\"ds-markdown-paragraph\">O\u00a0<strong>WUXI ABK 20-Ton Fit Up Rotator<\/strong>\u00a0is a precision-engineered\u00a0<strong>sistema de posicionamento de soldadura<\/strong>\u00a0Concebido para\u00a0<strong>cylindrical vessel fabrication<\/strong>,\u00a0<strong>tank segment assembly<\/strong>e\u00a0<strong>soldadura de tubos de grande di\u00e2metro<\/strong>. Este\u00a0<strong>industrial rotator system<\/strong>\u00a0combina\u00e7\u00f5es\u00a0<strong>variable frequency speed control<\/strong>,\u00a0<strong>hydraulic lifting adjustment<\/strong>e\u00a0<strong>track-guided movement<\/strong>\u00a0to streamline\u00a0<strong>fit-up welding processes<\/strong>\u00a0em\u00a0<strong>pressure vessel manufacturing<\/strong>\u00a0e\u00a0<strong>fabrico de a\u00e7o estrutural<\/strong>.<\/p>\n<h3><strong>Core Components &amp; Workflow<\/strong><\/h3>\n<p class=\"ds-markdown-paragraph\">The system comprises:<\/p>\n<ul>\n<li>\n<p class=\"ds-markdown-paragraph\"><strong>Estrutura do rolo de acionamento<\/strong>\u00a0com\u00a0<strong>AC motor + reducer<\/strong>\u00a0(0.1\u20131.2 m\/min stepless speed regulation)<\/p>\n<\/li>\n<li>\n<p class=\"ds-markdown-paragraph\"><strong>Estrutura de rolos acionados<\/strong>\u00a0for stable rotation<\/p>\n<\/li>\n<li>\n<p class=\"ds-markdown-paragraph\"><strong>Arma\u00e7\u00f5es de rolos de montagem hidr\u00e1ulica (2 conjuntos)<\/strong>\u00a0com\u00a0<strong>0.5mm precision alignment<\/strong>\u00a0e\u00a0<strong>track mobility<\/strong><\/p>\n<\/li>\n<\/ul>\n<p class=\"ds-markdown-paragraph\"><strong>Operational Process<\/strong>:<\/p>\n<ol start=\"1\">\n<li>\n<p class=\"ds-markdown-paragraph\"><strong>Posicionamento segmentado<\/strong>: Place the first barrel on the\u00a0<strong>driving\/driven roller frames<\/strong>, and the second on\u00a0<strong>hydraulic roller frames<\/strong>.<\/p>\n<\/li>\n<li>\n<p class=\"ds-markdown-paragraph\"><strong>Montagem e soldadura<\/strong>: The frames move along tracks for\u00a0<strong>butt joint alignment<\/strong>; the\u00a0<strong>hydraulic lifter<\/strong>\u00a0fine-tunes position before\u00a0<strong>tack welding<\/strong>. A\u00a0<strong>manipulador de soldadura<\/strong>\u00a0completes\u00a0<strong>inner\/outer seam welding<\/strong>.<\/p>\n<\/li>\n<li>\n<p class=\"ds-markdown-paragraph\"><strong>Expans\u00e3o cont\u00ednua<\/strong>: Repeat to assemble\u00a0<strong>large-diameter vessels<\/strong>\u00a0(1.5\u20136m) segment by segment.<\/p>\n<\/li>\n<\/ol>\n<h3><strong>Vantagens t\u00e9cnicas<\/strong><\/h3>\n<ul>\n<li>\n<p class=\"ds-markdown-paragraph\"><strong>50-ton max load<\/strong>\u00a0(personaliz\u00e1vel para\u00a0<strong>fabrico pesado<\/strong>)<\/p>\n<\/li>\n<li>\n<p class=\"ds-markdown-paragraph\"><strong>Hydraulic precision<\/strong>: \u00b10.5mm fit-up accuracy<\/p>\n<\/li>\n<li>\n<p class=\"ds-markdown-paragraph\"><strong>Automation-ready<\/strong>: Compatible with\u00a0<strong>welding robots<\/strong>\u00a0e\u00a0<strong>manipulators<\/strong><\/p>\n<\/li>\n<li>\n<p class=\"ds-markdown-paragraph\"><strong>Safety systems<\/strong>: Overload protection,\u00a0<strong>emergency braking<\/strong>e\u00a0<strong>anti-skid limits<\/strong><\/p>\n<\/li>\n<\/ul>\n<h3><strong>Aplica\u00e7\u00f5es<\/strong><\/h3>\n<p class=\"ds-markdown-paragraph\">Ideal para:<\/p>\n<ul>\n<li>\n<p class=\"ds-markdown-paragraph\"><strong>Pressure vessel<\/strong>\u00a0e\u00a0<strong>storage tank construction<\/strong><\/p>\n<\/li>\n<li>\n<p class=\"ds-markdown-paragraph\"><strong>Wind tower<\/strong>\u00a0e\u00a0<strong>offshore platform fabrication<\/strong><\/p>\n<\/li>\n<li>\n<p class=\"ds-markdown-paragraph\"><strong>Soldadura de per\u00edmetros de condutas<\/strong><\/p>\n<\/li>\n<\/ul>\n<p><img loading=\"lazy\" decoding=\"async\" class=\"alignnone wp-image-936 size-full\" src=\"https:\/\/www.weldmc.com\/wp-content\/uploads\/2025\/05\/1748097561061.jpg\" alt=\"20T Fit Up Rotator\" width=\"796\" height=\"517\" srcset=\"https:\/\/www.weldmc.com\/wp-content\/uploads\/2025\/05\/1748097561061.jpg 796w, https:\/\/www.weldmc.com\/wp-content\/uploads\/2025\/05\/1748097561061-300x195.jpg 300w, https:\/\/www.weldmc.com\/wp-content\/uploads\/2025\/05\/1748097561061-768x499.jpg 768w, https:\/\/www.weldmc.com\/wp-content\/uploads\/2025\/05\/1748097561061-600x390.jpg 600w\" sizes=\"(max-width: 796px) 100vw, 796px\" \/><\/p>\n<p><img loading=\"lazy\" decoding=\"async\" class=\"alignnone wp-image-937 size-full\" src=\"https:\/\/www.weldmc.com\/wp-content\/uploads\/2025\/05\/1748097632079.jpg\" alt=\"20T Fit Up Rotator\" width=\"764\" height=\"807\" srcset=\"https:\/\/www.weldmc.com\/wp-content\/uploads\/2025\/05\/1748097632079.jpg 764w, https:\/\/www.weldmc.com\/wp-content\/uploads\/2025\/05\/1748097632079-284x300.jpg 284w, https:\/\/www.weldmc.com\/wp-content\/uploads\/2025\/05\/1748097632079-600x634.jpg 600w\" sizes=\"(max-width: 764px) 100vw, 764px\" \/><\/p>\n<p><strong><b>Introdu\u00e7\u00e3o \u00e0 roda<\/b><\/strong><\/p>\n<p>As rodas de poliuretano oferecem uma resist\u00eancia excecional \u00e0 abras\u00e3o, um processamento vers\u00e1til, uma ampla aplicabilidade e uma resist\u00eancia superior ao \u00f3leo, ao ozono, ao envelhecimento, \u00e0 radia\u00e7\u00e3o e a baixas temperaturas. Tamb\u00e9m proporcionam uma forte ader\u00eancia, excelente transmiss\u00e3o de som, biocompatibilidade e compatibilidade com o sangue.<\/p>\n<p><img loading=\"lazy\" decoding=\"async\" class=\"alignnone wp-image-940\" src=\"https:\/\/www.weldmc.com\/wp-content\/uploads\/2025\/05\/\u56fe\u724713.png\" alt=\"20T Fit Up Rotator\" width=\"231\" height=\"289\" srcset=\"https:\/\/www.weldmc.com\/wp-content\/uploads\/2025\/05\/\u56fe\u724713.png 358w, https:\/\/www.weldmc.com\/wp-content\/uploads\/2025\/05\/\u56fe\u724713-240x300.png 240w\" sizes=\"(max-width: 231px) 100vw, 231px\" \/> <img loading=\"lazy\" decoding=\"async\" class=\"alignnone wp-image-939\" src=\"https:\/\/www.weldmc.com\/wp-content\/uploads\/2025\/05\/\u56fe\u724712.png\" alt=\"20T Fit Up Rotator\" width=\"230\" height=\"288\" srcset=\"https:\/\/www.weldmc.com\/wp-content\/uploads\/2025\/05\/\u56fe\u724712.png 308w, https:\/\/www.weldmc.com\/wp-content\/uploads\/2025\/05\/\u56fe\u724712-239x300.png 239w\" sizes=\"(max-width: 230px) 100vw, 230px\" \/> <img loading=\"lazy\" decoding=\"async\" class=\"alignnone wp-image-935\" src=\"https:\/\/www.weldmc.com\/wp-content\/uploads\/2025\/05\/\u56fe\u724714.png\" alt=\"20T Fit Up Rotator\" width=\"511\" height=\"288\" srcset=\"https:\/\/www.weldmc.com\/wp-content\/uploads\/2025\/05\/\u56fe\u724714.png 2276w, https:\/\/www.weldmc.com\/wp-content\/uploads\/2025\/05\/\u56fe\u724714-300x169.png 300w, https:\/\/www.weldmc.com\/wp-content\/uploads\/2025\/05\/\u56fe\u724714-1024x576.png 1024w, https:\/\/www.weldmc.com\/wp-content\/uploads\/2025\/05\/\u56fe\u724714-768x432.png 768w, https:\/\/www.weldmc.com\/wp-content\/uploads\/2025\/05\/\u56fe\u724714-1536x864.png 1536w, https:\/\/www.weldmc.com\/wp-content\/uploads\/2025\/05\/\u56fe\u724714-2048x1152.png 2048w, https:\/\/www.weldmc.com\/wp-content\/uploads\/2025\/05\/\u56fe\u724714-600x337.png 600w\" sizes=\"(max-width: 511px) 100vw, 511px\" \/><\/p>\n<p><strong><b>Introdu\u00e7\u00e3o ao motor<\/b><\/strong><\/p>\n<p><strong><b> <img decoding=\"async\" src=\"https:\/\/www.weldmc.com\/wp-content\/uploads\/2025\/05\/Motor_2.png\" alt=\"Motor_2\" \/> <img decoding=\"async\" src=\"https:\/\/www.weldmc.com\/wp-content\/uploads\/2025\/05\/Motor_1.png\" alt=\"Motor_1\" \/><\/b><\/strong><\/p>\n<p><strong>Welding Rotator Maintenance Guidelines<\/strong><\/p>\n<p>Clean the welding rotator before use. Keep the rubber rollers away from oils and high temperatures to prevent aging. It&#8217;s recommended that a designated person operates and maintains the equipment.<\/p>\n<p>Ensure the speed reducer is filled with 30# engine oil before starting, especially when the temperature is below 0\u00baC.<\/p>\n<p>Replace the oil in the speed reducer after the first month of use. Afterward, change the oil every six months.<\/p>\n<p>Do not use the roller bed as a welding ground to avoid damaging the bearings.<\/p>\n<p><strong><b>Fabricante de rotores de alta qualidade<\/b><\/strong><\/p>\n<p>1. com mais de 20 anos de experi\u00eancia especializada no fabrico de rotores auto-alinhadores.<\/p>\n<p>2. nossos produtos apresentam uma capacidade de carga que varia de 5 toneladas a 400 toneladas.<\/p>\n<p>3. fornecemos as certifica\u00e7\u00f5es CE e ISO, assegurando o cumprimento de sub-regulamentos rigorosos. Adicionalmente.<\/p>\n<p>4. oferecemos uma garantia de um ano e pe\u00e7as de desgaste gratuitas.<\/p>\n<p>5. a nossa equipa t\u00e9cnica altamente qualificada dedica-se a apoi\u00e1-lo e aos seus projectos de grande escala, como a soldadura de turbinas e\u00f3licas.<\/p>\n<p><img decoding=\"async\" src=\"https:\/\/www.weldmc.com\/wp-content\/uploads\/2025\/05\/Product-certification.png\" alt=\"Certifica\u00e7\u00e3o de produtos\" \/><\/p>\n<p>Wuxi ABK Machinery Co.Ltd \u00e9 um fabricante profissional de rotador de soldadura na China. E o nosso rotador de soldadura inclui principalmente rotador de soldadura padr\u00e3o, rotador de soldadura ajust\u00e1vel, e rotador de soldadura especial. N\u00f3s tamb\u00e9m podemos fornecer aos nossos clientes em todo o mundo muitos outros produtos, incluindo mesa girat\u00f3ria de solda, m\u00e1quina de solda de estaca, linha de produ\u00e7\u00e3o de torre e\u00f3lica, linha de solda de viga H, equipamento de solda de tubo, m\u00e1quina de corte CNC, m\u00e1quina de moagem, m\u00e1quina perfiladeira, m\u00e1quina dobradeira de placa, etc. N\u00f3s obtivemos certifica\u00e7\u00e3o ISO e CE, e tamb\u00e9m oferecemos servi\u00e7o OEM.<\/p>","protected":false},"excerpt":{"rendered":"<p>O WUXI ABK 20-Ton Fit Up Rotator oferece alinhamento de precis\u00e3o para o fabrico de recipientes de tamanho m\u00e9dio com precis\u00e3o de posicionamento de \u00b10,8mm e rota\u00e7\u00e3o ajust\u00e1vel de 0,2-1,5m\/min. Este robusto posicionador de soldadura lida com pe\u00e7as de trabalho de 1-4m de di\u00e2metro com capacidade de 20 toneladas, apresentando mecanismos anti-deflex\u00e3o integrados e compatibilidade com sistemas de soldadura automatizados para o fabrico eficiente de vasos de press\u00e3o e a\u00e7o estrutural.<\/p>","protected":false},"featured_media":2111,"comment_status":"open","ping_status":"closed","template":"","meta":{"_acf_changed":false},"product_brand":[],"product_cat":[21,40,30],"product_tag":[],"class_list":{"0":"post-950","1":"product","2":"type-product","3":"status-publish","4":"has-post-thumbnail","6":"product_cat-welding-automation","7":"product_cat-fit-up-rotator","8":"product_cat-welding-rotator","10":"first","11":"instock","12":"shipping-taxable","13":"product-type-simple"},"acf":[],"_links":{"self":[{"href":"https:\/\/www.weldmc.com\/pt\/wp-json\/wp\/v2\/product\/950","targetHints":{"allow":["GET"]}}],"collection":[{"href":"https:\/\/www.weldmc.com\/pt\/wp-json\/wp\/v2\/product"}],"about":[{"href":"https:\/\/www.weldmc.com\/pt\/wp-json\/wp\/v2\/types\/product"}],"replies":[{"embeddable":true,"href":"https:\/\/www.weldmc.com\/pt\/wp-json\/wp\/v2\/comments?post=950"}],"wp:featuredmedia":[{"embeddable":true,"href":"https:\/\/www.weldmc.com\/pt\/wp-json\/wp\/v2\/media\/2111"}],"wp:attachment":[{"href":"https:\/\/www.weldmc.com\/pt\/wp-json\/wp\/v2\/media?parent=950"}],"wp:term":[{"taxonomy":"product_brand","embeddable":true,"href":"https:\/\/www.weldmc.com\/pt\/wp-json\/wp\/v2\/product_brand?post=950"},{"taxonomy":"product_cat","embeddable":true,"href":"https:\/\/www.weldmc.com\/pt\/wp-json\/wp\/v2\/product_cat?post=950"},{"taxonomy":"product_tag","embeddable":true,"href":"https:\/\/www.weldmc.com\/pt\/wp-json\/wp\/v2\/product_tag?post=950"}],"curies":[{"name":"wp","href":"https:\/\/api.w.org\/{rel}","templated":true}]}}