{"id":946,"date":"2025-05-24T22:56:18","date_gmt":"2025-05-24T14:56:18","guid":{"rendered":"http:\/\/111.170.148.214:8095\/?post_type=product&#038;p=946"},"modified":"2025-10-14T15:22:14","modified_gmt":"2025-10-14T07:22:14","slug":"mesa-de-soldadura-de-posicao-fixa-2-toneladas","status":"publish","type":"product","link":"https:\/\/www.weldmc.com\/pt\/product\/mesa-de-soldadura-de-posicao-fixa-2-toneladas\/","title":{"rendered":"Mesa de soldadura de posi\u00e7\u00e3o fixa 2 toneladas"},"content":{"rendered":"<h4>Posicionador de altura fixa de 2 toneladas<\/h4>\n<table>\n<tbody>\n<tr>\n<td colspan=\"2\" width=\"474\"><strong>Modelo<\/strong><\/td>\n<td width=\"485\">HBJ-20<\/td>\n<\/tr>\n<tr>\n<td width=\"359\"><strong>Capacidade de carga<\/strong><\/td>\n<td width=\"115\">(KG)<\/td>\n<td width=\"485\">2000<\/td>\n<\/tr>\n<tr>\n<td width=\"359\"><strong>Velocidade de rota\u00e7\u00e3o<\/strong><\/td>\n<td width=\"115\">(RPM)<\/td>\n<td width=\"485\">0.05-0.5<\/td>\n<\/tr>\n<tr>\n<td width=\"359\"><strong>\u00a0Velocidade de rota\u00e7\u00e3o<\/strong><\/td>\n<td width=\"115\">(RPM)<\/td>\n<td width=\"485\">0.67<\/td>\n<\/tr>\n<tr>\n<td width=\"359\"><strong>\u00c2ngulo de rota\u00e7\u00e3o<\/strong><\/td>\n<td width=\"115\">(\u00b0)<\/td>\n<td width=\"485\">0-120<\/td>\n<\/tr>\n<tr>\n<td width=\"359\"><strong>Tamanho da mesa de trabalho<\/strong><\/td>\n<td width=\"115\">(MM)<\/td>\n<td width=\"485\">1200<\/td>\n<\/tr>\n<tr>\n<td width=\"359\"><strong>Poder de rota\u00e7\u00e3o<\/strong><\/td>\n<td width=\"115\">(KW)<\/td>\n<td width=\"485\">1.1<\/td>\n<\/tr>\n<tr>\n<td width=\"359\"><strong>Poder de invers\u00e3o<\/strong><\/td>\n<td width=\"115\">(KW)<\/td>\n<td width=\"485\">1.5<\/td>\n<\/tr>\n<tr>\n<td width=\"359\"><strong>Dist\u00e2ncia exc\u00eantrica m\u00e1xima<\/strong><\/td>\n<td width=\"115\">(MM)<\/td>\n<td width=\"485\">200<\/td>\n<\/tr>\n<tr>\n<td width=\"359\"><strong>Dist\u00e2ncia m\u00e1xima do centro de gravidade<\/strong><\/td>\n<td width=\"115\">(MM)<\/td>\n<td width=\"485\">300<\/td>\n<\/tr>\n<tr>\n<td width=\"359\"><strong>Fonte de alimenta\u00e7\u00e3o<\/strong><\/td>\n<td width=\"115\">50Hz 3\u0278 (V)<\/td>\n<td width=\"485\">200-600 (Determinado de acordo com as necessidades do cliente)<\/td>\n<\/tr>\n<tr>\n<td width=\"359\"><strong>Tipo de regula\u00e7\u00e3o da velocidade<\/strong><\/td>\n<td width=\"115\"><\/td>\n<td width=\"485\">Regula\u00e7\u00e3o de velocidade cont\u00ednua de frequ\u00eancia CA<\/td>\n<\/tr>\n<tr>\n<td colspan=\"3\" width=\"960\">Nota: Todas as especifica\u00e7\u00f5es s\u00e3o do equipamento padr\u00e3o, que pode ser alterado para atender \u00e0s necessidades dos clientes.<\/td>\n<\/tr>\n<\/tbody>\n<\/table>\n<p>&nbsp;<\/p>\n<p><iframe title=\"Leitor de v\u00eddeo do YouTube\" src=\"https:\/\/www.youtube.com\/embed\/Lkl5G_zJaJ4?si=jYyX9xFyY7boI0nZ\" width=\"560\" height=\"315\" frameborder=\"0\" allowfullscreen=\"allowfullscreen\"><\/iframe><\/p>\n<p><img decoding=\"async\" src=\"https:\/\/www.weldmc.com\/wp-content\/uploads\/2025\/05\/fixed-height-positioner_1.png\" alt=\"posicionador de altura fixa_1\" \/> <img decoding=\"async\" src=\"https:\/\/www.weldmc.com\/wp-content\/uploads\/2025\/05\/fixed-height-positioner_2.png\" alt=\"posicionador de altura fixa_2\" \/><\/p>\n<ol>\n<li>Mesa de trabalho para trabalhos pesados<\/li>\n<\/ol>\n<ul>\n<li>6 Design de ranhura em T: Fixa as pe\u00e7as de trabalho com uma fixa\u00e7\u00e3o r\u00edgida (carga m\u00e1xima: 2.000 kg)<\/li>\n<li>Rota\u00e7\u00e3o cont\u00ednua de 360\u00b0: Acionado por servo-drive (0,1-1,2 RPM ajust\u00e1vel)<\/li>\n<li>An\u00e9is deslizantes condutores: Evita a tor\u00e7\u00e3o do cabo durante a rota\u00e7\u00e3o<\/li>\n<\/ul>\n<ol start=\"2\">\n<li><strong><b>Sistema de acionamento de precis\u00e3o<\/b><\/strong><\/li>\n<\/ol>\n<p><strong><b>Componente<\/b><\/strong> \u00a0\u00a0\u00a0\u00a0<strong><b>Especifica\u00e7\u00f5es t\u00e9cnicas<\/b><\/strong><\/p>\n<p><strong><b>Dispositivo de viragem<\/b><\/strong> Motor CA + redutor de engrenagens planet\u00e1rias (precis\u00e3o de \u00b10,5\u00b0)<\/p>\n<p><strong><b>Dispositivo de inclina\u00e7\u00e3o<\/b><\/strong> Redutor de dupla fase de parafuso sem-fim cicloidal (inclina\u00e7\u00e3o 0-135\u00b0)<\/p>\n<p><strong><b>Sistema de controlo<\/b><\/strong> PLC Siemens + ecr\u00e3 t\u00e1til HMI (mais de 100 programas predefinidos)<\/p>\n<ol start=\"3\">\n<li>Op\u00e7\u00f5es de personaliza\u00e7\u00e3o<\/li>\n<\/ol>\n<ul>\n<li><b><\/b><strong><b>Capacidade de carga: 500kg-5,000kg<\/b><\/strong><\/li>\n<li><b><\/b><strong><b>Di\u00e2metro da mesa: 800mm-3,000mm<\/b><\/strong><\/li>\n<li><b><\/b><strong><b>Configura\u00e7\u00f5es especiais:<\/b><\/strong><\/li>\n<li>\u00c0 prova de explos\u00e3o (ATEX Zona 1)<\/li>\n<li>Sincroniza\u00e7\u00e3o CNC para soldadura robotizada<\/li>\n<li>Mesas arrefecidas a \u00e1gua para aplica\u00e7\u00f5es de elevado calor<\/li>\n<\/ul>\n<p><img decoding=\"async\" src=\"https:\/\/www.weldmc.com\/wp-content\/uploads\/2025\/05\/Fixed-Height-Positioner_1.jpg\" alt=\"Posicionador de altura fixa_1\" \/><\/p>\n<p class=\"ds-markdown-paragraph\"><strong>Aplica\u00e7\u00f5es do sector<\/strong><br \/>\nO posicionador de soldadura de altura fixa WUXI ABK de 2 toneladas foi concebido para o fabrico de precis\u00e3o em v\u00e1rios sectores industriais. No fabrico de equipamentos pesados, este posicionador de soldadura \u00e9 excelente no manuseamento de lan\u00e7as de escavadoras e segmentos de gruas com uma estabilidade excecional. O sector da energia utiliza este equipamento de soldadura para a montagem de flanges de turbinas e\u00f3licas e para o fabrico de recipientes sob press\u00e3o, enquanto as aplica\u00e7\u00f5es no sector dos transportes incluem a soldadura de bogies ferrovi\u00e1rios e o posicionamento de componentes de constru\u00e7\u00e3o naval.<\/p>\n<p class=\"ds-markdown-paragraph\"><strong>Controlo avan\u00e7ado do movimento<\/strong><br \/>\nO nosso posicionador de soldadura possui um sistema de acionamento de convers\u00e3o de frequ\u00eancia de alto desempenho que proporciona um ajuste de velocidade suave de 0,1 a 2 RPM com regula\u00e7\u00e3o cont\u00ednua. Esta tecnologia inovadora de controlo de velocidade elimina as mudan\u00e7as de velocidade, mantendo uma rota\u00e7\u00e3o precisa para uma qualidade de soldadura consistente. O design de baixa manuten\u00e7\u00e3o do sistema reduz significativamente os custos operacionais em compara\u00e7\u00e3o com os posicionadores de soldadura convencionais.<\/p>\n<p class=\"ds-markdown-paragraph\"><strong>Mecanismo de inclina\u00e7\u00e3o de precis\u00e3o<\/strong><\/p>\n<ul>\n<li>\n<p class=\"ds-markdown-paragraph\">O sistema de engrenagem semicircular dupla assegura uma transmiss\u00e3o de pot\u00eancia precisa<\/p>\n<\/li>\n<li>\n<p class=\"ds-markdown-paragraph\">O redutor de parafuso sem-fim proporciona uma inclina\u00e7\u00e3o est\u00e1vel numa gama de 0-135\u00b0<\/p>\n<\/li>\n<li>\n<p class=\"ds-markdown-paragraph\">Precis\u00e3o de posicionamento de inclina\u00e7\u00e3o &lt;0,5\u00b0 para \u00e2ngulos de soldadura complexos<\/p>\n<\/li>\n<\/ul>\n<p class=\"ds-markdown-paragraph\"><strong>Sistema el\u00e9trico integrado<\/strong><br \/>\nO equipamento de soldadura incorpora uma interface el\u00e9ctrica rotativa que liga diretamente o conjunto oscilante \u00e0 mesa de trabalho. Este sistema de condu\u00e7\u00e3o de corrente transmite energia atrav\u00e9s de um eixo condutor, eliminando completamente a tor\u00e7\u00e3o do cabo durante a rota\u00e7\u00e3o - uma carater\u00edstica cr\u00edtica para aplica\u00e7\u00f5es de soldadura automatizadas.<\/p>\n<p class=\"ds-markdown-paragraph\"><strong>Constru\u00e7\u00e3o robusta<\/strong><br \/>\nConstru\u00eddo com a durabilidade em mente, o posicionador possui:<br \/>\nBase tipo caixa constru\u00edda em a\u00e7o Q235-A com al\u00edvio de tens\u00f5es<br \/>\nSuperf\u00edcies maquinadas com precis\u00e3o para manter a estabilidade dimensional<br \/>\nCapacidade de carga de 2 toneladas com margem de seguran\u00e7a de 50%<br \/>\nComponentes com classifica\u00e7\u00e3o IP54 para ambientes agressivos<\/p>\n<p class=\"ds-markdown-paragraph\"><strong>Especifica\u00e7\u00f5es t\u00e9cnicas<\/strong><\/p>\n<ul>\n<li>\n<p class=\"ds-markdown-paragraph\"><strong>Capacidade de carga<\/strong>: 2000kg<\/p>\n<\/li>\n<li>\n<p class=\"ds-markdown-paragraph\"><strong>Gama de inclina\u00e7\u00e3o<\/strong>: 0-135\u00b0<\/p>\n<\/li>\n<li>\n<p class=\"ds-markdown-paragraph\"><strong>Velocidade de rota\u00e7\u00e3o<\/strong>: 0,1-2 RPM (cont\u00ednuo)<\/p>\n<\/li>\n<li>\n<p class=\"ds-markdown-paragraph\"><strong>Precis\u00e3o de posicionamento<\/strong>: \u00b10.5\u00b0<\/p>\n<\/li>\n<li>\n<p class=\"ds-markdown-paragraph\"><strong>Fonte de alimenta\u00e7\u00e3o<\/strong>: 380V\/50Hz<\/p>\n<\/li>\n<li>\n<p class=\"ds-markdown-paragraph\"><strong>Classe de prote\u00e7\u00e3o<\/strong>: IP54<\/p>\n<\/li>\n<\/ul>\n<p><strong><b>Par\u00e2metros t\u00e9cnicos do posicionador de soldadura da s\u00e9rie HBJ:<\/b><\/strong><\/p>\n<table>\n<tbody>\n<tr>\n<td colspan=\"2\" width=\"229\">Modelo<\/td>\n<td width=\"63\">HBJ-01<\/td>\n<td width=\"64\">HBJ-03<\/td>\n<td width=\"68\">HBJ-06<\/td>\n<td width=\"68\">HJB-12<\/td>\n<td width=\"68\">HBJ-30<\/td>\n<td width=\"68\">HBJ-50<\/td>\n<td width=\"72\">HBJ-100<\/td>\n<\/tr>\n<tr>\n<td colspan=\"2\" width=\"229\">Capacidade de carga nominal (kg)<\/td>\n<td width=\"63\">100<\/td>\n<td width=\"64\">300<\/td>\n<td width=\"68\">600<\/td>\n<td width=\"68\">1200<\/td>\n<td width=\"68\">3000<\/td>\n<td width=\"68\">5000<\/td>\n<td width=\"72\">10000<\/td>\n<\/tr>\n<tr>\n<td colspan=\"2\" width=\"229\">Velocidade de rota\u00e7\u00e3o (rpm)<\/td>\n<td width=\"63\">0.4-4<\/td>\n<td width=\"64\">0.1-1<\/td>\n<td width=\"68\">0.09-0.9<\/td>\n<td width=\"68\">0.05-0.5<\/td>\n<td width=\"68\">0.05-0.5<\/td>\n<td width=\"68\">0.05-0.5<\/td>\n<td width=\"72\">0.05-0.2<\/td>\n<\/tr>\n<tr>\n<td colspan=\"2\" width=\"229\">Velocidade de rota\u00e7\u00e3o (rpm)<\/td>\n<td colspan=\"2\" width=\"128\">pega<\/td>\n<td width=\"68\">1.1<\/td>\n<td width=\"68\">0.67<\/td>\n<td width=\"68\">0.23<\/td>\n<td width=\"68\">0.14<\/td>\n<td width=\"72\">0.14<\/td>\n<\/tr>\n<tr>\n<td colspan=\"2\" width=\"229\">Di\u00e2metro da mesa de trabalho (mm)<\/td>\n<td width=\"63\">\uffe0400<\/td>\n<td width=\"64\">\uffe0600<\/td>\n<td width=\"68\">\uffe01000<\/td>\n<td width=\"68\">\uffe01200<\/td>\n<td width=\"68\">\uffe01400<\/td>\n<td width=\"68\">\uffe01500<\/td>\n<td width=\"72\">\uffe02000<\/td>\n<\/tr>\n<tr>\n<td colspan=\"2\" width=\"229\">\u00c2ngulo de viragem (\u00b0)<\/td>\n<td width=\"63\">0-120<\/td>\n<td width=\"64\">0-90<\/td>\n<td width=\"68\">0-90<\/td>\n<td width=\"68\">0-120<\/td>\n<td colspan=\"3\" width=\"210\"><\/td>\n<\/tr>\n<tr>\n<td rowspan=\"2\" width=\"136\">Pot\u00eancia do motor (KW)<\/td>\n<td width=\"93\">Virar<\/td>\n<td width=\"63\">0.06<\/td>\n<td width=\"64\">0.37<\/td>\n<td width=\"68\">0.75<\/td>\n<td width=\"68\">1.1<\/td>\n<td width=\"68\">1.5<\/td>\n<td width=\"68\">3<\/td>\n<td width=\"72\">5.5<\/td>\n<\/tr>\n<tr>\n<td width=\"93\">Capotamento<\/td>\n<td width=\"63\"><\/td>\n<td width=\"64\"><\/td>\n<td width=\"68\">0.75<\/td>\n<td width=\"68\">2.2<\/td>\n<td width=\"68\">1.5<\/td>\n<td width=\"68\">3<\/td>\n<td width=\"72\">5.5<\/td>\n<\/tr>\n<tr>\n<td colspan=\"2\" width=\"229\">Regula\u00e7\u00e3o da velocidade Tipo<\/td>\n<td colspan=\"7\" width=\"477\">Convers\u00e3o de frequ\u00eancia cont\u00ednua<\/td>\n<\/tr>\n<tr>\n<td colspan=\"2\" width=\"229\">Dist\u00e2ncia m\u00e1xima de gravidade (mm)<\/td>\n<td width=\"63\">100<\/td>\n<td width=\"64\">100<\/td>\n<td width=\"68\">100<\/td>\n<td width=\"68\">150<\/td>\n<td width=\"68\">200<\/td>\n<td width=\"68\">300<\/td>\n<td width=\"72\">400<\/td>\n<\/tr>\n<tr>\n<td colspan=\"2\" width=\"229\">Excentricidade m\u00e1xima (mm)<\/td>\n<td width=\"63\">150<\/td>\n<td width=\"64\">150<\/td>\n<td width=\"68\">150<\/td>\n<td width=\"68\">200<\/td>\n<td width=\"68\">200<\/td>\n<td width=\"68\">300<\/td>\n<td width=\"72\">400<\/td>\n<\/tr>\n<tr>\n<td colspan=\"2\" width=\"229\">Di\u00e2metro m\u00e1ximo de rota\u00e7\u00e3o quando virado a 90\u00b0 (mm)<\/td>\n<td width=\"63\">\uffe0600<\/td>\n<td width=\"64\">\uffe0800<\/td>\n<td width=\"68\">\uffe01500<\/td>\n<td width=\"68\">\uffe02050<\/td>\n<td width=\"68\">\uffe02100<\/td>\n<td width=\"68\">\uffe02500<\/td>\n<td width=\"72\">\uffe03240<\/td>\n<\/tr>\n<\/tbody>\n<\/table>\n<p>1. Rolamento de roda<\/p>\n<p><img decoding=\"async\" src=\"https:\/\/www.weldmc.com\/wp-content\/uploads\/2025\/05\/Slewing-bearing.png\" alt=\"Rolamento de roda\" \/><\/p>\n<p>O rolamento de giro \u00e9 um componente cr\u00edtico de suporte de carga que permite a rota\u00e7\u00e3o relativa entre as pe\u00e7as da m\u00e1quina e, ao mesmo tempo, lida com as for\u00e7as axiais, radiais e de momento de tombamento. O seu design compacto e leve, fabricado em liga de a\u00e7o de alta resist\u00eancia, assegura um funcionamento suave com elevada precis\u00e3o (\u00b10,05\u00b0 de precis\u00e3o de rota\u00e7\u00e3o) e uma longa vida \u00fatil. As principais configura\u00e7\u00f5es incluem orif\u00edcios para parafusos de montagem, engrenagens internas\/externas opcionais, portas de lubrifica\u00e7\u00e3o e sistemas de veda\u00e7\u00e3o para maior fiabilidade. Com uma gama de di\u00e2metros de 300-5000mm e capacidade de carga at\u00e9 50.000kN, \u00e9 amplamente utilizado em maquinaria de constru\u00e7\u00e3o, turbinas e\u00f3licas, gruas e equipamento militar. Est\u00e3o dispon\u00edveis projectos personalizados para aplica\u00e7\u00f5es especializadas.<\/p>\n<ol start=\"2\">\n<li>Engrenagem<\/li>\n<\/ol>\n<p>1). Marcha atr\u00e1s<\/p>\n<p><img decoding=\"async\" src=\"https:\/\/www.weldmc.com\/wp-content\/uploads\/2025\/05\/Reverse-gear.png\" alt=\"Marcha atr\u00e1s\" \/><\/p>\n<p>Geralmente, o \u00e2ngulo de viragem da engrenagem de viragem \u00e9 de 0 \u00b0 a 90 \u00b0. A fun\u00e7\u00e3o de desloca\u00e7\u00e3o \u00e9 conseguida rodando a mesa.<\/p>\n<p>2). Marcha atr\u00e1s<\/p>\n<p><img fetchpriority=\"high\" decoding=\"async\" class=\"\" src=\"https:\/\/www.weldmc.com\/wp-content\/uploads\/2025\/05\/Reverse-gear_1.png\" alt=\"Marcha atr\u00e1s_1\" width=\"351\" height=\"263\" \/> <img decoding=\"async\" class=\"\" src=\"https:\/\/www.weldmc.com\/wp-content\/uploads\/2025\/05\/Reverse-gear_2.png\" alt=\"Marcha atr\u00e1s_2\" width=\"349\" height=\"261\" \/> <img decoding=\"async\" class=\"\" src=\"https:\/\/www.weldmc.com\/wp-content\/uploads\/2025\/05\/Reverse-gear_3.png\" alt=\"Marcha atr\u00e1s_3\" width=\"348\" height=\"261\" \/><\/p>\n<p>As engrenagens s\u00e3o componentes mec\u00e2nicos dentados que transmitem o bin\u00e1rio atrav\u00e9s do engrenamento com outros elementos de engrenagem, como cremalheiras, parafusos sem-fim ou engrenagens adicionais, permitindo um controlo preciso da transmiss\u00e3o de pot\u00eancia, modificando as rela\u00e7\u00f5es velocidade\/torque, redireccionando as traject\u00f3rias de movimento e convertendo os tipos de movimento (por exemplo, rotativo em linear). A sua conce\u00e7\u00e3o de dentes interligados proporciona uma transfer\u00eancia de for\u00e7a fi\u00e1vel, ao mesmo tempo que permite uma vantagem mec\u00e2nica personaliz\u00e1vel em v\u00e1rias aplica\u00e7\u00f5es industriais.<\/p>\n<p>3. redutor<\/p>\n<p><img decoding=\"async\" src=\"https:\/\/www.weldmc.com\/wp-content\/uploads\/2025\/05\/Reducer-1.png\" alt=\"Redutor\" \/><\/p>\n<p>Os redutores s\u00e3o dispositivos mec\u00e2nicos de transmiss\u00e3o de pot\u00eancia que utilizam sistemas de engrenagens de precis\u00e3o para reduzir a velocidade de entrada e aumentar proporcionalmente o bin\u00e1rio de sa\u00edda, sendo o bin\u00e1rio de sa\u00edda o produto do bin\u00e1rio do motor e da rela\u00e7\u00e3o de transmiss\u00e3o (sem exceder a capacidade nominal do redutor). Estes sistemas diminuem simultaneamente a in\u00e9rcia da carga pelo quadrado da rela\u00e7\u00e3o de redu\u00e7\u00e3o, permitindo uma convers\u00e3o de pot\u00eancia optimizada para v\u00e1rias aplica\u00e7\u00f5es industriais atrav\u00e9s de um engrenamento eficiente.<\/p>\n<p><img decoding=\"async\" src=\"https:\/\/www.weldmc.com\/wp-content\/uploads\/2025\/05\/Motor_2.png\" alt=\"Motor_2\" \/> <img decoding=\"async\" src=\"https:\/\/www.weldmc.com\/wp-content\/uploads\/2025\/05\/Motor_1.png\" alt=\"Motor_1\" \/><\/p>\n<p class=\"ds-markdown-paragraph\"><strong>Protocolo de manuten\u00e7\u00e3o global<\/strong><br \/>\nPara garantir um desempenho \u00f3timo do seu\u00a0<strong>posicionador de soldadura de altura fixa<\/strong>Recomendamos uma abordagem de manuten\u00e7\u00e3o em tr\u00eas n\u00edveis:<\/p>\n<ol start=\"1\">\n<li>\n<p class=\"ds-markdown-paragraph\"><strong>Cuidados di\u00e1rios<\/strong><\/p>\n<ul>\n<li>\n<p class=\"ds-markdown-paragraph\">Remover os salpicos de soldadura com o nosso\u00a0<strong>Ferramentas de remo\u00e7\u00e3o de esc\u00f3rias ABK<\/strong><\/p>\n<\/li>\n<li>\n<p class=\"ds-markdown-paragraph\">Verificar os n\u00edveis de lubrifica\u00e7\u00e3o no\u00a0<strong>caixa de velocidades do prato girat\u00f3rio<\/strong><\/p>\n<\/li>\n<li>\n<p class=\"ds-markdown-paragraph\">Realizar uma inspe\u00e7\u00e3o visual de\u00a0<strong>componentes el\u00e9ctricos do posicionador<\/strong><\/p>\n<\/li>\n<\/ul>\n<\/li>\n<li>\n<p class=\"ds-markdown-paragraph\"><strong>Manuten\u00e7\u00e3o programada<\/strong><\/p>\n<ul>\n<li>\n<p class=\"ds-markdown-paragraph\">Verifica\u00e7\u00f5es mensais do bin\u00e1rio de aperto\u00a0<strong>parafusos de fixa\u00e7\u00e3o da base<\/strong>\u00a0(85-95 Nm)<\/p>\n<\/li>\n<li>\n<p class=\"ds-markdown-paragraph\">Avalia\u00e7\u00e3o trimestral de\u00a0<strong>transmiss\u00e3o por parafuso sem-fim<\/strong>\u00a0padr\u00f5es de desgaste<\/p>\n<\/li>\n<li>\n<p class=\"ds-markdown-paragraph\">Testes semestrais de\u00a0<strong>fun\u00e7\u00f5es de paragem de emerg\u00eancia<\/strong>\u00a0e encravamentos de seguran\u00e7a<\/p>\n<\/li>\n<\/ul>\n<\/li>\n<li>\n<p class=\"ds-markdown-paragraph\"><strong>Revis\u00e3o anual<\/strong><\/p>\n<ul>\n<li>\n<p class=\"ds-markdown-paragraph\">Substituir\u00a0<strong>cal\u00e7os de deslizamento resistentes ao desgaste<\/strong>\u00a0e\u00a0<strong>rolamentos rotativos<\/strong><\/p>\n<\/li>\n<li>\n<p class=\"ds-markdown-paragraph\">Completo\u00a0<strong>calibra\u00e7\u00e3o do posicionamento<\/strong>\u00a0utiliza\u00e7\u00e3o de ferramentas de alinhamento por laser<\/p>\n<\/li>\n<li>\n<p class=\"ds-markdown-paragraph\"><strong>Substitui\u00e7\u00e3o da massa lubrificante<\/strong>\u00a0para todos os componentes m\u00f3veis<\/p>\n<\/li>\n<\/ul>\n<\/li>\n<\/ol>\n<p class=\"ds-markdown-paragraph\"><strong>Benef\u00edcios de desempenho<\/strong><br \/>\nA manuten\u00e7\u00e3o correta deste\u00a0<strong>Mesa girat\u00f3ria de soldadura de 2 toneladas<\/strong>\u00a0entrega:<br \/>\n\u2713\u00a0<strong>30% vida \u00fatil prolongada<\/strong>\u00a0em compara\u00e7\u00e3o com os modelos standard<br \/>\n\u2713\u00a0<strong>Precis\u00e3o de posicionamento mantida &lt;0,1 mm<\/strong>\u00a0para soldadura de precis\u00e3o<br \/>\n\u2713\u00a0<strong>90% redu\u00e7\u00e3o do tempo de inatividade n\u00e3o planeado<\/strong>\u00a0atrav\u00e9s de cuidados preventivos<\/p>\n<p class=\"ds-markdown-paragraph\"><strong>Certifica\u00e7\u00e3o t\u00e9cnica e inova\u00e7\u00e3o<\/strong><br \/>\nO nosso\u00a0<strong>posicionadores de altura fixa<\/strong>\u00a0conhecer:<\/p>\n<ul>\n<li>\n<p class=\"ds-markdown-paragraph\">CE Diretiva M\u00e1quinas 2006\/42\/CE<\/p>\n<\/li>\n<li>\n<p class=\"ds-markdown-paragraph\">Normas de qualidade ISO 9001:2015<\/p>\n<\/li>\n<li>\n<p class=\"ds-markdown-paragraph\">\u00cdndice de prote\u00e7\u00e3o IP54 para ambientes industriais<\/p>\n<\/li>\n<\/ul>\n<p class=\"ds-markdown-paragraph\">Apresentando\u00a0<strong>tecnologia de posicionadores de soldadura automatizados<\/strong>, este sistema inclui:<br \/>\n-\u00a0<strong>Conjuntos de engrenagens pr\u00e9-mo\u00eddos<\/strong>\u00a0para uma rota\u00e7\u00e3o sem vibra\u00e7\u00f5es<br \/>\n-\u00a0<strong>An\u00e9is deslizantes integrados<\/strong>\u00a0para transmiss\u00e3o cont\u00ednua de pot\u00eancia\/sinal<br \/>\n-\u00a0<strong>Rolamentos de contacto angular pr\u00e9-carregados<\/strong>\u00a0suportando mais de 20.000 ciclos de funcionamento<\/p>\n<p><img decoding=\"async\" src=\"https:\/\/www.weldmc.com\/wp-content\/uploads\/2025\/05\/Product-certification.png\" alt=\"Certifica\u00e7\u00e3o de produtos\" \/><br \/>\nWuxi ABK Machinery Co.Ltd \u00e9 um fabricante profissional de rotador de soldadura na China. E o nosso rotador de soldadura inclui principalmente rotador de soldadura padr\u00e3o, rotador de soldadura ajust\u00e1vel, e rotador de soldadura especial. N\u00f3s tamb\u00e9m podemos fornecer aos nossos clientes em todo o mundo muitos outros produtos, incluindo mesa girat\u00f3ria de solda, m\u00e1quina de solda de estaca, linha de produ\u00e7\u00e3o de torre e\u00f3lica, linha de solda de viga H, equipamento de solda de tubo, m\u00e1quina de corte CNC, m\u00e1quina de moagem, m\u00e1quina perfiladeira, m\u00e1quina dobradeira de placa, etc. N\u00f3s obtivemos certifica\u00e7\u00e3o ISO e CE, e tamb\u00e9m oferecemos servi\u00e7o OEM.<\/p>","protected":false},"excerpt":{"rendered":"<p>A WUXI ABK apresenta o seu posicionador de soldadura de altura fixa de 2 toneladas de n\u00edvel profissional, concebido para o fabrico de precis\u00e3o de pe\u00e7as pequenas a m\u00e9dias. Com uma constru\u00e7\u00e3o robusta e uma rota\u00e7\u00e3o suave, este posicionador oferece um desempenho fi\u00e1vel para aplica\u00e7\u00f5es em oficinas e linhas de produ\u00e7\u00e3o. O nosso posicionador mant\u00e9m os padr\u00f5es de qualidade de renome da WUXI ABK com componentes duradouros e certifica\u00e7\u00e3o CE.<\/p>","protected":false},"featured_media":2162,"comment_status":"open","ping_status":"closed","template":"","meta":{"_acf_changed":false},"product_brand":[],"product_cat":[21,35,29],"product_tag":[],"class_list":{"0":"post-946","1":"product","2":"type-product","3":"status-publish","4":"has-post-thumbnail","6":"product_cat-welding-automation","7":"product_cat-fixed-height-positioner","8":"product_cat-welding-positioner","10":"first","11":"instock","12":"shipping-taxable","13":"product-type-simple"},"acf":[],"_links":{"self":[{"href":"https:\/\/www.weldmc.com\/pt\/wp-json\/wp\/v2\/product\/946","targetHints":{"allow":["GET"]}}],"collection":[{"href":"https:\/\/www.weldmc.com\/pt\/wp-json\/wp\/v2\/product"}],"about":[{"href":"https:\/\/www.weldmc.com\/pt\/wp-json\/wp\/v2\/types\/product"}],"replies":[{"embeddable":true,"href":"https:\/\/www.weldmc.com\/pt\/wp-json\/wp\/v2\/comments?post=946"}],"wp:featuredmedia":[{"embeddable":true,"href":"https:\/\/www.weldmc.com\/pt\/wp-json\/wp\/v2\/media\/2162"}],"wp:attachment":[{"href":"https:\/\/www.weldmc.com\/pt\/wp-json\/wp\/v2\/media?parent=946"}],"wp:term":[{"taxonomy":"product_brand","embeddable":true,"href":"https:\/\/www.weldmc.com\/pt\/wp-json\/wp\/v2\/product_brand?post=946"},{"taxonomy":"product_cat","embeddable":true,"href":"https:\/\/www.weldmc.com\/pt\/wp-json\/wp\/v2\/product_cat?post=946"},{"taxonomy":"product_tag","embeddable":true,"href":"https:\/\/www.weldmc.com\/pt\/wp-json\/wp\/v2\/product_tag?post=946"}],"curies":[{"name":"wp","href":"https:\/\/api.w.org\/{rel}","templated":true}]}}