{"id":914,"date":"2025-05-24T21:28:47","date_gmt":"2025-05-24T13:28:47","guid":{"rendered":"http:\/\/111.170.148.214:8095\/?post_type=product&#038;p=914"},"modified":"2025-10-13T08:28:33","modified_gmt":"2025-10-13T00:28:33","slug":"rotador-de-soldadura-com-ajuste-automatico-de-altura-300tons","status":"publish","type":"product","link":"https:\/\/www.weldmc.com\/pt\/product\/rotador-de-soldadura-com-ajuste-automatico-de-altura-300tons\/","title":{"rendered":"Rotador de soldadura com ajuste autom\u00e1tico de altura 300Tons"},"content":{"rendered":"<p><strong><b>Descri\u00e7\u00e3o do rotativo de soldadura ajust\u00e1vel<\/b><\/strong><br \/>\n<strong><b>Lista de par\u00e2metros do HG convencional<\/b><\/strong><strong><b>K-300 <\/b><\/strong><strong><b>rotador de soldadura<\/b><\/strong><\/p>\n<table>\n<tbody>\n<tr>\n<td colspan=\"2\" width=\"200\">Modelo<\/td>\n<td width=\"225\">HGK-300<\/td>\n<\/tr>\n<tr>\n<td colspan=\"2\" width=\"200\">Capacidade de carga (Ton)<\/td>\n<td width=\"225\">300<\/td>\n<\/tr>\n<tr>\n<td colspan=\"2\" width=\"200\">Di\u00e2metro da roda (mm)<\/td>\n<td width=\"225\">800<\/td>\n<\/tr>\n<tr>\n<td colspan=\"2\" width=\"200\">Largura da roda (mm)<\/td>\n<td width=\"225\">300(metal)<\/td>\n<\/tr>\n<tr>\n<td rowspan=\"2\" width=\"79\">Di\u00e2metro do recipiente<\/td>\n<td width=\"121\">MIN(mm)<\/td>\n<td width=\"225\">1000<\/td>\n<\/tr>\n<tr>\n<td width=\"121\">MAX(mm)<\/td>\n<td width=\"225\">6000<\/td>\n<\/tr>\n<tr>\n<td colspan=\"2\" width=\"200\">Velocidade da roda (m\/h)<\/td>\n<td width=\"225\">6-60<\/td>\n<\/tr>\n<tr>\n<td colspan=\"2\" width=\"200\">Pot\u00eancia do motor (kw)<\/td>\n<td width=\"225\">2*5.5<\/td>\n<\/tr>\n<\/tbody>\n<\/table>\n<p>&nbsp;<\/p>\n<p><iframe title=\"Leitor de v\u00eddeo do YouTube\" src=\"https:\/\/www.youtube.com\/embed\/3ySB5fQCjYQ?si=t_H1DNfoYxAysPvQ\" width=\"560\" height=\"315\" frameborder=\"0\" allowfullscreen=\"allowfullscreen\"><\/iframe><\/p>\n<p><strong><b>Lista de par\u00e2metros do rotador de soldadura convencional da s\u00e9rie HGK<\/b><\/strong><strong><b><br \/>\n<\/b><\/strong><strong><b><img fetchpriority=\"high\" decoding=\"async\" class=\"alignnone wp-image-821 size-full\" src=\"https:\/\/www.weldmc.com\/wp-content\/uploads\/2025\/05\/Parameter-list-of-conventional-HGK-series-welding-rotator.png\" alt=\"Rotador de soldadura ajust\u00e1vel HGK-300\" width=\"1024\" height=\"170\" srcset=\"https:\/\/www.weldmc.com\/wp-content\/uploads\/2025\/05\/Parameter-list-of-conventional-HGK-series-welding-rotator.png 1024w, https:\/\/www.weldmc.com\/wp-content\/uploads\/2025\/05\/Parameter-list-of-conventional-HGK-series-welding-rotator-300x50.png 300w, https:\/\/www.weldmc.com\/wp-content\/uploads\/2025\/05\/Parameter-list-of-conventional-HGK-series-welding-rotator-768x128.png 768w, https:\/\/www.weldmc.com\/wp-content\/uploads\/2025\/05\/Parameter-list-of-conventional-HGK-series-welding-rotator-600x100.png 600w\" sizes=\"(max-width: 1024px) 100vw, 1024px\" \/><\/b><\/strong><\/p>\n<p>O rotativo de soldadura ajust\u00e1vel de 300 toneladas da WUXI ABK \u00e9 uma solu\u00e7\u00e3o industrial para trabalhos pesados concebida para o fabrico em grande escala de vasos de press\u00e3o, torres e\u00f3licas e componentes de navios. Com um sistema hidr\u00e1ulico robusto de 3 eixos com uma precis\u00e3o de rota\u00e7\u00e3o de \u00b10,5\u00b0, este rotador acomoda pe\u00e7as de trabalho at\u00e9 5m de di\u00e2metro. O seu acionamento por motor duplo e a tecnologia de rolos antiderrapantes garantem um desempenho est\u00e1vel para a soldadura de circunfer\u00eancias de condutas e aplica\u00e7\u00f5es de a\u00e7o estrutural. O sistema preparado para PLC oferece controlo de velocidade de 0,5-5 RPM com preven\u00e7\u00e3o de deforma\u00e7\u00e3o &lt;0,5 mm, tornando-o ideal para a constru\u00e7\u00e3o de plataformas offshore e fabrico de equipamento energ\u00e9tico. Certifica\u00e7\u00e3o CE e ISO com garantia de 24 meses.<\/p>\n<p><img decoding=\"async\" class=\"alignnone wp-image-812 size-full\" src=\"https:\/\/www.weldmc.com\/wp-content\/uploads\/2025\/05\/Adjustable-Welding-Rotator-HGK-5-Maintenance-of-Welding-Rotator-2.png\" alt=\"Rotador de soldadura ajust\u00e1vel HGK-300\" width=\"368\" height=\"276\" srcset=\"https:\/\/www.weldmc.com\/wp-content\/uploads\/2025\/05\/Adjustable-Welding-Rotator-HGK-5-Maintenance-of-Welding-Rotator-2.png 368w, https:\/\/www.weldmc.com\/wp-content\/uploads\/2025\/05\/Adjustable-Welding-Rotator-HGK-5-Maintenance-of-Welding-Rotator-2-300x225.png 300w\" sizes=\"(max-width: 368px) 100vw, 368px\" \/> <img decoding=\"async\" class=\"alignnone size-full wp-image-813\" src=\"http:\/\/111.170.148.214:8095\/wp-content\/uploads\/2025\/05\/Adjustable-Welding-Rotator-HGK-5-Maintenance-of-Welding-Rotator-3.png\" alt=\"Rotador de soldadura ajust\u00e1vel HGK-300\" width=\"374\" height=\"280\" srcset=\"https:\/\/www.weldmc.com\/wp-content\/uploads\/2025\/05\/Adjustable-Welding-Rotator-HGK-5-Maintenance-of-Welding-Rotator-3.png 374w, https:\/\/www.weldmc.com\/wp-content\/uploads\/2025\/05\/Adjustable-Welding-Rotator-HGK-5-Maintenance-of-Welding-Rotator-3-300x225.png 300w\" sizes=\"(max-width: 374px) 100vw, 374px\" \/> <img loading=\"lazy\" decoding=\"async\" class=\"alignnone size-full wp-image-814\" src=\"http:\/\/111.170.148.214:8095\/wp-content\/uploads\/2025\/05\/Adjustable-Welding-Rotator-HGK-5-Maintenance-of-Welding-Rotator.png\" alt=\"Rotador de soldadura ajust\u00e1vel HGK-300\" width=\"328\" height=\"248\" srcset=\"https:\/\/www.weldmc.com\/wp-content\/uploads\/2025\/05\/Adjustable-Welding-Rotator-HGK-5-Maintenance-of-Welding-Rotator.png 328w, https:\/\/www.weldmc.com\/wp-content\/uploads\/2025\/05\/Adjustable-Welding-Rotator-HGK-5-Maintenance-of-Welding-Rotator-300x227.png 300w\" sizes=\"(max-width: 328px) 100vw, 328px\" \/><\/p>\n<p><strong><b>Manuten\u00e7\u00e3o do rotor de soldadura<\/b><\/strong><\/p>\n<p>1. Este rotador de soldadura precisa de ser limpo antes de ser utilizado. E para evitar o envelhecimento, os rolos de borracha devem ficar longe de \u00f3leos e altas temperaturas. Se poss\u00edvel, deve haver uma pessoa espec\u00edfica para operar e manter este dispositivo.<br \/>\n2. Antes do arranque, o redutor de velocidade deve estar cheio de \u00f3leo de motor 30#, o que tamb\u00e9m \u00e9 necess\u00e1rio quando a temperatura ambiente \u00e9 inferior a 0\u00baC.<br \/>\n3. O \u00f3leo no interior do redutor de velocidade deve ser completamente substitu\u00eddo ap\u00f3s o primeiro m\u00eas de utiliza\u00e7\u00e3o e, posteriormente, o \u00f3leo do motor pode ser mudado de seis em seis meses.<br \/>\n4. O leito do rolo n\u00e3o pode ser utilizado como solo de soldadura, de modo a evitar danos nos rolamentos.<\/p>\n<p><img loading=\"lazy\" decoding=\"async\" class=\"alignnone wp-image-834 size-full\" src=\"https:\/\/www.weldmc.com\/wp-content\/uploads\/2025\/05\/Adjustable-Welding-Rotator.png\" alt=\"Rotador de soldadura ajust\u00e1vel HGK-300\" width=\"1080\" height=\"810\" srcset=\"https:\/\/www.weldmc.com\/wp-content\/uploads\/2025\/05\/Adjustable-Welding-Rotator.png 1080w, https:\/\/www.weldmc.com\/wp-content\/uploads\/2025\/05\/Adjustable-Welding-Rotator-300x225.png 300w, https:\/\/www.weldmc.com\/wp-content\/uploads\/2025\/05\/Adjustable-Welding-Rotator-1024x768.png 1024w, https:\/\/www.weldmc.com\/wp-content\/uploads\/2025\/05\/Adjustable-Welding-Rotator-768x576.png 768w, https:\/\/www.weldmc.com\/wp-content\/uploads\/2025\/05\/Adjustable-Welding-Rotator-600x450.png 600w\" sizes=\"(max-width: 1080px) 100vw, 1080px\" \/><\/p>\n<p><strong>Carater\u00edsticas do Rotador de Soldadura<\/strong><\/p>\n<ol>\n<li>A dist\u00e2ncia dos rolos ajusta-se automaticamente para se adaptar a diferentes di\u00e2metros de barril.<br \/>\nA velocidade \u00e9 ajust\u00e1vel atrav\u00e9s de um sistema de controlo de frequ\u00eancia, aumentando a fiabilidade operacional.<br \/>\n3. a facilidade de utiliza\u00e7\u00e3o \u00e9 assegurada por uma caixa de controlo manual.<br \/>\n4. dispon\u00edvel em v\u00e1rias configura\u00e7\u00f5es, incluindo tipos m\u00f3veis e de eleva\u00e7\u00e3o.<br \/>\n5. uma base de rolos especialmente concebida oferece maior comodidade durante a soldadura.<br \/>\n6. os rolos podem ser fabricados a partir de uma variedade de materiais, tais como borracha preta, poliuretano e a\u00e7o.<\/li>\n<\/ol>\n<p><img loading=\"lazy\" decoding=\"async\" class=\"alignnone wp-image-832 size-full\" src=\"https:\/\/www.weldmc.com\/wp-content\/uploads\/2025\/05\/\u56fe\u72473-scaled.jpg\" alt=\"Rotador de soldadura ajust\u00e1vel HGK-300\" width=\"2560\" height=\"1920\" srcset=\"https:\/\/www.weldmc.com\/wp-content\/uploads\/2025\/05\/\u56fe\u72473-scaled.jpg 2560w, https:\/\/www.weldmc.com\/wp-content\/uploads\/2025\/05\/\u56fe\u72473-300x225.jpg 300w, https:\/\/www.weldmc.com\/wp-content\/uploads\/2025\/05\/\u56fe\u72473-1024x768.jpg 1024w, https:\/\/www.weldmc.com\/wp-content\/uploads\/2025\/05\/\u56fe\u72473-768x576.jpg 768w, https:\/\/www.weldmc.com\/wp-content\/uploads\/2025\/05\/\u56fe\u72473-1536x1152.jpg 1536w, https:\/\/www.weldmc.com\/wp-content\/uploads\/2025\/05\/\u56fe\u72473-2048x1536.jpg 2048w, https:\/\/www.weldmc.com\/wp-content\/uploads\/2025\/05\/\u56fe\u72473-600x450.jpg 600w\" sizes=\"(max-width: 2560px) 100vw, 2560px\" \/><\/p>\n<p><strong><b>Detalhes do produto<\/b><\/strong><\/p>\n<table>\n<tbody>\n<tr>\n<td>- Conce\u00e7\u00e3o fi\u00e1vel<\/td>\n<td>- Qualidade fi\u00e1vel<\/td>\n<\/tr>\n<tr>\n<td>- Pe\u00e7as de renome<\/td>\n<td>- Controlo do inversor<\/td>\n<\/tr>\n<tr>\n<td>- Sistema de acionamento direto<\/td>\n<td>- Op\u00e7\u00e3o de desloca\u00e7\u00e3o motorizada<\/td>\n<\/tr>\n<tr>\n<td>- Desenho personalizado por encomenda<\/td>\n<td>- OEM<\/td>\n<\/tr>\n<\/tbody>\n<\/table>\n<p><strong><b>Introdu\u00e7\u00e3o \u00e0 roda<\/b><\/strong><\/p>\n<p>As rodas de poliuretano oferecem uma resist\u00eancia excecional \u00e0 abras\u00e3o, um processamento vers\u00e1til, uma ampla aplicabilidade e uma resist\u00eancia superior ao \u00f3leo, ao ozono, ao envelhecimento, \u00e0 radia\u00e7\u00e3o e a baixas temperaturas. Tamb\u00e9m proporcionam uma forte ader\u00eancia, excelente transmiss\u00e3o de som, biocompatibilidade e compatibilidade com o sangue.<\/p>\n<p><img loading=\"lazy\" decoding=\"async\" class=\"alignnone wp-image-815\" src=\"https:\/\/www.weldmc.com\/wp-content\/uploads\/2025\/05\/Adjustable-Welding-Rotator-HGK-5-Wheel-introduction-1.png\" alt=\"Rotador de soldadura ajust\u00e1vel HGK-300\" width=\"228\" height=\"285\" srcset=\"https:\/\/www.weldmc.com\/wp-content\/uploads\/2025\/05\/Adjustable-Welding-Rotator-HGK-5-Wheel-introduction-1.png 358w, https:\/\/www.weldmc.com\/wp-content\/uploads\/2025\/05\/Adjustable-Welding-Rotator-HGK-5-Wheel-introduction-1-240x300.png 240w\" sizes=\"(max-width: 228px) 100vw, 228px\" \/> <img loading=\"lazy\" decoding=\"async\" class=\"alignnone wp-image-817\" src=\"https:\/\/www.weldmc.com\/wp-content\/uploads\/2025\/05\/Adjustable-Welding-Rotator-HGK-5-Wheel-introduction.png\" alt=\"Rotador de soldadura ajust\u00e1vel HGK-300\" width=\"229\" height=\"287\" srcset=\"https:\/\/www.weldmc.com\/wp-content\/uploads\/2025\/05\/Adjustable-Welding-Rotator-HGK-5-Wheel-introduction.png 308w, https:\/\/www.weldmc.com\/wp-content\/uploads\/2025\/05\/Adjustable-Welding-Rotator-HGK-5-Wheel-introduction-239x300.png 239w\" sizes=\"(max-width: 229px) 100vw, 229px\" \/> <img loading=\"lazy\" decoding=\"async\" class=\"alignnone wp-image-816\" src=\"https:\/\/www.weldmc.com\/wp-content\/uploads\/2025\/05\/Adjustable-Welding-Rotator-HGK-5-Wheel-introduction-3.png\" alt=\"Rotador de soldadura ajust\u00e1vel HGK-300\" width=\"508\" height=\"286\" srcset=\"https:\/\/www.weldmc.com\/wp-content\/uploads\/2025\/05\/Adjustable-Welding-Rotator-HGK-5-Wheel-introduction-3.png 2276w, https:\/\/www.weldmc.com\/wp-content\/uploads\/2025\/05\/Adjustable-Welding-Rotator-HGK-5-Wheel-introduction-3-300x169.png 300w, https:\/\/www.weldmc.com\/wp-content\/uploads\/2025\/05\/Adjustable-Welding-Rotator-HGK-5-Wheel-introduction-3-1024x576.png 1024w, https:\/\/www.weldmc.com\/wp-content\/uploads\/2025\/05\/Adjustable-Welding-Rotator-HGK-5-Wheel-introduction-3-768x432.png 768w, https:\/\/www.weldmc.com\/wp-content\/uploads\/2025\/05\/Adjustable-Welding-Rotator-HGK-5-Wheel-introduction-3-1536x864.png 1536w, https:\/\/www.weldmc.com\/wp-content\/uploads\/2025\/05\/Adjustable-Welding-Rotator-HGK-5-Wheel-introduction-3-2048x1152.png 2048w, https:\/\/www.weldmc.com\/wp-content\/uploads\/2025\/05\/Adjustable-Welding-Rotator-HGK-5-Wheel-introduction-3-600x337.png 600w\" sizes=\"(max-width: 508px) 100vw, 508px\" \/><\/p>\n<p><strong><b>Introdu\u00e7\u00e3o ao motor<\/b><\/strong><strong><b><br \/>\n<\/b><\/strong><strong><b><img loading=\"lazy\" decoding=\"async\" class=\"alignnone wp-image-820 size-full\" src=\"https:\/\/www.weldmc.com\/wp-content\/uploads\/2025\/05\/Motor-introduction.png\" alt=\"Rotador de soldadura ajust\u00e1vel HGK-300\" width=\"695\" height=\"521\" srcset=\"https:\/\/www.weldmc.com\/wp-content\/uploads\/2025\/05\/Motor-introduction.png 695w, https:\/\/www.weldmc.com\/wp-content\/uploads\/2025\/05\/Motor-introduction-300x225.png 300w, https:\/\/www.weldmc.com\/wp-content\/uploads\/2025\/05\/Motor-introduction-600x450.png 600w\" sizes=\"(max-width: 695px) 100vw, 695px\" \/><\/b><\/strong><\/p>\n<p>&nbsp;<\/p>\n<p><img decoding=\"async\" src=\"https:\/\/www.weldmc.com\/wp-content\/uploads\/2025\/05\/Motor_1.png\" alt=\"Motor_1\" \/><\/p>\n<p class=\"ds-markdown-paragraph\"><strong>Guia de Manuten\u00e7\u00e3o e Servi\u00e7o do Rotator de Soldadura WUXI ABK 300Tons<\/strong><\/p>\n<p class=\"ds-markdown-paragraph\">Para um desempenho \u00f3timo do seu\u00a0<strong>rotador de soldadura para trabalhos pesados<\/strong>siga estes procedimentos de manuten\u00e7\u00e3o para garantir a longevidade e a precis\u00e3o do\u00a0<strong>fabrico de recipientes sob press\u00e3o<\/strong>,\u00a0<strong>produ\u00e7\u00e3o de torres e\u00f3licas<\/strong>e\u00a0<strong>aplica\u00e7\u00f5es na constru\u00e7\u00e3o naval<\/strong>:<\/p>\n<ol start=\"1\">\n<li>\n<p class=\"ds-markdown-paragraph\"><strong>Cuidados pr\u00e9-operat\u00f3rios<\/strong><\/p>\n<ul>\n<li>\n<p class=\"ds-markdown-paragraph\">Limpar bem o rotador antes de o utilizar.<\/p>\n<\/li>\n<li>\n<p class=\"ds-markdown-paragraph\">Proteger os rolos de borracha da exposi\u00e7\u00e3o ao \u00f3leo e a temperaturas elevadas para evitar o envelhecimento prematuro.<\/p>\n<\/li>\n<li>\n<p class=\"ds-markdown-paragraph\">Designar pessoal formado para a opera\u00e7\u00e3o e manuten\u00e7\u00e3o.<\/p>\n<\/li>\n<\/ul>\n<\/li>\n<li>\n<p class=\"ds-markdown-paragraph\"><strong>Requisitos de lubrifica\u00e7\u00e3o<\/strong><\/p>\n<ul>\n<li>\n<p class=\"ds-markdown-paragraph\">Encher o redutor de velocidade com\u00a0<strong>\u00d3leo de motor 30#<\/strong>\u00a0antes do arranque, especialmente em condi\u00e7\u00f5es negativas (&lt;0\u00b0C).<\/p>\n<\/li>\n<li>\n<p class=\"ds-markdown-paragraph\">Substituir o \u00f3leo ap\u00f3s o\u00a0<strong>primeiro m\u00eas<\/strong>\u00a0de funcionamento, ent\u00e3o\u00a0<strong>de seis em seis meses<\/strong>\u00a0depois.<\/p>\n<\/li>\n<\/ul>\n<\/li>\n<li>\n<p class=\"ds-markdown-paragraph\"><strong>Medidas cr\u00edticas de seguran\u00e7a<\/strong><\/p>\n<ul>\n<li>\n<p class=\"ds-markdown-paragraph\"><strong>Nunca<\/strong>\u00a0utilizar o leito do rolo como um solo de soldadura - isto pode danificar os rolamentos e afetar a precis\u00e3o da rota\u00e7\u00e3o.<\/p>\n<\/li>\n<\/ul>\n<\/li>\n<\/ol>\n<hr \/>\n<p class=\"ds-markdown-paragraph\"><strong>Porqu\u00ea escolher a WUXI ABK?<\/strong><br \/>\nComo\u00a0<strong>fabricante l\u00edder de rotores<\/strong>\u00a0com\u00a0<strong>Mais de 20 anos de experi\u00eancia<\/strong>, n\u00f3s entregamos:<br \/>\n\u2714\u00a0<strong>Capacidade de 5-400 toneladas<\/strong>\u00a0rotadores para\u00a0<strong>automatiza\u00e7\u00e3o da soldadura industrial<\/strong><br \/>\n\u2714\u00a0<strong>Certifica\u00e7\u00e3o CE e ISO<\/strong>\u00a0concep\u00e7\u00f5es em conformidade com as normas de seguran\u00e7a mundiais<br \/>\n\u2714\u00a0<strong>Garantia de 1 ano<\/strong>\u00a0com\u00a0<strong>substitui\u00e7\u00e3o gratuita de pe\u00e7as de desgaste<\/strong><br \/>\nSuporte t\u00e9cnico dedicado para\u00a0<strong>projectos de grande envergadura<\/strong>\u00a0(por exemplo,\u00a0<strong>soldadura de turbinas e\u00f3licas<\/strong>,\u00a0<strong>constru\u00e7\u00e3o offshore<\/strong>)<\/p>\n<p class=\"ds-markdown-paragraph\">Confiar na nossa\u00a0<strong>rotores de alta precis\u00e3o<\/strong>\u00a0para aumentar a produtividade em\u00a0<strong>soldadura de per\u00edmetros de condutas<\/strong>,\u00a0<strong>fabrico de a\u00e7o estrutural<\/strong>e\u00a0<strong>fabrico de equipamentos energ\u00e9ticos<\/strong>.<\/p>\n<p><img loading=\"lazy\" decoding=\"async\" class=\"alignnone wp-image-794 size-full\" src=\"https:\/\/www.weldmc.com\/wp-content\/uploads\/2025\/05\/Wind-Tower-Welding-Line-Sandblasting-and-Painting.jpg\" alt=\"Rotador de soldadura ajust\u00e1vel HGK-300\" width=\"1500\" height=\"1500\" srcset=\"https:\/\/www.weldmc.com\/wp-content\/uploads\/2025\/05\/Wind-Tower-Welding-Line-Sandblasting-and-Painting.jpg 1500w, https:\/\/www.weldmc.com\/wp-content\/uploads\/2025\/05\/Wind-Tower-Welding-Line-Sandblasting-and-Painting-300x300.jpg 300w, https:\/\/www.weldmc.com\/wp-content\/uploads\/2025\/05\/Wind-Tower-Welding-Line-Sandblasting-and-Painting-1024x1024.jpg 1024w, https:\/\/www.weldmc.com\/wp-content\/uploads\/2025\/05\/Wind-Tower-Welding-Line-Sandblasting-and-Painting-150x150.jpg 150w, https:\/\/www.weldmc.com\/wp-content\/uploads\/2025\/05\/Wind-Tower-Welding-Line-Sandblasting-and-Painting-768x768.jpg 768w, https:\/\/www.weldmc.com\/wp-content\/uploads\/2025\/05\/Wind-Tower-Welding-Line-Sandblasting-and-Painting-500x500.jpg 500w, https:\/\/www.weldmc.com\/wp-content\/uploads\/2025\/05\/Wind-Tower-Welding-Line-Sandblasting-and-Painting-600x600.jpg 600w, https:\/\/www.weldmc.com\/wp-content\/uploads\/2025\/05\/Wind-Tower-Welding-Line-Sandblasting-and-Painting-100x100.jpg 100w\" sizes=\"(max-width: 1500px) 100vw, 1500px\" \/><\/p>\n<p>Wuxi ABK Machinery Co.Ltd \u00e9 um fabricante profissional de rotador de soldadura na China. E o nosso rotador de soldadura inclui principalmente rotador de soldadura padr\u00e3o, rotador de soldadura ajust\u00e1vel, e rotador de soldadura especial. N\u00f3s tamb\u00e9m podemos fornecer aos nossos clientes em todo o mundo muitos outros produtos, incluindo mesa girat\u00f3ria de solda, m\u00e1quina de solda de estaca, linha de produ\u00e7\u00e3o de torre e\u00f3lica, linha de solda de viga H, equipamento de solda de tubo, m\u00e1quina de corte CNC, m\u00e1quina de moagem, m\u00e1quina perfiladeira, m\u00e1quina dobradeira de placa, etc. N\u00f3s obtivemos certifica\u00e7\u00e3o ISO e CE, e tamb\u00e9m oferecemos servi\u00e7o OEM.<\/p>","protected":false},"excerpt":{"rendered":"<p>O Rotador de Soldadura Pesada 300Tons da WUXI ABK proporciona uma rota\u00e7\u00e3o de precis\u00e3o para soldadura de condutas de grande di\u00e2metro, fabrico de recipientes sob press\u00e3o e aplica\u00e7\u00f5es de a\u00e7o estrutural. Este posicionador de n\u00edvel industrial possui um controlo hidr\u00e1ulico robusto de 3 eixos, tecnologia de rolos antiderrapantes e acomoda pe\u00e7as de trabalho at\u00e9 5 m de di\u00e2metro. Com acionamento de motor duplo e compatibilidade de automa\u00e7\u00e3o PLC, assegura uma precis\u00e3o de \u00b10,5\u00b0 para projectos de constru\u00e7\u00e3o naval, torres e\u00f3licas e plataformas offshore. Certificado CE\/ISO com garantia de 24 meses.<\/p>","protected":false},"featured_media":2125,"comment_status":"open","ping_status":"closed","template":"","meta":{"_acf_changed":false},"product_brand":[],"product_cat":[21,39,30],"product_tag":[],"class_list":{"0":"post-914","1":"product","2":"type-product","3":"status-publish","4":"has-post-thumbnail","6":"product_cat-welding-automation","7":"product_cat-adjustable-welding-rotator","8":"product_cat-welding-rotator","10":"first","11":"instock","12":"shipping-taxable","13":"product-type-simple"},"acf":[],"_links":{"self":[{"href":"https:\/\/www.weldmc.com\/pt\/wp-json\/wp\/v2\/product\/914","targetHints":{"allow":["GET"]}}],"collection":[{"href":"https:\/\/www.weldmc.com\/pt\/wp-json\/wp\/v2\/product"}],"about":[{"href":"https:\/\/www.weldmc.com\/pt\/wp-json\/wp\/v2\/types\/product"}],"replies":[{"embeddable":true,"href":"https:\/\/www.weldmc.com\/pt\/wp-json\/wp\/v2\/comments?post=914"}],"wp:featuredmedia":[{"embeddable":true,"href":"https:\/\/www.weldmc.com\/pt\/wp-json\/wp\/v2\/media\/2125"}],"wp:attachment":[{"href":"https:\/\/www.weldmc.com\/pt\/wp-json\/wp\/v2\/media?parent=914"}],"wp:term":[{"taxonomy":"product_brand","embeddable":true,"href":"https:\/\/www.weldmc.com\/pt\/wp-json\/wp\/v2\/product_brand?post=914"},{"taxonomy":"product_cat","embeddable":true,"href":"https:\/\/www.weldmc.com\/pt\/wp-json\/wp\/v2\/product_cat?post=914"},{"taxonomy":"product_tag","embeddable":true,"href":"https:\/\/www.weldmc.com\/pt\/wp-json\/wp\/v2\/product_tag?post=914"}],"curies":[{"name":"wp","href":"https:\/\/api.w.org\/{rel}","templated":true}]}}