{"id":891,"date":"2025-05-24T21:00:05","date_gmt":"2025-05-24T13:00:05","guid":{"rendered":"http:\/\/111.170.148.214:8095\/?post_type=product&#038;p=891"},"modified":"2025-10-13T08:50:49","modified_gmt":"2025-10-13T00:50:49","slug":"maquina-de-soldar-coluna-de-elevacao-posicionadora-100-toneladas","status":"publish","type":"product","link":"https:\/\/www.weldmc.com\/pt\/product\/maquina-de-soldar-coluna-de-elevacao-posicionadora-100-toneladas\/","title":{"rendered":"M\u00e1quina posicionadora de soldadura de coluna de eleva\u00e7\u00e3o 100 toneladas"},"content":{"rendered":"<p>Posicionador de altura ajust\u00e1vel de 100 toneladas Tabela de par\u00e2metros<\/p>\n<table>\n<tbody>\n<tr>\n<td colspan=\"3\" width=\"474\"><strong>Modelo<\/strong><\/td>\n<td width=\"485\"><strong>L<\/strong><strong>HBJ-1<\/strong><strong>00<\/strong><\/td>\n<\/tr>\n<tr>\n<td width=\"318\"><strong>Capacidade de carga<\/strong><\/td>\n<td width=\"78\">(KG)<\/td>\n<td width=\"77\"><\/td>\n<td width=\"485\">10000<\/td>\n<\/tr>\n<tr>\n<td width=\"318\"><strong>Velocidade de rota\u00e7\u00e3o<\/strong><\/td>\n<td width=\"78\">(RPM)<\/td>\n<td width=\"77\"><\/td>\n<td width=\"485\">0.05-0.5<\/td>\n<\/tr>\n<tr>\n<td width=\"318\"><strong>\u00a0Velocidade de rota\u00e7\u00e3o<\/strong><\/td>\n<td width=\"78\">(RPM)<\/td>\n<td width=\"77\"><\/td>\n<td width=\"485\">0.1<\/td>\n<\/tr>\n<tr>\n<td width=\"318\"><strong>\u00c2ngulo de rota\u00e7\u00e3o<\/strong><\/td>\n<td width=\"78\">(\u00b0)<\/td>\n<td width=\"77\"><\/td>\n<td width=\"485\">0-135<\/td>\n<\/tr>\n<tr>\n<td width=\"318\"><strong>Tamanho da mesa de trabalho<\/strong><strong>\u00a0Di\u00e2metro<\/strong><\/td>\n<td width=\"78\">(MM)<\/td>\n<td width=\"77\"><\/td>\n<td width=\"485\">1800<\/td>\n<\/tr>\n<tr>\n<td width=\"318\"><strong>Virar <\/strong><strong>P<\/strong><strong>torre<\/strong><\/td>\n<td width=\"78\">(KW)<\/td>\n<td width=\"77\"><\/td>\n<td width=\"485\">2.2<\/td>\n<\/tr>\n<tr>\n<td width=\"318\"><strong>Capotamento <\/strong><strong>P<\/strong><strong>torre<\/strong><\/td>\n<td width=\"78\">(KW)<\/td>\n<td width=\"77\"><\/td>\n<td width=\"485\">4<\/td>\n<\/tr>\n<tr>\n<td width=\"318\"><strong>Gama de eleva\u00e7\u00e3o<\/strong><\/td>\n<td width=\"78\">(MM)<\/td>\n<td width=\"77\"><\/td>\n<td width=\"485\">800<\/td>\n<\/tr>\n<tr>\n<td width=\"318\"><strong>Fonte de alimenta\u00e7\u00e3o<\/strong><\/td>\n<td width=\"78\">(V)<\/td>\n<td width=\"77\">50Hz 3\u0278<\/td>\n<td width=\"485\">380<\/td>\n<\/tr>\n<tr>\n<td width=\"318\"><strong>Tipo de regula\u00e7\u00e3o da velocidade<\/strong><\/td>\n<td width=\"78\"><\/td>\n<td width=\"77\"><\/td>\n<td width=\"485\">Regula\u00e7\u00e3o de velocidade cont\u00ednua de frequ\u00eancia CA<\/td>\n<\/tr>\n<tr>\n<td width=\"318\"><strong>Altura<\/strong><strong>\u00a0ajust\u00e1vel<\/strong><\/td>\n<td width=\"78\"><\/td>\n<td width=\"77\"><\/td>\n<td width=\"485\">\u00c0 m\u00e3o<\/td>\n<\/tr>\n<tr>\n<td colspan=\"4\" width=\"960\">Nota: Todas as especifica\u00e7\u00f5es s\u00e3o do equipamento padr\u00e3o, que pode ser alterado para atender \u00e0s necessidades dos clientes.<\/td>\n<\/tr>\n<\/tbody>\n<\/table>\n<p>1. Rolamento de roda<\/p>\n<p><img decoding=\"async\" src=\"https:\/\/www.weldmc.com\/wp-content\/uploads\/2025\/05\/Slewing-bearing.png\" alt=\"Rolamento de roda\" \/><\/p>\n<p>O rolamento de giro \u00e9 um componente cr\u00edtico de suporte de carga que permite a rota\u00e7\u00e3o relativa entre as pe\u00e7as da m\u00e1quina e, ao mesmo tempo, lida com as for\u00e7as axiais, radiais e de momento de tombamento. O seu design compacto e leve, fabricado em liga de a\u00e7o de alta resist\u00eancia, assegura um funcionamento suave com elevada precis\u00e3o (\u00b10,05\u00b0 de precis\u00e3o de rota\u00e7\u00e3o) e uma longa vida \u00fatil. As principais configura\u00e7\u00f5es incluem orif\u00edcios para parafusos de montagem, engrenagens internas\/externas opcionais, portas de lubrifica\u00e7\u00e3o e sistemas de veda\u00e7\u00e3o para maior fiabilidade. Com uma gama de di\u00e2metros de 300-5000mm e capacidade de carga at\u00e9 50.000kN, \u00e9 amplamente utilizado em maquinaria de constru\u00e7\u00e3o, turbinas e\u00f3licas, gruas e equipamento militar. Est\u00e3o dispon\u00edveis projectos personalizados para aplica\u00e7\u00f5es especializadas.<\/p>\n<ol start=\"2\">\n<li>Engrenagem<\/li>\n<\/ol>\n<p>1). Marcha atr\u00e1s<\/p>\n<p><img decoding=\"async\" src=\"https:\/\/www.weldmc.com\/wp-content\/uploads\/2025\/05\/Reverse-gear.png\" alt=\"Marcha atr\u00e1s\" \/><\/p>\n<p>Geralmente, o \u00e2ngulo de viragem da engrenagem de viragem \u00e9 de 0 \u00b0 a 90 \u00b0. A fun\u00e7\u00e3o de desloca\u00e7\u00e3o \u00e9 conseguida rodando a mesa.<\/p>\n<p>2). Marcha atr\u00e1s<\/p>\n<p><img fetchpriority=\"high\" decoding=\"async\" class=\"\" src=\"https:\/\/www.weldmc.com\/wp-content\/uploads\/2025\/05\/Reverse-gear_1.png\" alt=\"Marcha atr\u00e1s_1\" width=\"365\" height=\"274\" \/> <img decoding=\"async\" class=\"\" src=\"https:\/\/www.weldmc.com\/wp-content\/uploads\/2025\/05\/Reverse-gear_2.png\" alt=\"Marcha atr\u00e1s_2\" width=\"364\" height=\"273\" \/> <img decoding=\"async\" class=\"\" src=\"https:\/\/www.weldmc.com\/wp-content\/uploads\/2025\/05\/Reverse-gear_3.png\" alt=\"Marcha atr\u00e1s_3\" width=\"362\" height=\"271\" \/><\/p>\n<p>As engrenagens s\u00e3o componentes mec\u00e2nicos dentados que transmitem o bin\u00e1rio atrav\u00e9s do engrenamento com outros elementos de engrenagem, como cremalheiras, parafusos sem-fim ou engrenagens adicionais, permitindo um controlo preciso da transmiss\u00e3o de pot\u00eancia, modificando as rela\u00e7\u00f5es velocidade\/torque, redireccionando as traject\u00f3rias de movimento e convertendo os tipos de movimento (por exemplo, rotativo em linear). A sua conce\u00e7\u00e3o de dentes interligados proporciona uma transfer\u00eancia de for\u00e7a fi\u00e1vel, ao mesmo tempo que permite uma vantagem mec\u00e2nica personaliz\u00e1vel em v\u00e1rias aplica\u00e7\u00f5es industriais.<\/p>\n<p>3. redutor<\/p>\n<p><img decoding=\"async\" src=\"https:\/\/www.weldmc.com\/wp-content\/uploads\/2025\/05\/Reducer.png\" alt=\"Redutor\" \/><\/p>\n<p>Os redutores s\u00e3o dispositivos mec\u00e2nicos de transmiss\u00e3o de pot\u00eancia que utilizam sistemas de engrenagens de precis\u00e3o para reduzir a velocidade de entrada e aumentar proporcionalmente o bin\u00e1rio de sa\u00edda, sendo o bin\u00e1rio de sa\u00edda o produto do bin\u00e1rio do motor e da rela\u00e7\u00e3o de transmiss\u00e3o (sem exceder a capacidade nominal do redutor). Estes sistemas diminuem simultaneamente a in\u00e9rcia da carga pelo quadrado da rela\u00e7\u00e3o de redu\u00e7\u00e3o, permitindo uma convers\u00e3o de pot\u00eancia optimizada para v\u00e1rias aplica\u00e7\u00f5es industriais atrav\u00e9s de um engrenamento eficiente.<\/p>\n<p><img decoding=\"async\" src=\"https:\/\/www.weldmc.com\/wp-content\/uploads\/2025\/05\/Motor_2.png\" alt=\"Motor_2\" \/> <img decoding=\"async\" src=\"https:\/\/www.weldmc.com\/wp-content\/uploads\/2025\/05\/Motor_1.png\" alt=\"Motor_1\" \/><\/p>\n<p class=\"ds-markdown-paragraph\"><strong>Guia de Manuten\u00e7\u00e3o e Valor do Posicionador de Altura Ajust\u00e1vel WUXI ABK 100-Ton<\/strong><\/p>\n<p class=\"ds-markdown-paragraph\"><strong>Protocolo de manuten\u00e7\u00e3o global<\/strong><br \/>\nPara garantir um desempenho \u00f3timo do seu\u00a0<strong>Posicionador de altura ajust\u00e1vel de 100 toneladas<\/strong>Siga este programa de manuten\u00e7\u00e3o em tr\u00eas n\u00edveis:<\/p>\n<ol start=\"1\">\n<li>\n<p class=\"ds-markdown-paragraph\"><strong>Cuidados di\u00e1rios<\/strong><\/p>\n<ul>\n<li>\n<p class=\"ds-markdown-paragraph\">Remover a esc\u00f3ria de soldadura do\u00a0<strong>mesa girat\u00f3ria de soldadura<\/strong>\u00a0superf\u00edcie<\/p>\n<\/li>\n<li>\n<p class=\"ds-markdown-paragraph\">Verificar os n\u00edveis de lubrifica\u00e7\u00e3o em todos os\u00a0<strong>caixas de velocidades posicionadoras<\/strong><\/p>\n<\/li>\n<li>\n<p class=\"ds-markdown-paragraph\">Inspecionar as liga\u00e7\u00f5es el\u00e9ctricas para\u00a0<strong>equipamento de soldadura industrial<\/strong>\u00a0seguran\u00e7a<\/p>\n<\/li>\n<\/ul>\n<\/li>\n<li>\n<p class=\"ds-markdown-paragraph\"><strong>Manuten\u00e7\u00e3o programada<\/strong><\/p>\n<ul>\n<li>\n<p class=\"ds-markdown-paragraph\">Verifica\u00e7\u00f5es mensais do bin\u00e1rio de aperto\u00a0<strong>posicionador para trabalhos pesados<\/strong>\u00a0fixadores (85-95Nm)<\/p>\n<\/li>\n<li>\n<p class=\"ds-markdown-paragraph\">Inspe\u00e7\u00e3o trimestral de\u00a0<strong>mecanismos de acionamento do rotador<\/strong><\/p>\n<\/li>\n<li>\n<p class=\"ds-markdown-paragraph\">Ensaios funcionais semestrais do sistema de seguran\u00e7a<\/p>\n<\/li>\n<\/ul>\n<\/li>\n<li>\n<p class=\"ds-markdown-paragraph\"><strong>Revis\u00e3o anual<\/strong><\/p>\n<ul>\n<li>\n<p class=\"ds-markdown-paragraph\">Substituir o desgaste\u00a0<strong>rolamentos de rolos posicionadores<\/strong><\/p>\n<\/li>\n<li>\n<p class=\"ds-markdown-paragraph\">Lubrificar novamente todos os\u00a0<strong>posicionador de soldadura<\/strong>\u00a0calhas de guia<\/p>\n<\/li>\n<li>\n<p class=\"ds-markdown-paragraph\">Recalibrar\u00a0<strong>sistema de regula\u00e7\u00e3o em altura<\/strong>\u00a0(precis\u00e3o de \u00b10,1 mm)<\/p>\n<\/li>\n<\/ul>\n<\/li>\n<\/ol>\n<p class=\"ds-markdown-paragraph\"><strong>Alertas de desempenho cr\u00edtico<\/strong><br \/>\nParar imediatamente o funcionamento se for detectado:<br \/>\nRu\u00eddo anormal de\u00a0<strong>motores de acionamento de rotores<\/strong><br \/>\nRota\u00e7\u00e3o irregular de\u00a0<strong>mesa girat\u00f3ria de soldadura<\/strong><br \/>\nFlutua\u00e7\u00f5es em\u00a0<strong>capacidade de carga do posicionador<\/strong><\/p>\n<p class=\"ds-markdown-paragraph\"><strong>Garantia de qualidade certificada<\/strong><br \/>\nO nosso\u00a0<strong>Posicionadores ajust\u00e1veis de 100 toneladas<\/strong>\u00a0conhecer:<\/p>\n<ul>\n<li>\n<p class=\"ds-markdown-paragraph\">CE Diretiva M\u00e1quinas 2006\/42\/CE<\/p>\n<\/li>\n<li>\n<p class=\"ds-markdown-paragraph\">Normas de fabrico ISO 9001:2015<\/p>\n<\/li>\n<li>\n<p class=\"ds-markdown-paragraph\">Certifica\u00e7\u00e3o de equipamentos sob press\u00e3o ASME Sec\u00e7\u00e3o VIII<\/p>\n<\/li>\n<\/ul>\n<p class=\"ds-markdown-paragraph\"><strong>Benef\u00edcios da manuten\u00e7\u00e3o<\/strong><br \/>\n\u2714\u00a0<strong>30% vida \u00fatil prolongada<\/strong>\u00a0para\u00a0<strong>posicionadores de soldadura industrial<\/strong><br \/>\n\u2714\u00a0<strong>Redu\u00e7\u00e3o 50%<\/strong>\u00a0em tempo de inatividade n\u00e3o planeado<br \/>\nMant\u00e9m\u00a0<strong>Precis\u00e3o de rota\u00e7\u00e3o de \u00b10,5<\/strong>\u00a0durante mais de 10.000 ciclos<\/p>\n<p class=\"ds-markdown-paragraph\"><strong>Carater\u00edsticas inovadoras<\/strong><br \/>\nO\u00a0<strong>Posicionador WUXI ABK<\/strong>\u00a0A s\u00e9rie incorpora:<\/p>\n<ul>\n<li>\n<p class=\"ds-markdown-paragraph\"><strong>Monitoriza\u00e7\u00e3o inteligente da carga<\/strong>\u00a0para\u00a0<strong>fabrico pesado<\/strong><\/p>\n<\/li>\n<li>\n<p class=\"ds-markdown-paragraph\"><strong>Conce\u00e7\u00e3o modular<\/strong>\u00a0permitindo uma r\u00e1pida\u00a0<strong>substitui\u00e7\u00e3o de componentes<\/strong><\/p>\n<\/li>\n<li>\n<p class=\"ds-markdown-paragraph\"><strong>Classifica\u00e7\u00e3o IP54<\/strong>\u00a0controlos para ambientes agressivos<\/p>\n<\/li>\n<\/ul>\n<p><img decoding=\"async\" src=\"https:\/\/www.weldmc.com\/wp-content\/uploads\/2025\/05\/Product-certification.png\" alt=\"Certifica\u00e7\u00e3o de produtos\" \/><\/p>\n<p>Wuxi ABK Machinery Co.Ltd \u00e9 um fabricante profissional de rotador de soldadura na China. E o nosso rotador de soldadura inclui principalmente rotador de soldadura padr\u00e3o, rotador de soldadura ajust\u00e1vel, e rotador de soldadura especial. N\u00f3s tamb\u00e9m podemos fornecer aos nossos clientes em todo o mundo muitos outros produtos, incluindo mesa girat\u00f3ria de solda, m\u00e1quina de solda de estaca, linha de produ\u00e7\u00e3o de torre e\u00f3lica, linha de solda de viga H, equipamento de solda de tubo, m\u00e1quina de corte CNC, m\u00e1quina de moagem, m\u00e1quina perfiladeira, m\u00e1quina dobradeira de placa, etc. N\u00f3s obtivemos certifica\u00e7\u00e3o ISO e CE, e tamb\u00e9m oferecemos servi\u00e7o OEM.<\/p>","protected":false},"excerpt":{"rendered":"<p><strong>Posicionador de altura ajust\u00e1vel WUXI ABK 100-Ton<\/strong>\u00a0proporciona uma rota\u00e7\u00e3o de precis\u00e3o para o fabrico pesado. Este\u00a0<strong>mesa girat\u00f3ria de soldadura<\/strong>\u00a0carater\u00edsticas\u00a0<strong>regula\u00e7\u00e3o da altura<\/strong>\u00a0(0-500mm),\u00a0<strong>Precis\u00e3o de \u00b10,1\u00b0<\/strong>e\u00a0<strong>Capacidade de 100 toneladas<\/strong>\u00a0para\u00a0<strong>recipientes sob press\u00e3o<\/strong>\u00a0e\u00a0<strong>torres e\u00f3licas<\/strong>. Com\u00a0<strong>Controlo PLC Siemens<\/strong>\u00a0e\u00a0<strong>Certifica\u00e7\u00e3o CE\/ISO<\/strong>garante um desempenho est\u00e1vel em\u00a0<strong>aplica\u00e7\u00f5es de soldadura industrial<\/strong>.<\/p>","protected":false},"featured_media":2170,"comment_status":"open","ping_status":"closed","template":"","meta":{"_acf_changed":false},"product_brand":[],"product_cat":[21,33,29],"product_tag":[],"class_list":{"0":"post-891","1":"product","2":"type-product","3":"status-publish","4":"has-post-thumbnail","6":"product_cat-welding-automation","7":"product_cat-adjustable-height-positioner","8":"product_cat-welding-positioner","10":"first","11":"instock","12":"shipping-taxable","13":"product-type-simple"},"acf":[],"_links":{"self":[{"href":"https:\/\/www.weldmc.com\/pt\/wp-json\/wp\/v2\/product\/891","targetHints":{"allow":["GET"]}}],"collection":[{"href":"https:\/\/www.weldmc.com\/pt\/wp-json\/wp\/v2\/product"}],"about":[{"href":"https:\/\/www.weldmc.com\/pt\/wp-json\/wp\/v2\/types\/product"}],"replies":[{"embeddable":true,"href":"https:\/\/www.weldmc.com\/pt\/wp-json\/wp\/v2\/comments?post=891"}],"wp:featuredmedia":[{"embeddable":true,"href":"https:\/\/www.weldmc.com\/pt\/wp-json\/wp\/v2\/media\/2170"}],"wp:attachment":[{"href":"https:\/\/www.weldmc.com\/pt\/wp-json\/wp\/v2\/media?parent=891"}],"wp:term":[{"taxonomy":"product_brand","embeddable":true,"href":"https:\/\/www.weldmc.com\/pt\/wp-json\/wp\/v2\/product_brand?post=891"},{"taxonomy":"product_cat","embeddable":true,"href":"https:\/\/www.weldmc.com\/pt\/wp-json\/wp\/v2\/product_cat?post=891"},{"taxonomy":"product_tag","embeddable":true,"href":"https:\/\/www.weldmc.com\/pt\/wp-json\/wp\/v2\/product_tag?post=891"}],"curies":[{"name":"wp","href":"https:\/\/api.w.org\/{rel}","templated":true}]}}