{"id":867,"date":"2025-05-24T20:38:28","date_gmt":"2025-05-24T12:38:28","guid":{"rendered":"http:\/\/111.170.148.214:8095\/?post_type=product&#038;p=867"},"modified":"2025-10-13T15:41:23","modified_gmt":"2025-10-13T07:41:23","slug":"rotador-de-soldadura-de-altura-ajustavel-40-toneladas","status":"publish","type":"product","link":"https:\/\/www.weldmc.com\/pt\/product\/rotador-de-soldadura-de-altura-ajustavel-40-toneladas\/","title":{"rendered":"Rotador de soldadura de altura ajust\u00e1vel 40 toneladas"},"content":{"rendered":"<p><strong><b>Descri\u00e7\u00e3o do rotativo de soldadura ajust\u00e1vel<\/b><\/strong><br \/>\n<strong><b>Lista de par\u00e2metros do HG convencional<\/b><\/strong><strong><b>K-40<\/b><\/strong><strong><b>\u00a0rotador de soldadura<\/b><\/strong><\/p>\n<table>\n<tbody>\n<tr>\n<td colspan=\"2\" width=\"200\">Modelo<\/td>\n<td width=\"225\">HGK-40<\/td>\n<\/tr>\n<tr>\n<td colspan=\"2\" width=\"200\">Capacidade de carga (Ton)<\/td>\n<td width=\"225\">40<\/td>\n<\/tr>\n<tr>\n<td colspan=\"2\" width=\"200\">Di\u00e2metro da roda (mm)<\/td>\n<td width=\"225\">450<\/td>\n<\/tr>\n<tr>\n<td colspan=\"2\" width=\"200\">Largura da roda (mm)<\/td>\n<td width=\"225\">220<\/td>\n<\/tr>\n<tr>\n<td rowspan=\"2\" width=\"79\">Di\u00e2metro do recipiente<\/td>\n<td width=\"121\">MIN(mm)<\/td>\n<td width=\"225\">500<\/td>\n<\/tr>\n<tr>\n<td width=\"121\">MAX(mm)<\/td>\n<td width=\"225\">4800<\/td>\n<\/tr>\n<tr>\n<td colspan=\"2\" width=\"200\">Velocidade da roda (m\/h)<\/td>\n<td width=\"225\">6-60<\/td>\n<\/tr>\n<tr>\n<td colspan=\"2\" width=\"200\">Pot\u00eancia do motor (kw)<\/td>\n<td width=\"225\">2*1.5<\/td>\n<\/tr>\n<\/tbody>\n<\/table>\n<p><iframe title=\"Leitor de v\u00eddeo do YouTube\" src=\"https:\/\/www.youtube.com\/embed\/3ySB5fQCjYQ?si=t_H1DNfoYxAysPvQ\" width=\"560\" height=\"315\" frameborder=\"0\" allowfullscreen=\"allowfullscreen\"><\/iframe><\/p>\n<p><strong><b>Lista de par\u00e2metros do rotador de soldadura convencional da s\u00e9rie HGK<\/b><\/strong><strong><b><br \/>\n<\/b><\/strong><b><\/b><\/p>\n<figure id=\"attachment_821\" aria-describedby=\"caption-attachment-821\" style=\"width: 1024px\" class=\"wp-caption alignnone\"><img fetchpriority=\"high\" decoding=\"async\" class=\"wp-image-821 size-full\" src=\"https:\/\/www.weldmc.com\/wp-content\/uploads\/2025\/05\/Parameter-list-of-conventional-HGK-series-welding-rotator.png\" alt=\"Rotador de soldadura ajust\u00e1vel HGK-40\" width=\"1024\" height=\"170\" srcset=\"https:\/\/www.weldmc.com\/wp-content\/uploads\/2025\/05\/Parameter-list-of-conventional-HGK-series-welding-rotator.png 1024w, https:\/\/www.weldmc.com\/wp-content\/uploads\/2025\/05\/Parameter-list-of-conventional-HGK-series-welding-rotator-300x50.png 300w, https:\/\/www.weldmc.com\/wp-content\/uploads\/2025\/05\/Parameter-list-of-conventional-HGK-series-welding-rotator-768x128.png 768w, https:\/\/www.weldmc.com\/wp-content\/uploads\/2025\/05\/Parameter-list-of-conventional-HGK-series-welding-rotator-600x100.png 600w\" sizes=\"(max-width: 1024px) 100vw, 1024px\" \/><figcaption id=\"caption-attachment-821\" class=\"wp-caption-text\">Rotador de soldadura ajust\u00e1vel HGK-40<\/figcaption><\/figure>\n<p class=\"ds-markdown-paragraph\"><strong>WUXI ABK 40-Ton Posicionador de altura ajust\u00e1vel Introdu\u00e7\u00e3o do produto<\/strong><\/p>\n<p class=\"ds-markdown-paragraph\"><strong>Especifica\u00e7\u00f5es t\u00e9cnicas e carater\u00edsticas<\/strong><\/p>\n<p class=\"ds-markdown-paragraph\">O\u00a0<strong>Posicionador de altura ajust\u00e1vel WUXI ABK 40-Ton<\/strong>\u00a0foi concebido para\u00a0<strong>automatiza\u00e7\u00e3o da soldadura de precis\u00e3o<\/strong>\u00a0em aplica\u00e7\u00f5es industriais pesadas, incluindo\u00a0<strong>fabrico de recipientes sob press\u00e3o<\/strong>,\u00a0<strong>produ\u00e7\u00e3o de torres e\u00f3licas<\/strong>e\u00a0<strong>constru\u00e7\u00e3o naval<\/strong>. O seu\u00a0<strong>estrutura resistente<\/strong>\u00a0utiliza\u00e7\u00f5es\u00a0<strong>constru\u00e7\u00e3o em a\u00e7o tipo caixa<\/strong>\u00a0para uma distribui\u00e7\u00e3o \u00f3ptima da carga, assegurando a estabilidade durante opera\u00e7\u00f5es de grande capacidade. O\u00a0<strong>pista de deslizamento de precis\u00e3o<\/strong>\u00a0garantias\u00a0<strong>Precis\u00e3o de posicionamento de \u00b10,1mm<\/strong>, enquanto o\u00a0<strong>mecanismo de fecho r\u00e1pido<\/strong>\u00a0proporciona uma fixa\u00e7\u00e3o r\u00edgida para uma qualidade de soldadura consistente.<\/p>\n<p class=\"ds-markdown-paragraph\"><strong>Rolos de alto desempenho<\/strong><\/p>\n<ul>\n<li>\n<p class=\"ds-markdown-paragraph\"><strong>Rolos de a\u00e7o fundido ZG45<\/strong>\u00a0(dureza HRC 55-60) garantem\u00a0<strong>resist\u00eancia superior ao desgaste<\/strong><\/p>\n<\/li>\n<li>\n<p class=\"ds-markdown-paragraph\"><strong>Capacidade de carga din\u00e2mica de 30 toneladas por rolo<\/strong>\u00a0para manuseamento\u00a0<strong>pe\u00e7as de grande di\u00e2metro<\/strong><\/p>\n<\/li>\n<li>\n<p class=\"ds-markdown-paragraph\">Optimizado para\u00a0<strong>soldadura de a\u00e7o estrutural<\/strong>\u00a0e\u00a0<strong>soldadura de per\u00edmetros de condutas<\/strong><\/p>\n<\/li>\n<\/ul>\n<p class=\"ds-markdown-paragraph\"><strong>Sistema avan\u00e7ado de acionamento e controlo<\/strong><br \/>\nO\u00a0<strong>sistema de acionamento de motor duplo<\/strong>\u00a0(2\u00d77,5kW) com\u00a0<strong>redutores de engrenagens<\/strong>\u00a0proporciona uma rota\u00e7\u00e3o suave a\u00a0<strong>0,5-5 RPM<\/strong>\u00a0(ajust\u00e1vel atrav\u00e9s de\u00a0<strong>conversor de frequ\u00eancia<\/strong>), mantendo\u00a0<strong>\u00b12% sincroniza\u00e7\u00e3o de bin\u00e1rio<\/strong>. As principais inova\u00e7\u00f5es incluem:<br \/>\n\u2713\u00a0<strong>Regula\u00e7\u00e3o hidr\u00e1ulica da eleva\u00e7\u00e3o<\/strong>\u00a0(\u00b150mm de alcance) para um alinhamento flex\u00edvel da pe\u00e7a de trabalho<br \/>\n\u2713\u00a0<strong>Alinhamento autom\u00e1tico da linha central<\/strong>\u00a0com\u00a0<strong>Preven\u00e7\u00e3o de deforma\u00e7\u00e3o &lt;0,5 mm<\/strong><br \/>\n\u2713\u00a0<strong>Sensores de deslocamento NOVO<\/strong>\u00a0(fabrico alem\u00e3o, resolu\u00e7\u00e3o de 0,01 mm) para medi\u00e7\u00e3o em tempo real (linearidade de \u00b10,05%)<\/p>\n<p class=\"ds-markdown-paragraph\"><strong>Automa\u00e7\u00e3o industrial inteligente<\/strong><br \/>\nEquipado com\u00a0<strong>Controlos PLC Siemens\/ABB<\/strong>\u00a0e\u00a0<strong>Prote\u00e7\u00e3o com classifica\u00e7\u00e3o IP65<\/strong>, este\u00a0<strong>posicionador de soldadura<\/strong>\u00a0carater\u00edsticas:<\/p>\n<ul>\n<li>\n<p class=\"ds-markdown-paragraph\"><strong>Controlo do movimento axial<\/strong>\u00a0para dete\u00e7\u00e3o de erros<\/p>\n<\/li>\n<li>\n<p class=\"ds-markdown-paragraph\"><strong>Integra\u00e7\u00e3o perfeita<\/strong>\u00a0com\u00a0<strong>sistemas de soldadura robotizada<\/strong><\/p>\n<\/li>\n<li>\n<p class=\"ds-markdown-paragraph\"><strong>Certifica\u00e7\u00e3o CE e ISO<\/strong>\u00a0para conformidade global<\/p>\n<\/li>\n<\/ul>\n<p class=\"ds-markdown-paragraph\"><strong>Aplica\u00e7\u00f5es<\/strong><br \/>\n\u2714\u00a0<strong>Constru\u00e7\u00e3o de plataformas offshore<\/strong><br \/>\n\u2714\u00a0<strong>Fabrico de caldeiras e de permutadores de calor<\/strong><br \/>\n\u2714\u00a0<strong>Soldadura de componentes de m\u00e1quinas pesadas<\/strong><\/p>\n<p><img decoding=\"async\" class=\"alignnone wp-image-812 size-full\" src=\"https:\/\/www.weldmc.com\/wp-content\/uploads\/2025\/05\/Adjustable-Welding-Rotator-HGK-5-Maintenance-of-Welding-Rotator-2.png\" alt=\"Rotador de soldadura ajust\u00e1vel HGK-40\" width=\"368\" height=\"276\" srcset=\"https:\/\/www.weldmc.com\/wp-content\/uploads\/2025\/05\/Adjustable-Welding-Rotator-HGK-5-Maintenance-of-Welding-Rotator-2.png 368w, https:\/\/www.weldmc.com\/wp-content\/uploads\/2025\/05\/Adjustable-Welding-Rotator-HGK-5-Maintenance-of-Welding-Rotator-2-300x225.png 300w\" sizes=\"(max-width: 368px) 100vw, 368px\" \/><\/p>\n<p><strong><b>Manuten\u00e7\u00e3o do rotor de soldadura<\/b><\/strong><\/p>\n<p>1. Este rotador de soldadura precisa de ser limpo antes de ser utilizado. E para evitar o envelhecimento, os rolos de borracha devem ficar longe de \u00f3leos e altas temperaturas. Se poss\u00edvel, deve haver uma pessoa espec\u00edfica para operar e manter este dispositivo.<br \/>\n2. Antes do arranque, o redutor de velocidade deve estar cheio de \u00f3leo de motor 30#, o que tamb\u00e9m \u00e9 necess\u00e1rio quando a temperatura ambiente \u00e9 inferior a 0\u00baC.<br \/>\n3. O \u00f3leo no interior do redutor de velocidade deve ser completamente substitu\u00eddo ap\u00f3s o primeiro m\u00eas de utiliza\u00e7\u00e3o e, posteriormente, o \u00f3leo do motor pode ser mudado de seis em seis meses.<br \/>\n4. O leito do rolo n\u00e3o pode ser utilizado como solo de soldadura, de modo a evitar danos nos rolamentos.<\/p>\n<p><img decoding=\"async\" class=\"alignnone wp-image-834 size-full\" src=\"https:\/\/www.weldmc.com\/wp-content\/uploads\/2025\/05\/Adjustable-Welding-Rotator.png\" alt=\"Rotador de soldadura ajust\u00e1vel HGK-40\" width=\"1080\" height=\"810\" srcset=\"https:\/\/www.weldmc.com\/wp-content\/uploads\/2025\/05\/Adjustable-Welding-Rotator.png 1080w, https:\/\/www.weldmc.com\/wp-content\/uploads\/2025\/05\/Adjustable-Welding-Rotator-300x225.png 300w, https:\/\/www.weldmc.com\/wp-content\/uploads\/2025\/05\/Adjustable-Welding-Rotator-1024x768.png 1024w, https:\/\/www.weldmc.com\/wp-content\/uploads\/2025\/05\/Adjustable-Welding-Rotator-768x576.png 768w, https:\/\/www.weldmc.com\/wp-content\/uploads\/2025\/05\/Adjustable-Welding-Rotator-600x450.png 600w\" sizes=\"(max-width: 1080px) 100vw, 1080px\" \/><\/p>\n<p><strong>Carater\u00edsticas do Rotador de Soldadura<\/strong><\/p>\n<ol>\n<li>A dist\u00e2ncia dos rolos ajusta-se automaticamente para se adaptar a diferentes di\u00e2metros de barril.<br \/>\nA velocidade \u00e9 ajust\u00e1vel atrav\u00e9s de um sistema de controlo de frequ\u00eancia, aumentando a fiabilidade operacional.<br \/>\n3. a facilidade de utiliza\u00e7\u00e3o \u00e9 assegurada por uma caixa de controlo manual.<br \/>\n4. dispon\u00edvel em v\u00e1rias configura\u00e7\u00f5es, incluindo tipos m\u00f3veis e de eleva\u00e7\u00e3o.<br \/>\n5. uma base de rolos especialmente concebida oferece maior comodidade durante a soldadura.<br \/>\n6. os rolos podem ser fabricados a partir de uma variedade de materiais, tais como borracha preta, poliuretano e a\u00e7o.<\/li>\n<\/ol>\n<p><img loading=\"lazy\" decoding=\"async\" class=\"alignnone wp-image-832 size-full\" src=\"https:\/\/www.weldmc.com\/wp-content\/uploads\/2025\/05\/\u56fe\u72473-scaled.jpg\" alt=\"Rotador de soldadura ajust\u00e1vel HGK-40\" width=\"2560\" height=\"1920\" srcset=\"https:\/\/www.weldmc.com\/wp-content\/uploads\/2025\/05\/\u56fe\u72473-scaled.jpg 2560w, https:\/\/www.weldmc.com\/wp-content\/uploads\/2025\/05\/\u56fe\u72473-300x225.jpg 300w, https:\/\/www.weldmc.com\/wp-content\/uploads\/2025\/05\/\u56fe\u72473-1024x768.jpg 1024w, https:\/\/www.weldmc.com\/wp-content\/uploads\/2025\/05\/\u56fe\u72473-768x576.jpg 768w, https:\/\/www.weldmc.com\/wp-content\/uploads\/2025\/05\/\u56fe\u72473-1536x1152.jpg 1536w, https:\/\/www.weldmc.com\/wp-content\/uploads\/2025\/05\/\u56fe\u72473-2048x1536.jpg 2048w, https:\/\/www.weldmc.com\/wp-content\/uploads\/2025\/05\/\u56fe\u72473-600x450.jpg 600w\" sizes=\"(max-width: 2560px) 100vw, 2560px\" \/><\/p>\n<p><strong><b>Detalhes do produto<\/b><\/strong><\/p>\n<table>\n<tbody>\n<tr>\n<td>- Conce\u00e7\u00e3o fi\u00e1vel<\/td>\n<td>- Qualidade fi\u00e1vel<\/td>\n<\/tr>\n<tr>\n<td>- Pe\u00e7as de renome<\/td>\n<td>- Controlo do inversor<\/td>\n<\/tr>\n<tr>\n<td>- Sistema de acionamento direto<\/td>\n<td>- Op\u00e7\u00e3o de desloca\u00e7\u00e3o motorizada<\/td>\n<\/tr>\n<tr>\n<td>- Desenho personalizado por encomenda<\/td>\n<td>- OEM<\/td>\n<\/tr>\n<\/tbody>\n<\/table>\n<p><strong><b>Introdu\u00e7\u00e3o \u00e0 roda<\/b><\/strong><\/p>\n<p>As rodas de poliuretano oferecem uma resist\u00eancia excecional \u00e0 abras\u00e3o, um processamento vers\u00e1til, uma ampla aplicabilidade e uma resist\u00eancia superior ao \u00f3leo, ao ozono, ao envelhecimento, \u00e0 radia\u00e7\u00e3o e a baixas temperaturas. Tamb\u00e9m proporcionam uma forte ader\u00eancia, excelente transmiss\u00e3o de som, biocompatibilidade e compatibilidade com o sangue.<\/p>\n<p><img loading=\"lazy\" decoding=\"async\" class=\"alignnone wp-image-815\" src=\"https:\/\/www.weldmc.com\/wp-content\/uploads\/2025\/05\/Adjustable-Welding-Rotator-HGK-5-Wheel-introduction-1.png\" alt=\"Rotador de soldadura ajust\u00e1vel HGK-40\" width=\"243\" height=\"304\" srcset=\"https:\/\/www.weldmc.com\/wp-content\/uploads\/2025\/05\/Adjustable-Welding-Rotator-HGK-5-Wheel-introduction-1.png 358w, https:\/\/www.weldmc.com\/wp-content\/uploads\/2025\/05\/Adjustable-Welding-Rotator-HGK-5-Wheel-introduction-1-240x300.png 240w\" sizes=\"(max-width: 243px) 100vw, 243px\" \/> <img loading=\"lazy\" decoding=\"async\" class=\"alignnone wp-image-817\" src=\"https:\/\/www.weldmc.com\/wp-content\/uploads\/2025\/05\/Adjustable-Welding-Rotator-HGK-5-Wheel-introduction.png\" alt=\"Rotador de soldadura ajust\u00e1vel HGK-40\" width=\"244\" height=\"306\" srcset=\"https:\/\/www.weldmc.com\/wp-content\/uploads\/2025\/05\/Adjustable-Welding-Rotator-HGK-5-Wheel-introduction.png 308w, https:\/\/www.weldmc.com\/wp-content\/uploads\/2025\/05\/Adjustable-Welding-Rotator-HGK-5-Wheel-introduction-239x300.png 239w\" sizes=\"(max-width: 244px) 100vw, 244px\" \/> <img loading=\"lazy\" decoding=\"async\" class=\"alignnone wp-image-816\" src=\"https:\/\/www.weldmc.com\/wp-content\/uploads\/2025\/05\/Adjustable-Welding-Rotator-HGK-5-Wheel-introduction-3.png\" alt=\"Rotador de soldadura ajust\u00e1vel HGK-40\" width=\"543\" height=\"306\" srcset=\"https:\/\/www.weldmc.com\/wp-content\/uploads\/2025\/05\/Adjustable-Welding-Rotator-HGK-5-Wheel-introduction-3.png 2276w, https:\/\/www.weldmc.com\/wp-content\/uploads\/2025\/05\/Adjustable-Welding-Rotator-HGK-5-Wheel-introduction-3-300x169.png 300w, https:\/\/www.weldmc.com\/wp-content\/uploads\/2025\/05\/Adjustable-Welding-Rotator-HGK-5-Wheel-introduction-3-1024x576.png 1024w, https:\/\/www.weldmc.com\/wp-content\/uploads\/2025\/05\/Adjustable-Welding-Rotator-HGK-5-Wheel-introduction-3-768x432.png 768w, https:\/\/www.weldmc.com\/wp-content\/uploads\/2025\/05\/Adjustable-Welding-Rotator-HGK-5-Wheel-introduction-3-1536x864.png 1536w, https:\/\/www.weldmc.com\/wp-content\/uploads\/2025\/05\/Adjustable-Welding-Rotator-HGK-5-Wheel-introduction-3-2048x1152.png 2048w, https:\/\/www.weldmc.com\/wp-content\/uploads\/2025\/05\/Adjustable-Welding-Rotator-HGK-5-Wheel-introduction-3-600x337.png 600w\" sizes=\"(max-width: 543px) 100vw, 543px\" \/><\/p>\n<p><strong><b>Introdu\u00e7\u00e3o ao motor<\/b><\/strong><strong><b><br \/>\n<\/b><\/strong><strong><b><img loading=\"lazy\" decoding=\"async\" class=\"alignnone wp-image-820 size-full\" src=\"https:\/\/www.weldmc.com\/wp-content\/uploads\/2025\/05\/Motor-introduction.png\" alt=\"Rotador de soldadura ajust\u00e1vel HGK-40\" width=\"695\" height=\"521\" srcset=\"https:\/\/www.weldmc.com\/wp-content\/uploads\/2025\/05\/Motor-introduction.png 695w, https:\/\/www.weldmc.com\/wp-content\/uploads\/2025\/05\/Motor-introduction-300x225.png 300w, https:\/\/www.weldmc.com\/wp-content\/uploads\/2025\/05\/Motor-introduction-600x450.png 600w\" sizes=\"(max-width: 695px) 100vw, 695px\" \/><\/b><\/strong><\/p>\n<p><img decoding=\"async\" src=\"https:\/\/www.weldmc.com\/wp-content\/uploads\/2025\/05\/Motor_1.png\" alt=\"Motor_1\" \/><\/p>\n<p class=\"ds-markdown-paragraph\"><strong>Guia de manuten\u00e7\u00e3o e servi\u00e7o do posicionador de soldadura de altura ajust\u00e1vel WUXI ABK 40-Ton<\/strong><\/p>\n<p class=\"ds-markdown-paragraph\"><strong>Manuten\u00e7\u00e3o pr\u00e9-operacional<\/strong><br \/>\nAntes de utilizar o\u00a0<strong>Posicionador de soldadura de altura ajust\u00e1vel de 40 toneladas<\/strong>Limpe cuidadosamente todos os componentes para remover os detritos. O\u00a0<strong>rolos de borracha de alta qualidade<\/strong>\u00a0deve ser protegido da exposi\u00e7\u00e3o a \u00f3leos e a temperaturas superiores a 60\u00b0C para evitar o envelhecimento prematuro. Designar pessoal certificado para a opera\u00e7\u00e3o e manuten\u00e7\u00e3o, de modo a garantir um desempenho \u00f3timo deste\u00a0<strong>equipamento de soldadura industrial<\/strong>.<\/p>\n<p class=\"ds-markdown-paragraph\"><strong>Lubrifica\u00e7\u00e3o e manuten\u00e7\u00e3o<\/strong><\/p>\n<ul>\n<li>\n<p class=\"ds-markdown-paragraph\">Preencher o\u00a0<strong>redutor de precis\u00e3o<\/strong>\u00a0com\u00a0<strong>\u00d3leo de motor 30#<\/strong>\u00a0(equivalente a ISO VG 150) antes do arranque inicial<\/p>\n<\/li>\n<li>\n<p class=\"ds-markdown-paragraph\">Em condi\u00e7\u00f5es abaixo de zero (&lt;0\u00b0C), utilizar\u00a0<strong>lubrificante sint\u00e9tico para baixas temperaturas<\/strong><\/p>\n<\/li>\n<li>\n<p class=\"ds-markdown-paragraph\">Substituir o \u00f3leo ap\u00f3s\u00a0<strong>30 dias de funcionamento<\/strong>, ent\u00e3o\u00a0<strong>a cada 500 horas de funcionamento<\/strong>\u00a0(ou 6 meses)<\/p>\n<\/li>\n<li>\n<p class=\"ds-markdown-paragraph\">Para\u00a0<strong>posicionadores para trabalhos pesados<\/strong>\u00a0manuseamento\u00a0<strong>sec\u00e7\u00f5es de torres e\u00f3licas<\/strong>\u00a0ou\u00a0<strong>componentes de recipientes sob press\u00e3o<\/strong>efetuar o reabastecimento mensal de massa lubrificante<\/p>\n<\/li>\n<\/ul>\n<p class=\"ds-markdown-paragraph\"><strong>Protocolos operacionais cr\u00edticos<\/strong><\/p>\n<ol start=\"1\">\n<li>\n<p class=\"ds-markdown-paragraph\"><strong>Nunca<\/strong>\u00a0utilizar o\u00a0<strong>cama de rotador<\/strong>\u00a0como terra de soldadura - utilizar pin\u00e7as de liga\u00e7\u00e3o \u00e0 terra separadas para proteger\u00a0<strong>rolamentos de precis\u00e3o<\/strong><\/p>\n<\/li>\n<li>\n<p class=\"ds-markdown-paragraph\">Inspec\u00e7\u00f5es mensais de:<\/p>\n<ul>\n<li>\n<p class=\"ds-markdown-paragraph\"><strong>Sistema de eleva\u00e7\u00e3o hidr\u00e1ulico<\/strong>\u00a0(capacidade de 40 toneladas)<\/p>\n<\/li>\n<li>\n<p class=\"ds-markdown-paragraph\"><strong>Alinhamento antiderrapante dos rolos<\/strong><\/p>\n<\/li>\n<li>\n<p class=\"ds-markdown-paragraph\"><strong>Liga\u00e7\u00f5es de controlo PLC<\/strong><\/p>\n<\/li>\n<\/ul>\n<\/li>\n<\/ol>\n<p class=\"ds-markdown-paragraph\"><strong>Garantia do fabricante<\/strong><br \/>\nWUXI ABK traz\u00a0<strong>Mais de 20 anos de experi\u00eancia em posicionadores de soldadura<\/strong>, entregando:<br \/>\n\u2713\u00a0<strong>Gama de capacidades de 5-400 toneladas<\/strong>\u00a0para\u00a0<strong>fabrico de navios<\/strong>\u00a0e\u00a0<strong>soldadura estrutural<\/strong><br \/>\n\u2713\u00a0<strong>Certifica\u00e7\u00e3o CE e ISO 9001<\/strong>\u00a0processos de fabrico<br \/>\n\u2713\u00a0<strong>Garantia de 2 anos<\/strong>\u00a0sobre\u00a0<strong>redutores de engrenagens<\/strong>\u00a0e\u00a0<strong>pe\u00e7as de desgaste gratuitas<\/strong>\u00a0substitui\u00e7\u00e3o<br \/>\n\u2713\u00a0<strong>Suporte t\u00e9cnico 24\/7<\/strong>\u00a0para\u00a0<strong>plataforma offshore<\/strong>\u00a0e\u00a0<strong>projectos de turbinas e\u00f3licas<\/strong><\/p>\n<p><img loading=\"lazy\" decoding=\"async\" class=\"alignnone wp-image-819 size-full\" src=\"https:\/\/www.weldmc.com\/wp-content\/uploads\/2025\/05\/Adjustable-Welding-Rotator-HGK.png\" alt=\"Rotador de soldadura ajust\u00e1vel HGK-40\" width=\"1500\" height=\"1500\" srcset=\"https:\/\/www.weldmc.com\/wp-content\/uploads\/2025\/05\/Adjustable-Welding-Rotator-HGK.png 1500w, https:\/\/www.weldmc.com\/wp-content\/uploads\/2025\/05\/Adjustable-Welding-Rotator-HGK-300x300.png 300w, https:\/\/www.weldmc.com\/wp-content\/uploads\/2025\/05\/Adjustable-Welding-Rotator-HGK-1024x1024.png 1024w, https:\/\/www.weldmc.com\/wp-content\/uploads\/2025\/05\/Adjustable-Welding-Rotator-HGK-150x150.png 150w, https:\/\/www.weldmc.com\/wp-content\/uploads\/2025\/05\/Adjustable-Welding-Rotator-HGK-768x768.png 768w, https:\/\/www.weldmc.com\/wp-content\/uploads\/2025\/05\/Adjustable-Welding-Rotator-HGK-500x500.png 500w, https:\/\/www.weldmc.com\/wp-content\/uploads\/2025\/05\/Adjustable-Welding-Rotator-HGK-600x600.png 600w, https:\/\/www.weldmc.com\/wp-content\/uploads\/2025\/05\/Adjustable-Welding-Rotator-HGK-100x100.png 100w\" sizes=\"(max-width: 1500px) 100vw, 1500px\" \/><\/p>\n<p>Wuxi ABK Machinery Co.Ltd \u00e9 um fabricante profissional de rotador de soldadura na China. E o nosso rotador de soldadura inclui principalmente rotador de soldadura padr\u00e3o, rotador de soldadura ajust\u00e1vel, e rotador de soldadura especial. N\u00f3s tamb\u00e9m podemos fornecer aos nossos clientes em todo o mundo muitos outros produtos, incluindo mesa girat\u00f3ria de solda, m\u00e1quina de solda de estaca, linha de produ\u00e7\u00e3o de torre e\u00f3lica, linha de solda de viga H, equipamento de solda de tubo, m\u00e1quina de corte CNC, m\u00e1quina de moagem, m\u00e1quina perfiladeira, m\u00e1quina dobradeira de placa, etc. N\u00f3s obtivemos certifica\u00e7\u00e3o ISO e CE, e tamb\u00e9m oferecemos servi\u00e7o OEM.<\/p>\n<p>&nbsp;<\/p>","protected":false},"excerpt":{"rendered":"<p><strong>Rotador de soldadura ajust\u00e1vel de 40 toneladas WUXI ABK<\/strong>\u00a0proporciona uma rota\u00e7\u00e3o de precis\u00e3o para aplica\u00e7\u00f5es industriais pesadas como\u00a0<strong>fabrico de recipientes sob press\u00e3o<\/strong>\u00a0e\u00a0<strong>soldadura de torres e\u00f3licas<\/strong>. Apresentando\u00a0<strong>regula\u00e7\u00e3o hidr\u00e1ulica da altura<\/strong>,\u00a0<strong>rolos antiderrapantes<\/strong>e\u00a0<strong>Controlo PLC<\/strong>, este\u00a0<strong>Posicionador com certifica\u00e7\u00e3o CE<\/strong>\u00a0assegura um desempenho est\u00e1vel com uma precis\u00e3o de \u00b10,2\u00b0. Ideal para\u00a0<strong>constru\u00e7\u00e3o naval<\/strong>\u00a0e\u00a0<strong>a\u00e7o estrutural<\/strong>\u00a0projectos.<\/p>","protected":false},"featured_media":2134,"comment_status":"open","ping_status":"closed","template":"","meta":{"_acf_changed":false},"product_brand":[],"product_cat":[21,39,30],"product_tag":[],"class_list":{"0":"post-867","1":"product","2":"type-product","3":"status-publish","4":"has-post-thumbnail","6":"product_cat-welding-automation","7":"product_cat-adjustable-welding-rotator","8":"product_cat-welding-rotator","10":"first","11":"instock","12":"shipping-taxable","13":"product-type-simple"},"acf":[],"_links":{"self":[{"href":"https:\/\/www.weldmc.com\/pt\/wp-json\/wp\/v2\/product\/867","targetHints":{"allow":["GET"]}}],"collection":[{"href":"https:\/\/www.weldmc.com\/pt\/wp-json\/wp\/v2\/product"}],"about":[{"href":"https:\/\/www.weldmc.com\/pt\/wp-json\/wp\/v2\/types\/product"}],"replies":[{"embeddable":true,"href":"https:\/\/www.weldmc.com\/pt\/wp-json\/wp\/v2\/comments?post=867"}],"wp:featuredmedia":[{"embeddable":true,"href":"https:\/\/www.weldmc.com\/pt\/wp-json\/wp\/v2\/media\/2134"}],"wp:attachment":[{"href":"https:\/\/www.weldmc.com\/pt\/wp-json\/wp\/v2\/media?parent=867"}],"wp:term":[{"taxonomy":"product_brand","embeddable":true,"href":"https:\/\/www.weldmc.com\/pt\/wp-json\/wp\/v2\/product_brand?post=867"},{"taxonomy":"product_cat","embeddable":true,"href":"https:\/\/www.weldmc.com\/pt\/wp-json\/wp\/v2\/product_cat?post=867"},{"taxonomy":"product_tag","embeddable":true,"href":"https:\/\/www.weldmc.com\/pt\/wp-json\/wp\/v2\/product_tag?post=867"}],"curies":[{"name":"wp","href":"https:\/\/api.w.org\/{rel}","templated":true}]}}