{"id":865,"date":"2025-05-24T20:43:16","date_gmt":"2025-05-24T12:43:16","guid":{"rendered":"http:\/\/111.170.148.214:8095\/?post_type=product&#038;p=865"},"modified":"2025-10-13T16:21:22","modified_gmt":"2025-10-13T08:21:22","slug":"adjustable-welding-positioner-equipment-30-tons","status":"publish","type":"product","link":"https:\/\/www.weldmc.com\/pt\/product\/adjustable-welding-positioner-equipment-30-tons\/","title":{"rendered":"Equipamento posicionador de soldadura ajust\u00e1vel 30 toneladas"},"content":{"rendered":"<p>30 tons Adjustable Height Positioner Parameter table<\/p>\n<table>\n<tbody>\n<tr>\n<td colspan=\"3\" width=\"474\"><strong>Modelo<\/strong><\/td>\n<td width=\"485\"><strong>L<\/strong><strong>HBJ-<\/strong><strong>30 com eleva\u00e7\u00e3o<\/strong><\/td>\n<\/tr>\n<tr>\n<td width=\"318\"><strong>Capacidade de carga<\/strong><\/td>\n<td width=\"78\">(KG)<\/td>\n<td width=\"77\"><\/td>\n<td width=\"485\">3000<\/td>\n<\/tr>\n<tr>\n<td width=\"318\"><strong>Velocidade de rota\u00e7\u00e3o<\/strong><\/td>\n<td width=\"78\">(RPM)<\/td>\n<td width=\"77\"><\/td>\n<td width=\"485\">0.05-0.5<\/td>\n<\/tr>\n<tr>\n<td width=\"318\"><strong>\u00a0Velocidade de rota\u00e7\u00e3o<\/strong><\/td>\n<td width=\"78\">(RPM)<\/td>\n<td width=\"77\"><\/td>\n<td width=\"485\">0.06<\/td>\n<\/tr>\n<tr>\n<td width=\"318\"><strong>\u00c2ngulo de rota\u00e7\u00e3o<\/strong><\/td>\n<td width=\"78\">(\u00b0)<\/td>\n<td width=\"77\"><\/td>\n<td width=\"485\">0-360<\/td>\n<\/tr>\n<tr>\n<td width=\"318\"><strong>Rota\u00e7\u00e3o A<\/strong><strong>ngle<\/strong><\/td>\n<td width=\"78\">(\u00b0)<\/td>\n<td width=\"77\"><\/td>\n<td width=\"485\">0~360<\/td>\n<\/tr>\n<tr>\n<td width=\"318\"><strong>Tamanho da mesa de trabalho<\/strong><strong>\u00a0Di\u00e2metro<\/strong><\/td>\n<td width=\"78\">(MM)<\/td>\n<td width=\"77\"><\/td>\n<td width=\"485\">600<\/td>\n<\/tr>\n<tr>\n<td width=\"318\"><strong>L comprimento do suporte<\/strong><\/td>\n<td width=\"78\">(MM)<\/td>\n<td width=\"77\"><\/td>\n<td width=\"485\">800<\/td>\n<\/tr>\n<tr>\n<td width=\"318\"><strong>Altura m\u00ednima da mesa de trabalho<\/strong><\/td>\n<td width=\"78\">(MM)<\/td>\n<td width=\"77\"><\/td>\n<td width=\"485\">1000<\/td>\n<\/tr>\n<tr>\n<td width=\"318\"><strong>Altura m\u00e1xima da mesa de trabalho<\/strong><\/td>\n<td width=\"78\">(MM)<\/td>\n<td width=\"77\"><\/td>\n<td width=\"485\">2000<\/td>\n<\/tr>\n<tr>\n<td width=\"318\"><strong>Fonte de alimenta\u00e7\u00e3o<\/strong><\/td>\n<td width=\"78\">(V)<\/td>\n<td width=\"77\">50Hz 3\u0278<\/td>\n<td width=\"485\">380 (Determinado de acordo com as necessidades do cliente)<\/td>\n<\/tr>\n<tr>\n<td width=\"318\"><strong>Tipo de regula\u00e7\u00e3o da velocidade<\/strong><\/td>\n<td width=\"78\"><\/td>\n<td width=\"77\"><\/td>\n<td width=\"485\">Regula\u00e7\u00e3o de velocidade cont\u00ednua de frequ\u00eancia CA<\/td>\n<\/tr>\n<tr>\n<td colspan=\"4\" width=\"960\">Nota: Todas as especifica\u00e7\u00f5es s\u00e3o do equipamento padr\u00e3o, que pode ser alterado para atender \u00e0s necessidades dos clientes.<\/td>\n<\/tr>\n<\/tbody>\n<\/table>\n<p>1. rolamento de giro<\/p>\n<p><img fetchpriority=\"high\" decoding=\"async\" class=\"alignnone wp-image-876\" src=\"http:\/\/111.170.148.214:8095\/wp-content\/uploads\/2025\/05\/Slewing-bearing.jpg\" alt=\"Rolamento de roda\" width=\"800\" height=\"746\" \/><\/p>\n<p>O rolamento de giro \u00e9 um componente cr\u00edtico de suporte de carga que permite a rota\u00e7\u00e3o relativa entre as pe\u00e7as da m\u00e1quina e, ao mesmo tempo, lida com as for\u00e7as axiais, radiais e de momento de tombamento. O seu design compacto e leve, fabricado em liga de a\u00e7o de alta resist\u00eancia, assegura um funcionamento suave com elevada precis\u00e3o (\u00b10,05\u00b0 de precis\u00e3o de rota\u00e7\u00e3o) e uma longa vida \u00fatil. As principais configura\u00e7\u00f5es incluem orif\u00edcios para parafusos de montagem, engrenagens internas\/externas opcionais, portas de lubrifica\u00e7\u00e3o e sistemas de veda\u00e7\u00e3o para maior fiabilidade. Com uma gama de di\u00e2metros de 300-5000mm e capacidade de carga at\u00e9 50.000kN, \u00e9 amplamente utilizado em maquinaria de constru\u00e7\u00e3o, turbinas e\u00f3licas, gruas e equipamento militar. Est\u00e3o dispon\u00edveis projectos personalizados para aplica\u00e7\u00f5es especializadas.<\/p>\n<ol start=\"2\">\n<li>Engrenagem<\/li>\n<\/ol>\n<p>1). Marcha atr\u00e1s<\/p>\n<p><img decoding=\"async\" class=\"alignnone wp-image-882\" src=\"http:\/\/111.170.148.214:8095\/wp-content\/uploads\/2025\/05\/Gear-2.jpg\" alt=\"Gear-2\" width=\"800\" height=\"601\" \/><\/p>\n<p>Geralmente, o \u00e2ngulo de viragem da engrenagem de viragem \u00e9 de 0 \u00b0 a 90 \u00b0. A fun\u00e7\u00e3o de desloca\u00e7\u00e3o \u00e9 conseguida rodando a mesa.<\/p>\n<p>2). Marcha atr\u00e1s<\/p>\n<p><img decoding=\"async\" class=\"alignnone wp-image-883\" src=\"http:\/\/111.170.148.214:8095\/wp-content\/uploads\/2025\/05\/Reverse-Gear-1.jpg\" alt=\"Reverse Gear-1\" width=\"800\" height=\"600\" \/> <img loading=\"lazy\" decoding=\"async\" class=\"alignnone wp-image-881\" src=\"http:\/\/111.170.148.214:8095\/wp-content\/uploads\/2025\/05\/Reverse-Gear.jpg\" alt=\"Reverse Gear\" width=\"800\" height=\"600\" \/> <img loading=\"lazy\" decoding=\"async\" class=\"alignnone wp-image-878\" src=\"http:\/\/111.170.148.214:8095\/wp-content\/uploads\/2025\/05\/Gear-1.jpg\" alt=\"Gear-1\" width=\"800\" height=\"598\" \/><\/p>\n<p>As engrenagens s\u00e3o componentes mec\u00e2nicos dentados que transmitem o bin\u00e1rio atrav\u00e9s do engrenamento com outros elementos de engrenagem, como cremalheiras, parafusos sem-fim ou engrenagens adicionais, permitindo um controlo preciso da transmiss\u00e3o de pot\u00eancia, modificando as rela\u00e7\u00f5es velocidade\/torque, redireccionando as traject\u00f3rias de movimento e convertendo os tipos de movimento (por exemplo, rotativo em linear). A sua conce\u00e7\u00e3o de dentes interligados proporciona uma transfer\u00eancia de for\u00e7a fi\u00e1vel, ao mesmo tempo que permite uma vantagem mec\u00e2nica personaliz\u00e1vel em v\u00e1rias aplica\u00e7\u00f5es industriais.<\/p>\n<p>3. redutor<\/p>\n<p><img loading=\"lazy\" decoding=\"async\" class=\"alignnone size-full wp-image-879\" src=\"http:\/\/111.170.148.214:8095\/wp-content\/uploads\/2025\/05\/Reducer.jpg\" alt=\"Redutor\" width=\"750\" height=\"496\" \/><\/p>\n<p>Os redutores s\u00e3o dispositivos mec\u00e2nicos de transmiss\u00e3o de pot\u00eancia que utilizam sistemas de engrenagens de precis\u00e3o para reduzir a velocidade de entrada e aumentar proporcionalmente o bin\u00e1rio de sa\u00edda, sendo o bin\u00e1rio de sa\u00edda o produto do bin\u00e1rio do motor e da rela\u00e7\u00e3o de transmiss\u00e3o (sem exceder a capacidade nominal do redutor). Estes sistemas diminuem simultaneamente a in\u00e9rcia da carga pelo quadrado da rela\u00e7\u00e3o de redu\u00e7\u00e3o, permitindo uma convers\u00e3o de pot\u00eancia optimizada para v\u00e1rias aplica\u00e7\u00f5es industriais atrav\u00e9s de um engrenamento eficiente.<\/p>\n<p><img loading=\"lazy\" decoding=\"async\" class=\"alignnone wp-image-875\" src=\"http:\/\/111.170.148.214:8095\/wp-content\/uploads\/2025\/05\/Motor.jpg\" alt=\"Motor\" width=\"800\" height=\"312\" \/> <img loading=\"lazy\" decoding=\"async\" class=\"alignnone wp-image-877\" src=\"http:\/\/111.170.148.214:8095\/wp-content\/uploads\/2025\/05\/Motor-1.jpg\" alt=\"Motor-1\" width=\"800\" height=\"601\" \/><\/p>\n<p class=\"ds-markdown-paragraph\"><strong>Protocolo de manuten\u00e7\u00e3o global<\/strong><br \/>\nProper care of our\u00a0<strong>30-ton adjustable welding positioner<\/strong>\u00a0assegura um desempenho \u00f3timo em\u00a0<strong>fabrico de recipientes sob press\u00e3o<\/strong>,\u00a0<strong>soldadura de a\u00e7o estrutural<\/strong>e\u00a0<strong>heavy equipment manufacturing<\/strong>. Daily maintenance should include removal of\u00a0<strong>esc\u00f3ria de soldadura<\/strong>\u00a0deposits and verification of\u00a0<strong>n\u00edveis de lubrifica\u00e7\u00e3o<\/strong>\u00a0in all\u00a0<strong>redutores de engrenagens<\/strong>, along with thorough\u00a0<strong>electrical safety checks<\/strong>\u00a0on control systems.<\/p>\n<p class=\"ds-markdown-paragraph\">Para\u00a0<strong>regular maintenance cycles<\/strong>\u00a0(recommended every 250 operating hours):<br \/>\n\u2713 Tighten all\u00a0<strong>high-strength bolts<\/strong>\u00a0to 90-110Nm torque specifications<br \/>\n\u2713 Inspect\u00a0<strong>transmiss\u00e3o por parafuso sem-fim<\/strong>\u00a0components for wear<br \/>\n\u2713 Test emergency stop and\u00a0<strong>overload protection<\/strong>\u00a0functions<\/p>\n<p class=\"ds-markdown-paragraph\"><strong>Annual Deep Maintenance<\/strong>\u00a0requires:<\/p>\n<ul>\n<li>\n<p class=\"ds-markdown-paragraph\">Replacement of\u00a0<strong>wear-prone components<\/strong>\u00a0(bearings, seals)<\/p>\n<\/li>\n<li>\n<p class=\"ds-markdown-paragraph\">Completo\u00a0<strong>re-lubrication<\/strong>\u00a0of all moving parts using Mobilith SHC 220 grease<\/p>\n<\/li>\n<li>\n<p class=\"ds-markdown-paragraph\">Full\u00a0<strong>recalibra\u00e7\u00e3o do sistema<\/strong>\u00a0to maintain \u00b10.5\u00b0 positioning accuracy<\/p>\n<\/li>\n<\/ul>\n<p class=\"ds-markdown-paragraph\"><strong>Operational Safety Alerts<\/strong><br \/>\nImmediately halt operation if detecting:<br \/>\n-\u00a0<strong>Abnormal noise<\/strong>\u00a0from drive systems (indicating potential gear damage)<br \/>\n-\u00a0<strong>Uneven rotation<\/strong>\u00a0(suggesting roller alignment issues)<br \/>\n-\u00a0<strong>Electrical faults<\/strong>\u00a0no\u00a0<strong>Controlo PLC Siemens<\/strong>\u00a0interface<\/p>\n<p class=\"ds-markdown-paragraph\"><strong>Proven Maintenance Benefits<\/strong><br \/>\nOur protocol delivers:<br \/>\n\u2713\u00a0<strong>30% vida \u00fatil prolongada<\/strong>\u00a0para\u00a0<strong>posicionadores de soldadura industrial<\/strong><br \/>\n\u2713\u00a0<strong>Redu\u00e7\u00e3o 50%<\/strong>\u00a0em tempo de inatividade n\u00e3o planeado<br \/>\nConsistente\u00a0<strong>precis\u00e3o de soldadura<\/strong>\u00a0(\u00b10.2mm repeatability)<\/p>\n<p class=\"ds-markdown-paragraph\"><strong>Certifications &amp; Innovation<\/strong><br \/>\nTodos\u00a0<strong>ABK adjustable positioner<\/strong>\u00a0carries:<\/p>\n<ul>\n<li>\n<p class=\"ds-markdown-paragraph\"><strong>CE &amp; ISO 9001 certification<\/strong>\u00a0for welding machinery<\/p>\n<\/li>\n<li>\n<p class=\"ds-markdown-paragraph\"><strong>Explosion-proof options<\/strong>\u00a0(ATEX Zone 2 compliant)<\/p>\n<\/li>\n<li>\n<p class=\"ds-markdown-paragraph\"><strong>IoT-ready<\/strong>\u00a0interfaces for\u00a0<strong>smart factory integration<\/strong><\/p>\n<\/li>\n<\/ul>\n<p><img loading=\"lazy\" decoding=\"async\" class=\"alignnone size-full wp-image-880\" src=\"http:\/\/111.170.148.214:8095\/wp-content\/uploads\/2025\/05\/Product-certification.jpg\" alt=\"Certifica\u00e7\u00e3o de produtos\" width=\"832\" height=\"832\" \/><br \/>\nWuxi ABK Machinery Co.Ltd \u00e9 um fabricante profissional de rotador de soldadura na China. E o nosso rotador de soldadura inclui principalmente rotador de soldadura padr\u00e3o, rotador de soldadura ajust\u00e1vel, e rotador de soldadura especial. N\u00f3s tamb\u00e9m podemos fornecer aos nossos clientes em todo o mundo muitos outros produtos, incluindo mesa girat\u00f3ria de solda, m\u00e1quina de solda de estaca, linha de produ\u00e7\u00e3o de torre e\u00f3lica, linha de solda de viga H, equipamento de solda de tubo, m\u00e1quina de corte CNC, m\u00e1quina de moagem, m\u00e1quina perfiladeira, m\u00e1quina dobradeira de placa, etc. N\u00f3s obtivemos certifica\u00e7\u00e3o ISO e CE, e tamb\u00e9m oferecemos servi\u00e7o OEM.<\/p>","protected":false},"excerpt":{"rendered":"<p><strong>Posicionador de altura ajust\u00e1vel WUXI ABK 30-Ton<\/strong>\u00a0proporciona uma rota\u00e7\u00e3o precisa para\u00a0<strong>aplica\u00e7\u00f5es de soldadura industrial<\/strong>. Apresentando\u00a0<strong>regula\u00e7\u00e3o hidr\u00e1ulica da altura<\/strong>\u00a0(gama de 300 mm) e\u00a0<strong>Precis\u00e3o de inclina\u00e7\u00e3o de \u00b10,5<\/strong>, trata de\u00a0<strong>recipientes sob press\u00e3o<\/strong>,\u00a0<strong>a\u00e7o estrutural<\/strong>e\u00a0<strong>componentes de torres e\u00f3licas<\/strong>. Com\u00a0<strong>Controlo PLC Siemens<\/strong>\u00a0e\u00a0<strong>acionamento de motor duplo<\/strong>\u00a0(0,5-5 RPM), este\u00a0<strong>Posicionador com certifica\u00e7\u00e3o CE<\/strong>\u00a0garante um desempenho est\u00e1vel em\u00a0<strong>fabrico pesado<\/strong>.<\/p>","protected":false},"featured_media":1504,"comment_status":"open","ping_status":"closed","template":"","meta":{"_acf_changed":false},"product_brand":[],"product_cat":[21,33,29],"product_tag":[],"class_list":{"0":"post-865","1":"product","2":"type-product","3":"status-publish","4":"has-post-thumbnail","6":"product_cat-welding-automation","7":"product_cat-adjustable-height-positioner","8":"product_cat-welding-positioner","10":"first","11":"instock","12":"shipping-taxable","13":"product-type-simple"},"acf":[],"_links":{"self":[{"href":"https:\/\/www.weldmc.com\/pt\/wp-json\/wp\/v2\/product\/865","targetHints":{"allow":["GET"]}}],"collection":[{"href":"https:\/\/www.weldmc.com\/pt\/wp-json\/wp\/v2\/product"}],"about":[{"href":"https:\/\/www.weldmc.com\/pt\/wp-json\/wp\/v2\/types\/product"}],"replies":[{"embeddable":true,"href":"https:\/\/www.weldmc.com\/pt\/wp-json\/wp\/v2\/comments?post=865"}],"wp:featuredmedia":[{"embeddable":true,"href":"https:\/\/www.weldmc.com\/pt\/wp-json\/wp\/v2\/media\/1504"}],"wp:attachment":[{"href":"https:\/\/www.weldmc.com\/pt\/wp-json\/wp\/v2\/media?parent=865"}],"wp:term":[{"taxonomy":"product_brand","embeddable":true,"href":"https:\/\/www.weldmc.com\/pt\/wp-json\/wp\/v2\/product_brand?post=865"},{"taxonomy":"product_cat","embeddable":true,"href":"https:\/\/www.weldmc.com\/pt\/wp-json\/wp\/v2\/product_cat?post=865"},{"taxonomy":"product_tag","embeddable":true,"href":"https:\/\/www.weldmc.com\/pt\/wp-json\/wp\/v2\/product_tag?post=865"}],"curies":[{"name":"wp","href":"https:\/\/api.w.org\/{rel}","templated":true}]}}