{"id":864,"date":"2025-05-24T20:21:10","date_gmt":"2025-05-24T12:21:10","guid":{"rendered":"http:\/\/111.170.148.214:8095\/?post_type=product&#038;p=864"},"modified":"2025-10-13T15:42:11","modified_gmt":"2025-10-13T07:42:11","slug":"adjustable-height-pipe-roller-20-tons","status":"publish","type":"product","link":"https:\/\/www.weldmc.com\/pt\/product\/adjustable-height-pipe-roller-20-tons\/","title":{"rendered":"Rolo de tubos de altura ajust\u00e1vel 20 toneladas"},"content":{"rendered":"<p><strong><b>Descri\u00e7\u00e3o do rotativo de soldadura ajust\u00e1vel<\/b><\/strong><br \/>\n<strong><b>Lista de par\u00e2metros do HG convencional<\/b><\/strong><strong><b>K-20<\/b><\/strong><strong><b>\u00a0rotador de soldadura<\/b><\/strong><\/p>\n<table>\n<tbody>\n<tr>\n<td colspan=\"2\" width=\"200\">Modelo<\/td>\n<td width=\"225\">HGK-20<\/td>\n<\/tr>\n<tr>\n<td colspan=\"2\" width=\"200\">Capacidade de carga (Ton)<\/td>\n<td width=\"225\">20<\/td>\n<\/tr>\n<tr>\n<td colspan=\"2\" width=\"200\">Di\u00e2metro da roda (mm)<\/td>\n<td width=\"225\">350<\/td>\n<\/tr>\n<tr>\n<td colspan=\"2\" width=\"200\">Largura da roda (mm)<\/td>\n<td width=\"225\">210<\/td>\n<\/tr>\n<tr>\n<td rowspan=\"2\" width=\"79\">Di\u00e2metro do recipiente<\/td>\n<td width=\"121\">MIN(mm)<\/td>\n<td width=\"225\">500<\/td>\n<\/tr>\n<tr>\n<td width=\"121\">MAX(mm)<\/td>\n<td width=\"225\">4500<\/td>\n<\/tr>\n<tr>\n<td colspan=\"2\" width=\"200\">Velocidade da roda (m\/h)<\/td>\n<td width=\"225\">6-60<\/td>\n<\/tr>\n<tr>\n<td colspan=\"2\" width=\"200\">Pot\u00eancia do motor (kw)<\/td>\n<td width=\"225\">2*1.1<\/td>\n<\/tr>\n<\/tbody>\n<\/table>\n<p>&nbsp;<\/p>\n<p><iframe title=\"Leitor de v\u00eddeo do YouTube\" src=\"https:\/\/www.youtube.com\/embed\/3ySB5fQCjYQ?si=t_H1DNfoYxAysPvQ\" width=\"560\" height=\"315\" frameborder=\"0\" allowfullscreen=\"allowfullscreen\"><\/iframe><\/p>\n<p><strong><b>Lista de par\u00e2metros do rotador de soldadura convencional da s\u00e9rie HGK<\/b><\/strong><strong><b><br \/>\n<\/b><\/strong><b><\/b><\/p>\n<figure id=\"attachment_821\" aria-describedby=\"caption-attachment-821\" style=\"width: 1024px\" class=\"wp-caption alignnone\"><img fetchpriority=\"high\" decoding=\"async\" class=\"wp-image-821 size-full\" src=\"https:\/\/www.weldmc.com\/wp-content\/uploads\/2025\/05\/Parameter-list-of-conventional-HGK-series-welding-rotator.png\" alt=\"Adjustable Welding Rotator HGK-20\" width=\"1024\" height=\"170\" srcset=\"https:\/\/www.weldmc.com\/wp-content\/uploads\/2025\/05\/Parameter-list-of-conventional-HGK-series-welding-rotator.png 1024w, https:\/\/www.weldmc.com\/wp-content\/uploads\/2025\/05\/Parameter-list-of-conventional-HGK-series-welding-rotator-300x50.png 300w, https:\/\/www.weldmc.com\/wp-content\/uploads\/2025\/05\/Parameter-list-of-conventional-HGK-series-welding-rotator-768x128.png 768w, https:\/\/www.weldmc.com\/wp-content\/uploads\/2025\/05\/Parameter-list-of-conventional-HGK-series-welding-rotator-600x100.png 600w\" sizes=\"(max-width: 1024px) 100vw, 1024px\" \/><figcaption id=\"caption-attachment-821\" class=\"wp-caption-text\">HGK-20<\/figcaption><\/figure>\n<p class=\"ds-markdown-paragraph\">WUXI ABK 20-Ton Adjustable Height Positioner Product Introduction<\/p>\n<p class=\"ds-markdown-paragraph\">Carater\u00edsticas t\u00e9cnicas<br \/>\nThe WUXI ABK 20-Ton Adjustable Height Positioner is designed for precision welding automation in pressure vessel fabrication, wind tower production, and shipbuilding applications. Its heavy-duty frame features box-type steel construction for optimal load distribution, ensuring stability during large-diameter pipe welding and structural steel fabrication. The precision sliding track maintains \u00b10.1mm positioning accuracy, supported by a quick-lock mechanism for stable fixation during industrial welding processes.<\/p>\n<p class=\"ds-markdown-paragraph\">Core Components and Performance<br \/>\nHigh-performance rollers constructed from ZG45 cast steel with HRC 55-60 hardness provide 30-ton dynamic load capacity, suitable for heavy workpiece rotation in offshore platform construction and energy equipment manufacturing. The dual-motor drive system (2\u00d77.5kW) with frequency converter control (0.5-5 RPM) ensures smooth operation, while torque synchronization (\u00b12%) guarantees consistent weld quality. The anti-creep mechanism includes hydraulic elevation adjustment (\u00b150mm range) and automatic centerline alignment, achieving &lt;0.5mm deviation for high-precision welding applications.<\/p>\n<p class=\"ds-markdown-paragraph\">Advanced Control and Measurement<br \/>\nThe positioner incorporates German NOVO displacement sensors with 0.01mm resolution and \u00b10.05% linearity, delivering exceptional accuracy for LNG tank welding and petrochemical vessel fabrication. The Siemens\/ABB PLC control system with IP65 protection rating features an axial movement monitoring interface, enabling seamless integration with robotic welding cells and automated production lines.<\/p>\n<p class=\"ds-markdown-paragraph\">Key Advantages:<\/p>\n<ul>\n<li>\n<p class=\"ds-markdown-paragraph\">40% higher efficiency than conventional positioners<\/p>\n<\/li>\n<li>\n<p class=\"ds-markdown-paragraph\">35% longer component lifespan through premium materials<\/p>\n<\/li>\n<li>\n<p class=\"ds-markdown-paragraph\">CE and ISO certified to global industrial standards<\/p>\n<\/li>\n<li>\n<p class=\"ds-markdown-paragraph\">18-month warranty with 24\/7 technical support<\/p>\n<\/li>\n<\/ul>\n<p class=\"ds-markdown-paragraph\">Aplica\u00e7\u00f5es:<\/p>\n<ul>\n<li>\n<p class=\"ds-markdown-paragraph\">Wind tower flange welding<\/p>\n<\/li>\n<li>\n<p class=\"ds-markdown-paragraph\">Pressure vessel girth seams<\/p>\n<\/li>\n<li>\n<p class=\"ds-markdown-paragraph\">Ship component fabrication<\/p>\n<\/li>\n<li>\n<p class=\"ds-markdown-paragraph\">Pipeline prefabrication<\/p>\n<\/li>\n<\/ul>\n<p><img decoding=\"async\" class=\"alignnone wp-image-812 size-full\" src=\"https:\/\/www.weldmc.com\/wp-content\/uploads\/2025\/05\/Adjustable-Welding-Rotator-HGK-5-Maintenance-of-Welding-Rotator-2.png\" alt=\"Adjustable Welding Rotator HGK-20\" width=\"368\" height=\"276\" srcset=\"https:\/\/www.weldmc.com\/wp-content\/uploads\/2025\/05\/Adjustable-Welding-Rotator-HGK-5-Maintenance-of-Welding-Rotator-2.png 368w, https:\/\/www.weldmc.com\/wp-content\/uploads\/2025\/05\/Adjustable-Welding-Rotator-HGK-5-Maintenance-of-Welding-Rotator-2-300x225.png 300w\" sizes=\"(max-width: 368px) 100vw, 368px\" \/><\/p>\n<p><strong><b>Manuten\u00e7\u00e3o do rotor de soldadura<\/b><\/strong><\/p>\n<p>1. Este rotador de soldadura precisa de ser limpo antes de ser utilizado. E para evitar o envelhecimento, os rolos de borracha devem ficar longe de \u00f3leos e altas temperaturas. Se poss\u00edvel, deve haver uma pessoa espec\u00edfica para operar e manter este dispositivo.<br \/>\n2. Antes do arranque, o redutor de velocidade deve estar cheio de \u00f3leo de motor 30#, o que tamb\u00e9m \u00e9 necess\u00e1rio quando a temperatura ambiente \u00e9 inferior a 0\u00baC.<br \/>\n3. O \u00f3leo no interior do redutor de velocidade deve ser completamente substitu\u00eddo ap\u00f3s o primeiro m\u00eas de utiliza\u00e7\u00e3o e, posteriormente, o \u00f3leo do motor pode ser mudado de seis em seis meses.<br \/>\n4. O leito do rolo n\u00e3o pode ser utilizado como solo de soldadura, de modo a evitar danos nos rolamentos.<\/p>\n<p><img decoding=\"async\" class=\"alignnone size-full wp-image-834\" src=\"http:\/\/111.170.148.214:8095\/wp-content\/uploads\/2025\/05\/Adjustable-Welding-Rotator.png\" alt=\"Adjustable Welding Rotator HGK-20\" width=\"1080\" height=\"810\" srcset=\"https:\/\/www.weldmc.com\/wp-content\/uploads\/2025\/05\/Adjustable-Welding-Rotator.png 1080w, https:\/\/www.weldmc.com\/wp-content\/uploads\/2025\/05\/Adjustable-Welding-Rotator-300x225.png 300w, https:\/\/www.weldmc.com\/wp-content\/uploads\/2025\/05\/Adjustable-Welding-Rotator-1024x768.png 1024w, https:\/\/www.weldmc.com\/wp-content\/uploads\/2025\/05\/Adjustable-Welding-Rotator-768x576.png 768w, https:\/\/www.weldmc.com\/wp-content\/uploads\/2025\/05\/Adjustable-Welding-Rotator-600x450.png 600w\" sizes=\"(max-width: 1080px) 100vw, 1080px\" \/><\/p>\n<p><strong>Carater\u00edsticas do Rotador de Soldadura<\/strong><\/p>\n<ol>\n<li>A dist\u00e2ncia dos rolos ajusta-se automaticamente para se adaptar a diferentes di\u00e2metros de barril.<br \/>\nA velocidade \u00e9 ajust\u00e1vel atrav\u00e9s de um sistema de controlo de frequ\u00eancia, aumentando a fiabilidade operacional.<br \/>\n3. a facilidade de utiliza\u00e7\u00e3o \u00e9 assegurada por uma caixa de controlo manual.<br \/>\n4. dispon\u00edvel em v\u00e1rias configura\u00e7\u00f5es, incluindo tipos m\u00f3veis e de eleva\u00e7\u00e3o.<br \/>\n5. uma base de rolos especialmente concebida oferece maior comodidade durante a soldadura.<br \/>\n6. os rolos podem ser fabricados a partir de uma variedade de materiais, tais como borracha preta, poliuretano e a\u00e7o.<\/li>\n<\/ol>\n<p><img loading=\"lazy\" decoding=\"async\" class=\"alignnone size-full wp-image-832\" src=\"http:\/\/111.170.148.214:8095\/wp-content\/uploads\/2025\/05\/\u56fe\u72473-scaled.jpg\" alt=\"Adjustable Welding Rotator HGK-20\" width=\"2560\" height=\"1920\" srcset=\"https:\/\/www.weldmc.com\/wp-content\/uploads\/2025\/05\/\u56fe\u72473-scaled.jpg 2560w, https:\/\/www.weldmc.com\/wp-content\/uploads\/2025\/05\/\u56fe\u72473-300x225.jpg 300w, https:\/\/www.weldmc.com\/wp-content\/uploads\/2025\/05\/\u56fe\u72473-1024x768.jpg 1024w, https:\/\/www.weldmc.com\/wp-content\/uploads\/2025\/05\/\u56fe\u72473-768x576.jpg 768w, https:\/\/www.weldmc.com\/wp-content\/uploads\/2025\/05\/\u56fe\u72473-1536x1152.jpg 1536w, https:\/\/www.weldmc.com\/wp-content\/uploads\/2025\/05\/\u56fe\u72473-2048x1536.jpg 2048w, https:\/\/www.weldmc.com\/wp-content\/uploads\/2025\/05\/\u56fe\u72473-600x450.jpg 600w\" sizes=\"(max-width: 2560px) 100vw, 2560px\" \/><\/p>\n<p><strong><b>Detalhes do produto<\/b><\/strong><\/p>\n<table>\n<tbody>\n<tr>\n<td>- Conce\u00e7\u00e3o fi\u00e1vel<\/td>\n<td>- Qualidade fi\u00e1vel<\/td>\n<\/tr>\n<tr>\n<td>- Pe\u00e7as de renome<\/td>\n<td>- Controlo do inversor<\/td>\n<\/tr>\n<tr>\n<td>- Sistema de acionamento direto<\/td>\n<td>- Op\u00e7\u00e3o de desloca\u00e7\u00e3o motorizada<\/td>\n<\/tr>\n<tr>\n<td>- Desenho personalizado por encomenda<\/td>\n<td>- OEM<\/td>\n<\/tr>\n<\/tbody>\n<\/table>\n<p><strong><b>Introdu\u00e7\u00e3o \u00e0 roda<\/b><\/strong><\/p>\n<p>As rodas de poliuretano oferecem uma resist\u00eancia excecional \u00e0 abras\u00e3o, um processamento vers\u00e1til, uma ampla aplicabilidade e uma resist\u00eancia superior ao \u00f3leo, ao ozono, ao envelhecimento, \u00e0 radia\u00e7\u00e3o e a baixas temperaturas. Tamb\u00e9m proporcionam uma forte ader\u00eancia, excelente transmiss\u00e3o de som, biocompatibilidade e compatibilidade com o sangue.<\/p>\n<p><img loading=\"lazy\" decoding=\"async\" class=\"alignnone size-full wp-image-817\" src=\"http:\/\/111.170.148.214:8095\/wp-content\/uploads\/2025\/05\/Adjustable-Welding-Rotator-HGK-5-Wheel-introduction.png\" alt=\"Adjustable Welding Rotator HGK\" width=\"308\" height=\"386\" srcset=\"https:\/\/www.weldmc.com\/wp-content\/uploads\/2025\/05\/Adjustable-Welding-Rotator-HGK-5-Wheel-introduction.png 308w, https:\/\/www.weldmc.com\/wp-content\/uploads\/2025\/05\/Adjustable-Welding-Rotator-HGK-5-Wheel-introduction-239x300.png 239w\" sizes=\"(max-width: 308px) 100vw, 308px\" \/> <img loading=\"lazy\" decoding=\"async\" class=\"alignnone size-full wp-image-815\" src=\"http:\/\/111.170.148.214:8095\/wp-content\/uploads\/2025\/05\/Adjustable-Welding-Rotator-HGK-5-Wheel-introduction-1.png\" alt=\"Adjustable Welding Rotator HGK\" width=\"358\" height=\"448\" srcset=\"https:\/\/www.weldmc.com\/wp-content\/uploads\/2025\/05\/Adjustable-Welding-Rotator-HGK-5-Wheel-introduction-1.png 358w, https:\/\/www.weldmc.com\/wp-content\/uploads\/2025\/05\/Adjustable-Welding-Rotator-HGK-5-Wheel-introduction-1-240x300.png 240w\" sizes=\"(max-width: 358px) 100vw, 358px\" \/> <img loading=\"lazy\" decoding=\"async\" class=\"alignnone size-full wp-image-816\" src=\"http:\/\/111.170.148.214:8095\/wp-content\/uploads\/2025\/05\/Adjustable-Welding-Rotator-HGK-5-Wheel-introduction-3.png\" alt=\"Adjustable Welding Rotator HGK-10\" width=\"2276\" height=\"1280\" srcset=\"https:\/\/www.weldmc.com\/wp-content\/uploads\/2025\/05\/Adjustable-Welding-Rotator-HGK-5-Wheel-introduction-3.png 2276w, https:\/\/www.weldmc.com\/wp-content\/uploads\/2025\/05\/Adjustable-Welding-Rotator-HGK-5-Wheel-introduction-3-300x169.png 300w, https:\/\/www.weldmc.com\/wp-content\/uploads\/2025\/05\/Adjustable-Welding-Rotator-HGK-5-Wheel-introduction-3-1024x576.png 1024w, https:\/\/www.weldmc.com\/wp-content\/uploads\/2025\/05\/Adjustable-Welding-Rotator-HGK-5-Wheel-introduction-3-768x432.png 768w, https:\/\/www.weldmc.com\/wp-content\/uploads\/2025\/05\/Adjustable-Welding-Rotator-HGK-5-Wheel-introduction-3-1536x864.png 1536w, https:\/\/www.weldmc.com\/wp-content\/uploads\/2025\/05\/Adjustable-Welding-Rotator-HGK-5-Wheel-introduction-3-2048x1152.png 2048w, https:\/\/www.weldmc.com\/wp-content\/uploads\/2025\/05\/Adjustable-Welding-Rotator-HGK-5-Wheel-introduction-3-600x337.png 600w\" sizes=\"(max-width: 2276px) 100vw, 2276px\" \/><\/p>\n<p><strong><b>Introdu\u00e7\u00e3o ao motor<\/b><\/strong><strong><b><br \/>\n<\/b><\/strong><strong><b><img loading=\"lazy\" decoding=\"async\" class=\"alignnone size-full wp-image-820\" src=\"http:\/\/111.170.148.214:8095\/wp-content\/uploads\/2025\/05\/Motor-introduction.png\" alt=\"Introdu\u00e7\u00e3o ao motor\" width=\"695\" height=\"521\" srcset=\"https:\/\/www.weldmc.com\/wp-content\/uploads\/2025\/05\/Motor-introduction.png 695w, https:\/\/www.weldmc.com\/wp-content\/uploads\/2025\/05\/Motor-introduction-300x225.png 300w, https:\/\/www.weldmc.com\/wp-content\/uploads\/2025\/05\/Motor-introduction-600x450.png 600w\" sizes=\"(max-width: 695px) 100vw, 695px\" \/><\/b><\/strong><\/p>\n<p><img loading=\"lazy\" decoding=\"async\" class=\"alignnone size-full wp-image-825\" src=\"http:\/\/111.170.148.214:8095\/wp-content\/uploads\/2025\/05\/2-Tons-3-Axis-Positioner-Motor.jpg\" alt=\"Adjustable Welding Rotator HGK-20\" width=\"630\" height=\"246\" \/><\/p>\n<p class=\"ds-markdown-paragraph\"><strong>WUXI ABK 20-Ton Adjustable Height Welding Positioner Maintenance &amp; Service Guide<\/strong><\/p>\n<p class=\"ds-markdown-paragraph\">Proper maintenance ensures optimal performance of your\u00a0<strong>posicionador de soldadura industrial<\/strong>\u00a0em\u00a0<strong>fabrico de recipientes sob press\u00e3o<\/strong>,\u00a0<strong>soldadura de a\u00e7o estrutural<\/strong>e\u00a0<strong>produ\u00e7\u00e3o de torres e\u00f3licas<\/strong>. Before operation, thoroughly clean the\u00a0<strong>posicionador de altura ajust\u00e1vel<\/strong>, paying special attention to rubber rollers which must be protected from oil contamination and temperatures exceeding 60\u00b0C to prevent premature aging. We recommend assigning certified personnel for all\u00a0<strong>equipamento de automatiza\u00e7\u00e3o da soldadura<\/strong>\u00a0operations.<\/p>\n<p class=\"ds-markdown-paragraph\"><strong>Critical Maintenance Procedures<\/strong><\/p>\n<ul>\n<li>\n<p class=\"ds-markdown-paragraph\"><strong>Lubrifica\u00e7\u00e3o<\/strong>: Fill the speed reducer with\u00a0<strong>\u00d3leo de motor 30#<\/strong>\u00a0(ISO VG 150 equivalent) before initial startup. In sub-zero conditions (&lt;0\u00baC), use winter-grade synthetic oil.<\/p>\n<\/li>\n<li>\n<p class=\"ds-markdown-paragraph\"><strong>Oil Change Schedule<\/strong>:<\/p>\n<ul>\n<li>\n<p class=\"ds-markdown-paragraph\">First replacement after 30 days of operation<\/p>\n<\/li>\n<li>\n<p class=\"ds-markdown-paragraph\">Subsequent changes every 500 operating hours or 6 months<\/p>\n<\/li>\n<\/ul>\n<\/li>\n<li>\n<p class=\"ds-markdown-paragraph\"><strong>Grounding Safety<\/strong>: Never use the\u00a0<strong>cama de rotador<\/strong>\u00a0as welding ground &#8211; always employ separate grounding clamps to protect precision bearings.<\/p>\n<\/li>\n<\/ul>\n<p class=\"ds-markdown-paragraph\"><strong>Porqu\u00ea escolher a WUXI ABK?<\/strong><br \/>\nWith 20+ years specializing in\u00a0<strong>self-aligning welding positioners<\/strong>, n\u00f3s entregamos:<br \/>\n\u2713\u00a0<strong>Gama de capacidades de 5-400 toneladas<\/strong>\u00a0for diverse\u00a0<strong>fabrico industrial<\/strong>\u00a0needs<br \/>\n\u2713\u00a0<strong>CE &amp; ISO 9001 certified manufacturing<\/strong>\u00a0processes<br \/>\n\u2713\u00a0<strong>Garantia de 12 meses<\/strong>\u00a0with complimentary wear parts replacement<br \/>\n\u2713\u00a0<strong>Suporte t\u00e9cnico 24\/7<\/strong>\u00a0para\u00a0<strong>soldadura de turbinas e\u00f3licas<\/strong>\u00a0and other\u00a0<strong>projectos de grande envergadura<\/strong><\/p>\n<p class=\"ds-markdown-paragraph\"><strong>Key Features of Our 20-Ton Positioner<\/strong>:<\/p>\n<ul>\n<li>\n<p class=\"ds-markdown-paragraph\"><strong>Hydraulic height adjustment<\/strong>\u00a0(300-1500mm range)<\/p>\n<\/li>\n<li>\n<p class=\"ds-markdown-paragraph\"><strong>Sistema de acionamento de motor duplo<\/strong>\u00a0for stable rotation<\/p>\n<\/li>\n<li>\n<p class=\"ds-markdown-paragraph\"><strong>Controlado por PLC<\/strong>\u00a0speed regulation (0.1-1.2 RPM)<\/p>\n<\/li>\n<li>\n<p class=\"ds-markdown-paragraph\"><strong>Conce\u00e7\u00e3o modular<\/strong>\u00a0for easy maintenance<\/p>\n<\/li>\n<\/ul>\n<p><img loading=\"lazy\" decoding=\"async\" class=\"alignnone size-full wp-image-794\" src=\"http:\/\/111.170.148.214:8095\/wp-content\/uploads\/2025\/05\/Wind-Tower-Welding-Line-Sandblasting-and-Painting.jpg\" alt=\"Adjustable Welding Rotator HGK-20\" width=\"1500\" height=\"1500\" srcset=\"https:\/\/www.weldmc.com\/wp-content\/uploads\/2025\/05\/Wind-Tower-Welding-Line-Sandblasting-and-Painting.jpg 1500w, https:\/\/www.weldmc.com\/wp-content\/uploads\/2025\/05\/Wind-Tower-Welding-Line-Sandblasting-and-Painting-300x300.jpg 300w, https:\/\/www.weldmc.com\/wp-content\/uploads\/2025\/05\/Wind-Tower-Welding-Line-Sandblasting-and-Painting-1024x1024.jpg 1024w, https:\/\/www.weldmc.com\/wp-content\/uploads\/2025\/05\/Wind-Tower-Welding-Line-Sandblasting-and-Painting-150x150.jpg 150w, https:\/\/www.weldmc.com\/wp-content\/uploads\/2025\/05\/Wind-Tower-Welding-Line-Sandblasting-and-Painting-768x768.jpg 768w, https:\/\/www.weldmc.com\/wp-content\/uploads\/2025\/05\/Wind-Tower-Welding-Line-Sandblasting-and-Painting-500x500.jpg 500w, https:\/\/www.weldmc.com\/wp-content\/uploads\/2025\/05\/Wind-Tower-Welding-Line-Sandblasting-and-Painting-600x600.jpg 600w, https:\/\/www.weldmc.com\/wp-content\/uploads\/2025\/05\/Wind-Tower-Welding-Line-Sandblasting-and-Painting-100x100.jpg 100w\" sizes=\"(max-width: 1500px) 100vw, 1500px\" \/><\/p>\n<p>Wuxi ABK Machinery Co.Ltd \u00e9 um fabricante profissional de rotador de soldadura na China. E o nosso rotador de soldadura inclui principalmente rotador de soldadura padr\u00e3o, rotador de soldadura ajust\u00e1vel, e rotador de soldadura especial. N\u00f3s tamb\u00e9m podemos fornecer aos nossos clientes em todo o mundo muitos outros produtos, incluindo mesa girat\u00f3ria de solda, m\u00e1quina de solda de estaca, linha de produ\u00e7\u00e3o de torre e\u00f3lica, linha de solda de viga H, equipamento de solda de tubo, m\u00e1quina de corte CNC, m\u00e1quina de moagem, m\u00e1quina perfiladeira, m\u00e1quina dobradeira de placa, etc. N\u00f3s obtivemos certifica\u00e7\u00e3o ISO e CE, e tamb\u00e9m oferecemos servi\u00e7o OEM.<\/p>\n<p>&nbsp;<\/p>","protected":false},"excerpt":{"rendered":"<p><strong>Rotador de soldadura ajust\u00e1vel de 20 toneladas WUXI ABK<\/strong>\u00a0proporciona uma rota\u00e7\u00e3o precisa para\u00a0<strong>fabrico de recipientes sob press\u00e3o<\/strong>\u00a0e\u00a0<strong>soldadura de a\u00e7o estrutural<\/strong>. Apresentando\u00a0<strong>regula\u00e7\u00e3o hidr\u00e1ulica da altura<\/strong>\u00a0e\u00a0<strong>rolos antiderrapantes<\/strong>, este\u00a0<strong>posicionador industrial<\/strong>\u00a0pegas\u00a0<strong>tubos de grande di\u00e2metro<\/strong>\u00a0com uma exatid\u00e3o de \u00b10,5\u00b0.\u00a0<strong>Certifica\u00e7\u00e3o CE\/ISO<\/strong>\u00a0com\u00a0<strong>Garantia de 2 anos<\/strong>ideal para\u00a0<strong>constru\u00e7\u00e3o naval<\/strong>\u00a0e\u00a0<strong>torre e\u00f3lica<\/strong>\u00a0projectos.<\/p>","protected":false},"featured_media":2140,"comment_status":"open","ping_status":"closed","template":"","meta":{"_acf_changed":false},"product_brand":[],"product_cat":[21,39,30],"product_tag":[],"class_list":{"0":"post-864","1":"product","2":"type-product","3":"status-publish","4":"has-post-thumbnail","6":"product_cat-welding-automation","7":"product_cat-adjustable-welding-rotator","8":"product_cat-welding-rotator","10":"first","11":"instock","12":"shipping-taxable","13":"product-type-simple"},"acf":[],"_links":{"self":[{"href":"https:\/\/www.weldmc.com\/pt\/wp-json\/wp\/v2\/product\/864","targetHints":{"allow":["GET"]}}],"collection":[{"href":"https:\/\/www.weldmc.com\/pt\/wp-json\/wp\/v2\/product"}],"about":[{"href":"https:\/\/www.weldmc.com\/pt\/wp-json\/wp\/v2\/types\/product"}],"replies":[{"embeddable":true,"href":"https:\/\/www.weldmc.com\/pt\/wp-json\/wp\/v2\/comments?post=864"}],"wp:featuredmedia":[{"embeddable":true,"href":"https:\/\/www.weldmc.com\/pt\/wp-json\/wp\/v2\/media\/2140"}],"wp:attachment":[{"href":"https:\/\/www.weldmc.com\/pt\/wp-json\/wp\/v2\/media?parent=864"}],"wp:term":[{"taxonomy":"product_brand","embeddable":true,"href":"https:\/\/www.weldmc.com\/pt\/wp-json\/wp\/v2\/product_brand?post=864"},{"taxonomy":"product_cat","embeddable":true,"href":"https:\/\/www.weldmc.com\/pt\/wp-json\/wp\/v2\/product_cat?post=864"},{"taxonomy":"product_tag","embeddable":true,"href":"https:\/\/www.weldmc.com\/pt\/wp-json\/wp\/v2\/product_tag?post=864"}],"curies":[{"name":"wp","href":"https:\/\/api.w.org\/{rel}","templated":true}]}}