{"id":850,"date":"2025-05-24T20:02:38","date_gmt":"2025-05-24T12:02:38","guid":{"rendered":"http:\/\/111.170.148.214:8095\/?post_type=product&#038;p=850"},"modified":"2025-10-13T16:29:23","modified_gmt":"2025-10-13T08:29:23","slug":"triple-axis-positioning-table-5-tons","status":"publish","type":"product","link":"https:\/\/www.weldmc.com\/pt\/product\/triple-axis-positioning-table-5-tons\/","title":{"rendered":"Mesa de posicionamento de eixo triplo 5 toneladas"},"content":{"rendered":"<p>5 Tons 3 Axis Positioner Parameter Table<\/p>\n<p>&nbsp;<\/p>\n<p><img decoding=\"async\" src=\"https:\/\/www.weldmc.com\/wp-content\/uploads\/2025\/05\/5-Tons-3-Axis-Positioner_2.png\" alt=\"5 Tons 3 Axis Positioner_2\" \/><\/p>\n<p class=\"ds-markdown-paragraph\"><strong>Precision Multi-Axis Control<\/strong><br \/>\nO WUXI ABK\u00a0<strong>5-ton 3-axis welding positioner<\/strong>\u00a0delivers exceptional maneuverability with synchronized\u00a0<strong>turning (180\u00b0), rotating (360\u00b0 continuous), and tilting (0-90\u00b0)<\/strong>\u00a0movements. Engineered for\u00a0<strong>integra\u00e7\u00e3o de soldadura robotizada<\/strong>, it achieves\u00a0<strong>Precis\u00e3o de posicionamento de \u00b10,05mm<\/strong>\u00a0e\u00a0<strong>Repetibilidade de 0,02 mm<\/strong>, tornando-o ideal para\u00a0<strong>fabrico de precis\u00e3o<\/strong>\u00a0de\u00a0<strong>pressure vessels, structural components, and automotive parts<\/strong>.<\/p>\n<p class=\"ds-markdown-paragraph\"><strong>Constru\u00e7\u00e3o para trabalhos pesados<\/strong><br \/>\nBuilt with an\u00a0<strong>integral casting base<\/strong>, este\u00a0<strong>posicionador industrial<\/strong>\u00a0pegas\u00a0<strong>dynamic loads up to 5 tons<\/strong>\u00a0while maintaining stability. Premium components include:<\/p>\n<ul>\n<li>\n<p class=\"ds-markdown-paragraph\"><strong>Guias lineares THK do Jap\u00e3o<\/strong>\u00a0for smooth motion control<\/p>\n<\/li>\n<li>\n<p class=\"ds-markdown-paragraph\"><strong>Alemanha Redutoras de rodas dentadas<\/strong>\u00a0ensuring torque precision<\/p>\n<\/li>\n<li>\n<p class=\"ds-markdown-paragraph\"><strong>Reinforced steel frame<\/strong>\u00a0for vibration resistance<\/p>\n<\/li>\n<\/ul>\n<p class=\"ds-markdown-paragraph\"><strong>Smart Safety &amp; Automation<\/strong><br \/>\nO\u00a0<strong>posicionador de soldadura<\/strong>\u00a0carater\u00edsticas:<br \/>\n\u2713\u00a0<strong>Prote\u00e7\u00e3o contra sobrecarga<\/strong>\u00a0with auto power-off<br \/>\n\u2713\u00a0<strong>&lt;0.1s emergency braking<\/strong><br \/>\n\u2713\u00a0<strong>PLC\/touchscreen dual control<\/strong>\u00a0for flexible operation<br \/>\n\u2713\u00a0<strong>ABB\/KUKA robot compatibility<\/strong>\u00a0para\u00a0<strong>c\u00e9lulas de soldadura automatizadas<\/strong><\/p>\n<p class=\"ds-markdown-paragraph\"><strong>Aplica\u00e7\u00f5es<\/strong><br \/>\nPerfeito para\u00a0<strong>aerospace fixtures, shipbuilding jigs, and heavy machinery fabrication<\/strong>, este\u00a0<strong>Posicionador de 3 eixos<\/strong>\u00a0adapts to\u00a0<strong>MIG, TIG, and submerged arc welding<\/strong>.<\/p>\n<p><b><\/b><strong><b>1. rolamento de giro<\/b><\/strong><br \/>\n<img decoding=\"async\" src=\"https:\/\/www.weldmc.com\/wp-content\/uploads\/2025\/05\/Slewing-bearing.png\" alt=\"Rolamento de roda\" \/><br \/>\nO rolamento de giro \u00e9 o elemento b\u00e1sico de for\u00e7a da m\u00e1quina, que requer rota\u00e7\u00e3o relativa entre todas as duas partes e suporta for\u00e7a axial, for\u00e7a radial e momento de tombamento ao mesmo tempo. Sua fun\u00e7\u00e3o b\u00e1sica \u00e9 usar parafusos para fix\u00e1-lo nos suportes superior e inferior do equipamento mec\u00e2nico para transmitir for\u00e7a e acionamento, de modo a realizar a rota\u00e7\u00e3o relativa entre as duas partes do equipamento mec\u00e2nico. Tem as carater\u00edsticas de estrutura compacta, peso leve, boa estrutura em a\u00e7o, funcionamento suave, elevada precis\u00e3o, seguran\u00e7a e fiabilidade.<br \/>\nO rolamento de giro \u00e9 uma parte b\u00e1sica do equipamento mec\u00e2nico e amplamente utilizado em v\u00e1rios sectores da economia nacional. \u00c9 amplamente utilizado em maquinaria de constru\u00e7\u00e3o, maquinaria portu\u00e1ria, maquinaria metal\u00fargica, maquinaria mineira, maquinaria petrol\u00edfera, maquinaria qu\u00edmica, equipamento m\u00e9dico, maquinaria naval, maquinaria industrial ligeira, maquinaria de prote\u00e7\u00e3o ambiental, equipamento de entretenimento, equipamento de maquinaria de transporte. Os suportes girat\u00f3rios s\u00e3o cada vez mais utilizados em projectos de poupan\u00e7a de energia e de prote\u00e7\u00e3o ambiental, tais como turbinas e\u00f3licas que requerem uma variedade de kits de precis\u00e3o de suporte girat\u00f3rio de p\u00f3los.<\/p>\n<p><strong><b>2.Gear<\/b><\/strong><br \/>\n<img decoding=\"async\" src=\"https:\/\/www.weldmc.com\/wp-content\/uploads\/2025\/05\/Gear_1.png\" alt=\"Engrenagem_1\" \/><br \/>\nA engrenagem \u00e9 uma pe\u00e7a mec\u00e2nica semelhante a uma roda que transmite o bin\u00e1rio atrav\u00e9s do encaixe dos dentes. Atrav\u00e9s da transmiss\u00e3o com outras pe\u00e7as mec\u00e2nicas dentadas (como outra engrenagem, cremalheira Dao e parafuso sem-fim), a engrenagem pode alterar a velocidade e o bin\u00e1rio, alterar a dire\u00e7\u00e3o do movimento e alterar a forma do movimento.<br \/>\n<img decoding=\"async\" src=\"https:\/\/www.weldmc.com\/wp-content\/uploads\/2025\/05\/Gear_2.png\" alt=\"Engrenagem_2\" \/><br \/>\n<strong><b>3. redutor<\/b><\/strong><br \/>\n<img decoding=\"async\" src=\"https:\/\/www.weldmc.com\/wp-content\/uploads\/2025\/05\/Reducer.png\" alt=\"Redutor\" \/><br \/>\nO redutor \u00e9 um tipo de mecanismo de transmiss\u00e3o de energia, que utiliza o conversor de velocidade da engrenagem para reduzir o n\u00famero de rota\u00e7\u00e3o do motor para o n\u00famero de rota\u00e7\u00e3o necess\u00e1rio e obter uma estrutura com grande bin\u00e1rio.<br \/>\nFun\u00e7\u00e3o do redutor: Reduzir a velocidade e aumentar o bin\u00e1rio de sa\u00edda ao mesmo tempo. A rela\u00e7\u00e3o de sa\u00edda do bin\u00e1rio \u00e9 multiplicada pela rela\u00e7\u00e3o de desacelera\u00e7\u00e3o da sa\u00edda do motor, mas n\u00e3o deve exceder o bin\u00e1rio nominal do redutor. Ao mesmo tempo, a in\u00e9rcia do motor \u00e9 reduzida ao quadrado da rela\u00e7\u00e3o de desacelera\u00e7\u00e3o.<br \/>\n<strong><b>4.Motor<\/b><\/strong><\/p>\n<p><img decoding=\"async\" src=\"https:\/\/www.weldmc.com\/wp-content\/uploads\/2025\/05\/Motor_1.png\" alt=\"Motor_1\" \/> <img decoding=\"async\" src=\"https:\/\/www.weldmc.com\/wp-content\/uploads\/2025\/05\/Motor_2.png\" alt=\"Motor_2\" \/><\/p>\n<p>&nbsp;<\/p>\n<p class=\"ds-markdown-paragraph\"><strong>WUXI ABK 5-Ton 3-Axis Welding Positioner Maintenance &amp; Service Guide<\/strong><\/p>\n<p class=\"ds-markdown-paragraph\">Manuten\u00e7\u00e3o correta da nossa\u00a0<strong>5-ton 3-axis welding positioner<\/strong>\u00a0ensures optimal performance for\u00a0<strong>precision welding applications<\/strong>\u00a0em\u00a0<strong>automotive fabrication<\/strong>,\u00a0<strong>pressure vessel manufacturing<\/strong>e\u00a0<strong>structural steel assembly<\/strong>. Este\u00a0<strong>industrial-grade positioner<\/strong>\u00a0com\u00a0<strong>\u00b10.5\u00b0 tilt-rotate accuracy<\/strong>\u00a0requires systematic care to maintain its\u00a0<strong>CNC synchronization capability<\/strong>\u00a0e\u00a0<strong>long-term reliability<\/strong>.<\/p>\n<p class=\"ds-markdown-paragraph\"><strong>Core Maintenance Procedures<\/strong><\/p>\n<ol start=\"1\">\n<li>\n<p class=\"ds-markdown-paragraph\"><strong>Cuidados di\u00e1rios<\/strong><\/p>\n<ul>\n<li>\n<p class=\"ds-markdown-paragraph\">Remove\u00a0<strong>salpicos de soldadura<\/strong>\u00a0and debris from the\u00a0<strong>3-axis turntable<\/strong><\/p>\n<\/li>\n<li>\n<p class=\"ds-markdown-paragraph\">Verificar os n\u00edveis de lubrifica\u00e7\u00e3o no\u00a0<strong>redutor de rosca sem fim<\/strong><\/p>\n<\/li>\n<li>\n<p class=\"ds-markdown-paragraph\">Inspect electrical connections and\u00a0<strong>servo motor<\/strong>\u00a0performance<\/p>\n<\/li>\n<\/ul>\n<\/li>\n<li>\n<p class=\"ds-markdown-paragraph\"><strong>Manuten\u00e7\u00e3o programada<\/strong><\/p>\n<ul>\n<li>\n<p class=\"ds-markdown-paragraph\">Monthly: Tighten all\u00a0<strong>high-strength fasteners<\/strong>\u00a0(85-110Nm torque)<\/p>\n<\/li>\n<li>\n<p class=\"ds-markdown-paragraph\">Quarterly: Test\u00a0<strong>fun\u00e7\u00f5es de paragem de emerg\u00eancia<\/strong>\u00a0e\u00a0<strong>limit switches<\/strong><\/p>\n<\/li>\n<li>\n<p class=\"ds-markdown-paragraph\">Annually: Replace\u00a0<strong>wear components<\/strong>\u00a0(bearings, seals) and recalibrate\u00a0<strong>axis alignment<\/strong><\/p>\n<\/li>\n<\/ul>\n<\/li>\n<\/ol>\n<p class=\"ds-markdown-paragraph\"><strong>Critical Maintenance Benefits<\/strong><br \/>\n\u2713 Extends\u00a0<strong>equipment service life by 30%+<\/strong>\u00a0through proper\u00a0<strong>gearbox lubrication<\/strong><br \/>\n\u2713 Prevents\u00a0<strong>unscheduled downtime<\/strong>\u00a0em\u00a0<strong>c\u00e9lulas de soldadura robotizadas<\/strong><br \/>\n\u2713 Maintains\u00a0<strong>\u00b10.2mm repeatability<\/strong>\u00a0para\u00a0<strong>high-precision applications<\/strong><\/p>\n<p class=\"ds-markdown-paragraph\"><strong>Fault Prevention Protocol<\/strong><\/p>\n<ul>\n<li>\n<p class=\"ds-markdown-paragraph\">Immediate shutdown required for:<br \/>\n\u25b6 Abnormal vibration in\u00a0<strong>rotary axis<\/strong><br \/>\n\u25b6 Irregular\u00a0<strong>tilting movement<\/strong><br \/>\n\u25b6 Electrical faults in\u00a0<strong>Sistema de controlo PLC<\/strong><\/p>\n<\/li>\n<\/ul>\n<p class=\"ds-markdown-paragraph\"><strong>Certification &amp; Support<\/strong><br \/>\nEste\u00a0<strong>CE\/ISO certified positioner<\/strong>\u00a0comes with:<\/p>\n<ul>\n<li>\n<p class=\"ds-markdown-paragraph\">12-month warranty on\u00a0<strong>drive components<\/strong><\/p>\n<\/li>\n<li>\n<p class=\"ds-markdown-paragraph\">Free\u00a0<strong>technical training<\/strong>\u00a0for operators<\/p>\n<\/li>\n<li>\n<p class=\"ds-markdown-paragraph\"><strong>Preventive maintenance kits<\/strong>\u00a0available (Part No. PMK-5T3A)<\/p>\n<\/li>\n<\/ul>\n<p><img decoding=\"async\" src=\"https:\/\/www.weldmc.com\/wp-content\/uploads\/2025\/05\/Product-certification.png\" alt=\"Certifica\u00e7\u00e3o de produtos\" \/><br \/>\nWuxi ABK Machinery Co.Ltd \u00e9 um fabricante profissional de rotador de soldadura na China. E o nosso rotador de soldadura inclui principalmente rotador de soldadura padr\u00e3o, rotador de soldadura ajust\u00e1vel, e rotador de soldadura especial. N\u00f3s tamb\u00e9m podemos fornecer aos nossos clientes em todo o mundo muitos outros produtos, incluindo mesa girat\u00f3ria de solda, m\u00e1quina de solda de estaca, linha de produ\u00e7\u00e3o de torre e\u00f3lica, linha de solda de viga H, equipamento de solda de tubo, m\u00e1quina de corte CNC, m\u00e1quina de moagem, m\u00e1quina perfiladeira, m\u00e1quina dobradeira de placa, etc. N\u00f3s obtivemos certifica\u00e7\u00e3o ISO e CE, e tamb\u00e9m oferecemos servi\u00e7o OEM.<\/p>","protected":false},"excerpt":{"rendered":"<p><strong>Posicionador de soldadura de 3 eixos WUXI ABK 5-Ton 3-Axis<\/strong>\u00a0oferece rota\u00e7\u00e3o e inclina\u00e7\u00e3o de precis\u00e3o para aplica\u00e7\u00f5es de soldadura robotizada. Com uma precis\u00e3o de posicionamento de \u00b10,5\u00b0, este posicionador de n\u00edvel industrial trabalha com componentes autom\u00f3veis, a\u00e7o estrutural e recipientes sob press\u00e3o com uma capacidade de 5000 kg. O seu movimento servo-acionado de 3 eixos assegura \u00e2ngulos de soldadura perfeitos, enquanto os controlos prontos para CNC permitem uma integra\u00e7\u00e3o perfeita na automa\u00e7\u00e3o. Certificado CE\/ISO para garantia de qualidade.<\/p>","protected":false},"featured_media":2023,"comment_status":"open","ping_status":"closed","template":"","meta":{"_acf_changed":false},"product_brand":[],"product_cat":[21,32,29],"product_tag":[],"class_list":{"0":"post-850","1":"product","2":"type-product","3":"status-publish","4":"has-post-thumbnail","6":"product_cat-welding-automation","7":"product_cat-3-axis-hydraulic-positioner","8":"product_cat-welding-positioner","10":"first","11":"instock","12":"shipping-taxable","13":"product-type-simple"},"acf":[],"_links":{"self":[{"href":"https:\/\/www.weldmc.com\/pt\/wp-json\/wp\/v2\/product\/850","targetHints":{"allow":["GET"]}}],"collection":[{"href":"https:\/\/www.weldmc.com\/pt\/wp-json\/wp\/v2\/product"}],"about":[{"href":"https:\/\/www.weldmc.com\/pt\/wp-json\/wp\/v2\/types\/product"}],"replies":[{"embeddable":true,"href":"https:\/\/www.weldmc.com\/pt\/wp-json\/wp\/v2\/comments?post=850"}],"wp:featuredmedia":[{"embeddable":true,"href":"https:\/\/www.weldmc.com\/pt\/wp-json\/wp\/v2\/media\/2023"}],"wp:attachment":[{"href":"https:\/\/www.weldmc.com\/pt\/wp-json\/wp\/v2\/media?parent=850"}],"wp:term":[{"taxonomy":"product_brand","embeddable":true,"href":"https:\/\/www.weldmc.com\/pt\/wp-json\/wp\/v2\/product_brand?post=850"},{"taxonomy":"product_cat","embeddable":true,"href":"https:\/\/www.weldmc.com\/pt\/wp-json\/wp\/v2\/product_cat?post=850"},{"taxonomy":"product_tag","embeddable":true,"href":"https:\/\/www.weldmc.com\/pt\/wp-json\/wp\/v2\/product_tag?post=850"}],"curies":[{"name":"wp","href":"https:\/\/api.w.org\/{rel}","templated":true}]}}