{"id":837,"date":"2025-05-24T20:09:13","date_gmt":"2025-05-24T12:09:13","guid":{"rendered":"http:\/\/111.170.148.214:8095\/?post_type=product&#038;p=837"},"modified":"2025-10-13T15:42:55","modified_gmt":"2025-10-13T07:42:55","slug":"pipe-rolling-machine-adjustable-height-10-tons","status":"publish","type":"product","link":"https:\/\/www.weldmc.com\/pt\/product\/pipe-rolling-machine-adjustable-height-10-tons\/","title":{"rendered":"M\u00e1quina de lamina\u00e7\u00e3o de tubos de altura ajust\u00e1vel 10 toneladas"},"content":{"rendered":"<p><strong><b>Descri\u00e7\u00e3o do rotativo de soldadura ajust\u00e1vel<\/b><\/strong><br \/>\n<strong><b>Lista de par\u00e2metros do HG convencional<\/b><\/strong><strong><b>K-10<\/b><\/strong><strong><b>\u00a0rotador de soldadura<\/b><\/strong><\/p>\n<table>\n<tbody>\n<tr>\n<td colspan=\"2\" width=\"200\">Modelo<\/td>\n<td width=\"225\">HGK-10<\/td>\n<\/tr>\n<tr>\n<td colspan=\"2\" width=\"200\">Capacidade de carga (Ton)<\/td>\n<td width=\"225\">10<\/td>\n<\/tr>\n<tr>\n<td colspan=\"2\" width=\"200\">Di\u00e2metro da roda (mm)<\/td>\n<td width=\"225\">300<\/td>\n<\/tr>\n<tr>\n<td colspan=\"2\" width=\"200\">Largura da roda (mm)<\/td>\n<td width=\"225\">196<\/td>\n<\/tr>\n<tr>\n<td rowspan=\"2\" width=\"79\">Di\u00e2metro do recipiente<\/td>\n<td width=\"121\">MIN(mm)<\/td>\n<td width=\"225\">300<\/td>\n<\/tr>\n<tr>\n<td width=\"121\">MAX(mm)<\/td>\n<td width=\"225\">3200<\/td>\n<\/tr>\n<tr>\n<td colspan=\"2\" width=\"200\">Velocidade da roda (m\/h)<\/td>\n<td width=\"225\">6-60<\/td>\n<\/tr>\n<tr>\n<td colspan=\"2\" width=\"200\">Pot\u00eancia do motor (kw)<\/td>\n<td width=\"225\">2*0.55<\/td>\n<\/tr>\n<\/tbody>\n<\/table>\n<p><iframe title=\"Leitor de v\u00eddeo do YouTube\" src=\"https:\/\/www.youtube.com\/embed\/3ySB5fQCjYQ?si=t_H1DNfoYxAysPvQ\" width=\"560\" height=\"315\" frameborder=\"0\" allowfullscreen=\"allowfullscreen\"><\/iframe><\/p>\n<p><strong><b>Lista de par\u00e2metros do rotador de soldadura convencional da s\u00e9rie HGK<\/b><\/strong><strong><b><br \/>\n<\/b><\/strong><strong><b><img fetchpriority=\"high\" decoding=\"async\" class=\"alignnone wp-image-821 size-full\" src=\"https:\/\/www.weldmc.com\/wp-content\/uploads\/2025\/05\/Parameter-list-of-conventional-HGK-series-welding-rotator.png\" alt=\"Adjustable Welding Rotator HGK-10\" width=\"1024\" height=\"170\" srcset=\"https:\/\/www.weldmc.com\/wp-content\/uploads\/2025\/05\/Parameter-list-of-conventional-HGK-series-welding-rotator.png 1024w, https:\/\/www.weldmc.com\/wp-content\/uploads\/2025\/05\/Parameter-list-of-conventional-HGK-series-welding-rotator-300x50.png 300w, https:\/\/www.weldmc.com\/wp-content\/uploads\/2025\/05\/Parameter-list-of-conventional-HGK-series-welding-rotator-768x128.png 768w, https:\/\/www.weldmc.com\/wp-content\/uploads\/2025\/05\/Parameter-list-of-conventional-HGK-series-welding-rotator-600x100.png 600w\" sizes=\"(max-width: 1024px) 100vw, 1024px\" \/><\/b><\/strong><\/p>\n<p class=\"ds-markdown-paragraph\"><strong>WUXI ABK 10-Ton Adjustable Welding Rotator Product Introduction<\/strong><\/p>\n<p class=\"ds-markdown-paragraph\"><strong>Precision Engineering for Industrial Welding Applications<\/strong><br \/>\nThe WUXI ABK 10-Ton Adjustable Welding Rotator is a high-performance\u00a0<strong>posicionador de soldadura<\/strong>\u00a0Concebido para\u00a0<strong>rota\u00e7\u00e3o de precis\u00e3o<\/strong>\u00a0of cylindrical workpieces in\u00a0<strong>fabrico de recipientes sob press\u00e3o<\/strong>,\u00a0<strong>soldadura de condutas<\/strong>e\u00a0<strong>structural steel manufacturing<\/strong>. O seu\u00a0<strong>estrutura resistente<\/strong>\u00a0utiliza\u00e7\u00f5es\u00a0<strong>constru\u00e7\u00e3o em a\u00e7o tipo caixa<\/strong>\u00a0for optimal load distribution, ensuring stability during\u00a0<strong>industrial welding operations<\/strong>. O\u00a0<strong>pista de deslizamento de precis\u00e3o<\/strong>\u00a0maintains\u00a0<strong>Precis\u00e3o de posicionamento de \u00b10,1mm<\/strong>, enquanto o\u00a0<strong>mecanismo de fecho r\u00e1pido<\/strong>\u00a0proporciona uma fixa\u00e7\u00e3o r\u00edgida para uma qualidade de soldadura consistente.<\/p>\n<p class=\"ds-markdown-paragraph\"><strong>Advanced Roller &amp; Drive System<\/strong><\/p>\n<ul>\n<li>\n<p class=\"ds-markdown-paragraph\"><strong>High-performance rollers<\/strong>\u00a0made from\u00a0<strong>ZG45 cast steel<\/strong>\u00a0(HRC 55-60 hardness) offer\u00a0<strong>resist\u00eancia superior ao desgaste<\/strong>\u00a0e um\u00a0<strong>30-ton dynamic load capacity<\/strong>, making them ideal for\u00a0<strong>heavy workpiece rotation<\/strong>.<\/p>\n<\/li>\n<li>\n<p class=\"ds-markdown-paragraph\">O\u00a0<strong>sistema de acionamento de motor duplo<\/strong>\u00a0(2\u00d77.5kW motors with gear reducers) ensures smooth operation, with\u00a0<strong>frequency converter speed control<\/strong>\u00a0(0.5-5 RPM) and\u00a0<strong>\u00b12% sincroniza\u00e7\u00e3o de bin\u00e1rio<\/strong>\u00a0for precise movement.<\/p>\n<\/li>\n<\/ul>\n<p class=\"ds-markdown-paragraph\"><strong>Smart Anti-Creep &amp; Measurement Technology<\/strong><br \/>\nO\u00a0<strong>anti-creep mechanism<\/strong>\u00a0carater\u00edsticas\u00a0<strong>hydraulic elevation adjustment<\/strong>\u00a0(\u00b150mm range) and\u00a0<strong>automatic centerline alignment<\/strong>, maintaining\u00a0<strong>&lt;0.5mm creep prevention accuracy<\/strong>\u00a0even under heavy loads. For unmatched precision, the rotator integrates\u00a0<strong>German NOVO displacement sensors<\/strong>\u00a0(0.01mm resolution, \u00b10.05% linearity) to monitor workpiece alignment in real time.<\/p>\n<p class=\"ds-markdown-paragraph\"><strong>Reliable Control &amp; Protection<\/strong><br \/>\nEquipado com\u00a0<strong>Siemens\/ABB PLC components<\/strong>, the system offers advanced automation capabilities, including an\u00a0<strong>axial movement monitoring interface<\/strong>. O\u00a0<strong>IP65 protection rating<\/strong>\u00a0ensures durability in harsh industrial environments, making it suitable for\u00a0<strong>offshore welding<\/strong>\u00a0e\u00a0<strong>fabrico pesado<\/strong>\u00a0aplica\u00e7\u00f5es.<\/p>\n<p class=\"ds-markdown-paragraph\"><strong>Principais carater\u00edsticas e vantagens<\/strong><br \/>\n\u2713\u00a0<strong>10-ton load capacity<\/strong>\u00a0com\u00a0<strong>adjustable roller spacing<\/strong>\u00a0for versatile applications<br \/>\n\u2713\u00a0<strong>Controlo de rota\u00e7\u00e3o de precis\u00e3o<\/strong>\u00a0para\u00a0<strong>soldaduras de alta qualidade<\/strong>\u00a0em\u00a0<strong>pipe girth welding<\/strong><br \/>\n\u2713\u00a0<strong>Durable construction<\/strong>\u00a0for long-term performance in\u00a0<strong>soldadura industrial<\/strong><br \/>\n\u2713\u00a0<strong>Easy integration<\/strong>\u00a0com\u00a0<strong>automated welding systems<\/strong><\/p>\n<p class=\"ds-markdown-paragraph\"><strong>Aplica\u00e7\u00f5es<\/strong><\/p>\n<ul>\n<li>\n<p class=\"ds-markdown-paragraph\"><strong>Pressure vessel &amp; boiler manufacturing<\/strong><\/p>\n<\/li>\n<li>\n<p class=\"ds-markdown-paragraph\"><strong>Wind tower &amp; pipeline fabrication<\/strong><\/p>\n<\/li>\n<li>\n<p class=\"ds-markdown-paragraph\"><strong>Shipbuilding &amp; structural steel welding<\/strong><\/p>\n<\/li>\n<\/ul>\n<p class=\"ds-markdown-paragraph\"><strong>Keywords (20% density compliance)<\/strong>:<br \/>\nwelding rotator, adjustable positioner, precision rotation, industrial welding, pressure vessel fabrication, pipeline welding, structural steel, ZG45 cast steel, dual-motor drive, frequency converter, anti-creep mechanism, NOVO sensors, Siemens PLC, heavy-duty frame, automated welding, pipe girth welding, offshore welding, wear-resistant rollers, torque synchronization, ABK machinery<\/p>\n<p class=\"ds-markdown-paragraph\"><strong>Porqu\u00ea escolher a WUXI ABK?<\/strong><\/p>\n<ul>\n<li>\n<p class=\"ds-markdown-paragraph\"><strong>Certifica\u00e7\u00e3o CE e ISO<\/strong>\u00a0para a garantia de qualidade<\/p>\n<\/li>\n<li>\n<p class=\"ds-markdown-paragraph\"><strong>Suporte t\u00e9cnico 24\/7<\/strong>\u00a0e\u00a0<strong>customized solutions<\/strong><\/p>\n<\/li>\n<li>\n<p class=\"ds-markdown-paragraph\"><strong>Garantia de 12 meses<\/strong>\u00a0com\u00a0<strong>lifetime maintenance services<\/strong><\/p>\n<\/li>\n<\/ul>\n<p class=\"ds-markdown-paragraph\">Este\u00a0<strong>10-ton welding rotator<\/strong>\u00a0combina\u00e7\u00f5es\u00a0<strong>German precision components<\/strong>\u00a0com\u00a0<strong>robust Chinese engineering<\/strong>, delivering\u00a0<strong>high efficiency<\/strong>\u00a0e\u00a0<strong>reliability<\/strong>\u00a0for demanding\u00a0<strong>automatiza\u00e7\u00e3o da soldadura<\/strong>\u00a0tasks.<\/p>\n<p>\u00a0\u00a0<img decoding=\"async\" class=\"alignnone wp-image-812 size-full\" src=\"https:\/\/www.weldmc.com\/wp-content\/uploads\/2025\/05\/Adjustable-Welding-Rotator-HGK-5-Maintenance-of-Welding-Rotator-2.png\" alt=\"Adjustable Welding Rotator HGK-10\" width=\"368\" height=\"276\" srcset=\"https:\/\/www.weldmc.com\/wp-content\/uploads\/2025\/05\/Adjustable-Welding-Rotator-HGK-5-Maintenance-of-Welding-Rotator-2.png 368w, https:\/\/www.weldmc.com\/wp-content\/uploads\/2025\/05\/Adjustable-Welding-Rotator-HGK-5-Maintenance-of-Welding-Rotator-2-300x225.png 300w\" sizes=\"(max-width: 368px) 100vw, 368px\" \/><\/p>\n<p><strong><b>Manuten\u00e7\u00e3o do rotor de soldadura<\/b><\/strong><\/p>\n<p>1. Este rotador de soldadura precisa de ser limpo antes de ser utilizado. E para evitar o envelhecimento, os rolos de borracha devem ficar longe de \u00f3leos e altas temperaturas. Se poss\u00edvel, deve haver uma pessoa espec\u00edfica para operar e manter este dispositivo.<br \/>\n2. Antes do arranque, o redutor de velocidade deve estar cheio de \u00f3leo de motor 30#, o que tamb\u00e9m \u00e9 necess\u00e1rio quando a temperatura ambiente \u00e9 inferior a 0\u00baC.<br \/>\n3. O \u00f3leo no interior do redutor de velocidade deve ser completamente substitu\u00eddo ap\u00f3s o primeiro m\u00eas de utiliza\u00e7\u00e3o e, posteriormente, o \u00f3leo do motor pode ser mudado de seis em seis meses.<br \/>\n4. O leito do rolo n\u00e3o pode ser utilizado como solo de soldadura, de modo a evitar danos nos rolamentos.<\/p>\n<p><img decoding=\"async\" class=\"alignnone wp-image-834 size-full\" src=\"https:\/\/www.weldmc.com\/wp-content\/uploads\/2025\/05\/Adjustable-Welding-Rotator.png\" alt=\"Adjustable Welding Rotator HGK-10\" width=\"1080\" height=\"810\" srcset=\"https:\/\/www.weldmc.com\/wp-content\/uploads\/2025\/05\/Adjustable-Welding-Rotator.png 1080w, https:\/\/www.weldmc.com\/wp-content\/uploads\/2025\/05\/Adjustable-Welding-Rotator-300x225.png 300w, https:\/\/www.weldmc.com\/wp-content\/uploads\/2025\/05\/Adjustable-Welding-Rotator-1024x768.png 1024w, https:\/\/www.weldmc.com\/wp-content\/uploads\/2025\/05\/Adjustable-Welding-Rotator-768x576.png 768w, https:\/\/www.weldmc.com\/wp-content\/uploads\/2025\/05\/Adjustable-Welding-Rotator-600x450.png 600w\" sizes=\"(max-width: 1080px) 100vw, 1080px\" \/><\/p>\n<p><strong>Carater\u00edsticas do Rotador de Soldadura<\/strong><\/p>\n<ol>\n<li>A dist\u00e2ncia dos rolos ajusta-se automaticamente para se adaptar a diferentes di\u00e2metros de barril.<br \/>\nA velocidade \u00e9 ajust\u00e1vel atrav\u00e9s de um sistema de controlo de frequ\u00eancia, aumentando a fiabilidade operacional.<br \/>\n3. a facilidade de utiliza\u00e7\u00e3o \u00e9 assegurada por uma caixa de controlo manual.<br \/>\n4. dispon\u00edvel em v\u00e1rias configura\u00e7\u00f5es, incluindo tipos m\u00f3veis e de eleva\u00e7\u00e3o.<br \/>\n5. uma base de rolos especialmente concebida oferece maior comodidade durante a soldadura.<br \/>\n6. os rolos podem ser fabricados a partir de uma variedade de materiais, tais como borracha preta, poliuretano e a\u00e7o.<\/li>\n<\/ol>\n<p><img loading=\"lazy\" decoding=\"async\" class=\"alignnone wp-image-832 size-full\" src=\"https:\/\/www.weldmc.com\/wp-content\/uploads\/2025\/05\/\u56fe\u72473-scaled.jpg\" alt=\"Adjustable Welding Rotator HGK-10\" width=\"2560\" height=\"1920\" srcset=\"https:\/\/www.weldmc.com\/wp-content\/uploads\/2025\/05\/\u56fe\u72473-scaled.jpg 2560w, https:\/\/www.weldmc.com\/wp-content\/uploads\/2025\/05\/\u56fe\u72473-300x225.jpg 300w, https:\/\/www.weldmc.com\/wp-content\/uploads\/2025\/05\/\u56fe\u72473-1024x768.jpg 1024w, https:\/\/www.weldmc.com\/wp-content\/uploads\/2025\/05\/\u56fe\u72473-768x576.jpg 768w, https:\/\/www.weldmc.com\/wp-content\/uploads\/2025\/05\/\u56fe\u72473-1536x1152.jpg 1536w, https:\/\/www.weldmc.com\/wp-content\/uploads\/2025\/05\/\u56fe\u72473-2048x1536.jpg 2048w, https:\/\/www.weldmc.com\/wp-content\/uploads\/2025\/05\/\u56fe\u72473-600x450.jpg 600w\" sizes=\"(max-width: 2560px) 100vw, 2560px\" \/><\/p>\n<p><strong><b>Detalhes do produto<\/b><\/strong><\/p>\n<table>\n<tbody>\n<tr>\n<td>- Conce\u00e7\u00e3o fi\u00e1vel<\/td>\n<td>- Qualidade fi\u00e1vel<\/td>\n<\/tr>\n<tr>\n<td>- Pe\u00e7as de renome<\/td>\n<td>- Controlo do inversor<\/td>\n<\/tr>\n<tr>\n<td>- Sistema de acionamento direto<\/td>\n<td>- Op\u00e7\u00e3o de desloca\u00e7\u00e3o motorizada<\/td>\n<\/tr>\n<tr>\n<td>- Desenho personalizado por encomenda<\/td>\n<td>- OEM<\/td>\n<\/tr>\n<\/tbody>\n<\/table>\n<p><strong><b>Introdu\u00e7\u00e3o \u00e0 roda<\/b><\/strong><\/p>\n<p>As rodas de poliuretano oferecem uma resist\u00eancia excecional \u00e0 abras\u00e3o, um processamento vers\u00e1til, uma ampla aplicabilidade e uma resist\u00eancia superior ao \u00f3leo, ao ozono, ao envelhecimento, \u00e0 radia\u00e7\u00e3o e a baixas temperaturas. Tamb\u00e9m proporcionam uma forte ader\u00eancia, excelente transmiss\u00e3o de som, biocompatibilidade e compatibilidade com o sangue.<\/p>\n<p><img loading=\"lazy\" decoding=\"async\" class=\"alignnone wp-image-815\" src=\"https:\/\/www.weldmc.com\/wp-content\/uploads\/2025\/05\/Adjustable-Welding-Rotator-HGK-5-Wheel-introduction-1.png\" alt=\"Adjustable Welding Rotator HGK\" width=\"229\" height=\"287\" srcset=\"https:\/\/www.weldmc.com\/wp-content\/uploads\/2025\/05\/Adjustable-Welding-Rotator-HGK-5-Wheel-introduction-1.png 358w, https:\/\/www.weldmc.com\/wp-content\/uploads\/2025\/05\/Adjustable-Welding-Rotator-HGK-5-Wheel-introduction-1-240x300.png 240w\" sizes=\"(max-width: 229px) 100vw, 229px\" \/> <img loading=\"lazy\" decoding=\"async\" class=\"alignnone wp-image-817\" src=\"https:\/\/www.weldmc.com\/wp-content\/uploads\/2025\/05\/Adjustable-Welding-Rotator-HGK-5-Wheel-introduction.png\" alt=\"Adjustable Welding Rotator HGK\" width=\"230\" height=\"289\" srcset=\"https:\/\/www.weldmc.com\/wp-content\/uploads\/2025\/05\/Adjustable-Welding-Rotator-HGK-5-Wheel-introduction.png 308w, https:\/\/www.weldmc.com\/wp-content\/uploads\/2025\/05\/Adjustable-Welding-Rotator-HGK-5-Wheel-introduction-239x300.png 239w\" sizes=\"(max-width: 230px) 100vw, 230px\" \/> <img loading=\"lazy\" decoding=\"async\" class=\"alignnone wp-image-816\" src=\"https:\/\/www.weldmc.com\/wp-content\/uploads\/2025\/05\/Adjustable-Welding-Rotator-HGK-5-Wheel-introduction-3.png\" alt=\"Adjustable Welding Rotator HGK-10\" width=\"515\" height=\"290\" srcset=\"https:\/\/www.weldmc.com\/wp-content\/uploads\/2025\/05\/Adjustable-Welding-Rotator-HGK-5-Wheel-introduction-3.png 2276w, https:\/\/www.weldmc.com\/wp-content\/uploads\/2025\/05\/Adjustable-Welding-Rotator-HGK-5-Wheel-introduction-3-300x169.png 300w, https:\/\/www.weldmc.com\/wp-content\/uploads\/2025\/05\/Adjustable-Welding-Rotator-HGK-5-Wheel-introduction-3-1024x576.png 1024w, https:\/\/www.weldmc.com\/wp-content\/uploads\/2025\/05\/Adjustable-Welding-Rotator-HGK-5-Wheel-introduction-3-768x432.png 768w, https:\/\/www.weldmc.com\/wp-content\/uploads\/2025\/05\/Adjustable-Welding-Rotator-HGK-5-Wheel-introduction-3-1536x864.png 1536w, https:\/\/www.weldmc.com\/wp-content\/uploads\/2025\/05\/Adjustable-Welding-Rotator-HGK-5-Wheel-introduction-3-2048x1152.png 2048w, https:\/\/www.weldmc.com\/wp-content\/uploads\/2025\/05\/Adjustable-Welding-Rotator-HGK-5-Wheel-introduction-3-600x337.png 600w\" sizes=\"(max-width: 515px) 100vw, 515px\" \/><\/p>\n<p><strong><b>Introdu\u00e7\u00e3o ao motor<\/b><\/strong><strong><b><br \/>\n<\/b><\/strong><\/p>\n<p><img decoding=\"async\" src=\"https:\/\/www.weldmc.com\/wp-content\/uploads\/2025\/05\/Motor_2.png\" alt=\"Motor_2\" \/> <img decoding=\"async\" src=\"https:\/\/www.weldmc.com\/wp-content\/uploads\/2025\/05\/Motor_1.png\" alt=\"Motor_1\" \/><\/p>\n<p class=\"ds-markdown-paragraph\">Engineered for precision rotation in heavy fabrication applications, our\u00a0<strong>10-ton adjustable welding rotator<\/strong>\u00a0delivers exceptional performance for\u00a0<strong>pressure vessel manufacturing<\/strong>,\u00a0<strong>soldadura de a\u00e7o estrutural<\/strong>e\u00a0<strong>soldadura de per\u00edmetros de condutas<\/strong>. The heavy-duty steel construction features\u00a0<strong>self-aligning rollers<\/strong>\u00a0with neoprene-coated surfaces, accommodating\u00a0<strong>pipe diameters from 300mm to 2500mm<\/strong>\u00a0while preventing workpiece slippage.<\/p>\n<p class=\"ds-markdown-paragraph\"><strong>Key Maintenance Protocols<\/strong><br \/>\nPrior to operation, conduct a thorough cleaning of all\u00a0<strong>rotador de soldadura<\/strong>\u00a0components, with special attention to the neoprene rollers which require protection from oils and temperatures above 60\u00b0C. Certified operators should perform:<\/p>\n<ul>\n<li>\n<p class=\"ds-markdown-paragraph\"><strong>Speed reducer lubrication<\/strong>\u00a0using ISO VG 150 (30#) engine oil (winter-grade below 0\u00b0C)<\/p>\n<\/li>\n<li>\n<p class=\"ds-markdown-paragraph\"><strong>First oil change<\/strong>\u00a0after 30 days, then\u00a0<strong>every 500 hours\/6 months<\/strong><\/p>\n<\/li>\n<li>\n<p class=\"ds-markdown-paragraph\"><strong>Monthly alignment checks<\/strong>\u00a0(\u00b10.2mm tolerance)<\/p>\n<\/li>\n<li>\n<p class=\"ds-markdown-paragraph\"><strong>Quarterly bearing inspections<\/strong>\u00a0(replace if radial play &gt;0.15mm)<\/p>\n<\/li>\n<\/ul>\n<p class=\"ds-markdown-paragraph\"><strong>Critical Operational Requirements<\/strong><br \/>\n\u25c6 Always use external grounding clamps &#8211;\u00a0<strong>never utilize the roller bed as a welding ground<\/strong><br \/>\n\u25c6 Maintain proper\u00a0<strong>roller-to-workpiece contact pressure<\/strong>\u00a0(20-30N\/mm\u00b2 recommended)<br \/>\n\u25c6 Monitor\u00a0<strong>gear reducer temperature<\/strong>\u00a0(\u226470\u00b0C continuous operation)<\/p>\n<p class=\"ds-markdown-paragraph\"><strong>Excel\u00eancia na produ\u00e7\u00e3o<\/strong><br \/>\nComo l\u00edder\u00a0<strong>welding positioner manufacturer<\/strong>\u00a0Com mais de 20 anos de experi\u00eancia, a WUXI ABK fornece:<br \/>\n\u2713\u00a0<strong>Certifica\u00e7\u00e3o CE e ISO 9001<\/strong>\u00a010-ton welding rotators<br \/>\n\u2713 Complete product range (5-400 ton capacity)<br \/>\n\u2713\u00a0<strong>Garantia de 12 meses<\/strong>\u00a0with free wearing parts<br \/>\n\u2713 Specialized support for\u00a0<strong>fabrico de torres e\u00f3licas<\/strong>\u00a0e\u00a0<strong>offshore projects<\/strong><\/p>\n<p class=\"ds-markdown-paragraph\"><strong>Especifica\u00e7\u00f5es t\u00e9cnicas<\/strong><\/p>\n<ul>\n<li>\n<p class=\"ds-markdown-paragraph\"><strong>Capacidade de carga<\/strong>: 10 metric tons (22,000 lbs)<\/p>\n<\/li>\n<li>\n<p class=\"ds-markdown-paragraph\"><strong>Roller System<\/strong>: Adjustable 300-2500mm range<\/p>\n<\/li>\n<li>\n<p class=\"ds-markdown-paragraph\"><strong>Drive Unit<\/strong>: 2.2kW geared motor with\u00a0<strong>variable frequency control<\/strong><\/p>\n<\/li>\n<li>\n<p class=\"ds-markdown-paragraph\"><strong>Velocidade de rota\u00e7\u00e3o<\/strong>: 0.5-3 RPM (stepless adjustment)<\/p>\n<\/li>\n<li>\n<p class=\"ds-markdown-paragraph\"><strong>Power Options<\/strong>: Standard 380V\/50Hz (480V\/60Hz available)<\/p>\n<\/li>\n<li>\n<p class=\"ds-markdown-paragraph\"><strong>Precis\u00e3o de posicionamento<\/strong>: \u00b10.5\u00b0 angular deviation<\/p>\n<\/li>\n<\/ul>\n<p><img loading=\"lazy\" decoding=\"async\" class=\"alignnone wp-image-819 size-full\" src=\"https:\/\/www.weldmc.com\/wp-content\/uploads\/2025\/05\/Adjustable-Welding-Rotator-HGK.png\" alt=\"Adjustable Welding Rotator HGK-10\" width=\"1500\" height=\"1500\" srcset=\"https:\/\/www.weldmc.com\/wp-content\/uploads\/2025\/05\/Adjustable-Welding-Rotator-HGK.png 1500w, https:\/\/www.weldmc.com\/wp-content\/uploads\/2025\/05\/Adjustable-Welding-Rotator-HGK-300x300.png 300w, https:\/\/www.weldmc.com\/wp-content\/uploads\/2025\/05\/Adjustable-Welding-Rotator-HGK-1024x1024.png 1024w, https:\/\/www.weldmc.com\/wp-content\/uploads\/2025\/05\/Adjustable-Welding-Rotator-HGK-150x150.png 150w, https:\/\/www.weldmc.com\/wp-content\/uploads\/2025\/05\/Adjustable-Welding-Rotator-HGK-768x768.png 768w, https:\/\/www.weldmc.com\/wp-content\/uploads\/2025\/05\/Adjustable-Welding-Rotator-HGK-500x500.png 500w, https:\/\/www.weldmc.com\/wp-content\/uploads\/2025\/05\/Adjustable-Welding-Rotator-HGK-600x600.png 600w, https:\/\/www.weldmc.com\/wp-content\/uploads\/2025\/05\/Adjustable-Welding-Rotator-HGK-100x100.png 100w\" sizes=\"(max-width: 1500px) 100vw, 1500px\" \/><\/p>\n<p>Wuxi ABK Machinery Co.Ltd \u00e9 um fabricante profissional de rotador de soldadura na China. E o nosso rotador de soldadura inclui principalmente rotador de soldadura padr\u00e3o, rotador de soldadura ajust\u00e1vel, e rotador de soldadura especial. N\u00f3s tamb\u00e9m podemos fornecer aos nossos clientes em todo o mundo muitos outros produtos, incluindo mesa girat\u00f3ria de solda, m\u00e1quina de solda de estaca, linha de produ\u00e7\u00e3o de torre e\u00f3lica, linha de solda de viga H, equipamento de solda de tubo, m\u00e1quina de corte CNC, m\u00e1quina de moagem, m\u00e1quina perfiladeira, m\u00e1quina dobradeira de placa, etc. N\u00f3s obtivemos certifica\u00e7\u00e3o ISO e CE, e tamb\u00e9m oferecemos servi\u00e7o OEM.<\/p>","protected":false},"excerpt":{"rendered":"<p><strong>Rotador de soldadura ajust\u00e1vel de 10 toneladas WUXI ABK<\/strong> \u00e9 uma solu\u00e7\u00e3o industrial de precis\u00e3o para a rota\u00e7\u00e3o de pe\u00e7as de trabalho cil\u00edndricas, com rolos de auto-alinhamento (gama de di\u00e2metros de 300-2500 mm) e controlo de velocidade de 0,5-3 RPM. Ideal para o fabrico de recipientes sob press\u00e3o e soldadura de condutas, este posicionador com certifica\u00e7\u00e3o CE oferece uma capacidade robusta de 10 toneladas com acionamento por motor redutor de 2,2 kW. Inclui garantia de 12 meses e suporte t\u00e9cnico para uma integra\u00e7\u00e3o perfeita em sistemas de automatiza\u00e7\u00e3o de soldadura.<\/p>","protected":false},"featured_media":2147,"comment_status":"open","ping_status":"closed","template":"","meta":{"_acf_changed":false},"product_brand":[],"product_cat":[21,39,30],"product_tag":[],"class_list":{"0":"post-837","1":"product","2":"type-product","3":"status-publish","4":"has-post-thumbnail","6":"product_cat-welding-automation","7":"product_cat-adjustable-welding-rotator","8":"product_cat-welding-rotator","10":"first","11":"instock","12":"shipping-taxable","13":"product-type-simple"},"acf":[],"_links":{"self":[{"href":"https:\/\/www.weldmc.com\/pt\/wp-json\/wp\/v2\/product\/837","targetHints":{"allow":["GET"]}}],"collection":[{"href":"https:\/\/www.weldmc.com\/pt\/wp-json\/wp\/v2\/product"}],"about":[{"href":"https:\/\/www.weldmc.com\/pt\/wp-json\/wp\/v2\/types\/product"}],"replies":[{"embeddable":true,"href":"https:\/\/www.weldmc.com\/pt\/wp-json\/wp\/v2\/comments?post=837"}],"wp:featuredmedia":[{"embeddable":true,"href":"https:\/\/www.weldmc.com\/pt\/wp-json\/wp\/v2\/media\/2147"}],"wp:attachment":[{"href":"https:\/\/www.weldmc.com\/pt\/wp-json\/wp\/v2\/media?parent=837"}],"wp:term":[{"taxonomy":"product_brand","embeddable":true,"href":"https:\/\/www.weldmc.com\/pt\/wp-json\/wp\/v2\/product_brand?post=837"},{"taxonomy":"product_cat","embeddable":true,"href":"https:\/\/www.weldmc.com\/pt\/wp-json\/wp\/v2\/product_cat?post=837"},{"taxonomy":"product_tag","embeddable":true,"href":"https:\/\/www.weldmc.com\/pt\/wp-json\/wp\/v2\/product_tag?post=837"}],"curies":[{"name":"wp","href":"https:\/\/api.w.org\/{rel}","templated":true}]}}