{"id":739,"date":"2025-05-24T16:07:08","date_gmt":"2025-05-24T08:07:08","guid":{"rendered":"http:\/\/111.170.148.214:8095\/?post_type=product&#038;p=739"},"modified":"2025-09-12T14:08:33","modified_gmt":"2025-09-12T06:08:33","slug":"maquina-de-jato-de-areia","status":"publish","type":"product","link":"https:\/\/www.weldmc.com\/pt\/product\/maquina-de-jato-de-areia\/","title":{"rendered":"M\u00e1quina de jato de areia"},"content":{"rendered":"<p class=\"ds-markdown-paragraph\"><strong>M\u00e1quina de jateamento WUXI ABK Introdu\u00e7\u00e3o ao produto<\/strong><\/p>\n<p class=\"ds-markdown-paragraph\"><strong>Vis\u00e3o geral do produto<\/strong><br \/>\nO WUXI ABK\u00a0<strong>m\u00e1quina de jato de areia<\/strong>\u00a0\u00e9 um avan\u00e7ado\u00a0<strong>dispositivo autom\u00e1tico de jato de bolas<\/strong>\u00a0Concebido para\u00a0<strong>funcionamento cont\u00ednuo<\/strong>\u00a0em aplica\u00e7\u00f5es industriais pesadas. Este\u00a0<strong>m\u00e1quina de jato de areia<\/strong>\u00a0\u00e9 especializado em\u00a0<strong>tratamento de superf\u00edcie<\/strong>\u00a0de componentes estruturais de a\u00e7o, incluindo\u00a0<strong>Vigas H<\/strong>,\u00a0<strong>chapas de a\u00e7o<\/strong>e\u00a0<strong>condutas de a\u00e7o<\/strong>, eliminando efetivamente\u00a0<strong>ferrugem<\/strong>,\u00a0<strong>camadas de \u00f3xido<\/strong>e as imperfei\u00e7\u00f5es da superf\u00edcie, melhorando simultaneamente\u00a0<strong>ader\u00eancia da tinta<\/strong>.<\/p>\n<p class=\"ds-markdown-paragraph\"><strong>Principais vantagens t\u00e9cnicas<\/strong><\/p>\n<ol start=\"1\">\n<li>\n<p class=\"ds-markdown-paragraph\"><strong>Funcionamento de alta efici\u00eancia<\/strong><\/p>\n<ul>\n<li>\n<p class=\"ds-markdown-paragraph\"><strong>Sistema de transporte de tr\u00f3leis de dupla dire\u00e7\u00e3o<\/strong>\u00a0aumenta a efici\u00eancia do processamento em\u00a0<strong>40%<\/strong><\/p>\n<\/li>\n<li>\n<p class=\"ds-markdown-paragraph\">Ajust\u00e1vel\u00a0<strong>velocidade de processamento (0,5-5 m\/min)<\/strong>\u00a0com passo a passo\u00a0<strong>controlo da convers\u00e3o de frequ\u00eancias<\/strong><\/p>\n<\/li>\n<li>\n<p class=\"ds-markdown-paragraph\">Capaz de\u00a0<strong>Funcionamento cont\u00ednuo durante 24 horas<\/strong>\u00a0para as exig\u00eancias da produ\u00e7\u00e3o industrial<\/p>\n<\/li>\n<\/ul>\n<\/li>\n<li>\n<p class=\"ds-markdown-paragraph\"><strong>Estrutura de prote\u00e7\u00e3o duradoura<\/strong><\/p>\n<ul>\n<li>\n<p class=\"ds-markdown-paragraph\"><strong>Revestimento de 16 mm em liga de cr\u00f3mio<\/strong>\u00a0(chapa de a\u00e7o resistente ao desgaste) para uma maior durabilidade<\/p>\n<\/li>\n<li>\n<p class=\"ds-markdown-paragraph\"><strong>Refor\u00e7o triplo<\/strong>\u00a0em zonas de grande impacto (impulsor, p\u00e1s e c\u00e2mara)<\/p>\n<\/li>\n<li>\n<p class=\"ds-markdown-paragraph\"><strong>Mais de 10 anos de vida \u00fatil<\/strong>\u00a0em condi\u00e7\u00f5es normais de funcionamento<\/p>\n<\/li>\n<\/ul>\n<\/li>\n<li>\n<p class=\"ds-markdown-paragraph\"><strong>Controlo inteligente de granalhagem<\/strong><\/p>\n<ul>\n<li>\n<p class=\"ds-markdown-paragraph\"><strong>Sistema automatizado de circula\u00e7\u00e3o de injec\u00e7\u00f5es<\/strong>\u00a0com filtros de auto-limpeza<\/p>\n<\/li>\n<li>\n<p class=\"ds-markdown-paragraph\"><strong>Efici\u00eancia de remo\u00e7\u00e3o de poeiras \u226599,5%<\/strong>, cumprindo os regulamentos ambientais<\/p>\n<\/li>\n<li>\n<p class=\"ds-markdown-paragraph\"><strong>Monitoriza\u00e7\u00e3o em tempo real<\/strong>\u00a0do fluxo de abrasivo e da intensidade de granalhagem<\/p>\n<\/li>\n<\/ul>\n<\/li>\n<\/ol>\n<p class=\"ds-markdown-paragraph\"><strong>Principais aplica\u00e7\u00f5es<\/strong><\/p>\n<ul>\n<li>\n<p class=\"ds-markdown-paragraph\"><strong>Pr\u00e9-tratamento de estruturas de a\u00e7o<\/strong>\u00a0(pontes, constru\u00e7\u00e3o naval, plataformas offshore)<\/p>\n<\/li>\n<li>\n<p class=\"ds-markdown-paragraph\"><strong>Limpeza da superf\u00edcie das condutas<\/strong>\u00a0antes do revestimento<\/p>\n<\/li>\n<li>\n<p class=\"ds-markdown-paragraph\"><strong>Prepara\u00e7\u00e3o de componentes de torres e\u00f3licas<\/strong><\/p>\n<\/li>\n<li>\n<p class=\"ds-markdown-paragraph\"><strong>Descalcifica\u00e7\u00e3o de pe\u00e7as de m\u00e1quinas pesadas<\/strong><\/p>\n<\/li>\n<\/ul>\n<p class=\"ds-markdown-paragraph\"><strong>Especifica\u00e7\u00f5es t\u00e9cnicas<\/strong><\/p>\n<ul>\n<li>\n<p class=\"ds-markdown-paragraph\"><strong>Largura de rebentamento:<\/strong>\u00a0800-3000mm (personaliz\u00e1vel)<\/p>\n<\/li>\n<li>\n<p class=\"ds-markdown-paragraph\"><strong>Tipo de abrasivo:<\/strong>\u00a0Granalha de a\u00e7o (G25-G80) ou esf\u00e9rulas de cer\u00e2mica<\/p>\n<\/li>\n<li>\n<p class=\"ds-markdown-paragraph\"><strong>Fonte de alimenta\u00e7\u00e3o:<\/strong>\u00a0380V\/50Hz (trif\u00e1sico)<\/p>\n<\/li>\n<li>\n<p class=\"ds-markdown-paragraph\"><strong>Capacidade do coletor de p\u00f3:<\/strong>\u00a020.000 m\u00b3\/h<\/p>\n<\/li>\n<\/ul>\n<p class=\"ds-markdown-paragraph\"><strong>Porqu\u00ea escolher a WUXI ABK?<\/strong><br \/>\n\u2713\u00a0<strong>Certifica\u00e7\u00e3o CE e ISO 9001<\/strong>\u00a0fabrico<br \/>\n\u2713\u00a0<strong>30% menor consumo de energia<\/strong>\u00a0do que os modelos convencionais<br \/>\n\u2713\u00a0<strong>Diagn\u00f3stico remoto<\/strong>\u00a0e\u00a0<strong>Suporte t\u00e9cnico 24\/7<\/strong><br \/>\n\u2713\u00a0<strong>Solu\u00e7\u00f5es personaliz\u00e1veis<\/strong>\u00a0para aplica\u00e7\u00f5es especializadas<\/p>\n<p><strong>Par\u00e2metro t\u00e9cnico principal:<\/strong><\/p>\n<table>\n<tbody>\n<tr>\n<td>Modelo<\/td>\n<td><\/td>\n<td>HP0816<\/td>\n<td>HP1018<\/td>\n<td>HP1220<\/td>\n<\/tr>\n<tr>\n<td rowspan=\"2\">Dimens\u00e3o da pe\u00e7a a limpar<\/td>\n<td>Sec\u00e7\u00e3o de passagem admiss\u00edvel (largura\u00d7altura)<\/td>\n<td>800\u00d71600mm<\/td>\n<td>1000\u00d71800mm<\/td>\n<td>1200\u00d72000mm<\/td>\n<\/tr>\n<tr>\n<td>Comprimento da pe\u00e7a de trabalho<\/td>\n<td>16000mm<\/td>\n<td>16000mm<\/td>\n<td>16000mm<\/td>\n<\/tr>\n<tr>\n<td rowspan=\"2\">Norma de qualidade<\/td>\n<td>Clareza da superf\u00edcie<\/td>\n<td><\/td>\n<td>A-B Sa2-Sa2.5<\/td>\n<td><\/td>\n<\/tr>\n<tr>\n<td>Rugosidade da superf\u00edcie<\/td>\n<td><\/td>\n<td>15-20um<\/td>\n<td><\/td>\n<\/tr>\n<tr>\n<td colspan=\"2\">Efici\u00eancia de produ\u00e7\u00e3o (velocidade de desloca\u00e7\u00e3o da pe\u00e7a)<\/td>\n<td>0,4-2,5m\/min<\/td>\n<td>0,4-2,5m\/min<\/td>\n<td>0,4-2,5m\/min<\/td>\n<\/tr>\n<tr>\n<td rowspan=\"4\">Abridor<\/td>\n<td>Modelo<\/td>\n<td>Q034<\/td>\n<td>Q034<\/td>\n<td>Q034<\/td>\n<\/tr>\n<tr>\n<td>Quantificar<\/td>\n<td>8<\/td>\n<td>8<\/td>\n<td>8<\/td>\n<\/tr>\n<tr>\n<td>Capacidade do abridor<\/td>\n<td>8\u00d7250kg\/min<\/td>\n<td>8\u00d7250kg\/min<\/td>\n<td>8\u00d7250kg\/min<\/td>\n<\/tr>\n<tr>\n<td>Pot\u00eancia<\/td>\n<td>8\u00d711kw<\/td>\n<td>8\u00d711kw<\/td>\n<td>8\u00d715kw<\/td>\n<\/tr>\n<tr>\n<td colspan=\"2\">Capacidade de circula\u00e7\u00e3o do material para o abridor<\/td>\n<td>100t\/h<\/td>\n<td>110t\/h<\/td>\n<td>120t\/h<\/td>\n<\/tr>\n<tr>\n<td rowspan=\"2\">Caminho de rolos para importa\u00e7\u00e3o\/sa\u00edda<\/td>\n<td>Carga admiss\u00edvel<\/td>\n<td>1000kg\/m<\/td>\n<td>1000kg\/m<\/td>\n<td>1000\/kg\/m<\/td>\n<\/tr>\n<tr>\n<td>Velocidade de transporte<\/td>\n<td>0,4-4m\/min<\/td>\n<td>0,4-4m\/min<\/td>\n<td>0,4-4m\/min<\/td>\n<\/tr>\n<tr>\n<td colspan=\"2\">Iniciar a adi\u00e7\u00e3o de quantidade de material para o abridor<\/td>\n<td>5000kg<\/td>\n<td>6000kg<\/td>\n<td>8000kg<\/td>\n<\/tr>\n<tr>\n<td rowspan=\"2\">Sistema anti-poeira<\/td>\n<td>Volume de vento tratado<\/td>\n<td>16000m\u00b3\/h<\/td>\n<td>16000m\u00b3\/h<\/td>\n<td>16000m\u00b3\/h<\/td>\n<\/tr>\n<tr>\n<td>Pot\u00eancia<\/td>\n<td>15kw<\/td>\n<td>15kw<\/td>\n<td>22kw<\/td>\n<\/tr>\n<tr>\n<td>Pot\u00eancia total<\/td>\n<td><\/td>\n<td>Cerca de140kw<\/td>\n<td>Cerca de140kw<\/td>\n<td>172kw<\/td>\n<\/tr>\n<\/tbody>\n<\/table>\n<p class=\"ds-markdown-paragraph\"><strong>Solu\u00e7\u00f5es avan\u00e7adas de tratamento de superf\u00edcies<\/strong><br \/>\nWUXI ABK's\u00a0<strong>equipamento de granalhagem<\/strong>\u00a0proporciona uma qualidade profissional\u00a0<strong>prepara\u00e7\u00e3o da superf\u00edcie<\/strong>\u00a0para diversas aplica\u00e7\u00f5es industriais. As nossas m\u00e1quinas realizam\u00a0<strong>Pr\u00e9-tratamento com viga H<\/strong>,\u00a0<strong>limpeza de chapas de a\u00e7o<\/strong>,\u00a0<strong>tratamento anti-corros\u00e3o de condutas<\/strong>e\u00a0<strong>prepara\u00e7\u00e3o da pintura de estruturas de a\u00e7o<\/strong>\u00a0com uma efici\u00eancia inigual\u00e1vel. O\u00a0<strong>sistema de jato abrasivo<\/strong>\u00a0remove as incrusta\u00e7\u00f5es, a ferrugem e os contaminantes, criando simultaneamente perfis de superf\u00edcie \u00f3ptimos para a ader\u00eancia do revestimento.<\/p>\n<p class=\"ds-markdown-paragraph\"><strong>Aplica\u00e7\u00f5es industriais globais<\/strong><br \/>\nCom a confian\u00e7a de fabricantes de todo o mundo, os nossos\u00a0<strong>m\u00e1quinas de jato de granalha<\/strong>\u00a0serve projectos cr\u00edticos em todo o mundo:<\/p>\n<ul>\n<li>\n<p class=\"ds-markdown-paragraph\"><strong>M\u00e9dio Oriente<\/strong>: Pr\u00e9-tratamento de condutas de petr\u00f3leo e g\u00e1s na Ar\u00e1bia Saudita<\/p>\n<\/li>\n<li>\n<p class=\"ds-markdown-paragraph\"><strong>Europa\/\u00c1sia<\/strong>: Fabrico de estruturas de a\u00e7o na R\u00fassia e na \u00c1sia Central<\/p>\n<\/li>\n<li>\n<p class=\"ds-markdown-paragraph\"><strong>\u00c1sia-Pac\u00edfico<\/strong>: Projectos de constru\u00e7\u00e3o naval e de pontes no Sudeste Asi\u00e1tico e na Austr\u00e1lia<\/p>\n<\/li>\n<li>\n<p class=\"ds-markdown-paragraph\"><strong>Am\u00e9ricas<\/strong>: Fabrico de equipamento pesado nos EUA e na Alemanha<\/p>\n<\/li>\n<\/ul>\n<p class=\"ds-markdown-paragraph\"><strong>Garantia de Qualidade Premium<\/strong><br \/>\nCada ABK\u00a0<strong>jato de areia industrial<\/strong>\u00a0\u00e9 submetido a testes rigorosos e inclui:<br \/>\n\u2713\u00a0<strong>Garantia de 12 meses<\/strong>\u00a0nos componentes principais (p\u00e1s, turbinas, vedantes)<br \/>\n\u2713\u00a0<strong>Certifica\u00e7\u00e3o CE<\/strong>\u00a0cumprir as normas de seguran\u00e7a da UE<br \/>\n\u2713\u00a0<strong>ISO 9001<\/strong>\u00a0processos de fabrico conformes<br \/>\n\u2713\u00a0<strong>30% vida \u00fatil mais longa<\/strong>\u00a0do que a m\u00e9dia do sector<\/p>\n<p class=\"ds-markdown-paragraph\"><strong>Configura\u00e7\u00f5es personaliz\u00e1veis<\/strong><br \/>\nMelhore a sua\u00a0<strong>sistema de tratamento de superf\u00edcies<\/strong>\u00a0com carater\u00edsticas opcionais:<\/p>\n<ul>\n<li>\n<p class=\"ds-markdown-paragraph\"><strong>Manuseamento automatizado de materiais<\/strong>\u00a0para produ\u00e7\u00e3o cont\u00ednua<\/p>\n<\/li>\n<li>\n<p class=\"ds-markdown-paragraph\"><strong>Inspe\u00e7\u00e3o visual em tempo real<\/strong>\u00a0com dete\u00e7\u00e3o de defeitos<\/p>\n<\/li>\n<li>\n<p class=\"ds-markdown-paragraph\"><strong>Recolha de poeiras ECO<\/strong>\u00a0sistemas (efici\u00eancia de filtragem de 99,7%)<\/p>\n<\/li>\n<li>\n<p class=\"ds-markdown-paragraph\"><strong>Monitoriza\u00e7\u00e3o remota IoT<\/strong>\u00a0para manuten\u00e7\u00e3o preditiva<\/p>\n<\/li>\n<\/ul>\n<p class=\"ds-markdown-paragraph\"><strong>Sucesso comprovado na ind\u00fastria<\/strong><br \/>\nO nosso\u00a0<strong>m\u00e1quinas de jato abrasivo<\/strong>\u00a0foram integrados com \u00eaxito:<br \/>\n-\u00a0<strong>Linhas de soldadura em U da ponte<\/strong>\u00a0- Alcan\u00e7ar a limpeza SA 2.5<br \/>\n-\u00a0<strong>Produ\u00e7\u00e3o de vigas-caix\u00e3o<\/strong>\u00a0- Processamento de mais de 60 feixes por turno<br \/>\n-\u00a0<strong>Linhas de estrutura de a\u00e7o<\/strong>\u00a0- Compat\u00edvel com materiais de 6-100 mm de espessura<br \/>\n-\u00a0<strong>Sistemas de jato de \u00e1gua CNC<\/strong>\u00a0- Prepara\u00e7\u00e3o perfeita da superf\u00edcie para um corte de precis\u00e3o<\/p>\n<p class=\"ds-markdown-paragraph\"><strong>Destaques t\u00e9cnicos<\/strong><\/p>\n<ul>\n<li>\n<p class=\"ds-markdown-paragraph\"><strong>400-3000kg\/hr<\/strong>\u00a0capacidade de processamento<\/p>\n<\/li>\n<li>\n<p class=\"ds-markdown-paragraph\"><strong>Recupera\u00e7\u00e3o\/reciclagem<\/strong>\u00a0sistema (reutiliza\u00e7\u00e3o do abrasivo 95%)<\/p>\n<\/li>\n<li>\n<p class=\"ds-markdown-paragraph\"><strong>Controlado por PLC<\/strong>\u00a0funcionamento com interface HMI<\/p>\n<\/li>\n<li>\n<p class=\"ds-markdown-paragraph\"><strong>Constru\u00e7\u00e3o robusta<\/strong>\u00a0para funcionamento 24\/7<\/p>\n<\/li>\n<\/ul>\n<p><strong><b>Nota: A personaliza\u00e7\u00e3o \u00e9 suportada e pode informar-se sobre o esquema t\u00e9cnico espec\u00edfico.<\/b><\/strong><\/p>\n<p>[Modelo do produto: SBM-2024Pro].<\/p>\n<p>[Per\u00edodo de garantia: 12 meses].<\/p>\n<p>[Ciclo de entrega: 90 dias].<\/p>\n<p>&nbsp;<\/p>","protected":false},"excerpt":{"rendered":"<p>WUXI ABK's\u00a0<strong>M\u00e1quina de jato de areia<\/strong>\u00a0proporciona efici\u00eancia\u00a0<strong>prepara\u00e7\u00e3o da superf\u00edcie<\/strong>\u00a0para\u00a0<strong>estruturas de a\u00e7o<\/strong>,\u00a0<strong>Vigas H<\/strong>\u00a0e\u00a0<strong>condutas<\/strong>, que inclui\u00a0<strong>Certifica\u00e7\u00e3o CE<\/strong>\u00a0qualidade e\u00a0<strong>ISO 9001<\/strong>\u00a0conformidade. Com\u00a0<strong>decapagem abrasiva automatizada<\/strong>,\u00a0<strong>funcionamento sem p\u00f3<\/strong>\u00a0e\u00a0<strong>30% vida \u00fatil mais longa<\/strong>, assegura uma otimiza\u00e7\u00e3o\u00a0<strong>remo\u00e7\u00e3o de ferrugem<\/strong>\u00a0e\u00a0<strong>ader\u00eancia do revestimento<\/strong>. Ideal para\u00a0<strong>ponte<\/strong>,\u00a0<strong>constru\u00e7\u00e3o naval<\/strong>\u00a0e\u00a0<strong>fabrico industrial<\/strong>\u00a0aplica\u00e7\u00f5es.\u00a0<strong>Garantia de 12 meses<\/strong>\u00a0inclu\u00eddo.<\/p>","protected":false},"featured_media":1916,"comment_status":"open","ping_status":"closed","template":"","meta":{"_acf_changed":false},"product_brand":[],"product_cat":[21,27],"product_tag":[],"class_list":{"0":"post-739","1":"product","2":"type-product","3":"status-publish","4":"has-post-thumbnail","6":"product_cat-welding-automation","7":"product_cat-h-beam-welding-line","9":"first","10":"instock","11":"shipping-taxable","12":"product-type-simple"},"acf":[],"_links":{"self":[{"href":"https:\/\/www.weldmc.com\/pt\/wp-json\/wp\/v2\/product\/739","targetHints":{"allow":["GET"]}}],"collection":[{"href":"https:\/\/www.weldmc.com\/pt\/wp-json\/wp\/v2\/product"}],"about":[{"href":"https:\/\/www.weldmc.com\/pt\/wp-json\/wp\/v2\/types\/product"}],"replies":[{"embeddable":true,"href":"https:\/\/www.weldmc.com\/pt\/wp-json\/wp\/v2\/comments?post=739"}],"wp:featuredmedia":[{"embeddable":true,"href":"https:\/\/www.weldmc.com\/pt\/wp-json\/wp\/v2\/media\/1916"}],"wp:attachment":[{"href":"https:\/\/www.weldmc.com\/pt\/wp-json\/wp\/v2\/media?parent=739"}],"wp:term":[{"taxonomy":"product_brand","embeddable":true,"href":"https:\/\/www.weldmc.com\/pt\/wp-json\/wp\/v2\/product_brand?post=739"},{"taxonomy":"product_cat","embeddable":true,"href":"https:\/\/www.weldmc.com\/pt\/wp-json\/wp\/v2\/product_cat?post=739"},{"taxonomy":"product_tag","embeddable":true,"href":"https:\/\/www.weldmc.com\/pt\/wp-json\/wp\/v2\/product_tag?post=739"}],"curies":[{"name":"wp","href":"https:\/\/api.w.org\/{rel}","templated":true}]}}