{"id":669,"date":"2025-05-24T14:22:12","date_gmt":"2025-05-24T06:22:12","guid":{"rendered":"http:\/\/111.170.148.214:8095\/?post_type=product&#038;p=669"},"modified":"2025-09-12T14:18:36","modified_gmt":"2025-09-12T06:18:36","slug":"maquina-de-corte-a-laser-cnc","status":"publish","type":"product","link":"https:\/\/www.weldmc.com\/pt\/product\/maquina-de-corte-a-laser-cnc\/","title":{"rendered":"M\u00e1quina de corte a laser CNC"},"content":{"rendered":"<h3><strong>Princ\u00edpio de funcionamento<\/strong><\/h3>\n<p class=\"ds-markdown-paragraph\">A m\u00e1quina de corte a laser de fibra CNC utiliza tecnologia avan\u00e7ada de laser de fibra para fornecer corte de metal de alta precis\u00e3o e alta efici\u00eancia. O gerador de laser produz um feixe de laser de alta energia, que \u00e9 transmitido atrav\u00e9s de um cabo de fibra \u00f3tica para a cabe\u00e7a de corte. O grupo de lentes de focagem de precis\u00e3o concentra o feixe laser num ponto focal de n\u00edvel micr\u00f3nico (aproximadamente 0,1 mm de di\u00e2metro), gerando uma temperatura instant\u00e2nea superior a 10.000\u2103. Este calor extremo faz com que o material vaporize instantaneamente, enquanto um g\u00e1s auxiliar de alta press\u00e3o (O\u2082\/N\u2082) sopra os res\u00edduos fundidos, garantindo cortes limpos e suaves. Um sistema integrado de remo\u00e7\u00e3o de poeiras elimina eficazmente os res\u00edduos de corte em tempo real, mantendo um ambiente de trabalho limpo e prolongando a vida \u00fatil da m\u00e1quina.<\/p>\n<h3><strong>Configura\u00e7\u00e3o do n\u00facleo<\/strong><\/h3>\n<h4><strong>1. Sistema laser<\/strong><\/h4>\n<ul>\n<li>\n<p class=\"ds-markdown-paragraph\">Fonte de laser de fibra: Equipado com um laser de fibra pulsada Wuhan Ruike 500W (laser de alta pot\u00eancia 1000W opcional para materiais mais espessos).<\/p>\n<\/li>\n<li>\n<p class=\"ds-markdown-paragraph\">Comprimento de onda do laser: 1070nm, garantindo uma absor\u00e7\u00e3o \u00f3ptima pelos materiais met\u00e1licos.<\/p>\n<\/li>\n<li>\n<p class=\"ds-markdown-paragraph\">Efici\u00eancia de convers\u00e3o fotoel\u00e9ctrica: Mais de 30%, reduzindo o consumo de energia e os custos operacionais.<\/p>\n<\/li>\n<li>\n<p class=\"ds-markdown-paragraph\">Monitoriza\u00e7\u00e3o da qualidade do feixe: Inclui um analisador de qualidade de feixe de alta precis\u00e3o (importado do Reino Unido) para um desempenho de corte consistente.<\/p>\n<\/li>\n<\/ul>\n<h4><strong>2. Sistema de transmiss\u00e3o<\/strong><\/h4>\n<ul>\n<li>\n<p class=\"ds-markdown-paragraph\">Carris de guia linear: Trilhos de prata de alta rigidez Taiwan HIWIN (20mm), assegurando um movimento suave e est\u00e1vel.<\/p>\n<\/li>\n<li>\n<p class=\"ds-markdown-paragraph\">Servomotores: Servomotores originais Panasonic (eixo X: 1000W, eixo Y: 3000W) para movimentos de alta velocidade e bin\u00e1rio elevado.<\/p>\n<\/li>\n<li>\n<p class=\"ds-markdown-paragraph\">Fusos de esferas: Parafusos de esferas de precis\u00e3o de grau C3 (32 mm de di\u00e2metro), minimizando a folga e melhorando a precis\u00e3o do posicionamento.<\/p>\n<\/li>\n<\/ul>\n<h4><strong>3. Sistema de controlo<\/strong><\/h4>\n<ul>\n<li>\n<p class=\"ds-markdown-paragraph\">Controlo do movimento: Placa de controlo de movimentos multieixos Befo da Alemanha, que assegura uma execu\u00e7\u00e3o ultra-precisa do percurso de corte.<\/p>\n<\/li>\n<li>\n<p class=\"ds-markdown-paragraph\">Compatibilidade de software: Suporta formatos de ficheiro DXF\/DWG\/AI para uma integra\u00e7\u00e3o CAD\/CAM perfeita.<\/p>\n<\/li>\n<li>\n<p class=\"ds-markdown-paragraph\">Base de dados de par\u00e2metros de corte: Ajuste em tempo real da pot\u00eancia do laser, velocidade de corte e press\u00e3o do g\u00e1s para um desempenho optimizado em diferentes materiais.<\/p>\n<\/li>\n<\/ul>\n<h3><strong>Principais vantagens<\/strong><\/h3>\n<ul>\n<li>\n<p class=\"ds-markdown-paragraph\">Corte a alta velocidade: A tecnologia optimizada de laser de fibra permite o processamento r\u00e1pido de a\u00e7o inoxid\u00e1vel, a\u00e7o carbono, alum\u00ednio e cobre.<\/p>\n<\/li>\n<li>\n<p class=\"ds-markdown-paragraph\">Funcionamento eficiente em termos energ\u00e9ticos: A efici\u00eancia de convers\u00e3o fotoel\u00e9ctrica do 30%+ reduz o consumo de energia.<\/p>\n<\/li>\n<li>\n<p class=\"ds-markdown-paragraph\">Baixa manuten\u00e7\u00e3o: Os sistemas de corte a laser de fibra requerem uma manuten\u00e7\u00e3o m\u00ednima em compara\u00e7\u00e3o com os lasers de CO\u2082.<\/p>\n<\/li>\n<li>\n<p class=\"ds-markdown-paragraph\">Remo\u00e7\u00e3o autom\u00e1tica de poeiras: O sistema de extra\u00e7\u00e3o integrado assegura um espa\u00e7o de trabalho limpo e aumenta a longevidade da m\u00e1quina.<\/p>\n<\/li>\n<\/ul>\n<p class=\"ds-markdown-paragraph\">Esta m\u00e1quina de corte a laser CNC \u00e9 ideal para ind\u00fastrias que requerem fabrico de metal de precis\u00e3o, incluindo a ind\u00fastria autom\u00f3vel, aeroespacial, eletr\u00f3nica e processamento de chapas met\u00e1licas. Com a sua fonte de laser de fibra de alta pot\u00eancia, sistema de transmiss\u00e3o robusto e software de controlo inteligente, proporciona uma precis\u00e3o de corte superior, efici\u00eancia e fiabilidade.<\/p>\n<p><strong>T<\/strong><strong>Par\u00e2metro t\u00e9cnico<\/strong><\/p>\n<table>\n<tbody>\n<tr>\n<td width=\"200\"><strong><b>P<\/b><\/strong><strong><b>rojecto<\/b><\/strong><\/td>\n<td width=\"162\"><strong><b>S<\/b><\/strong><strong><b>especifica\u00e7\u00f5es<\/b><\/strong><\/td>\n<td width=\"250\"><strong><b>S<\/b><\/strong><strong><b>superioridade<\/b><\/strong><\/td>\n<\/tr>\n<tr>\n<td width=\"200\">Largura de trabalho<\/td>\n<td width=\"162\">1500\u00d73000mm<\/td>\n<td width=\"250\">Suporte \u00e0 personaliza\u00e7\u00e3o 2000\u00d74000mm<\/td>\n<\/tr>\n<tr>\n<td width=\"200\">Precis\u00e3o de posicionamento<\/td>\n<td width=\"162\">\u00b10,02mm<\/td>\n<td width=\"250\">Calibra\u00e7\u00e3o do interfer\u00f3metro laser<\/td>\n<\/tr>\n<tr>\n<td width=\"200\">Precis\u00e3o de corte<\/td>\n<td width=\"162\">\u2264\u00b10,08mm<\/td>\n<td width=\"250\">Superior aos padr\u00f5es da ind\u00fastria<\/td>\n<\/tr>\n<tr>\n<td width=\"200\">Repetibilidade<\/td>\n<td width=\"162\">\u00b10,01mm<\/td>\n<td width=\"250\">Maquina\u00e7\u00e3o de precis\u00e3o satisfat\u00f3ria<\/td>\n<\/tr>\n<tr>\n<td width=\"200\">Acelera\u00e7\u00e3o m\u00e1xima<\/td>\n<td width=\"162\">1.5G<\/td>\n<td width=\"250\">Reduzir o tempo de inatividade<\/td>\n<\/tr>\n<\/tbody>\n<\/table>\n<p><strong>Componentes principais<\/strong><\/p>\n<table>\n<tbody>\n<tr>\n<td>Componente<\/td>\n<td>Breve introdu\u00e7\u00e3o<\/td>\n<td>Informa\u00e7\u00f5es do fabricante<\/td>\n<\/tr>\n<tr>\n<td>Dispositivo laser<\/td>\n<td>China Wuhan Optical Valley Raycus 500W laser de fibra<\/td>\n<td>Wuhan Raycus<\/td>\n<\/tr>\n<tr>\n<td>Sistema \u00f3tico<\/td>\n<td>Pot\u00eancia laser Wuhan Raycus<\/td>\n<td>Inglaterra<\/td>\n<\/tr>\n<tr>\n<td>Pot\u00eancia laser<\/td>\n<td>Sistema de laser pulsado de 600W<\/td>\n<td>Wuhan Raycus<\/td>\n<\/tr>\n<tr>\n<td>Cabe\u00e7a de corte<\/td>\n<td>Cabe\u00e7a profissional de alta precis\u00e3o<\/td>\n<td>Tecnologia ABK<\/td>\n<\/tr>\n<tr>\n<td>Sistema de arrefecimento<\/td>\n<td>Prote\u00e7\u00e3o contra superaquecimento, estabilidade de temperatura \u00b1 0,5 \u2103, prote\u00e7\u00e3o ambiental m\u00e1quina de resfriamento de \u00e1gua de dois ciclos, controle de tubo de evapora\u00e7\u00e3o de liga de tit\u00e2nio, 2P tudo em um tanque de resfriamento<\/td>\n<td>Tecnologia ABK<\/td>\n<\/tr>\n<tr>\n<td>Sistema de acionamento mec\u00e2nico<\/td>\n<td>Parafuso de esferas de alta precis\u00e3o; Servomotor original da Panasonic; Calha de guia HIWIN de Taiwan<\/td>\n<td>HIWIN, Taiwan<\/td>\n<\/tr>\n<tr>\n<td>Sistema de rastreio e dete\u00e7\u00e3o<\/td>\n<td>Dete\u00e7\u00e3o autom\u00e1tica de alta precis\u00e3o; exatid\u00e3o \u00b10,1mm<\/td>\n<td>Tecnologia ABK<\/td>\n<\/tr>\n<tr>\n<td>\u00c1rea de trabalho<\/td>\n<td>1500\u00d73000mm<\/td>\n<td>Fabricado na China<\/td>\n<\/tr>\n<tr>\n<td>Sistema inform\u00e1tico<\/td>\n<td>IPC<\/td>\n<td>Fabricado na China<\/td>\n<\/tr>\n<tr>\n<td>Unidade servo do eixo X<\/td>\n<td>1000W com acionamento simples<\/td>\n<td>Panasonic<\/td>\n<\/tr>\n<tr>\n<td>Unidade servo do eixo Y<\/td>\n<td>3000W com acionamento simples<\/td>\n<td>Panasonic<\/td>\n<\/tr>\n<tr>\n<td>Interruptor de fim de curso<\/td>\n<td>NPN<\/td>\n<td>Omron<\/td>\n<\/tr>\n<tr>\n<td>Software de corte<\/td>\n<td>V2.0<\/td>\n<td>Tecnologia ABK<\/td>\n<\/tr>\n<tr>\n<td>Placa de E\/S<\/td>\n<td>32 pontos<\/td>\n<td>Googol, Shenzhen<\/td>\n<\/tr>\n<tr>\n<td>Plataforma de trabalho<\/td>\n<td>Tipo de p\u00f3rtico<\/td>\n<td>Tecnologia ABK<\/td>\n<\/tr>\n<\/tbody>\n<\/table>\n<p><strong>Principais \u00edndices da m\u00e1quina de corte a laser QY-LCF500<\/strong><\/p>\n<table>\n<tbody>\n<tr>\n<td>Comprimento de onda do laser<\/td>\n<td>1070nm<\/td>\n<\/tr>\n<tr>\n<td>Pot\u00eancia m\u00e9dia m\u00e1xima de sa\u00edda do laser<\/td>\n<td>500W<\/td>\n<\/tr>\n<tr>\n<td>Frequ\u00eancia repetida do laser<\/td>\n<td>CW<\/td>\n<\/tr>\n<tr>\n<td>Instabilidade de energia<\/td>\n<td>=&lt;2%<\/td>\n<\/tr>\n<tr>\n<td>Corte de linha m\u00ednima<\/td>\n<td>0,2 mm (para material inferior a 0,4 mm)<\/td>\n<\/tr>\n<tr>\n<td>Velocidade m\u00e1xima de corte<\/td>\n<td>=&lt;15m\/min (depende do material)<\/td>\n<\/tr>\n<tr>\n<td>Espessura m\u00e1xima de corte<\/td>\n<td>=&lt;5mm (a\u00e7o carbono) =&lt;4mm (a\u00e7o inoxid\u00e1vel)<\/td>\n<\/tr>\n<tr>\n<td>Tempo de funcionamento cont\u00ednuo<\/td>\n<td>&gt;=20 horas<\/td>\n<\/tr>\n<tr>\n<td>Respira\u00e7\u00e3o m\u00e1xima de corte<\/td>\n<td>3000mm*1500mm<\/td>\n<\/tr>\n<tr>\n<td>Precis\u00e3o da plataforma de trabalho<\/td>\n<td>\u00b10,08mm<\/td>\n<\/tr>\n<tr>\n<td>Precis\u00e3o da localiza\u00e7\u00e3o de repeti\u00e7\u00e3o<\/td>\n<td>\u00b10,02mm<\/td>\n<\/tr>\n<tr>\n<td>Fonte de alimenta\u00e7\u00e3o<\/td>\n<td>Comuta\u00e7\u00e3o trif\u00e1sica de cinco linhas 380V\u00b15%, 50Hz\u00b11%<\/td>\n<\/tr>\n<tr>\n<td>Software<\/td>\n<td>Sele\u00e7\u00e3o de fases fornecida<\/td>\n<\/tr>\n<tr>\n<td>Peso da m\u00e1quina (estimado)<\/td>\n<td>4200kg<\/td>\n<\/tr>\n<\/tbody>\n<\/table>\n<p><strong>\u00cdndices de corte do equipamento (Isto \u00e9 apenas para sua refer\u00eancia. A velocidade pode ser diferente consoante a figura. Deve basear-se nos resultados dos testes pr\u00e1ticos).<\/strong><\/p>\n<table>\n<tbody>\n<tr>\n<td>Material<\/td>\n<td>Espessura (mm)<\/td>\n<td>Velocidade (mm\/s)<\/td>\n<td>G\u00e1s auxiliar<\/td>\n<td>Observa\u00e7\u00e3o<\/td>\n<\/tr>\n<tr>\n<td>A\u00e7o inoxid\u00e1vel<\/td>\n<td>0.3<\/td>\n<td>240<\/td>\n<td>O2<\/td>\n<td>Limita\u00e7\u00e3o da velocidade<\/td>\n<\/tr>\n<tr>\n<td>A\u00e7o inoxid\u00e1vel<\/td>\n<td>0.5<\/td>\n<td>200<\/td>\n<td>O2<\/td>\n<td>Limita\u00e7\u00e3o da velocidade<\/td>\n<\/tr>\n<tr>\n<td>A\u00e7o inoxid\u00e1vel<\/td>\n<td>1<\/td>\n<td>180<\/td>\n<td>O2<\/td>\n<td>Limita\u00e7\u00e3o da velocidade<\/td>\n<\/tr>\n<tr>\n<td>A\u00e7o inoxid\u00e1vel<\/td>\n<td>2<\/td>\n<td>110<\/td>\n<td>O2<\/td>\n<td>Limita\u00e7\u00e3o da velocidade<\/td>\n<\/tr>\n<tr>\n<td>A\u00e7o inoxid\u00e1vel<\/td>\n<td>3<\/td>\n<td>45<\/td>\n<td>O2<\/td>\n<td>Limita\u00e7\u00e3o da velocidade<\/td>\n<\/tr>\n<tr>\n<td>A\u00e7o inoxid\u00e1vel<\/td>\n<td>4<\/td>\n<td>24<\/td>\n<td>O2<\/td>\n<td>Limita\u00e7\u00e3o da velocidade<\/td>\n<\/tr>\n<tr>\n<td>A\u00e7o inoxid\u00e1vel<\/td>\n<td>5<\/td>\n<td>20<\/td>\n<td>O2<\/td>\n<td>Limita\u00e7\u00e3o da velocidade<\/td>\n<\/tr>\n<tr>\n<td>A\u00e7o inoxid\u00e1vel<\/td>\n<td>0.3<\/td>\n<td>150<\/td>\n<td>N2<\/td>\n<td>Limita\u00e7\u00e3o da velocidade<\/td>\n<\/tr>\n<tr>\n<td>A\u00e7o inoxid\u00e1vel<\/td>\n<td>0.5<\/td>\n<td>130<\/td>\n<td>N2<\/td>\n<td>Limita\u00e7\u00e3o da velocidade<\/td>\n<\/tr>\n<tr>\n<td>A\u00e7o inoxid\u00e1vel<\/td>\n<td>1<\/td>\n<td>100<\/td>\n<td>N2<\/td>\n<td>Limita\u00e7\u00e3o da velocidade<\/td>\n<\/tr>\n<tr>\n<td>A\u00e7o inoxid\u00e1vel<\/td>\n<td>1.2<\/td>\n<td>90<\/td>\n<td>N2<\/td>\n<td>Limita\u00e7\u00e3o da velocidade<\/td>\n<\/tr>\n<tr>\n<td>A\u00e7o inoxid\u00e1vel<\/td>\n<td>1.5<\/td>\n<td>60<\/td>\n<td>N2<\/td>\n<td>Limita\u00e7\u00e3o da velocidade<\/td>\n<\/tr>\n<tr>\n<td>A\u00e7o inoxid\u00e1vel<\/td>\n<td>2<\/td>\n<td>40<\/td>\n<td>N2<\/td>\n<td>Limita\u00e7\u00e3o da velocidade<\/td>\n<\/tr>\n<tr>\n<td>A\u00e7o inoxid\u00e1vel<\/td>\n<td>2.5<\/td>\n<td>12<\/td>\n<td>N2<\/td>\n<td>Limita\u00e7\u00e3o da velocidade<\/td>\n<\/tr>\n<tr>\n<td>A\u00e7o carbono<\/td>\n<td>1<\/td>\n<td>170<\/td>\n<td>O2<\/td>\n<td>Limita\u00e7\u00e3o da velocidade<\/td>\n<\/tr>\n<tr>\n<td>A\u00e7o carbono<\/td>\n<td>2<\/td>\n<td>80<\/td>\n<td>O2<\/td>\n<td>Limita\u00e7\u00e3o da velocidade<\/td>\n<\/tr>\n<tr>\n<td>A\u00e7o carbono<\/td>\n<td>3<\/td>\n<td>40<\/td>\n<td>O2<\/td>\n<td>Limita\u00e7\u00e3o da velocidade<\/td>\n<\/tr>\n<tr>\n<td>A\u00e7o carbono<\/td>\n<td>4<\/td>\n<td>20<\/td>\n<td>O2<\/td>\n<td>Limita\u00e7\u00e3o da velocidade<\/td>\n<\/tr>\n<tr>\n<td>A\u00e7o carbono<\/td>\n<td>5<\/td>\n<td>15<\/td>\n<td>O2<\/td>\n<td>Limita\u00e7\u00e3o da velocidade<\/td>\n<\/tr>\n<tr>\n<td>A\u00e7o carbono<\/td>\n<td>6<\/td>\n<td>10<\/td>\n<td>O2<\/td>\n<td>Limita\u00e7\u00e3o da velocidade<\/td>\n<\/tr>\n<tr>\n<td>Folha de alum\u00ednio<\/td>\n<td>1<\/td>\n<td>80<\/td>\n<td>O2<\/td>\n<td>Limita\u00e7\u00e3o da velocidade<\/td>\n<\/tr>\n<\/tbody>\n<\/table>\n<p><strong>Acess\u00f3rios e especifica\u00e7\u00f5es<\/strong><\/p>\n<table>\n<tbody>\n<tr>\n<td width=\"523\">Item<\/td>\n<td>Quantidade<\/td>\n<td>Observa\u00e7\u00e3o<\/td>\n<\/tr>\n<tr>\n<td width=\"523\">Especifica\u00e7\u00f5es<\/td>\n<td>1 pe\u00e7a<\/td>\n<td><\/td>\n<\/tr>\n<tr>\n<td width=\"523\">Lente de prote\u00e7\u00e3o<\/td>\n<td>5 pe\u00e7as<\/td>\n<td>De gra\u00e7a<\/td>\n<\/tr>\n<tr>\n<td width=\"523\">Bico de pulveriza\u00e7\u00e3o<\/td>\n<td>2 pe\u00e7as<\/td>\n<td>De gra\u00e7a<\/td>\n<\/tr>\n<tr>\n<td width=\"523\">Chave hexagonal interna<\/td>\n<td>1 conjunto<\/td>\n<td>De gra\u00e7a<\/td>\n<\/tr>\n<tr>\n<td width=\"523\">Papel de polimento profissional<\/td>\n<td>1 pe\u00e7a<\/td>\n<td>De gra\u00e7a<\/td>\n<\/tr>\n<tr>\n<td width=\"523\">&nbsp;<\/p>\n<p><strong><b>Condi\u00e7\u00f5es da transa\u00e7\u00e3o<\/b><\/strong><\/p>\n<p><b>1.\u00a0<\/b><strong><b>Descri\u00e7\u00e3o do pre\u00e7o<\/b><\/strong><\/p>\n<p>l A oferta do produto inclui 17% IVA (pode ser emitida uma fatura especial de IVA).<\/p>\n<p>l EXW (condi\u00e7\u00f5es CIP\/DDP opcionais)<\/p>\n<p><b>2.\u00a0<\/b><strong><b>D<\/b><\/strong><strong><b>ciclo de entrega<\/b><\/strong><\/p>\n<p>l Modelo standard: entrega no prazo de 30 dias \u00fateis ap\u00f3s a assinatura do contrato.<\/p>\n<p>l Modelo personalizado: 45-60 dias \u00fateis (sujeito a confirma\u00e7\u00e3o de contrato)<\/p>\n<p><b>3.\u00a0<\/b><strong><b>P<\/b><\/strong><strong><b>tipos\/m\u00e9todos de pagamento<\/b><\/strong><\/p>\n<p>l 30% adiantamento (assinatura do contrato)<\/p>\n<p>l 50% do pagamento do adiantamento (antes de o equipamento sair da f\u00e1brica)<\/p>\n<p>l 20% do saldo (ap\u00f3s aceita\u00e7\u00e3o)<\/p>\n<p><strong><b>Q<\/b><\/strong><strong><b>garantia de qualidade \uff08controlo\uff09 sistema<\/b><\/strong><\/p>\n<p>\u25c7 <strong><b>Controlo de qualidade de todo o processo<\/b><\/strong><\/p>\n<p>Mat\u00e9rias-primas: \u00c9 adotado a\u00e7o de alta qualidade Baowu\/Shougang.<\/p>\n<p>Processo de produ\u00e7\u00e3o: implementa\u00e7\u00e3o do sistema de gest\u00e3o da qualidade ISO9001.<\/p>\n<p>Inspe\u00e7\u00e3o \u00e0 sa\u00edda da f\u00e1brica: Teste de funcionamento cont\u00ednuo durante 72 horas<\/p>\n<p>\u25c7 <strong><b>Cl\u00e1usula de garantia<\/b><\/strong><\/p>\n<p>A garantia de toda a m\u00e1quina \u00e9 de 12 meses (24 meses para o laser)<\/p>\n<p>Lista das pe\u00e7as de desgaste: lentes de prote\u00e7\u00e3o\/bocais\/elementos filtrantes, etc.<\/p>\n<p><strong><b>Sistema de manuten\u00e7\u00e3o de ciclo completo<\/b><\/strong><\/p>\n<p><b>1.\u00a0<\/b><strong><b>Apoio pr\u00e9-venda<\/b><\/strong><\/p>\n<p>\u2713 <strong><b>Consulta t\u00e9cnica gratuita<\/b><\/strong><\/p>\n<p>Fornecer a conce\u00e7\u00e3o do plano do processo<\/p>\n<p>Servi\u00e7o de corte experimental de material (limitado a 3 vezes)<\/p>\n<p>Sugest\u00f5es sobre o planeamento da disposi\u00e7\u00e3o da oficina<\/p>\n<p>\u2713 <strong><b>servi\u00e7o de valor acrescentado<\/b><\/strong><\/p>\n<p>Suporte de software de sele\u00e7\u00e3o profissional<\/p>\n<p>Relat\u00f3rio de an\u00e1lise do retorno do investimento<\/p>\n<p>Avalia\u00e7\u00e3o comparativa de equipamentos similares<\/p>\n<p><strong><b>Forma\u00e7\u00e3o em instala\u00e7\u00e3o<\/b><\/strong><\/p>\n<p><strong><b>Pacote de servi\u00e7os standard:<\/b><\/strong><\/p>\n<p>Instala\u00e7\u00e3o do equipamento no local (o local de conformidade deve ser fornecido pelos clientes)<\/p>\n<p>Depura\u00e7\u00e3o de sistemas mec\u00e2nicos\/el\u00e9ctricos<\/p>\n<p>Forma\u00e7\u00e3o sistem\u00e1tica de 5 dias (2-3 pessoas)<\/p>\n<p>l Opera\u00e7\u00e3o segura do laser (norma OSHA)<\/p>\n<p>l Pr\u00e1tica de programa\u00e7\u00e3o de software<\/p>\n<p>l Especifica\u00e7\u00e3o da manuten\u00e7\u00e3o di\u00e1ria<\/p>\n<p>l Tratamento de falhas comuns<\/p>\n<p><strong><b>Servi\u00e7o de atualiza\u00e7\u00e3o opcional\uff1a<\/b><\/strong><\/p>\n<p>Depura\u00e7\u00e3o integrada da linha de produ\u00e7\u00e3o (\u00e9 necess\u00e1rio um or\u00e7amento adicional)<\/p>\n<p>Forma\u00e7\u00e3o em v\u00e1rios turnos (+3 dias)<\/p>\n<p><strong><b>Processo de aceita\u00e7\u00e3o<\/b><\/strong><\/p>\n<p>\u2460 Pr\u00e9-aceita\u00e7\u00e3o na f\u00e1brica (FAT)<\/p>\n<p>\u2461 Instala\u00e7\u00e3o e depura\u00e7\u00e3o no local (SAT)<\/p>\n<p>\u2462 Ensaio de produ\u00e7\u00e3o cont\u00ednua de 72 horas<\/p>\n<p>\u2463 Assinatura do documento de aceita\u00e7\u00e3o final<\/p>\n<p><strong><b>A<\/b><\/strong><strong><b>servi\u00e7o p\u00f3s-venda<\/b><\/strong><\/p>\n<p><strong><b>Resposta r\u00e1pida:<\/b><\/strong><\/p>\n<p>\u00d8 Linha direta de servi\u00e7o 400 (7\u00d724 horas)<\/p>\n<p>\u00d8 Resposta t\u00e9cnica no prazo de 2 horas<\/p>\n<p>\u00d8 Presen\u00e7a de um engenheiro 24 horas por dia (nacional)<\/p>\n<p>Conte\u00fado do servi\u00e7o:<\/p>\n<p>\u00d8 Manuten\u00e7\u00e3o preventiva anual (4 vezes)<\/p>\n<p>\u00d8 Apoio ao diagn\u00f3stico \u00e0 dist\u00e2ncia<\/p>\n<p>\u00d8 Fornecimento r\u00e1pido de pe\u00e7as sobresselentes (mais de 100 categorias)<\/td>\n<td><\/td>\n<td><\/td>\n<\/tr>\n<\/tbody>\n<\/table>\n<p>&nbsp;<\/p>","protected":false},"excerpt":{"rendered":"<p><strong>M\u00e1quina de corte a laser de fibra CNC WUXI ABK<\/strong>\u00a0oferece corte de metal de precis\u00e3o com tecnologia avan\u00e7ada de laser de fibra de 500W\/1000W. Com guias HIWIN, servos Panasonic e sistema de controlo Germany Befo, garante um processamento de alta velocidade e energeticamente eficiente de a\u00e7o, alum\u00ednio e cobre. A remo\u00e7\u00e3o de poeiras integrada mant\u00e9m o funcionamento limpo. Ideal para as ind\u00fastrias autom\u00f3vel, aeroespacial e de fabrico de chapas met\u00e1licas.<\/p>","protected":false},"featured_media":1957,"comment_status":"open","ping_status":"closed","template":"","meta":{"_acf_changed":false},"product_brand":[],"product_cat":[22,44],"product_tag":[],"class_list":{"0":"post-669","1":"product","2":"type-product","3":"status-publish","4":"has-post-thumbnail","6":"product_cat-cnc-cutting","7":"product_cat-cnc-laser-cutting-machine","9":"first","10":"instock","11":"shipping-taxable","12":"product-type-simple"},"acf":[],"_links":{"self":[{"href":"https:\/\/www.weldmc.com\/pt\/wp-json\/wp\/v2\/product\/669","targetHints":{"allow":["GET"]}}],"collection":[{"href":"https:\/\/www.weldmc.com\/pt\/wp-json\/wp\/v2\/product"}],"about":[{"href":"https:\/\/www.weldmc.com\/pt\/wp-json\/wp\/v2\/types\/product"}],"replies":[{"embeddable":true,"href":"https:\/\/www.weldmc.com\/pt\/wp-json\/wp\/v2\/comments?post=669"}],"wp:featuredmedia":[{"embeddable":true,"href":"https:\/\/www.weldmc.com\/pt\/wp-json\/wp\/v2\/media\/1957"}],"wp:attachment":[{"href":"https:\/\/www.weldmc.com\/pt\/wp-json\/wp\/v2\/media?parent=669"}],"wp:term":[{"taxonomy":"product_brand","embeddable":true,"href":"https:\/\/www.weldmc.com\/pt\/wp-json\/wp\/v2\/product_brand?post=669"},{"taxonomy":"product_cat","embeddable":true,"href":"https:\/\/www.weldmc.com\/pt\/wp-json\/wp\/v2\/product_cat?post=669"},{"taxonomy":"product_tag","embeddable":true,"href":"https:\/\/www.weldmc.com\/pt\/wp-json\/wp\/v2\/product_tag?post=669"}],"curies":[{"name":"wp","href":"https:\/\/api.w.org\/{rel}","templated":true}]}}