{"id":660,"date":"2025-05-24T12:55:43","date_gmt":"2025-05-24T04:55:43","guid":{"rendered":"http:\/\/111.170.148.214:8095\/?post_type=product&#038;p=660"},"modified":"2025-09-12T14:19:49","modified_gmt":"2025-09-12T06:19:49","slug":"maquina-de-corte-por-chama-cnc","status":"publish","type":"product","link":"https:\/\/www.weldmc.com\/pt\/product\/maquina-de-corte-por-chama-cnc\/","title":{"rendered":"M\u00e1quina de corte por chama CNC"},"content":{"rendered":"<p class=\"ds-markdown-paragraph\">O nosso\u00a0<strong>M\u00e1quina de corte por chama CNC<\/strong>\u00a0(tamb\u00e9m conhecido como\u00a0<strong>Cortador de chama CNC<\/strong>) \u00e9 um sistema de corte industrial de elevado desempenho concebido para processar uma vasta gama de metais, incluindo\u00a0<strong>a\u00e7o macio, a\u00e7o de alto carbono, a\u00e7o inoxid\u00e1vel, alum\u00ednio, cobre<\/strong>e outros\u00a0<strong>metais n\u00e3o ferrosos<\/strong>. Equipado com automa\u00e7\u00e3o avan\u00e7ada e engenharia de precis\u00e3o, este\u00a0<strong>M\u00e1quina de corte CNC<\/strong>\u00a0\u00e9 amplamente utilizado em ind\u00fastrias como\u00a0<strong>produ\u00e7\u00e3o de tubos, fabrico de autom\u00f3veis, constru\u00e7\u00e3o naval, processamento petroqu\u00edmico, defesa militar, metalurgia, aeroespacial, fabrico de caldeiras, constru\u00e7\u00e3o de vasos de press\u00e3o e engenharia de locomotivas<\/strong>.<\/p>\n<h3><strong>Principais carater\u00edsticas da m\u00e1quina de corte por chama CNC<\/strong><\/h3>\n<ol start=\"1\">\n<li>\n<p class=\"ds-markdown-paragraph\"><strong>Elevada rigidez e desempenho de corte de precis\u00e3o<\/strong><\/p>\n<ul>\n<li>\n<p class=\"ds-markdown-paragraph\">Constru\u00eddo com componentes estruturais refor\u00e7ados, este\u00a0<strong>Cortador de chama CNC<\/strong>\u00a0garante\u00a0<strong>elevada estabilidade e precis\u00e3o de corte<\/strong>tornando-o ideal para aplica\u00e7\u00f5es industriais pesadas.<\/p>\n<\/li>\n<li>\n<p class=\"ds-markdown-paragraph\">Todas as pe\u00e7as cr\u00edticas s\u00e3o submetidas a\u00a0<strong>recozimento, polimento de precis\u00e3o e pintura anti-corros\u00e3o<\/strong>\u00a0para aumentar a durabilidade.<\/p>\n<\/li>\n<\/ul>\n<\/li>\n<li>\n<p class=\"ds-markdown-paragraph\"><strong>Sistema de corte de modo duplo para maior flexibilidade<\/strong><\/p>\n<ul>\n<li>\n<p class=\"ds-markdown-paragraph\"><strong>Corte por chama standard<\/strong>\u00a0(\u00f3timo para\u00a0<strong>A\u00e7o-carbono 6-200mm<\/strong>) proporciona cortes limpos e de alta qualidade com o m\u00ednimo de esc\u00f3ria.<\/p>\n<\/li>\n<li>\n<p class=\"ds-markdown-paragraph\"><strong>Ma\u00e7arico de corte plasma opcional<\/strong>\u00a0(compat\u00edvel com todos os principais\u00a0<strong>marcas de fontes de alimenta\u00e7\u00e3o de plasma<\/strong>) permite um processamento mais r\u00e1pido de\u00a0<strong>a\u00e7o inoxid\u00e1vel, alum\u00ednio e outros metais condutores<\/strong>.<\/p>\n<\/li>\n<li>\n<p class=\"ds-markdown-paragraph\"><strong>Velocidade de corte infinitamente ajust\u00e1vel (100-750mm\/min)<\/strong>\u00a0assegura um desempenho \u00f3timo para diferentes espessuras de material.<\/p>\n<\/li>\n<\/ul>\n<\/li>\n<li>\n<p class=\"ds-markdown-paragraph\"><strong>Transmiss\u00e3o de alta precis\u00e3o e controlo de movimentos<\/strong><\/p>\n<ul>\n<li>\n<p class=\"ds-markdown-paragraph\"><strong>Trilhos de guia linear importados<\/strong>\u00a0combinado com\u00a0<strong>sistemas de acionamento de cremalheira e pinh\u00e3o<\/strong>\u00a0proporcionam um movimento suave e de alta velocidade com\u00a0<strong>Precis\u00e3o de posicionamento repetido de \u00b10,2mm\/m<\/strong>.<\/p>\n<\/li>\n<li>\n<p class=\"ds-markdown-paragraph\"><strong>Sistema autom\u00e1tico de eleva\u00e7\u00e3o da tocha<\/strong>\u00a0(conce\u00e7\u00e3o de calha de guia esf\u00e9rica, curso de 200 mm) assegura uma altura de corte consistente para uma melhor qualidade das arestas.<\/p>\n<\/li>\n<\/ul>\n<\/li>\n<li>\n<p class=\"ds-markdown-paragraph\"><strong>Sistema de controlo CNC inteligente<\/strong><\/p>\n<ul>\n<li>\n<p class=\"ds-markdown-paragraph\"><strong>Fun\u00e7\u00e3o de auto-igni\u00e7\u00e3o<\/strong>\u00a0simplifica o funcionamento e melhora a seguran\u00e7a.<\/p>\n<\/li>\n<li>\n<p class=\"ds-markdown-paragraph\"><strong>Mem\u00f3ria para par\u00e2metros de corte<\/strong>\u00a0permite uma configura\u00e7\u00e3o r\u00e1pida para trabalhos repetitivos.<\/p>\n<\/li>\n<li>\n<p class=\"ds-markdown-paragraph\"><strong>Sistema de auto-diagn\u00f3stico de avarias<\/strong>\u00a0minimiza o tempo de inatividade, detectando e alertando para problemas operacionais.<\/p>\n<\/li>\n<li>\n<p class=\"ds-markdown-paragraph\"><strong>Importa\u00e7\u00e3o direta de ficheiros CAD<\/strong>\u00a0suporta uma integra\u00e7\u00e3o perfeita do fluxo de trabalho para padr\u00f5es de corte complexos.<\/p>\n<\/li>\n<\/ul>\n<\/li>\n<\/ol>\n<h3><strong>Principais vantagens da nossa m\u00e1quina de corte por chama CNC<\/strong><\/h3>\n<p class=\"ds-markdown-paragraph\">\u2705\u00a0<strong>Versatilidade de corte superior<\/strong>\u00a0- Pegas\u00a0<strong>a\u00e7o-carbono, a\u00e7o inoxid\u00e1vel, alum\u00ednio e metais n\u00e3o ferrosos<\/strong>\u00a0com op\u00e7\u00f5es de chama ou plasma.<br \/>\n\u2705\u00a0<strong>Corte de alta velocidade e precis\u00e3o<\/strong>\u00a0- Optimizado\u00a0<strong>Corte por chama CNC<\/strong>\u00a0e\u00a0<strong>corte por plasma<\/strong>\u00a0capacidades para uma efici\u00eancia de n\u00edvel industrial.<br \/>\n\u2705\u00a0<strong>Design dur\u00e1vel e de baixa manuten\u00e7\u00e3o<\/strong>\u00a0- Constru\u00e7\u00e3o robusta com\u00a0<strong>componentes recozidos e polidos<\/strong>\u00a0garante uma fiabilidade a longo prazo.<br \/>\n\u2705\u00a0<strong>Funcionalidades de automatiza\u00e7\u00e3o inteligente<\/strong>\u00a0-\u00a0<strong>Ajuste autom\u00e1tico da altura, igni\u00e7\u00e3o e dete\u00e7\u00e3o de falhas<\/strong>\u00a0aumentar a produtividade.<\/p>\n<p class=\"ds-markdown-paragraph\">Seja para\u00a0<strong>fabrico pesado, constru\u00e7\u00e3o naval ou fabrico aeroespacial<\/strong>, o nosso\u00a0<strong>M\u00e1quina de corte por chama CNC<\/strong>\u00a0entrega\u00a0<strong>desempenho de corte de alta velocidade, alta precis\u00e3o e multifuncional<\/strong>\u00a0para satisfazer os requisitos industriais mais exigentes. Actualize a sua linha de produ\u00e7\u00e3o com um\u00a0<strong>Solu\u00e7\u00e3o de corte CNC<\/strong>\u00a0que combina\u00a0<strong>tecnologias de chama e plasma<\/strong>\u00a0para uma flexibilidade e efici\u00eancia inigual\u00e1veis.<\/p>\n<p><strong>Par\u00e2metros t\u00e9cnicos da m\u00e1quina de corte por chama CNC:<\/strong><\/p>\n<table>\n<tbody>\n<tr>\n<td rowspan=\"2\">Modelo<\/td>\n<td rowspan=\"2\">Formul\u00e1rio de condu\u00e7\u00e3o<\/td>\n<td rowspan=\"2\">Lacuna nos carris<br \/>\n(mm)<\/td>\n<td rowspan=\"2\">Largura efectiva<br \/>\n(mm)<\/td>\n<td colspan=\"2\">Espessura de corte (mm)<\/td>\n<td colspan=\"2\">Velocidade de corte (mm\/min)<\/td>\n<td rowspan=\"2\">Velocidade m\u00e1xima (mm\/min)<\/td>\n<td rowspan=\"2\">Gama vertical (mm)<\/td>\n<\/tr>\n<tr>\n<td>Corte por chama<\/td>\n<td>M\u00e1quina de corte a plasma<\/td>\n<td>Corte por chama<\/td>\n<td>Corte a plasma<\/td>\n<\/tr>\n<tr>\n<td>CNC\u2160-2500<\/td>\n<td>Um lado<\/td>\n<td>2500<\/td>\n<td>1600<\/td>\n<td rowspan=\"12\">6-200 (Consultar o desempenho da cabe\u00e7a de corte)<\/td>\n<td rowspan=\"12\">Varia consoante os modelos<\/td>\n<td rowspan=\"12\">100-750 (Consultar o desempenho da cabe\u00e7a de corte)<\/td>\n<td rowspan=\"12\">Varia consoante a fonte de alimenta\u00e7\u00e3o<\/td>\n<td>6000<\/td>\n<td>200<\/td>\n<\/tr>\n<tr>\n<td>CNC\u2160-3000<\/td>\n<td>Um lado<\/td>\n<td>3500<\/td>\n<td>2100<\/td>\n<td>6000<\/td>\n<td>200<\/td>\n<\/tr>\n<tr>\n<td>CNC\u2160-4000<\/td>\n<td>Um lado<\/td>\n<td>4000<\/td>\n<td>3100<\/td>\n<td>12000<\/td>\n<td>200<\/td>\n<\/tr>\n<tr>\n<td>CNC\u2161-4000<\/td>\n<td>Dupla face<\/td>\n<td>4000<\/td>\n<td>3100<\/td>\n<td>12000<\/td>\n<td>200<\/td>\n<\/tr>\n<tr>\n<td>CNC\u2161-5000<\/td>\n<td>Dupla face<\/td>\n<td>5000<\/td>\n<td>4100<\/td>\n<td>12000<\/td>\n<td>200<\/td>\n<\/tr>\n<tr>\n<td>CNC\u2161-6000<\/td>\n<td>Dupla face<\/td>\n<td>6000<\/td>\n<td>5100<\/td>\n<td>12000<\/td>\n<td>200<\/td>\n<\/tr>\n<tr>\n<td>CNC\u2161-7000<\/td>\n<td>Dupla face<\/td>\n<td>7000<\/td>\n<td>6100<\/td>\n<td>12000<\/td>\n<td>200<\/td>\n<\/tr>\n<tr>\n<td>CNC\u2161-8000<\/td>\n<td>Dupla face<\/td>\n<td>8000<\/td>\n<td>7100<\/td>\n<td>12000<\/td>\n<td>200<\/td>\n<\/tr>\n<tr>\n<td>CNC\u2161-9000<\/td>\n<td>Dupla face<\/td>\n<td>90000<\/td>\n<td>8100<\/td>\n<td>12000<\/td>\n<td>200<\/td>\n<\/tr>\n<tr>\n<td>CNC\u2161-11000<\/td>\n<td>Dupla face<\/td>\n<td>11000<\/td>\n<td>10100<\/td>\n<td>12000<\/td>\n<td>200<\/td>\n<\/tr>\n<tr>\n<td>CNC\u2161-12000<\/td>\n<td>Dupla face<\/td>\n<td>12000<\/td>\n<td>11100<\/td>\n<td>12000<\/td>\n<td>200<\/td>\n<\/tr>\n<tr>\n<td>CNC\u2161-13000<\/td>\n<td>Dupla face<\/td>\n<td>13000<\/td>\n<td>12100<\/td>\n<td>12000<\/td>\n<td>200<\/td>\n<\/tr>\n<\/tbody>\n<\/table>\n<p><strong>\u00a0<\/strong><strong>Par\u00e2metros t\u00e9cnicos do cortador digital multi-cabe\u00e7a CNC:<\/strong><\/p>\n<table>\n<tbody>\n<tr>\n<td>Modelo<\/td>\n<td>Formul\u00e1rio de condu\u00e7\u00e3o<\/td>\n<td>Espa\u00e7o entre carris (mm)<\/td>\n<td>Largura efectiva (mm)<\/td>\n<td>Espessura de corte (mm)<\/td>\n<td>velocidade de corte (mm\/min)<\/td>\n<td>Velocidade m\u00e1xima (mm\/min)<\/td>\n<td>Gama vertical (mm)<\/td>\n<\/tr>\n<tr>\n<td>CNC-3000<\/td>\n<td>Um lado<\/td>\n<td>3000<\/td>\n<td>2100<\/td>\n<td rowspan=\"12\">6-200 (Consultar o desempenho da cabe\u00e7a de corte)<\/td>\n<td rowspan=\"12\">100-750 (Consultar o desempenho da cabe\u00e7a de corte)<\/td>\n<td>6000<\/td>\n<td>150<\/td>\n<\/tr>\n<tr>\n<td>CNC-3500<\/td>\n<td>Um lado<\/td>\n<td>3500<\/td>\n<td>2600<\/td>\n<td>6000<\/td>\n<td>150<\/td>\n<\/tr>\n<tr>\n<td>CNC-4000<\/td>\n<td>Um lado<\/td>\n<td>4000<\/td>\n<td>3100<\/td>\n<td>12000<\/td>\n<td>150<\/td>\n<\/tr>\n<tr>\n<td>CNC\u2161-5000<\/td>\n<td>Dupla face<\/td>\n<td>5000<\/td>\n<td>4100<\/td>\n<td>12000<\/td>\n<td>150<\/td>\n<\/tr>\n<tr>\n<td>CNC\u2161-6000<\/td>\n<td>Dupla face<\/td>\n<td>6000<\/td>\n<td>5100<\/td>\n<td>12000<\/td>\n<td>150<\/td>\n<\/tr>\n<tr>\n<td>CNC\u2161-7000<\/td>\n<td>Dupla face<\/td>\n<td>7000<\/td>\n<td>6100<\/td>\n<td>12000<\/td>\n<td>150<\/td>\n<\/tr>\n<tr>\n<td>CNC\u2161-8000<\/td>\n<td>Dupla face<\/td>\n<td>8000<\/td>\n<td>7100<\/td>\n<td>12000<\/td>\n<td>150<\/td>\n<\/tr>\n<tr>\n<td>CNC\u2161-9000<\/td>\n<td>Dupla face<\/td>\n<td>9000<\/td>\n<td>8100<\/td>\n<td>12000<\/td>\n<td>150<\/td>\n<\/tr>\n<tr>\n<td>CNC\u2161-10000<\/td>\n<td>Dupla face<\/td>\n<td>10000<\/td>\n<td>9000<\/td>\n<td>12000<\/td>\n<td>150<\/td>\n<\/tr>\n<tr>\n<td>CNC\u2161-11000<\/td>\n<td>Dupla face<\/td>\n<td>11000<\/td>\n<td>10100<\/td>\n<td>12000<\/td>\n<td>150<\/td>\n<\/tr>\n<tr>\n<td>CNC\u2161-12000<\/td>\n<td>Dupla face<\/td>\n<td>12000<\/td>\n<td>11100<\/td>\n<td>12000<\/td>\n<td>150<\/td>\n<\/tr>\n<tr>\n<td>CNC\u2161-13000<\/td>\n<td>Dupla face<\/td>\n<td>13000<\/td>\n<td>12100<\/td>\n<td>12000<\/td>\n<td>150<\/td>\n<\/tr>\n<\/tbody>\n<\/table>\n<p><strong><b>Carater\u00edsticas do produto<\/b><\/strong><\/p>\n<p><strong><b>\u2160.<\/b><\/strong><strong><b>Conce\u00e7\u00e3o estrutural de n\u00edvel militar<\/b><\/strong><\/p>\n<ul>\n<li>Recozimento integral para aliviar as tens\u00f5es<\/li>\n<li>Polimento de precis\u00e3o e tratamento por pulveriza\u00e7\u00e3o<\/li>\n<li>Vida \u00fatil dos componentes principais \u22655 anos.<\/li>\n<\/ul>\n<p><strong><b>\u2161.<\/b><\/strong><strong><b>Expans\u00e3o multifuncional<\/b><\/strong><\/p>\n<ul>\n<li>Fun\u00e7\u00e3o de corte direto com v\u00e1rias cabe\u00e7as extens\u00edvel<\/li>\n<li>Suporta o funcionamento simult\u00e2neo de v\u00e1rias esta\u00e7\u00f5es<\/li>\n<li>Sistema de alimenta\u00e7\u00e3o autom\u00e1tica opcional<\/li>\n<\/ul>\n<p><strong><b>A<\/b><\/strong><strong><b>\u00e1rea de aplica\u00e7\u00e3o<\/b><\/strong><\/p>\n<ul>\n<li>Ind\u00fastria petroqu\u00edmica: corte de recipientes sob press\u00e3o<\/li>\n<li>Constru\u00e7\u00e3o naval: corte de chapas de casco<\/li>\n<li>M\u00e1quinas de constru\u00e7\u00e3o: moldagem de pe\u00e7as estruturais<\/li>\n<li>Aeroespacial: processamento especial de metais<\/li>\n<\/ul>\n<p><strong><b>For\u00e7a da empresa<\/b><\/strong><\/p>\n<p>\u25c7 Fundada em 1999, com 20 anos de experi\u00eancia profissional de fabrico.<\/p>\n<p>Dupla autentica\u00e7\u00e3o ISO9001+CE<\/p>\n<p>Os produtos s\u00e3o exportados para mais de 30 pa\u00edses, como a Alemanha e a R\u00fassia.<\/p>\n<p>Capacidade de produ\u00e7\u00e3o anual de mais de 200 conjuntos.<\/p>\n<p>Garantia de servi\u00e7o<\/p>\n<p><strong><b>Resposta t\u00e9cnica 24 horas por dia<\/b><\/strong><\/p>\n<p><strong><b>Forma\u00e7\u00e3o gratuita sobre o funcionamento<\/b><\/strong><\/p>\n<p><strong><b>Fornecimento global de pe\u00e7as sobresselentes<\/b><\/strong><\/p>\n<p><strong><b>Manuten\u00e7\u00e3o do equipamento ao longo da vida<\/b><\/strong><\/p>\n<p>Linha de produtos de apoio<\/p>\n<p>M\u00e1quina de corte plasma cnc<\/p>\n<p>Linha de produ\u00e7\u00e3o de torres de energia e\u00f3lica<\/p>\n<p>Linha de produ\u00e7\u00e3o de soldadura de viga H<\/p>\n<p>Equipamento de conforma\u00e7\u00e3o de metal, como dobrador de chapa\/dobrador de tubo.<\/p>\n<p>Fundada em 1999, Wuxi ABK Machinery Co.Ltd \u00e9 um fabricante profissional de m\u00e1quina de corte por chama CNC na China. Al\u00e9m da m\u00e1quina de corte por chama CNC, ainda temos muitos outros produtos de alta qualidade, como m\u00e1quina de corte a plasma CNC, m\u00e1quina de corte de mesa CNC, linha de produ\u00e7\u00e3o de torre e\u00f3lica, linha de solda de viga H, equipamentos de soldagem, equipamentos de soldagem de tubos, m\u00e1quina de moagem, m\u00e1quina perfiladeira, m\u00e1quina dobradeira de chapa, etc. Com certifica\u00e7\u00e3o ISO e CE, nossos produtos s\u00e3o bastante populares entre os clientes da Espanha, \u00cdndia, Alemanha, \u00c1frica do Sul, Brasil, Chile, Argentina, R\u00fassia, It\u00e1lia, Fran\u00e7a, Vietname, e muito mais. Se voc\u00ea precisar de m\u00e1quina de corte por chama CNC, entre em contato conosco livremente.<\/p>\n<p><strong><b>\u00a0<\/b><\/strong><\/p>","protected":false},"excerpt":{"rendered":"<p>A m\u00e1quina de corte por chama CNC da WUXI ABK proporciona um corte de precis\u00e3o para chapas grossas de a\u00e7o-carbono at\u00e9 300 mm. Com um controlo avan\u00e7ado de g\u00e1s e um desempenho est\u00e1vel, assegura cortes limpos com o m\u00ednimo de esc\u00f3ria. A constru\u00e7\u00e3o robusta e o sistema CNC de f\u00e1cil utiliza\u00e7\u00e3o tornam-na ideal para aplica\u00e7\u00f5es industriais pesadas, como a constru\u00e7\u00e3o naval e a constru\u00e7\u00e3o civil.<\/p>","protected":false},"featured_media":1959,"comment_status":"open","ping_status":"closed","template":"","meta":{"_acf_changed":false},"product_brand":[],"product_cat":[22,43],"product_tag":[],"class_list":{"0":"post-660","1":"product","2":"type-product","3":"status-publish","4":"has-post-thumbnail","6":"product_cat-cnc-cutting","7":"product_cat-cnc-flame-cutting-machine","9":"first","10":"instock","11":"shipping-taxable","12":"product-type-simple"},"acf":[],"_links":{"self":[{"href":"https:\/\/www.weldmc.com\/pt\/wp-json\/wp\/v2\/product\/660","targetHints":{"allow":["GET"]}}],"collection":[{"href":"https:\/\/www.weldmc.com\/pt\/wp-json\/wp\/v2\/product"}],"about":[{"href":"https:\/\/www.weldmc.com\/pt\/wp-json\/wp\/v2\/types\/product"}],"replies":[{"embeddable":true,"href":"https:\/\/www.weldmc.com\/pt\/wp-json\/wp\/v2\/comments?post=660"}],"wp:featuredmedia":[{"embeddable":true,"href":"https:\/\/www.weldmc.com\/pt\/wp-json\/wp\/v2\/media\/1959"}],"wp:attachment":[{"href":"https:\/\/www.weldmc.com\/pt\/wp-json\/wp\/v2\/media?parent=660"}],"wp:term":[{"taxonomy":"product_brand","embeddable":true,"href":"https:\/\/www.weldmc.com\/pt\/wp-json\/wp\/v2\/product_brand?post=660"},{"taxonomy":"product_cat","embeddable":true,"href":"https:\/\/www.weldmc.com\/pt\/wp-json\/wp\/v2\/product_cat?post=660"},{"taxonomy":"product_tag","embeddable":true,"href":"https:\/\/www.weldmc.com\/pt\/wp-json\/wp\/v2\/product_tag?post=660"}],"curies":[{"name":"wp","href":"https:\/\/api.w.org\/{rel}","templated":true}]}}