{"id":649,"date":"2025-05-24T00:58:15","date_gmt":"2025-05-23T16:58:15","guid":{"rendered":"http:\/\/111.170.148.214:8095\/?post_type=product&#038;p=649"},"modified":"2025-09-12T14:24:44","modified_gmt":"2025-09-12T06:24:44","slug":"maquina-de-soldar-tubo-a-tubo","status":"publish","type":"product","link":"https:\/\/www.weldmc.com\/pt\/product\/maquina-de-soldar-tubo-a-tubo\/","title":{"rendered":"M\u00e1quina de soldar tubo a tubo"},"content":{"rendered":"<div class=\"dad65929\">\n<div class=\"_4f9bf79 d7dc56a8 _43c05b5\">\n<div class=\"ds-markdown ds-markdown--block\">\n<p class=\"ds-markdown-paragraph\">O\u00a0<strong>m\u00e1quina de soldar tubo a tubo<\/strong>\u00a0representa um avan\u00e7o na tecnologia de uni\u00e3o de tubos, integrando processos de soldadura avan\u00e7ados, sistemas de controlo inteligentes e software adapt\u00e1vel para proporcionar uma precis\u00e3o e efici\u00eancia inigual\u00e1veis. Abaixo est\u00e3o as principais inova\u00e7\u00f5es que definem este\u00a0<strong>sistema de soldadura de tubos<\/strong>\u00a0para al\u00e9m das solu\u00e7\u00f5es convencionais.<\/p>\n<h3><strong>1. Capacidade de soldadura multi-processo para uma maior flexibilidade<\/strong><\/h3>\n<p class=\"ds-markdown-paragraph\">Este\u00a0<strong>m\u00e1quina de soldar tubos<\/strong>\u00a0apresenta um\u00a0<strong>Sistema h\u00edbrido GTAW (TIG) \/ GMAW (MIG)<\/strong>permitindo aos operadores alternar entre processos de soldadura sem alterar o equipamento. O\u00a0<strong>controlo de ondas pulsadas<\/strong>\u00a0reduz a entrada de calor em\u00a0<strong>30% em compara\u00e7\u00e3o com a soldadura convencional<\/strong>minimizando a distor\u00e7\u00e3o e mantendo a integridade da soldadura. Al\u00e9m disso, o sistema \u00e9 totalmente compat\u00edvel com os principais\u00a0<strong>c\u00f3digos das caldeiras e dos recipientes sob press\u00e3o<\/strong>, incluindo\u00a0<strong>ASME Sec\u00e7\u00e3o I, EN 12952, e EN 13445<\/strong>garantindo um desempenho fi\u00e1vel em aplica\u00e7\u00f5es cr\u00edticas.<\/p>\n<h3><strong>2. Sistema propriet\u00e1rio de fio quente para taxas de deposi\u00e7\u00e3o superiores<\/strong><\/h3>\n<p class=\"ds-markdown-paragraph\">O\u00a0<strong>m\u00e1quina de soldar tubo a tubo<\/strong>\u00a0incorpora um\u00a0<strong>sa\u00edda de onda sinusoidal verdadeira<\/strong>\u00a0eliminando o sopro do arco magn\u00e9tico para um desempenho est\u00e1vel do arco. As principais vantagens incluem:<\/p>\n<ul>\n<li>\n<p class=\"ds-markdown-paragraph\"><strong>Taxa de deposi\u00e7\u00e3o aumentada por 40%<\/strong>\u00a0em compara\u00e7\u00e3o com a soldadura TIG com fio frio<\/p>\n<\/li>\n<li>\n<p class=\"ds-markdown-paragraph\"><strong>Velocidades de desloca\u00e7\u00e3o at\u00e9 25 cm\/min<\/strong>mesmo em soldaduras de fendas estreitas<\/p>\n<\/li>\n<li>\n<p class=\"ds-markdown-paragraph\"><strong>Taxa de defeitos inferior a 0,5%<\/strong>\u00a0para incidentes de falta de fus\u00e3o, garantindo soldaduras de alta qualidade<\/p>\n<\/li>\n<\/ul>\n<h3><strong>3. Controlo inteligente da tens\u00e3o do arco (AVC) para soldadura de precis\u00e3o<\/strong><\/h3>\n<p class=\"ds-markdown-paragraph\">Para manter uma qualidade de soldadura \u00f3ptima, o\u00a0<strong>sistema de soldadura de tubos<\/strong>\u00a0utiliza\u00e7\u00f5es\u00a0<strong>regula\u00e7\u00e3o em tempo real da altura da tocha<\/strong>\u00a0com\u00a0<strong>Precis\u00e3o de \u00b10,1mm<\/strong>. O seu\u00a0<strong>algoritmo de auto-corre\u00e7\u00e3o<\/strong>\u00a0compensa automaticamente:<\/p>\n<ul>\n<li>\n<p class=\"ds-markdown-paragraph\"><strong>Varia\u00e7\u00f5es da ovalidade do tubo<\/strong><\/p>\n<\/li>\n<li>\n<p class=\"ds-markdown-paragraph\"><strong>Desalinhamento das articula\u00e7\u00f5es<\/strong><\/p>\n<\/li>\n<li>\n<p class=\"ds-markdown-paragraph\"><strong>Distor\u00e7\u00e3o t\u00e9rmica durante a soldadura<\/strong><br \/>\nIsto assegura uma penetra\u00e7\u00e3o consistente e reduz a necessidade de interven\u00e7\u00e3o manual.<\/p>\n<\/li>\n<\/ul>\n<h3><strong>4. Software de soldadura adapt\u00e1vel para otimiza\u00e7\u00e3o inteligente do processo<\/strong><\/h3>\n<p class=\"ds-markdown-paragraph\">O\u00a0<strong>m\u00e1quina de soldar tubo a tubo<\/strong>\u00a0est\u00e1 equipado com\u00a0<strong>Mais de 200 programas de soldadura predefinidos<\/strong>, optimizado para v\u00e1rios\u00a0<strong>tipos de materiais (P91, T22, 304H, etc.)<\/strong>\u00a0e\u00a0<strong>configura\u00e7\u00f5es de junta (topo, encaixe, encaixe)<\/strong>. O\u00a0<strong>fun\u00e7\u00e3o de auto-aprendizagem<\/strong>\u00a0melhora continuamente os par\u00e2metros de soldadura ap\u00f3s cada\u00a0<strong>10 soldaduras<\/strong>, aumentando a efici\u00eancia e reduzindo o tempo de configura\u00e7\u00e3o.<\/p>\n<p class=\"ds-markdown-paragraph\">Ao integrar estas tecnologias de ponta, a\u00a0<strong>m\u00e1quina de soldar tubos<\/strong>\u00a0entrega\u00a0<strong>maior produtividade, qualidade de soldadura superior e flexibilidade de processo inigual\u00e1vel<\/strong>tornando-o a solu\u00e7\u00e3o ideal para\u00a0<strong>aplica\u00e7\u00f5es em caldeiras, centrais el\u00e9ctricas e tubagens de alta press\u00e3o<\/strong>.<\/p>\n<\/div>\n<\/div>\n<\/div>\n<h3><strong>Especifica\u00e7\u00f5es do sistema<\/strong><\/h3>\n<table>\n<tbody>\n<tr>\n<td><strong>Modelo<\/strong><\/td>\n<td><strong><b>TTW-300 (padr\u00e3o)<\/b><\/strong><\/td>\n<td><strong><b>TTW-500 (servi\u00e7o pesado)<\/b><\/strong><\/td>\n<\/tr>\n<tr>\n<td><strong>Di\u00e2metro do tubo<\/strong><\/td>\n<td>25-300 mm<\/td>\n<td>50-500 mm<\/td>\n<\/tr>\n<tr>\n<td><strong>Espessura da parede<\/strong><\/td>\n<td>2-25 mm<\/td>\n<td>5-50 mm<\/td>\n<\/tr>\n<tr>\n<td><strong>Velocidade de soldadura<\/strong><\/td>\n<td>10-30 cm\/min<\/td>\n<td>8-25 cm\/min<\/td>\n<\/tr>\n<tr>\n<td><strong>Fonte de energia<\/strong><\/td>\n<td>TIG pulsado 400A<\/td>\n<td>600A Synergic MIG\/TIG<\/td>\n<\/tr>\n<\/tbody>\n<\/table>\n<h3><strong>\u00a0<\/strong><strong>Vantagens operacionais em rela\u00e7\u00e3o \u00e0 soldadura manual<\/strong><\/h3>\n<table>\n<tbody>\n<tr>\n<td><strong>Fator<\/strong><\/td>\n<td><strong>Soldadura manual<\/strong><\/td>\n<td><strong>O nosso sistema automatizado<\/strong><\/td>\n<\/tr>\n<tr>\n<td><strong>Produtividade<\/strong><\/td>\n<td>5-8 soldaduras\/hora<\/td>\n<td><strong>15-22 soldaduras\/hora<\/strong><\/td>\n<\/tr>\n<tr>\n<td><strong>Taxa de rejei\u00e7\u00e3o<\/strong><\/td>\n<td>3-8%<\/td>\n<td><strong>&lt;1%<\/strong><\/td>\n<\/tr>\n<tr>\n<td><strong>Requisitos de compet\u00eancias<\/strong><\/td>\n<td>Precisa-se de soldador especialista<\/td>\n<td><strong>Forma\u00e7\u00e3o de base dos operadores<\/strong><\/td>\n<\/tr>\n<\/tbody>\n<\/table>\n<p>Aplica\u00e7\u00f5es do sector<\/p>\n<ul>\n<li>Gera\u00e7\u00e3o de energia: Feixes de superaquecedores (ligas P91\/T92)<\/li>\n<li>Recupera\u00e7\u00e3o de calor residual: Fabrico de serpentinas economizadoras<\/li>\n<li>Petroqu\u00edmica: Tubagem de permutador de alta press\u00e3o<\/li>\n<\/ul>\n<p>Op\u00e7\u00f5es de personaliza\u00e7\u00e3o:<\/p>\n<ul>\n<li>Cabe\u00e7as de soldadura rotativas para liga\u00e7\u00f5es tubo-cabe\u00e7a<\/li>\n<li>NDT integrado (valida\u00e7\u00e3o RT\/UT p\u00f3s-soldadura)<\/li>\n<li>Posicionamento rob\u00f3tico para bobinas serpentinas complexas<\/li>\n<\/ul>\n<p>Vis\u00e3o geral das especifica\u00e7\u00f5es\uff1a<\/p>\n<p>Di\u00e2metro do tubo\uff1a 28-76mm<\/p>\n<p>Espessura da parede: 1,5-20mm<\/p>\n<p>Tamanho do fio\uff1a 0.8-1.0mm<\/p>\n<p>Faixa de oscila\u00e7\u00e3o \/ velocidade\uff1a 0-20mm \/ 0-120mm\/s<\/p>\n<p>Aquecedor de fios: 5-100 A<\/p>\n<p><img decoding=\"async\" src=\"https:\/\/www.weldmc.com\/wp-content\/uploads\/2025\/05\/Tube-to-Tube-Welding-Machine_2.png\" alt=\"M\u00e1quina de soldar tubo a tubo_2\" \/><\/p>\n<p>&nbsp;<\/p>\n<p>&nbsp;<\/p>\n<p>Wuxi ABK Machinery Co.Ltd \u00e9 um fabricante profissional de rotador de soldadura na China. E o nosso rotador de soldadura inclui principalmente rotador de soldadura padr\u00e3o, rotador de soldadura ajust\u00e1vel, e rotador de soldadura especial. N\u00f3s tamb\u00e9m podemos fornecer aos nossos clientes em todo o mundo muitos outros produtos, incluindo mesa girat\u00f3ria de solda, m\u00e1quina de solda de estaca, linha de produ\u00e7\u00e3o de torre e\u00f3lica, linha de solda de viga H, equipamento de solda de tubo, m\u00e1quina de corte CNC, m\u00e1quina de moagem, m\u00e1quina perfiladeira, m\u00e1quina dobradeira de placa, etc. N\u00f3s obtivemos certifica\u00e7\u00e3o ISO e CE, e tamb\u00e9m oferecemos servi\u00e7o OEM.<\/p>","protected":false},"excerpt":{"rendered":"<p>A m\u00e1quina de soldadura tubo a tubo WUXI ABK oferece solu\u00e7\u00f5es avan\u00e7adas de uni\u00e3o de tubos com soldadura h\u00edbrida GTAW\/MIG e tecnologia TIG de fio quente. Com controlo AVC inteligente, desempenho certificado ASME\/EN e taxas de deposi\u00e7\u00e3o 40% mais r\u00e1pidas, esta m\u00e1quina de soldar garante resultados de alta qualidade para aplica\u00e7\u00f5es em caldeiras, centrais el\u00e9ctricas e tubagens industriais. O software de auto-aprendizagem aumenta ainda mais a precis\u00e3o e a efici\u00eancia da soldadura.<\/p>","protected":false},"featured_media":1972,"comment_status":"open","ping_status":"closed","template":"","meta":{"_acf_changed":false},"product_brand":[],"product_cat":[23,52],"product_tag":[],"class_list":{"0":"post-649","1":"product","2":"type-product","3":"status-publish","4":"has-post-thumbnail","6":"product_cat-boiler-production-equipment","7":"product_cat-tube-to-tube-welding-machine","9":"first","10":"instock","11":"shipping-taxable","12":"product-type-simple"},"acf":[],"_links":{"self":[{"href":"https:\/\/www.weldmc.com\/pt\/wp-json\/wp\/v2\/product\/649","targetHints":{"allow":["GET"]}}],"collection":[{"href":"https:\/\/www.weldmc.com\/pt\/wp-json\/wp\/v2\/product"}],"about":[{"href":"https:\/\/www.weldmc.com\/pt\/wp-json\/wp\/v2\/types\/product"}],"replies":[{"embeddable":true,"href":"https:\/\/www.weldmc.com\/pt\/wp-json\/wp\/v2\/comments?post=649"}],"wp:featuredmedia":[{"embeddable":true,"href":"https:\/\/www.weldmc.com\/pt\/wp-json\/wp\/v2\/media\/1972"}],"wp:attachment":[{"href":"https:\/\/www.weldmc.com\/pt\/wp-json\/wp\/v2\/media?parent=649"}],"wp:term":[{"taxonomy":"product_brand","embeddable":true,"href":"https:\/\/www.weldmc.com\/pt\/wp-json\/wp\/v2\/product_brand?post=649"},{"taxonomy":"product_cat","embeddable":true,"href":"https:\/\/www.weldmc.com\/pt\/wp-json\/wp\/v2\/product_cat?post=649"},{"taxonomy":"product_tag","embeddable":true,"href":"https:\/\/www.weldmc.com\/pt\/wp-json\/wp\/v2\/product_tag?post=649"}],"curies":[{"name":"wp","href":"https:\/\/api.w.org\/{rel}","templated":true}]}}