{"id":636,"date":"2025-05-24T00:47:42","date_gmt":"2025-05-23T16:47:42","guid":{"rendered":"http:\/\/111.170.148.214:8095\/?post_type=product&#038;p=636"},"modified":"2025-09-12T14:27:17","modified_gmt":"2025-09-12T06:27:17","slug":"maquina-de-curvar-tubos-de-reforco","status":"publish","type":"product","link":"https:\/\/www.weldmc.com\/pt\/product\/maquina-de-curvar-tubos-de-reforco\/","title":{"rendered":"M\u00e1quina de dobrar tubos de refor\u00e7o"},"content":{"rendered":"<p>&nbsp;<\/p>\n<p class=\"ds-markdown-paragraph\"><strong>M\u00e1quina de dobragem de tubos - Capacidades t\u00e9cnicas avan\u00e7adas para dobragem de tubos de precis\u00e3o<\/strong><\/p>\n<p class=\"ds-markdown-paragraph\">O\u00a0<strong>M\u00e1quina de dobrar tubos de refor\u00e7o<\/strong>\u00a0foi concebido para fornecer\u00a0<strong>desempenho de dobragem de alta precis\u00e3o<\/strong>\u00a0para uma vasta gama de aplica\u00e7\u00f5es industriais. Com a capacidade de alcan\u00e7ar\u00a0<strong>curvas de raio apertado at\u00e9 1\u00d7D (di\u00e2metro do tubo)<\/strong>Esta m\u00e1quina assegura uma integridade estrutural superior, mantendo ao mesmo tempo um rigoroso\u00a0<strong>conformidade da qualidade<\/strong>\u00a0normas, incluindo\u00a0<strong>ovalidade \u226410%<\/strong>\u00a0e\u00a0<strong>afinamento da parede \u226412%<\/strong>. Concebido para lidar com\u00a0<strong>tubos de a\u00e7o-carbono, a\u00e7o inoxid\u00e1vel e ligas<\/strong>, o\u00a0<strong>M\u00e1quina de dobrar tubos de refor\u00e7o<\/strong>\u00a0\u00e9 a solu\u00e7\u00e3o ideal para as ind\u00fastrias que exigem\u00a0<strong>conforma\u00e7\u00e3o de tubos de alta precis\u00e3o<\/strong>.<\/p>\n<h3><strong>Integra\u00e7\u00e3o flex\u00edvel para diversas necessidades de produ\u00e7\u00e3o<\/strong><\/h3>\n<p class=\"ds-markdown-paragraph\">O\u00a0<strong>M\u00e1quina de dobrar tubos de refor\u00e7o<\/strong>\u00a0oferece op\u00e7\u00f5es de implementa\u00e7\u00e3o vers\u00e1teis para se adaptar a diferentes ambientes de fabrico:<\/p>\n<ul>\n<li>\n<p class=\"ds-markdown-paragraph\"><strong>Funcionamento aut\u00f3nomo<\/strong>\u00a0- Perfeito para\u00a0<strong>oficinas e instala\u00e7\u00f5es de manuten\u00e7\u00e3o<\/strong>, fornecendo\u00a0<strong>curvatura de tubos a pedido<\/strong>\u00a0sem configura\u00e7\u00f5es complexas.<\/p>\n<\/li>\n<li>\n<p class=\"ds-markdown-paragraph\"><strong>Produ\u00e7\u00e3o em linha<\/strong>\u00a0- Integra-se perfeitamente com\u00a0<strong>sistemas de enrolamento de bobinas<\/strong>\u00a0para o fabrico automatizado e de grande volume de\u00a0<strong>permutadores de calor, caldeiras e sistemas de tubagem<\/strong>.<\/p>\n<\/li>\n<\/ul>\n<h3><strong>Modelos especializados para aplica\u00e7\u00f5es espec\u00edficas do sector<\/strong><\/h3>\n<p class=\"ds-markdown-paragraph\">Para responder \u00e0s diferentes exig\u00eancias industriais, a\u00a0<strong>M\u00e1quina de dobrar tubos de refor\u00e7o<\/strong>\u00a0est\u00e1 dispon\u00edvel em v\u00e1rias configura\u00e7\u00f5es:<\/p>\n<div class=\"markdown-table-wrapper\">\n<table>\n<thead>\n<tr>\n<th><strong>Tipo de modelo<\/strong><\/th>\n<th><strong>Carater\u00edsticas principais<\/strong><\/th>\n<th><strong>Aplica\u00e7\u00e3o t\u00edpica<\/strong><\/th>\n<\/tr>\n<\/thead>\n<tbody>\n<tr>\n<td><strong>Padr\u00e3o<\/strong><\/td>\n<td>1-6\u2033 capacidade do tubo<\/td>\n<td>Central el\u00e9ctrica\u00a0<strong>serpentinas de caldeiras<\/strong>, sistemas AVAC<\/td>\n<\/tr>\n<tr>\n<td><strong>Tipo C<\/strong><\/td>\n<td>Design compacto para\u00a0<strong>raios apertados<\/strong><\/td>\n<td><strong>Permutadores de calor compactos<\/strong>, autom\u00f3vel<\/td>\n<\/tr>\n<tr>\n<td><strong>Servi\u00e7o pesado<\/strong><\/td>\n<td>Manuseia tubos at\u00e9\u00a0<strong>16\u2033 OD<\/strong><\/td>\n<td><strong>Projectos petroqu\u00edmicos e de oleodutos<\/strong><\/td>\n<\/tr>\n<\/tbody>\n<\/table>\n<\/div>\n<h3><strong>Porqu\u00ea escolher a m\u00e1quina de dobragem de tubos de refor\u00e7o?<\/strong><\/h3>\n<p class=\"ds-markdown-paragraph\">\u2705\u00a0<strong>Fiabilidade comprovada pela ind\u00fastria<\/strong>\u00a0- Com\u00a0<strong>Mais de 20 anos de experi\u00eancia<\/strong>\u00a0em\u00a0<strong>fabrico de componentes de caldeiras<\/strong>, o nosso\u00a0<strong>m\u00e1quinas de curvar tubos<\/strong>\u00a0s\u00e3o de confian\u00e7a para\u00a0<strong>conforma\u00e7\u00e3o de tubos de alto desempenho<\/strong>.<\/p>\n<p class=\"ds-markdown-paragraph\">\u2705\u00a0<strong>Solu\u00e7\u00f5es de engenharia personalizadas<\/strong>\u00a0- Adaptado a necessidades especializadas, incluindo:<\/p>\n<ul>\n<li>\n<p class=\"ds-markdown-paragraph\"><strong>Dobragem de ligas ex\u00f3ticas<\/strong>\u00a0(Inconel, Hastelloy, tit\u00e2nio)<\/p>\n<\/li>\n<li>\n<p class=\"ds-markdown-paragraph\"><strong>C\u00e9lulas de dobragem CNC automatizadas<\/strong>\u00a0para produ\u00e7\u00e3o em massa<\/p>\n<\/li>\n<li>\n<p class=\"ds-markdown-paragraph\"><strong>Curvas de tubagem de grande raio (5D+)<\/strong>\u00a0para aplica\u00e7\u00f5es de petr\u00f3leo e g\u00e1s<\/p>\n<\/li>\n<\/ul>\n<p class=\"ds-markdown-paragraph\">\u2705\u00a0<strong>Sistemas de controlo inteligentes<\/strong>\u00a0- Equipado com um\u00a0<strong>interface CNC com ecr\u00e3 t\u00e1til intuitivo<\/strong>\u00a0com\u00a0<strong>Mais de 100 programas predefinidos<\/strong>, assegurando\u00a0<strong>configura\u00e7\u00e3o r\u00e1pida e curvatura de precis\u00e3o repet\u00edvel de tubos<\/strong>.<\/p>\n<p class=\"ds-markdown-paragraph\">Seja para\u00a0<strong>sistemas de produ\u00e7\u00e3o de energia, petroqu\u00edmicos ou HVAC<\/strong>, o\u00a0<strong>M\u00e1quina de dobrar tubos de refor\u00e7o<\/strong>\u00a0entrega\u00a0<strong>precis\u00e3o, durabilidade e efici\u00eancia inigual\u00e1veis<\/strong>\u00a0em\u00a0<strong>opera\u00e7\u00f5es de curvatura de tubos e canos<\/strong>.<\/p>\n<p><img decoding=\"async\" src=\"https:\/\/www.weldmc.com\/wp-content\/uploads\/2025\/05\/Tube-Booster-Bending-Machine_2.png\" alt=\"M\u00e1quina de dobrar tubos de refor\u00e7o_2\" \/><\/p>\n<p>&nbsp;<\/p>\n<p>Wuxi ABK Machinery Co.Ltd \u00e9 um fabricante profissional de rotador de soldadura na China. E o nosso rotador de soldadura inclui principalmente rotador de soldadura padr\u00e3o, rotador de soldadura ajust\u00e1vel, e rotador de soldadura especial. N\u00f3s tamb\u00e9m podemos fornecer aos nossos clientes em todo o mundo muitos outros produtos, incluindo mesa girat\u00f3ria de solda, m\u00e1quina de solda de estaca, linha de produ\u00e7\u00e3o de torre e\u00f3lica, linha de solda de viga H, equipamento de solda de tubo, m\u00e1quina de corte CNC, m\u00e1quina de moagem, m\u00e1quina perfiladeira, m\u00e1quina dobradeira de placa, etc. N\u00f3s obtivemos certifica\u00e7\u00e3o ISO e CE, e tamb\u00e9m oferecemos servi\u00e7o OEM.<\/p>\n<p>&nbsp;<\/p>","protected":false},"excerpt":{"rendered":"<p>A m\u00e1quina de curvar com refor\u00e7o de tubo da WUXI ABK proporciona curvas de precis\u00e3o para tubos de grande di\u00e2metro com tecnologia de refor\u00e7o hidr\u00e1ulico. Com controlo CNC e constru\u00e7\u00e3o refor\u00e7ada, garante resultados sem rugas para caldeiras, constru\u00e7\u00e3o naval e aplica\u00e7\u00f5es estruturais. Economizando energia e dur\u00e1vel, estabelece novos padr\u00f5es de efici\u00eancia no fabrico de tubos.<\/p>","protected":false},"featured_media":1977,"comment_status":"open","ping_status":"closed","template":"","meta":{"_acf_changed":false},"product_brand":[],"product_cat":[23,51],"product_tag":[],"class_list":{"0":"post-636","1":"product","2":"type-product","3":"status-publish","4":"has-post-thumbnail","6":"product_cat-boiler-production-equipment","7":"product_cat-tube-booster-bending-machine","9":"first","10":"instock","11":"shipping-taxable","12":"product-type-simple"},"acf":[],"_links":{"self":[{"href":"https:\/\/www.weldmc.com\/pt\/wp-json\/wp\/v2\/product\/636","targetHints":{"allow":["GET"]}}],"collection":[{"href":"https:\/\/www.weldmc.com\/pt\/wp-json\/wp\/v2\/product"}],"about":[{"href":"https:\/\/www.weldmc.com\/pt\/wp-json\/wp\/v2\/types\/product"}],"replies":[{"embeddable":true,"href":"https:\/\/www.weldmc.com\/pt\/wp-json\/wp\/v2\/comments?post=636"}],"wp:featuredmedia":[{"embeddable":true,"href":"https:\/\/www.weldmc.com\/pt\/wp-json\/wp\/v2\/media\/1977"}],"wp:attachment":[{"href":"https:\/\/www.weldmc.com\/pt\/wp-json\/wp\/v2\/media?parent=636"}],"wp:term":[{"taxonomy":"product_brand","embeddable":true,"href":"https:\/\/www.weldmc.com\/pt\/wp-json\/wp\/v2\/product_brand?post=636"},{"taxonomy":"product_cat","embeddable":true,"href":"https:\/\/www.weldmc.com\/pt\/wp-json\/wp\/v2\/product_cat?post=636"},{"taxonomy":"product_tag","embeddable":true,"href":"https:\/\/www.weldmc.com\/pt\/wp-json\/wp\/v2\/product_tag?post=636"}],"curies":[{"name":"wp","href":"https:\/\/api.w.org\/{rel}","templated":true}]}}