{"id":590,"date":"2025-05-24T00:23:01","date_gmt":"2025-05-23T16:23:01","guid":{"rendered":"http:\/\/111.170.148.214:8095\/?post_type=product&#038;p=590"},"modified":"2025-09-12T14:37:50","modified_gmt":"2025-09-12T06:37:50","slug":"maquina-de-soldar-paineis-de-membrana","status":"publish","type":"product","link":"https:\/\/www.weldmc.com\/pt\/product\/maquina-de-soldar-paineis-de-membrana\/","title":{"rendered":"M\u00e1quina de soldadura de pain\u00e9is de membrana"},"content":{"rendered":"<p class=\"ds-markdown-paragraph\"><strong>M\u00e1quina de soldadura para painel de membrana Introdu\u00e7\u00e3o do produto<\/strong><\/p>\n<p class=\"ds-markdown-paragraph\">O\u00a0<strong>soldador de pain\u00e9is de membrana standard<\/strong>\u00a0foi concebido para o fabrico de alto desempenho, apresentando um\u00a0<strong>Largura de trabalho de 1600 mm<\/strong>\u00a0e\u00a0<strong>4 tochas de soldadura<\/strong>\u00a0utilizando tecnologias avan\u00e7adas\u00a0<strong>tecnologia de soldadura por arco submerso (SAW)<\/strong>. Esta configura\u00e7\u00e3o \u00e9 amplamente preferida devido \u00e0 sua\u00a0<strong>produtividade excecional, efici\u00eancia de custos e cumprimento dos limites de transporte<\/strong>. No entanto, a ABK oferece\u00a0<strong>solu\u00e7\u00f5es de soldadura totalmente personaliz\u00e1veis<\/strong>adaptando-se \u00e0s necessidades espec\u00edficas de\u00a0<strong>largura do painel, n\u00famero de cabe\u00e7as de soldadura (2-6 tochas) e processos h\u00edbridos SAW\/MIG-MAG<\/strong>, alimentado pelo l\u00edder do sector\u00a0<strong>Sistemas Lincoln PowerWave<\/strong>.<\/p>\n<h3><strong>1. Principais vantagens t\u00e9cnicas<\/strong><\/h3>\n<h4><strong>\u2460 Sistema de soldadura de alta efici\u00eancia<\/strong><\/h4>\n<ul>\n<li>\n<p class=\"ds-markdown-paragraph\"><strong>Sistemas SAW de fio duplo 4\u00d7 Lincoln PowerWave\u00ae AC\/DC<\/strong>\u00a0assegurar\u00a0<strong>taxas de deposi\u00e7\u00e3o ultra-elevadas (\u226528 kg\/h por tocha)<\/strong>.<\/p>\n<\/li>\n<li>\n<p class=\"ds-markdown-paragraph\"><strong>Ajuste cont\u00ednuo da velocidade de soldadura (400-1200 mm\/min)<\/strong>\u00a0para um desempenho optimizado em\u00a0<strong>Espessuras de painel de 3-12 mm<\/strong>.<\/p>\n<\/li>\n<li>\n<p class=\"ds-markdown-paragraph\"><strong>Seguimento autom\u00e1tico da costura (precis\u00e3o de \u00b10,5 mm)<\/strong>\u00a0garante uma qualidade de soldadura constante.<\/p>\n<\/li>\n<\/ul>\n<h4><strong>\u2461 Conce\u00e7\u00e3o estrutural robusta<\/strong><\/h4>\n<ul>\n<li>\n<p class=\"ds-markdown-paragraph\"><strong>Estrutura modular em a\u00e7o Q690 de alta resist\u00eancia<\/strong>\u00a0com\u00a0<strong>constru\u00e7\u00e3o com al\u00edvio de tens\u00f5es<\/strong>\u00a0para uma durabilidade a longo prazo.<\/p>\n<\/li>\n<li>\n<p class=\"ds-markdown-paragraph\"><strong>Duas calhas de guia linear HIWIN de grau C3<\/strong>\u00a0garantir a suavidade,\u00a0<strong>Precis\u00e3o de posicionamento \u00b10,2mm\/m<\/strong>.<\/p>\n<\/li>\n<li>\n<p class=\"ds-markdown-paragraph\"><strong>Sistema de aperto hidr\u00e1ulico (press\u00e3o de 21 MPa)<\/strong>\u00a0fixa firmemente os pain\u00e9is durante a soldadura.<\/p>\n<\/li>\n<\/ul>\n<h4><strong>\u2462 Sistema de controlo inteligente<\/strong><\/h4>\n<ul>\n<li>\n<p class=\"ds-markdown-paragraph\"><strong>Ecr\u00e3 t\u00e1til Siemens SIMATIC HMI<\/strong>\u00a0com\u00a0<strong>Mais de 50 perfis de soldadura pr\u00e9-carregados<\/strong>\u00a0para uma configura\u00e7\u00e3o r\u00e1pida.<\/p>\n<\/li>\n<li>\n<p class=\"ds-markdown-paragraph\"><strong>Monitoriza\u00e7\u00e3o em tempo real<\/strong>\u00a0de\u00a0<strong>corrente\/voltagem de soldadura, recupera\u00e7\u00e3o de fluxo e temperatura da m\u00e1quina<\/strong>.<\/p>\n<\/li>\n<\/ul>\n<h3><strong>2. Especifica\u00e7\u00f5es t\u00e9cnicas normalizadas<\/strong><\/h3>\n<div class=\"markdown-table-wrapper\">\n<table>\n<thead>\n<tr>\n<th><strong>Par\u00e2metro<\/strong><\/th>\n<th><strong>Especifica\u00e7\u00e3o<\/strong><\/th>\n<\/tr>\n<\/thead>\n<tbody>\n<tr>\n<td><strong>Espessura do painel<\/strong><\/td>\n<td>3-12 mm<\/td>\n<\/tr>\n<tr>\n<td><strong>Processo de soldadura<\/strong><\/td>\n<td>SAW de fio duplo<\/td>\n<\/tr>\n<tr>\n<td><strong>Di\u00e2metro do fio<\/strong><\/td>\n<td>2,4 \/ 3,2 mm (opcional)<\/td>\n<\/tr>\n<tr>\n<td><strong>Capacidade de energia<\/strong><\/td>\n<td>4\u00d7650A (ciclo de funcionamento 100%)<\/td>\n<\/tr>\n<tr>\n<td><strong>Press\u00e3o do ar<\/strong><\/td>\n<td>0,6 MPa, 200 L\/min<\/td>\n<\/tr>\n<\/tbody>\n<\/table>\n<\/div>\n<h3><strong>3. Actualiza\u00e7\u00f5es de personaliza\u00e7\u00e3o e automatiza\u00e7\u00e3o<\/strong><\/h3>\n<ul>\n<li>\n<p class=\"ds-markdown-paragraph\"><strong>Largura de trabalho alargada (at\u00e9 2500 mm)<\/strong>\u00a0para\u00a0<strong>fabrico de pain\u00e9is em grande escala<\/strong>.<\/p>\n<\/li>\n<li>\n<p class=\"ds-markdown-paragraph\"><strong>Soldadura h\u00edbrida (SAW + MAG)<\/strong>\u00a0para\u00a0<strong>compatibilidade com v\u00e1rios processos<\/strong>.<\/p>\n<\/li>\n<li>\n<p class=\"ds-markdown-paragraph\"><strong>Rob\u00f4 de carregamento automatizado (500 kg de carga \u00fatil)<\/strong>\u00a0reduz o manuseamento manual.<\/p>\n<\/li>\n<li>\n<p class=\"ds-markdown-paragraph\"><strong>Inspe\u00e7\u00e3o com vis\u00e3o de IA<\/strong>\u00a0para\u00a0<strong>dete\u00e7\u00e3o de defeitos de soldadura em tempo real<\/strong>.<\/p>\n<\/li>\n<li>\n<p class=\"ds-markdown-paragraph\"><strong>Painel de controlo digital integrado no MES<\/strong>\u00a0para\u00a0<strong>an\u00e1lise da produ\u00e7\u00e3o<\/strong>.<\/p>\n<\/li>\n<\/ul>\n<h3><strong>4. Benef\u00edcios econ\u00f3micos e operacionais<\/strong><\/h3>\n<ul>\n<li>\n<p class=\"ds-markdown-paragraph\"><strong>400% maior efici\u00eancia<\/strong>\u00a0vs. soldadura manual.<\/p>\n<\/li>\n<li>\n<p class=\"ds-markdown-paragraph\"><strong>15-20% economia de material<\/strong>\u00a0com otimiza\u00e7\u00e3o\u00a0<strong>consumo de fluxo e de fio<\/strong>.<\/p>\n<\/li>\n<li>\n<p class=\"ds-markdown-paragraph\"><strong>70% redu\u00e7\u00e3o de m\u00e3o de obra<\/strong>-apenas\u00a0<strong>1 operador necess\u00e1rio<\/strong>\u00a0por turno.<\/p>\n<\/li>\n<li>\n<p class=\"ds-markdown-paragraph\"><strong>ROI \u22648 meses<\/strong>\u00a0em\u00a0<strong>opera\u00e7\u00f5es em dois turnos<\/strong>.<\/p>\n<\/li>\n<\/ul>\n<h3><strong>5. Principais aplica\u00e7\u00f5es do sector<\/strong><\/h3>\n<ul>\n<li>\n<p class=\"ds-markdown-paragraph\"><strong>Centrais el\u00e9ctricas:<\/strong>\u00a0<strong>Soldadura de pain\u00e9is de parede de \u00e1gua<\/strong>\u00a0para caldeiras.<\/p>\n<\/li>\n<li>\n<p class=\"ds-markdown-paragraph\"><strong>Navios qu\u00edmicos:<\/strong>\u00a0<strong>Fabrico do diafragma do compartimento<\/strong>.<\/p>\n<\/li>\n<li>\n<p class=\"ds-markdown-paragraph\"><strong>Constru\u00e7\u00e3o naval:<\/strong>\u00a0<strong>Conjunto do painel de anteparo<\/strong>.<\/p>\n<\/li>\n<li>\n<p class=\"ds-markdown-paragraph\"><strong>Constru\u00e7\u00e3o em a\u00e7o:<\/strong>\u00a0<strong>Soldadura do substrato da parede cortina<\/strong>.<\/p>\n<\/li>\n<\/ul>\n<p class=\"ds-markdown-paragraph\">ABK's\u00a0<strong>m\u00e1quina de soldar pain\u00e9is de membrana<\/strong>\u00a0integra\u00a0<strong>tecnologia SAW de ponta, automa\u00e7\u00e3o modular e controlos inteligentes<\/strong>, tornando-o o\u00a0<strong>escolha preferida para aplica\u00e7\u00f5es de soldadura de precis\u00e3o e de elevado rendimento<\/strong>.<\/p>\n<p>&nbsp;<\/p>\n<p><img decoding=\"async\" src=\"https:\/\/www.weldmc.com\/wp-content\/uploads\/2025\/05\/Membrane-Panel-Welding-Machine_1.jpg\" alt=\"M\u00e1quina de soldadura de pain\u00e9is de membrana_1\" \/><\/p>\n<p><strong><b>Tabela de compara\u00e7\u00e3o entre SAW e MIG\/MAG que esperamos que o ajude a decidir melhor sobre o seu investimento<\/b><\/strong><\/p>\n<p>&nbsp;<\/p>\n<p><img decoding=\"async\" src=\"https:\/\/www.weldmc.com\/wp-content\/uploads\/2025\/05\/Membrane-Panel-Welding-Machine_2.png\" alt=\"Membrane Panel Welding Machine_2\" \/><\/p>\n<p><strong><b>Vis\u00e3o geral do caderno de encargos<\/b><\/strong><\/p>\n<p>&nbsp;<\/p>\n<p><img decoding=\"async\" src=\"https:\/\/www.weldmc.com\/wp-content\/uploads\/2025\/05\/Membrane-Panel-Welding-Machine_3.png\" alt=\"Membrane Panel Welding Machine_3\" \/><\/p>\n<p><strong><b>Sistema de soldadura de pain\u00e9is de membrana<\/b><\/strong><\/p>\n<p>Uma linha b\u00e1sica de produ\u00e7\u00e3o de pain\u00e9is de membrana \u00e9 constitu\u00edda por 4 equipamentos b\u00e1sicos. S\u00e3o eles:<br \/>\n- M\u00e1quina de soldar pain\u00e9is de membrana<br \/>\n- M\u00e1quina de calibra\u00e7\u00e3o de barras finas<br \/>\n- M\u00e1quina de polimento de tubos<br \/>\n- M\u00e1quina de dobragem de pain\u00e9is<\/p>\n<p><strong><u><b>Introdu\u00e7\u00e3o<\/b><\/u><\/strong><\/p>\n<p>&nbsp;<\/p>\n<p><img decoding=\"async\" src=\"https:\/\/www.weldmc.com\/wp-content\/uploads\/2025\/05\/Membrane-Panel-Welding-Machine-Introduction_3.png\" alt=\"Membrane Panel Welding Machine Introduction_3\" \/><\/p>\n<p>1) Os primeiros passos s\u00e3o i) Os tubos s\u00e3o protegidos contra a ferrugem e a corros\u00e3o por uma camada protetora, o que pro\u00edbe a soldadura e exige que sejam \"limpos\" por polimento ou jato de areia. ii) As barras de aletas t\u00eam de ser calibradas ou dimensionadas para atingir a consist\u00eancia desejada na dimens\u00e3o final de um painel.<br \/>\n2) O tubo polido e a barra de aletas entram depois na m\u00e1quina de soldar pain\u00e9is para serem unidos por soldadura.<br \/>\nUm exemplo da sequ\u00eancia t\u00edpica de soldadura de um painel de membrana de 10 tubos.<br \/>\ni) Os pares s\u00e3o unidos e acumulados. \u00c9 essencial ter em aten\u00e7\u00e3o: a) Maximizar sempre que poss\u00edvel as 4 tochas para obter a m\u00e1xima efici\u00eancia. b) Minimizar a mudan\u00e7a de configura\u00e7\u00e3o da m\u00e1quina.<br \/>\n<strong><b>Primeira etapa<\/b><\/strong><br \/>\n- Os pares s\u00e3o unidos desta forma O<strong><b>&#8211;<\/b><\/strong>OO<strong><b>&#8211;<\/b><\/strong>O utilizar os 4 ma\u00e7aricos da m\u00e1quina de soldar<br \/>\n- Acumular m\u00faltiplos de O-O<br \/>\n<strong><b>Segunda etapa<\/b><\/strong><br \/>\n- Com os pares completos O-O, pegue em 3 pares e junte-os, transformando-os em 6, como se v\u00ea aqui O-O<strong><b>&#8211;<\/b><\/strong>O-O<strong><b>&#8211;<\/b><\/strong>O-O continua a utilizar os 4 ma\u00e7aricos da m\u00e1quina de soldar<br \/>\n<strong><b>Terceira etapa<\/b><\/strong><br \/>\n- Com o painel de 6 tubos conclu\u00eddo O-O-O-O-O-O-O, juntar-lhe 2 pares conclu\u00eddos do primeiro passo. Ainda assim, estamos a utilizar os 4 ma\u00e7aricos da m\u00e1quina de soldar<br \/>\n- O-O<strong><b>&#8211;<\/b><\/strong>O-O-O-O-O-O<strong><b>&#8211;<\/b><\/strong>O-O Temos agora um painel de 10 tubos.<br \/>\n\u00c9 preciso ter sempre presente!!! Para evitar distor\u00e7\u00f5es, \u00e9 importante manter uma entrada de calor equilibrada. Para o conseguir, em primeiro lugar, mantemos as 4 tochas com uma corrente de entrada e uma tens\u00e3o de entrada iguais e, em segundo lugar, soldamos sempre a uma dist\u00e2ncia igual.<br \/>\n<strong><b>Painel de 8 tubos<\/b><\/strong><br \/>\nPara um <strong><b>Painel de membrana de 8 tubos<\/b><\/strong>siga estes passos, mantendo <strong><b>espa\u00e7amento igual<\/b><\/strong>\u00a0entre componentes:<\/p>\n<ol>\n<li><b><\/b><strong><b>Etapas 1 e 2:<\/b><\/strong><\/li>\n<\/ol>\n<ul>\n<li>Completar o alinhamento inicial do tubo e da barra de aletas de acordo com o procedimento padr\u00e3o.<\/li>\n<\/ul>\n<ol start=\"2\">\n<li><b><\/b><strong><b>Passo 3 (Modificado para 8 tubos):<\/b><\/strong><\/li>\n<\/ol>\n<ul>\n<li>Em vez de emparelhar tubos, coloque um \u00fanico tubo e uma barra de aletas em ambas as extremidades exteriores da estrutura de base de 6 tubos.<\/li>\n<li>Configura\u00e7\u00e3o final: O\u2500O\u2500O\u2500O\u2500O\u2500O\u2500O\u2500O\u2500O (8 tubos uniformemente espa\u00e7ados).<\/li>\n<\/ul>\n<p><strong><b>An\u00e1lise da capacidade de produ\u00e7\u00e3o<\/b><\/strong><\/p>\n<p>O nosso <strong><b>Painel de membrana de 4 bicos<\/b><\/strong>\u00a0<strong><b>soldador<\/b><\/strong>\u00a0entrega:<\/p>\n<p>\u2714 <strong><b>Operadores experientes: Mais de 1.000 metros de soldadura por turno de 8 horas<\/b><\/strong><\/p>\n<p>\u2714 <strong><b>Novos operadores: <\/b><\/strong>~500 metros (a efici\u00eancia melhora com o treino)<\/p>\n<p><strong><b>Refer\u00eancia do sector<\/b><\/strong><\/p>\n<ul>\n<li>Os grandes fabricantes de caldeiras operam normalmente <strong><b>8-10 m\u00e1quinas de soldar<\/b><\/strong>para produ\u00e7\u00e3o em massa.<\/li>\n<\/ul>\n<p><strong><u><b>Como posicionar uma barra de aletas durante o processo de soldadura<\/b><\/u><\/strong><br \/>\nEsta \u00e9 uma pergunta que recebo muitas vezes, vamos discuti-la um pouco.<br \/>\nExistem principalmente 2 m\u00e9todos habitualmente vistos ou utilizados na ind\u00fastria. Consulte a figura abaixo:<\/p>\n<p><strong><u><b>M\u00e9todo 1<\/b><\/u><\/strong><\/p>\n<p>&nbsp;<\/p>\n<p><img decoding=\"async\" src=\"https:\/\/www.weldmc.com\/wp-content\/uploads\/2025\/05\/Membrane-Panel-Welding-Machine-Method_4.png\" alt=\"Membrane Panel Welding Machine Method_4\" \/><\/p>\n<p>Normalmente, existem 2 conjuntos de moldes\/matrizes acima instalados na parte da frente e na parte de tr\u00e1s para manter em posi\u00e7\u00e3o o tubo e a barra da aleta. Isto colocaria a barra de aletas na posi\u00e7\u00e3o exacta desejada durante o processo de soldadura. No entanto, cada altera\u00e7\u00e3o do di\u00e2metro do tubo, da largura da barra de aletas, da espessura da barra de aletas exigiria uma substitui\u00e7\u00e3o\/mudan\u00e7a extensiva dos moldes. Este pode ser um processo moroso e demorado, frequentemente muito dispendioso. Talvez para os fabricantes de um projeto fixo, sem quaisquer encomendas personalizadas ou altera\u00e7\u00f5es de projeto, n\u00e3o seja necess\u00e1rio mudar essas matrizes.<br \/>\n<strong><u><b>M\u00e9todo 2<\/b><\/u><\/strong><\/p>\n<p>&nbsp;<\/p>\n<p><img decoding=\"async\" src=\"https:\/\/www.weldmc.com\/wp-content\/uploads\/2025\/05\/Membrane-Panel-Welding-Machine-Introduction-Method_5.png\" alt=\"Membrane Panel Welding Machine Introduction Method_5\" \/><\/p>\n<p>O nosso inovador sistema de alinhamento de barras de aletas de troca r\u00e1pida garante precis\u00e3o e oferece uma flexibilidade inigual\u00e1vel:<\/p>\n<ol>\n<li>Ferramentas intercambi\u00e1veis (Componentes amarelos)<\/li>\n<\/ol>\n<p><strong><b>Matrizes superiores e inferiores:<\/b><\/strong><\/p>\n<ul>\n<li>Design amov\u00edvel\/substitu\u00edvel para uma adapta\u00e7\u00e3o r\u00e1pida<\/li>\n<li>Maquina\u00e7\u00e3o normalizada para uma produ\u00e7\u00e3o econ\u00f3mica<\/li>\n<\/ul>\n<p>2. estrutura de apoio multiponto<\/p>\n<table>\n<tbody>\n<tr>\n<td><strong>Componente<\/strong><\/td>\n<td><strong>Fun\u00e7\u00e3o<\/strong><\/td>\n<td><strong>Ajustabilidade<\/strong><\/td>\n<\/tr>\n<tr>\n<td><strong>Placa de cal\u00e7o inferior<\/strong><\/td>\n<td>Sets fin bar\u00a0<strong>height<\/strong><\/td>\n<td>Replaceable thickness (0.5\u20135mm steps)<\/td>\n<\/tr>\n<tr>\n<td><strong>Top Guide Ring<\/strong><\/td>\n<td>Controls\u00a0<strong>vertical alignment<\/strong><\/td>\n<td>Slide-adjustable clamp mechanism<\/td>\n<\/tr>\n<tr>\n<td><strong>Roller Wheels<\/strong><\/td>\n<td>Supports\u00a0<strong>width variations<\/strong>\u00a0(2x support)<\/td>\n<td>Quick-swap for different fin widths<\/td>\n<\/tr>\n<\/tbody>\n<\/table>\n<p>&nbsp;<\/p>\n<ol start=\"3\">\n<li>Cost-Effective Customization<\/li>\n<\/ol>\n<p><strong><b>Full die sets<\/b><\/strong>\u00a0for all standard sizes: <strong><b>$200\u2013500<\/b><\/strong>\u00a0per set<\/p>\n<p><strong><b>Typical variants in stock:<\/b><\/strong><\/p>\n<ul>\n<li><b><\/b><strong><b>Tube diameters:<\/b><\/strong>25mm, 38mm, 50mm<\/li>\n<li><b><\/b><strong><b>Fin widths:<\/b><\/strong>10mm, 15mm, 20mm<\/li>\n<li><b><\/b><strong><b>Thicknesses: <\/b><\/strong>5mm, 2mm, 3mm<\/li>\n<\/ul>\n<p><strong><b>Operational Advantages<\/b><\/strong><\/p>\n<p>\u2705 &lt;5-minute changeover between fin bar profiles<\/p>\n<p>\u2705 Zero machining delays \u2013 dies pre-made for common specs<\/p>\n<p>\u2705 Error-proof positioning \u2013 eliminates manual measurement<\/p>\n<p><strong><b>Recommended Inventory Strategy<\/b><\/strong><\/p>\n<p>For 24\/7 production flexibility, maintain:<\/p>\n<ul>\n<li>3x top rings (cover 90% of tube diameters)<\/li>\n<li>5x shim plates (0.5mm\/1mm\/2mm\/3mm\/5mm)<\/li>\n<li>2\u20133 roller wheel sets (matched to fin width)<\/li>\n<\/ul>","protected":false},"excerpt":{"rendered":"<p>A m\u00e1quina de soldadura de pain\u00e9is de membrana da WUXI ABK fornece solu\u00e7\u00f5es de soldadura eficientes e precisas para paredes de membrana de caldeiras e pain\u00e9is de permutadores de calor. Com rastreamento automatizado da costura e opera\u00e7\u00e3o controlada por PLC, garante uma qualidade de solda consistente com distor\u00e7\u00e3o m\u00ednima. Concebida para aplica\u00e7\u00f5es de soldadura de a\u00e7o carbono, a\u00e7o inoxid\u00e1vel e ligas, esta m\u00e1quina melhora a produtividade em centrais el\u00e9ctricas e sectores de fabrico industrial.<\/p>","protected":false},"featured_media":1983,"comment_status":"open","ping_status":"closed","template":"","meta":{"_acf_changed":false},"product_brand":[],"product_cat":[23,49],"product_tag":[],"class_list":{"0":"post-590","1":"product","2":"type-product","3":"status-publish","4":"has-post-thumbnail","6":"product_cat-boiler-production-equipment","7":"product_cat-membrane-panel-welding-machine","9":"first","10":"instock","11":"shipping-taxable","12":"product-type-simple"},"acf":[],"_links":{"self":[{"href":"https:\/\/www.weldmc.com\/pt\/wp-json\/wp\/v2\/product\/590","targetHints":{"allow":["GET"]}}],"collection":[{"href":"https:\/\/www.weldmc.com\/pt\/wp-json\/wp\/v2\/product"}],"about":[{"href":"https:\/\/www.weldmc.com\/pt\/wp-json\/wp\/v2\/types\/product"}],"replies":[{"embeddable":true,"href":"https:\/\/www.weldmc.com\/pt\/wp-json\/wp\/v2\/comments?post=590"}],"wp:featuredmedia":[{"embeddable":true,"href":"https:\/\/www.weldmc.com\/pt\/wp-json\/wp\/v2\/media\/1983"}],"wp:attachment":[{"href":"https:\/\/www.weldmc.com\/pt\/wp-json\/wp\/v2\/media?parent=590"}],"wp:term":[{"taxonomy":"product_brand","embeddable":true,"href":"https:\/\/www.weldmc.com\/pt\/wp-json\/wp\/v2\/product_brand?post=590"},{"taxonomy":"product_cat","embeddable":true,"href":"https:\/\/www.weldmc.com\/pt\/wp-json\/wp\/v2\/product_cat?post=590"},{"taxonomy":"product_tag","embeddable":true,"href":"https:\/\/www.weldmc.com\/pt\/wp-json\/wp\/v2\/product_tag?post=590"}],"curies":[{"name":"wp","href":"https:\/\/api.w.org\/{rel}","templated":true}]}}