{"id":560,"date":"2025-05-23T23:42:08","date_gmt":"2025-05-23T15:42:08","guid":{"rendered":"http:\/\/111.170.148.214:8095\/?post_type=product&#038;p=560"},"modified":"2025-09-12T14:40:30","modified_gmt":"2025-09-12T06:40:30","slug":"maquina-de-dobrar-paineis","status":"publish","type":"product","link":"https:\/\/www.weldmc.com\/pt\/product\/maquina-de-dobrar-paineis\/","title":{"rendered":"M\u00e1quina de calibra\u00e7\u00e3o de barras finas"},"content":{"rendered":"<h3><strong>Principais inova\u00e7\u00f5es tecnol\u00f3gicas e sistemas de acionamento<\/strong><\/h3>\n<p class=\"ds-markdown-paragraph\">O\u00a0<strong>M\u00e1quina de calibra\u00e7\u00e3o de barras finas<\/strong>\u00a0apresenta um\u00a0<strong>configura\u00e7\u00e3o do sistema multi-drive<\/strong>, incluindo\u00a0<strong>servo-acionamento el\u00e9trico (vers\u00e3o standard)<\/strong>\u00a0e\u00a0<strong>acionamento hidr\u00e1ulico (vers\u00e3o para servi\u00e7o pesado)<\/strong>, para responder a diversas necessidades industriais.<\/p>\n<ul>\n<li>\n<p class=\"ds-markdown-paragraph\"><strong>Servoaccionamento el\u00e9trico (vers\u00e3o standard):<\/strong><\/p>\n<ul>\n<li>\n<p class=\"ds-markdown-paragraph\">Equipado com\u00a0<strong>Servomotores Siemens 1FT7<\/strong>\u00a0para dobragem de alta precis\u00e3o (precis\u00e3o de posicionamento de \u00b10,1\u00b0).<\/p>\n<\/li>\n<li>\n<p class=\"ds-markdown-paragraph\"><strong>40% maior efici\u00eancia energ\u00e9tica<\/strong>\u00a0em compara\u00e7\u00e3o com os sistemas hidr\u00e1ulicos tradicionais.<\/p>\n<\/li>\n<li>\n<p class=\"ds-markdown-paragraph\">Ideal para aplica\u00e7\u00f5es que requerem uma resposta r\u00e1pida e repetibilidade.<\/p>\n<\/li>\n<\/ul>\n<\/li>\n<li>\n<p class=\"ds-markdown-paragraph\"><strong>Acionamento hidr\u00e1ulico (vers\u00e3o para servi\u00e7o pesado):<\/strong><\/p>\n<ul>\n<li>\n<p class=\"ds-markdown-paragraph\">Alimentado por\u00a0<strong>Sistema hidr\u00e1ulico Rexroth<\/strong>\u00a0(21MPa de press\u00e3o de trabalho).<\/p>\n<\/li>\n<li>\n<p class=\"ds-markdown-paragraph\">Entrega\u00a0<strong>bin\u00e1rio de flex\u00e3o m\u00e1ximo de 300kN-m<\/strong>adequado para\u00a0<strong>a\u00e7o de alta resist\u00eancia<\/strong>\u00a0e ligas especiais.<\/p>\n<\/li>\n<li>\n<p class=\"ds-markdown-paragraph\">Garante a estabilidade e a durabilidade em opera\u00e7\u00f5es de carga pesada.<\/p>\n<\/li>\n<\/ul>\n<\/li>\n<\/ul>\n<h3><strong>Controlo inteligente e monitoriza\u00e7\u00e3o em tempo real<\/strong><\/h3>\n<p class=\"ds-markdown-paragraph\">A m\u00e1quina integra um\u00a0<strong>Ecr\u00e3 t\u00e1til HMI de 4 polegadas<\/strong>\u00a0com uma extensa\u00a0<strong>base de dados de materiais (mais de 100 par\u00e2metros de flex\u00e3o predefinidos)<\/strong>\u00a0para uma configura\u00e7\u00e3o r\u00e1pida. A monitoriza\u00e7\u00e3o em tempo real inclui:<\/p>\n<ul>\n<li>\n<p class=\"ds-markdown-paragraph\"><strong>\u00c2ngulo de flex\u00e3o (valor atual\/definido)<\/strong><\/p>\n<\/li>\n<li>\n<p class=\"ds-markdown-paragraph\"><strong>Velocidade de forma\u00e7\u00e3o<\/strong><\/p>\n<\/li>\n<li>\n<p class=\"ds-markdown-paragraph\"><strong>Press\u00e3o do sistema<\/strong><\/p>\n<\/li>\n<\/ul>\n<p class=\"ds-markdown-paragraph\">Os algoritmos avan\u00e7ados optimizam o desempenho, alcan\u00e7ando\u00a0<strong>Precis\u00e3o de \u00b10,5\u00b0 (el\u00e9ctrica)<\/strong>\u00a0e\u00a0<strong>\u00b10,3\u00b0 (hidr\u00e1ulico)<\/strong>.<\/p>\n<h3><strong>Especifica\u00e7\u00f5es t\u00e9cnicas e personaliza\u00e7\u00e3o<\/strong><\/h3>\n<div class=\"markdown-table-wrapper\">\n<table>\n<thead>\n<tr>\n<th><strong>Par\u00e2metro<\/strong><\/th>\n<th><strong>Padr\u00e3o el\u00e9trico<\/strong><\/th>\n<th><strong>Hidr\u00e1ulico para servi\u00e7o pesado<\/strong><\/th>\n<\/tr>\n<\/thead>\n<tbody>\n<tr>\n<td><strong>Di\u00e2metro m\u00e1x. Di\u00e2metro do tubo<\/strong><\/td>\n<td>60mm<\/td>\n<td>89 mm<\/td>\n<\/tr>\n<tr>\n<td><strong>Largura do painel<\/strong><\/td>\n<td>300-2000mm<\/td>\n<td>500-3000mm<\/td>\n<\/tr>\n<tr>\n<td><strong>\u00c2ngulo de flex\u00e3o<\/strong><\/td>\n<td>0-180\u00b0 (ajust\u00e1vel)<\/td>\n<td>0-190\u00b0 (comp. de curvatura excessiva)<\/td>\n<\/tr>\n<tr>\n<td><strong>Velocidade<\/strong><\/td>\n<td>3-15\u00b0\/s<\/td>\n<td>1-10\u00b0\/s<\/td>\n<\/tr>\n<tr>\n<td><strong>Pot\u00eancia do motor<\/strong><\/td>\n<td>15kW<\/td>\n<td>22kW<\/td>\n<\/tr>\n<\/tbody>\n<\/table>\n<\/div>\n<p class=\"ds-markdown-paragraph\"><strong>Sistema de ferramentas modular:<\/strong><\/p>\n<ul>\n<li>\n<p class=\"ds-markdown-paragraph\"><strong>Matrizes standard (R50\/R100\/R150)<\/strong><\/p>\n<\/li>\n<li>\n<p class=\"ds-markdown-paragraph\"><strong>Matrizes de ligas especiais (\u00e0 base de tit\u00e2nio\/n\u00edquel)<\/strong><\/p>\n<\/li>\n<li>\n<p class=\"ds-markdown-paragraph\"><strong>Sistema de troca r\u00e1pida de ferramentas (&lt;5 minutos)<\/strong><\/p>\n<\/li>\n<\/ul>\n<p class=\"ds-markdown-paragraph\"><strong>Actualiza\u00e7\u00f5es opcionais:<\/strong><\/p>\n<ul>\n<li>\n<p class=\"ds-markdown-paragraph\"><strong>Tel\u00e9metro laser<\/strong>\u00a0para monitoriza\u00e7\u00e3o em tempo real da espessura da parede.<\/p>\n<\/li>\n<li>\n<p class=\"ds-markdown-paragraph\"><strong>Mecanismo de alimenta\u00e7\u00e3o autom\u00e1tica (12m\/min m\u00e1x.)<\/strong>\u00a0para uma produtividade elevada.<\/p>\n<\/li>\n<li>\n<p class=\"ds-markdown-paragraph\"><strong>Unidade de pr\u00e9-dobragem de extremidades<\/strong>\u00a0para eliminar as arestas rectas.<\/p>\n<\/li>\n<\/ul>\n<h3><strong>Aplica\u00e7\u00f5es e vantagens na ind\u00fastria<\/strong><\/h3>\n<ol start=\"1\">\n<li>\n<p class=\"ds-markdown-paragraph\"><strong>Fabrico de caldeiras:<\/strong><\/p>\n<ul>\n<li>\n<p class=\"ds-markdown-paragraph\">Dobras\u00a0<strong>paredes de membrana<\/strong>\u00a0sem problemas, eliminando as juntas de soldadura.<\/p>\n<\/li>\n<\/ul>\n<\/li>\n<li>\n<p class=\"ds-markdown-paragraph\"><strong>Equipamento qu\u00edmico:<\/strong><\/p>\n<ul>\n<li>\n<p class=\"ds-markdown-paragraph\">Garante a precis\u00e3o\u00a0<strong>espa\u00e7amento dos tubos do permutador de calor<\/strong>\u00a0para uma transfer\u00eancia t\u00e9rmica \u00f3ptima.<\/p>\n<\/li>\n<\/ul>\n<\/li>\n<li>\n<p class=\"ds-markdown-paragraph\"><strong>Constru\u00e7\u00e3o naval:<\/strong><\/p>\n<ul>\n<li>\n<p class=\"ds-markdown-paragraph\">Processos\u00a0<strong>suportes do tubo de popa<\/strong>\u00a0com o m\u00ednimo de distor\u00e7\u00e3o t\u00e9rmica.<\/p>\n<\/li>\n<\/ul>\n<\/li>\n<li>\n<p class=\"ds-markdown-paragraph\"><strong>A\u00e7o arquitet\u00f3nico:<\/strong><\/p>\n<ul>\n<li>\n<p class=\"ds-markdown-paragraph\">Formul\u00e1rios\u00a0<strong>caixilharia para fachada cortina<\/strong>\u00a0com uma precis\u00e3o de superf\u00edcie de \u00b10,3 mm.<\/p>\n<\/li>\n<\/ul>\n<\/li>\n<\/ol>\n<h3><strong>Garantia de qualidade e certifica\u00e7\u00f5es<\/strong><\/h3>\n<ul>\n<li>\n<p class=\"ds-markdown-paragraph\"><strong>Estrutura optimizada por FEA<\/strong>\u00a0para uma fiabilidade a longo prazo.<\/p>\n<\/li>\n<li>\n<p class=\"ds-markdown-paragraph\"><strong>Vida \u00fatil da chumaceira do veio<\/strong>\u00a0excede 1 milh\u00e3o de ciclos.<\/p>\n<\/li>\n<li>\n<p class=\"ds-markdown-paragraph\"><strong>Garantia de 36 meses<\/strong>\u00a0em componentes mec\u00e2nicos.<\/p>\n<\/li>\n<li>\n<p class=\"ds-markdown-paragraph\">Opcional\u00a0<strong>Certifica\u00e7\u00f5es CE, PED e ASME<\/strong>\u00a0para conformidade global.<\/p>\n<\/li>\n<\/ul>\n<p class=\"ds-markdown-paragraph\">O\u00a0<strong>M\u00e1quina de calibra\u00e7\u00e3o de barras finas<\/strong>\u00a0combina\u00e7\u00f5es\u00a0<strong>dobragem de alta precis\u00e3o, controlo inteligente e flexibilidade de v\u00e1rios accionamentos<\/strong>\u00a0para fornecer solu\u00e7\u00f5es de conforma\u00e7\u00e3o de tubos e perfis eficientes e econ\u00f3micas em termos energ\u00e9ticos.<\/p>\n<p>&nbsp;<\/p>\n<p>Wuxi ABK Machinery Co.Ltd \u00e9 um fabricante profissional de rotador de soldadura na China. E o nosso rotador de soldadura inclui principalmente rotador de soldadura padr\u00e3o, rotador de soldadura ajust\u00e1vel, e rotador de soldadura especial. N\u00f3s tamb\u00e9m podemos fornecer aos nossos clientes em todo o mundo muitos outros produtos, incluindo mesa girat\u00f3ria de solda, m\u00e1quina de solda de estaca, linha de produ\u00e7\u00e3o de torre e\u00f3lica, linha de solda de viga H, equipamento de solda de tubo, m\u00e1quina de corte CNC, m\u00e1quina de moagem, m\u00e1quina perfiladeira, m\u00e1quina dobradeira de placa, etc. N\u00f3s obtivemos certifica\u00e7\u00e3o ISO e CE, e tamb\u00e9m oferecemos servi\u00e7o OEM.<\/p>","protected":false},"excerpt":{"rendered":"<p>A m\u00e1quina de calibra\u00e7\u00e3o de barras finas da WUXI ABK oferece um desempenho de dobragem excecional atrav\u00e9s de tecnologias inovadoras de servo e acionamento hidr\u00e1ulico. Este sistema de engenharia de precis\u00e3o combina o controlo inteligente do processo com uma constru\u00e7\u00e3o robusta para lidar com aplica\u00e7\u00f5es industriais exigentes, desde o fabrico de a\u00e7o estrutural ao fabrico de componentes especializados. Com a sua interface de f\u00e1cil utiliza\u00e7\u00e3o e op\u00e7\u00f5es de ferramentas personaliz\u00e1veis, a m\u00e1quina garante resultados fi\u00e1veis e de alta qualidade, optimizando a efici\u00eancia da produ\u00e7\u00e3o em v\u00e1rios tipos e espessuras de materiais.<\/p>","protected":false},"featured_media":1991,"comment_status":"open","ping_status":"closed","template":"","meta":{"_acf_changed":false},"product_brand":[],"product_cat":[23,48],"product_tag":[],"class_list":{"0":"post-560","1":"product","2":"type-product","3":"status-publish","4":"has-post-thumbnail","6":"product_cat-boiler-production-equipment","7":"product_cat-fin-bar-calibration-machine","9":"first","10":"instock","11":"shipping-taxable","12":"product-type-simple"},"acf":[],"_links":{"self":[{"href":"https:\/\/www.weldmc.com\/pt\/wp-json\/wp\/v2\/product\/560","targetHints":{"allow":["GET"]}}],"collection":[{"href":"https:\/\/www.weldmc.com\/pt\/wp-json\/wp\/v2\/product"}],"about":[{"href":"https:\/\/www.weldmc.com\/pt\/wp-json\/wp\/v2\/types\/product"}],"replies":[{"embeddable":true,"href":"https:\/\/www.weldmc.com\/pt\/wp-json\/wp\/v2\/comments?post=560"}],"wp:featuredmedia":[{"embeddable":true,"href":"https:\/\/www.weldmc.com\/pt\/wp-json\/wp\/v2\/media\/1991"}],"wp:attachment":[{"href":"https:\/\/www.weldmc.com\/pt\/wp-json\/wp\/v2\/media?parent=560"}],"wp:term":[{"taxonomy":"product_brand","embeddable":true,"href":"https:\/\/www.weldmc.com\/pt\/wp-json\/wp\/v2\/product_brand?post=560"},{"taxonomy":"product_cat","embeddable":true,"href":"https:\/\/www.weldmc.com\/pt\/wp-json\/wp\/v2\/product_cat?post=560"},{"taxonomy":"product_tag","embeddable":true,"href":"https:\/\/www.weldmc.com\/pt\/wp-json\/wp\/v2\/product_tag?post=560"}],"curies":[{"name":"wp","href":"https:\/\/api.w.org\/{rel}","templated":true}]}}