{"id":1507,"date":"2025-07-01T17:25:14","date_gmt":"2025-07-01T09:25:14","guid":{"rendered":"https:\/\/www.weldmc.com\/?post_type=product&#038;p=1507"},"modified":"2025-07-01T17:25:14","modified_gmt":"2025-07-01T09:25:14","slug":"rotador-de-soldadura-standard","status":"publish","type":"product","link":"https:\/\/www.weldmc.com\/pt\/product\/rotador-de-soldadura-standard\/","title":{"rendered":"Rotador de soldadura standard"},"content":{"rendered":"<p><strong><b>Aplica\u00e7\u00f5es do sector<\/b><\/strong><\/p>\n<ul>\n<li><b><\/b><strong><b>Equipamento pesado:<\/b><\/strong>Lan\u00e7as de escavadoras, segmentos de gruas<\/li>\n<li><b><\/b><strong><b>Setor da energia:<\/b><\/strong>Flanges de turbinas e\u00f3licas, recipientes sob press\u00e3o<\/li>\n<li><b><\/b><strong><b>Transporte:<\/b><\/strong>Bogies ferrovi\u00e1rios, componentes de constru\u00e7\u00e3o naval<\/li>\n<\/ul>\n<p><strong><b>Carater\u00edsticas do posicionador de soldadura:<\/b><\/strong><br \/>\nControlo de velocidade vari\u00e1vel<\/p>\n<ul>\n<li>Equipado com um sistema de acionamento de convers\u00e3o de frequ\u00eancia para um ajuste suave da velocidade<\/li>\n<li>Gama de velocidades: 0,1-2 RPM (continuamente ajust\u00e1vel)<\/li>\n<\/ul>\n<p>Regula\u00e7\u00e3o de velocidade cont\u00ednua<\/p>\n<ul>\n<li>Transi\u00e7\u00e3o de velocidade sem problemas, sem mudan\u00e7a de velocidade<\/li>\n<li>A conce\u00e7\u00e3o de baixa manuten\u00e7\u00e3o reduz os custos operacionais<\/li>\n<\/ul>\n<p>Mecanismo de inclina\u00e7\u00e3o de precis\u00e3o<\/p>\n<ul>\n<li>Engrenagens semicirculares duplas no eixo de sa\u00edda<\/li>\n<li>O redutor de parafuso sem-fim assegura uma inclina\u00e7\u00e3o est\u00e1vel (0-135\u00b0)<\/li>\n<\/ul>\n<p>Condu\u00e7\u00e3o de corrente integrada<\/p>\n<ul>\n<li>A interface el\u00e9ctrica rotativa liga o conjunto de baloi\u00e7o \u00e0 mesa de trabalho<\/li>\n<li>Transmiss\u00e3o de corrente cont\u00ednua atrav\u00e9s de um veio condutor<\/li>\n<li>Elimina a tor\u00e7\u00e3o do cabo durante a rota\u00e7\u00e3o<\/li>\n<\/ul>\n<p>Constru\u00e7\u00e3o para trabalhos pesados<\/p>\n<ul>\n<li>Base tipo caixa com constru\u00e7\u00e3o em a\u00e7o Q235-A<\/li>\n<li>Al\u00edvio de tens\u00f5es atrav\u00e9s do processo de recozimento<\/li>\n<li>Superf\u00edcies maquinadas com precis\u00e3o para estabilidade dimensional<\/li>\n<li>Capacidade de carga: At\u00e9 5.000 kg<\/li>\n<\/ul>","protected":false},"excerpt":{"rendered":"<p>Industry Applications Heavy Equipment:Excavator booms, crane segments Energy Sector:Wind turbine flanges, pressure vessels Transportation:Rail bogies, shipbuilding components Features of Welding Positioner: Variable Speed Control Equipped with frequency conversion drive system for smooth speed adjustment Speed range: 0.1-2 RPM (continuously adjustable) Stepless Speed Regulation Seamless speed transition without gear shifting Low-maintenance design reduces operational costs Precision [&hellip;]<\/p>","protected":false},"featured_media":1503,"comment_status":"open","ping_status":"closed","template":"","meta":{"_acf_changed":false},"product_brand":[],"product_cat":[71],"product_tag":[],"class_list":{"0":"post-1507","1":"product","2":"type-product","3":"status-publish","4":"has-post-thumbnail","6":"product_cat-hot-selling-product","8":"first","9":"instock","10":"shipping-taxable","11":"product-type-simple"},"acf":[],"_links":{"self":[{"href":"https:\/\/www.weldmc.com\/pt\/wp-json\/wp\/v2\/product\/1507","targetHints":{"allow":["GET"]}}],"collection":[{"href":"https:\/\/www.weldmc.com\/pt\/wp-json\/wp\/v2\/product"}],"about":[{"href":"https:\/\/www.weldmc.com\/pt\/wp-json\/wp\/v2\/types\/product"}],"replies":[{"embeddable":true,"href":"https:\/\/www.weldmc.com\/pt\/wp-json\/wp\/v2\/comments?post=1507"}],"wp:featuredmedia":[{"embeddable":true,"href":"https:\/\/www.weldmc.com\/pt\/wp-json\/wp\/v2\/media\/1503"}],"wp:attachment":[{"href":"https:\/\/www.weldmc.com\/pt\/wp-json\/wp\/v2\/media?parent=1507"}],"wp:term":[{"taxonomy":"product_brand","embeddable":true,"href":"https:\/\/www.weldmc.com\/pt\/wp-json\/wp\/v2\/product_brand?post=1507"},{"taxonomy":"product_cat","embeddable":true,"href":"https:\/\/www.weldmc.com\/pt\/wp-json\/wp\/v2\/product_cat?post=1507"},{"taxonomy":"product_tag","embeddable":true,"href":"https:\/\/www.weldmc.com\/pt\/wp-json\/wp\/v2\/product_tag?post=1507"}],"curies":[{"name":"wp","href":"https:\/\/api.w.org\/{rel}","templated":true}]}}