{"id":1506,"date":"2025-07-01T17:21:22","date_gmt":"2025-07-01T09:21:22","guid":{"rendered":"https:\/\/www.weldmc.com\/?post_type=product&#038;p=1506"},"modified":"2025-07-01T17:21:41","modified_gmt":"2025-07-01T09:21:41","slug":"rotativo-de-soldadura-ajustavel","status":"publish","type":"product","link":"https:\/\/www.weldmc.com\/pt\/product\/rotativo-de-soldadura-ajustavel\/","title":{"rendered":"Rotador de soldadura ajust\u00e1vel"},"content":{"rendered":"<p><strong><b>Lista de par\u00e2metros do rotador de soldadura convencional da s\u00e9rie HGK<\/b><\/strong><strong><b><br \/>\n<\/b><\/strong><b><\/b><\/p>\n<p><img fetchpriority=\"high\" decoding=\"async\" class=\"size-full wp-image-821\" src=\"http:\/\/111.170.148.214:8095\/wp-content\/uploads\/2025\/05\/Parameter-list-of-conventional-HGK-series-welding-rotator.png\" alt=\"Adjustable Welding Rotator HGK-60\" width=\"1024\" height=\"170\" srcset=\"https:\/\/www.weldmc.com\/wp-content\/uploads\/2025\/05\/Parameter-list-of-conventional-HGK-series-welding-rotator.png 1024w, https:\/\/www.weldmc.com\/wp-content\/uploads\/2025\/05\/Parameter-list-of-conventional-HGK-series-welding-rotator-300x50.png 300w, https:\/\/www.weldmc.com\/wp-content\/uploads\/2025\/05\/Parameter-list-of-conventional-HGK-series-welding-rotator-768x128.png 768w, https:\/\/www.weldmc.com\/wp-content\/uploads\/2025\/05\/Parameter-list-of-conventional-HGK-series-welding-rotator-600x100.png 600w\" sizes=\"(max-width: 1024px) 100vw, 1024px\" \/><\/p>\n<p><strong><b>Precision Roller Frame System &#8211; Technical Specifications<\/b><\/strong><\/p>\n<p><strong>Heavy-Duty Frame Design<\/strong><\/p>\n<p>Box-type steel construction for optimal load distribution<\/p>\n<p>Precision sliding track with \u00b10.1mm positioning accuracy<\/p>\n<p>Quick-lock mechanism for stable fixation<\/p>\n<p><strong>Rolos de alto desempenho<\/strong><\/p>\n<p>ZG45 cast steel material (HRC 55-60 hardness)<\/p>\n<p>30-ton dynamic load capacity<\/p>\n<p>Superior wear resistance for heavy workpieces<\/p>\n<p><strong>Dual-Motor Drive System<\/strong><\/p>\n<p>2\u00d77.5kW motors with gear reducers<\/p>\n<p>Frequency converter speed control (0.5-5 RPM)<\/p>\n<p>Torque synchronization: \u00b12%<\/p>\n<p><strong>Anti-Creep Mechanism<\/strong><\/p>\n<p>Hydraulic elevation adjustment (\u00b150mm range)<\/p>\n<p>Alinhamento autom\u00e1tico da linha central<\/p>\n<p>&lt;0.5mm creep prevention accuracy<\/p>\n<p><strong>Precision Measurement<\/strong><\/p>\n<p>NOVO displacement sensors (German)<\/p>\n<p>0.01mm resolution<\/p>\n<p>\u00b10.05% linearity<\/p>\n<p><strong>Sistema de controlo<\/strong><\/p>\n<p>Siemens\/ABB PLC components<\/p>\n<p>IP65 protection rating<\/p>\n<p>Axial movement monitoring interface<\/p>\n<p><img decoding=\"async\" class=\"alignnone size-full wp-image-812\" src=\"http:\/\/111.170.148.214:8095\/wp-content\/uploads\/2025\/05\/Adjustable-Welding-Rotator-HGK-5-Maintenance-of-Welding-Rotator-2.png\" alt=\"Rotador de soldadura ajust\u00e1vel HGK-100\" width=\"368\" height=\"276\" srcset=\"https:\/\/www.weldmc.com\/wp-content\/uploads\/2025\/05\/Adjustable-Welding-Rotator-HGK-5-Maintenance-of-Welding-Rotator-2.png 368w, https:\/\/www.weldmc.com\/wp-content\/uploads\/2025\/05\/Adjustable-Welding-Rotator-HGK-5-Maintenance-of-Welding-Rotator-2-300x225.png 300w\" sizes=\"(max-width: 368px) 100vw, 368px\" \/> <img decoding=\"async\" class=\"alignnone size-full wp-image-813\" src=\"http:\/\/111.170.148.214:8095\/wp-content\/uploads\/2025\/05\/Adjustable-Welding-Rotator-HGK-5-Maintenance-of-Welding-Rotator-3.png\" alt=\"Rotador de soldadura ajust\u00e1vel HGK-100\" width=\"374\" height=\"280\" srcset=\"https:\/\/www.weldmc.com\/wp-content\/uploads\/2025\/05\/Adjustable-Welding-Rotator-HGK-5-Maintenance-of-Welding-Rotator-3.png 374w, https:\/\/www.weldmc.com\/wp-content\/uploads\/2025\/05\/Adjustable-Welding-Rotator-HGK-5-Maintenance-of-Welding-Rotator-3-300x225.png 300w\" sizes=\"(max-width: 374px) 100vw, 374px\" \/> <img loading=\"lazy\" decoding=\"async\" class=\"alignnone size-full wp-image-814\" src=\"http:\/\/111.170.148.214:8095\/wp-content\/uploads\/2025\/05\/Adjustable-Welding-Rotator-HGK-5-Maintenance-of-Welding-Rotator.png\" alt=\"Rotador de soldadura ajust\u00e1vel HGK-100\" width=\"328\" height=\"248\" srcset=\"https:\/\/www.weldmc.com\/wp-content\/uploads\/2025\/05\/Adjustable-Welding-Rotator-HGK-5-Maintenance-of-Welding-Rotator.png 328w, https:\/\/www.weldmc.com\/wp-content\/uploads\/2025\/05\/Adjustable-Welding-Rotator-HGK-5-Maintenance-of-Welding-Rotator-300x227.png 300w\" sizes=\"(max-width: 328px) 100vw, 328px\" \/><\/p>\n<p><strong><b>Manuten\u00e7\u00e3o do rotor de soldadura<\/b><\/strong><\/p>\n<p>1. Este rotador de soldadura precisa de ser limpo antes de ser utilizado. E para evitar o envelhecimento, os rolos de borracha devem ficar longe de \u00f3leos e altas temperaturas. Se poss\u00edvel, deve haver uma pessoa espec\u00edfica para operar e manter este dispositivo.<br \/>\n2. Antes do arranque, o redutor de velocidade deve estar cheio de \u00f3leo de motor 30#, o que tamb\u00e9m \u00e9 necess\u00e1rio quando a temperatura ambiente \u00e9 inferior a 0\u00baC.<br \/>\n3. O \u00f3leo no interior do redutor de velocidade deve ser completamente substitu\u00eddo ap\u00f3s o primeiro m\u00eas de utiliza\u00e7\u00e3o e, posteriormente, o \u00f3leo do motor pode ser mudado de seis em seis meses.<br \/>\n4. O leito do rolo n\u00e3o pode ser utilizado como solo de soldadura, de modo a evitar danos nos rolamentos.<\/p>\n<p><img loading=\"lazy\" decoding=\"async\" class=\"alignnone size-full wp-image-834\" src=\"http:\/\/111.170.148.214:8095\/wp-content\/uploads\/2025\/05\/Adjustable-Welding-Rotator.png\" alt=\"Rotador de soldadura ajust\u00e1vel HGK-100\" width=\"1080\" height=\"810\" srcset=\"https:\/\/www.weldmc.com\/wp-content\/uploads\/2025\/05\/Adjustable-Welding-Rotator.png 1080w, https:\/\/www.weldmc.com\/wp-content\/uploads\/2025\/05\/Adjustable-Welding-Rotator-300x225.png 300w, https:\/\/www.weldmc.com\/wp-content\/uploads\/2025\/05\/Adjustable-Welding-Rotator-1024x768.png 1024w, https:\/\/www.weldmc.com\/wp-content\/uploads\/2025\/05\/Adjustable-Welding-Rotator-768x576.png 768w, https:\/\/www.weldmc.com\/wp-content\/uploads\/2025\/05\/Adjustable-Welding-Rotator-600x450.png 600w\" sizes=\"(max-width: 1080px) 100vw, 1080px\" \/><\/p>\n<p><strong>Carater\u00edsticas do Rotador de Soldadura<\/strong><\/p>\n<ol>\n<li>A dist\u00e2ncia dos rolos ajusta-se automaticamente para se adaptar a diferentes di\u00e2metros de barril.<br \/>\nA velocidade \u00e9 ajust\u00e1vel atrav\u00e9s de um sistema de controlo de frequ\u00eancia, aumentando a fiabilidade operacional.<br \/>\n3. a facilidade de utiliza\u00e7\u00e3o \u00e9 assegurada por uma caixa de controlo manual.<br \/>\n4. dispon\u00edvel em v\u00e1rias configura\u00e7\u00f5es, incluindo tipos m\u00f3veis e de eleva\u00e7\u00e3o.<br \/>\n5. uma base de rolos especialmente concebida oferece maior comodidade durante a soldadura.<br \/>\n6. os rolos podem ser fabricados a partir de uma variedade de materiais, tais como borracha preta, poliuretano e a\u00e7o.<\/li>\n<\/ol>\n<p><img loading=\"lazy\" decoding=\"async\" class=\"alignnone size-full wp-image-832\" src=\"http:\/\/111.170.148.214:8095\/wp-content\/uploads\/2025\/05\/\u56fe\u72473-scaled.jpg\" alt=\"Rotador de soldadura ajust\u00e1vel HGK-100\" width=\"2560\" height=\"1920\" srcset=\"https:\/\/www.weldmc.com\/wp-content\/uploads\/2025\/05\/\u56fe\u72473-scaled.jpg 2560w, https:\/\/www.weldmc.com\/wp-content\/uploads\/2025\/05\/\u56fe\u72473-300x225.jpg 300w, https:\/\/www.weldmc.com\/wp-content\/uploads\/2025\/05\/\u56fe\u72473-1024x768.jpg 1024w, https:\/\/www.weldmc.com\/wp-content\/uploads\/2025\/05\/\u56fe\u72473-768x576.jpg 768w, https:\/\/www.weldmc.com\/wp-content\/uploads\/2025\/05\/\u56fe\u72473-1536x1152.jpg 1536w, https:\/\/www.weldmc.com\/wp-content\/uploads\/2025\/05\/\u56fe\u72473-2048x1536.jpg 2048w, https:\/\/www.weldmc.com\/wp-content\/uploads\/2025\/05\/\u56fe\u72473-600x450.jpg 600w\" sizes=\"(max-width: 2560px) 100vw, 2560px\" \/><\/p>\n<p><strong><b>Detalhes do produto<\/b><\/strong><\/p>\n<table>\n<tbody>\n<tr>\n<td>- Conce\u00e7\u00e3o fi\u00e1vel<\/td>\n<td>- Qualidade fi\u00e1vel<\/td>\n<\/tr>\n<tr>\n<td>- Pe\u00e7as de renome<\/td>\n<td>- Controlo do inversor<\/td>\n<\/tr>\n<tr>\n<td>- Sistema de acionamento direto<\/td>\n<td>- Op\u00e7\u00e3o de desloca\u00e7\u00e3o motorizada<\/td>\n<\/tr>\n<tr>\n<td>- Desenho personalizado por encomenda<\/td>\n<td>- OEM<\/td>\n<\/tr>\n<\/tbody>\n<\/table>\n<p><strong><b>Introdu\u00e7\u00e3o \u00e0 roda<\/b><\/strong><\/p>\n<p>As rodas de poliuretano oferecem uma resist\u00eancia excecional \u00e0 abras\u00e3o, um processamento vers\u00e1til, uma ampla aplicabilidade e uma resist\u00eancia superior ao \u00f3leo, ao ozono, ao envelhecimento, \u00e0 radia\u00e7\u00e3o e a baixas temperaturas. Tamb\u00e9m proporcionam uma forte ader\u00eancia, excelente transmiss\u00e3o de som, biocompatibilidade e compatibilidade com o sangue.<\/p>\n<p><img loading=\"lazy\" decoding=\"async\" class=\"alignnone size-full wp-image-817\" src=\"http:\/\/111.170.148.214:8095\/wp-content\/uploads\/2025\/05\/Adjustable-Welding-Rotator-HGK-5-Wheel-introduction.png\" alt=\"Rotador de soldadura ajust\u00e1vel HGK-100\" width=\"308\" height=\"386\" srcset=\"https:\/\/www.weldmc.com\/wp-content\/uploads\/2025\/05\/Adjustable-Welding-Rotator-HGK-5-Wheel-introduction.png 308w, https:\/\/www.weldmc.com\/wp-content\/uploads\/2025\/05\/Adjustable-Welding-Rotator-HGK-5-Wheel-introduction-239x300.png 239w\" sizes=\"(max-width: 308px) 100vw, 308px\" \/><img loading=\"lazy\" decoding=\"async\" class=\"alignnone size-full wp-image-815\" src=\"http:\/\/111.170.148.214:8095\/wp-content\/uploads\/2025\/05\/Adjustable-Welding-Rotator-HGK-5-Wheel-introduction-1.png\" alt=\"Rotador de soldadura ajust\u00e1vel HGK-100\" width=\"358\" height=\"448\" srcset=\"https:\/\/www.weldmc.com\/wp-content\/uploads\/2025\/05\/Adjustable-Welding-Rotator-HGK-5-Wheel-introduction-1.png 358w, https:\/\/www.weldmc.com\/wp-content\/uploads\/2025\/05\/Adjustable-Welding-Rotator-HGK-5-Wheel-introduction-1-240x300.png 240w\" sizes=\"(max-width: 358px) 100vw, 358px\" \/><img loading=\"lazy\" decoding=\"async\" class=\"alignnone size-full wp-image-816\" src=\"http:\/\/111.170.148.214:8095\/wp-content\/uploads\/2025\/05\/Adjustable-Welding-Rotator-HGK-5-Wheel-introduction-3.png\" alt=\"Rotador de soldadura ajust\u00e1vel HGK-100\" width=\"2276\" height=\"1280\" srcset=\"https:\/\/www.weldmc.com\/wp-content\/uploads\/2025\/05\/Adjustable-Welding-Rotator-HGK-5-Wheel-introduction-3.png 2276w, https:\/\/www.weldmc.com\/wp-content\/uploads\/2025\/05\/Adjustable-Welding-Rotator-HGK-5-Wheel-introduction-3-300x169.png 300w, https:\/\/www.weldmc.com\/wp-content\/uploads\/2025\/05\/Adjustable-Welding-Rotator-HGK-5-Wheel-introduction-3-1024x576.png 1024w, https:\/\/www.weldmc.com\/wp-content\/uploads\/2025\/05\/Adjustable-Welding-Rotator-HGK-5-Wheel-introduction-3-768x432.png 768w, https:\/\/www.weldmc.com\/wp-content\/uploads\/2025\/05\/Adjustable-Welding-Rotator-HGK-5-Wheel-introduction-3-1536x864.png 1536w, https:\/\/www.weldmc.com\/wp-content\/uploads\/2025\/05\/Adjustable-Welding-Rotator-HGK-5-Wheel-introduction-3-2048x1152.png 2048w, https:\/\/www.weldmc.com\/wp-content\/uploads\/2025\/05\/Adjustable-Welding-Rotator-HGK-5-Wheel-introduction-3-600x337.png 600w\" sizes=\"(max-width: 2276px) 100vw, 2276px\" \/><\/p>\n<p><strong><b>Introdu\u00e7\u00e3o ao motor<\/b><\/strong><strong><b><br \/>\n<\/b><\/strong><strong><b><img loading=\"lazy\" decoding=\"async\" class=\"alignnone size-full wp-image-820\" src=\"http:\/\/111.170.148.214:8095\/wp-content\/uploads\/2025\/05\/Motor-introduction.png\" alt=\"Rotador de soldadura ajust\u00e1vel HGK-100\" width=\"695\" height=\"521\" srcset=\"https:\/\/www.weldmc.com\/wp-content\/uploads\/2025\/05\/Motor-introduction.png 695w, https:\/\/www.weldmc.com\/wp-content\/uploads\/2025\/05\/Motor-introduction-300x225.png 300w, https:\/\/www.weldmc.com\/wp-content\/uploads\/2025\/05\/Motor-introduction-600x450.png 600w\" sizes=\"(max-width: 695px) 100vw, 695px\" \/><\/b><\/strong><\/p>\n<p><img loading=\"lazy\" decoding=\"async\" class=\"alignnone size-full wp-image-818\" src=\"http:\/\/111.170.148.214:8095\/wp-content\/uploads\/2025\/05\/Adjustable-Welding-Rotator-HGK-5.png\" alt=\"Rotador de soldadura ajust\u00e1vel HGK-100\" width=\"1022\" height=\"397\" srcset=\"https:\/\/www.weldmc.com\/wp-content\/uploads\/2025\/05\/Adjustable-Welding-Rotator-HGK-5.png 1022w, https:\/\/www.weldmc.com\/wp-content\/uploads\/2025\/05\/Adjustable-Welding-Rotator-HGK-5-300x117.png 300w, https:\/\/www.weldmc.com\/wp-content\/uploads\/2025\/05\/Adjustable-Welding-Rotator-HGK-5-768x298.png 768w, https:\/\/www.weldmc.com\/wp-content\/uploads\/2025\/05\/Adjustable-Welding-Rotator-HGK-5-600x233.png 600w\" sizes=\"(max-width: 1022px) 100vw, 1022px\" \/><\/p>\n<p><strong>Welding Rotator Maintenance Guidelines<img loading=\"lazy\" decoding=\"async\" class=\"alignnone size-full wp-image-819\" src=\"http:\/\/111.170.148.214:8095\/wp-content\/uploads\/2025\/05\/Adjustable-Welding-Rotator-HGK.png\" alt=\"Rotador de soldadura ajust\u00e1vel HGK-100\" width=\"1500\" height=\"1500\" srcset=\"https:\/\/www.weldmc.com\/wp-content\/uploads\/2025\/05\/Adjustable-Welding-Rotator-HGK.png 1500w, https:\/\/www.weldmc.com\/wp-content\/uploads\/2025\/05\/Adjustable-Welding-Rotator-HGK-300x300.png 300w, https:\/\/www.weldmc.com\/wp-content\/uploads\/2025\/05\/Adjustable-Welding-Rotator-HGK-1024x1024.png 1024w, https:\/\/www.weldmc.com\/wp-content\/uploads\/2025\/05\/Adjustable-Welding-Rotator-HGK-150x150.png 150w, https:\/\/www.weldmc.com\/wp-content\/uploads\/2025\/05\/Adjustable-Welding-Rotator-HGK-768x768.png 768w, https:\/\/www.weldmc.com\/wp-content\/uploads\/2025\/05\/Adjustable-Welding-Rotator-HGK-500x500.png 500w, https:\/\/www.weldmc.com\/wp-content\/uploads\/2025\/05\/Adjustable-Welding-Rotator-HGK-600x600.png 600w, https:\/\/www.weldmc.com\/wp-content\/uploads\/2025\/05\/Adjustable-Welding-Rotator-HGK-100x100.png 100w\" sizes=\"(max-width: 1500px) 100vw, 1500px\" \/><\/strong><\/p>\n<p>Clean the welding rotator before use. Keep the rubber rollers away from oils and high temperatures to prevent aging. It&#8217;s recommended that a designated person operates and maintains the equipment.<\/p>\n<p>Ensure the speed reducer is filled with 30# engine oil before starting, especially when the temperature is below 0\u00baC.<\/p>\n<p>Replace the oil in the speed reducer after the first month of use. Afterward, change the oil every six months.<\/p>\n<p>Do not use the roller bed as a welding ground to avoid damaging the bearings.<\/p>\n<p><strong><b>Fabricante de rotores de alta qualidade<\/b><\/strong><\/p>\n<p>1. com mais de 20 anos de experi\u00eancia especializada no fabrico de rotores auto-alinhadores.<\/p>\n<p>2. nossos produtos apresentam uma capacidade de carga que varia de 5 toneladas a 400 toneladas.<\/p>\n<p>3. fornecemos as certifica\u00e7\u00f5es CE e ISO, assegurando o cumprimento de sub-regulamentos rigorosos. Adicionalmente.<\/p>\n<p>4. oferecemos uma garantia de um ano e pe\u00e7as de desgaste gratuitas.<\/p>\n<p>5. a nossa equipa t\u00e9cnica altamente qualificada dedica-se a apoi\u00e1-lo e aos seus projectos de grande escala, como a soldadura de turbinas e\u00f3licas.<\/p>\n<p>&nbsp;<\/p>\n<p>Wuxi ABK Machinery Co.Ltd \u00e9 um fabricante profissional de rotador de soldadura na China. E o nosso rotador de soldadura inclui principalmente rotador de soldadura padr\u00e3o, rotador de soldadura ajust\u00e1vel, e rotador de soldadura especial. N\u00f3s tamb\u00e9m podemos fornecer aos nossos clientes em todo o mundo muitos outros produtos, incluindo mesa girat\u00f3ria de solda, m\u00e1quina de solda de estaca, linha de produ\u00e7\u00e3o de torre e\u00f3lica, linha de solda de viga H, equipamento de solda de tubo, m\u00e1quina de corte CNC, m\u00e1quina de moagem, m\u00e1quina perfiladeira, m\u00e1quina dobradeira de placa, etc. N\u00f3s obtivemos certifica\u00e7\u00e3o ISO e CE, e tamb\u00e9m oferecemos servi\u00e7o OEM.<\/p>","protected":false},"excerpt":{"rendered":"<p>Parameter list of conventional HGK series welding rotator Precision Roller Frame System &#8211; Technical Specifications Heavy-Duty Frame Design Box-type steel construction for optimal load distribution Precision sliding track with \u00b10.1mm positioning accuracy Quick-lock mechanism for stable fixation High-Performance Rollers ZG45 cast steel material (HRC 55-60 hardness) 30-ton dynamic load capacity Superior wear resistance for heavy [&hellip;]<\/p>","protected":false},"featured_media":1502,"comment_status":"open","ping_status":"closed","template":"","meta":{"_acf_changed":false},"product_brand":[],"product_cat":[71],"product_tag":[],"class_list":{"0":"post-1506","1":"product","2":"type-product","3":"status-publish","4":"has-post-thumbnail","6":"product_cat-hot-selling-product","8":"first","9":"instock","10":"shipping-taxable","11":"product-type-simple"},"acf":[],"_links":{"self":[{"href":"https:\/\/www.weldmc.com\/pt\/wp-json\/wp\/v2\/product\/1506","targetHints":{"allow":["GET"]}}],"collection":[{"href":"https:\/\/www.weldmc.com\/pt\/wp-json\/wp\/v2\/product"}],"about":[{"href":"https:\/\/www.weldmc.com\/pt\/wp-json\/wp\/v2\/types\/product"}],"replies":[{"embeddable":true,"href":"https:\/\/www.weldmc.com\/pt\/wp-json\/wp\/v2\/comments?post=1506"}],"wp:featuredmedia":[{"embeddable":true,"href":"https:\/\/www.weldmc.com\/pt\/wp-json\/wp\/v2\/media\/1502"}],"wp:attachment":[{"href":"https:\/\/www.weldmc.com\/pt\/wp-json\/wp\/v2\/media?parent=1506"}],"wp:term":[{"taxonomy":"product_brand","embeddable":true,"href":"https:\/\/www.weldmc.com\/pt\/wp-json\/wp\/v2\/product_brand?post=1506"},{"taxonomy":"product_cat","embeddable":true,"href":"https:\/\/www.weldmc.com\/pt\/wp-json\/wp\/v2\/product_cat?post=1506"},{"taxonomy":"product_tag","embeddable":true,"href":"https:\/\/www.weldmc.com\/pt\/wp-json\/wp\/v2\/product_tag?post=1506"}],"curies":[{"name":"wp","href":"https:\/\/api.w.org\/{rel}","templated":true}]}}