{"id":1505,"date":"2025-07-01T17:17:42","date_gmt":"2025-07-01T09:17:42","guid":{"rendered":"https:\/\/www.weldmc.com\/?post_type=product&#038;p=1505"},"modified":"2025-07-31T10:36:07","modified_gmt":"2025-07-31T02:36:07","slug":"welding-manipulator-2","status":"publish","type":"product","link":"https:\/\/www.weldmc.com\/pt\/product\/welding-manipulator-2\/","title":{"rendered":"Manipulador de soldadura"},"content":{"rendered":"<p>Par\u00e2metros t\u00e9cnicos do Manipulador de soldadura (Manipulador de lan\u00e7a de coluna):<\/p>\n<p><img fetchpriority=\"high\" decoding=\"async\" class=\"wp-image-756 size-large\" src=\"http:\/\/111.170.148.214:8095\/wp-content\/uploads\/2025\/05\/Technical-Parameters-of-Welding-Manipulator-Column-Boom-Manipulator-1024x245.jpg\" alt=\"Technical Parameters of Welding Manipulator (Column Boom Manipulator)\" width=\"1024\" height=\"245\" \/><\/p>\n<p><img decoding=\"async\" class=\"wp-image-757\" src=\"http:\/\/111.170.148.214:8095\/wp-content\/uploads\/2025\/05\/Welding-Manipulator-Core-Function.jpg\" alt=\"Welding Manipulator Core Function\" width=\"1024\" height=\"392\" \/><\/p>\n<p>Estrutura principal<\/p>\n<p>Coluna+bra\u00e7o cruzado+assento guia+carrinho m\u00f3vel<\/p>\n<p>Composi\u00e7\u00e3o de um conjunto completo<\/p>\n<figure id=\"attachment_758\" aria-describedby=\"caption-attachment-758\" style=\"width: 500px\" class=\"wp-caption alignright\"><img decoding=\"async\" class=\"wp-image-758\" src=\"http:\/\/111.170.148.214:8095\/wp-content\/uploads\/2025\/05\/Welding-Manipulator-Main-structure-300x225.jpg\" alt=\"Welding Manipulator Main structure\" width=\"500\" height=\"375\" \/><figcaption id=\"caption-attachment-758\" class=\"wp-caption-text\">Welding Manipulator Main structure<\/figcaption><\/figure>\n<p>* Coluna<\/p>\n<p>*\u00a0Boom<\/p>\n<p>* Base<\/p>\n<p>* Sela<\/p>\n<p>* Sistema de eleva\u00e7\u00e3o<\/p>\n<p>* Sistema de extens\u00e3o<\/p>\n<p>* Sistema de rota\u00e7\u00e3o<\/p>\n<p>* Bloqueio de rota\u00e7\u00e3o<\/p>\n<p>* Tipo de movimento e rota\u00e7\u00e3o<\/p>\n<p>* Anti-queda<\/p>\n<p>* Canto da cabe\u00e7a<\/p>\n<p>* Carro sobre lan\u00e7a<\/p>\n<p>* Power-slides<\/p>\n<p>* Sistema de controlo<\/p>\n<p><img loading=\"lazy\" decoding=\"async\" class=\"alignleft wp-image-771\" src=\"http:\/\/111.170.148.214:8095\/wp-content\/uploads\/2025\/05\/Welding-Manipulator-Main-structure-2-300x182.jpg\" alt=\"Welding Manipulator Main structure-2\" width=\"473\" height=\"286\" \/><\/p>\n<p><img loading=\"lazy\" decoding=\"async\" class=\"wp-image-770 alignnone\" src=\"http:\/\/111.170.148.214:8095\/wp-content\/uploads\/2025\/05\/Welding-Manipulator-Main-structure-1-300x169.jpg\" alt=\"Welding Manipulator Main structure-1\" width=\"508\" height=\"286\" \/><\/p>\n<ol>\n<li>Motor<\/li>\n<\/ol>\n<p><img loading=\"lazy\" decoding=\"async\" class=\"alignleft wp-image-772\" src=\"http:\/\/111.170.148.214:8095\/wp-content\/uploads\/2025\/05\/Welding-Manipulator-Motor.jpg\" alt=\"Welding Manipulator Motor\" width=\"479\" height=\"639\" \/><\/p>\n<p><img loading=\"lazy\" decoding=\"async\" class=\"alignnone wp-image-773\" src=\"http:\/\/111.170.148.214:8095\/wp-content\/uploads\/2025\/05\/Welding-Manipulator-Motor-1.jpg\" alt=\"Welding Manipulator Motor-1\" width=\"479\" height=\"639\" \/><\/p>\n<ol start=\"2\">\n<li>Redutor<\/li>\n<\/ol>\n<p><img loading=\"lazy\" decoding=\"async\" class=\"alignleft wp-image-774\" src=\"http:\/\/111.170.148.214:8095\/wp-content\/uploads\/2025\/05\/Welding-Manipulator-Reducer.jpg\" alt=\"Welding Manipulator Reducer\" width=\"300\" height=\"286\" \/><\/p>\n<p><img loading=\"lazy\" decoding=\"async\" class=\"alignnone wp-image-775\" src=\"http:\/\/111.170.148.214:8095\/wp-content\/uploads\/2025\/05\/Welding-Manipulator-Reducer-1.jpg\" alt=\"Welding Manipulator Reducer-1\" width=\"472\" height=\"286\" \/><\/p>\n<p><img loading=\"lazy\" decoding=\"async\" class=\"size-full wp-image-776\" src=\"http:\/\/111.170.148.214:8095\/wp-content\/uploads\/2025\/05\/Welding-Manipulator-Reducer-2png.jpg\" alt=\"Welding Manipulator Reducer-2png\" width=\"715\" height=\"421\" \/><\/p>\n<p>O redutor cicloide planet\u00e1rio \u00e9 um novo tipo de mecanismo de redu\u00e7\u00e3o de engrenagens com design avan\u00e7ado e estrutura inovadora, que aplica o princ\u00edpio da transmiss\u00e3o planet\u00e1ria e engata com o cata-vento cicloide. Na maioria dos casos, este redutor substituiu os redutores de engrenagens cil\u00edndricas comuns de dois e tr\u00eas est\u00e1gios e os redutores de parafuso sem-fim cil\u00edndricos, e tem sido amplamente utilizado na ind\u00fastria militar, aeroespacial, metalurgia, minera\u00e7\u00e3o, petr\u00f3leo, ind\u00fastria qu\u00edmica, navio, ind\u00fastria leve, alimentos, t\u00eaxteis, impress\u00e3o e tingimento, produtos farmac\u00eauticos, borracha, pl\u00e1stico e i\u00e7amento e transporte.<\/p>\n<p>Carater\u00edsticas do produto\uff1a<\/p>\n<p><img loading=\"lazy\" decoding=\"async\" class=\"wp-image-778 alignnone\" src=\"http:\/\/111.170.148.214:8095\/wp-content\/uploads\/2025\/05\/Welding-Manipulator-Reducer-4.jpg\" alt=\"Welding Manipulator Reducer-4\" width=\"358\" height=\"477\" \/><\/p>\n<ol>\n<li>R\u00e1cio de transmiss\u00e3o elevado.<\/li>\n<li>Elevada efici\u00eancia de transmiss\u00e3o.<\/li>\n<li>Estrutura compacta, tamanho pequeno e peso leve.<\/li>\n<li>Menos falhas, longa dura\u00e7\u00e3o.<\/li>\n<li>Funcionamento suave e fi\u00e1vel.<\/li>\n<li>F\u00e1cil desmontagem e repara\u00e7\u00e3o.<\/li>\n<li>Forte capacidade de sobrecarga, resist\u00eancia ao impacto, pequeno momento de in\u00e9rcia, adequado para arranques frequentes e funcionamento positivo e inverso.<\/li>\n<\/ol>\n<p><img loading=\"lazy\" decoding=\"async\" class=\"alignleft wp-image-779 size-medium\" src=\"http:\/\/111.170.148.214:8095\/wp-content\/uploads\/2025\/05\/Welding-Manipulator-Reducer-5-300x225.jpg\" alt=\"Welding Manipulator Reducer-5\" width=\"300\" height=\"225\" \/><\/p>\n<p>O redutor \u00e9 um tipo de mecanismo de transmiss\u00e3o de energia, que utiliza o conversor de velocidade da engrenagem para reduzir o n\u00famero de rota\u00e7\u00e3o do motor para o n\u00famero de rota\u00e7\u00e3o necess\u00e1rio e obter uma estrutura com grande bin\u00e1rio.<\/p>\n<p>&nbsp;<\/p>\n<p>&nbsp;<\/p>\n<p>&nbsp;<\/p>\n<p>Fun\u00e7\u00e3o do redutor: Reduzir a velocidade e aumentar o torque de sa\u00edda ao mesmo tempo. A rela\u00e7\u00e3o de sa\u00edda de torque \u00e9 multiplicada pela rela\u00e7\u00e3o de desacelera\u00e7\u00e3o de sa\u00edda do motor, mas n\u00e3o deve exceder o torque nominal do redutor. Ao mesmo tempo, a in\u00e9rcia do motor \u00e9 reduzida ao quadrado do r\u00e1cio de desacelera\u00e7\u00e3o.<\/p>\n<ol start=\"3\">\n<li>Rolamento de roda<\/li>\n<\/ol>\n<p><img loading=\"lazy\" decoding=\"async\" class=\"wp-image-760\" src=\"http:\/\/111.170.148.214:8095\/wp-content\/uploads\/2025\/05\/Welding-Manipulator-Gear-1.jpg\" alt=\"Welding Manipulator Gear -1\" width=\"500\" height=\"667\" \/><\/p>\n<p>O rolamento de giro \u00e9 o elemento b\u00e1sico de for\u00e7a da m\u00e1quina, que requer rota\u00e7\u00e3o relativa entre todas as duas partes e suporta for\u00e7a axial, for\u00e7a radial e momento de tombamento ao mesmo tempo. Sua fun\u00e7\u00e3o b\u00e1sica \u00e9 usar parafusos para fix\u00e1-lo nos suportes superior e inferior do equipamento mec\u00e2nico para transmitir for\u00e7a e acionamento, de modo a realizar a rota\u00e7\u00e3o relativa entre as duas partes do equipamento mec\u00e2nico. Tem as carater\u00edsticas de estrutura compacta, peso leve, boa estrutura em a\u00e7o, funcionamento suave, elevada precis\u00e3o, seguran\u00e7a e fiabilidade.<\/p>\n<p><img loading=\"lazy\" decoding=\"async\" class=\"size-full wp-image-759\" src=\"http:\/\/111.170.148.214:8095\/wp-content\/uploads\/2025\/05\/Welding-Manipulator-Slewing-Bearing-1.jpg\" alt=\"Welding Manipulator Slewing Bearing-1\" width=\"679\" height=\"510\" \/><\/p>\n<p>O rolamento de giro \u00e9 uma parte b\u00e1sica do equipamento mec\u00e2nico e \u00e9 amplamente utilizado em v\u00e1rios sectores da economia nacional. \u00c9 amplamente utilizado em maquinaria de constru\u00e7\u00e3o, maquinaria portu\u00e1ria, maquinaria metal\u00fargica, maquinaria mineira, maquinaria de petr\u00f3leo, maquinaria qu\u00edmica, equipamento m\u00e9dico, maquinaria naval, maquinaria industrial ligeira, maquinaria de prote\u00e7\u00e3o ambiental, equipamento de entretenimento, maquinaria de transporte e equipamento militar. Os suportes oscilantes s\u00e3o cada vez mais utilizados em projectos de poupan\u00e7a de energia e de prote\u00e7\u00e3o ambiental, tais como turbinas e\u00f3licas que requerem uma variedade de kits de precis\u00e3o de suportes oscilantes para postes.<\/p>\n<ol start=\"4\">\n<li>Engrenagem<\/li>\n<\/ol>\n<p><img loading=\"lazy\" decoding=\"async\" class=\"wp-image-760\" src=\"http:\/\/111.170.148.214:8095\/wp-content\/uploads\/2025\/05\/Welding-Manipulator-Gear-1.jpg\" alt=\"Welding Manipulator Gear -1\" width=\"450\" height=\"601\" \/><\/p>\n<p><img loading=\"lazy\" decoding=\"async\" class=\"wp-image-761\" src=\"http:\/\/111.170.148.214:8095\/wp-content\/uploads\/2025\/05\/Welding-Manipulator-Gear.jpg\" alt=\"Welding Manipulator Gear\" width=\"450\" height=\"337\" \/><\/p>\n<p>A engrenagem \u00e9 uma pe\u00e7a mec\u00e2nica semelhante a uma roda que transmite o bin\u00e1rio atrav\u00e9s do encaixe dos dentes. Atrav\u00e9s da transmiss\u00e3o com outras pe\u00e7as mec\u00e2nicas dentadas (como outra engrenagem, cremalheira Dao e parafuso sem-fim), a engrenagem pode alterar a velocidade e o bin\u00e1rio, alterar a dire\u00e7\u00e3o do movimento e alterar a forma do movimento.<\/p>\n<ol start=\"5\">\n<li>Eixo<\/li>\n<\/ol>\n<p>A m\u00e1quina de transposi\u00e7\u00e3o acciona a rota\u00e7\u00e3o da engrenagem interna atrav\u00e9s da rota\u00e7\u00e3o do eixo e, em seguida, acciona a rota\u00e7\u00e3o da engrenagem externa, alcan\u00e7ando assim a fun\u00e7\u00e3o de transposi\u00e7\u00e3o.<\/p>\n<p><img loading=\"lazy\" decoding=\"async\" class=\"size-full wp-image-768\" src=\"http:\/\/111.170.148.214:8095\/wp-content\/uploads\/2025\/05\/Welding-Manipulator-Axis.jpg\" alt=\"Welding Manipulator Axis\" width=\"817\" height=\"526\" \/><\/p>\n<p>As a leading manufacturer in the field of welding automation, WUXI ABK MACHINERY, with years of technological accumulation, has developed the welding column boom and tank welding manipulator systems with excellent performance. Our automatic welding manipulator solution is widely used in the manufacturing fields of storage tanks, pressure vessels and heavy steel structures, providing efficient and reliable welding automation equipment for global customers.<\/p>\n<p>In terms of core technologies, our welding manipulators manufacturers team has broken through many technical bottlenecks. The welding column boom adopts a high-strength box beam structure and undergoes precise stress relief treatment to ensure stability for long-term use. The tank welding manipulator system is equipped with high-precision guide rails and rack transmission mechanisms, and its operation stability can reach \u00b10.1mm\/m, fully meeting the strict requirements of welding large storage tanks. The intelligent control system of automatic welding manipulator supports automatic weld seam tracking and real-time process monitoring, significantly improving the welding quality and efficiency.<\/p>\n<p>For different application scenarios, we offer a full range of configuration options. Fixed welding manipulators are suitable for longitudinal seam welding of small and medium-sized storage tanks and have the characteristics of compact structure and economic efficiency. The fixed rotary configuration adds the column rotary function and is suitable for container welding that requires multi-angle operations. The mobile rotary tank welding manipulator is specially designed for on-site construction of large storage tanks and has the capabilities of omnidirectional movement and 360\u00b0 rotation. All models can be synchronously linked with auxiliary equipment such as positioners and turntables.<\/p>\n<p>In terms of security performance, our automatic welding manipulator system is equipped with multiple protection measures. The anti-fall self-locking device, in combination with multi-stage limit switches, ensures the safe operation of the equipment. The system also features all-round protection functions such as overload, overcurrent, undervoltage and short circuit. The user-friendly operation interface includes a visual control panel and a handheld remote control box, supporting precise adjustment of the welding torch posture, with a maximum adjustment range of up to 200mm.<\/p>\n<p>We attach particular importance to the scalability of the product. The welding column boom system can be equipped with intelligent components such as flux recovery devices and real-time monitoring modules to meet the special process requirements of customers. As professional welding manipulators manufacturers, we provide full-process services from equipment selection to on-site commissioning to ensure that each tank welding manipulator can be perfectly adapted to the actual working conditions of customers.<\/p>\n<p>At present, the automatic welding manipulator product of WUXI ABK has been successfully applied to more than 200 large-scale engineering projects, including key fields such as oil storage tanks, chemical containers and power generation equipment. All the equipment complies with the requirements of international standards such as ASME and EN 1090. We look forward to cooperating with you to jointly promote the development of welding automation technology. For more product information or to obtain customized solutions, please feel free to contact our technical team at any time.<\/p>\n<p><img loading=\"lazy\" decoding=\"async\" class=\"size-full wp-image-762\" src=\"http:\/\/111.170.148.214:8095\/wp-content\/uploads\/2025\/05\/Welding-Manipulator-Axis-1.jpg\" alt=\"Welding Manipulator Axis - 1\" width=\"800\" height=\"600\" \/><\/p>\n<p>Carater\u00edsticas do Manipulador de soldadura:<br \/>\n<strong><b>Vantagem estrutural<\/b><\/strong><\/p>\n<p><strong><b>Design da calha de guia em forma de V<\/b><\/strong>-As calhas-guia em forma de V com elevada capacidade de carga s\u00e3o utilizadas tanto para os postes verticais como para os bra\u00e7os transversais.<\/p>\n<p><strong><b>Sistema de seguran\u00e7a duplo<\/b><\/strong><\/p>\n<ul>\n<li>A coluna est\u00e1 equipada com um motor de trav\u00e3o para garantir um posicionamento est\u00e1vel.<\/li>\n<li>Prote\u00e7\u00e3o contra a fratura da cavilha de seguran\u00e7a do assento guia + corrente do orif\u00edcio de seguran\u00e7a da coluna<\/li>\n<\/ul>\n<p><strong><b>Sistema de transmiss\u00e3o de precis\u00e3o<\/b><\/strong><\/p>\n<ul>\n<li>Roda de pinos cicloidal + redutor de parafuso sem-fim<\/li>\n<li>Conce\u00e7\u00e3o de lubrifica\u00e7\u00e3o totalmente estanque imersa em \u00f3leo e preven\u00e7\u00e3o de poeiras<\/li>\n<\/ul>\n<p>Controlo inteligente<\/p>\n<ul>\n<li>Conversor de regula\u00e7\u00e3o de velocidade cont\u00ednua (com dete\u00e7\u00e3o de falhas e fun\u00e7\u00e3o de alarme)<\/li>\n<li>Regulador el\u00e9trico da cruzeta do bra\u00e7o<\/li>\n<li>A base de apoio pivotante permite a soldadura s\u00edncrona de v\u00e1rias pe\u00e7as de trabalho<\/li>\n<\/ul>\n<p><img loading=\"lazy\" decoding=\"async\" class=\"size-full wp-image-763\" src=\"http:\/\/111.170.148.214:8095\/wp-content\/uploads\/2025\/05\/Welding-Manipulator-Axis-2.jpg\" alt=\"Welding Manipulator Axis - 2\" width=\"964\" height=\"543\" \/><\/p>\n<p>&nbsp;<\/p>\n<p><img loading=\"lazy\" decoding=\"async\" class=\"size-full wp-image-767\" src=\"http:\/\/111.170.148.214:8095\/wp-content\/uploads\/2025\/05\/Welding-Manipulator-Axis-6.jpg\" alt=\"Welding Manipulator Axis -6\" width=\"944\" height=\"708\" \/><\/p>\n<p><strong><b>Optional accessories<\/b><\/strong><\/p>\n<p>Flux recovery device\/monitoring system\/shelf, etc.<\/p>\n<p><strong><b>Industrial application<\/b><\/strong><\/p>\n<p>Boiler\/pressure vessel\/petrochemical\/metallurgical fields, etc., suitable for longitudinal and circumferential seam welding inside and outside the cylinder.<\/p>\n<p><strong><b>Configuration options<\/b><\/strong><\/p>\n<p>Fixed\/fixed rotary\/moving rotary<\/p>\n<p><strong><b>O<\/b><\/strong><strong><b>rking condition:<\/b><\/strong><\/p>\n<ol>\n<li>a) Height above sea level: Below 1000m<\/li>\n<li>b) Ambient condition\uff1a-5\u2103\uff5e40\u2103<\/li>\n<li>c) Ambient Operating Conditions\uff1aDate average temperature\u226425\u2103\uff0cRelative humidity in max humid month\u226490\uff05<\/li>\n<li>d) Voltage fluctuate\uff1a\u00b110\uff05\uff08Frequency is rating value\uff09<\/li>\n<li>e) Frequency fluctuate\uff1a\u2264\u00b11\uff05\uff08Voltage is rating value\uff09<\/li>\n<\/ol>\n<p><img loading=\"lazy\" decoding=\"async\" class=\"size-full wp-image-769\" src=\"http:\/\/111.170.148.214:8095\/wp-content\/uploads\/2025\/05\/Welding-Manipulator-10.jpg\" alt=\"Welding Manipulator -10\" width=\"832\" height=\"832\" \/><\/p>\n<p>Wuxi ABK Machinery Co.Ltd \u00e9 um fabricante profissional de rotador de soldadura ajust\u00e1vel na China. E tamb\u00e9m podemos fornecer aos nossos clientes em todo o mundo muitos outros produtos, incluindo rotador de soldadura especial, linha de produ\u00e7\u00e3o de torre e\u00f3lica, linha de soldadura de viga H, equipamento de soldadura de tubos, m\u00e1quina de corte CNC, m\u00e1quina de moagem, m\u00e1quina perfiladeira, m\u00e1quina de dobragem de chapa, etc. Obtivemos certifica\u00e7\u00e3o ISO e CE, e tamb\u00e9m oferecemos servi\u00e7o OEM. Nossos produtos t\u00eam sido bem recebidos pelos clientes de muitos pa\u00edses, como Espanha, \u00cdndia, Alemanha, \u00c1frica do Sul, Brasil, Chile, Argentina, R\u00fassia, It\u00e1lia, Fran\u00e7a, Vietname, e muito mais. Se voc\u00ea estiver interessado em nosso rotador de soldadura ajust\u00e1vel, n\u00e3o hesite em contactar-nos sempre que quiser.<\/p>","protected":false},"excerpt":{"rendered":"<p>Technical Parameters of Welding Manipulator (Column Boom Manipulator): Main structure Column+cross arm+guide seat+mobile trolley Composition of a complete set *\u00a0Column *\u00a0Boom *\u00a0Base *\u00a0Saddle *\u00a0Lifting system *\u00a0Extension system *\u00a0Rotation system *\u00a0Rotation lock *\u00a0Moving and rotation type *\u00a0Anti drop *\u00a0Head corner *\u00a0Carriage on Boom *\u00a0Power-slides *\u00a0Control system Motor Reducer Planetary cycloid reducer is a new type of [&hellip;]<\/p>","protected":false},"featured_media":1497,"comment_status":"open","ping_status":"closed","template":"","meta":{"_acf_changed":false},"product_brand":[],"product_cat":[71],"product_tag":[],"class_list":{"0":"post-1505","1":"product","2":"type-product","3":"status-publish","4":"has-post-thumbnail","6":"product_cat-hot-selling-product","8":"first","9":"instock","10":"shipping-taxable","11":"product-type-simple"},"acf":[],"_links":{"self":[{"href":"https:\/\/www.weldmc.com\/pt\/wp-json\/wp\/v2\/product\/1505","targetHints":{"allow":["GET"]}}],"collection":[{"href":"https:\/\/www.weldmc.com\/pt\/wp-json\/wp\/v2\/product"}],"about":[{"href":"https:\/\/www.weldmc.com\/pt\/wp-json\/wp\/v2\/types\/product"}],"replies":[{"embeddable":true,"href":"https:\/\/www.weldmc.com\/pt\/wp-json\/wp\/v2\/comments?post=1505"}],"wp:featuredmedia":[{"embeddable":true,"href":"https:\/\/www.weldmc.com\/pt\/wp-json\/wp\/v2\/media\/1497"}],"wp:attachment":[{"href":"https:\/\/www.weldmc.com\/pt\/wp-json\/wp\/v2\/media?parent=1505"}],"wp:term":[{"taxonomy":"product_brand","embeddable":true,"href":"https:\/\/www.weldmc.com\/pt\/wp-json\/wp\/v2\/product_brand?post=1505"},{"taxonomy":"product_cat","embeddable":true,"href":"https:\/\/www.weldmc.com\/pt\/wp-json\/wp\/v2\/product_cat?post=1505"},{"taxonomy":"product_tag","embeddable":true,"href":"https:\/\/www.weldmc.com\/pt\/wp-json\/wp\/v2\/product_tag?post=1505"}],"curies":[{"name":"wp","href":"https:\/\/api.w.org\/{rel}","templated":true}]}}