{"id":1371,"date":"2025-06-23T21:39:20","date_gmt":"2025-06-23T13:39:20","guid":{"rendered":"https:\/\/www.weldmc.com\/?post_type=product&#038;p=1371"},"modified":"2025-07-02T10:36:22","modified_gmt":"2025-07-02T02:36:22","slug":"maquina-de-soldar-electrogas-vertical","status":"publish","type":"product","link":"https:\/\/www.weldmc.com\/pt\/product\/maquina-de-soldar-electrogas-vertical\/","title":{"rendered":"M\u00e1quina de soldadura vertical a electrog\u00e1s"},"content":{"rendered":"<p class=\"ds-markdown-paragraph\">M\u00e1quina de solda vertical a eletrog\u00e1s WUXI ABK Introdu\u00e7\u00e3o ao produto<\/p>\n<p class=\"ds-markdown-paragraph\">Vantagens t\u00e9cnicas:<br \/>\nO nosso sistema de soldadura por electrog\u00e1s EGW representa um avan\u00e7o significativo na tecnologia de soldadura de cord\u00f5es verticais, combinando as vantagens da soldadura por electroesc\u00f3ria tradicional com processos modernos com prote\u00e7\u00e3o gasosa. O sistema apresenta a nossa fonte de calor composta de arco-esc\u00f3ria patenteada que aumenta a efici\u00eancia da soldadura at\u00e9 40% em compara\u00e7\u00e3o com os m\u00e9todos convencionais. Concebido para o fabrico \u00e0 escala industrial, este equipamento de soldadura para trabalhos pesados acomoda espessuras de material de 8 mm a 45 mm com uma qualidade de forma\u00e7\u00e3o de soldadura excecional.<\/p>\n<p class=\"ds-markdown-paragraph\">Principais especifica\u00e7\u00f5es t\u00e9cnicas:<\/p>\n<ul>\n<li>\n<p class=\"ds-markdown-paragraph\">Compatibilidade do fio de soldadura: \u00f81,6mm a \u00f82,4mm para v\u00e1rios requisitos de material<\/p>\n<\/li>\n<li>\n<p class=\"ds-markdown-paragraph\">Altura m\u00e1xima da placa aplic\u00e1vel: 3000 mm com sistema de calhas em liga de alum\u00ednio de alta resist\u00eancia<\/p>\n<\/li>\n<li>\n<p class=\"ds-markdown-paragraph\">Flexibilidade de di\u00e2metros: Capaz de soldar tanques de armazenamento com mais de \u00f86000mm<\/p>\n<\/li>\n<li>\n<p class=\"ds-markdown-paragraph\">Fun\u00e7\u00e3o de oscila\u00e7\u00e3o de precis\u00e3o: amplitude de \u00b125 mm para uma \u00f3ptima qualidade de soldadura de chapas grossas<\/p>\n<\/li>\n<li>\n<p class=\"ds-markdown-paragraph\">Op\u00e7\u00f5es de dire\u00e7\u00e3o de soldadura dupla: Configura\u00e7\u00f5es de cima para baixo e de baixo para cima<\/p>\n<\/li>\n<\/ul>\n<p class=\"ds-markdown-paragraph\">Princ\u00edpios t\u00e9cnicos:<br \/>\nO sistema EGW funciona com base num princ\u00edpio h\u00edbrido inovador que combina a estabilidade do arco da soldadura MAG com as carater\u00edsticas de penetra\u00e7\u00e3o profunda da soldadura por esc\u00f3ria el\u00e9ctrica. O ambiente de g\u00e1s de prote\u00e7\u00e3o melhora significativamente as propriedades mec\u00e2nicas do metal de solda, tornando-o particularmente eficaz para materiais especiais, incluindo:<\/p>\n<ul>\n<li>\n<p class=\"ds-markdown-paragraph\">A\u00e7os de baixa temperatura (por exemplo, aplica\u00e7\u00f5es em reservat\u00f3rios de GNL)<\/p>\n<\/li>\n<li>\n<p class=\"ds-markdown-paragraph\">A\u00e7os estruturais de alta resist\u00eancia<\/p>\n<\/li>\n<li>\n<p class=\"ds-markdown-paragraph\">Materiais para recipientes sob press\u00e3o<\/p>\n<\/li>\n<\/ul>\n<p class=\"ds-markdown-paragraph\">Modos de funcionamento:<\/p>\n<ol start=\"1\">\n<li>\n<p class=\"ds-markdown-paragraph\">Modo de baixo para cima:<br \/>\nIdeal para a constru\u00e7\u00e3o de tanques de armazenamento convencionais em que a base \u00e9 instalada primeiro. O sistema move-se para cima com o processo de soldadura, mantendo a prote\u00e7\u00e3o de g\u00e1s sobre a po\u00e7a de fus\u00e3o.<\/p>\n<\/li>\n<li>\n<p class=\"ds-markdown-paragraph\">Modo de cima para baixo:<br \/>\nEspecificamente concebido para estruturas especializadas, como tanques com teto flutuante, funcionando em calhas pr\u00e9-instaladas para m\u00e1xima estabilidade durante o processo de soldadura.<\/p>\n<\/li>\n<\/ol>\n<p class=\"ds-markdown-paragraph\">Aplica\u00e7\u00f5es do sector:<br \/>\nO sistema EGW da WUXI ABK foi implementado com sucesso em:<\/p>\n<ul>\n<li>\n<p class=\"ds-markdown-paragraph\">Parques de tanques de reservas estrat\u00e9gicas de petr\u00f3leo (soldadura por costura vertical)<\/p>\n<\/li>\n<li>\n<p class=\"ds-markdown-paragraph\">Fabrico de tanques de armazenamento criog\u00e9nico de GNL (soldadura de a\u00e7o n\u00edquel 9%)<\/p>\n<\/li>\n<li>\n<p class=\"ds-markdown-paragraph\">Constru\u00e7\u00e3o de tanques de armazenamento de produtos qu\u00edmicos<\/p>\n<\/li>\n<li>\n<p class=\"ds-markdown-paragraph\">Equipamentos de produ\u00e7\u00e3o de eletricidade (torres de dessulfura\u00e7\u00e3o, etc.)<\/p>\n<\/li>\n<li>\n<p class=\"ds-markdown-paragraph\">Fabrico de recipientes sob press\u00e3o de grande di\u00e2metro<\/p>\n<\/li>\n<\/ul>\n<p class=\"ds-markdown-paragraph\">Garantia de qualidade e apoio:<br \/>\nTodos os sistemas EGW s\u00e3o submetidos a rigorosos testes de f\u00e1brica para garantir a fiabilidade. O nosso apoio abrangente inclui:<\/p>\n<ul>\n<li>\n<p class=\"ds-markdown-paragraph\">Conce\u00e7\u00e3o de solu\u00e7\u00f5es de soldadura personalizadas<\/p>\n<\/li>\n<li>\n<p class=\"ds-markdown-paragraph\">Instala\u00e7\u00e3o e coloca\u00e7\u00e3o em funcionamento profissionais<\/p>\n<\/li>\n<li>\n<p class=\"ds-markdown-paragraph\">Programas de forma\u00e7\u00e3o de operadores<\/p>\n<\/li>\n<li>\n<p class=\"ds-markdown-paragraph\">Suporte t\u00e9cnico 24\/7<\/p>\n<\/li>\n<li>\n<p class=\"ds-markdown-paragraph\">Fornecimento r\u00e1pido de pe\u00e7as sobresselentes<\/p>\n<\/li>\n<\/ul>\n<p><img fetchpriority=\"high\" decoding=\"async\" class=\"alignnone size-full wp-image-1373\" src=\"https:\/\/www.weldmc.com\/wp-content\/uploads\/2025\/06\/Vertical-Electrogas-Welding-Machine-1.webp\" alt=\"M\u00e1quina de Soldadura Vertical a Electrog\u00e1s-1\" width=\"810\" height=\"1010\" srcset=\"https:\/\/www.weldmc.com\/wp-content\/uploads\/2025\/06\/Vertical-Electrogas-Welding-Machine-1.webp 810w, https:\/\/www.weldmc.com\/wp-content\/uploads\/2025\/06\/Vertical-Electrogas-Welding-Machine-1-241x300.webp 241w, https:\/\/www.weldmc.com\/wp-content\/uploads\/2025\/06\/Vertical-Electrogas-Welding-Machine-1-768x958.webp 768w, https:\/\/www.weldmc.com\/wp-content\/uploads\/2025\/06\/Vertical-Electrogas-Welding-Machine-1-600x748.webp 600w\" sizes=\"(max-width: 810px) 100vw, 810px\" \/> <img decoding=\"async\" class=\"alignnone size-full wp-image-1374\" src=\"https:\/\/www.weldmc.com\/wp-content\/uploads\/2025\/06\/Vertical-Electrogas-Welding-Machine-2.webp\" alt=\"M\u00e1quina de soldadura vertical a electrog\u00e1s-2\" width=\"810\" height=\"1010\" srcset=\"https:\/\/www.weldmc.com\/wp-content\/uploads\/2025\/06\/Vertical-Electrogas-Welding-Machine-2.webp 810w, https:\/\/www.weldmc.com\/wp-content\/uploads\/2025\/06\/Vertical-Electrogas-Welding-Machine-2-241x300.webp 241w, https:\/\/www.weldmc.com\/wp-content\/uploads\/2025\/06\/Vertical-Electrogas-Welding-Machine-2-768x958.webp 768w, https:\/\/www.weldmc.com\/wp-content\/uploads\/2025\/06\/Vertical-Electrogas-Welding-Machine-2-600x748.webp 600w\" sizes=\"(max-width: 810px) 100vw, 810px\" \/><\/p>\n<p>Wuxi ABK Machinery Co.Ltd \u00e9 um fabricante profissional de rotador de soldadura ajust\u00e1vel na China. E tamb\u00e9m podemos fornecer aos nossos clientes em todo o mundo muitos outros produtos, incluindo rotador de soldadura especial, linha de produ\u00e7\u00e3o de torre e\u00f3lica, linha de soldadura de viga H, equipamento de soldadura de tubos, m\u00e1quina de corte CNC, m\u00e1quina de moagem, m\u00e1quina perfiladeira, m\u00e1quina de dobragem de chapa, etc. Obtivemos certifica\u00e7\u00e3o ISO e CE, e tamb\u00e9m oferecemos servi\u00e7o OEM. Nossos produtos t\u00eam sido bem recebidos pelos clientes de muitos pa\u00edses, como Espanha, \u00cdndia, Alemanha, \u00c1frica do Sul, Brasil, Chile, Argentina, R\u00fassia, It\u00e1lia, Fran\u00e7a, Vietname, e muito mais. Se voc\u00ea estiver interessado em nosso rotador de soldadura ajust\u00e1vel, n\u00e3o hesite em contactar-nos sempre que quiser.<\/p>\n<p>&nbsp;<\/p>","protected":false},"excerpt":{"rendered":"<p>Como uma solu\u00e7\u00e3o profissional para a soldadura de juntas verticais de grandes tanques de armazenamento, a s\u00e9rie WUXI ABK EGW (Electro Gas Welder) de sistemas de soldadura autom\u00e1tica com prote\u00e7\u00e3o de g\u00e1s de esc\u00f3ria el\u00e9ctrica integra as vantagens das tecnologias avan\u00e7adas de soldadura por esc\u00f3ria el\u00e9ctrica e de soldadura com prote\u00e7\u00e3o de g\u00e1s, e foi especificamente concebida para fornecer solu\u00e7\u00f5es de soldadura eficientes para projectos de tanques de armazenamento montados no local.<\/p>","protected":false},"featured_media":1372,"comment_status":"open","ping_status":"closed","template":"","meta":{"_acf_changed":false},"product_brand":[],"product_cat":[21,64,68],"product_tag":[],"class_list":{"0":"post-1371","1":"product","2":"type-product","3":"status-publish","4":"has-post-thumbnail","6":"product_cat-welding-automation","7":"product_cat-tank-welding-equipment","8":"product_cat-vertical-electrogas-welding-machine","10":"first","11":"instock","12":"shipping-taxable","13":"product-type-simple"},"acf":[],"_links":{"self":[{"href":"https:\/\/www.weldmc.com\/pt\/wp-json\/wp\/v2\/product\/1371","targetHints":{"allow":["GET"]}}],"collection":[{"href":"https:\/\/www.weldmc.com\/pt\/wp-json\/wp\/v2\/product"}],"about":[{"href":"https:\/\/www.weldmc.com\/pt\/wp-json\/wp\/v2\/types\/product"}],"replies":[{"embeddable":true,"href":"https:\/\/www.weldmc.com\/pt\/wp-json\/wp\/v2\/comments?post=1371"}],"wp:featuredmedia":[{"embeddable":true,"href":"https:\/\/www.weldmc.com\/pt\/wp-json\/wp\/v2\/media\/1372"}],"wp:attachment":[{"href":"https:\/\/www.weldmc.com\/pt\/wp-json\/wp\/v2\/media?parent=1371"}],"wp:term":[{"taxonomy":"product_brand","embeddable":true,"href":"https:\/\/www.weldmc.com\/pt\/wp-json\/wp\/v2\/product_brand?post=1371"},{"taxonomy":"product_cat","embeddable":true,"href":"https:\/\/www.weldmc.com\/pt\/wp-json\/wp\/v2\/product_cat?post=1371"},{"taxonomy":"product_tag","embeddable":true,"href":"https:\/\/www.weldmc.com\/pt\/wp-json\/wp\/v2\/product_tag?post=1371"}],"curies":[{"name":"wp","href":"https:\/\/api.w.org\/{rel}","templated":true}]}}