{"id":1036,"date":"2025-05-25T01:36:41","date_gmt":"2025-05-24T17:36:41","guid":{"rendered":"http:\/\/111.170.148.214:8095\/?post_type=product&#038;p=1036"},"modified":"2025-10-14T14:41:21","modified_gmt":"2025-10-14T06:41:21","slug":"standard-duty-welding-rotator-80-tons","status":"publish","type":"product","link":"https:\/\/www.weldmc.com\/pt\/product\/standard-duty-welding-rotator-80-tons\/","title":{"rendered":"Rotador de soldadura para servi\u00e7o normal 80 toneladas"},"content":{"rendered":"<p><strong><b>Descri\u00e7\u00e3o do rotador de soldadura standard:<\/b><\/strong><\/p>\n<p><strong><b>Lista de par\u00e2metros da HGZ convencional<\/b><\/strong><strong><b>-80 <\/b><\/strong><strong><b>rotador de soldadura<\/b><\/strong><\/p>\n<table>\n<tbody>\n<tr>\n<td colspan=\"2\" width=\"200\">Modelo<\/td>\n<td width=\"225\">HGZ-80<\/td>\n<\/tr>\n<tr>\n<td colspan=\"2\" width=\"200\">Capacidade de carga (Ton)<\/td>\n<td width=\"225\">80<\/td>\n<\/tr>\n<tr>\n<td colspan=\"2\" width=\"200\">Di\u00e2metro adequado (mm)<\/td>\n<td width=\"225\">850-5000<\/td>\n<\/tr>\n<tr>\n<td rowspan=\"2\" width=\"79\">Tamanho da roda (mm)<\/td>\n<td width=\"121\">PU<\/td>\n<td width=\"225\">\u03a6500*120<\/td>\n<\/tr>\n<tr>\n<td width=\"121\">A\u00e7o<\/td>\n<td width=\"225\">\u03a6490*60<\/td>\n<\/tr>\n<tr>\n<td colspan=\"2\" width=\"200\">Velocidade de rota\u00e7\u00e3o (mm\/min)<\/td>\n<td width=\"225\">100-1000<\/td>\n<\/tr>\n<tr>\n<td colspan=\"2\" width=\"200\">Controlo de velocidade<\/td>\n<td width=\"225\">Magnetismo el\u00e9trico da regula\u00e7\u00e3o da convers\u00e3o de frequ\u00eancias<\/td>\n<\/tr>\n<tr>\n<td colspan=\"2\" width=\"200\">Pot\u00eancia do motor (kw)<\/td>\n<td width=\"225\">4<\/td>\n<\/tr>\n<tr>\n<td colspan=\"2\" width=\"200\">Tens\u00e3o de controlo<\/td>\n<td width=\"225\">24VAC<\/td>\n<\/tr>\n<tr>\n<td colspan=\"2\" width=\"200\">Cabo pendente<\/td>\n<td width=\"225\">10m\/Sem fios<\/td>\n<\/tr>\n<tr>\n<td colspan=\"2\" width=\"200\">Pot\u00eancia de entrada<\/td>\n<td width=\"225\">380V\/400V\/415V\/440V\/460V-3P-50Hz\/60Hz<\/td>\n<\/tr>\n<tr>\n<td colspan=\"2\" width=\"200\">Cor<\/td>\n<td width=\"225\">RAL 3003 Vermelho 9005 Preto (opcional)<\/td>\n<\/tr>\n<\/tbody>\n<\/table>\n<p><strong>Application<\/strong><\/p>\n<p>lAutomated welding of circular metal containers<\/p>\n<p>lIndustries: Oil &amp; gas | Pressure vessels | Wind towers | Pipe manufacturing<\/p>\n<p><strong>Principais vantagens<\/strong><br \/>\n\u2713\u00a0<strong>Wide Compatibility<\/strong>: Handles various diameters (customizable)<br \/>\n\u2713\u00a0<strong>Precision Control<\/strong>: Frequency conversion + stepless speed regulation (0.5-15 RPM)<br \/>\n\u2713\u00a0<strong>Certified Quality<\/strong>: CE compliant | ISO 9001 certified<br \/>\n\u2713\u00a0<strong>Global Reliability<\/strong>: Exported to 20+ countries (UK, EU, Middle East, etc.)<\/p>\n<p><strong>Performance Features<\/strong><br \/>\n\u2022 Ultra-stable rotation (&lt;0.1mm runout)<br \/>\n\u2022 Low-noise operation (&lt;65dB)<br \/>\n\u2022 User-friendly interface<\/p>\n<p><iframe title=\"Leitor de v\u00eddeo do YouTube\" src=\"https:\/\/www.youtube.com\/embed\/Z-Wloh9Aqt8?si=mFF1Cl-SgEIzGpyT\" width=\"560\" height=\"315\" frameborder=\"0\" allowfullscreen=\"allowfullscreen\"><\/iframe><\/p>\n<p><strong><b>Lista de par\u00e2metros do rotador de soldadura convencional da s\u00e9rie HGZ<\/b><\/strong><\/p>\n<p><img fetchpriority=\"high\" decoding=\"async\" class=\"alignnone wp-image-988 size-full\" src=\"https:\/\/www.weldmc.com\/wp-content\/uploads\/2025\/05\/\u56fe\u724717.png\" alt=\"Rotador de soldadura standard\" width=\"1024\" height=\"398\" srcset=\"https:\/\/www.weldmc.com\/wp-content\/uploads\/2025\/05\/\u56fe\u724717.png 1024w, https:\/\/www.weldmc.com\/wp-content\/uploads\/2025\/05\/\u56fe\u724717-300x117.png 300w, https:\/\/www.weldmc.com\/wp-content\/uploads\/2025\/05\/\u56fe\u724717-768x299.png 768w, https:\/\/www.weldmc.com\/wp-content\/uploads\/2025\/05\/\u56fe\u724717-600x233.png 600w\" sizes=\"(max-width: 1024px) 100vw, 1024px\" \/><\/p>\n<p class=\"ds-markdown-paragraph\"><strong>WUXI ABK 80-Ton Standard Welding Rotator &#8211; Industrial-Grade Rotation Solution<\/strong><\/p>\n<p class=\"ds-markdown-paragraph\">Engineered for heavy industrial applications, our\u00a0<strong>80-ton welding rotator<\/strong>\u00a0delivers exceptional performance in\u00a0<strong>fabrico de recipientes sob press\u00e3o<\/strong>,\u00a0<strong>produ\u00e7\u00e3o de torres e\u00f3licas<\/strong>e\u00a0<strong>ship component manufacturing<\/strong>. The robust\u00a0<strong>constru\u00e7\u00e3o em a\u00e7o tipo caixa<\/strong>\u00a0ensures optimal load distribution, while the\u00a0<strong>precision linear guide system<\/strong>\u00a0maintains \u00b10.1mm positioning accuracy &#8211;\u00a0<strong>40% better<\/strong>\u00a0than conventional rotators.<\/p>\n<p class=\"ds-markdown-paragraph\"><strong>Core Technical Advantages:<\/strong><\/p>\n<ul>\n<li>\n<p class=\"ds-markdown-paragraph\"><strong>High-capacity rollers<\/strong>: ZG45 cast steel (HRC 55-60) with\u00a0<strong>30-ton\/roller dynamic capacity<\/strong><\/p>\n<\/li>\n<li>\n<p class=\"ds-markdown-paragraph\"><strong>Smart drive system<\/strong>: Dual 7.5kW AC motors with\u00a0<strong>0,5-5 RPM<\/strong>\u00a0stepless control (\u00b12% torque sync)<\/p>\n<\/li>\n<li>\n<p class=\"ds-markdown-paragraph\"><strong>Anti-creep technology<\/strong>: Hydraulic elevation (\u00b150mm) with\u00a0<strong>&lt;0.5mm<\/strong>\u00a0deviation<\/p>\n<\/li>\n<li>\n<p class=\"ds-markdown-paragraph\"><strong>German precision<\/strong>: NOVO sensors (0.01mm resolution) and Siemens PLC control<\/p>\n<\/li>\n<\/ul>\n<p class=\"ds-markdown-paragraph\"><strong>Performance Benefits for Fabricators:<\/strong><br \/>\n\u2713\u00a0<strong>35% longer service life<\/strong>\u00a0through premium components<br \/>\n\u2713\u00a0<strong>50% faster adjustments<\/strong>\u00a0with quick-lock mechanisms<br \/>\n\u2713\u00a0<strong>IP65 protection<\/strong>\u00a0for harsh workshop environments<br \/>\n\u2713\u00a0<strong>Integra\u00e7\u00e3o perfeita<\/strong>\u00a0with automated welding systems<\/p>\n<p><img decoding=\"async\" class=\"alignnone wp-image-994\" src=\"https:\/\/www.weldmc.com\/wp-content\/uploads\/2025\/05\/\u56fe\u724722-1024x575.png\" alt=\"Rotador de soldadura standard\" width=\"746\" height=\"419\" srcset=\"https:\/\/www.weldmc.com\/wp-content\/uploads\/2025\/05\/\u56fe\u724722-1024x575.png 1024w, https:\/\/www.weldmc.com\/wp-content\/uploads\/2025\/05\/\u56fe\u724722-300x169.png 300w, https:\/\/www.weldmc.com\/wp-content\/uploads\/2025\/05\/\u56fe\u724722-768x432.png 768w, https:\/\/www.weldmc.com\/wp-content\/uploads\/2025\/05\/\u56fe\u724722-600x337.png 600w, https:\/\/www.weldmc.com\/wp-content\/uploads\/2025\/05\/\u56fe\u724722.png 1388w\" sizes=\"(max-width: 746px) 100vw, 746px\" \/><\/p>\n<p><img decoding=\"async\" class=\"alignnone wp-image-993 size-full\" src=\"https:\/\/www.weldmc.com\/wp-content\/uploads\/2025\/05\/\u56fe\u724721.png\" alt=\"Rotador de soldadura standard \" width=\"745\" height=\"419\" srcset=\"https:\/\/www.weldmc.com\/wp-content\/uploads\/2025\/05\/\u56fe\u724721.png 745w, https:\/\/www.weldmc.com\/wp-content\/uploads\/2025\/05\/\u56fe\u724721-300x169.png 300w, https:\/\/www.weldmc.com\/wp-content\/uploads\/2025\/05\/\u56fe\u724721-600x337.png 600w\" sizes=\"(max-width: 745px) 100vw, 745px\" \/> <img loading=\"lazy\" decoding=\"async\" class=\"alignnone wp-image-992 size-full\" src=\"https:\/\/www.weldmc.com\/wp-content\/uploads\/2025\/05\/\u56fe\u724720.png\" alt=\"Rotador de soldadura standard \" width=\"745\" height=\"419\" srcset=\"https:\/\/www.weldmc.com\/wp-content\/uploads\/2025\/05\/\u56fe\u724720.png 745w, https:\/\/www.weldmc.com\/wp-content\/uploads\/2025\/05\/\u56fe\u724720-300x169.png 300w, https:\/\/www.weldmc.com\/wp-content\/uploads\/2025\/05\/\u56fe\u724720-600x337.png 600w\" sizes=\"(max-width: 745px) 100vw, 745px\" \/><\/p>\n<p><strong>Carater\u00edsticas do Rotador de Soldadura<\/strong><\/p>\n<p>1.The rollers&#8217; distance automatically adjusts to accommodate different barrel diameters.<br \/>\n2.Speed is adjustable via a frequency control system, enhancing operational reliability.<br \/>\n3. a facilidade de utiliza\u00e7\u00e3o \u00e9 assegurada por uma caixa de controlo manual.<br \/>\n4. dispon\u00edvel em v\u00e1rias configura\u00e7\u00f5es, incluindo tipos m\u00f3veis e de eleva\u00e7\u00e3o.<br \/>\n5. uma base de rolos especialmente concebida oferece maior comodidade durante a soldadura.<br \/>\n6. os rolos podem ser fabricados a partir de uma variedade de materiais, tais como borracha preta, poliuretano e a\u00e7o.<\/p>\n<p><img loading=\"lazy\" decoding=\"async\" class=\"alignnone wp-image-991\" src=\"https:\/\/www.weldmc.com\/wp-content\/uploads\/2025\/05\/1748102710232.jpg\" alt=\"Rotador de soldadura standard\" width=\"704\" height=\"270\" srcset=\"https:\/\/www.weldmc.com\/wp-content\/uploads\/2025\/05\/1748102710232.jpg 596w, https:\/\/www.weldmc.com\/wp-content\/uploads\/2025\/05\/1748102710232-300x115.jpg 300w\" sizes=\"(max-width: 704px) 100vw, 704px\" \/><\/p>\n<p><strong><b>Manuten\u00e7\u00e3o do rotor de soldadura<\/b><\/strong><\/p>\n<p>1. Este rotador de soldadura precisa de ser limpo antes de ser utilizado. E para evitar o envelhecimento, os rolos de borracha devem ficar longe de \u00f3leos e altas temperaturas. Se poss\u00edvel, deve haver uma pessoa espec\u00edfica para operar e manter este dispositivo.<br \/>\n2. Antes do arranque, o redutor de velocidade deve estar cheio de \u00f3leo de motor 30#, o que tamb\u00e9m \u00e9 necess\u00e1rio quando a temperatura ambiente \u00e9 inferior a 0\u00baC.<br \/>\n3. O \u00f3leo no interior do redutor de velocidade deve ser completamente substitu\u00eddo ap\u00f3s o primeiro m\u00eas de utiliza\u00e7\u00e3o e, posteriormente, o \u00f3leo do motor pode ser mudado de seis em seis meses.<br \/>\n4. O leito do rolo n\u00e3o pode ser utilizado como solo de soldadura, de modo a evitar danos nos rolamentos.<br \/>\n<strong><b>Detalhes do produto<\/b><\/strong><strong><b><br \/>\n<\/b><\/strong><\/p>\n<p><img loading=\"lazy\" decoding=\"async\" class=\"alignnone wp-image-997\" src=\"https:\/\/www.weldmc.com\/wp-content\/uploads\/2025\/05\/\u56fe\u724723.png\" alt=\"Rota\u00e7\u00e3o de soldadura standard\" width=\"486\" height=\"606\" srcset=\"https:\/\/www.weldmc.com\/wp-content\/uploads\/2025\/05\/\u56fe\u724723.png 562w, https:\/\/www.weldmc.com\/wp-content\/uploads\/2025\/05\/\u56fe\u724723-241x300.png 241w\" sizes=\"(max-width: 486px) 100vw, 486px\" \/> <img loading=\"lazy\" decoding=\"async\" class=\"alignnone wp-image-987 size-full\" src=\"https:\/\/www.weldmc.com\/wp-content\/uploads\/2025\/05\/\u56fe\u724724.png\" alt=\"Rotador de soldadura standard\" width=\"486\" height=\"606\" srcset=\"https:\/\/www.weldmc.com\/wp-content\/uploads\/2025\/05\/\u56fe\u724724.png 486w, https:\/\/www.weldmc.com\/wp-content\/uploads\/2025\/05\/\u56fe\u724724-241x300.png 241w\" sizes=\"(max-width: 486px) 100vw, 486px\" \/><\/p>\n<table>\n<tbody>\n<tr>\n<td>- Conce\u00e7\u00e3o fi\u00e1vel<\/td>\n<td>- Qualidade fi\u00e1vel<\/td>\n<\/tr>\n<tr>\n<td>- Pe\u00e7as de renome<\/td>\n<td>- Controlo do inversor<\/td>\n<\/tr>\n<tr>\n<td>- Sistema de acionamento direto<\/td>\n<td>- Op\u00e7\u00e3o de desloca\u00e7\u00e3o motorizada<\/td>\n<\/tr>\n<tr>\n<td>- Desenho personalizado por encomenda<\/td>\n<td>- OEM<\/td>\n<\/tr>\n<\/tbody>\n<\/table>\n<p><strong><b>Introdu\u00e7\u00e3o \u00e0 roda<\/b><\/strong><\/p>\n<p>As rodas de poliuretano oferecem uma resist\u00eancia excecional \u00e0 abras\u00e3o, um processamento vers\u00e1til, uma ampla aplicabilidade e uma resist\u00eancia superior ao \u00f3leo, ao ozono, ao envelhecimento, \u00e0 radia\u00e7\u00e3o e a baixas temperaturas. Tamb\u00e9m proporcionam uma forte ader\u00eancia, excelente transmiss\u00e3o de som, biocompatibilidade e compatibilidade com o sangue.<\/p>\n<p><strong><b>Introdu\u00e7\u00e3o ao motor<\/b><\/strong><strong><b><br \/>\n<\/b><\/strong><b><\/b><\/p>\n<p><img loading=\"lazy\" decoding=\"async\" class=\"alignnone wp-image-820 size-full\" src=\"https:\/\/www.weldmc.com\/wp-content\/uploads\/2025\/05\/Motor-introduction.png\" alt=\"Adjustable Welding Rotator HGK-500\" width=\"695\" height=\"521\" srcset=\"https:\/\/www.weldmc.com\/wp-content\/uploads\/2025\/05\/Motor-introduction.png 695w, https:\/\/www.weldmc.com\/wp-content\/uploads\/2025\/05\/Motor-introduction-300x225.png 300w, https:\/\/www.weldmc.com\/wp-content\/uploads\/2025\/05\/Motor-introduction-600x450.png 600w\" sizes=\"(max-width: 695px) 100vw, 695px\" \/> <img loading=\"lazy\" decoding=\"async\" class=\"alignnone wp-image-818 size-full\" src=\"https:\/\/www.weldmc.com\/wp-content\/uploads\/2025\/05\/Adjustable-Welding-Rotator-HGK-5.png\" alt=\"Rota\u00e7\u00e3o de soldadura standard\" width=\"1022\" height=\"397\" srcset=\"https:\/\/www.weldmc.com\/wp-content\/uploads\/2025\/05\/Adjustable-Welding-Rotator-HGK-5.png 1022w, https:\/\/www.weldmc.com\/wp-content\/uploads\/2025\/05\/Adjustable-Welding-Rotator-HGK-5-300x117.png 300w, https:\/\/www.weldmc.com\/wp-content\/uploads\/2025\/05\/Adjustable-Welding-Rotator-HGK-5-768x298.png 768w, https:\/\/www.weldmc.com\/wp-content\/uploads\/2025\/05\/Adjustable-Welding-Rotator-HGK-5-600x233.png 600w\" sizes=\"(max-width: 1022px) 100vw, 1022px\" \/><\/p>\n<p class=\"ds-markdown-paragraph\">Com\u00a0<strong>20+ years of specialized expertise<\/strong>\u00a0em\u00a0<strong>self-aligning rotator manufacturing<\/strong>, WUXI ABK has established itself as a\u00a0<strong>leading provider of heavy-duty welding positioners<\/strong>\u00a0para\u00a0<strong>fabrico de recipientes sob press\u00e3o<\/strong>,\u00a0<strong>produ\u00e7\u00e3o de torres e\u00f3licas<\/strong>e\u00a0<strong>aplica\u00e7\u00f5es na constru\u00e7\u00e3o naval<\/strong>. O nosso\u00a0<strong>industrial-grade rotators<\/strong>\u00a0deliver unmatched performance with\u00a0<strong>load capacities from 5 to 400 tons<\/strong>, designed to meet the most demanding\u00a0<strong>automatiza\u00e7\u00e3o da soldadura<\/strong>\u00a0requirements.<\/p>\n<p class=\"ds-markdown-paragraph\"><strong>Why Choose WUXI ABK Rotators?<\/strong><\/p>\n<ul>\n<li>\n<p class=\"ds-markdown-paragraph\"><strong>Certified Quality<\/strong>: All rotators are\u00a0<strong>CE and ISO certified<\/strong>, ensuring compliance with international\u00a0<strong>welding equipment standards<\/strong><\/p>\n<\/li>\n<li>\n<p class=\"ds-markdown-paragraph\"><strong>Reliable Performance<\/strong>: Featuring\u00a0<strong>premium wear-resistant components<\/strong>\u00a0com\u00a0<strong>Garantia de 1 ano<\/strong>\u00a0e\u00a0<strong>free wearing parts replacement<\/strong><\/p>\n<\/li>\n<li>\n<p class=\"ds-markdown-paragraph\"><strong>Technical Excellence<\/strong>: Our\u00a0<strong>engineering support team<\/strong>\u00a0provides customized solutions for\u00a0<strong>projectos de grande envergadura<\/strong>\u00a0including\u00a0<strong>offshore wind turbine welding<\/strong>\u00a0e\u00a0<strong>petrochemical tank fabrication<\/strong><\/p>\n<\/li>\n<\/ul>\n<p class=\"ds-markdown-paragraph\"><strong>Innovative Welding Technology<\/strong><br \/>\nWUXI ABK integrates\u00a0<strong>advanced automation<\/strong>\u00a0e\u00a0<strong>precision control systems<\/strong>\u00a0into every rotator:<br \/>\n\u2713\u00a0<strong>Self-aligning roller technology<\/strong>\u00a0for perfect workpiece centering<br \/>\n\u2713\u00a0<strong>Constru\u00e7\u00e3o resistente<\/strong>\u00a0com\u00a0<strong>400-ton maximum capacity<\/strong><br \/>\n\u2713\u00a0<strong>Smart interface compatibility<\/strong>\u00a0for seamless\u00a0<strong>welding cell integration<\/strong><\/p>\n<p><img decoding=\"async\" src=\"https:\/\/www.weldmc.com\/wp-content\/uploads\/2025\/05\/Roller-frame-product-certificate.png\" alt=\"Certificado de produto do quadro de rolos\" \/><\/p>\n<p>Wuxi ABK Machinery Co.Ltd \u00e9 um fabricante profissional de rotador de soldadura na China. E o nosso rotador de soldadura inclui principalmente rotador de soldadura padr\u00e3o, rotador de soldadura ajust\u00e1vel, e rotador de soldadura especial. N\u00f3s tamb\u00e9m podemos fornecer aos nossos clientes em todo o mundo muitos outros produtos, incluindo mesa girat\u00f3ria de solda, m\u00e1quina de solda de estaca, linha de produ\u00e7\u00e3o de torre e\u00f3lica, linha de solda de viga H, equipamento de solda de tubo, m\u00e1quina de corte CNC, m\u00e1quina de moagem, m\u00e1quina perfiladeira, m\u00e1quina dobradeira de placa, etc. N\u00f3s obtivemos certifica\u00e7\u00e3o ISO e CE, e tamb\u00e9m oferecemos servi\u00e7o OEM.<\/p>","protected":false},"excerpt":{"rendered":"<p><strong>Rotador de Soldadura WUXI ABK 80-Ton<\/strong>\u00a0oferece rota\u00e7\u00e3o de precis\u00e3o para aplica\u00e7\u00f5es industriais pesadas. Com motores duplos de 7,5 kW (0,5-5 RPM) e rolos de liga ZG45 (HRC 55-60), garante uma precis\u00e3o de \u00b10,1 mm para vasos de press\u00e3o, torres e\u00f3licas e componentes de navios. O sistema inteligente anti-creep (&lt;0,5mm de desvio) e o controlo Siemens PLC garantem um desempenho fi\u00e1vel. Certifica\u00e7\u00e3o CE\/ISO com garantia de 18 meses. Ideal para fabrico exigente com capacidade de 80 toneladas.<\/p>","protected":false},"featured_media":1855,"comment_status":"open","ping_status":"closed","template":"","meta":{"_acf_changed":false},"product_brand":[],"product_cat":[21,42,30],"product_tag":[],"class_list":{"0":"post-1036","1":"product","2":"type-product","3":"status-publish","4":"has-post-thumbnail","6":"product_cat-welding-automation","7":"product_cat-standard-welding-rotator","8":"product_cat-welding-rotator","10":"first","11":"instock","12":"shipping-taxable","13":"product-type-simple"},"acf":[],"_links":{"self":[{"href":"https:\/\/www.weldmc.com\/pt\/wp-json\/wp\/v2\/product\/1036","targetHints":{"allow":["GET"]}}],"collection":[{"href":"https:\/\/www.weldmc.com\/pt\/wp-json\/wp\/v2\/product"}],"about":[{"href":"https:\/\/www.weldmc.com\/pt\/wp-json\/wp\/v2\/types\/product"}],"replies":[{"embeddable":true,"href":"https:\/\/www.weldmc.com\/pt\/wp-json\/wp\/v2\/comments?post=1036"}],"wp:featuredmedia":[{"embeddable":true,"href":"https:\/\/www.weldmc.com\/pt\/wp-json\/wp\/v2\/media\/1855"}],"wp:attachment":[{"href":"https:\/\/www.weldmc.com\/pt\/wp-json\/wp\/v2\/media?parent=1036"}],"wp:term":[{"taxonomy":"product_brand","embeddable":true,"href":"https:\/\/www.weldmc.com\/pt\/wp-json\/wp\/v2\/product_brand?post=1036"},{"taxonomy":"product_cat","embeddable":true,"href":"https:\/\/www.weldmc.com\/pt\/wp-json\/wp\/v2\/product_cat?post=1036"},{"taxonomy":"product_tag","embeddable":true,"href":"https:\/\/www.weldmc.com\/pt\/wp-json\/wp\/v2\/product_tag?post=1036"}],"curies":[{"name":"wp","href":"https:\/\/api.w.org\/{rel}","templated":true}]}}