{"id":1029,"date":"2025-05-25T01:20:24","date_gmt":"2025-05-24T17:20:24","guid":{"rendered":"http:\/\/111.170.148.214:8095\/?post_type=product&#038;p=1029"},"modified":"2025-10-14T14:43:33","modified_gmt":"2025-10-14T06:43:33","slug":"rotador-de-soldadura-standard-convencional-50-toneladas","status":"publish","type":"product","link":"https:\/\/www.weldmc.com\/pt\/product\/rotador-de-soldadura-standard-convencional-50-toneladas\/","title":{"rendered":"Rotador de soldadura standard convencional 50 toneladas"},"content":{"rendered":"<p><strong><b>Descri\u00e7\u00e3o do rotador de soldadura standard:<\/b><\/strong><\/p>\n<p><strong><b>Lista de par\u00e2metros da HGZ convencional<\/b><\/strong><strong><b>-50 <\/b><\/strong><strong><b>rotador de soldadura<\/b><\/strong><\/p>\n<table>\n<tbody>\n<tr>\n<td colspan=\"2\" width=\"200\">Modelo<\/td>\n<td width=\"225\">HGZ-50<\/td>\n<\/tr>\n<tr>\n<td colspan=\"2\" width=\"200\">Capacidade de carga (Ton)<\/td>\n<td width=\"225\">50<\/td>\n<\/tr>\n<tr>\n<td colspan=\"2\" width=\"200\">Di\u00e2metro adequado (mm)<\/td>\n<td width=\"225\">750-4500<\/td>\n<\/tr>\n<tr>\n<td rowspan=\"2\" width=\"79\">Tamanho da roda (mm)<\/td>\n<td width=\"121\">PU<\/td>\n<td width=\"225\">\u03a6400*120<\/td>\n<\/tr>\n<tr>\n<td width=\"121\">A\u00e7o<\/td>\n<td width=\"225\">\u03a6390*40<\/td>\n<\/tr>\n<tr>\n<td colspan=\"2\" width=\"200\">Velocidade de rota\u00e7\u00e3o (mm\/min)<\/td>\n<td width=\"225\">100-1000<\/td>\n<\/tr>\n<tr>\n<td colspan=\"2\" width=\"200\">Controlo de velocidade<\/td>\n<td width=\"225\">Magnetismo el\u00e9trico da regula\u00e7\u00e3o da convers\u00e3o de frequ\u00eancias<\/td>\n<\/tr>\n<tr>\n<td colspan=\"2\" width=\"200\">Pot\u00eancia do motor (kw)<\/td>\n<td width=\"225\">4<\/td>\n<\/tr>\n<tr>\n<td colspan=\"2\" width=\"200\">Tens\u00e3o de controlo<\/td>\n<td width=\"225\">24VAC<\/td>\n<\/tr>\n<tr>\n<td colspan=\"2\" width=\"200\">Cabo pendente<\/td>\n<td width=\"225\">10m\/Sem fios<\/td>\n<\/tr>\n<tr>\n<td colspan=\"2\" width=\"200\">Pot\u00eancia de entrada<\/td>\n<td width=\"225\">380V\/400V\/415V\/440V\/460V-3P-50Hz\/60Hz<\/td>\n<\/tr>\n<tr>\n<td colspan=\"2\" width=\"200\">Cor<\/td>\n<td width=\"225\">RAL 3003 Vermelho 9005 Preto (opcional)<\/td>\n<\/tr>\n<\/tbody>\n<\/table>\n<p class=\"ds-markdown-paragraph\">O Rotator de Soldadura WUXI ABK 50-Ton foi concebido para soldadura automatizada de precis\u00e3o de recipientes de metal circulares em ind\u00fastrias cr\u00edticas. Este rotador de n\u00edvel industrial destaca-se em infra-estruturas de petr\u00f3leo e g\u00e1s, fabrico de vasos de press\u00e3o, produ\u00e7\u00e3o de torres e\u00f3licas e aplica\u00e7\u00f5es de fabrico de tubos de grande di\u00e2metro.<\/p>\n<p class=\"ds-markdown-paragraph\">O nosso rotador de soldadura proporciona um desempenho excecional atrav\u00e9s do seu avan\u00e7ado sistema de acionamento de convers\u00e3o de frequ\u00eancia, oferecendo uma regula\u00e7\u00e3o de velocidade cont\u00ednua de 0,5 a 15 RPM para um controlo ideal do processo. A constru\u00e7\u00e3o robusta garante uma rota\u00e7\u00e3o ultra-est\u00e1vel com menos de 0,1 mm de excentricidade, enquanto funciona a n\u00edveis silenciosos abaixo dos 65 dB para melhorar os ambientes de oficina.<\/p>\n<p class=\"ds-markdown-paragraph\">As principais vantagens deste posicionador para trabalhos pesados incluem<br \/>\nConfigura\u00e7\u00f5es de rolos personaliz\u00e1veis para v\u00e1rios di\u00e2metros<br \/>\nGarantia de qualidade com certifica\u00e7\u00e3o CE e ISO 9001<br \/>\nFiabilidade global comprovada com instala\u00e7\u00f5es em mais de 20 pa\u00edses<br \/>\nInterface de utilizador intuitiva para um funcionamento sem problemas<\/p>\n<p class=\"ds-markdown-paragraph\">A engenharia de precis\u00e3o do sistema torna-o particularmente valioso para:<\/p>\n<ul>\n<li>\n<p class=\"ds-markdown-paragraph\">Soldadura por circunfer\u00eancia de tanques de armazenamento em refinarias de petr\u00f3leo<\/p>\n<\/li>\n<li>\n<p class=\"ds-markdown-paragraph\">Fabrico de componentes de turbinas e\u00f3licas<\/p>\n<\/li>\n<li>\n<p class=\"ds-markdown-paragraph\">Fabrico de equipamento de processamento para f\u00e1bricas de produtos qu\u00edmicos<\/p>\n<\/li>\n<li>\n<p class=\"ds-markdown-paragraph\">Produ\u00e7\u00e3o de condutas de transporte de grande di\u00e2metro<\/p>\n<\/li>\n<\/ul>\n<p><iframe title=\"Leitor de v\u00eddeo do YouTube\" src=\"https:\/\/www.youtube.com\/embed\/Z-Wloh9Aqt8?si=mFF1Cl-SgEIzGpyT\" width=\"560\" height=\"315\" frameborder=\"0\" allowfullscreen=\"allowfullscreen\"><\/iframe><\/p>\n<p><strong><b>Lista de par\u00e2metros do rotador de soldadura convencional da s\u00e9rie HGZ<\/b><\/strong><\/p>\n<p><img fetchpriority=\"high\" decoding=\"async\" class=\"alignnone wp-image-988 size-full\" src=\"https:\/\/www.weldmc.com\/wp-content\/uploads\/2025\/05\/\u56fe\u724717.png\" alt=\"Rotador de soldadura standard HGZ-50\" width=\"1024\" height=\"398\" srcset=\"https:\/\/www.weldmc.com\/wp-content\/uploads\/2025\/05\/\u56fe\u724717.png 1024w, https:\/\/www.weldmc.com\/wp-content\/uploads\/2025\/05\/\u56fe\u724717-300x117.png 300w, https:\/\/www.weldmc.com\/wp-content\/uploads\/2025\/05\/\u56fe\u724717-768x299.png 768w, https:\/\/www.weldmc.com\/wp-content\/uploads\/2025\/05\/\u56fe\u724717-600x233.png 600w\" sizes=\"(max-width: 1024px) 100vw, 1024px\" \/><\/p>\n<p class=\"ds-markdown-paragraph\">O WUXI ABK 50-Ton Standard Welding Rotator incorpora engenharia avan\u00e7ada para aplica\u00e7\u00f5es industriais de precis\u00e3o. O sistema apresenta uma constru\u00e7\u00e3o de estrutura de a\u00e7o tipo caixa resistente que garante uma distribui\u00e7\u00e3o de carga \u00f3ptima, combinada com um sistema de movimento de guia linear de precis\u00e3o que atinge \u00b10,1 mm de precis\u00e3o de posicionamento. Um mecanismo de bloqueio r\u00e1pido proporciona uma fixa\u00e7\u00e3o r\u00edgida durante o funcionamento.<\/p>\n<p class=\"ds-markdown-paragraph\">Os principais componentes t\u00e9cnicos incluem:<\/p>\n<ul>\n<li>\n<p class=\"ds-markdown-paragraph\">Rolos de a\u00e7o fundido ZG45 de alto desempenho com grau de dureza HRC 55-60<\/p>\n<\/li>\n<li>\n<p class=\"ds-markdown-paragraph\">Motores AC duplos de 7,5 kW com redutor para uma transmiss\u00e3o de pot\u00eancia fi\u00e1vel<\/p>\n<\/li>\n<li>\n<p class=\"ds-markdown-paragraph\">Regula\u00e7\u00e3o da velocidade controlada por conversor de frequ\u00eancia (gama de 0,5-5 RPM)<\/p>\n<\/li>\n<li>\n<p class=\"ds-markdown-paragraph\">Sistema hidr\u00e1ulico de ajuste de eleva\u00e7\u00e3o (\u00b150mm de alcance)<\/p>\n<\/li>\n<li>\n<p class=\"ds-markdown-paragraph\">Sensores de deslocamento NOVO de fabrico alem\u00e3o (resolu\u00e7\u00e3o de 0,01 mm)<\/p>\n<\/li>\n<\/ul>\n<p class=\"ds-markdown-paragraph\">O sistema de controlo inteligente utiliza a tecnologia PLC da Siemens\/ABB com grau de prote\u00e7\u00e3o IP65, apresentando:<br \/>\n\u2713 \u00b12% precis\u00e3o de sincroniza\u00e7\u00e3o do bin\u00e1rio<br \/>\nInterface de monitoriza\u00e7\u00e3o do movimento axial<br \/>\nAlinhamento autom\u00e1tico da linha central<br \/>\nPrecis\u00e3o de preven\u00e7\u00e3o de flu\u00eancia &lt;0,5 mm<\/p>\n<p class=\"ds-markdown-paragraph\">As vantagens de desempenho incluem 40% maior precis\u00e3o de posicionamento, 35% maior vida \u00fatil dos componentes e 50% opera\u00e7\u00f5es de ajuste mais r\u00e1pidas em compara\u00e7\u00e3o com os rotadores de soldadura convencionais. A medi\u00e7\u00e3o da linearidade de \u00b10,05% do sistema garante um desempenho consistente para aplica\u00e7\u00f5es de soldadura de precis\u00e3o.<\/p>\n<p><img decoding=\"async\" class=\"alignnone wp-image-990 size-full\" src=\"https:\/\/www.weldmc.com\/wp-content\/uploads\/2025\/05\/\u56fe\u724719.png\" alt=\"Rotador de soldadura standard HGZ-50\" width=\"638\" height=\"360\" srcset=\"https:\/\/www.weldmc.com\/wp-content\/uploads\/2025\/05\/\u56fe\u724719.png 638w, https:\/\/www.weldmc.com\/wp-content\/uploads\/2025\/05\/\u56fe\u724719-300x169.png 300w, https:\/\/www.weldmc.com\/wp-content\/uploads\/2025\/05\/\u56fe\u724719-600x339.png 600w\" sizes=\"(max-width: 638px) 100vw, 638px\" \/> <img decoding=\"async\" class=\"alignnone wp-image-989 size-full\" src=\"https:\/\/www.weldmc.com\/wp-content\/uploads\/2025\/05\/\u56fe\u724718.png\" alt=\"Rotador de soldadura standard HGZ-50\" width=\"636\" height=\"476\" srcset=\"https:\/\/www.weldmc.com\/wp-content\/uploads\/2025\/05\/\u56fe\u724718.png 636w, https:\/\/www.weldmc.com\/wp-content\/uploads\/2025\/05\/\u56fe\u724718-300x225.png 300w, https:\/\/www.weldmc.com\/wp-content\/uploads\/2025\/05\/\u56fe\u724718-600x449.png 600w\" sizes=\"(max-width: 636px) 100vw, 636px\" \/><\/p>\n<p><strong>Carater\u00edsticas do Rotador de Soldadura<\/strong><\/p>\n<ol>\n<li>A dist\u00e2ncia dos rolos ajusta-se automaticamente para se adaptar a diferentes di\u00e2metros de barril.<br \/>\nA velocidade \u00e9 ajust\u00e1vel atrav\u00e9s de um sistema de controlo de frequ\u00eancia, aumentando a fiabilidade operacional.<br \/>\n3. a facilidade de utiliza\u00e7\u00e3o \u00e9 assegurada por uma caixa de controlo manual.<br \/>\n4. dispon\u00edvel em v\u00e1rias configura\u00e7\u00f5es, incluindo tipos m\u00f3veis e de eleva\u00e7\u00e3o.<br \/>\n5. uma base de rolos especialmente concebida oferece maior comodidade durante a soldadura.<br \/>\n6. os rolos podem ser fabricados a partir de uma variedade de materiais, tais como borracha preta, poliuretano e a\u00e7o.<\/li>\n<\/ol>\n<p><img loading=\"lazy\" decoding=\"async\" class=\"alignnone wp-image-991 size-full\" src=\"https:\/\/www.weldmc.com\/wp-content\/uploads\/2025\/05\/1748102710232.jpg\" alt=\"Rotador de soldadura standard HGZ-50\" width=\"596\" height=\"228\" srcset=\"https:\/\/www.weldmc.com\/wp-content\/uploads\/2025\/05\/1748102710232.jpg 596w, https:\/\/www.weldmc.com\/wp-content\/uploads\/2025\/05\/1748102710232-300x115.jpg 300w\" sizes=\"(max-width: 596px) 100vw, 596px\" \/><\/p>\n<p><strong><b>Manuten\u00e7\u00e3o do rotor de soldadura<\/b><\/strong><\/p>\n<p>1. Este rotador de soldadura precisa de ser limpo antes de ser utilizado. E para evitar o envelhecimento, os rolos de borracha devem ficar longe de \u00f3leos e altas temperaturas. Se poss\u00edvel, deve haver uma pessoa espec\u00edfica para operar e manter este dispositivo.<br \/>\n2. Antes do arranque, o redutor de velocidade deve estar cheio de \u00f3leo de motor 30#, o que tamb\u00e9m \u00e9 necess\u00e1rio quando a temperatura ambiente \u00e9 inferior a 0\u00baC.<br \/>\n3. O \u00f3leo no interior do redutor de velocidade deve ser completamente substitu\u00eddo ap\u00f3s o primeiro m\u00eas de utiliza\u00e7\u00e3o e, posteriormente, o \u00f3leo do motor pode ser mudado de seis em seis meses.<br \/>\n4. O leito do rolo n\u00e3o pode ser utilizado como solo de soldadura, de modo a evitar danos nos rolamentos.<\/p>\n<p><img loading=\"lazy\" decoding=\"async\" class=\"wp-image-994\" src=\"https:\/\/www.weldmc.com\/wp-content\/uploads\/2025\/05\/\u56fe\u724722-1024x575.png\" alt=\"Rotador de soldadura standard\" width=\"744\" height=\"418\" srcset=\"https:\/\/www.weldmc.com\/wp-content\/uploads\/2025\/05\/\u56fe\u724722-1024x575.png 1024w, https:\/\/www.weldmc.com\/wp-content\/uploads\/2025\/05\/\u56fe\u724722-300x169.png 300w, https:\/\/www.weldmc.com\/wp-content\/uploads\/2025\/05\/\u56fe\u724722-768x432.png 768w, https:\/\/www.weldmc.com\/wp-content\/uploads\/2025\/05\/\u56fe\u724722-600x337.png 600w, https:\/\/www.weldmc.com\/wp-content\/uploads\/2025\/05\/\u56fe\u724722.png 1388w\" sizes=\"(max-width: 744px) 100vw, 744px\" \/><\/p>\n<p><img loading=\"lazy\" decoding=\"async\" class=\"alignnone wp-image-992 size-full\" src=\"https:\/\/www.weldmc.com\/wp-content\/uploads\/2025\/05\/\u56fe\u724720.png\" alt=\"Rotador de soldadura standard HGZ-50\" width=\"745\" height=\"419\" srcset=\"https:\/\/www.weldmc.com\/wp-content\/uploads\/2025\/05\/\u56fe\u724720.png 745w, https:\/\/www.weldmc.com\/wp-content\/uploads\/2025\/05\/\u56fe\u724720-300x169.png 300w, https:\/\/www.weldmc.com\/wp-content\/uploads\/2025\/05\/\u56fe\u724720-600x337.png 600w\" sizes=\"(max-width: 745px) 100vw, 745px\" \/> <img loading=\"lazy\" decoding=\"async\" class=\"alignnone wp-image-993 size-full\" src=\"https:\/\/www.weldmc.com\/wp-content\/uploads\/2025\/05\/\u56fe\u724721.png\" alt=\"Rotador de soldadura standard HGZ-50\" width=\"745\" height=\"419\" srcset=\"https:\/\/www.weldmc.com\/wp-content\/uploads\/2025\/05\/\u56fe\u724721.png 745w, https:\/\/www.weldmc.com\/wp-content\/uploads\/2025\/05\/\u56fe\u724721-300x169.png 300w, https:\/\/www.weldmc.com\/wp-content\/uploads\/2025\/05\/\u56fe\u724721-600x337.png 600w\" sizes=\"(max-width: 745px) 100vw, 745px\" \/><\/p>\n<table>\n<tbody>\n<tr>\n<td>- Conce\u00e7\u00e3o fi\u00e1vel<\/td>\n<td>- Qualidade fi\u00e1vel<\/td>\n<\/tr>\n<tr>\n<td>- Pe\u00e7as de renome<\/td>\n<td>- Controlo do inversor<\/td>\n<\/tr>\n<tr>\n<td>- Sistema de acionamento direto<\/td>\n<td>- Op\u00e7\u00e3o de desloca\u00e7\u00e3o motorizada<\/td>\n<\/tr>\n<tr>\n<td>- Desenho personalizado por encomenda<\/td>\n<td>- OEM<\/td>\n<\/tr>\n<\/tbody>\n<\/table>\n<p><strong><b>Introdu\u00e7\u00e3o \u00e0 roda<\/b><\/strong><\/p>\n<p>As rodas de poliuretano oferecem uma resist\u00eancia excecional \u00e0 abras\u00e3o, um processamento vers\u00e1til, uma ampla aplicabilidade e uma resist\u00eancia superior ao \u00f3leo, ao ozono, ao envelhecimento, \u00e0 radia\u00e7\u00e3o e a baixas temperaturas. Tamb\u00e9m proporcionam uma forte ader\u00eancia, excelente transmiss\u00e3o de som, biocompatibilidade e compatibilidade com o sangue.<\/p>\n<p><img loading=\"lazy\" decoding=\"async\" class=\"wp-image-987 size-medium\" src=\"https:\/\/www.weldmc.com\/wp-content\/uploads\/2025\/05\/\u56fe\u724724-241x300.png\" alt=\"Rotador de soldadura standard\" width=\"241\" height=\"300\" srcset=\"https:\/\/www.weldmc.com\/wp-content\/uploads\/2025\/05\/\u56fe\u724724-241x300.png 241w, https:\/\/www.weldmc.com\/wp-content\/uploads\/2025\/05\/\u56fe\u724724.png 486w\" sizes=\"(max-width: 241px) 100vw, 241px\" \/><\/p>\n<p><img loading=\"lazy\" decoding=\"async\" class=\"alignnone wp-image-997 size-medium\" src=\"https:\/\/www.weldmc.com\/wp-content\/uploads\/2025\/05\/\u56fe\u724723-241x300.png\" alt=\"Rota\u00e7\u00e3o de soldadura standard\" width=\"241\" height=\"300\" srcset=\"https:\/\/www.weldmc.com\/wp-content\/uploads\/2025\/05\/\u56fe\u724723-241x300.png 241w, https:\/\/www.weldmc.com\/wp-content\/uploads\/2025\/05\/\u56fe\u724723.png 562w\" sizes=\"(max-width: 241px) 100vw, 241px\" \/><\/p>\n<p><strong><b>Introdu\u00e7\u00e3o ao motor<\/b><\/strong><strong><b><br \/>\n<\/b><\/strong><b><\/b><\/p>\n<p><img loading=\"lazy\" decoding=\"async\" class=\"\" src=\"https:\/\/www.weldmc.com\/wp-content\/uploads\/2025\/05\/Motor-introduction-1.png\" alt=\"rotador de soldadura\" width=\"715\" height=\"536\" \/><img decoding=\"async\" src=\"https:\/\/www.weldmc.com\/wp-content\/uploads\/2025\/05\/Adjustable-Welding-Rotator-HGK-5-1.png\" alt=\"Rotador de soldadura\" \/><\/p>\n<p>&nbsp;<\/p>\n<p><strong><b>Fabricante de rotores de alta qualidade<\/b><\/strong><\/p>\n<p>1. com mais de 20 anos de experi\u00eancia especializada no fabrico de rotores auto-alinhadores.<br \/>\n2. nossos produtos apresentam uma capacidade de carga que varia de 5 toneladas a 400 toneladas.<br \/>\n3. fornecemos as certifica\u00e7\u00f5es CE e ISO, assegurando o cumprimento de sub-regulamentos rigorosos. Adicionalmente.<br \/>\n4. oferecemos uma garantia de um ano e pe\u00e7as de desgaste gratuitas.<br \/>\n5. a nossa equipa t\u00e9cnica altamente qualificada dedica-se a apoi\u00e1-lo e aos seus projectos de grande escala, como a soldadura de turbinas e\u00f3licas.<\/p>\n<p><strong><b>Certifica\u00e7\u00e3o de produtos<\/b><\/strong><\/p>\n<p>Entre no futuro da tecnologia de soldadura com as nossas solu\u00e7\u00f5es de ponta.<br \/>\nDesde processos automatizados a controlos intuitivos, os nossos produtos est\u00e3o na vanguarda da inova\u00e7\u00e3o, fornecendo-lhe as ferramentas de que necessita para se manter na vanguarda do mercado competitivo atual!<\/p>\n<p><img decoding=\"async\" src=\"https:\/\/www.weldmc.com\/wp-content\/uploads\/2025\/05\/Roller-frame-product-certificate.png\" alt=\"Certificado de produto do quadro de rolos\" \/><\/p>\n<p>Wuxi ABK Machinery Co.Ltd \u00e9 um fabricante profissional de rotador de soldadura na China. E o nosso rotador de soldadura inclui principalmente rotador de soldadura padr\u00e3o, rotador de soldadura ajust\u00e1vel, e rotador de soldadura especial. N\u00f3s tamb\u00e9m podemos fornecer aos nossos clientes em todo o mundo muitos outros produtos, incluindo mesa girat\u00f3ria de solda, m\u00e1quina de solda de estaca, linha de produ\u00e7\u00e3o de torre e\u00f3lica, linha de solda de viga H, equipamento de solda de tubo, m\u00e1quina de corte CNC, m\u00e1quina de moagem, m\u00e1quina perfiladeira, m\u00e1quina dobradeira de placa, etc. N\u00f3s obtivemos certifica\u00e7\u00e3o ISO e CE, e tamb\u00e9m oferecemos servi\u00e7o OEM.<\/p>","protected":false},"excerpt":{"rendered":"<p><strong>Rotador de soldadura de 50 toneladas WUXI ABK<\/strong>\u00a0\u00e9 uma solu\u00e7\u00e3o industrial para trabalhos pesados de rota\u00e7\u00e3o de precis\u00e3o no fabrico de recipientes sob press\u00e3o e de a\u00e7o estrutural. Com motores duplos de 7,5 kW (0,5-5 RPM) e rolos de liga ZG45 (HRC 55-60), assegura uma precis\u00e3o de \u00b10,1 mm com controlo hidr\u00e1ulico anti-creep (&lt;0,5 mm de desvio). O sistema PLC Siemens e os sensores NOVO (resolu\u00e7\u00e3o de 0,01mm) garantem um desempenho fi\u00e1vel. Com certifica\u00e7\u00e3o CE\/ISO e garantia de 18 meses, este robusto rotador oferece uma precis\u00e3o 40% superior \u00e0 dos modelos convencionais.<\/p>","protected":false},"featured_media":1862,"comment_status":"open","ping_status":"closed","template":"","meta":{"_acf_changed":false},"product_brand":[],"product_cat":[21,42,30],"product_tag":[],"class_list":{"0":"post-1029","1":"product","2":"type-product","3":"status-publish","4":"has-post-thumbnail","6":"product_cat-welding-automation","7":"product_cat-standard-welding-rotator","8":"product_cat-welding-rotator","10":"first","11":"instock","12":"shipping-taxable","13":"product-type-simple"},"acf":[],"_links":{"self":[{"href":"https:\/\/www.weldmc.com\/pt\/wp-json\/wp\/v2\/product\/1029","targetHints":{"allow":["GET"]}}],"collection":[{"href":"https:\/\/www.weldmc.com\/pt\/wp-json\/wp\/v2\/product"}],"about":[{"href":"https:\/\/www.weldmc.com\/pt\/wp-json\/wp\/v2\/types\/product"}],"replies":[{"embeddable":true,"href":"https:\/\/www.weldmc.com\/pt\/wp-json\/wp\/v2\/comments?post=1029"}],"wp:featuredmedia":[{"embeddable":true,"href":"https:\/\/www.weldmc.com\/pt\/wp-json\/wp\/v2\/media\/1862"}],"wp:attachment":[{"href":"https:\/\/www.weldmc.com\/pt\/wp-json\/wp\/v2\/media?parent=1029"}],"wp:term":[{"taxonomy":"product_brand","embeddable":true,"href":"https:\/\/www.weldmc.com\/pt\/wp-json\/wp\/v2\/product_brand?post=1029"},{"taxonomy":"product_cat","embeddable":true,"href":"https:\/\/www.weldmc.com\/pt\/wp-json\/wp\/v2\/product_cat?post=1029"},{"taxonomy":"product_tag","embeddable":true,"href":"https:\/\/www.weldmc.com\/pt\/wp-json\/wp\/v2\/product_tag?post=1029"}],"curies":[{"name":"wp","href":"https:\/\/api.w.org\/{rel}","templated":true}]}}