{"id":1002,"date":"2025-05-25T00:36:30","date_gmt":"2025-05-24T16:36:30","guid":{"rendered":"http:\/\/111.170.148.214:8095\/?post_type=product&#038;p=1002"},"modified":"2025-10-14T14:45:38","modified_gmt":"2025-10-14T06:45:38","slug":"standard-pipe-welding-rotator-10-tons","status":"publish","type":"product","link":"https:\/\/www.weldmc.com\/pt\/product\/standard-pipe-welding-rotator-10-tons\/","title":{"rendered":"Rotador de soldadura de tubos standard 10 toneladas"},"content":{"rendered":"<p><strong><b>Descri\u00e7\u00e3o do rotador de soldadura standard:<\/b><\/strong><\/p>\n<p><strong><b>Lista de par\u00e2metros da HGZ convencional<\/b><\/strong><strong><b>-10<\/b><\/strong><strong><b>\u00a0rotador de soldadura<\/b><\/strong><\/p>\n<table>\n<tbody>\n<tr>\n<td colspan=\"2\" width=\"200\">Modelo<\/td>\n<td width=\"225\">HGZ-10<\/td>\n<\/tr>\n<tr>\n<td colspan=\"2\" width=\"200\">Capacidade de carga (Ton)<\/td>\n<td width=\"225\">10<\/td>\n<\/tr>\n<tr>\n<td colspan=\"2\" width=\"200\">Di\u00e2metro adequado (mm)<\/td>\n<td width=\"225\">320-2800<\/td>\n<\/tr>\n<tr>\n<td rowspan=\"2\" width=\"79\">Tamanho da roda (mm)<\/td>\n<td width=\"121\">PU<\/td>\n<td width=\"225\">\u03a6300*120<\/td>\n<\/tr>\n<tr>\n<td width=\"121\">A\u00e7o<\/td>\n<td width=\"225\">\u03a6290*25<\/td>\n<\/tr>\n<tr>\n<td colspan=\"2\" width=\"200\">Velocidade de rota\u00e7\u00e3o (mm\/min)<\/td>\n<td width=\"225\">100-1000<\/td>\n<\/tr>\n<tr>\n<td colspan=\"2\" width=\"200\">Controlo de velocidade<\/td>\n<td width=\"225\">Magnetismo el\u00e9trico da regula\u00e7\u00e3o da convers\u00e3o de frequ\u00eancias<\/td>\n<\/tr>\n<tr>\n<td colspan=\"2\" width=\"200\">Pot\u00eancia do motor (kw)<\/td>\n<td width=\"225\">1.1<\/td>\n<\/tr>\n<tr>\n<td colspan=\"2\" width=\"200\">Tens\u00e3o de controlo<\/td>\n<td width=\"225\">24VAC<\/td>\n<\/tr>\n<tr>\n<td colspan=\"2\" width=\"200\">Cabo pendente<\/td>\n<td width=\"225\">10m\/Sem fios<\/td>\n<\/tr>\n<tr>\n<td colspan=\"2\" width=\"200\">Pot\u00eancia de entrada<\/td>\n<td width=\"225\">380V\/400V\/415V\/440V\/460V-3P-50Hz\/60Hz<\/td>\n<\/tr>\n<tr>\n<td colspan=\"2\" width=\"200\">Cor<\/td>\n<td width=\"225\">RAL 3003 Vermelho 9005 Preto (opcional)<\/td>\n<\/tr>\n<\/tbody>\n<\/table>\n<p class=\"ds-markdown-paragraph\">Designed for\u00a0<strong>soldadura automatizada de recipientes met\u00e1licos circulares<\/strong>, este\u00a0<strong>industrial welding rotator<\/strong>\u00a0excels in\u00a0<strong>oleodutos e gasodutos<\/strong>,\u00a0<strong>fabrico de recipientes sob press\u00e3o<\/strong>,\u00a0<strong>produ\u00e7\u00e3o de torres e\u00f3licas<\/strong>e\u00a0<strong>fabrico de tubos<\/strong>\u00a0applications. The\u00a0<strong>posicionador de soldadura<\/strong>\u00a0carater\u00edsticas\u00a0<strong>wide diameter compatibility<\/strong>\u00a0(customizable) with\u00a0<strong>precision frequency conversion control<\/strong>\u00a0(0.5-15 RPM stepless speed), ensuring\u00a0<strong>ultra-stable rotation<\/strong>\u00a0(&lt;0.1mm runout) and\u00a0<strong>low-noise operation<\/strong>\u00a0(&lt;65dB).<\/p>\n<p class=\"ds-markdown-paragraph\"><strong>Key Benefits:<\/strong><br \/>\n\u2713\u00a0<strong>Certifica\u00e7\u00e3o CE e ISO 9001<\/strong>\u00a0para\u00a0<strong>welding automation compliance<\/strong><br \/>\n\u2713\u00a0<strong>Global reliability<\/strong>\u00a0\u2013 exported to 20+ countries (UK, EU, Middle East)<br \/>\n\u2713\u00a0<strong>User-friendly PLC interface<\/strong>\u00a0for seamless\u00a0<strong>welding process control<\/strong><\/p>\n<p class=\"ds-markdown-paragraph\">Ideal for\u00a0<strong>fabrico pesado<\/strong>,\u00a0<strong>soldadura de a\u00e7o estrutural<\/strong>e\u00a0<strong>industrial tank manufacturing<\/strong>, este\u00a0<strong>rotador de soldadura<\/strong>\u00a0enhances\u00a0<strong>arc welding precision<\/strong>\u00a0while reducing\u00a0<strong>workpiece handling time<\/strong>.<\/p>\n<p><iframe title=\"Leitor de v\u00eddeo do YouTube\" src=\"https:\/\/www.youtube.com\/embed\/Z-Wloh9Aqt8?si=mFF1Cl-SgEIzGpyT\" width=\"560\" height=\"315\" frameborder=\"0\" allowfullscreen=\"allowfullscreen\"><\/iframe><\/p>\n<p><strong><b>Lista de par\u00e2metros do rotador de soldadura convencional da s\u00e9rie HGZ<\/b><\/strong><\/p>\n<p><img fetchpriority=\"high\" decoding=\"async\" class=\"alignnone wp-image-988 size-full\" src=\"https:\/\/www.weldmc.com\/wp-content\/uploads\/2025\/05\/\u56fe\u724717.png\" alt=\"Standard Welding Rotator HGZ-10\" width=\"1024\" height=\"398\" srcset=\"https:\/\/www.weldmc.com\/wp-content\/uploads\/2025\/05\/\u56fe\u724717.png 1024w, https:\/\/www.weldmc.com\/wp-content\/uploads\/2025\/05\/\u56fe\u724717-300x117.png 300w, https:\/\/www.weldmc.com\/wp-content\/uploads\/2025\/05\/\u56fe\u724717-768x299.png 768w, https:\/\/www.weldmc.com\/wp-content\/uploads\/2025\/05\/\u56fe\u724717-600x233.png 600w\" sizes=\"(max-width: 1024px) 100vw, 1024px\" \/><\/p>\n<p class=\"ds-markdown-paragraph\">O\u00a0<strong>10-ton welding rotator<\/strong>\u00a0foi concebido para\u00a0<strong>rota\u00e7\u00e3o de precis\u00e3o<\/strong>\u00a0em\u00a0<strong>aplica\u00e7\u00f5es de soldadura industrial<\/strong>, com um\u00a0<strong>heavy-duty roller frame<\/strong>\u00a0com\u00a0<strong>constru\u00e7\u00e3o em a\u00e7o tipo caixa<\/strong>\u00a0for optimal\u00a0<strong>load distribution<\/strong>. O seu\u00a0<strong>precision linear guide system<\/strong>\u00a0garante\u00a0<strong>Precis\u00e3o de posicionamento de \u00b10,1mm<\/strong>, enquanto o\u00a0<strong>mecanismo de fecho r\u00e1pido<\/strong>\u00a0provides\u00a0<strong>rigid fixation<\/strong>\u00a0during operation. The\u00a0<strong>high-strength ZG45 cast steel rollers<\/strong>\u00a0(HRC 55-60 hardness) deliver a\u00a0<strong>Capacidade de carga din\u00e2mica de 30 toneladas por rolo<\/strong>, tornando-o ideal para\u00a0<strong>fabrico de recipientes sob press\u00e3o<\/strong>,\u00a0<strong>soldadura de condutas<\/strong>e\u00a0<strong>structural steel manufacturing<\/strong>.<\/p>\n<p class=\"ds-markdown-paragraph\">O\u00a0<strong>sistema de acionamento de motor duplo<\/strong>\u00a0(2\u00d77.5kW AC motors) offers\u00a0<strong>stepless speed control<\/strong>\u00a0(0.5-5 RPM) with\u00a0<strong>\u00b12% sincroniza\u00e7\u00e3o de bin\u00e1rio<\/strong>, ensuring smooth and stable rotation. Advanced features include:<\/p>\n<ul>\n<li>\n<p class=\"ds-markdown-paragraph\"><strong>Regula\u00e7\u00e3o hidr\u00e1ulica da eleva\u00e7\u00e3o<\/strong>\u00a0(\u00b150mm) with\u00a0<strong>automatic centerline alignment<\/strong><\/p>\n<\/li>\n<li>\n<p class=\"ds-markdown-paragraph\"><strong>Anti-creep mechanism<\/strong>\u00a0(&lt;0.5mm deviation) for consistent weld quality<\/p>\n<\/li>\n<li>\n<p class=\"ds-markdown-paragraph\"><strong>Sensores de deslocamento NOVO<\/strong>\u00a0(0.01mm resolution) for\u00a0<strong>precision measurement<\/strong><\/p>\n<\/li>\n<li>\n<p class=\"ds-markdown-paragraph\"><strong>Siemens\/ABB PLC control<\/strong>\u00a0com\u00a0<strong>IP65 protection<\/strong>\u00a0for reliable operation<\/p>\n<\/li>\n<\/ul>\n<p class=\"ds-markdown-paragraph\"><strong>Performance Advantages<\/strong><br \/>\n\u2713\u00a0<strong>40% higher positioning accuracy<\/strong>\u00a0than conventional\u00a0<strong>welding rotators<\/strong><br \/>\n\u2713\u00a0<strong>35% longer service life<\/strong>\u00a0for critical components<br \/>\n\u2713\u00a0<strong>50% faster adjustment<\/strong>\u00a0for improved productivity<\/p>\n<p class=\"ds-markdown-paragraph\"><strong>Aplica\u00e7\u00f5es<\/strong>:<\/p>\n<ul>\n<li>\n<p class=\"ds-markdown-paragraph\"><strong>Wind tower fabrication<\/strong><\/p>\n<\/li>\n<li>\n<p class=\"ds-markdown-paragraph\"><strong>Shipbuilding components<\/strong><\/p>\n<\/li>\n<li>\n<p class=\"ds-markdown-paragraph\"><strong>Energy equipment manufacturing<\/strong><\/p>\n<\/li>\n<\/ul>\n<p>Este\u00a0<strong>rotador de soldadura<\/strong>\u00a0combina\u00e7\u00f5es\u00a0<strong>German precision components<\/strong>\u00a0com\u00a0<strong>robust Chinese manufacturing<\/strong>, delivering unmatched performance for\u00a0<strong>automatiza\u00e7\u00e3o da soldadura industrial<\/strong>. CE and ISO certified, it ensures reliability in the most demanding\u00a0<strong>fabrication environments<\/strong>.<\/p>\n<p><img decoding=\"async\" class=\"alignnone wp-image-989 size-full\" src=\"https:\/\/www.weldmc.com\/wp-content\/uploads\/2025\/05\/\u56fe\u724718.png\" alt=\"Rotador de soldadura standard\" width=\"636\" height=\"476\" srcset=\"https:\/\/www.weldmc.com\/wp-content\/uploads\/2025\/05\/\u56fe\u724718.png 636w, https:\/\/www.weldmc.com\/wp-content\/uploads\/2025\/05\/\u56fe\u724718-300x225.png 300w, https:\/\/www.weldmc.com\/wp-content\/uploads\/2025\/05\/\u56fe\u724718-600x449.png 600w\" sizes=\"(max-width: 636px) 100vw, 636px\" \/> <img decoding=\"async\" class=\"alignnone wp-image-990 size-full\" src=\"https:\/\/www.weldmc.com\/wp-content\/uploads\/2025\/05\/\u56fe\u724719.png\" alt=\"Standard Welding Rotator HGZ-10\" width=\"638\" height=\"360\" srcset=\"https:\/\/www.weldmc.com\/wp-content\/uploads\/2025\/05\/\u56fe\u724719.png 638w, https:\/\/www.weldmc.com\/wp-content\/uploads\/2025\/05\/\u56fe\u724719-300x169.png 300w, https:\/\/www.weldmc.com\/wp-content\/uploads\/2025\/05\/\u56fe\u724719-600x339.png 600w\" sizes=\"(max-width: 638px) 100vw, 638px\" \/><\/p>\n<p><strong>Carater\u00edsticas do Rotador de Soldadura<\/strong><\/p>\n<ol>\n<li>A dist\u00e2ncia dos rolos ajusta-se automaticamente para se adaptar a diferentes di\u00e2metros de barril.<br \/>\nA velocidade \u00e9 ajust\u00e1vel atrav\u00e9s de um sistema de controlo de frequ\u00eancia, aumentando a fiabilidade operacional.<br \/>\n3. a facilidade de utiliza\u00e7\u00e3o \u00e9 assegurada por uma caixa de controlo manual.<br \/>\n4. dispon\u00edvel em v\u00e1rias configura\u00e7\u00f5es, incluindo tipos m\u00f3veis e de eleva\u00e7\u00e3o.<br \/>\n5. uma base de rolos especialmente concebida oferece maior comodidade durante a soldadura.<br \/>\n6. os rolos podem ser fabricados a partir de uma variedade de materiais, tais como borracha preta, poliuretano e a\u00e7o.<\/li>\n<\/ol>\n<p><img loading=\"lazy\" decoding=\"async\" class=\"alignnone wp-image-991 size-full\" src=\"https:\/\/www.weldmc.com\/wp-content\/uploads\/2025\/05\/1748102710232.jpg\" alt=\"Standard Welding Rotator HGZ-10\" width=\"596\" height=\"228\" srcset=\"https:\/\/www.weldmc.com\/wp-content\/uploads\/2025\/05\/1748102710232.jpg 596w, https:\/\/www.weldmc.com\/wp-content\/uploads\/2025\/05\/1748102710232-300x115.jpg 300w\" sizes=\"(max-width: 596px) 100vw, 596px\" \/><\/p>\n<p><strong><b>Manuten\u00e7\u00e3o do rotor de soldadura<\/b><\/strong><\/p>\n<p>1. Este rotador de soldadura precisa de ser limpo antes de ser utilizado. E para evitar o envelhecimento, os rolos de borracha devem ficar longe de \u00f3leos e altas temperaturas. Se poss\u00edvel, deve haver uma pessoa espec\u00edfica para operar e manter este dispositivo.<br \/>\n2. Antes do arranque, o redutor de velocidade deve estar cheio de \u00f3leo de motor 30#, o que tamb\u00e9m \u00e9 necess\u00e1rio quando a temperatura ambiente \u00e9 inferior a 0\u00baC.<br \/>\n3. O \u00f3leo no interior do redutor de velocidade deve ser completamente substitu\u00eddo ap\u00f3s o primeiro m\u00eas de utiliza\u00e7\u00e3o e, posteriormente, o \u00f3leo do motor pode ser mudado de seis em seis meses.<br \/>\n4. O leito do rolo n\u00e3o pode ser utilizado como solo de soldadura, de modo a evitar danos nos rolamentos.<\/p>\n<p><strong><b>Detalhes do produto<\/b><\/strong><strong><b><br \/>\n<\/b><\/strong><\/p>\n<p><img loading=\"lazy\" decoding=\"async\" class=\"alignnone wp-image-993 size-full\" src=\"https:\/\/www.weldmc.com\/wp-content\/uploads\/2025\/05\/\u56fe\u724721.png\" alt=\"Standard Welding Rotator HGZ-10\" width=\"745\" height=\"419\" srcset=\"https:\/\/www.weldmc.com\/wp-content\/uploads\/2025\/05\/\u56fe\u724721.png 745w, https:\/\/www.weldmc.com\/wp-content\/uploads\/2025\/05\/\u56fe\u724721-300x169.png 300w, https:\/\/www.weldmc.com\/wp-content\/uploads\/2025\/05\/\u56fe\u724721-600x337.png 600w\" sizes=\"(max-width: 745px) 100vw, 745px\" \/> <img loading=\"lazy\" decoding=\"async\" class=\"alignnone wp-image-992 size-full\" src=\"https:\/\/www.weldmc.com\/wp-content\/uploads\/2025\/05\/\u56fe\u724720.png\" alt=\"Standard Welding Rotator HGZ-10\" width=\"745\" height=\"419\" srcset=\"https:\/\/www.weldmc.com\/wp-content\/uploads\/2025\/05\/\u56fe\u724720.png 745w, https:\/\/www.weldmc.com\/wp-content\/uploads\/2025\/05\/\u56fe\u724720-300x169.png 300w, https:\/\/www.weldmc.com\/wp-content\/uploads\/2025\/05\/\u56fe\u724720-600x337.png 600w\" sizes=\"(max-width: 745px) 100vw, 745px\" \/> <img loading=\"lazy\" decoding=\"async\" class=\"alignnone wp-image-1871\" src=\"https:\/\/www.weldmc.com\/wp-content\/uploads\/2025\/05\/standard-welding-rotator-product-decomposition-diagram.png\" alt=\"diagrama de decomposi\u00e7\u00e3o do produto do rotador de soldadura standard\" width=\"745\" height=\"429\" srcset=\"https:\/\/www.weldmc.com\/wp-content\/uploads\/2025\/05\/standard-welding-rotator-product-decomposition-diagram.png 1347w, https:\/\/www.weldmc.com\/wp-content\/uploads\/2025\/05\/standard-welding-rotator-product-decomposition-diagram-600x345.png 600w\" sizes=\"(max-width: 745px) 100vw, 745px\" \/><strong><b><br \/>\n<\/b><\/strong><\/p>\n<table>\n<tbody>\n<tr>\n<td>- Conce\u00e7\u00e3o fi\u00e1vel<\/td>\n<td>- Qualidade fi\u00e1vel<\/td>\n<\/tr>\n<tr>\n<td>- Pe\u00e7as de renome<\/td>\n<td>- Controlo do inversor<\/td>\n<\/tr>\n<tr>\n<td>- Sistema de acionamento direto<\/td>\n<td>- Op\u00e7\u00e3o de desloca\u00e7\u00e3o motorizada<\/td>\n<\/tr>\n<tr>\n<td>- Desenho personalizado por encomenda<\/td>\n<td>- OEM<\/td>\n<\/tr>\n<\/tbody>\n<\/table>\n<p><strong><b>Introdu\u00e7\u00e3o \u00e0 roda<\/b><\/strong><\/p>\n<p>As rodas de poliuretano oferecem uma resist\u00eancia excecional \u00e0 abras\u00e3o, um processamento vers\u00e1til, uma ampla aplicabilidade e uma resist\u00eancia superior ao \u00f3leo, ao ozono, ao envelhecimento, \u00e0 radia\u00e7\u00e3o e a baixas temperaturas. Tamb\u00e9m proporcionam uma forte ader\u00eancia, excelente transmiss\u00e3o de som, biocompatibilidade e compatibilidade com o sangue.<\/p>\n<p><img loading=\"lazy\" decoding=\"async\" class=\"alignnone wp-image-987 size-full\" src=\"https:\/\/www.weldmc.com\/wp-content\/uploads\/2025\/05\/\u56fe\u724724.png\" alt=\"Standard Welding Rotator HGZ-10\" width=\"486\" height=\"606\" srcset=\"https:\/\/www.weldmc.com\/wp-content\/uploads\/2025\/05\/\u56fe\u724724.png 486w, https:\/\/www.weldmc.com\/wp-content\/uploads\/2025\/05\/\u56fe\u724724-241x300.png 241w\" sizes=\"(max-width: 486px) 100vw, 486px\" \/> <img loading=\"lazy\" decoding=\"async\" class=\"alignnone wp-image-997\" src=\"https:\/\/www.weldmc.com\/wp-content\/uploads\/2025\/05\/\u56fe\u724723.png\" alt=\"Standard Welding Rotator HGZ-10\" width=\"485\" height=\"604\" srcset=\"https:\/\/www.weldmc.com\/wp-content\/uploads\/2025\/05\/\u56fe\u724723.png 562w, https:\/\/www.weldmc.com\/wp-content\/uploads\/2025\/05\/\u56fe\u724723-241x300.png 241w\" sizes=\"(max-width: 485px) 100vw, 485px\" \/><\/p>\n<p><strong><b>Introdu\u00e7\u00e3o ao motor<\/b><\/strong><strong><b><br \/>\n<\/b><\/strong><b><\/b><\/p>\n<p><img decoding=\"async\" src=\"https:\/\/www.weldmc.com\/wp-content\/uploads\/2025\/05\/Motor-introduction-1.png\" alt=\"motor_de_rota\u00e7\u00e3o de soldadura\" \/> <img decoding=\"async\" src=\"https:\/\/www.weldmc.com\/wp-content\/uploads\/2025\/05\/Adjustable-Welding-Rotator-HGK-5-1.png\" alt=\"Motor de soldadura_Motor2\" \/><\/p>\n<p><strong><b>Fabricante de rotores de alta qualidade<\/b><\/strong><\/p>\n<p>1. com mais de 20 anos de experi\u00eancia especializada no fabrico de rotores auto-alinhadores.<br \/>\n2. nossos produtos apresentam uma capacidade de carga que varia de 5 toneladas a 400 toneladas.<br \/>\n3. fornecemos as certifica\u00e7\u00f5es CE e ISO, assegurando o cumprimento de sub-regulamentos rigorosos. Adicionalmente.<br \/>\n4. oferecemos uma garantia de um ano e pe\u00e7as de desgaste gratuitas.<br \/>\n5. a nossa equipa t\u00e9cnica altamente qualificada dedica-se a apoi\u00e1-lo e aos seus projectos de grande escala, como a soldadura de turbinas e\u00f3licas.<\/p>\n<p><strong><b>Certifica\u00e7\u00e3o de produtos<\/b><\/strong><\/p>\n<p>Entre no futuro da tecnologia de soldadura com as nossas solu\u00e7\u00f5es de ponta.<br \/>\nDesde processos automatizados a controlos intuitivos, os nossos produtos est\u00e3o na vanguarda da inova\u00e7\u00e3o, fornecendo-lhe as ferramentas de que necessita para se manter na vanguarda do mercado competitivo atual!<\/p>\n<p>&nbsp;<\/p>\n<p><img decoding=\"async\" src=\"https:\/\/www.weldmc.com\/wp-content\/uploads\/2025\/05\/Roller-frame-product-certificate.png\" alt=\"Certificado de produto do quadro de rolos\" \/><\/p>\n<p>Wuxi ABK Machinery Co.Ltd \u00e9 um fabricante profissional de rotador de soldadura na China. E o nosso rotador de soldadura inclui principalmente rotador de soldadura padr\u00e3o, rotador de soldadura ajust\u00e1vel, e rotador de soldadura especial. N\u00f3s tamb\u00e9m podemos fornecer aos nossos clientes em todo o mundo muitos outros produtos, incluindo mesa girat\u00f3ria de solda, m\u00e1quina de solda de estaca, linha de produ\u00e7\u00e3o de torre e\u00f3lica, linha de solda de viga H, equipamento de solda de tubo, m\u00e1quina de corte CNC, m\u00e1quina de moagem, m\u00e1quina perfiladeira, m\u00e1quina dobradeira de placa, etc. N\u00f3s obtivemos certifica\u00e7\u00e3o ISO e CE, e tamb\u00e9m oferecemos servi\u00e7o OEM.<\/p>","protected":false},"excerpt":{"rendered":"<p><strong>Rotador de soldadura WUXI ABK 10-T<\/strong>\u00a0fornece rota\u00e7\u00e3o de precis\u00e3o para o fabrico de tubos\/vasos. Possui capacidade de 10 toneladas, rolos de a\u00e7o ZG45 (HRC55-60), motores duplos de 7,5 kW (0,5-5 RPM), precis\u00e3o de \u00b10,1 mm, sistema anti-creep e controlo PLC Siemens. Ideal para aplica\u00e7\u00f5es de soldadura industrial. Certifica\u00e7\u00e3o CE\/ISO.<\/p>","protected":false},"featured_media":1021,"comment_status":"open","ping_status":"closed","template":"","meta":{"_acf_changed":false},"product_brand":[],"product_cat":[21,42,30],"product_tag":[],"class_list":{"0":"post-1002","1":"product","2":"type-product","3":"status-publish","4":"has-post-thumbnail","6":"product_cat-welding-automation","7":"product_cat-standard-welding-rotator","8":"product_cat-welding-rotator","10":"first","11":"instock","12":"shipping-taxable","13":"product-type-simple"},"acf":[],"_links":{"self":[{"href":"https:\/\/www.weldmc.com\/pt\/wp-json\/wp\/v2\/product\/1002","targetHints":{"allow":["GET"]}}],"collection":[{"href":"https:\/\/www.weldmc.com\/pt\/wp-json\/wp\/v2\/product"}],"about":[{"href":"https:\/\/www.weldmc.com\/pt\/wp-json\/wp\/v2\/types\/product"}],"replies":[{"embeddable":true,"href":"https:\/\/www.weldmc.com\/pt\/wp-json\/wp\/v2\/comments?post=1002"}],"wp:featuredmedia":[{"embeddable":true,"href":"https:\/\/www.weldmc.com\/pt\/wp-json\/wp\/v2\/media\/1021"}],"wp:attachment":[{"href":"https:\/\/www.weldmc.com\/pt\/wp-json\/wp\/v2\/media?parent=1002"}],"wp:term":[{"taxonomy":"product_brand","embeddable":true,"href":"https:\/\/www.weldmc.com\/pt\/wp-json\/wp\/v2\/product_brand?post=1002"},{"taxonomy":"product_cat","embeddable":true,"href":"https:\/\/www.weldmc.com\/pt\/wp-json\/wp\/v2\/product_cat?post=1002"},{"taxonomy":"product_tag","embeddable":true,"href":"https:\/\/www.weldmc.com\/pt\/wp-json\/wp\/v2\/product_tag?post=1002"}],"curies":[{"name":"wp","href":"https:\/\/api.w.org\/{rel}","templated":true}]}}