{"id":999,"date":"2025-05-25T01:09:22","date_gmt":"2025-05-24T17:09:22","guid":{"rendered":"http:\/\/111.170.148.214:8095\/?post_type=product&#038;p=999"},"modified":"2025-10-14T14:53:37","modified_gmt":"2025-10-14T06:53:37","slug":"welding-turntable-equipment-20-tons","status":"publish","type":"product","link":"https:\/\/www.weldmc.com\/fr\/product\/welding-turntable-equipment-20-tons\/","title":{"rendered":"\u00c9quipement de table tournante de soudage 20 tonnes"},"content":{"rendered":"<p><strong><b>WUXI ABK Welding Equipment : Solutions de rotation de pr\u00e9cision<\/b><\/strong><\/p>\n<p><img fetchpriority=\"high\" decoding=\"async\" class=\"\" src=\"https:\/\/www.weldmc.com\/wp-content\/uploads\/2025\/05\/3cc87cef83089b4640b34d1f52f77d4.jpg\" alt=\"Table tournante de soudage\" width=\"703\" height=\"527\" \/><\/p>\n<p><strong><b>Avantages techniques<\/b><\/strong><\/p>\n<p>\u2714 Rotation programmable - La commande num\u00e9rique maintient une vitesse de 0,1 \u00e0 1,2 tr\/min pour r\u00e9pondre aux diff\u00e9rentes exigences d'assemblage.<\/p>\n<p>\u2714 Optimisation de la charge - Capacit\u00e9 standard de 1 \u00e0 50 tonnes, avec possibilit\u00e9 de configurations personnalis\u00e9es<\/p>\n<p>\u2714 Surface adaptable - La table de travail modulaire accepte des assemblages d'un diam\u00e8tre de 800 \u00e0 6000 mm<\/p>\n<p>\u2714 Mouvement de pr\u00e9cision - la r\u00e9p\u00e9tabilit\u00e9 de \u00b10,5 mm garantit la pr\u00e9cision de l'articulation<\/p>\n<p><img decoding=\"async\" class=\"\" src=\"https:\/\/www.weldmc.com\/wp-content\/uploads\/2025\/05\/Welding-Turntable-Technical-Advantages_1.png\" alt=\"Welding Turntable Technical Advantages_1\" width=\"701\" height=\"496\" \/> <img decoding=\"async\" class=\"\" src=\"https:\/\/www.weldmc.com\/wp-content\/uploads\/2025\/05\/Welding-Turntable-Technical-Advantages_2.png\" alt=\"Welding Turntable Technical Advantages_2\" width=\"702\" height=\"395\" \/><\/p>\n<p><strong><b>Industrial Implementation<\/b><\/strong><\/p>\n<p>The welding turntable serves critical functions in:<\/p>\n<ul>\n<li>Cylindrical pressure container fabrication<\/li>\n<li>Energy sector component manufacturing<\/li>\n<li>Heavy steel structure production<\/li>\n<li>Marine construction applications<\/li>\n<\/ul>\n<p><img loading=\"lazy\" decoding=\"async\" class=\"\" src=\"https:\/\/www.weldmc.com\/wp-content\/uploads\/2025\/05\/Welding-Turntable-Technical-Advantages_4.png\" alt=\"Avantages techniques de la table tournante de soudage_4\" width=\"706\" height=\"523\" \/> <img loading=\"lazy\" decoding=\"async\" class=\"\" src=\"https:\/\/www.weldmc.com\/wp-content\/uploads\/2025\/05\/Welding-Turntable-Technical-Advantages_3.png\" alt=\"Avantages techniques de la table tournante de soudage_3\" width=\"707\" height=\"487\" \/><\/p>\n<p>Mechanical Composition<\/p>\n<ul>\n<li>Reinforced support base with industrial-grade bearings<\/li>\n<li>Variable frequency drive system<\/li>\n<li>Interchangeable mounting surfaces<\/li>\n<li>Safety-rated enclosure options<\/li>\n<\/ul>\n<p><img decoding=\"async\" src=\"https:\/\/www.weldmc.com\/wp-content\/uploads\/2025\/05\/Welding-Turntable-Technical-Advantages_5.png\" alt=\"Welding Turntable Technical Advantages_5\" \/> <img decoding=\"async\" src=\"https:\/\/www.weldmc.com\/wp-content\/uploads\/2025\/05\/Welding-Turntable-Technical-Advantages_6.png\" alt=\"Welding Turntable Technical Advantages_6\" \/><\/p>\n<p><strong><b>Custom Engineering Services<\/b><\/strong><\/p>\n<p>WUXI ABK provides:<\/p>\n<ul>\n<li>Specialized surface treatments<\/li>\n<li>Automated position feedback systems<\/li>\n<li>Integrated quality monitoring<\/li>\n<li>Operator interface customization<\/li>\n<\/ul>\n<p><img decoding=\"async\" src=\"https:\/\/www.weldmc.com\/wp-content\/uploads\/2025\/05\/Welding-Turntable-Technical-Advantages_7.png\" alt=\"Welding Turntable Technical Advantages_7\" \/> <img loading=\"lazy\" decoding=\"async\" class=\"\" src=\"https:\/\/www.weldmc.com\/wp-content\/uploads\/2025\/05\/Welding-Turntable-Technical-Advantages_8.png\" alt=\"Table tournante de soudage Avantages techniques_8\" width=\"708\" height=\"518\" \/><\/p>\n<p><strong><b>Excellence en mati\u00e8re de fabrication<\/b><\/strong><\/p>\n<p>Nos syst\u00e8mes de rotation se caract\u00e9risent par<\/p>\n<ul>\n<li>Processus de production certifi\u00e9s ISO<\/li>\n<li>Essais de validation des performances<\/li>\n<li>Couverture \u00e9tendue des services<\/li>\n<li>R\u00e9seau mondial d'assistance technique<\/li>\n<\/ul>\n<table>\n<tbody>\n<tr>\n<td colspan=\"3\" width=\"599\"><strong>Mod\u00e8le<\/strong><\/td>\n<td width=\"354\"><strong>HB-<\/strong><strong>2<\/strong><strong>0<\/strong><strong>0<\/strong><\/td>\n<\/tr>\n<tr>\n<td width=\"363\"><strong>Capacit\u00e9 de charge<\/strong><\/td>\n<td width=\"127\">(KG)<\/td>\n<td width=\"109\"><\/td>\n<td width=\"354\">20000<\/td>\n<\/tr>\n<tr>\n<td width=\"363\"><strong>Vitesse de rotation<\/strong><\/td>\n<td width=\"127\">(RPM)<\/td>\n<td width=\"109\"><\/td>\n<td width=\"354\">0.05-0.5<\/td>\n<\/tr>\n<tr>\n<td width=\"363\"><strong>Taille de la table de travail<\/strong><strong>\u00a0Diam\u00e8tre<\/strong><\/td>\n<td width=\"127\">(MM)<\/td>\n<td width=\"109\"><\/td>\n<td width=\"354\">2000<\/td>\n<\/tr>\n<tr>\n<td width=\"363\"><strong>P<\/strong><strong>ower<\/strong><\/td>\n<td width=\"127\">(KW)<\/td>\n<td width=\"109\"><\/td>\n<td width=\"354\">4<\/td>\n<\/tr>\n<tr>\n<td width=\"363\"><strong>Alimentation \u00e9lectrique<\/strong><\/td>\n<td width=\"127\">(V)<\/td>\n<td width=\"109\">50Hz 3\u0278<\/td>\n<td width=\"354\">380<\/td>\n<\/tr>\n<tr>\n<td width=\"363\"><strong>Type de r\u00e9gulation de vitesse<\/strong><\/td>\n<td width=\"127\"><\/td>\n<td width=\"109\"><\/td>\n<td width=\"354\">R\u00e9gulation progressive de la vitesse en fonction de la fr\u00e9quence AC<\/td>\n<\/tr>\n<tr>\n<td colspan=\"4\" width=\"954\">Remarque : toutes les sp\u00e9cifications correspondent \u00e0 l'\u00e9quipement standard et peuvent \u00eatre modifi\u00e9es en fonction des besoins des clients.<\/td>\n<\/tr>\n<\/tbody>\n<\/table>\n<p><iframe title=\"Lecteur vid\u00e9o YouTube\" src=\"https:\/\/www.youtube.com\/embed\/ogA4Xe60nSw?si=kQldmzj4am4dQamH\" width=\"560\" height=\"315\" frameborder=\"0\" allowfullscreen=\"allowfullscreen\"><\/iframe><\/p>\n<p>Les\u00a0<strong>Plateau tournant de soudage WUXI ABK 20 tonnes<\/strong>\u00a0est un\u00a0<strong>plate-forme rotative de pr\u00e9cision<\/strong>\u00a0con\u00e7u pour\u00a0<strong>medium to heavy workpiece welding<\/strong>, y compris\u00a0<strong>pipes, flanges, and structural components<\/strong>. En vedette\u00a0<strong>Rotation douce de 360<\/strong>\u00a0avec\u00a0<strong>adjustable speed (1-10 RPM)<\/strong>, ce\u00a0<strong>industrial-grade turntable<\/strong>\u00a0assure\u00a0<strong>consistent weld seam quality<\/strong>\u00a0while reducing labor time by\u00a0<strong>50%<\/strong>\u00a0compared to manual methods. Built for\u00a0<strong>durability and stability<\/strong>, it supports\u00a0<strong>up to 20 tons<\/strong>\u00a0avec\u00a0<strong>vibration-free operation<\/strong>.<\/p>\n<p><strong><b>Technology Funcation<\/b><\/strong><\/p>\n<table>\n<tbody>\n<tr>\n<td>- Une conception fiable<\/td>\n<td>- Une qualit\u00e9 fiable<\/td>\n<\/tr>\n<tr>\n<td>- Des pi\u00e8ces r\u00e9put\u00e9es<\/td>\n<td>- Contr\u00f4le de l'onduleur<\/td>\n<\/tr>\n<tr>\n<td>- Syst\u00e8me d'entra\u00eenement direct<\/td>\n<td>- Option de d\u00e9placement motoris\u00e9<\/td>\n<\/tr>\n<tr>\n<td>- Conception sur mesure<\/td>\n<td>- OEM<\/td>\n<\/tr>\n<\/tbody>\n<\/table>\n<p><img decoding=\"async\" src=\"https:\/\/www.weldmc.com\/wp-content\/uploads\/2025\/05\/Welding-Turntable-Technology-Funcation.png\" alt=\"Fonctionnement du plateau tournant de soudage\" \/><\/p>\n<p><strong><b>Liste des param\u00e8tres du plateau tournant de soudage conventionnel\u00a0<\/b><\/strong><\/p>\n<p>&nbsp;<\/p>\n<p><img decoding=\"async\" src=\"https:\/\/www.weldmc.com\/wp-content\/uploads\/2025\/05\/Parameter-list-of-conventional-Welding-Turntable-.png\" alt=\"Liste des param\u00e8tres du plateau tournant de soudage conventionnel\u00a0\" \/><\/p>\n<p class=\"ds-markdown-paragraph\"><strong>Caract\u00e9ristiques principales :<\/strong><\/p>\n<ul>\n<li>\n<p class=\"ds-markdown-paragraph\"><strong>Heavy-duty steel construction<\/strong>\u00a0avec\u00a0<strong>6 nervures de soutien \u00e0 haute rigidit\u00e9<\/strong>\u00a0(deformation resistance &lt;0.08mm\/m\u00b2)<\/p>\n<\/li>\n<li>\n<p class=\"ds-markdown-paragraph\"><strong>Precision worm gear transmission<\/strong>\u00a0(ISO 5 grade, zero-backlash, 10,000+ hour service life)<\/p>\n<\/li>\n<li>\n<p class=\"ds-markdown-paragraph\"><strong>Multi-position T-slot worktable<\/strong>\u00a0(6 slots, 14mm width, 5000N clamping force per slot)<\/p>\n<\/li>\n<li>\n<p class=\"ds-markdown-paragraph\"><strong>Intelligent control system<\/strong>\u00a0(touchscreen HMI, automatic lubrication, IP54 protection)<\/p>\n<\/li>\n<li>\n<p class=\"ds-markdown-paragraph\"><strong>Stabilized base<\/strong>\u00a0(200mm steel plate, 8-point leveling, &lt;0.01mm vibration absorption)<\/p>\n<\/li>\n<\/ul>\n<p class=\"ds-markdown-paragraph\"><strong>Avantages en termes de performances :<\/strong><br \/>\n\u2713\u00a0<strong>40% faster setup<\/strong>\u00a0avec\u00a0<strong>one-touch operation<\/strong><br \/>\n\u2713\u00a0<strong>60% reduction in workpiece deformation<\/strong>\u00a0due to\u00a0<strong>military-grade welding seams<\/strong><br \/>\n\u2713\u00a0<strong>30% dur\u00e9e de vie plus longue<\/strong>\u00a0compared to standard turntables<\/p>\n<p class=\"ds-markdown-paragraph\"><strong>Applications :<\/strong><br \/>\n\u2714\u00a0<strong>Pipe and flange welding<\/strong><br \/>\n\u2714\u00a0<strong>Structural steel fabrication<\/strong><br \/>\n\u2714\u00a0<strong>Pressure vessel assembly<\/strong><br \/>\n\u2714\u00a0<strong>Heavy machinery component production<\/strong><\/p>\n<p>1. Palier d'orientation<\/p>\n<p><img decoding=\"async\" src=\"https:\/\/www.weldmc.com\/wp-content\/uploads\/2025\/05\/Slewing-bearing.png\" alt=\"Palier d&#039;orientation\" \/><\/p>\n<p>La couronne d'orientation est l'\u00e9l\u00e9ment de base de la force de la machine, qui n\u00e9cessite une rotation relative entre les deux parties et supporte en m\u00eame temps la force axiale, la force radiale et le moment de renversement.Sa fonction de base est d'utiliser des boulons pour la fixer sur les supports sup\u00e9rieurs et inf\u00e9rieurs de l'\u00e9quipement m\u00e9canique afin de transmettre la force et l'entra\u00eenement de mani\u00e8re \u00e0 r\u00e9aliser la rotation relative entre les deux parties de l'\u00e9quipement m\u00e9canique.Le support rotatif comporte g\u00e9n\u00e9ralement des trous d'installation, des engrenages internes ou externes, des trous de lubrification et des dispositifs de scellement. Il se caract\u00e9rise par une structure compacte, un poids l\u00e9ger, une bonne structure en acier, un fonctionnement souple, une grande pr\u00e9cision, la s\u00e9curit\u00e9 et la fiabilit\u00e9.<br \/>\nLa couronne d'orientation est un \u00e9l\u00e9ment fondamental de l'\u00e9quipement m\u00e9canique et est largement utilis\u00e9e dans diverses industries de l'\u00e9conomie nationale. Il est largement utilis\u00e9 dans les machines de construction, les machines portuaires, les machines m\u00e9tallurgiques, les machines mini\u00e8res, les machines p\u00e9troli\u00e8res, les machines chimiques, les \u00e9quipements m\u00e9dicaux, les machines navales, les machines industrielles l\u00e9g\u00e8res, les machines de protection de l'environnement, les \u00e9quipements de divertissement et les machines de transport.<\/p>\n<ol start=\"2\">\n<li>Engrenages<\/li>\n<\/ol>\n<p><img decoding=\"async\" src=\"https:\/\/www.weldmc.com\/wp-content\/uploads\/2025\/05\/Gear_1.png\" alt=\"Gear_1\" \/><\/p>\n<p>L'engrenage est une pi\u00e8ce m\u00e9canique semblable \u00e0 une roue qui transmet le couple par l'engagement des dents. Gr\u00e2ce \u00e0 la transmission avec d'autres pi\u00e8ces m\u00e9caniques dent\u00e9es (telles qu'un autre engrenage, une cr\u00e9maill\u00e8re Dao et une vis sans fin), l'engrenage peut modifier la vitesse et le couple, changer la direction du mouvement et modifier la forme du mouvement.<\/p>\n<p><img decoding=\"async\" src=\"https:\/\/www.weldmc.com\/wp-content\/uploads\/2025\/05\/Gear_2.png\" alt=\"Gear_2\" \/><\/p>\n<p>3. r\u00e9ducteur<\/p>\n<p><img decoding=\"async\" src=\"https:\/\/www.weldmc.com\/wp-content\/uploads\/2025\/05\/Reducer.png\" alt=\"R\u00e9ducteur\" \/><\/p>\n<p>Le r\u00e9ducteur est une sorte de m\u00e9canisme de transmission de puissance qui utilise le convertisseur de vitesse de l'engrenage pour r\u00e9duire le nombre de rotations du moteur au nombre de rotations requis et obtenir une structure avec un couple important.<\/p>\n<p>Fonction du r\u00e9ducteur : r\u00e9duire la vitesse et augmenter le couple de sortie en m\u00eame temps. Le rapport de couple de sortie est multipli\u00e9 par le rapport de d\u00e9c\u00e9l\u00e9ration de sortie du moteur, mais il ne doit pas d\u00e9passer le couple nominal du r\u00e9ducteur.en m\u00eame temps, l'inertie du lo.ad est r\u00e9duite au carr\u00e9 du rapport de d\u00e9c\u00e9l\u00e9ration.<\/p>\n<p>4. Moteur<\/p>\n<p><img decoding=\"async\" src=\"https:\/\/www.weldmc.com\/wp-content\/uploads\/2025\/05\/Motor_2.png\" alt=\"Moteur_2\" \/> <img decoding=\"async\" src=\"https:\/\/www.weldmc.com\/wp-content\/uploads\/2025\/05\/Motor_1.png\" alt=\"Moteur_1\" \/><\/p>\n<p><strong><b>Soudage <\/b><\/strong><strong><b>Plateau tournant<\/b><\/strong><strong><b>\u00a0Lignes directrices pour l'entretien<\/b><\/strong><\/p>\n<p><strong><b>Contenu de base de la maintenance<\/b><\/strong><\/p>\n<p>Entretien quotidien - nettoyage du laitier de soudure, v\u00e9rification de la lubrification et de la s\u00e9curit\u00e9 \u00e9lectrique.<\/p>\n<p>Entretien r\u00e9gulier - resserrer les boulons, v\u00e9rifier le m\u00e9canisme de transmission et tester la fonction de s\u00e9curit\u00e9.<\/p>\n<p>Entretien approfondi - remplacement annuel des pi\u00e8ces us\u00e9es, relubrification et \u00e9talonnage du syst\u00e8me<\/p>\n<p>Alerte pr\u00e9coce - Arr\u00eat imm\u00e9diat en cas de bruit anormal ou de rotation irr\u00e9guli\u00e8re.<\/p>\n<p><strong><b>Maintenir la valeur<\/b><\/strong><\/p>\n<ul>\n<li>Prolonger la dur\u00e9e de vie des \u00e9quipements de plus de 30%<\/li>\n<li>R\u00e9duire les temps d'arr\u00eat soudains<\/li>\n<li>Assurer la stabilit\u00e9 de la pr\u00e9cision du soudage.<\/li>\n<\/ul>\n<p><strong><b>Certification des produits<\/b><\/strong><br \/>\nEntrez dans l'avenir de la technologie du soudage gr\u00e2ce \u00e0 nos solutions de pointe.<br \/>\nDes processus automatis\u00e9s aux commandes intuitives, nos produits sont \u00e0 la pointe de l'innovation et vous fournissent les outils dont vous avez besoin pour rester en t\u00eate sur le march\u00e9 concurrentiel d'aujourd'hui !<\/p>\n<p><img decoding=\"async\" src=\"https:\/\/www.weldmc.com\/wp-content\/uploads\/2025\/05\/Product-certification.png\" alt=\"Certification des produits\" \/><\/p>\n<p>Wuxi ABK Machinery Co.Ltd est un fabricant professionnel de rotateur de soudage en Chine. Nos rotateurs de soudage comprennent principalement le rotateur de soudage standard, le rotateur de soudage r\u00e9glable et le rotateur de soudage sp\u00e9cial. Nous pouvons \u00e9galement fournir \u00e0 nos clients du monde entier de nombreux autres produits, y compris la table tournante de soudage, la machine de soudage de pieux, la ligne de production de tours \u00e9oliennes, la ligne de soudage de poutre en H, l'\u00e9quipement de soudage de tuyaux, la machine de coupe CNC, la rectifieuse, la machine de formage de rouleaux, la machine de pliage de plaques, etc. Nous avons obtenu les certifications ISO et CE et nous proposons \u00e9galement des services OEM.<\/p>","protected":false},"excerpt":{"rendered":"<p><strong>Plateau tournant de soudage WUXI ABK 20 tonnes<\/strong>\u00a0offre une rotation de pr\u00e9cision pour la fabrication de travaux moyens. Dot\u00e9 d'un ch\u00e2ssis robuste en acier et d'une commande de vitesse de 0,5 \u00e0 5 tr\/min, il permet de manipuler des r\u00e9cipients sous pression, des structures en acier et des composants de machines. Avec une pr\u00e9cision de \u00b10,2 mm et une protection IP54, ce plateau tournant certifi\u00e9 CE garantit des performances fiables dans les environnements industriels.<\/p>","protected":false},"featured_media":2047,"comment_status":"open","ping_status":"closed","template":"","meta":{"_acf_changed":false},"product_brand":[],"product_cat":[21,29,38],"product_tag":[],"class_list":{"0":"post-999","1":"product","2":"type-product","3":"status-publish","4":"has-post-thumbnail","6":"product_cat-welding-automation","7":"product_cat-welding-positioner","8":"product_cat-welding-turntable","10":"first","11":"instock","12":"shipping-taxable","13":"product-type-simple"},"acf":[],"_links":{"self":[{"href":"https:\/\/www.weldmc.com\/fr\/wp-json\/wp\/v2\/product\/999","targetHints":{"allow":["GET"]}}],"collection":[{"href":"https:\/\/www.weldmc.com\/fr\/wp-json\/wp\/v2\/product"}],"about":[{"href":"https:\/\/www.weldmc.com\/fr\/wp-json\/wp\/v2\/types\/product"}],"replies":[{"embeddable":true,"href":"https:\/\/www.weldmc.com\/fr\/wp-json\/wp\/v2\/comments?post=999"}],"wp:featuredmedia":[{"embeddable":true,"href":"https:\/\/www.weldmc.com\/fr\/wp-json\/wp\/v2\/media\/2047"}],"wp:attachment":[{"href":"https:\/\/www.weldmc.com\/fr\/wp-json\/wp\/v2\/media?parent=999"}],"wp:term":[{"taxonomy":"product_brand","embeddable":true,"href":"https:\/\/www.weldmc.com\/fr\/wp-json\/wp\/v2\/product_brand?post=999"},{"taxonomy":"product_cat","embeddable":true,"href":"https:\/\/www.weldmc.com\/fr\/wp-json\/wp\/v2\/product_cat?post=999"},{"taxonomy":"product_tag","embeddable":true,"href":"https:\/\/www.weldmc.com\/fr\/wp-json\/wp\/v2\/product_tag?post=999"}],"curies":[{"name":"wp","href":"https:\/\/api.w.org\/{rel}","templated":true}]}}