{"id":996,"date":"2025-05-25T01:02:56","date_gmt":"2025-05-24T17:02:56","guid":{"rendered":"http:\/\/111.170.148.214:8095\/?post_type=product&#038;p=996"},"modified":"2025-10-14T14:59:52","modified_gmt":"2025-10-14T06:59:52","slug":"positionneur-de-table-tournante-de-soudage-1ton","status":"publish","type":"product","link":"https:\/\/www.weldmc.com\/fr\/product\/positionneur-de-table-tournante-de-soudage-1ton\/","title":{"rendered":"Positionneur de table tournante de soudage 1ton"},"content":{"rendered":"<p><strong><b>WUXI ABK Welding Equipment : Solutions de rotation de pr\u00e9cision<\/b><\/strong><\/p>\n<p><img fetchpriority=\"high\" decoding=\"async\" class=\"\" src=\"https:\/\/www.weldmc.com\/wp-content\/uploads\/2025\/05\/3cc87cef83089b4640b34d1f52f77d4.jpg\" alt=\"Table tournante de soudage\" width=\"705\" height=\"528\" \/><\/p>\n<p><strong><b>Avantages techniques<\/b><\/strong><\/p>\n<p>\u2714 Rotation programmable - La commande num\u00e9rique maintient une vitesse de 0,1 \u00e0 1,2 tr\/min pour r\u00e9pondre aux diff\u00e9rentes exigences d'assemblage.<\/p>\n<p>\u2714 Optimisation de la charge - Capacit\u00e9 standard de 1 \u00e0 50 tonnes, avec possibilit\u00e9 de configurations personnalis\u00e9es<\/p>\n<p>\u2714 Surface adaptable - La table de travail modulaire accepte des assemblages d'un diam\u00e8tre de 800 \u00e0 6000 mm<\/p>\n<p>\u2714 Mouvement de pr\u00e9cision - la r\u00e9p\u00e9tabilit\u00e9 de \u00b10,5 mm garantit la pr\u00e9cision de l'articulation<\/p>\n<p><img decoding=\"async\" class=\"\" src=\"https:\/\/www.weldmc.com\/wp-content\/uploads\/2025\/05\/welding-turntabe_1.jpg\" alt=\"\" width=\"706\" height=\"529\" \/> <img decoding=\"async\" class=\"\" src=\"https:\/\/www.weldmc.com\/wp-content\/uploads\/2025\/05\/welding-turntabe_2.jpg\" alt=\"table tournante de soudage_30T\" width=\"708\" height=\"398\" \/><\/p>\n<p class=\"ds-markdown-paragraph\">Ce plateau tournant de soudage de qualit\u00e9 industrielle offre une rotation de pr\u00e9cision pour les processus de fabrication critiques dans de nombreux secteurs. Con\u00e7ue pour la fabrication de conteneurs cylindriques sous pression, cette unit\u00e9 excelle dans la production de composants pour le secteur de l'\u00e9nergie et l'assemblage de structures m\u00e9talliques lourdes, tout en r\u00e9pondant aux exigences de la construction navale. Sa conception m\u00e9canique robuste int\u00e8gre des roulements de qualit\u00e9 industrielle dans une base de support renforc\u00e9e, associ\u00e9e \u00e0 un syst\u00e8me d'entra\u00eenement \u00e0 fr\u00e9quence variable pour des performances optimales.<\/p>\n<p class=\"ds-markdown-paragraph\">Les principales caract\u00e9ristiques sont les suivantes :<\/p>\n<ul>\n<li>\n<p class=\"ds-markdown-paragraph\">Surfaces de montage interchangeables pour une manipulation polyvalente des pi\u00e8ces \u00e0 usiner<\/p>\n<\/li>\n<li>\n<p class=\"ds-markdown-paragraph\">Options de bo\u00eetiers de s\u00e9curit\u00e9 disponibles pour les environnements dangereux<\/p>\n<\/li>\n<li>\n<p class=\"ds-markdown-paragraph\">M\u00e9canisme de rotation de pr\u00e9cision avec une pr\u00e9cision de positionnement de \u00b10,5\u00b0.<\/p>\n<\/li>\n<\/ul>\n<p class=\"ds-markdown-paragraph\">WUXI ABK am\u00e9liore les mod\u00e8les standard gr\u00e2ce \u00e0 des services d'ing\u00e9nierie personnalis\u00e9s :<br \/>\n- Traitements de surface sp\u00e9cialis\u00e9s pour la r\u00e9sistance \u00e0 la corrosion<br \/>\n- Int\u00e9gration de syst\u00e8mes automatis\u00e9s de retour d'information sur la position<br \/>\n- Capacit\u00e9s de contr\u00f4le de la qualit\u00e9 en temps r\u00e9el<br \/>\n- Interfaces op\u00e9rateur personnalis\u00e9es<\/p>\n<p>La conception modulaire du syst\u00e8me permet une int\u00e9gration transparente dans les lignes de production existantes, avec des interfaces d'automatisation en option pour les applications de soudage robotis\u00e9. Certifi\u00e9e CE et ISO, chaque unit\u00e9 subit des tests de qualit\u00e9 rigoureux avant d'\u00eatre exp\u00e9di\u00e9e.<\/p>\n<p><img decoding=\"async\" src=\"https:\/\/www.weldmc.com\/wp-content\/uploads\/2025\/05\/Welding-Turntable-Technical-Advantages_4.png\" alt=\"Avantages techniques de la table tournante de soudage_4\" \/> <img loading=\"lazy\" decoding=\"async\" class=\"\" src=\"https:\/\/www.weldmc.com\/wp-content\/uploads\/2025\/05\/Welding-Turntable-Technical-Advantages_3.png\" alt=\"Avantages techniques de la table tournante de soudage_3\" width=\"749\" height=\"516\" \/><\/p>\n<p><strong><b>Excellence en mati\u00e8re de fabrication<\/b><\/strong><\/p>\n<p>Nos syst\u00e8mes de rotation se caract\u00e9risent par<\/p>\n<ul>\n<li>Processus de production certifi\u00e9s ISO<\/li>\n<li>Essais de validation des performances<\/li>\n<li>Couverture \u00e9tendue des services<\/li>\n<li>R\u00e9seau mondial d'assistance technique<\/li>\n<\/ul>\n<table>\n<tbody>\n<tr>\n<td colspan=\"3\" width=\"599\"><strong>Mod\u00e8le<\/strong><\/td>\n<td width=\"354\"><strong>HB-<\/strong><strong>10<\/strong><\/td>\n<\/tr>\n<tr>\n<td width=\"363\"><strong>Capacit\u00e9 de charge<\/strong><\/td>\n<td width=\"127\">(KG)<\/td>\n<td width=\"109\"><\/td>\n<td width=\"354\">1000<\/td>\n<\/tr>\n<tr>\n<td width=\"363\"><strong>Vitesse de rotation<\/strong><\/td>\n<td width=\"127\">(RPM)<\/td>\n<td width=\"109\"><\/td>\n<td width=\"354\">0.1-1<\/td>\n<\/tr>\n<tr>\n<td width=\"363\"><strong>Taille de la table de travail<\/strong><strong>\u00a0Diam\u00e8tre<\/strong><\/td>\n<td width=\"127\">(MM)<\/td>\n<td width=\"109\"><\/td>\n<td width=\"354\">1200<\/td>\n<\/tr>\n<tr>\n<td width=\"363\"><strong>P<\/strong><strong>ower<\/strong><\/td>\n<td width=\"127\">(KW)<\/td>\n<td width=\"109\"><\/td>\n<td width=\"354\">0.75<\/td>\n<\/tr>\n<tr>\n<td width=\"363\"><strong>Alimentation \u00e9lectrique<\/strong><\/td>\n<td width=\"127\">(V)<\/td>\n<td width=\"109\">50Hz 3\u0278<\/td>\n<td width=\"354\">380<\/td>\n<\/tr>\n<tr>\n<td width=\"363\"><strong>Type de r\u00e9gulation de vitesse<\/strong><\/td>\n<td width=\"127\"><\/td>\n<td width=\"109\"><\/td>\n<td width=\"354\">R\u00e9gulation progressive de la vitesse en fonction de la fr\u00e9quence AC<\/td>\n<\/tr>\n<tr>\n<td colspan=\"4\" width=\"954\">Remarque : toutes les sp\u00e9cifications correspondent \u00e0 l'\u00e9quipement standard et peuvent \u00eatre modifi\u00e9es en fonction des besoins des clients.<\/td>\n<\/tr>\n<\/tbody>\n<\/table>\n<p><iframe title=\"Lecteur vid\u00e9o YouTube\" src=\"https:\/\/www.youtube.com\/embed\/ogA4Xe60nSw?si=kQldmzj4am4dQamH\" width=\"560\" height=\"315\" frameborder=\"0\" allowfullscreen=\"allowfullscreen\"><\/iframe><\/p>\n<p class=\"ds-markdown-paragraph\">Notre table tournante de soudage permet une rotation pr\u00e9cise de 360\u00b0 pour les pi\u00e8ces de petite et moyenne taille, y compris les tuyaux, les brides et les composants structurels. Con\u00e7u pour l'efficacit\u00e9, il est dot\u00e9 d'un contr\u00f4le de vitesse r\u00e9glable (1-10 RPM) pour assurer une qualit\u00e9 de soudure constante tout en r\u00e9duisant le temps de travail de 50% par rapport au positionnement manuel. La construction robuste supporte des charges allant jusqu'\u00e0 500 kg avec une stabilit\u00e9 exceptionnelle.<\/p>\n<p class=\"ds-markdown-paragraph\"><strong>Caract\u00e9ristiques principales :<\/strong><\/p>\n<ul>\n<li>\n<p class=\"ds-markdown-paragraph\"><strong>Rotation en douceur :<\/strong>\u00a0Mouvement continu \u00e0 360\u00b0 pour un soudage ininterrompu<\/p>\n<\/li>\n<li>\n<p class=\"ds-markdown-paragraph\"><strong>Contr\u00f4le de la vitesse variable :<\/strong>\u00a0Optimis\u00e9 pour diff\u00e9rents proc\u00e9d\u00e9s de soudage<\/p>\n<\/li>\n<li>\n<p class=\"ds-markdown-paragraph\"><strong>Construction robuste :<\/strong>\u00a0Conception durable pour une utilisation industrielle \u00e0 long terme<\/p>\n<\/li>\n<li>\n<p class=\"ds-markdown-paragraph\"><strong>Options personnalisables :<\/strong>\u00a0Disponible en configuration de d\u00e9placement motoris\u00e9 et d'entra\u00eenement direct<\/p>\n<\/li>\n<\/ul>\n<p class=\"ds-markdown-paragraph\"><strong>Points forts de la technologie :<\/strong><br \/>\n\u2714\u00a0<strong>Composants de premi\u00e8re qualit\u00e9 :<\/strong>\u00a0Des moteurs et des onduleurs de haute qualit\u00e9 pour des performances fiables<br \/>\n\u2714\u00a0<strong>Ing\u00e9nierie de pr\u00e9cision :<\/strong>\u00a0Garantit un positionnement pr\u00e9cis de la pi\u00e8ce<br \/>\n\u2714\u00a0<strong>Solutions OEM et personnalis\u00e9es :<\/strong>\u00a0Conceptions sur mesure pour r\u00e9pondre \u00e0 des besoins de production sp\u00e9cifiques<\/p>\n<p class=\"ds-markdown-paragraph\"><strong>Applications :<\/strong><\/p>\n<ul>\n<li>\n<p class=\"ds-markdown-paragraph\"><strong>Soudage de tuyaux et de brides<\/strong><\/p>\n<\/li>\n<li>\n<p class=\"ds-markdown-paragraph\"><strong>Fabrication de structures<\/strong><\/p>\n<\/li>\n<li>\n<p class=\"ds-markdown-paragraph\"><strong>Travaux d'entretien et de r\u00e9paration<\/strong><\/p>\n<\/li>\n<li>\n<p class=\"ds-markdown-paragraph\"><strong>Int\u00e9gration de la soudure robotis\u00e9e<\/strong><\/p>\n<\/li>\n<\/ul>\n<p><img decoding=\"async\" src=\"https:\/\/www.weldmc.com\/wp-content\/uploads\/2025\/05\/Welding-Turntable-Technology-Funcation.png\" alt=\"Fonctionnement du plateau tournant de soudage\" \/><\/p>\n<p><strong><b>Liste des param\u00e8tres du plateau tournant de soudage conventionnel\u00a0<\/b><\/strong><\/p>\n<p><img decoding=\"async\" src=\"https:\/\/www.weldmc.com\/wp-content\/uploads\/2025\/05\/Parameter-list-of-conventional-Welding-Turntable-.png\" alt=\"Liste des param\u00e8tres du plateau tournant de soudage conventionnel\u00a0\" \/><\/p>\n<p><strong><b>Caract\u00e9ristiques<\/b><\/strong><\/p>\n<p>1.<strong><b>Table de travail multipositions \u00e0 rainures en T<\/b><\/strong><\/p>\n<p>6 rainures en T r\u00e9sistantes (largeur 14 mm)<\/p>\n<p>Force de serrage maximale : 5000N par fente<\/p>\n<p>Positionnement r\u00e9glable sur 360<\/p>\n<p><img loading=\"lazy\" decoding=\"async\" class=\"\" src=\"https:\/\/www.weldmc.com\/wp-content\/uploads\/2025\/05\/Welding-Turntable-Technical-Advantages_9.png\" alt=\"Table tournante de soudage Avantages techniques_9\" width=\"506\" height=\"368\" \/><img decoding=\"async\" src=\"https:\/\/www.weldmc.com\/wp-content\/uploads\/2025\/05\/Welding-Turntable-Technical-Advantages_8.png\" alt=\"Table tournante de soudage Avantages techniques_8\" \/><\/p>\n<p class=\"ds-markdown-paragraph\"><strong>Caract\u00e9ristiques structurelles du plateau tournant de soudage WUXI ABK<\/strong><\/p>\n<p class=\"ds-markdown-paragraph\">Le plateau tournant de soudage est dot\u00e9 d'une construction en acier renforc\u00e9 avec six nervures de support \u00e0 haute rigidit\u00e9, garantissant une r\u00e9sistance \u00e0 la d\u00e9formation inf\u00e9rieure \u00e0 0,08 mm\/m\u00b2. Les soudures de qualit\u00e9 militaire renforcent la durabilit\u00e9 pour un usage industriel intensif.<\/p>\n<p class=\"ds-markdown-paragraph\">Le syst\u00e8me de transmission \u00e0 vis sans fin de premi\u00e8re qualit\u00e9 offre une pr\u00e9cision de niveau ISO 5 et un fonctionnement sans jeu, avec une dur\u00e9e de vie de plus de 10 000 heures. La vitesse est contr\u00f4l\u00e9e avec pr\u00e9cision par un panneau num\u00e9rique, offrant une r\u00e9gulation en continu de 0,5 \u00e0 15 tr\/min (pr\u00e9cision de \u00b11%).<\/p>\n<p class=\"ds-markdown-paragraph\">Un syst\u00e8me de contr\u00f4le intelligent simplifie les op\u00e9rations gr\u00e2ce \u00e0 une fonctionnalit\u00e9 \u00e0 touche unique et \u00e0 des alertes de lubrification automatique, le tout dans un bo\u00eetier conforme \u00e0 la norme IP54. La base stabilis\u00e9e comprend une fondation en acier de 200 mm et une mise \u00e0 niveau en 8 points, r\u00e9duisant les vibrations \u00e0 moins de 0,01 mm.<\/p>\n<p class=\"ds-markdown-paragraph\"><strong>Avantages en termes de performance :<\/strong><br \/>\n40% plus rapide que les mod\u00e8les conventionnels<br \/>\n\u2713 60% moins de d\u00e9formation de la pi\u00e8ce \u00e0 usiner<br \/>\n\u2713 30% : dur\u00e9e de vie op\u00e9rationnelle prolong\u00e9e<\/p>\n<p>1. Palier d'orientation<\/p>\n<p><img decoding=\"async\" src=\"https:\/\/www.weldmc.com\/wp-content\/uploads\/2025\/05\/Slewing-bearing.png\" alt=\"Palier d&#039;orientation\" \/><\/p>\n<p>La couronne d'orientation est l'\u00e9l\u00e9ment de base de la force de la machine, qui n\u00e9cessite une rotation relative entre les deux parties et supporte en m\u00eame temps la force axiale, la force radiale et le moment de renversement.Sa fonction de base est d'utiliser des boulons pour la fixer sur les supports sup\u00e9rieurs et inf\u00e9rieurs de l'\u00e9quipement m\u00e9canique afin de transmettre la force et l'entra\u00eenement de mani\u00e8re \u00e0 r\u00e9aliser la rotation relative entre les deux parties de l'\u00e9quipement m\u00e9canique.Le support rotatif comporte g\u00e9n\u00e9ralement des trous d'installation, des engrenages internes ou externes, des trous de lubrification et des dispositifs de scellement. Il se caract\u00e9rise par une structure compacte, un poids l\u00e9ger, une bonne structure en acier, un fonctionnement souple, une grande pr\u00e9cision, la s\u00e9curit\u00e9 et la fiabilit\u00e9.<br \/>\nLa couronne d'orientation est un \u00e9l\u00e9ment fondamental de l'\u00e9quipement m\u00e9canique et est largement utilis\u00e9e dans diverses industries de l'\u00e9conomie nationale. Il est largement utilis\u00e9 dans les machines de construction, les machines portuaires, les machines m\u00e9tallurgiques, les machines mini\u00e8res, les machines p\u00e9troli\u00e8res, les machines chimiques, les \u00e9quipements m\u00e9dicaux, les machines navales, les machines industrielles l\u00e9g\u00e8res, les machines de protection de l'environnement, les \u00e9quipements de divertissement et les machines de transport.<\/p>\n<ol start=\"2\">\n<li>Engrenages<\/li>\n<\/ol>\n<p><img decoding=\"async\" src=\"https:\/\/www.weldmc.com\/wp-content\/uploads\/2025\/05\/Gear_1.png\" alt=\"Gear_1\" \/><\/p>\n<p>L'engrenage est une pi\u00e8ce m\u00e9canique semblable \u00e0 une roue qui transmet le couple par l'engagement des dents. Gr\u00e2ce \u00e0 la transmission avec d'autres pi\u00e8ces m\u00e9caniques dent\u00e9es (telles qu'un autre engrenage, une cr\u00e9maill\u00e8re Dao et une vis sans fin), l'engrenage peut modifier la vitesse et le couple, changer la direction du mouvement et modifier la forme du mouvement.<\/p>\n<p><img decoding=\"async\" src=\"https:\/\/www.weldmc.com\/wp-content\/uploads\/2025\/05\/Gear_2.png\" alt=\"Gear_2\" \/><\/p>\n<p>3. r\u00e9ducteur<\/p>\n<p><img decoding=\"async\" src=\"https:\/\/www.weldmc.com\/wp-content\/uploads\/2025\/05\/Reducer.png\" alt=\"R\u00e9ducteur\" \/><\/p>\n<p>Le r\u00e9ducteur est une sorte de m\u00e9canisme de transmission de puissance qui utilise le convertisseur de vitesse de l'engrenage pour r\u00e9duire le nombre de rotations du moteur au nombre de rotations requis et obtenir une structure avec un couple important.<\/p>\n<p>Fonction du r\u00e9ducteur : r\u00e9duire la vitesse et augmenter le couple de sortie en m\u00eame temps. Le rapport de couple de sortie est multipli\u00e9 par le rapport de d\u00e9c\u00e9l\u00e9ration de sortie du moteur, mais il ne doit pas d\u00e9passer le couple nominal du r\u00e9ducteur.en m\u00eame temps, l'inertie du lo.ad est r\u00e9duite au carr\u00e9 du rapport de d\u00e9c\u00e9l\u00e9ration.<\/p>\n<p>4. Moteur<\/p>\n<p><img decoding=\"async\" src=\"https:\/\/www.weldmc.com\/wp-content\/uploads\/2025\/05\/Motor_2.png\" alt=\"Moteur_2\" \/> <img decoding=\"async\" src=\"https:\/\/www.weldmc.com\/wp-content\/uploads\/2025\/05\/Motor_1.png\" alt=\"Moteur_1\" \/><\/p>\n<p class=\"ds-markdown-paragraph\"><strong>Directives d'entretien du plateau tournant de soudage WUXI ABK<\/strong><\/p>\n<p class=\"ds-markdown-paragraph\">Un entretien ad\u00e9quat garantit des performances optimales et la long\u00e9vit\u00e9 de votre plateau tournant de soudage. Suivez ces proc\u00e9dures essentielles pour maintenir un fonctionnement optimal :<\/p>\n<p class=\"ds-markdown-paragraph\"><strong>Proc\u00e9dures d'entretien de base<\/strong><\/p>\n<ul>\n<li>\n<p class=\"ds-markdown-paragraph\"><strong>Soins quotidiens<\/strong>: \u00c9liminer les scories de soudage, v\u00e9rifier les niveaux de lubrification et contr\u00f4ler la s\u00e9curit\u00e9 des connexions \u00e9lectriques.<\/p>\n<\/li>\n<li>\n<p class=\"ds-markdown-paragraph\"><strong>Contr\u00f4les r\u00e9guliers<\/strong>: Serrer les boulons, examiner le m\u00e9canisme de transmission et tester les fonctions de s\u00e9curit\u00e9 tous les mois.<\/p>\n<\/li>\n<li>\n<p class=\"ds-markdown-paragraph\"><strong>Service annuel<\/strong>: Remplacer les composants us\u00e9s, relubrifier les roulements et recalibrer le syst\u00e8me pour plus de pr\u00e9cision.<\/p>\n<\/li>\n<\/ul>\n<p class=\"ds-markdown-paragraph\"><strong>Pr\u00e9vention des d\u00e9faillances et alerte pr\u00e9coce<\/strong><br \/>\nArr\u00eater imm\u00e9diatement le fonctionnement en cas de bruit anormal ou de rotation irr\u00e9guli\u00e8re afin d'\u00e9viter tout dommage suppl\u00e9mentaire.<\/p>\n<p class=\"ds-markdown-paragraph\"><strong>Avantages de la maintenance<\/strong><br \/>\n\u2713\u00a0<strong>30% : dur\u00e9e de vie plus longue des \u00e9quipements<\/strong><br \/>\n\u2713\u00a0<strong>R\u00e9duction des temps d'arr\u00eat non planifi\u00e9s<\/strong><br \/>\n\u2713\u00a0<strong>Pr\u00e9cision de soudage constante (\u00b10,5\u00b0)<\/strong><\/p>\n<p class=\"ds-markdown-paragraph\"><strong>Certification et innovation<\/strong><br \/>\nNos plateaux tournants de soudage sont\u00a0<strong>Certifi\u00e9 CE et ISO<\/strong>, int\u00e9grant\u00a0<strong>contr\u00f4les automatis\u00e9s<\/strong>\u00a0et\u00a0<strong>ing\u00e9nierie de pr\u00e9cision<\/strong>\u00a0pour des performances sup\u00e9rieures en\u00a0<strong>fabrication industrielle<\/strong>,\u00a0<strong>soudage de r\u00e9cipients sous pression<\/strong>et\u00a0<strong>cellules de soudage robotis\u00e9es<\/strong>.<\/p>\n<p><img decoding=\"async\" src=\"https:\/\/www.weldmc.com\/wp-content\/uploads\/2025\/05\/Product-certification.png\" alt=\"Certification des produits\" \/><\/p>\n<p>Wuxi ABK Machinery Co.Ltd est un fabricant professionnel de rotateur de soudage en Chine. Nos rotateurs de soudage comprennent principalement le rotateur de soudage standard, le rotateur de soudage r\u00e9glable et le rotateur de soudage sp\u00e9cial. Nous pouvons \u00e9galement fournir \u00e0 nos clients du monde entier de nombreux autres produits, y compris la table tournante de soudage, la machine de soudage de pieux, la ligne de production de tours \u00e9oliennes, la ligne de soudage de poutre en H, l'\u00e9quipement de soudage de tuyaux, la machine de coupe CNC, la rectifieuse, la machine de formage de rouleaux, la machine de pliage de plaques, etc. Nous avons obtenu les certifications ISO et CE et nous proposons \u00e9galement des services OEM.<\/p>","protected":false},"excerpt":{"rendered":"<p>Le plateau tournant de soudage WUXI ABK 1 tonne offre une rotation pr\u00e9cise (0,5-15 RPM) pour les petites pi\u00e8ces. Il comporte six rainures en T (force de serrage de 5000 N) et un entra\u00eenement par vis sans fin pour un fonctionnement en douceur. Les commandes conformes \u00e0 la norme IP54 garantissent la fiabilit\u00e9. Id\u00e9ale pour les raccords de tuyauterie et la soudure robotis\u00e9e. Certifi\u00e9e CE\/ISO et garantie de 2 ans.<\/p>","protected":false},"featured_media":2069,"comment_status":"open","ping_status":"closed","template":"","meta":{"_acf_changed":false},"product_brand":[],"product_cat":[21,29,38],"product_tag":[],"class_list":{"0":"post-996","1":"product","2":"type-product","3":"status-publish","4":"has-post-thumbnail","6":"product_cat-welding-automation","7":"product_cat-welding-positioner","8":"product_cat-welding-turntable","10":"first","11":"instock","12":"shipping-taxable","13":"product-type-simple"},"acf":[],"_links":{"self":[{"href":"https:\/\/www.weldmc.com\/fr\/wp-json\/wp\/v2\/product\/996","targetHints":{"allow":["GET"]}}],"collection":[{"href":"https:\/\/www.weldmc.com\/fr\/wp-json\/wp\/v2\/product"}],"about":[{"href":"https:\/\/www.weldmc.com\/fr\/wp-json\/wp\/v2\/types\/product"}],"replies":[{"embeddable":true,"href":"https:\/\/www.weldmc.com\/fr\/wp-json\/wp\/v2\/comments?post=996"}],"wp:featuredmedia":[{"embeddable":true,"href":"https:\/\/www.weldmc.com\/fr\/wp-json\/wp\/v2\/media\/2069"}],"wp:attachment":[{"href":"https:\/\/www.weldmc.com\/fr\/wp-json\/wp\/v2\/media?parent=996"}],"wp:term":[{"taxonomy":"product_brand","embeddable":true,"href":"https:\/\/www.weldmc.com\/fr\/wp-json\/wp\/v2\/product_brand?post=996"},{"taxonomy":"product_cat","embeddable":true,"href":"https:\/\/www.weldmc.com\/fr\/wp-json\/wp\/v2\/product_cat?post=996"},{"taxonomy":"product_tag","embeddable":true,"href":"https:\/\/www.weldmc.com\/fr\/wp-json\/wp\/v2\/product_tag?post=996"}],"curies":[{"name":"wp","href":"https:\/\/api.w.org\/{rel}","templated":true}]}}