{"id":985,"date":"2025-05-25T00:53:44","date_gmt":"2025-05-24T16:53:44","guid":{"rendered":"http:\/\/111.170.148.214:8095\/?post_type=product&#038;p=985"},"modified":"2025-10-14T15:00:50","modified_gmt":"2025-10-14T07:00:50","slug":"table-tournante-de-soudage-rotative-200kg","status":"publish","type":"product","link":"https:\/\/www.weldmc.com\/fr\/product\/table-tournante-de-soudage-rotative-200kg\/","title":{"rendered":"Table tournante de soudage rotative 200kg"},"content":{"rendered":"<p><strong><b>WUXI ABK Welding Equipment : Solutions de rotation de pr\u00e9cision<\/b><\/strong><\/p>\n<p><img fetchpriority=\"high\" decoding=\"async\" class=\"\" src=\"https:\/\/www.weldmc.com\/wp-content\/uploads\/2025\/05\/3cc87cef83089b4640b34d1f52f77d4.jpg\" alt=\"Table tournante de soudage\" width=\"706\" height=\"530\" \/><\/p>\n<p><strong><b>Avantages techniques<\/b><\/strong><\/p>\n<p>\u2714 Rotation programmable - La commande num\u00e9rique maintient une vitesse de 0,1 \u00e0 1,2 tr\/min pour r\u00e9pondre aux diff\u00e9rentes exigences d'assemblage.<\/p>\n<p>\u2714 Optimisation de la charge - Capacit\u00e9 standard de 1 \u00e0 50 tonnes, avec possibilit\u00e9 de configurations personnalis\u00e9es<\/p>\n<p>\u2714 Surface adaptable - La table de travail modulaire accepte des assemblages d'un diam\u00e8tre de 800 \u00e0 6000 mm<\/p>\n<p>\u2714 Mouvement de pr\u00e9cision - la r\u00e9p\u00e9tabilit\u00e9 de \u00b10,5 mm garantit la pr\u00e9cision de l'articulation<\/p>\n<p><img decoding=\"async\" class=\"\" src=\"https:\/\/www.weldmc.com\/wp-content\/uploads\/2025\/05\/welding-turntabe_1.jpg\" alt=\"\" width=\"707\" height=\"530\" \/> <img decoding=\"async\" class=\"\" src=\"https:\/\/www.weldmc.com\/wp-content\/uploads\/2025\/05\/welding-turntabe_2.jpg\" alt=\"table tournante de soudage_30T\" width=\"707\" height=\"398\" \/><\/p>\n<p class=\"ds-markdown-paragraph\">Les\u00a0<strong>Plateau tournant de soudage WUXI ABK 200kg<\/strong>\u00a0est un syst\u00e8me d'ing\u00e9nierie de pr\u00e9cision\u00a0<strong>positionneur de soudage rotatif<\/strong>\u00a0con\u00e7u pour\u00a0<strong>fabrication industrielle<\/strong>\u00a0de composants critiques. Ce syst\u00e8me robuste\u00a0<strong>automatisation du soudage<\/strong>\u00a0La solution de la Commission europ\u00e9enne excelle dans les domaines suivants\u00a0<strong>production de r\u00e9cipients sous pression<\/strong>,\u00a0<strong>fabrication d'\u00e9quipements \u00e9nerg\u00e9tiques<\/strong>,\u00a0<strong>soudage des charpentes d'acier<\/strong>et\u00a0<strong>construction maritime<\/strong>\u00a0des applications, en fournissant des\u00a0<strong>rotation de la pi\u00e8ce<\/strong>\u00a0pour une qualit\u00e9 de soudure constante.<\/p>\n<p class=\"ds-markdown-paragraph\"><strong>Caract\u00e9ristiques principales<\/strong><\/p>\n<ul>\n<li>\n<p class=\"ds-markdown-paragraph\"><strong>Construction robuste<\/strong>\u00a0avec des roulements de qualit\u00e9 industrielle supportant\u00a0<strong>Capacit\u00e9 de charge de 200 kg<\/strong><\/p>\n<\/li>\n<li>\n<p class=\"ds-markdown-paragraph\"><strong>Entra\u00eenement \u00e0 fr\u00e9quence variable<\/strong>\u00a0syst\u00e8me permettant\u00a0<strong>Contr\u00f4le de la vitesse de 5 \u00e0 60 tours\/minute<\/strong>\u00a0pour des param\u00e8tres de soudure optimaux<\/p>\n<\/li>\n<li>\n<p class=\"ds-markdown-paragraph\"><strong>Plaques de montage interchangeables<\/strong>\u00a0(standard\/brides) pour les produits flexibles\u00a0<strong>compatibilit\u00e9 des appareils<\/strong><\/p>\n<\/li>\n<li>\n<p class=\"ds-markdown-paragraph\"><strong>Bo\u00eetiers de s\u00e9curit\u00e9<\/strong>\u00a0(IP54 en option) pour les applications dangereuses\u00a0<strong>environnements d'atelier<\/strong><\/p>\n<\/li>\n<\/ul>\n<p class=\"ds-markdown-paragraph\">Notre\u00a0<strong>plateaux tournants de soudage<\/strong>\u00a0incorporer\u00a0<strong>rotation de pr\u00e9cision<\/strong>\u00a0avec :<br \/>\n\u2713\u00a0<strong>Pr\u00e9cision de positionnement &lt;0,1\u00b0.<\/strong>\u00a0via le retour d'information du servo<br \/>\n\u2713\u00a0<strong>Surveillance int\u00e9gr\u00e9e du couple<\/strong>\u00a0pour \u00e9viter les surcharges<br \/>\n\u2713\u00a0<strong>Conception modulaire<\/strong>\u00a0permettant\u00a0<strong>traitements de surface personnalis\u00e9s<\/strong>\u00a0(par exemple, le placage de cuivre pour les\u00a0<strong>dissipation de la chaleur<\/strong>)<\/p>\n<p class=\"ds-markdown-paragraph\"><strong>Options d'ing\u00e9nierie personnalis\u00e9e<\/strong><br \/>\nWUXI ABK livre\u00a0<strong>des solutions de soudage sur mesure<\/strong>\u00a0y compris :<\/p>\n<ul>\n<li>\n<p class=\"ds-markdown-paragraph\"><strong>Suivi automatis\u00e9 de la position<\/strong>\u00a0avec retour d'information de l'encodeur<\/p>\n<\/li>\n<li>\n<p class=\"ds-markdown-paragraph\"><strong>Contr\u00f4le de la qualit\u00e9 des soudures en temps r\u00e9el<\/strong>\u00a0syst\u00e8mes<\/p>\n<\/li>\n<li>\n<p class=\"ds-markdown-paragraph\"><strong>Interfaces IHM ergonomiques<\/strong>\u00a0avec pr\u00e9r\u00e9glage\u00a0<strong>programmes de soudage<\/strong><\/p>\n<\/li>\n<\/ul>\n<p class=\"ds-markdown-paragraph\"><strong>Normes de fabrication<\/strong><br \/>\nTous les\u00a0<strong>positionneur de soudure<\/strong>\u00a0subit :<br \/>\n\u25c6\u00a0<strong>Production certifi\u00e9e ISO 9001<\/strong><br \/>\n\u25c6\u00a0<strong>Test d'endurance de 72 heures<\/strong><br \/>\n\u25c6\u00a0<strong>Conformit\u00e9 mondiale CE\/ASME<\/strong><br \/>\n\u25c6\u00a0<strong>Garantie de 3 ans sur les composants critiques<\/strong><\/p>\n<table>\n<tbody>\n<tr>\n<td colspan=\"3\" width=\"599\"><strong><b>Description de la<\/b><\/strong><strong><b>\u00a0<\/b><\/strong><strong><b>S\u00e9rie HB<\/b><\/strong><strong><b>\u00a0<\/b><\/strong><strong><b>Soudage <\/b><\/strong><strong><b>Plateau tournant<\/b><\/strong><strong><b>:<\/b><\/strong><br \/>\nWUXI ABK Welding Equipment : Solutions de rotation de pr\u00e9cision<\/td>\n<td width=\"354\"><strong>HB-<\/strong><strong>02<\/strong><\/td>\n<\/tr>\n<tr>\n<td width=\"402\"><strong>Capacit\u00e9 de charge<\/strong><\/td>\n<td width=\"99\">(KG)<\/td>\n<td width=\"98\"><\/td>\n<td width=\"354\">200<\/td>\n<\/tr>\n<tr>\n<td width=\"402\"><strong>Vitesse de rotation<\/strong><\/td>\n<td width=\"99\">(RPM)<\/td>\n<td width=\"98\"><\/td>\n<td width=\"354\">0.1-1<\/td>\n<\/tr>\n<tr>\n<td width=\"402\"><strong>Taille de la table de travail<\/strong><strong>\u00a0Diam\u00e8tre<\/strong><\/td>\n<td width=\"99\">(MM)<\/td>\n<td width=\"98\"><\/td>\n<td width=\"354\">600<\/td>\n<\/tr>\n<tr>\n<td width=\"402\"><strong>P<\/strong><strong>ower<\/strong><\/td>\n<td width=\"99\">(KW)<\/td>\n<td width=\"98\"><\/td>\n<td width=\"354\">0.37<\/td>\n<\/tr>\n<tr>\n<td width=\"402\"><strong>Alimentation \u00e9lectrique<\/strong><\/td>\n<td width=\"99\">(V)<\/td>\n<td width=\"98\">50Hz 3\u0278<\/td>\n<td width=\"354\">380 (D\u00e9termin\u00e9 en fonction des besoins du client)<\/td>\n<\/tr>\n<tr>\n<td width=\"402\"><strong>Type de r\u00e9gulation de vitesse<\/strong><\/td>\n<td width=\"99\"><\/td>\n<td width=\"98\"><\/td>\n<td width=\"354\">R\u00e9gulation progressive de la vitesse en fonction de la fr\u00e9quence AC<\/td>\n<\/tr>\n<tr>\n<td colspan=\"4\" width=\"954\">Remarque : toutes les sp\u00e9cifications correspondent \u00e0 l'\u00e9quipement standard et peuvent \u00eatre modifi\u00e9es en fonction des besoins des clients.<\/td>\n<\/tr>\n<\/tbody>\n<\/table>\n<p>&nbsp;<\/p>\n<p><iframe title=\"Lecteur vid\u00e9o YouTube\" src=\"https:\/\/www.youtube.com\/embed\/ogA4Xe60nSw?si=kQldmzj4am4dQamH\" width=\"560\" height=\"315\" frameborder=\"0\" allowfullscreen=\"allowfullscreen\"><\/iframe><\/p>\n<p class=\"ds-markdown-paragraph\">Les\u00a0<strong>Plateau tournant de soudage WUXI ABK 200kg<\/strong>\u00a0est un\u00a0<strong>plate-forme rotative de pr\u00e9cision<\/strong>\u00a0con\u00e7u pour le soudage efficace des\u00a0<strong>pi\u00e8ces de petite et moyenne taille<\/strong>, y compris\u00a0<strong>les tuyaux, les brides et les structures m\u00e9talliques<\/strong>. Con\u00e7u pour\u00a0<strong>applications industrielles de soudage<\/strong>, ce\u00a0<strong>positionneur de soudure<\/strong>\u00a0livre\u00a0<strong>Rotation douce de 360<\/strong>permettant aux op\u00e9rateurs de souder tous les c\u00f4t\u00e9s sans avoir \u00e0 se repositionner. Avec\u00a0<strong>contr\u00f4le de la vitesse r\u00e9glable (1-10 RPM)<\/strong>il garantit\u00a0<strong>coh\u00e9rence parfaite des coutures<\/strong>\u00a0pour\u00a0<strong>des soudures de haute qualit\u00e9<\/strong>\u00a0en\u00a0<strong>ateliers de fabrication<\/strong>\u00a0et\u00a0<strong>lignes de production<\/strong>.<\/p>\n<p class=\"ds-markdown-paragraph\"><strong>Caract\u00e9ristiques principales :<\/strong><\/p>\n<ul>\n<li>\n<p class=\"ds-markdown-paragraph\"><strong>Construction robuste<\/strong>\u00a0prend en charge jusqu'\u00e0\u00a0<strong>200kg (500kg en option)<\/strong>\u00a0pour un fonctionnement stable<\/p>\n<\/li>\n<li>\n<p class=\"ds-markdown-paragraph\"><strong>Syst\u00e8me d'entra\u00eenement direct<\/strong>\u00a0avec\u00a0<strong>contr\u00f4le de l'onduleur<\/strong>\u00a0pour une r\u00e9gulation pr\u00e9cise de la vitesse<\/p>\n<\/li>\n<li>\n<p class=\"ds-markdown-paragraph\"><strong>Option de d\u00e9placement motoris\u00e9<\/strong>\u00a0am\u00e9liore la mobilit\u00e9 en\u00a0<strong>environnements d'atelier<\/strong><\/p>\n<\/li>\n<li>\n<p class=\"ds-markdown-paragraph\"><strong>Personnalisation OEM<\/strong>\u00a0disponible pour les services sp\u00e9cialis\u00e9s\u00a0<strong>applications de soudage<\/strong><\/p>\n<\/li>\n<\/ul>\n<p class=\"ds-markdown-paragraph\"><strong>Avantages en termes de performances :<\/strong><br \/>\n\u2713\u00a0<strong>50% soudage plus rapide<\/strong>\u00a0par rapport aux m\u00e9thodes manuelles<br \/>\n\u2713\u00a0<strong>R\u00e9duction des co\u00fbts de main-d'\u0153uvre<\/strong>\u00a0avec rotation automatis\u00e9e<br \/>\n\u2713\u00a0<strong>Composants durables<\/strong>\u00a0pour une fiabilit\u00e9 \u00e0 long terme<br \/>\n\u2713\u00a0<strong>Int\u00e9gration facile<\/strong>\u00a0avec\u00a0<strong>Syst\u00e8mes de soudage MIG, TIG et robotique<\/strong><\/p>\n<p class=\"ds-markdown-paragraph\"><strong>Sp\u00e9cifications techniques :<\/strong><\/p>\n<ul>\n<li>\n<p class=\"ds-markdown-paragraph\"><strong>Capacit\u00e9 de charge :<\/strong>\u00a0200 kg (standard) \/ 500 kg (en option)<\/p>\n<\/li>\n<li>\n<p class=\"ds-markdown-paragraph\"><strong>Vitesse de rotation :<\/strong>\u00a01-10 RPM (r\u00e9glage progressif)<\/p>\n<\/li>\n<li>\n<p class=\"ds-markdown-paragraph\"><strong>Syst\u00e8me d'entra\u00eenement :<\/strong>\u00a0Couple \u00e9lev\u00e9\u00a0<strong>servomoteur<\/strong><\/p>\n<\/li>\n<li>\n<p class=\"ds-markdown-paragraph\"><strong>Interface de contr\u00f4le :<\/strong>\u00a0Convivialit\u00e9\u00a0<strong>Panneau IHM<\/strong><\/p>\n<\/li>\n<li>\n<p class=\"ds-markdown-paragraph\"><strong>Alimentation \u00e9lectrique :<\/strong>\u00a0220V\/380V, 50\/60Hz<\/p>\n<\/li>\n<\/ul>\n<p class=\"ds-markdown-paragraph\"><strong>Applications :<\/strong><\/p>\n<ul>\n<li>\n<p class=\"ds-markdown-paragraph\"><strong>Soudage de tuyaux<\/strong>\u00a0pour\u00a0<strong>les syst\u00e8mes de plomberie et de chauffage, de ventilation et de climatisation<\/strong><\/p>\n<\/li>\n<li>\n<p class=\"ds-markdown-paragraph\"><strong>Fabrication des brides<\/strong>\u00a0en\u00a0<strong>industries p\u00e9troli\u00e8res et gazi\u00e8res<\/strong><\/p>\n<\/li>\n<li>\n<p class=\"ds-markdown-paragraph\"><strong>Soudage structurel<\/strong>\u00a0pour\u00a0<strong>cadres et assemblages m\u00e9talliques<\/strong><\/p>\n<\/li>\n<li>\n<p class=\"ds-markdown-paragraph\"><strong>Production de pi\u00e8ces automobiles et de machines<\/strong><\/p>\n<\/li>\n<\/ul>\n<p class=\"ds-markdown-paragraph\"><strong>Pourquoi choisir WUXI ABK ?<\/strong><\/p>\n<ul>\n<li>\n<p class=\"ds-markdown-paragraph\"><strong>20 ans et plus<\/strong>\u00a0de\u00a0<strong>la fabrication de mat\u00e9riel de soudage<\/strong>\u00a0expertise<\/p>\n<\/li>\n<li>\n<p class=\"ds-markdown-paragraph\"><strong>Certifi\u00e9 CE et ISO<\/strong>\u00a0pour l'assurance qualit\u00e9<\/p>\n<\/li>\n<li>\n<p class=\"ds-markdown-paragraph\"><strong>Assistance technique 24 heures sur 24, 7 jours sur 7<\/strong>\u00a0et\u00a0<strong>des solutions personnalis\u00e9es<\/strong><\/p>\n<\/li>\n<\/ul>\n<p><img decoding=\"async\" src=\"https:\/\/www.weldmc.com\/wp-content\/uploads\/2025\/05\/Welding-Turntable-Technology-Funcation.png\" alt=\"Fonctionnement du plateau tournant de soudage\" \/><\/p>\n<p><strong><b>Liste des param\u00e8tres du plateau tournant de soudage conventionnel\u00a0<\/b><\/strong><\/p>\n<p><img decoding=\"async\" src=\"https:\/\/www.weldmc.com\/wp-content\/uploads\/2025\/05\/Parameter-list-of-conventional-Welding-Turntable-.png\" alt=\"Liste des param\u00e8tres du plateau tournant de soudage conventionnel\u00a0\" \/><\/p>\n<p><strong><b>Caract\u00e9ristiques<\/b><\/strong><\/p>\n<p>1. <strong><b>Table de travail multipositions \u00e0 rainures en T<\/b><\/strong><\/p>\n<p>6 rainures en T r\u00e9sistantes (largeur 14 mm)<\/p>\n<p>Force de serrage maximale : 5000N par fente<\/p>\n<p>Positionnement r\u00e9glable sur 360<\/p>\n<p><strong><b>2. Construction en acier renforc\u00e9<\/b><\/strong><\/p>\n<p>6 nervures de soutien \u00e0 haute rigidit\u00e9<\/p>\n<p>R\u00e9sistance \u00e0 la d\u00e9formation &lt;0,08mm\/m\u00b2.<\/p>\n<p>Soudures de qualit\u00e9 militaire<\/p>\n<p>3. <strong><b>Transmission \u00e0 vis sans fin de premi\u00e8re qualit\u00e9<\/b><\/strong><\/p>\n<p>Engrenage rectifi\u00e9 avec pr\u00e9cision (pr\u00e9cision ISO 5)<\/p>\n<p>Fonctionnement sans jeu<\/p>\n<p>Dur\u00e9e de vie de plus de 10 000 heures<\/p>\n<p>4. <strong><b>R\u00e9gulation progressive de la vitesse<\/b><\/strong><\/p>\n<p>Panneau de contr\u00f4le num\u00e9rique<\/p>\n<p>Plage variable de 0,5 \u00e0 15 tr\/min<\/p>\n<p>\u00b11% pr\u00e9cision de la vitesse<\/p>\n<p>5. <strong><b>Syst\u00e8me de contr\u00f4le intelligent<\/b><\/strong><\/p>\n<p>Interface de fonctionnement \u00e0 touche unique<\/p>\n<p>Rappels automatiques de lubrification<\/p>\n<p>Indice de protection IP54<\/p>\n<p>6. <strong><b>Base stabilis\u00e9e pour charges lourdes<\/b><\/strong><\/p>\n<p>Fondations en t\u00f4le d'acier de 200 mm d'\u00e9paisseur<\/p>\n<p>Syst\u00e8me de mise \u00e0 niveau \u00e0 8 points<\/p>\n<p>Absorption des vibrations &lt;0,01mm<\/p>\n<p><strong><b>Avantages en termes de performances :<\/b><\/strong><\/p>\n<p>\u2713 40% : temps de pr\u00e9paration plus rapide<\/p>\n<p>\u2713 60% r\u00e9duction de la d\u00e9formation des pi\u00e8ces<\/p>\n<p>\u2713 30% plus longue dur\u00e9e de vie de l'\u00e9quipement<\/p>\n<p>1. Palier d'orientation<\/p>\n<p><img decoding=\"async\" src=\"https:\/\/www.weldmc.com\/wp-content\/uploads\/2025\/05\/Slewing-bearing.png\" alt=\"Palier d&#039;orientation\" \/><\/p>\n<p>La couronne d'orientation est l'\u00e9l\u00e9ment de base de la force de la machine, qui n\u00e9cessite une rotation relative entre les deux parties et supporte en m\u00eame temps la force axiale, la force radiale et le moment de renversement.Sa fonction de base est d'utiliser des boulons pour la fixer sur les supports sup\u00e9rieurs et inf\u00e9rieurs de l'\u00e9quipement m\u00e9canique afin de transmettre la force et l'entra\u00eenement de mani\u00e8re \u00e0 r\u00e9aliser la rotation relative entre les deux parties de l'\u00e9quipement m\u00e9canique.Le support rotatif comporte g\u00e9n\u00e9ralement des trous d'installation, des engrenages internes ou externes, des trous de lubrification et des dispositifs de scellement. Il se caract\u00e9rise par une structure compacte, un poids l\u00e9ger, une bonne structure en acier, un fonctionnement souple, une grande pr\u00e9cision, la s\u00e9curit\u00e9 et la fiabilit\u00e9.<br \/>\nLa couronne d'orientation est un \u00e9l\u00e9ment fondamental de l'\u00e9quipement m\u00e9canique et est largement utilis\u00e9e dans diverses industries de l'\u00e9conomie nationale. Il est largement utilis\u00e9 dans les machines de construction, les machines portuaires, les machines m\u00e9tallurgiques, les machines mini\u00e8res, les machines p\u00e9troli\u00e8res, les machines chimiques, les \u00e9quipements m\u00e9dicaux, les machines navales, les machines industrielles l\u00e9g\u00e8res, les machines de protection de l'environnement, les \u00e9quipements de divertissement et les machines de transport.<\/p>\n<ol start=\"2\">\n<li>Engrenages<\/li>\n<\/ol>\n<p><img decoding=\"async\" src=\"https:\/\/www.weldmc.com\/wp-content\/uploads\/2025\/05\/Gear_1.png\" alt=\"Gear_1\" \/><\/p>\n<p>L'engrenage est une pi\u00e8ce m\u00e9canique semblable \u00e0 une roue qui transmet le couple par l'engagement des dents. Gr\u00e2ce \u00e0 la transmission avec d'autres pi\u00e8ces m\u00e9caniques dent\u00e9es (telles qu'un autre engrenage, une cr\u00e9maill\u00e8re Dao et une vis sans fin), l'engrenage peut modifier la vitesse et le couple, changer la direction du mouvement et modifier la forme du mouvement.<\/p>\n<p><img decoding=\"async\" src=\"https:\/\/www.weldmc.com\/wp-content\/uploads\/2025\/05\/Gear_2.png\" alt=\"Gear_2\" \/><\/p>\n<p>3. r\u00e9ducteur<\/p>\n<p><img decoding=\"async\" src=\"https:\/\/www.weldmc.com\/wp-content\/uploads\/2025\/05\/Reducer.png\" alt=\"R\u00e9ducteur\" \/><\/p>\n<p>Le r\u00e9ducteur est une sorte de m\u00e9canisme de transmission de puissance qui utilise le convertisseur de vitesse de l'engrenage pour r\u00e9duire le nombre de rotations du moteur au nombre de rotations requis et obtenir une structure avec un couple important.<\/p>\n<p>Fonction du r\u00e9ducteur : r\u00e9duire la vitesse et augmenter le couple de sortie en m\u00eame temps. Le rapport de couple de sortie est multipli\u00e9 par le rapport de d\u00e9c\u00e9l\u00e9ration de sortie du moteur, mais il ne doit pas d\u00e9passer le couple nominal du r\u00e9ducteur.en m\u00eame temps, l'inertie du lo.ad est r\u00e9duite au carr\u00e9 du rapport de d\u00e9c\u00e9l\u00e9ration.<\/p>\n<p>4. Moteur<\/p>\n<p><img decoding=\"async\" src=\"https:\/\/www.weldmc.com\/wp-content\/uploads\/2025\/05\/Motor_2.png\" alt=\"Moteur_2\" \/> <img decoding=\"async\" src=\"https:\/\/www.weldmc.com\/wp-content\/uploads\/2025\/05\/Motor_1.png\" alt=\"Moteur_1\" \/><\/p>\n<p><strong><b>Soudage <\/b><\/strong><strong><b>Plateau tournant<\/b><\/strong><strong><b>\u00a0Lignes directrices pour l'entretien<\/b><\/strong><\/p>\n<p><strong><b>Contenu de base de la maintenance<\/b><\/strong><\/p>\n<p>Entretien quotidien - nettoyage du laitier de soudure, v\u00e9rification de la lubrification et de la s\u00e9curit\u00e9 \u00e9lectrique.<\/p>\n<p>Entretien r\u00e9gulier - resserrer les boulons, v\u00e9rifier le m\u00e9canisme de transmission et tester la fonction de s\u00e9curit\u00e9.<\/p>\n<p>Entretien approfondi - remplacement annuel des pi\u00e8ces us\u00e9es, relubrification et \u00e9talonnage du syst\u00e8me<\/p>\n<p>Alerte pr\u00e9coce - Arr\u00eat imm\u00e9diat en cas de bruit anormal ou de rotation irr\u00e9guli\u00e8re.<\/p>\n<p><strong><b>Maintenir la valeur<\/b><\/strong><\/p>\n<ul>\n<li>Prolonger la dur\u00e9e de vie des \u00e9quipements de plus de 30%<\/li>\n<li>R\u00e9duire les temps d'arr\u00eat soudains<\/li>\n<li>Assurer la stabilit\u00e9 de la pr\u00e9cision du soudage.<\/li>\n<\/ul>\n<p><strong><b>Certification des produits<\/b><\/strong><br \/>\nEntrez dans l'avenir de la technologie du soudage gr\u00e2ce \u00e0 nos solutions de pointe.<br \/>\nDes processus automatis\u00e9s aux commandes intuitives, nos produits sont \u00e0 la pointe de l'innovation et vous fournissent les outils dont vous avez besoin pour rester en t\u00eate sur le march\u00e9 concurrentiel d'aujourd'hui !<\/p>\n<p><img decoding=\"async\" src=\"https:\/\/www.weldmc.com\/wp-content\/uploads\/2025\/05\/Product-certification.png\" alt=\"Certification des produits\" \/><\/p>\n<p>Wuxi ABK Machinery Co.Ltd est un fabricant professionnel de rotateur de soudage en Chine. Nos rotateurs de soudage comprennent principalement le rotateur de soudage standard, le rotateur de soudage r\u00e9glable et le rotateur de soudage sp\u00e9cial. Nous pouvons \u00e9galement fournir \u00e0 nos clients du monde entier de nombreux autres produits, y compris la table tournante de soudage, la machine de soudage de pieux, la ligne de production de tours \u00e9oliennes, la ligne de soudage de poutre en H, l'\u00e9quipement de soudage de tuyaux, la machine de coupe CNC, la rectifieuse, la machine de formage de rouleaux, la machine de pliage de plaques, etc. Nous avons obtenu les certifications ISO et CE et nous proposons \u00e9galement des services OEM.<\/p>","protected":false},"excerpt":{"rendered":"<p>Un syst\u00e8me de\u00a0<strong>table tournante de soudage<\/strong>\u00a0con\u00e7u pour 360\u00a0<strong>soudage par rotation<\/strong>\u00a0de tuyaux, de brides et de petites structures. Caract\u00e9ristiques\u00a0<strong>Vitesse r\u00e9glable de 1 \u00e0 10 tr\/min<\/strong>,\u00a0<strong>Capacit\u00e9 de charge de 200 kg<\/strong>et\u00a0<strong>Pr\u00e9cision de positionnement \u00b10,5<\/strong>. Id\u00e9al pour\u00a0<strong>soudage manuel<\/strong>\u00a0et\u00a0<strong>int\u00e9gration du soudage robotis\u00e9<\/strong>.\u00a0<strong>Certifi\u00e9 CE\/ISO<\/strong>\u00a0avec\u00a0<strong>entra\u00eenement par servomoteur<\/strong>\u00a0pour des performances de pr\u00e9cision.<\/p>","protected":false},"featured_media":2074,"comment_status":"open","ping_status":"closed","template":"","meta":{"_acf_changed":false},"product_brand":[],"product_cat":[21,29,38],"product_tag":[],"class_list":{"0":"post-985","1":"product","2":"type-product","3":"status-publish","4":"has-post-thumbnail","6":"product_cat-welding-automation","7":"product_cat-welding-positioner","8":"product_cat-welding-turntable","10":"first","11":"instock","12":"shipping-taxable","13":"product-type-simple"},"acf":[],"_links":{"self":[{"href":"https:\/\/www.weldmc.com\/fr\/wp-json\/wp\/v2\/product\/985","targetHints":{"allow":["GET"]}}],"collection":[{"href":"https:\/\/www.weldmc.com\/fr\/wp-json\/wp\/v2\/product"}],"about":[{"href":"https:\/\/www.weldmc.com\/fr\/wp-json\/wp\/v2\/types\/product"}],"replies":[{"embeddable":true,"href":"https:\/\/www.weldmc.com\/fr\/wp-json\/wp\/v2\/comments?post=985"}],"wp:featuredmedia":[{"embeddable":true,"href":"https:\/\/www.weldmc.com\/fr\/wp-json\/wp\/v2\/media\/2074"}],"wp:attachment":[{"href":"https:\/\/www.weldmc.com\/fr\/wp-json\/wp\/v2\/media?parent=985"}],"wp:term":[{"taxonomy":"product_brand","embeddable":true,"href":"https:\/\/www.weldmc.com\/fr\/wp-json\/wp\/v2\/product_brand?post=985"},{"taxonomy":"product_cat","embeddable":true,"href":"https:\/\/www.weldmc.com\/fr\/wp-json\/wp\/v2\/product_cat?post=985"},{"taxonomy":"product_tag","embeddable":true,"href":"https:\/\/www.weldmc.com\/fr\/wp-json\/wp\/v2\/product_tag?post=985"}],"curies":[{"name":"wp","href":"https:\/\/api.w.org\/{rel}","templated":true}]}}