{"id":976,"date":"2025-05-24T23:51:53","date_gmt":"2025-05-24T15:51:53","guid":{"rendered":"http:\/\/111.170.148.214:8095\/?post_type=product&#038;p=976"},"modified":"2025-09-12T14:51:50","modified_gmt":"2025-09-12T06:51:50","slug":"rotateur-de-soudage-special","status":"publish","type":"product","link":"https:\/\/www.weldmc.com\/fr\/product\/rotateur-de-soudage-special\/","title":{"rendered":"Rotateur de soudage sp\u00e9cial"},"content":{"rendered":"<p>Rotateur de soudage sp\u00e9cial | Positionnement robuste \u00e0 360\u00b0 | Personnalisable pour le soudage industriel Rotation pr\u00e9cise (0,1 mm) | Super charge (50t) | Contr\u00f4le intelligent (PLC\/HMI)<\/p>\n<h4><strong>Liste des param\u00e8tres de base<\/strong><\/h4>\n<table>\n<tbody>\n<tr>\n<td width=\"164\"><strong>Terme du param\u00e8tre<\/strong><\/td>\n<td width=\"179\"><strong>T<\/strong><strong>ecifications techniques<\/strong><\/td>\n<\/tr>\n<tr>\n<td width=\"164\"><strong>L<\/strong><strong>Capacit\u00e9 de charge<\/strong><\/td>\n<td width=\"179\">5-50 tonnes (peut \u00eatre personnalis\u00e9)<\/td>\n<\/tr>\n<tr>\n<td width=\"164\"><strong>Pr\u00e9cision de rotation<\/strong><\/td>\n<td width=\"179\">\u00b10,1mm\/m (calibrage laser)<\/td>\n<\/tr>\n<tr>\n<td width=\"164\"><strong>Gamme de vitesse<\/strong><\/td>\n<td width=\"179\">0,05-2 RPM (r\u00e9gulation de la vitesse en continu)<\/td>\n<\/tr>\n<tr>\n<td width=\"164\"><strong>Syst\u00e8me d'entra\u00eenement<\/strong><\/td>\n<td width=\"179\">Double servomoteur + r\u00e9ducteur plan\u00e9taire<\/td>\n<\/tr>\n<tr>\n<td width=\"164\"><strong>Diam\u00e8tre de la pi\u00e8ce \u00e0 usiner<\/strong><\/td>\n<td width=\"179\">300 mm-10 m (compatible avec les mod\u00e8les non standard)<\/td>\n<\/tr>\n<tr>\n<td width=\"164\"><strong>P<\/strong><strong>exigences en mati\u00e8re de puissance<\/strong><\/td>\n<td width=\"179\">380V\/50Hz (moteur antid\u00e9flagrant en option)<\/td>\n<\/tr>\n<tr>\n<td width=\"164\"><strong>Mode de contr\u00f4le<\/strong><\/td>\n<td width=\"179\">PLC \u00e0 \u00e9cran tactile (20 programmes de soudage pr\u00e9d\u00e9finis)<\/td>\n<\/tr>\n<\/tbody>\n<\/table>\n<p>&nbsp;<\/p>\n<p>\u2705 Rotation pr\u00e9cise (\u00b10,1 mm) | \u2705 Super charge (50T) | \u2705 Contr\u00f4le intelligent (PLC\/HMI)<\/p>\n<p><iframe title=\"Lecteur vid\u00e9o YouTube\" src=\"https:\/\/www.youtube.com\/embed\/Ut-ppNAr-oo?si=XUOZYAuaevox1WaZ\" width=\"560\" height=\"315\" frameborder=\"0\" allowfullscreen=\"allowfullscreen\"><\/iframe><\/p>\n<p><strong><b>Structure \u00e0 haute rigidit\u00e9<\/b><\/strong><\/p>\n<p>Cadre en acier en forme de bo\u00eete + rouleau antid\u00e9rapant en polyur\u00e9thane, la r\u00e9sistance \u00e0 la d\u00e9formation est am\u00e9lior\u00e9e de 40%.<\/p>\n<p><img fetchpriority=\"high\" decoding=\"async\" class=\"alignnone wp-image-978 size-large\" src=\"http:\/\/111.170.148.214:8095\/wp-content\/uploads\/2025\/05\/\u56fe\u724716-856x1024.png\" alt=\"Rotateur de soudage sp\u00e9cial\" width=\"856\" height=\"1024\" srcset=\"https:\/\/www.weldmc.com\/wp-content\/uploads\/2025\/05\/\u56fe\u724716-856x1024.png 856w, https:\/\/www.weldmc.com\/wp-content\/uploads\/2025\/05\/\u56fe\u724716-251x300.png 251w, https:\/\/www.weldmc.com\/wp-content\/uploads\/2025\/05\/\u56fe\u724716-768x919.png 768w, https:\/\/www.weldmc.com\/wp-content\/uploads\/2025\/05\/\u56fe\u724716-600x718.png 600w, https:\/\/www.weldmc.com\/wp-content\/uploads\/2025\/05\/\u56fe\u724716.png 1020w\" sizes=\"(max-width: 856px) 100vw, 856px\" \/><\/p>\n<p>Pour mieux r\u00e9pondre aux besoins des clients, nous proposons une gamme de rotateurs de soudage sp\u00e9cialis\u00e9s, notamment des rotateurs de roues en PU, des rotateurs de levage hydraulique et des rotateurs de montage. Ces machines sont id\u00e9ales pour les pipelines, les tours d'\u00e9oliennes, les appareils \u00e0 pression et les petits tuyaux.<\/p>\n<p>Nous proposons \u00e9galement des services de conception et de fabrication sur mesure pour r\u00e9pondre aux exigences de projets sp\u00e9cifiques.<\/p>\n<p><img decoding=\"async\" class=\"alignnone size-full wp-image-877\" src=\"http:\/\/111.170.148.214:8095\/wp-content\/uploads\/2025\/05\/Motor-1.jpg\" alt=\"Rotateur de soudage sp\u00e9cial\" width=\"676\" height=\"508\" \/> <img decoding=\"async\" class=\"alignnone size-full wp-image-875\" src=\"http:\/\/111.170.148.214:8095\/wp-content\/uploads\/2025\/05\/Motor.jpg\" alt=\"Rotateur de soudage sp\u00e9cial\" width=\"630\" height=\"246\" \/><\/p>\n<p class=\"ds-markdown-paragraph\"><strong>Moteur et lignes directrices pour l'entretien<\/strong><br \/>\nL'ABK WUXI\u00a0<strong>Rotateur de soudage sp\u00e9cial<\/strong>\u00a0est con\u00e7u pour\u00a0<strong>applications industrielles lourdes<\/strong>, y compris\u00a0<strong>fabrication d'appareils \u00e0 pression<\/strong>,\u00a0<strong>production de m\u00e2ts d'\u00e9olienne<\/strong>et\u00a0<strong>construction navale<\/strong>. Avant l'utilisation, nettoyez soigneusement le rotateur et prot\u00e9gez l'appareil.\u00a0<strong>rouleaux en caoutchouc \u00e0 haute r\u00e9sistance<\/strong>\u00a0de l'huile et des temp\u00e9ratures \u00e9lev\u00e9es afin d'\u00e9viter un vieillissement pr\u00e9matur\u00e9. Un op\u00e9rateur qualifi\u00e9 doit s'occuper de l'entretien pour garantir des performances optimales.<\/p>\n<p class=\"ds-markdown-paragraph\"><strong>Lubrification et entretien<\/strong><\/p>\n<ul>\n<li>\n<p class=\"ds-markdown-paragraph\">Remplir le\u00a0<strong>r\u00e9ducteur de vitesse de pr\u00e9cision<\/strong>\u00a0avec\u00a0<strong>Huile moteur 30#<\/strong>\u00a0avant le d\u00e9marrage (utiliser\u00a0<strong>huile de qualit\u00e9 hivernale<\/strong>\u00a0en dessous de 0\u00b0C).<\/p>\n<\/li>\n<li>\n<p class=\"ds-markdown-paragraph\">Remplacer l'huile apr\u00e8s la\u00a0<strong>30 premiers jours<\/strong>alors\u00a0<strong>toutes les 500 heures de fonctionnement<\/strong>\u00a0ou\u00a0<strong>6 mois<\/strong>.<\/p>\n<\/li>\n<li>\n<p class=\"ds-markdown-paragraph\"><strong>Jamais<\/strong>\u00a0utiliser le lit du rouleau comme terrain de soudage pour \u00e9viter\u00a0<strong>dommages aux roulements<\/strong>-Toujours utiliser des pinces de mise \u00e0 la terre.<\/p>\n<\/li>\n<\/ul>\n<p class=\"ds-markdown-paragraph\"><strong>Pourquoi choisir WUXI ABK ?<\/strong><br \/>\nAvec\u00a0<strong>20 ans et plus<\/strong>\u00a0d'expertise en\u00a0<strong>rotateurs \u00e0 alignement automatique<\/strong>nous tenons nos promesses :<br \/>\n\u2713\u00a0<strong>Capacit\u00e9 de charge de 5 \u00e0 400 tonnes<\/strong>\u00a0pour\u00a0<strong>automatisation du soudage industriel<\/strong><br \/>\n\u2713\u00a0<strong>Certifi\u00e9 CE et ISO<\/strong>\u00a0des conceptions conformes \u00e0 la\u00a0<strong>normes de s\u00e9curit\u00e9 mondiales<\/strong><br \/>\n\u2713\u00a0<strong>Garantie de 1 an<\/strong>\u00a0avec\u00a0<strong>remplacement gratuit des pi\u00e8ces d'usure<\/strong><br \/>\n\u2713\u00a0<strong>Assistance technique 24 heures sur 24, 7 jours sur 7<\/strong>\u00a0pour\u00a0<strong>soudage des \u00e9oliennes<\/strong>,\u00a0<strong>construction offshore<\/strong>et\u00a0<strong>fabrication \u00e0 grande \u00e9chelle<\/strong><\/p>\n<p><img loading=\"lazy\" decoding=\"async\" class=\"alignnone size-full wp-image-880\" src=\"http:\/\/111.170.148.214:8095\/wp-content\/uploads\/2025\/05\/Product-certification.jpg\" alt=\"Rotateur de soudage sp\u00e9cial\" width=\"832\" height=\"832\" \/><\/p>\n<p>Wuxi ABK Machinery Co.Ltd est un fabricant professionnel de rotateur de soudage en Chine. Nos rotateurs de soudage comprennent principalement le rotateur de soudage standard, le rotateur de soudage r\u00e9glable et le rotateur de soudage sp\u00e9cial. Nous pouvons \u00e9galement fournir \u00e0 nos clients du monde entier de nombreux autres produits, y compris la table tournante de soudage, la machine de soudage de pieux, la ligne de production de tours \u00e9oliennes, la ligne de soudage de poutre en H, l'\u00e9quipement de soudage de tuyaux, la machine de coupe CNC, la rectifieuse, la machine de formage de rouleaux, la machine de pliage de plaques, etc. Nous avons obtenu les certifications ISO et CE et nous proposons \u00e9galement des services OEM.<\/p>","protected":false},"excerpt":{"rendered":"<p><strong>Rotateur de soudage sp\u00e9cial WUXI ABK<\/strong>\u00a0offre une rotation de pr\u00e9cision pour les applications de soudage complexes. Avec\u00a0<strong>Rotation continue de 360<\/strong>\u00a0et\u00a0<strong>Pr\u00e9cision de \u00b10,5<\/strong>, ce\u00a0<strong>positionneur \u00e0 usage intensif<\/strong>\u00a0poign\u00e9es\u00a0<strong>5-50 tonnes<\/strong>\u00a0charges. Id\u00e9al pour\u00a0<strong>fabrication d'appareils \u00e0 pression<\/strong>\u00a0et\u00a0<strong>soudage des charpentes d'acier<\/strong>Il comprend\u00a0<strong>Contr\u00f4les PLC<\/strong>\u00a0et\u00a0<strong>rouleaux antid\u00e9rapants<\/strong>.\u00a0<strong>Certifi\u00e9 CE\/ISO<\/strong>\u00a0avec\u00a0<strong>Garantie de 24 mois<\/strong>.<\/p>","protected":false},"featured_media":2003,"comment_status":"open","ping_status":"closed","template":"","meta":{"_acf_changed":false},"product_brand":[],"product_cat":[21,41,30],"product_tag":[],"class_list":{"0":"post-976","1":"product","2":"type-product","3":"status-publish","4":"has-post-thumbnail","6":"product_cat-welding-automation","7":"product_cat-special-welding-rotator","8":"product_cat-welding-rotator","10":"first","11":"instock","12":"shipping-taxable","13":"product-type-simple"},"acf":[],"_links":{"self":[{"href":"https:\/\/www.weldmc.com\/fr\/wp-json\/wp\/v2\/product\/976","targetHints":{"allow":["GET"]}}],"collection":[{"href":"https:\/\/www.weldmc.com\/fr\/wp-json\/wp\/v2\/product"}],"about":[{"href":"https:\/\/www.weldmc.com\/fr\/wp-json\/wp\/v2\/types\/product"}],"replies":[{"embeddable":true,"href":"https:\/\/www.weldmc.com\/fr\/wp-json\/wp\/v2\/comments?post=976"}],"wp:featuredmedia":[{"embeddable":true,"href":"https:\/\/www.weldmc.com\/fr\/wp-json\/wp\/v2\/media\/2003"}],"wp:attachment":[{"href":"https:\/\/www.weldmc.com\/fr\/wp-json\/wp\/v2\/media?parent=976"}],"wp:term":[{"taxonomy":"product_brand","embeddable":true,"href":"https:\/\/www.weldmc.com\/fr\/wp-json\/wp\/v2\/product_brand?post=976"},{"taxonomy":"product_cat","embeddable":true,"href":"https:\/\/www.weldmc.com\/fr\/wp-json\/wp\/v2\/product_cat?post=976"},{"taxonomy":"product_tag","embeddable":true,"href":"https:\/\/www.weldmc.com\/fr\/wp-json\/wp\/v2\/product_tag?post=976"}],"curies":[{"name":"wp","href":"https:\/\/api.w.org\/{rel}","templated":true}]}}