{"id":975,"date":"2025-05-24T23:54:40","date_gmt":"2025-05-24T15:54:40","guid":{"rendered":"http:\/\/111.170.148.214:8095\/?post_type=product&#038;p=975"},"modified":"2025-10-14T15:02:20","modified_gmt":"2025-10-14T07:02:20","slug":"l-type-welding-positioner-5-tons","status":"publish","type":"product","link":"https:\/\/www.weldmc.com\/fr\/product\/l-type-welding-positioner-5-tons\/","title":{"rendered":"Positionneur de soudage en L 5 tonnes"},"content":{"rendered":"<h4>LHBJ-50 Welding Positioner<\/h4>\n<h4><iframe title=\"Lecteur vid\u00e9o YouTube\" src=\"https:\/\/www.youtube.com\/embed\/Ci4QdMo5Qkg?si=2Im1-Qb7S9Z9XMFG\" width=\"560\" height=\"315\" frameborder=\"0\" allowfullscreen=\"allowfullscreen\"><\/iframe><\/h4>\n<table>\n<tbody>\n<tr>\n<td colspan=\"3\" width=\"470\"><strong>Mod\u00e8le<\/strong><\/td>\n<td width=\"430\"><strong>L<\/strong><strong>HBJ-<\/strong><strong>50 avec levage<\/strong><\/td>\n<\/tr>\n<tr>\n<td width=\"313\"><strong>Capacit\u00e9 de charge<\/strong><\/td>\n<td width=\"71\">(KG)<\/td>\n<td width=\"85\"><\/td>\n<td width=\"430\">5000<\/td>\n<\/tr>\n<tr>\n<td width=\"313\"><strong>Vitesse de rotation<\/strong><\/td>\n<td width=\"71\">(RPM)<\/td>\n<td width=\"85\"><\/td>\n<td width=\"430\">0.05-0.5<\/td>\n<\/tr>\n<tr>\n<td width=\"313\"><strong>\u00a0Vitesse de rotation<\/strong><\/td>\n<td width=\"71\">(RPM)<\/td>\n<td width=\"85\"><\/td>\n<td width=\"430\">0.2<\/td>\n<\/tr>\n<tr>\n<td width=\"313\"><strong>Angle de rotation<\/strong><\/td>\n<td width=\"71\">(\u00b0)<\/td>\n<td width=\"85\"><\/td>\n<td width=\"430\">0-120<\/td>\n<\/tr>\n<tr>\n<td width=\"313\"><strong>Rotation A<\/strong><strong>ngle<\/strong><\/td>\n<td width=\"71\">(\u00b0)<\/td>\n<td width=\"85\"><\/td>\n<td width=\"430\">0~360<\/td>\n<\/tr>\n<tr>\n<td width=\"313\"><strong>Taille de la table de travail<\/strong><strong>\u00a0Diam\u00e8tre<\/strong><\/td>\n<td width=\"71\">(MM)<\/td>\n<td width=\"85\"><\/td>\n<td width=\"430\">900<\/td>\n<\/tr>\n<tr>\n<td width=\"313\"><strong>L Longueur du support<\/strong><\/td>\n<td width=\"71\">(MM)<\/td>\n<td width=\"85\"><\/td>\n<td width=\"430\">1200<\/td>\n<\/tr>\n<tr>\n<td width=\"313\"><strong>Hauteur minimale de la table de travail<\/strong><\/td>\n<td width=\"71\">(MM)<\/td>\n<td width=\"85\"><\/td>\n<td width=\"430\">1000<\/td>\n<\/tr>\n<tr>\n<td width=\"313\"><strong>Hauteur maximale de la table de travail<\/strong><\/td>\n<td width=\"71\">(MM)<\/td>\n<td width=\"85\"><\/td>\n<td width=\"430\">2000<\/td>\n<\/tr>\n<tr>\n<td width=\"313\"><strong>Alimentation \u00e9lectrique<\/strong><\/td>\n<td width=\"71\">(V)<\/td>\n<td width=\"85\">50Hz 3\u0278<\/td>\n<td width=\"430\">380 (D\u00e9termin\u00e9 en fonction des besoins du client)<\/td>\n<\/tr>\n<tr>\n<td width=\"313\"><strong>Type de r\u00e9gulation de vitesse<\/strong><\/td>\n<td width=\"71\"><\/td>\n<td width=\"85\"><\/td>\n<td width=\"430\">R\u00e9gulation progressive de la vitesse en fonction de la fr\u00e9quence AC<\/td>\n<\/tr>\n<tr>\n<td colspan=\"4\" width=\"900\">Remarque : toutes les sp\u00e9cifications correspondent \u00e0 l'\u00e9quipement standard et peuvent \u00eatre modifi\u00e9es en fonction des besoins des clients.<\/td>\n<\/tr>\n<\/tbody>\n<\/table>\n<p>1. Palier d'orientation<\/p>\n<p><img decoding=\"async\" src=\"https:\/\/www.weldmc.com\/wp-content\/uploads\/2025\/05\/Slewing-bearing.png\" alt=\"Palier d&#039;orientation\" \/><\/p>\n<p>La couronne d'orientation est un \u00e9l\u00e9ment porteur essentiel qui permet la rotation relative entre les pi\u00e8ces de la machine tout en g\u00e9rant simultan\u00e9ment les forces axiales, radiales et le moment de renversement. Sa conception compacte et l\u00e9g\u00e8re, en acier alli\u00e9 \u00e0 haute r\u00e9sistance, garantit un fonctionnement sans heurts avec une grande pr\u00e9cision (\u00b10,05\u00b0 de rotation) et une longue dur\u00e9e de vie. Les principales configurations comprennent des trous pour les boulons de montage, des engrenages internes\/externes en option, des orifices de lubrification et des syst\u00e8mes d'\u00e9tanch\u00e9it\u00e9 pour une fiabilit\u00e9 accrue. Avec un diam\u00e8tre compris entre 300 et 5000 mm et une capacit\u00e9 de charge allant jusqu'\u00e0 50 000 kN, il est largement utilis\u00e9 dans les machines de construction, les \u00e9oliennes, les grues et les \u00e9quipements militaires. Des conceptions sur mesure sont disponibles pour les applications sp\u00e9cialis\u00e9es.<\/p>\n<ol start=\"2\">\n<li>Engrenages<\/li>\n<\/ol>\n<p>1). Marche arri\u00e8re<\/p>\n<p><img decoding=\"async\" src=\"https:\/\/www.weldmc.com\/wp-content\/uploads\/2025\/05\/Reverse-gear.png\" alt=\"Marche arri\u00e8re\" \/><\/p>\n<p>En g\u00e9n\u00e9ral, l'angle de rotation de l'engrenage rotatif est compris entre 0 et 90\u00b0. La fonction de d\u00e9placement est assur\u00e9e par la rotation de la table.<\/p>\n<p>2). Marche arri\u00e8re<\/p>\n<p><img fetchpriority=\"high\" decoding=\"async\" class=\"\" src=\"https:\/\/www.weldmc.com\/wp-content\/uploads\/2025\/05\/Reverse-gear_1.png\" alt=\"Marche arri\u00e8re_1\" width=\"359\" height=\"269\" \/> <img decoding=\"async\" class=\"\" src=\"https:\/\/www.weldmc.com\/wp-content\/uploads\/2025\/05\/Reverse-gear_2.png\" alt=\"Marche arri\u00e8re_2\" width=\"359\" height=\"269\" \/> <img decoding=\"async\" class=\"\" src=\"https:\/\/www.weldmc.com\/wp-content\/uploads\/2025\/05\/Reverse-gear_3.png\" alt=\"Marche arri\u00e8re_3\" width=\"356\" height=\"268\" \/><\/p>\n<p>Les engrenages sont des composants m\u00e9caniques dent\u00e9s qui transmettent le couple par engr\u00e8nement avec d'autres \u00e9l\u00e9ments d'engrenage tels que des cr\u00e9maill\u00e8res, des vis sans fin ou des engrenages suppl\u00e9mentaires, permettant un contr\u00f4le pr\u00e9cis de la transmission de puissance en modifiant les rapports vitesse\/couple, en redirigeant les trajectoires de mouvement et en convertissant les types de mouvement (par exemple, de rotatif \u00e0 lin\u00e9aire). Leur conception \u00e0 dents imbriqu\u00e9es assure un transfert de force fiable tout en permettant de personnaliser l'avantage m\u00e9canique dans diverses applications industrielles.<\/p>\n<p>3. r\u00e9ducteur<\/p>\n<p><img decoding=\"async\" src=\"https:\/\/www.weldmc.com\/wp-content\/uploads\/2025\/05\/Reducer-1.png\" alt=\"R\u00e9ducteur\" \/><\/p>\n<p>Les r\u00e9ducteurs \u00e0 engrenages sont des dispositifs de transmission m\u00e9canique de puissance qui utilisent des syst\u00e8mes d'engrenages de pr\u00e9cision pour r\u00e9duire la vitesse d'entr\u00e9e tout en augmentant proportionnellement le couple de sortie, le couple de sortie \u00e9tant le produit du couple moteur et du rapport d'engrenage (sans d\u00e9passer la capacit\u00e9 nominale du r\u00e9ducteur). Ces syst\u00e8mes diminuent simultan\u00e9ment l'inertie de la charge par le carr\u00e9 du rapport de r\u00e9duction, ce qui permet d'optimiser la conversion de puissance pour diverses applications industrielles gr\u00e2ce \u00e0 l'engagement efficace des engrenages.<\/p>\n<p><img decoding=\"async\" src=\"https:\/\/www.weldmc.com\/wp-content\/uploads\/2025\/05\/Motor_2.png\" alt=\"Moteur_2\" \/> <img decoding=\"async\" src=\"https:\/\/www.weldmc.com\/wp-content\/uploads\/2025\/05\/Motor_1.png\" alt=\"Moteur_1\" \/><\/p>\n<p class=\"ds-markdown-paragraph\">L'entretien ad\u00e9quat de nos\u00a0<strong>L-type welding positioner<\/strong>\u00a0garantit des performances optimales pour les\u00a0<strong>applications de soudage de pr\u00e9cision<\/strong>\u00a0en\u00a0<strong>pipe fabrication<\/strong>,\u00a0<strong>structural welding<\/strong>et\u00a0<strong>fabrication d'appareils \u00e0 pression<\/strong>. Les\u00a0<strong>5-ton capacity positioner<\/strong>\u00a0requires regular care to maintain its\u00a0<strong>Pr\u00e9cision de rotation de \u00b10,5<\/strong>\u00a0et\u00a0<strong>robust load-bearing capability<\/strong>.<\/p>\n<p class=\"ds-markdown-paragraph\"><strong>Maintenance Protocol<\/strong><\/p>\n<ol start=\"1\">\n<li>\n<p class=\"ds-markdown-paragraph\"><strong>Soins quotidiens<\/strong>: Remove welding spatter, verify lubrication levels (using\u00a0<strong>Mobilith SHC 220 grease<\/strong>), and inspect electrical connections.<\/p>\n<\/li>\n<li>\n<p class=\"ds-markdown-paragraph\"><strong>Weekly Checks<\/strong>: Tighten mounting bolts (85-95 Nm torque) and test emergency stop functions.<\/p>\n<\/li>\n<li>\n<p class=\"ds-markdown-paragraph\"><strong>Service annuel<\/strong>: Replace worn\u00a0<strong>SKF bearings<\/strong>, recalibrate the\u00a0<strong>servo drive system<\/strong>, and verify\u00a0<strong>tilt mechanism alignment<\/strong>.<\/p>\n<\/li>\n<\/ol>\n<p class=\"ds-markdown-paragraph\"><strong>Operational Benefits<\/strong><\/p>\n<ul>\n<li>\n<p class=\"ds-markdown-paragraph\"><strong>30% dur\u00e9e de vie prolong\u00e9e<\/strong>\u00a0compared to standard positioners<\/p>\n<\/li>\n<li>\n<p class=\"ds-markdown-paragraph\"><strong>&lt;0.3mm weld deviation<\/strong>\u00a0throughout equipment lifespan<\/p>\n<\/li>\n<li>\n<p class=\"ds-markdown-paragraph\"><strong>IP54-rated components<\/strong>\u00a0resist industrial contaminants<\/p>\n<\/li>\n<\/ul>\n<p class=\"ds-markdown-paragraph\"><strong>Certification et innovation<\/strong><br \/>\nNotre\u00a0<strong>Positionneur certifi\u00e9 CE\/ISO<\/strong>\u00a0integrates:<br \/>\n\u2713\u00a0<strong>Permanent magnet servo motors<\/strong>\u00a0for precise\u00a0<strong>0.1-2 RPM speed control<\/strong><br \/>\n\u2713\u00a0<strong>Reinforced L-type arm<\/strong>\u00a0pour\u00a0<strong>heavy pipe welding<\/strong>\u00a0stability<br \/>\n\u2713\u00a0<strong>PLC-ready interface<\/strong>\u00a0pour\u00a0<strong>automated welding cell<\/strong>\u00a0l'int\u00e9gration<\/p>\n<p><img decoding=\"async\" src=\"https:\/\/www.weldmc.com\/wp-content\/uploads\/2025\/05\/Product-certification.png\" alt=\"Certification des produits\" \/><br \/>\nWuxi ABK Machinery Co.Ltd est un fabricant professionnel de rotateur de soudage en Chine. Nos rotateurs de soudage comprennent principalement le rotateur de soudage standard, le rotateur de soudage r\u00e9glable et le rotateur de soudage sp\u00e9cial. Nous pouvons \u00e9galement fournir \u00e0 nos clients du monde entier de nombreux autres produits, y compris la table tournante de soudage, la machine de soudage de pieux, la ligne de production de tours \u00e9oliennes, la ligne de soudage de poutre en H, l'\u00e9quipement de soudage de tuyaux, la machine de coupe CNC, la rectifieuse, la machine de formage de rouleaux, la machine de pliage de plaques, etc. Nous avons obtenu les certifications ISO et CE et nous proposons \u00e9galement des services OEM.<\/p>","protected":false},"excerpt":{"rendered":"<p><strong>Positionneur en L WUXI ABK 5TONS<\/strong>\u00a0offre un positionnement de pr\u00e9cision pour les applications de soudage moyennes. Dot\u00e9 d'une construction robuste en acier et d'une rotation continue de 360\u00b0 (0,1-1,2 RPM), cet appareil est con\u00e7u pour les applications de soudage de moyenne envergure.\u00a0<strong>positionneur de soudure<\/strong>\u00a0traite des pi\u00e8ces pouvant peser jusqu'\u00e0 5 tonnes. Les\u00a0<strong>Conception en L<\/strong>\u00a0optimise la stabilit\u00e9 pour les\u00a0<strong>acier de construction<\/strong>\u00a0et\u00a0<strong>soudage de tuyaux<\/strong>, tandis que\u00a0<strong>contr\u00f4le des servomoteurs<\/strong>\u00a0garantit une inclinaison pr\u00e9cise (0-135\u00b0). Comprend\u00a0<strong>bagues collectrices conductrices<\/strong>\u00a0pour \u00e9viter la torsion du c\u00e2ble. Id\u00e9al pour\u00a0<strong>ateliers de fabrication<\/strong>\u00a0et\u00a0<strong>r\u00e9cipient sous pression<\/strong>\u00a0production.<\/p>","protected":false},"featured_media":2078,"comment_status":"open","ping_status":"closed","template":"","meta":{"_acf_changed":false},"product_brand":[],"product_cat":[21,37,29],"product_tag":[],"class_list":{"0":"post-975","1":"product","2":"type-product","3":"status-publish","4":"has-post-thumbnail","6":"product_cat-welding-automation","7":"product_cat-l-type-positioner","8":"product_cat-welding-positioner","10":"first","11":"instock","12":"shipping-taxable","13":"product-type-simple"},"acf":[],"_links":{"self":[{"href":"https:\/\/www.weldmc.com\/fr\/wp-json\/wp\/v2\/product\/975","targetHints":{"allow":["GET"]}}],"collection":[{"href":"https:\/\/www.weldmc.com\/fr\/wp-json\/wp\/v2\/product"}],"about":[{"href":"https:\/\/www.weldmc.com\/fr\/wp-json\/wp\/v2\/types\/product"}],"replies":[{"embeddable":true,"href":"https:\/\/www.weldmc.com\/fr\/wp-json\/wp\/v2\/comments?post=975"}],"wp:featuredmedia":[{"embeddable":true,"href":"https:\/\/www.weldmc.com\/fr\/wp-json\/wp\/v2\/media\/2078"}],"wp:attachment":[{"href":"https:\/\/www.weldmc.com\/fr\/wp-json\/wp\/v2\/media?parent=975"}],"wp:term":[{"taxonomy":"product_brand","embeddable":true,"href":"https:\/\/www.weldmc.com\/fr\/wp-json\/wp\/v2\/product_brand?post=975"},{"taxonomy":"product_cat","embeddable":true,"href":"https:\/\/www.weldmc.com\/fr\/wp-json\/wp\/v2\/product_cat?post=975"},{"taxonomy":"product_tag","embeddable":true,"href":"https:\/\/www.weldmc.com\/fr\/wp-json\/wp\/v2\/product_tag?post=975"}],"curies":[{"name":"wp","href":"https:\/\/api.w.org\/{rel}","templated":true}]}}