{"id":972,"date":"2025-05-24T23:38:59","date_gmt":"2025-05-24T15:38:59","guid":{"rendered":"http:\/\/111.170.148.214:8095\/?post_type=product&#038;p=972"},"modified":"2025-10-14T15:04:45","modified_gmt":"2025-10-14T07:04:45","slug":"head-and-tail-stock-positioner-3-tons","status":"publish","type":"product","link":"https:\/\/www.weldmc.com\/fr\/product\/head-and-tail-stock-positioner-3-tons\/","title":{"rendered":"Positionneur de t\u00eate et de queue 3 tonnes"},"content":{"rendered":"<p>Les <strong><b>HBT Series Welding Positioner,<\/b><\/strong>\u00a0developed by <strong><b>WUXI ABK<\/b><\/strong>, combines advanced domestic and international technologies with practical user insights. Its <strong><b>sleek, compact design<\/b><\/strong>\u00a0assure <strong><b>high precision, reliable performance, and easy operation<\/b><\/strong>, making it a preferred choice for industrial applications.<\/p>\n<p><img fetchpriority=\"high\" decoding=\"async\" class=\"\" src=\"https:\/\/www.weldmc.com\/wp-content\/uploads\/2025\/05\/Head-Tail-Positioner_1.png\" alt=\"Head Tail Positioner_1\" width=\"357\" height=\"246\" \/> <img decoding=\"async\" class=\"\" src=\"https:\/\/www.weldmc.com\/wp-content\/uploads\/2025\/05\/Head-Tail-Positioner_2.png\" alt=\"Head Tail Positioner_2\" width=\"326\" height=\"245\" \/> <img decoding=\"async\" class=\"\" src=\"https:\/\/www.weldmc.com\/wp-content\/uploads\/2025\/05\/Head-Tail-Positioner_3.png\" alt=\"Head Tail Positioner_3\" width=\"324\" height=\"243\" \/><\/p>\n<p><iframe title=\"Lecteur vid\u00e9o YouTube\" src=\"https:\/\/www.youtube.com\/embed\/Zt_kWBLUVVg?si=P8jgHSRF2GINgJ5h\" width=\"560\" height=\"315\" frameborder=\"0\" allowfullscreen=\"allowfullscreen\"><\/iframe><\/p>\n<table>\n<tbody>\n<tr>\n<td colspan=\"3\" width=\"511\"><strong>Mod\u00e8le<\/strong><\/td>\n<td width=\"386\"><strong>HB<\/strong><strong>T<\/strong><strong>&#8211;<\/strong><strong>30<\/strong><\/td>\n<\/tr>\n<tr>\n<td width=\"326\"><strong>Capacit\u00e9 de charge<\/strong><\/td>\n<td width=\"85\">(TON)<\/td>\n<td width=\"99\"><\/td>\n<td width=\"386\">3<\/td>\n<\/tr>\n<tr>\n<td width=\"326\"><strong>Turning Angle<\/strong><\/td>\n<td width=\"85\">(\u00b0)<\/td>\n<td width=\"99\"><\/td>\n<td width=\"386\">360<\/td>\n<\/tr>\n<tr>\n<td width=\"326\"><strong>T<\/strong><strong>urning Speed<\/strong><\/td>\n<td width=\"85\">(RPM)<\/td>\n<td width=\"99\"><\/td>\n<td width=\"386\">0.04-0.4<\/td>\n<\/tr>\n<tr>\n<td width=\"326\"><strong>Overturning <\/strong><strong>\u00a0Angle<\/strong><\/td>\n<td width=\"85\">(\u00b0)<\/td>\n<td width=\"99\"><\/td>\n<td width=\"386\">360<\/td>\n<\/tr>\n<tr>\n<td width=\"326\"><strong>Worktable <\/strong><strong>Diam\u00e8tre<\/strong><\/td>\n<td width=\"85\">(MM)<\/td>\n<td width=\"99\"><\/td>\n<td width=\"386\">1500<\/td>\n<\/tr>\n<tr>\n<td width=\"326\"><strong>Overturn Centre Height<\/strong><\/td>\n<td width=\"85\">(MM)<\/td>\n<td width=\"99\"><\/td>\n<td width=\"386\">1500<\/td>\n<\/tr>\n<tr>\n<td width=\"326\"><strong>Distance Between Two Bases<\/strong><\/td>\n<td width=\"85\">(MM)<\/td>\n<td width=\"99\"><\/td>\n<td width=\"386\">3000<\/td>\n<\/tr>\n<tr>\n<td width=\"326\"><strong>Worktable <\/strong><strong>T<\/strong><strong>urning\/<\/strong><strong>O<\/strong><strong>verturning<\/strong><\/td>\n<td width=\"85\"><\/td>\n<td width=\"99\"><\/td>\n<td width=\"386\">Mechanized<\/td>\n<\/tr>\n<tr>\n<td width=\"326\"><strong>Rotation<\/strong><strong>\u00a0Motor Power<\/strong><\/td>\n<td width=\"85\">(KW)<\/td>\n<td width=\"99\"><\/td>\n<td width=\"386\">1.1<\/td>\n<\/tr>\n<tr>\n<td width=\"326\"><strong>Overturn<\/strong><strong>\u00a0Motor Power<\/strong><\/td>\n<td width=\"85\">(KW)<\/td>\n<td width=\"99\"><\/td>\n<td width=\"386\">2.2<\/td>\n<\/tr>\n<tr>\n<td width=\"326\"><strong>Alimentation \u00e9lectrique<\/strong><\/td>\n<td width=\"85\">(V)<\/td>\n<td width=\"99\">50Hz 3\u0278<\/td>\n<td width=\"386\">380 (D\u00e9termin\u00e9 en fonction des besoins du client)<\/td>\n<\/tr>\n<tr>\n<td width=\"326\"><strong>Type de r\u00e9gulation de vitesse<\/strong><\/td>\n<td width=\"85\"><\/td>\n<td width=\"99\"><\/td>\n<td width=\"386\">R\u00e9gulation progressive de la vitesse en fonction de la fr\u00e9quence AC<\/td>\n<\/tr>\n<tr>\n<td colspan=\"4\" width=\"897\">Remarque : toutes les sp\u00e9cifications correspondent \u00e0 l'\u00e9quipement standard et peuvent \u00eatre modifi\u00e9es en fonction des besoins des clients.<\/td>\n<\/tr>\n<\/tbody>\n<\/table>\n<p>1. Palier d'orientation<\/p>\n<p><img decoding=\"async\" src=\"https:\/\/www.weldmc.com\/wp-content\/uploads\/2025\/05\/Slewing-bearing.png\" alt=\"Palier d&#039;orientation\" \/><\/p>\n<p>La couronne d'orientation est un \u00e9l\u00e9ment porteur essentiel qui permet la rotation relative entre les pi\u00e8ces de la machine tout en g\u00e9rant simultan\u00e9ment les forces axiales, radiales et le moment de renversement. Sa conception compacte et l\u00e9g\u00e8re, en acier alli\u00e9 \u00e0 haute r\u00e9sistance, garantit un fonctionnement sans heurts avec une grande pr\u00e9cision (\u00b10,05\u00b0 de rotation) et une longue dur\u00e9e de vie. Les principales configurations comprennent des trous pour les boulons de montage, des engrenages internes\/externes en option, des orifices de lubrification et des syst\u00e8mes d'\u00e9tanch\u00e9it\u00e9 pour une fiabilit\u00e9 accrue. Avec un diam\u00e8tre compris entre 300 et 5000 mm et une capacit\u00e9 de charge allant jusqu'\u00e0 50 000 kN, il est largement utilis\u00e9 dans les machines de construction, les \u00e9oliennes, les grues et les \u00e9quipements militaires. Des conceptions sur mesure sont disponibles pour les applications sp\u00e9cialis\u00e9es.<\/p>\n<ol start=\"2\">\n<li>Engrenages<\/li>\n<\/ol>\n<p>1). Marche arri\u00e8re<\/p>\n<p><img loading=\"lazy\" decoding=\"async\" class=\"\" src=\"https:\/\/www.weldmc.com\/wp-content\/uploads\/2025\/05\/Reverse-gear.png\" alt=\"Marche arri\u00e8re\" width=\"446\" height=\"335\" \/><\/p>\n<p>En g\u00e9n\u00e9ral, l'angle de rotation de l'engrenage rotatif est compris entre 0 et 90\u00b0. La fonction de d\u00e9placement est assur\u00e9e par la rotation de la table.<\/p>\n<p>2). Marche arri\u00e8re<\/p>\n<p><img loading=\"lazy\" decoding=\"async\" class=\"\" src=\"https:\/\/www.weldmc.com\/wp-content\/uploads\/2025\/05\/Reverse-gear_1.png\" alt=\"Marche arri\u00e8re_1\" width=\"321\" height=\"241\" \/> <img loading=\"lazy\" decoding=\"async\" class=\"\" src=\"https:\/\/www.weldmc.com\/wp-content\/uploads\/2025\/05\/Reverse-gear_2.png\" alt=\"Marche arri\u00e8re_2\" width=\"322\" height=\"241\" \/> <img loading=\"lazy\" decoding=\"async\" class=\"\" src=\"https:\/\/www.weldmc.com\/wp-content\/uploads\/2025\/05\/Reverse-gear_3.png\" alt=\"Marche arri\u00e8re_3\" width=\"320\" height=\"240\" \/><\/p>\n<p>Les engrenages sont des composants m\u00e9caniques dent\u00e9s qui transmettent le couple par engr\u00e8nement avec d'autres \u00e9l\u00e9ments d'engrenage tels que des cr\u00e9maill\u00e8res, des vis sans fin ou des engrenages suppl\u00e9mentaires, permettant un contr\u00f4le pr\u00e9cis de la transmission de puissance en modifiant les rapports vitesse\/couple, en redirigeant les trajectoires de mouvement et en convertissant les types de mouvement (par exemple, de rotatif \u00e0 lin\u00e9aire). Leur conception \u00e0 dents imbriqu\u00e9es assure un transfert de force fiable tout en permettant de personnaliser l'avantage m\u00e9canique dans diverses applications industrielles.<\/p>\n<p>3. r\u00e9ducteur<\/p>\n<p><img decoding=\"async\" src=\"https:\/\/www.weldmc.com\/wp-content\/uploads\/2025\/05\/Reducer.png\" alt=\"R\u00e9ducteur\" \/><\/p>\n<p>Les r\u00e9ducteurs \u00e0 engrenages sont des dispositifs de transmission m\u00e9canique de puissance qui utilisent des syst\u00e8mes d'engrenages de pr\u00e9cision pour r\u00e9duire la vitesse d'entr\u00e9e tout en augmentant proportionnellement le couple de sortie, le couple de sortie \u00e9tant le produit du couple moteur et du rapport d'engrenage (sans d\u00e9passer la capacit\u00e9 nominale du r\u00e9ducteur). Ces syst\u00e8mes diminuent simultan\u00e9ment l'inertie de la charge par le carr\u00e9 du rapport de r\u00e9duction, ce qui permet d'optimiser la conversion de puissance pour diverses applications industrielles gr\u00e2ce \u00e0 l'engagement efficace des engrenages.<\/p>\n<p><img decoding=\"async\" src=\"https:\/\/www.weldmc.com\/wp-content\/uploads\/2025\/05\/Motor_2.png\" alt=\"Moteur_2\" \/> <img decoding=\"async\" src=\"https:\/\/www.weldmc.com\/wp-content\/uploads\/2025\/05\/Motor_1.png\" alt=\"Moteur_1\" \/><\/p>\n<p class=\"ds-markdown-paragraph\">Notre\u00a0<strong>3-ton welding positioner<\/strong>\u00a0delivers precision performance for\u00a0<strong>rotary welding applications<\/strong>, requiring proper care to maintain optimal functionality. Daily maintenance includes\u00a0<strong>welding slag removal<\/strong>, lubrication checks, and\u00a0<strong>electrical safety inspections<\/strong>\u00a0to ensure smooth operation. Monthly procedures involve bolt tightening,\u00a0<strong>transmission mechanism evaluation<\/strong>, and safety function tests. Annual deep maintenance requires\u00a0<strong>worn parts replacement<\/strong>, complete re-lubrication, and\u00a0<strong>recalibrage du syst\u00e8me<\/strong>\u00a0to preserve \u00b10.5\u00b0 positioning accuracy.<\/p>\n<p class=\"ds-markdown-paragraph\"><strong>Critical Maintenance Benefits:<\/strong><br \/>\n\u2713\u00a0<strong>30% extended equipment lifespan<\/strong>\u00a0compared to standard models<br \/>\n\u2713\u00a0<strong>50% reduction in unplanned downtime<\/strong>\u00a0through proactive care<br \/>\n\u2713 Coh\u00e9rent\u00a0<strong>pr\u00e9cision du soudage<\/strong>\u00a0pour\u00a0<strong>pipe fabrication<\/strong>\u00a0et\u00a0<strong>structural welding<\/strong><\/p>\n<p class=\"ds-markdown-paragraph\">Le pr\u00e9sent\u00a0<strong>Positionneur certifi\u00e9 CE<\/strong>\u00a0caract\u00e9ristiques :<\/p>\n<ul>\n<li>\n<p class=\"ds-markdown-paragraph\"><strong>3-ton load capacity<\/strong>\u00a0pour\u00a0<strong>small-to-medium workpiece<\/strong>\u00a0handling<\/p>\n<\/li>\n<li>\n<p class=\"ds-markdown-paragraph\"><strong>Dual-axis control<\/strong>\u00a0for complex\u00a0<strong>positionnement du soudage<\/strong><\/p>\n<\/li>\n<li>\n<p class=\"ds-markdown-paragraph\"><strong>IP54-rated components<\/strong>\u00a0resistant to\u00a0<strong>\u00e9claboussures de soudure<\/strong>\u00a0and dust<\/p>\n<\/li>\n<\/ul>\n<p class=\"ds-markdown-paragraph\"><strong>Warning Indicators Requiring Immediate Shutdown:<\/strong><\/p>\n<ol start=\"1\">\n<li>\n<p class=\"ds-markdown-paragraph\">Abnormal grinding\/knocking noises<\/p>\n<\/li>\n<li>\n<p class=\"ds-markdown-paragraph\">Irregular rotation patterns<\/p>\n<\/li>\n<li>\n<p class=\"ds-markdown-paragraph\"><strong>Servo motor<\/strong>\u00a0overheating<\/p>\n<\/li>\n<\/ol>\n<p class=\"ds-markdown-paragraph\">As a leader in\u00a0<strong>welding automation technology<\/strong>, WUXI ABK provides:<\/p>\n<ul>\n<li>\n<p class=\"ds-markdown-paragraph\"><strong>ASME-compliant positioner<\/strong>\u00a0designs<\/p>\n<\/li>\n<li>\n<p class=\"ds-markdown-paragraph\"><strong>Robot-ready integration<\/strong>\u00a0interfaces<\/p>\n<\/li>\n<li>\n<p class=\"ds-markdown-paragraph\"><strong>3-year warranty<\/strong>\u00a0sur\u00a0<strong>precision gearboxes<\/strong><\/p>\n<\/li>\n<\/ul>\n<p><img decoding=\"async\" src=\"https:\/\/www.weldmc.com\/wp-content\/uploads\/2025\/05\/Product-certification.png\" alt=\"Certification des produits\" \/><br \/>\nWuxi ABK Machinery Co.Ltd est un fabricant professionnel de rotateur de soudage en Chine. Nos rotateurs de soudage comprennent principalement le rotateur de soudage standard, le rotateur de soudage r\u00e9glable et le rotateur de soudage sp\u00e9cial. Nous pouvons \u00e9galement fournir \u00e0 nos clients du monde entier de nombreux autres produits, y compris la table tournante de soudage, la machine de soudage de pieux, la ligne de production de tours \u00e9oliennes, la ligne de soudage de poutre en H, l'\u00e9quipement de soudage de tuyaux, la machine de coupe CNC, la rectifieuse, la machine de formage de rouleaux, la machine de pliage de plaques, etc. Nous avons obtenu les certifications ISO et CE et nous proposons \u00e9galement des services OEM.<\/p>","protected":false},"excerpt":{"rendered":"<p><strong>Positionneur de t\u00eate et de queue WUXI ABK 3T<\/strong>\u00a0offre une rotation de pr\u00e9cision pour les pi\u00e8ces de petite et moyenne taille. Ce positionneur de soudage compact offre une capacit\u00e9 de 3 tonnes, une rotation continue de 360\u00b0 (0,1-1,2 tr\/min) et une pr\u00e9cision de \u00b10,5\u00b0. Id\u00e9al pour le soudage de tuyaux et la fabrication de structures, il est dot\u00e9 d'une inclinaison servocommand\u00e9e (0-135\u00b0) et de bagues collectrices int\u00e9gr\u00e9es pour un fonctionnement sans enchev\u00eatrement.<\/p>","protected":false},"featured_media":2090,"comment_status":"open","ping_status":"closed","template":"","meta":{"_acf_changed":false},"product_brand":[],"product_cat":[21,36,29],"product_tag":[],"class_list":{"0":"post-972","1":"product","2":"type-product","3":"status-publish","4":"has-post-thumbnail","6":"product_cat-welding-automation","7":"product_cat-head-and-tail-positioner","8":"product_cat-welding-positioner","10":"first","11":"instock","12":"shipping-taxable","13":"product-type-simple"},"acf":[],"_links":{"self":[{"href":"https:\/\/www.weldmc.com\/fr\/wp-json\/wp\/v2\/product\/972","targetHints":{"allow":["GET"]}}],"collection":[{"href":"https:\/\/www.weldmc.com\/fr\/wp-json\/wp\/v2\/product"}],"about":[{"href":"https:\/\/www.weldmc.com\/fr\/wp-json\/wp\/v2\/types\/product"}],"replies":[{"embeddable":true,"href":"https:\/\/www.weldmc.com\/fr\/wp-json\/wp\/v2\/comments?post=972"}],"wp:featuredmedia":[{"embeddable":true,"href":"https:\/\/www.weldmc.com\/fr\/wp-json\/wp\/v2\/media\/2090"}],"wp:attachment":[{"href":"https:\/\/www.weldmc.com\/fr\/wp-json\/wp\/v2\/media?parent=972"}],"wp:term":[{"taxonomy":"product_brand","embeddable":true,"href":"https:\/\/www.weldmc.com\/fr\/wp-json\/wp\/v2\/product_brand?post=972"},{"taxonomy":"product_cat","embeddable":true,"href":"https:\/\/www.weldmc.com\/fr\/wp-json\/wp\/v2\/product_cat?post=972"},{"taxonomy":"product_tag","embeddable":true,"href":"https:\/\/www.weldmc.com\/fr\/wp-json\/wp\/v2\/product_tag?post=972"}],"curies":[{"name":"wp","href":"https:\/\/api.w.org\/{rel}","templated":true}]}}