{"id":968,"date":"2025-05-24T23:32:24","date_gmt":"2025-05-24T15:32:24","guid":{"rendered":"http:\/\/111.170.148.214:8095\/?post_type=product&#038;p=968"},"modified":"2025-10-14T15:06:24","modified_gmt":"2025-10-14T07:06:24","slug":"pipe-and-head-positioner-1-5-ton","status":"publish","type":"product","link":"https:\/\/www.weldmc.com\/fr\/product\/pipe-and-head-positioner-1-5-ton\/","title":{"rendered":"Positionneur de tuyaux et de t\u00eates 1,5 tonne"},"content":{"rendered":"<p>Les <strong><b>HBT Series Welding Positioner,<\/b><\/strong>\u00a0developed by <strong><b>WUXI ABK<\/b><\/strong>, combines advanced domestic and international technologies with practical user insights. Its <strong><b>sleek, compact design<\/b><\/strong>\u00a0assure <strong><b>high precision, reliable performance, and easy operation<\/b><\/strong>, making it a preferred choice for industrial applications.<\/p>\n<p><img fetchpriority=\"high\" decoding=\"async\" class=\"\" src=\"https:\/\/www.weldmc.com\/wp-content\/uploads\/2025\/05\/Head-Tail-Positioner_1.png\" alt=\"\" width=\"364\" height=\"252\" \/> <img decoding=\"async\" class=\"\" src=\"https:\/\/www.weldmc.com\/wp-content\/uploads\/2025\/05\/Head-Tail-Positioner_2.png\" alt=\"Head Tail Positioner_2\" width=\"335\" height=\"252\" \/> <img decoding=\"async\" class=\"\" src=\"https:\/\/www.weldmc.com\/wp-content\/uploads\/2025\/05\/Head-Tail-Positioner_3.png\" alt=\"Head Tail Positioner_3\" width=\"336\" height=\"251\" \/><\/p>\n<p><iframe title=\"Lecteur vid\u00e9o YouTube\" src=\"https:\/\/www.youtube.com\/embed\/Zt_kWBLUVVg?si=P8jgHSRF2GINgJ5h\" width=\"560\" height=\"315\" frameborder=\"0\" allowfullscreen=\"allowfullscreen\"><\/iframe><\/p>\n<table>\n<tbody>\n<tr>\n<td width=\"511\">Max. loading capacity<\/td>\n<td width=\"386\">15000 kg<\/td>\n<\/tr>\n<tr>\n<td width=\"511\">Lifting up<\/td>\n<td width=\"386\">2000 mm<\/td>\n<\/tr>\n<tr>\n<td width=\"511\">Height of the rotation axis<\/td>\n<td width=\"386\">750 \u20132750\u00a0mm<\/td>\n<\/tr>\n<tr>\n<td width=\"511\">Horizontal stroke of the fixation device<\/td>\n<td width=\"386\">400 mm<\/td>\n<\/tr>\n<tr>\n<td width=\"511\">Lifting up speed<\/td>\n<td width=\"386\">1.3 m\/min<\/td>\n<\/tr>\n<tr>\n<td width=\"511\">Rotation speed<\/td>\n<td width=\"386\">1.2 rpm<\/td>\n<\/tr>\n<tr>\n<td width=\"511\">Rotation angle<\/td>\n<td width=\"386\">360\u00b0<\/td>\n<\/tr>\n<tr>\n<td width=\"511\">Welding positioner type<\/td>\n<td width=\"386\">positioner with lifting devices<\/td>\n<\/tr>\n<tr>\n<td width=\"511\">Construction<\/td>\n<td width=\"386\">double column<\/td>\n<\/tr>\n<tr>\n<td width=\"511\">Lifting up drive<\/td>\n<td width=\"386\">electromechanic<\/td>\n<\/tr>\n<tr>\n<td width=\"511\">Pr\u00e9cision du positionnement<\/td>\n<td width=\"386\">\u00b12\u043c\u043c<\/td>\n<\/tr>\n<tr>\n<td width=\"511\">Voltage<\/td>\n<td width=\"386\">380 V<\/td>\n<\/tr>\n<tr>\n<td width=\"511\">Power frequency<\/td>\n<td width=\"386\">50 Hz<\/td>\n<\/tr>\n<tr>\n<td colspan=\"2\" width=\"897\">Remarque : toutes les sp\u00e9cifications correspondent \u00e0 l'\u00e9quipement standard et peuvent \u00eatre modifi\u00e9es en fonction des besoins des clients.<\/td>\n<\/tr>\n<\/tbody>\n<\/table>\n<p>1. Palier d'orientation<\/p>\n<p><img decoding=\"async\" src=\"https:\/\/www.weldmc.com\/wp-content\/uploads\/2025\/05\/Slewing-bearing.png\" alt=\"Palier d&#039;orientation\" \/><\/p>\n<p>La couronne d'orientation est un \u00e9l\u00e9ment porteur essentiel qui permet la rotation relative entre les pi\u00e8ces de la machine tout en g\u00e9rant simultan\u00e9ment les forces axiales, radiales et le moment de renversement. Sa conception compacte et l\u00e9g\u00e8re, en acier alli\u00e9 \u00e0 haute r\u00e9sistance, garantit un fonctionnement sans heurts avec une grande pr\u00e9cision (\u00b10,05\u00b0 de rotation) et une longue dur\u00e9e de vie. Les principales configurations comprennent des trous pour les boulons de montage, des engrenages internes\/externes en option, des orifices de lubrification et des syst\u00e8mes d'\u00e9tanch\u00e9it\u00e9 pour une fiabilit\u00e9 accrue. Avec un diam\u00e8tre compris entre 300 et 5000 mm et une capacit\u00e9 de charge allant jusqu'\u00e0 50 000 kN, il est largement utilis\u00e9 dans les machines de construction, les \u00e9oliennes, les grues et les \u00e9quipements militaires. Des conceptions sur mesure sont disponibles pour les applications sp\u00e9cialis\u00e9es.<\/p>\n<ol start=\"2\">\n<li>Engrenages<\/li>\n<\/ol>\n<p>1). Marche arri\u00e8re<\/p>\n<p><img decoding=\"async\" src=\"https:\/\/www.weldmc.com\/wp-content\/uploads\/2025\/05\/Reverse-gear.png\" alt=\"Marche arri\u00e8re\" \/><\/p>\n<p>En g\u00e9n\u00e9ral, l'angle de rotation de l'engrenage rotatif est compris entre 0 et 90\u00b0. La fonction de d\u00e9placement est assur\u00e9e par la rotation de la table.<\/p>\n<p>2). Marche arri\u00e8re<\/p>\n<p><img loading=\"lazy\" decoding=\"async\" class=\"\" src=\"https:\/\/www.weldmc.com\/wp-content\/uploads\/2025\/05\/Reverse-gear_1.png\" alt=\"Marche arri\u00e8re_1\" width=\"365\" height=\"274\" \/> <img loading=\"lazy\" decoding=\"async\" class=\"\" src=\"https:\/\/www.weldmc.com\/wp-content\/uploads\/2025\/05\/Reverse-gear_2.png\" alt=\"Marche arri\u00e8re_2\" width=\"366\" height=\"274\" \/> <img loading=\"lazy\" decoding=\"async\" class=\"\" src=\"https:\/\/www.weldmc.com\/wp-content\/uploads\/2025\/05\/Reverse-gear_3.png\" alt=\"Marche arri\u00e8re_3\" width=\"367\" height=\"275\" \/><\/p>\n<p>Les engrenages sont des composants m\u00e9caniques dent\u00e9s qui transmettent le couple par engr\u00e8nement avec d'autres \u00e9l\u00e9ments d'engrenage tels que des cr\u00e9maill\u00e8res, des vis sans fin ou des engrenages suppl\u00e9mentaires, permettant un contr\u00f4le pr\u00e9cis de la transmission de puissance en modifiant les rapports vitesse\/couple, en redirigeant les trajectoires de mouvement et en convertissant les types de mouvement (par exemple, de rotatif \u00e0 lin\u00e9aire). Leur conception \u00e0 dents imbriqu\u00e9es assure un transfert de force fiable tout en permettant de personnaliser l'avantage m\u00e9canique dans diverses applications industrielles.<\/p>\n<p>3. r\u00e9ducteur<\/p>\n<p><img decoding=\"async\" src=\"https:\/\/www.weldmc.com\/wp-content\/uploads\/2025\/05\/Reducer-1.png\" alt=\"R\u00e9ducteur\" \/><\/p>\n<p>Les r\u00e9ducteurs \u00e0 engrenages sont des dispositifs de transmission m\u00e9canique de puissance qui utilisent des syst\u00e8mes d'engrenages de pr\u00e9cision pour r\u00e9duire la vitesse d'entr\u00e9e tout en augmentant proportionnellement le couple de sortie, le couple de sortie \u00e9tant le produit du couple moteur et du rapport d'engrenage (sans d\u00e9passer la capacit\u00e9 nominale du r\u00e9ducteur). Ces syst\u00e8mes diminuent simultan\u00e9ment l'inertie de la charge par le carr\u00e9 du rapport de r\u00e9duction, ce qui permet d'optimiser la conversion de puissance pour diverses applications industrielles gr\u00e2ce \u00e0 l'engagement efficace des engrenages.<\/p>\n<p><img decoding=\"async\" src=\"https:\/\/www.weldmc.com\/wp-content\/uploads\/2025\/05\/Motor_2.png\" alt=\"Moteur_2\" \/> <img decoding=\"async\" src=\"https:\/\/www.weldmc.com\/wp-content\/uploads\/2025\/05\/Motor_1.png\" alt=\"Moteur_1\" \/><\/p>\n<p class=\"ds-markdown-paragraph\"><strong>WUXI ABK 1.5-Ton Head &amp; Tail Positioner Maintenance Guide<\/strong><\/p>\n<p class=\"ds-markdown-paragraph\">Proper maintenance ensures optimal performance of your\u00a0<strong>positionneur de soudure<\/strong>\u00a0en\u00a0<strong>pipe fabrication<\/strong>\u00a0et\u00a0<strong>structural welding<\/strong>\u00a0applications. For daily operation, remove\u00a0<strong>scories de soudure<\/strong>\u00a0et v\u00e9rifier\u00a0<strong>les niveaux de lubrification<\/strong>\u00a0lors de l'inspection\u00a0<strong>raccordements \u00e9lectriques<\/strong>. Monthly maintenance should include\u00a0<strong>bolt torque checks<\/strong>\u00a0(85-95Nm for M12 fasteners),\u00a0<strong>gear reducer inspection<\/strong>et\u00a0<strong>safety limit switch<\/strong>\u00a0testing.<\/p>\n<p class=\"ds-markdown-paragraph\"><strong>Critical Maintenance Procedures:<\/strong><\/p>\n<ul>\n<li>\n<p class=\"ds-markdown-paragraph\">Annual\u00a0<strong>bearing replacement<\/strong>\u00a0et\u00a0<strong>recalibrage du syst\u00e8me<\/strong><\/p>\n<\/li>\n<li>\n<p class=\"ds-markdown-paragraph\"><strong>Grease replenishment<\/strong>\u00a0pour\u00a0<strong>worm gear drives<\/strong>\u00a0(Mobilux EP 2 recommended)<\/p>\n<\/li>\n<li>\n<p class=\"ds-markdown-paragraph\"><strong>Encoder calibration<\/strong>\u00a0pour maintenir une pr\u00e9cision de positionnement de \u00b10,5<\/p>\n<\/li>\n<\/ul>\n<p class=\"ds-markdown-paragraph\"><strong>Avantages en termes de performance :<\/strong><br \/>\n\u2713\u00a0<strong>30% dur\u00e9e de vie prolong\u00e9e<\/strong>\u00a0pour\u00a0<strong>precision turntable<\/strong>\u00a0composants<br \/>\n\u2713\u00a0<strong>R\u00e9duction 50%<\/strong>\u00a0en temps d'arr\u00eat non planifi\u00e9<br \/>\n\u2713 Coh\u00e9rent\u00a0<strong>welding seam quality<\/strong>\u00a0with &lt;0.3mm runout<\/p>\n<p class=\"ds-markdown-paragraph\"><strong>Fault Prevention:<\/strong><br \/>\nImmediately stop operation if detecting:<br \/>\n-\u00a0<strong>Abnormal gear noise<\/strong>\u00a0(indicating lubrication issues)<br \/>\n-\u00a0<strong>Rotation irr\u00e9guli\u00e8re<\/strong>\u00a0(suggesting\u00a0<strong>bearing wear<\/strong>\u00a0ou\u00a0<strong>misalignment<\/strong>)<\/p>\n<p class=\"ds-markdown-paragraph\"><strong>Certification &amp; Innovation:<\/strong><br \/>\nNotre\u00a0<strong>CE\/ISO certified positioner<\/strong>\u00a0caract\u00e9ristiques :<\/p>\n<ul>\n<li>\n<p class=\"ds-markdown-paragraph\"><strong>Int\u00e9gration de la soudure automatis\u00e9e<\/strong>\u00a0via\u00a0<strong>PLC interfaces<\/strong><\/p>\n<\/li>\n<li>\n<p class=\"ds-markdown-paragraph\"><strong>Ergonomic controls<\/strong>\u00a0pour\u00a0<strong>small batch production<\/strong><\/p>\n<\/li>\n<li>\n<p class=\"ds-markdown-paragraph\"><strong>Conception modulaire<\/strong>\u00a0simplifying\u00a0<strong>component replacement<\/strong><\/p>\n<\/li>\n<\/ul>\n<p><img decoding=\"async\" src=\"https:\/\/www.weldmc.com\/wp-content\/uploads\/2025\/05\/Product-certification.png\" alt=\"Certification des produits\" \/><br \/>\nWuxi ABK Machinery Co.Ltd est un fabricant professionnel de rotateur de soudage en Chine. Nos rotateurs de soudage comprennent principalement le rotateur de soudage standard, le rotateur de soudage r\u00e9glable et le rotateur de soudage sp\u00e9cial. Nous pouvons \u00e9galement fournir \u00e0 nos clients du monde entier de nombreux autres produits, y compris la table tournante de soudage, la machine de soudage de pieux, la ligne de production de tours \u00e9oliennes, la ligne de soudage de poutre en H, l'\u00e9quipement de soudage de tuyaux, la machine de coupe CNC, la rectifieuse, la machine de formage de rouleaux, la machine de pliage de plaques, etc. Nous avons obtenu les certifications ISO et CE et nous proposons \u00e9galement des services OEM.<\/p>","protected":false},"excerpt":{"rendered":"<p><strong>Positionneur de t\u00eate et de queue WUXI ABK 1,5 tonne<\/strong>\u00a0est une solution de soudage de pr\u00e9cision pour les pi\u00e8ces de petite et moyenne taille. Ce positionneur compact mais robuste offre une pr\u00e9cision de \u00b10,5\u00b0, un contr\u00f4le de la vitesse de 0,1 \u00e0 2 tours par minute et une fixation universelle du mandrin. Id\u00e9al pour le soudage de tuyaux et la fabrication de structures, il est certifi\u00e9 CE\/ISO et b\u00e9n\u00e9ficie d'une garantie de 18 mois.<\/p>","protected":false},"featured_media":2095,"comment_status":"open","ping_status":"closed","template":"","meta":{"_acf_changed":false},"product_brand":[],"product_cat":[21,36,29],"product_tag":[],"class_list":{"0":"post-968","1":"product","2":"type-product","3":"status-publish","4":"has-post-thumbnail","6":"product_cat-welding-automation","7":"product_cat-head-and-tail-positioner","8":"product_cat-welding-positioner","10":"first","11":"instock","12":"shipping-taxable","13":"product-type-simple"},"acf":[],"_links":{"self":[{"href":"https:\/\/www.weldmc.com\/fr\/wp-json\/wp\/v2\/product\/968","targetHints":{"allow":["GET"]}}],"collection":[{"href":"https:\/\/www.weldmc.com\/fr\/wp-json\/wp\/v2\/product"}],"about":[{"href":"https:\/\/www.weldmc.com\/fr\/wp-json\/wp\/v2\/types\/product"}],"replies":[{"embeddable":true,"href":"https:\/\/www.weldmc.com\/fr\/wp-json\/wp\/v2\/comments?post=968"}],"wp:featuredmedia":[{"embeddable":true,"href":"https:\/\/www.weldmc.com\/fr\/wp-json\/wp\/v2\/media\/2095"}],"wp:attachment":[{"href":"https:\/\/www.weldmc.com\/fr\/wp-json\/wp\/v2\/media?parent=968"}],"wp:term":[{"taxonomy":"product_brand","embeddable":true,"href":"https:\/\/www.weldmc.com\/fr\/wp-json\/wp\/v2\/product_brand?post=968"},{"taxonomy":"product_cat","embeddable":true,"href":"https:\/\/www.weldmc.com\/fr\/wp-json\/wp\/v2\/product_cat?post=968"},{"taxonomy":"product_tag","embeddable":true,"href":"https:\/\/www.weldmc.com\/fr\/wp-json\/wp\/v2\/product_tag?post=968"}],"curies":[{"name":"wp","href":"https:\/\/api.w.org\/{rel}","templated":true}]}}