{"id":955,"date":"2025-05-24T23:23:07","date_gmt":"2025-05-24T15:23:07","guid":{"rendered":"http:\/\/111.170.148.214:8095\/?post_type=product&#038;p=955"},"modified":"2025-10-14T15:12:59","modified_gmt":"2025-10-14T07:12:59","slug":"montage-dun-rotateur-40-tonnes","status":"publish","type":"product","link":"https:\/\/www.weldmc.com\/fr\/product\/montage-dun-rotateur-40-tonnes\/","title":{"rendered":"Montage d'un tube pour un rotateur de 40 tonnes"},"content":{"rendered":"<p><strong>40<\/strong><strong>\u00a0Tons Fit Up Rotator<\/strong><\/p>\n<p><strong>ROTATEURS DE SOUDAGE CONVENTIONNELS<\/strong><\/p>\n<p><strong>FIT UP <\/strong><strong>S\u00e9rie<\/strong><\/p>\n<p><strong>Les rotateurs conventionnels sont con\u00e7us pour faciliter le soudage de r\u00e9cipients ou de colonnes cylindriques.<\/strong><\/p>\n<p><iframe title=\"Lecteur vid\u00e9o YouTube\" src=\"https:\/\/www.youtube.com\/embed\/uFA91JZILh4?si=A3AMb5NoizNpjRmB\" width=\"560\" height=\"315\" frameborder=\"0\" allowfullscreen=\"allowfullscreen\"><\/iframe><\/p>\n<table>\n<tbody>\n<tr>\n<td width=\"207\">- Une conception fiable<\/td>\n<td width=\"207\">- Une qualit\u00e9 fiable<\/td>\n<\/tr>\n<tr>\n<td width=\"207\">- Des pi\u00e8ces r\u00e9put\u00e9es<\/td>\n<td width=\"207\">- Contr\u00f4le de l'onduleur<\/td>\n<\/tr>\n<tr>\n<td width=\"207\">- Syst\u00e8me d'entra\u00eenement direct<\/td>\n<td width=\"207\">- Option de d\u00e9placement motoris\u00e9<\/td>\n<\/tr>\n<tr>\n<td width=\"207\">- Conception sur mesure<\/td>\n<td width=\"207\">- OEM<\/p>\n<p>&nbsp;<\/td>\n<\/tr>\n<\/tbody>\n<\/table>\n<p><img fetchpriority=\"high\" decoding=\"async\" class=\"alignnone wp-image-943 size-large\" src=\"https:\/\/www.weldmc.com\/wp-content\/uploads\/2025\/05\/\u56fe\u72479-1024x641.png\" alt=\"Rotateur 40T Fit Up\" width=\"1024\" height=\"641\" srcset=\"https:\/\/www.weldmc.com\/wp-content\/uploads\/2025\/05\/\u56fe\u72479-1024x641.png 1024w, https:\/\/www.weldmc.com\/wp-content\/uploads\/2025\/05\/\u56fe\u72479-300x188.png 300w, https:\/\/www.weldmc.com\/wp-content\/uploads\/2025\/05\/\u56fe\u72479-768x481.png 768w, https:\/\/www.weldmc.com\/wp-content\/uploads\/2025\/05\/\u56fe\u72479-600x375.png 600w, https:\/\/www.weldmc.com\/wp-content\/uploads\/2025\/05\/\u56fe\u72479.png 1122w\" sizes=\"(max-width: 1024px) 100vw, 1024px\" \/> <img decoding=\"async\" class=\"alignnone wp-image-938 size-full\" src=\"https:\/\/www.weldmc.com\/wp-content\/uploads\/2025\/05\/\u56fe\u724710.png\" alt=\"Rotateur 40T Fit Up\" width=\"1228\" height=\"1063\" srcset=\"https:\/\/www.weldmc.com\/wp-content\/uploads\/2025\/05\/\u56fe\u724710.png 1228w, https:\/\/www.weldmc.com\/wp-content\/uploads\/2025\/05\/\u56fe\u724710-300x260.png 300w, https:\/\/www.weldmc.com\/wp-content\/uploads\/2025\/05\/\u56fe\u724710-1024x886.png 1024w, https:\/\/www.weldmc.com\/wp-content\/uploads\/2025\/05\/\u56fe\u724710-768x665.png 768w, https:\/\/www.weldmc.com\/wp-content\/uploads\/2025\/05\/\u56fe\u724710-600x519.png 600w\" sizes=\"(max-width: 1228px) 100vw, 1228px\" \/><\/p>\n<p><strong>ROTATEURS DE SOUDAGE CONVENTIONNELS<\/strong><\/p>\n<p><strong>FIT UP <\/strong><strong>S\u00e9rie<\/strong><\/p>\n<p><strong>Les rotateurs conventionnels sont con\u00e7us pour faciliter le soudage de r\u00e9cipients ou de colonnes cylindriques.<\/strong><\/p>\n<table>\n<tbody>\n<tr>\n<td width=\"207\">- Une conception fiable<\/td>\n<td width=\"207\">- Une qualit\u00e9 fiable<\/td>\n<\/tr>\n<tr>\n<td width=\"207\">- Des pi\u00e8ces r\u00e9put\u00e9es<\/td>\n<td width=\"207\">- Contr\u00f4le de l'onduleur<\/td>\n<\/tr>\n<tr>\n<td width=\"207\">- Syst\u00e8me d'entra\u00eenement direct<\/td>\n<td width=\"207\">- Option de d\u00e9placement motoris\u00e9<\/td>\n<\/tr>\n<tr>\n<td width=\"207\">- Conception sur mesure<\/td>\n<td width=\"207\">- OEM<\/td>\n<\/tr>\n<\/tbody>\n<\/table>\n<p><img decoding=\"async\" class=\"alignnone wp-image-941 size-full\" src=\"https:\/\/www.weldmc.com\/wp-content\/uploads\/2025\/05\/\u56fe\u724711.png\" alt=\"Rotateur 40T Fit Up\" width=\"887\" height=\"665\" srcset=\"https:\/\/www.weldmc.com\/wp-content\/uploads\/2025\/05\/\u56fe\u724711.png 887w, https:\/\/www.weldmc.com\/wp-content\/uploads\/2025\/05\/\u56fe\u724711-300x225.png 300w, https:\/\/www.weldmc.com\/wp-content\/uploads\/2025\/05\/\u56fe\u724711-768x576.png 768w, https:\/\/www.weldmc.com\/wp-content\/uploads\/2025\/05\/\u56fe\u724711-600x450.png 600w\" sizes=\"(max-width: 887px) 100vw, 887px\" \/><\/p>\n<ul>\n<li><b> <\/b><strong><b>R\u00e9sum\u00e9<\/b><\/strong><\/li>\n<\/ul>\n<ol>\n<li><strong><b> Composition de l'\u00e9quipement<\/b><\/strong><\/li>\n<\/ol>\n<p class=\"ds-markdown-paragraph\"><strong>Composants et fonctionnalit\u00e9s de base<\/strong><br \/>\nLe WUXI ABK 40-Ton Fit Up Rotator est un syst\u00e8me con\u00e7u avec pr\u00e9cision pour\u00a0<strong>fabrication de r\u00e9cipients de grand diam\u00e8tre<\/strong>,\u00a0<strong>soudage de la circonf\u00e9rence d'un ol\u00e9oduc<\/strong>et\u00a0<strong>assemblage de structures offshore<\/strong>. Sa configuration robuste comprend<\/p>\n<ul>\n<li>\n<p class=\"ds-markdown-paragraph\"><strong>Cadre du rouleau d'entra\u00eenement<\/strong>\u00a0avec moteur AC + r\u00e9ducteur et\u00a0<strong>contr\u00f4le de la conversion de fr\u00e9quence<\/strong>\u00a0(vitesse r\u00e9glable de 0,1-1,2 m\/min)<\/p>\n<\/li>\n<li>\n<p class=\"ds-markdown-paragraph\"><strong>Ch\u00e2ssis \u00e0 rouleaux entra\u00een\u00e9s<\/strong>\u00a0et\u00a0<strong>rouleaux d'assemblage hydraulique<\/strong>\u00a0(2 s\u00e9ries) avec\u00a0<strong>Pr\u00e9cision d'alignement de 0,5 mm<\/strong><\/p>\n<\/li>\n<li>\n<p class=\"ds-markdown-paragraph\"><strong>Levage hydraulique int\u00e9gr\u00e9<\/strong>\u00a0et\u00a0<strong>suivre le mouvement<\/strong>\u00a0pour l'embo\u00eetement de cylindres sans soudure<\/p>\n<\/li>\n<\/ul>\n<p class=\"ds-markdown-paragraph\"><strong>Efficacit\u00e9 des flux de travail<\/strong><br \/>\nLe pr\u00e9sent\u00a0<strong>rotateur industriel<\/strong>\u00a0rationalise\u00a0<strong>soudage de r\u00e9cipients sous pression<\/strong>\u00a0et\u00a0<strong>fabrication de tours d'\u00e9oliennes<\/strong>\u00a0par le biais d'un processus en trois \u00e9tapes :<\/p>\n<ol start=\"1\">\n<li>\n<p class=\"ds-markdown-paragraph\"><strong>Positionnement segment\u00e9<\/strong>: Placer les cylindres sur les cadres d'entra\u00eenement ; les aligner par r\u00e9glage hydraulique.<\/p>\n<\/li>\n<li>\n<p class=\"ds-markdown-paragraph\"><strong>Assemblage et soudage<\/strong>: R\u00e9aliser\u00a0<strong>ajustement de pr\u00e9cision<\/strong>\u00a0(\u00b10,5 mm) ; souder les joints int\u00e9rieurs\/ext\u00e9rieurs \u00e0 l'aide de\u00a0<strong>manipulateurs de soudage<\/strong>.<\/p>\n<\/li>\n<li>\n<p class=\"ds-markdown-paragraph\"><strong>Expansion continue<\/strong>: R\u00e9p\u00e9ter pour terminer\u00a0<strong>soudage de conteneurs \u00e0 grande \u00e9chelle<\/strong>\u00a0(1,5-6m de diam\u00e8tre).<\/p>\n<\/li>\n<\/ol>\n<p class=\"ds-markdown-paragraph\"><strong>Avantages techniques<\/strong><\/p>\n<ul>\n<li>\n<p class=\"ds-markdown-paragraph\"><strong>Charge maximale de 50 tonnes<\/strong>\u00a0(personnalisable pour\u00a0<strong>fabrication lourde<\/strong>)<\/p>\n<\/li>\n<li>\n<p class=\"ds-markdown-paragraph\"><strong>R\u00e9gulation progressive de la vitesse<\/strong>\u00a0pour\u00a0<strong>une qualit\u00e9 de soudure constante<\/strong><\/p>\n<\/li>\n<li>\n<p class=\"ds-markdown-paragraph\"><strong>Anti-fraude<\/strong>\u00a0et\u00a0<strong>m\u00e9canismes anti-d\u00e9flexion<\/strong><\/p>\n<\/li>\n<li>\n<p class=\"ds-markdown-paragraph\"><strong>Int\u00e9gration de la soudure automatis\u00e9e<\/strong>\u00a0(compatible avec\u00a0<strong>syst\u00e8mes de soudage robotis\u00e9s<\/strong>)<\/p>\n<\/li>\n<\/ul>\n<p class=\"ds-markdown-paragraph\"><strong>S\u00e9curit\u00e9 et conformit\u00e9<\/strong><\/p>\n<ul>\n<li>\n<p class=\"ds-markdown-paragraph\"><strong>Protection contre les surcharges<\/strong>\u00a0et\u00a0<strong>freinage d'urgence<\/strong><\/p>\n<\/li>\n<li>\n<p class=\"ds-markdown-paragraph\"><strong>Conforme \u00e0 la norme ASME<\/strong>\u00a0proc\u00e9d\u00e9s de soudage<\/p>\n<\/li>\n<li>\n<p class=\"ds-markdown-paragraph\"><strong>Certifi\u00e9 CE\/ISO<\/strong>\u00a0pour\u00a0<strong>s\u00e9curit\u00e9 industrielle<\/strong><\/p>\n<\/li>\n<\/ul>\n<p><img loading=\"lazy\" decoding=\"async\" class=\"alignnone wp-image-936 size-full\" src=\"https:\/\/www.weldmc.com\/wp-content\/uploads\/2025\/05\/1748097561061.jpg\" alt=\"Rotateur 40T Fit Up\" width=\"796\" height=\"517\" srcset=\"https:\/\/www.weldmc.com\/wp-content\/uploads\/2025\/05\/1748097561061.jpg 796w, https:\/\/www.weldmc.com\/wp-content\/uploads\/2025\/05\/1748097561061-300x195.jpg 300w, https:\/\/www.weldmc.com\/wp-content\/uploads\/2025\/05\/1748097561061-768x499.jpg 768w, https:\/\/www.weldmc.com\/wp-content\/uploads\/2025\/05\/1748097561061-600x390.jpg 600w\" sizes=\"(max-width: 796px) 100vw, 796px\" \/> <img loading=\"lazy\" decoding=\"async\" class=\"alignnone wp-image-937 size-full\" src=\"https:\/\/www.weldmc.com\/wp-content\/uploads\/2025\/05\/1748097632079.jpg\" alt=\"Rotateur 40T Fit Up\" width=\"764\" height=\"807\" srcset=\"https:\/\/www.weldmc.com\/wp-content\/uploads\/2025\/05\/1748097632079.jpg 764w, https:\/\/www.weldmc.com\/wp-content\/uploads\/2025\/05\/1748097632079-284x300.jpg 284w, https:\/\/www.weldmc.com\/wp-content\/uploads\/2025\/05\/1748097632079-600x634.jpg 600w\" sizes=\"(max-width: 764px) 100vw, 764px\" \/><\/p>\n<p><strong><b>Introduction de la roue<\/b><\/strong><\/p>\n<p>Les roues en polyur\u00e9thane offrent une r\u00e9sistance exceptionnelle \u00e0 l'abrasion, un traitement polyvalent, une large applicabilit\u00e9 et une r\u00e9sistance sup\u00e9rieure \u00e0 l'huile, \u00e0 l'ozone, au vieillissement, aux radiations et aux basses temp\u00e9ratures. Elles offrent \u00e9galement une forte adh\u00e9rence, une excellente transmission du son, une biocompatibilit\u00e9 et une compatibilit\u00e9 avec le sang.<b><\/b><\/p>\n<p><img loading=\"lazy\" decoding=\"async\" class=\"alignnone wp-image-940\" src=\"https:\/\/www.weldmc.com\/wp-content\/uploads\/2025\/05\/\u56fe\u724713.png\" alt=\"Rotateur 40T Fit Up\" width=\"244\" height=\"305\" srcset=\"https:\/\/www.weldmc.com\/wp-content\/uploads\/2025\/05\/\u56fe\u724713.png 358w, https:\/\/www.weldmc.com\/wp-content\/uploads\/2025\/05\/\u56fe\u724713-240x300.png 240w\" sizes=\"(max-width: 244px) 100vw, 244px\" \/> <img loading=\"lazy\" decoding=\"async\" class=\"alignnone wp-image-939\" src=\"https:\/\/www.weldmc.com\/wp-content\/uploads\/2025\/05\/\u56fe\u724712.png\" alt=\"Rotateur 40T Fit Up\" width=\"244\" height=\"306\" srcset=\"https:\/\/www.weldmc.com\/wp-content\/uploads\/2025\/05\/\u56fe\u724712.png 308w, https:\/\/www.weldmc.com\/wp-content\/uploads\/2025\/05\/\u56fe\u724712-239x300.png 239w\" sizes=\"(max-width: 244px) 100vw, 244px\" \/> <img loading=\"lazy\" decoding=\"async\" class=\"alignnone wp-image-935\" src=\"https:\/\/www.weldmc.com\/wp-content\/uploads\/2025\/05\/\u56fe\u724714.png\" alt=\"Rotateur 40T Fit Up\" width=\"543\" height=\"306\" srcset=\"https:\/\/www.weldmc.com\/wp-content\/uploads\/2025\/05\/\u56fe\u724714.png 2276w, https:\/\/www.weldmc.com\/wp-content\/uploads\/2025\/05\/\u56fe\u724714-300x169.png 300w, https:\/\/www.weldmc.com\/wp-content\/uploads\/2025\/05\/\u56fe\u724714-1024x576.png 1024w, https:\/\/www.weldmc.com\/wp-content\/uploads\/2025\/05\/\u56fe\u724714-768x432.png 768w, https:\/\/www.weldmc.com\/wp-content\/uploads\/2025\/05\/\u56fe\u724714-1536x864.png 1536w, https:\/\/www.weldmc.com\/wp-content\/uploads\/2025\/05\/\u56fe\u724714-2048x1152.png 2048w, https:\/\/www.weldmc.com\/wp-content\/uploads\/2025\/05\/\u56fe\u724714-600x337.png 600w\" sizes=\"(max-width: 543px) 100vw, 543px\" \/><\/p>\n<p><strong><b>Pr\u00e9sentation du moteur<\/b><\/strong><strong><b><br \/>\n<\/b><\/strong><img decoding=\"async\" src=\"https:\/\/www.weldmc.com\/wp-content\/uploads\/2025\/05\/Motor_2.png\" alt=\"Moteur_2\" \/> <img decoding=\"async\" src=\"https:\/\/www.weldmc.com\/wp-content\/uploads\/2025\/05\/Motor_1.png\" alt=\"Moteur_1\" \/><\/p>\n<p><strong>Lignes directrices pour l'entretien des rotateurs de soudage<\/strong><\/p>\n<p>Nettoyez le rotateur de soudage avant de l'utiliser. Gardez les rouleaux en caoutchouc \u00e0 l'abri des huiles et des temp\u00e9ratures \u00e9lev\u00e9es pour \u00e9viter qu'ils ne vieillissent. Il est recommand\u00e9 qu'une personne d\u00e9sign\u00e9e utilise et entretienne l'\u00e9quipement.<\/p>\n<p>S'assurer que le r\u00e9ducteur de vitesse est rempli d'huile moteur 30# avant de d\u00e9marrer, en particulier lorsque la temp\u00e9rature est inf\u00e9rieure \u00e0 0\u00baC.<\/p>\n<p>Remplacez l'huile du r\u00e9ducteur de vitesse apr\u00e8s le premier mois d'utilisation. Ensuite, changez l'huile tous les six mois.<\/p>\n<p>N'utilisez pas le lit du rouleau comme terrain de soudage afin d'\u00e9viter d'endommager les roulements.<\/p>\n<p><strong><b>Fabricant de rotateurs de qualit\u00e9 sup\u00e9rieure<\/b><\/strong><\/p>\n<p>1) Avec plus de 20 ans d'exp\u00e9rience sp\u00e9cialis\u00e9e dans la fabrication de rotateurs \u00e0 alignement automatique.<\/p>\n<p>2) Nos produits ont une capacit\u00e9 de charge allant de 5 \u00e0 400 tonnes.<\/p>\n<p>3. nous fournissons les certifications CE et ISO, garantissant la conformit\u00e9 avec des sous-r\u00e9glementations rigoureuses. En outre.<\/p>\n<p>4. nous offrons une garantie d'un an et des pi\u00e8ces d'usure gratuites.<\/p>\n<p>5. notre \u00e9quipe technique hautement qualifi\u00e9e se consacre \u00e0 votre soutien et \u00e0 celui de vos projets \u00e0 grande \u00e9chelle, tels que le soudage d'\u00e9oliennes.<\/p>\n<p><img decoding=\"async\" src=\"https:\/\/www.weldmc.com\/wp-content\/uploads\/2025\/05\/Product-certification.png\" alt=\"Certification des produits\" \/><\/p>\n<p>Wuxi ABK Machinery Co.Ltd est un fabricant professionnel de rotateur de soudage en Chine. Nos rotateurs de soudage comprennent principalement le rotateur de soudage standard, le rotateur de soudage r\u00e9glable et le rotateur de soudage sp\u00e9cial. Nous pouvons \u00e9galement fournir \u00e0 nos clients du monde entier de nombreux autres produits, y compris la table tournante de soudage, la machine de soudage de pieux, la ligne de production de tours \u00e9oliennes, la ligne de soudage de poutre en H, l'\u00e9quipement de soudage de tuyaux, la machine de coupe CNC, la rectifieuse, la machine de formage de rouleaux, la machine de pliage de plaques, etc. Nous avons obtenu les certifications ISO et CE et nous proposons \u00e9galement des services OEM.<\/p>\n<p>&nbsp;<\/p>","protected":false},"excerpt":{"rendered":"<p>Le WUXI ABK 40-Ton Fit Up Rotator est un positionneur de soudage robuste con\u00e7u pour la fabrication de cuves de pr\u00e9cision, avec un alignement hydraulique d'une pr\u00e9cision de \u00b10,5 mm et un contr\u00f4le progressif de la vitesse de 0,1 \u00e0 1,2 m\/min. Con\u00e7u pour des pi\u00e8ces d'un diam\u00e8tre de 1,5 \u00e0 6 m et d'une capacit\u00e9 de 50 tonnes, ce syst\u00e8me robuste int\u00e8gre des m\u00e9canismes de s\u00e9curit\u00e9 et un manipulateur de soudage pour optimiser les op\u00e9rations de soudage d'appareils \u00e0 pression et de tuyauteries dans des environnements industriels exigeants.<\/p>","protected":false},"featured_media":2123,"comment_status":"open","ping_status":"closed","template":"","meta":{"_acf_changed":false},"product_brand":[],"product_cat":[21,40,30],"product_tag":[],"class_list":{"0":"post-955","1":"product","2":"type-product","3":"status-publish","4":"has-post-thumbnail","6":"product_cat-welding-automation","7":"product_cat-fit-up-rotator","8":"product_cat-welding-rotator","10":"first","11":"instock","12":"shipping-taxable","13":"product-type-simple"},"acf":[],"_links":{"self":[{"href":"https:\/\/www.weldmc.com\/fr\/wp-json\/wp\/v2\/product\/955","targetHints":{"allow":["GET"]}}],"collection":[{"href":"https:\/\/www.weldmc.com\/fr\/wp-json\/wp\/v2\/product"}],"about":[{"href":"https:\/\/www.weldmc.com\/fr\/wp-json\/wp\/v2\/types\/product"}],"replies":[{"embeddable":true,"href":"https:\/\/www.weldmc.com\/fr\/wp-json\/wp\/v2\/comments?post=955"}],"wp:featuredmedia":[{"embeddable":true,"href":"https:\/\/www.weldmc.com\/fr\/wp-json\/wp\/v2\/media\/2123"}],"wp:attachment":[{"href":"https:\/\/www.weldmc.com\/fr\/wp-json\/wp\/v2\/media?parent=955"}],"wp:term":[{"taxonomy":"product_brand","embeddable":true,"href":"https:\/\/www.weldmc.com\/fr\/wp-json\/wp\/v2\/product_brand?post=955"},{"taxonomy":"product_cat","embeddable":true,"href":"https:\/\/www.weldmc.com\/fr\/wp-json\/wp\/v2\/product_cat?post=955"},{"taxonomy":"product_tag","embeddable":true,"href":"https:\/\/www.weldmc.com\/fr\/wp-json\/wp\/v2\/product_tag?post=955"}],"curies":[{"name":"wp","href":"https:\/\/api.w.org\/{rel}","templated":true}]}}