{"id":953,"date":"2025-05-24T23:26:40","date_gmt":"2025-05-24T15:26:40","guid":{"rendered":"http:\/\/111.170.148.214:8095\/?post_type=product&#038;p=953"},"modified":"2025-10-14T15:07:27","modified_gmt":"2025-10-14T07:07:27","slug":"head-to-tail-positioner-1-ton","status":"publish","type":"product","link":"https:\/\/www.weldmc.com\/fr\/product\/head-to-tail-positioner-1-ton\/","title":{"rendered":"Positionneur t\u00eate-b\u00eache 1 tonne"},"content":{"rendered":"<p>Les <strong><b>HBT Series Welding Positioner,<\/b><\/strong>\u00a0developed by <strong><b>WUXI ABK<\/b><\/strong>, combines advanced domestic and international technologies with practical user insights. Its <strong><b>sleek, compact design<\/b><\/strong>\u00a0assure <strong><b>high precision, reliable performance, and easy operation<\/b><\/strong>, making it a preferred choice for industrial applications.<\/p>\n<p><img fetchpriority=\"high\" decoding=\"async\" class=\"\" src=\"https:\/\/www.weldmc.com\/wp-content\/uploads\/2025\/05\/Head-Tail-Positioner_1.png\" alt=\"\" width=\"358\" height=\"247\" \/> <img decoding=\"async\" class=\"\" src=\"https:\/\/www.weldmc.com\/wp-content\/uploads\/2025\/05\/Head-Tail-Positioner_2.png\" alt=\"Head Tail Positioner_2\" width=\"330\" height=\"247\" \/> <img decoding=\"async\" class=\"\" src=\"https:\/\/www.weldmc.com\/wp-content\/uploads\/2025\/05\/Head-Tail-Positioner_3.png\" alt=\"Head Tail Positioner_3\" width=\"331\" height=\"248\" \/><\/p>\n<p><iframe title=\"Lecteur vid\u00e9o YouTube\" src=\"https:\/\/www.youtube.com\/embed\/Zt_kWBLUVVg?si=P8jgHSRF2GINgJ5h\" width=\"560\" height=\"315\" frameborder=\"0\" allowfullscreen=\"allowfullscreen\"><\/iframe><\/p>\n<table>\n<tbody>\n<tr>\n<td colspan=\"3\" width=\"511\"><strong>Mod\u00e8le<\/strong><\/td>\n<td width=\"386\"><strong>HB<\/strong><strong>T<\/strong><strong>&#8211;<\/strong><strong>10<\/strong><\/td>\n<\/tr>\n<tr>\n<td width=\"326\"><strong>Capacit\u00e9 de charge<\/strong><\/td>\n<td width=\"85\">(TON)<\/td>\n<td width=\"99\"><\/td>\n<td width=\"386\">1<\/td>\n<\/tr>\n<tr>\n<td width=\"326\"><strong>Turning Angle<\/strong><\/td>\n<td width=\"85\">(\u00b0)<\/td>\n<td width=\"99\"><\/td>\n<td width=\"386\">360<\/td>\n<\/tr>\n<tr>\n<td width=\"326\"><strong>T<\/strong><strong>urning Speed<\/strong><\/td>\n<td width=\"85\">(RPM)<\/td>\n<td width=\"99\"><\/td>\n<td width=\"386\">0.04-0.4<\/td>\n<\/tr>\n<tr>\n<td width=\"326\"><strong>Overturning <\/strong><strong>\u00a0Angle<\/strong><\/td>\n<td width=\"85\">(\u00b0)<\/td>\n<td width=\"99\"><\/td>\n<td width=\"386\">360<\/td>\n<\/tr>\n<tr>\n<td width=\"326\"><strong>Worktable <\/strong><strong>Diam\u00e8tre<\/strong><\/td>\n<td width=\"85\">(MM)<\/td>\n<td width=\"99\"><\/td>\n<td width=\"386\">1000<\/td>\n<\/tr>\n<tr>\n<td width=\"326\"><strong>Overturn Centre Height<\/strong><\/td>\n<td width=\"85\">(MM)<\/td>\n<td width=\"99\"><\/td>\n<td width=\"386\">1500<\/td>\n<\/tr>\n<tr>\n<td width=\"326\"><strong>Distance Between Two Bases<\/strong><\/td>\n<td width=\"85\">(MM)<\/td>\n<td width=\"99\"><\/td>\n<td width=\"386\">3000<\/td>\n<\/tr>\n<tr>\n<td width=\"326\"><strong>Worktable <\/strong><strong>T<\/strong><strong>urning\/<\/strong><strong>O<\/strong><strong>verturning<\/strong><\/td>\n<td width=\"85\"><\/td>\n<td width=\"99\"><\/td>\n<td width=\"386\">Mechanized<\/td>\n<\/tr>\n<tr>\n<td width=\"326\"><strong>Rotation<\/strong><strong>\u00a0Motor Power<\/strong><\/td>\n<td width=\"85\">(KW)<\/td>\n<td width=\"99\"><\/td>\n<td width=\"386\">0.75<\/td>\n<\/tr>\n<tr>\n<td width=\"326\"><strong>Overturn<\/strong><strong>\u00a0Motor Power<\/strong><\/td>\n<td width=\"85\">(KW)<\/td>\n<td width=\"99\"><\/td>\n<td width=\"386\">1.5<\/td>\n<\/tr>\n<tr>\n<td width=\"326\"><strong>Alimentation \u00e9lectrique<\/strong><\/td>\n<td width=\"85\">(V)<\/td>\n<td width=\"99\">50Hz 3\u0278<\/td>\n<td width=\"386\">380 (D\u00e9termin\u00e9 en fonction des besoins du client)<\/td>\n<\/tr>\n<tr>\n<td width=\"326\"><strong>Type de r\u00e9gulation de vitesse<\/strong><\/td>\n<td width=\"85\"><\/td>\n<td width=\"99\"><\/td>\n<td width=\"386\">R\u00e9gulation progressive de la vitesse en fonction de la fr\u00e9quence AC<\/td>\n<\/tr>\n<tr>\n<td colspan=\"4\" width=\"897\">Remarque : toutes les sp\u00e9cifications correspondent \u00e0 l'\u00e9quipement standard et peuvent \u00eatre modifi\u00e9es en fonction des besoins des clients.<\/td>\n<\/tr>\n<\/tbody>\n<\/table>\n<p>1. Palier d'orientation<\/p>\n<p><img decoding=\"async\" src=\"https:\/\/www.weldmc.com\/wp-content\/uploads\/2025\/05\/Slewing-bearing.png\" alt=\"Palier d&#039;orientation\" \/><\/p>\n<p>La couronne d'orientation est un \u00e9l\u00e9ment porteur essentiel qui permet la rotation relative entre les pi\u00e8ces de la machine tout en g\u00e9rant simultan\u00e9ment les forces axiales, radiales et le moment de renversement. Sa conception compacte et l\u00e9g\u00e8re, en acier alli\u00e9 \u00e0 haute r\u00e9sistance, garantit un fonctionnement sans heurts avec une grande pr\u00e9cision (\u00b10,05\u00b0 de rotation) et une longue dur\u00e9e de vie. Les principales configurations comprennent des trous pour les boulons de montage, des engrenages internes\/externes en option, des orifices de lubrification et des syst\u00e8mes d'\u00e9tanch\u00e9it\u00e9 pour une fiabilit\u00e9 accrue. Avec un diam\u00e8tre compris entre 300 et 5000 mm et une capacit\u00e9 de charge allant jusqu'\u00e0 50 000 kN, il est largement utilis\u00e9 dans les machines de construction, les \u00e9oliennes, les grues et les \u00e9quipements militaires. Des conceptions sur mesure sont disponibles pour les applications sp\u00e9cialis\u00e9es.<\/p>\n<ol start=\"2\">\n<li>Engrenages<\/li>\n<\/ol>\n<p>1). Marche arri\u00e8re<\/p>\n<p><img decoding=\"async\" src=\"https:\/\/www.weldmc.com\/wp-content\/uploads\/2025\/05\/Reverse-gear.png\" alt=\"Marche arri\u00e8re\" \/><\/p>\n<p>En g\u00e9n\u00e9ral, l'angle de rotation de l'engrenage rotatif est compris entre 0 et 90\u00b0. La fonction de d\u00e9placement est assur\u00e9e par la rotation de la table.<\/p>\n<p>2). Marche arri\u00e8re<\/p>\n<p><img loading=\"lazy\" decoding=\"async\" class=\"\" src=\"https:\/\/www.weldmc.com\/wp-content\/uploads\/2025\/05\/Reverse-gear_1.png\" alt=\"Marche arri\u00e8re_1\" width=\"345\" height=\"260\" \/> <img loading=\"lazy\" decoding=\"async\" class=\"\" src=\"https:\/\/www.weldmc.com\/wp-content\/uploads\/2025\/05\/Reverse-gear_2.png\" alt=\"Marche arri\u00e8re_2\" width=\"346\" height=\"259\" \/> <img loading=\"lazy\" decoding=\"async\" class=\"\" src=\"https:\/\/www.weldmc.com\/wp-content\/uploads\/2025\/05\/Reverse-gear_3.png\" alt=\"Marche arri\u00e8re_3\" width=\"344\" height=\"257\" \/><\/p>\n<p>Les engrenages sont des composants m\u00e9caniques dent\u00e9s qui transmettent le couple par engr\u00e8nement avec d'autres \u00e9l\u00e9ments d'engrenage tels que des cr\u00e9maill\u00e8res, des vis sans fin ou des engrenages suppl\u00e9mentaires, permettant un contr\u00f4le pr\u00e9cis de la transmission de puissance en modifiant les rapports vitesse\/couple, en redirigeant les trajectoires de mouvement et en convertissant les types de mouvement (par exemple, de rotatif \u00e0 lin\u00e9aire). Leur conception \u00e0 dents imbriqu\u00e9es assure un transfert de force fiable tout en permettant de personnaliser l'avantage m\u00e9canique dans diverses applications industrielles.<\/p>\n<p>3. r\u00e9ducteur<\/p>\n<p><img decoding=\"async\" src=\"https:\/\/www.weldmc.com\/wp-content\/uploads\/2025\/05\/Reducer.png\" alt=\"R\u00e9ducteur\" \/><\/p>\n<p>Les r\u00e9ducteurs \u00e0 engrenages sont des dispositifs de transmission m\u00e9canique de puissance qui utilisent des syst\u00e8mes d'engrenages de pr\u00e9cision pour r\u00e9duire la vitesse d'entr\u00e9e tout en augmentant proportionnellement le couple de sortie, le couple de sortie \u00e9tant le produit du couple moteur et du rapport d'engrenage (sans d\u00e9passer la capacit\u00e9 nominale du r\u00e9ducteur). Ces syst\u00e8mes diminuent simultan\u00e9ment l'inertie de la charge par le carr\u00e9 du rapport de r\u00e9duction, ce qui permet d'optimiser la conversion de puissance pour diverses applications industrielles gr\u00e2ce \u00e0 l'engagement efficace des engrenages.<\/p>\n<p><img decoding=\"async\" src=\"https:\/\/www.weldmc.com\/wp-content\/uploads\/2025\/05\/Motor_2.png\" alt=\"Moteur_2\" \/> <img decoding=\"async\" src=\"https:\/\/www.weldmc.com\/wp-content\/uploads\/2025\/05\/Motor_1.png\" alt=\"Moteur_1\" \/><\/p>\n<p class=\"ds-markdown-paragraph\">Proper maintenance ensures optimal performance of your\u00a0<strong>positionneur de soudure<\/strong>\u00a0en\u00a0<strong>precision fabrication<\/strong>\u00a0applications. Daily care involves removing\u00a0<strong>scories de soudure<\/strong>\u00a0deposits and verifying\u00a0<strong>les niveaux de lubrification<\/strong>\u00a0lors de l'inspection\u00a0<strong>raccordements \u00e9lectriques<\/strong>\u00a0for safety. Monthly procedures include torque-checking\u00a0<strong>fastening bolts<\/strong>, examining the\u00a0<strong>transmission par vis sans fin<\/strong>, and testing\u00a0<strong>fonctions d'arr\u00eat d'urgence<\/strong>.<\/p>\n<p class=\"ds-markdown-paragraph\">For long-term reliability:<\/p>\n<ul>\n<li>\n<p class=\"ds-markdown-paragraph\">Annually replace\u00a0<strong>composants d'usure<\/strong>\u00a0like carbon brushes and bearings<\/p>\n<\/li>\n<li>\n<p class=\"ds-markdown-paragraph\">Replenish\u00a0<strong>high-temperature grease<\/strong>\u00a0in all gearboxes<\/p>\n<\/li>\n<li>\n<p class=\"ds-markdown-paragraph\">Recalibrate the\u00a0<strong>rotary axis positioning system<\/strong><\/p>\n<\/li>\n<\/ul>\n<p class=\"ds-markdown-paragraph\">Alertes op\u00e9rationnelles critiques :<br \/>\n\u2713 Immediate shutdown required for\u00a0<strong>abnormal vibrations<\/strong>\u00a0ou\u00a0<strong>irregular rotation<\/strong><br \/>\n\u2713 Monitor\u00a0<strong>servo motor temperatures<\/strong>\u00a0during continuous operation<\/p>\n<p class=\"ds-markdown-paragraph\">Ce protocole d'entretien est efficace :<br \/>\n-\u00a0<strong>30% extended equipment lifespan<\/strong>\u00a0for your\u00a0<strong>table tournante de soudage<\/strong><br \/>\n-\u00a0<strong>90% reduction in unplanned downtime<\/strong><br \/>\n\u2022 Consistent\u00a0<strong>Pr\u00e9cision de rotation de \u00b10,5<\/strong>\u00a0pour\u00a0<strong>soudage automatis\u00e9<\/strong>\u00a0processes<\/p>\n<p class=\"ds-markdown-paragraph\"><strong>Certified Performance<\/strong><br \/>\nNotre\u00a0<strong>CE\/ISO certified positioners<\/strong>\u00a0feature:<\/p>\n<ul>\n<li>\n<p class=\"ds-markdown-paragraph\"><strong>Precision ground gears<\/strong>\u00a0for smooth indexing<\/p>\n<\/li>\n<li>\n<p class=\"ds-markdown-paragraph\"><strong>IP54 protected control systems<\/strong><\/p>\n<\/li>\n<li>\n<p class=\"ds-markdown-paragraph\"><strong>500-1000kg load capacity<\/strong>\u00a0configurations<\/p>\n<\/li>\n<\/ul>\n<p><img decoding=\"async\" src=\"https:\/\/www.weldmc.com\/wp-content\/uploads\/2025\/05\/Product-certification.png\" alt=\"Certification des produits\" \/><br \/>\nWuxi ABK Machinery Co.Ltd est un fabricant professionnel de rotateur de soudage en Chine. Nos rotateurs de soudage comprennent principalement le rotateur de soudage standard, le rotateur de soudage r\u00e9glable et le rotateur de soudage sp\u00e9cial. Nous pouvons \u00e9galement fournir \u00e0 nos clients du monde entier de nombreux autres produits, y compris la table tournante de soudage, la machine de soudage de pieux, la ligne de production de tours \u00e9oliennes, la ligne de soudage de poutre en H, l'\u00e9quipement de soudage de tuyaux, la machine de coupe CNC, la rectifieuse, la machine de formage de rouleaux, la machine de pliage de plaques, etc. Nous avons obtenu les certifications ISO et CE et nous proposons \u00e9galement des services OEM.<\/p>","protected":false},"excerpt":{"rendered":"<p><strong>Positionneur de t\u00eate et de queue WUXI ABK 1 tonne<\/strong>\u00a0offre une rotation de pr\u00e9cision pour les pi\u00e8ces de petite et moyenne taille. Avec une pr\u00e9cision de \u00b10,5\u00b0, un entra\u00eenement robuste par vis sans fin et une rotation continue de 360\u00b0, il est id\u00e9al pour le soudage et la fabrication robotis\u00e9s. Certifi\u00e9 CE\/ISO avec des options de capacit\u00e9 de 500 \u00e0 1000 kg.<\/p>","protected":false},"featured_media":2100,"comment_status":"open","ping_status":"closed","template":"","meta":{"_acf_changed":false},"product_brand":[],"product_cat":[21,36,29],"product_tag":[],"class_list":{"0":"post-953","1":"product","2":"type-product","3":"status-publish","4":"has-post-thumbnail","6":"product_cat-welding-automation","7":"product_cat-head-and-tail-positioner","8":"product_cat-welding-positioner","10":"first","11":"instock","12":"shipping-taxable","13":"product-type-simple"},"acf":[],"_links":{"self":[{"href":"https:\/\/www.weldmc.com\/fr\/wp-json\/wp\/v2\/product\/953","targetHints":{"allow":["GET"]}}],"collection":[{"href":"https:\/\/www.weldmc.com\/fr\/wp-json\/wp\/v2\/product"}],"about":[{"href":"https:\/\/www.weldmc.com\/fr\/wp-json\/wp\/v2\/types\/product"}],"replies":[{"embeddable":true,"href":"https:\/\/www.weldmc.com\/fr\/wp-json\/wp\/v2\/comments?post=953"}],"wp:featuredmedia":[{"embeddable":true,"href":"https:\/\/www.weldmc.com\/fr\/wp-json\/wp\/v2\/media\/2100"}],"wp:attachment":[{"href":"https:\/\/www.weldmc.com\/fr\/wp-json\/wp\/v2\/media?parent=953"}],"wp:term":[{"taxonomy":"product_brand","embeddable":true,"href":"https:\/\/www.weldmc.com\/fr\/wp-json\/wp\/v2\/product_brand?post=953"},{"taxonomy":"product_cat","embeddable":true,"href":"https:\/\/www.weldmc.com\/fr\/wp-json\/wp\/v2\/product_cat?post=953"},{"taxonomy":"product_tag","embeddable":true,"href":"https:\/\/www.weldmc.com\/fr\/wp-json\/wp\/v2\/product_tag?post=953"}],"curies":[{"name":"wp","href":"https:\/\/api.w.org\/{rel}","templated":true}]}}