{"id":894,"date":"2025-05-24T21:18:26","date_gmt":"2025-05-24T13:18:26","guid":{"rendered":"http:\/\/111.170.148.214:8095\/?post_type=product&#038;p=894"},"modified":"2025-10-13T08:48:52","modified_gmt":"2025-10-13T00:48:52","slug":"variable-height-welding-roller-system-200tons","status":"publish","type":"product","link":"https:\/\/www.weldmc.com\/fr\/product\/variable-height-welding-roller-system-200tons\/","title":{"rendered":"Syst\u00e8me de rouleaux de soudage \u00e0 hauteur variable 200 tonnes"},"content":{"rendered":"<p><strong><b>Description du rotateur de soudage r\u00e9glable<\/b><\/strong><br \/>\n<strong><b>Liste des param\u00e8tres de l'HG conventionnel<\/b><\/strong><strong><b>K-200 <\/b><\/strong><strong><b>rotateur de soudage<\/b><\/strong><\/p>\n<table>\n<tbody>\n<tr>\n<td colspan=\"2\" width=\"200\">Mod\u00e8le<\/td>\n<td width=\"225\">HGK-200<\/td>\n<\/tr>\n<tr>\n<td colspan=\"2\" width=\"200\">Capacit\u00e9 de charge (tonnes)<\/td>\n<td width=\"225\">200<\/td>\n<\/tr>\n<tr>\n<td colspan=\"2\" width=\"200\">Diam\u00e8tre de la roue (mm)<\/td>\n<td width=\"225\">700<\/td>\n<\/tr>\n<tr>\n<td colspan=\"2\" width=\"200\">Largeur de la roue (mm)<\/td>\n<td width=\"225\">300(metal)<\/td>\n<\/tr>\n<tr>\n<td rowspan=\"2\" width=\"79\">Diam\u00e8tre du vaisseau<\/td>\n<td width=\"121\">MIN(mm)<\/td>\n<td width=\"225\">800<\/td>\n<\/tr>\n<tr>\n<td width=\"121\">MAX(mm)<\/td>\n<td width=\"225\">5000<\/td>\n<\/tr>\n<tr>\n<td colspan=\"2\" width=\"200\">Vitesse des roues (m\/h)<\/td>\n<td width=\"225\">6-60<\/td>\n<\/tr>\n<tr>\n<td colspan=\"2\" width=\"200\">Puissance du moteur (kw)<\/td>\n<td width=\"225\">2*4<\/td>\n<\/tr>\n<\/tbody>\n<\/table>\n<p>&nbsp;<\/p>\n<p><iframe title=\"Lecteur vid\u00e9o YouTube\" src=\"https:\/\/www.youtube.com\/embed\/3ySB5fQCjYQ?si=t_H1DNfoYxAysPvQ\" width=\"560\" height=\"315\" frameborder=\"0\" allowfullscreen=\"allowfullscreen\"><\/iframe><\/p>\n<p><strong><b>Liste des param\u00e8tres du rotateur de soudage conventionnel de la s\u00e9rie HGK<\/b><\/strong><strong><b><br \/>\n<\/b><\/strong><b><\/b><\/p>\n<p><img fetchpriority=\"high\" decoding=\"async\" class=\"alignnone wp-image-821 size-full\" src=\"https:\/\/www.weldmc.com\/wp-content\/uploads\/2025\/05\/Parameter-list-of-conventional-HGK-series-welding-rotator.png\" alt=\"Adjustable Welding Rotator HGK-200\" width=\"1024\" height=\"170\" srcset=\"https:\/\/www.weldmc.com\/wp-content\/uploads\/2025\/05\/Parameter-list-of-conventional-HGK-series-welding-rotator.png 1024w, https:\/\/www.weldmc.com\/wp-content\/uploads\/2025\/05\/Parameter-list-of-conventional-HGK-series-welding-rotator-300x50.png 300w, https:\/\/www.weldmc.com\/wp-content\/uploads\/2025\/05\/Parameter-list-of-conventional-HGK-series-welding-rotator-768x128.png 768w, https:\/\/www.weldmc.com\/wp-content\/uploads\/2025\/05\/Parameter-list-of-conventional-HGK-series-welding-rotator-600x100.png 600w\" sizes=\"(max-width: 1024px) 100vw, 1024px\" \/><\/p>\n<p class=\"ds-markdown-paragraph\"><strong>Heavy-Duty Construction for Industrial Applications<\/strong><br \/>\nThe WUXI ABK 200-ton adjustable welding rotator features a robust box-type steel frame construction specifically engineered for heavy industrial applications in pressure vessel fabrication, wind tower production, and shipbuilding components manufacturing. Our precision-engineered sliding track system maintains \u00b10.1mm positioning accuracy even under full 200-ton load capacity, ensuring consistent weld quality for large-diameter cylindrical workpieces.<\/p>\n<p class=\"ds-markdown-paragraph\"><strong>High-Performance Rotating System<\/strong><br \/>\nAt the core of this industrial welding positioner are premium ZG45 cast steel rollers with HRC 55-60 hardness rating, delivering:<\/p>\n<ul>\n<li>\n<p class=\"ds-markdown-paragraph\">30-ton dynamic load capacity per roller<\/p>\n<\/li>\n<li>\n<p class=\"ds-markdown-paragraph\">Superior wear resistance for extended service life<\/p>\n<\/li>\n<li>\n<p class=\"ds-markdown-paragraph\">Optimized surface treatment for friction reduction<br \/>\nThe dual-motor drive system incorporates two 7.5kW AC motors with precision gear reducers, offering stepless speed control from 0.5 to 5 RPM through advanced frequency converter technology, with torque synchronization maintained within \u00b12% accuracy.<\/p>\n<\/li>\n<\/ul>\n<p class=\"ds-markdown-paragraph\"><strong>Advanced Control and Measurement Systems<\/strong><br \/>\nThe welding rotator integrates multiple precision technologies:<\/p>\n<ul>\n<li>\n<p class=\"ds-markdown-paragraph\">R\u00e9glage hydraulique de l'\u00e9l\u00e9vation (plage de \u00b150 mm) avec alignement automatique de la ligne m\u00e9diane<\/p>\n<\/li>\n<li>\n<p class=\"ds-markdown-paragraph\">German-engineered NOVO displacement sensors providing 0.01mm resolution<\/p>\n<\/li>\n<li>\n<p class=\"ds-markdown-paragraph\">Siemens\/ABB PLC-based intelligent control system with IP65 protection<\/p>\n<\/li>\n<li>\n<p class=\"ds-markdown-paragraph\">Real-time axial movement monitoring interface<\/p>\n<\/li>\n<li>\n<p class=\"ds-markdown-paragraph\">&lt;0.5mm creep prevention accuracy for critical welding applications<\/p>\n<\/li>\n<\/ul>\n<p class=\"ds-markdown-paragraph\"><strong>Sp\u00e9cifications techniques<\/strong><\/p>\n<ul>\n<li>\n<p class=\"ds-markdown-paragraph\">Maximum Load Capacity: 200 tons<\/p>\n<\/li>\n<li>\n<p class=\"ds-markdown-paragraph\">Roller Material: ZG45 cast steel (HRC 55-60)<\/p>\n<\/li>\n<li>\n<p class=\"ds-markdown-paragraph\">Drive System: 2\u00d77.5kW AC motors with reducers<\/p>\n<\/li>\n<li>\n<p class=\"ds-markdown-paragraph\">Speed Range: 0.5-5 RPM (stepless adjustment)<\/p>\n<\/li>\n<li>\n<p class=\"ds-markdown-paragraph\">Positioning Accuracy: \u00b10.1mm<\/p>\n<\/li>\n<li>\n<p class=\"ds-markdown-paragraph\">Control System: Siemens\/ABB PLC with IP65 rating<\/p>\n<\/li>\n<li>\n<p class=\"ds-markdown-paragraph\">Sensor Resolution: 0.01mm<\/p>\n<\/li>\n<li>\n<p class=\"ds-markdown-paragraph\">Linear Accuracy: \u00b10.05% F.S.<\/p>\n<\/li>\n<\/ul>\n<p class=\"ds-markdown-paragraph\"><strong>Applications industrielles<\/strong><br \/>\nThis heavy-duty welding rotator is ideal for:<\/p>\n<ul>\n<li>\n<p class=\"ds-markdown-paragraph\">Pressure vessel manufacturing<\/p>\n<\/li>\n<li>\n<p class=\"ds-markdown-paragraph\">Wind tower fabrication<\/p>\n<\/li>\n<li>\n<p class=\"ds-markdown-paragraph\">Shipbuilding and offshore structures<\/p>\n<\/li>\n<li>\n<p class=\"ds-markdown-paragraph\">Large-diameter pipeline welding<\/p>\n<\/li>\n<li>\n<p class=\"ds-markdown-paragraph\">Energy equipment production<\/p>\n<\/li>\n<li>\n<p class=\"ds-markdown-paragraph\">Chemical plant components<\/p>\n<\/li>\n<\/ul>\n<p class=\"ds-markdown-paragraph\"><strong>Assurance qualit\u00e9<\/strong><br \/>\nEvery 200-ton adjustable welding rotator includes:<\/p>\n<ul>\n<li>\n<p class=\"ds-markdown-paragraph\">CE and ISO certification<\/p>\n<\/li>\n<li>\n<p class=\"ds-markdown-paragraph\">24-month warranty on critical components<\/p>\n<\/li>\n<li>\n<p class=\"ds-markdown-paragraph\">On-site technical support<\/p>\n<\/li>\n<li>\n<p class=\"ds-markdown-paragraph\">Custom configuration options<\/p>\n<\/li>\n<li>\n<p class=\"ds-markdown-paragraph\">Preventive maintenance program<\/p>\n<\/li>\n<\/ul>\n<p><img decoding=\"async\" class=\"alignnone wp-image-812 size-full\" src=\"https:\/\/www.weldmc.com\/wp-content\/uploads\/2025\/05\/Adjustable-Welding-Rotator-HGK-5-Maintenance-of-Welding-Rotator-2.png\" alt=\"Adjustable Welding Rotator HGK-200\" width=\"368\" height=\"276\" srcset=\"https:\/\/www.weldmc.com\/wp-content\/uploads\/2025\/05\/Adjustable-Welding-Rotator-HGK-5-Maintenance-of-Welding-Rotator-2.png 368w, https:\/\/www.weldmc.com\/wp-content\/uploads\/2025\/05\/Adjustable-Welding-Rotator-HGK-5-Maintenance-of-Welding-Rotator-2-300x225.png 300w\" sizes=\"(max-width: 368px) 100vw, 368px\" \/><\/p>\n<p class=\"ds-markdown-paragraph\"><strong>WUXI ABK 200-Ton Adjustable Welding Rotator Maintenance Guide<\/strong><\/p>\n<p class=\"ds-markdown-paragraph\"><strong>Pre-Operation Preparation<\/strong><br \/>\nPrior to initial operation, the\u00a0<strong>200-ton heavy-duty welding rotator<\/strong>\u00a0must undergo thorough cleaning to remove any protective coatings or debris. Special attention should be paid to the\u00a0<strong>rouleaux en caoutchouc \u00e0 haute r\u00e9sistance<\/strong>, which must be protected from oil contamination and temperatures exceeding 60\u00b0C to prevent premature aging. We strongly recommend assigning certified personnel for all\u00a0<strong>positionneur de soudure<\/strong>\u00a0operations and maintenance procedures to ensure optimal performance of this\u00a0<strong>industrial rotator equipment<\/strong>.<\/p>\n<p class=\"ds-markdown-paragraph\"><strong>Lubrication System Maintenance<\/strong><br \/>\nLes\u00a0<strong>speed reducer<\/strong>\u00a0of this\u00a0<strong>large-capacity welding rotator<\/strong>\u00a0requires proper lubrication:<\/p>\n<ul>\n<li>\n<p class=\"ds-markdown-paragraph\">Initial fill with\u00a0<strong>Huile moteur 30#<\/strong>\u00a0(ISO VG 150 equivalent)<\/p>\n<\/li>\n<li>\n<p class=\"ds-markdown-paragraph\">In sub-zero conditions (&lt;0\u00b0C), use\u00a0<strong>synthetic winter-grade lubricant<\/strong><\/p>\n<\/li>\n<li>\n<p class=\"ds-markdown-paragraph\">First oil change after\u00a0<strong>30 days of operation<\/strong><\/p>\n<\/li>\n<li>\n<p class=\"ds-markdown-paragraph\">Subsequent changes every\u00a0<strong>500 operating hours<\/strong>\u00a0ou\u00a0<strong>6 mois<\/strong>\u00a0(whichever comes first)<\/p>\n<\/li>\n<\/ul>\n<p class=\"ds-markdown-paragraph\"><strong>Critical Operational Guidelines<\/strong><\/p>\n<ol start=\"1\">\n<li>\n<p class=\"ds-markdown-paragraph\"><strong>Jamais<\/strong>\u00a0use the\u00a0<strong>rotator bed<\/strong>\u00a0as a welding ground &#8211; always employ separate grounding clamps to protect the\u00a0<strong>precision bearings<\/strong><\/p>\n<\/li>\n<li>\n<p class=\"ds-markdown-paragraph\">Monitor bearing temperatures during operation (maximum 70\u00b0C continuous)<\/p>\n<\/li>\n<li>\n<p class=\"ds-markdown-paragraph\">Monthly\u00a0<strong>laser alignment checks<\/strong>\u00a0of rollers (tolerance \u00b10.2mm)<\/p>\n<\/li>\n<\/ol>\n<p class=\"ds-markdown-paragraph\"><strong>Maintenance Schedule<\/strong><\/p>\n<div class=\"markdown-table-wrapper\">\n<table>\n<thead>\n<tr>\n<th>Interval<\/th>\n<th>Task<\/th>\n<th>Standard<\/th>\n<\/tr>\n<\/thead>\n<tbody>\n<tr>\n<td>Weekly<\/td>\n<td><strong>Roller surface inspection<\/strong><\/td>\n<td>No cracks or deformation<\/td>\n<\/tr>\n<tr>\n<td>Monthly<\/td>\n<td><strong>Gear reducer oil analysis<\/strong><\/td>\n<td>Water content &lt;0.5%<\/td>\n<\/tr>\n<tr>\n<td>Quarterly<\/td>\n<td><strong>Bearing clearance check<\/strong><\/td>\n<td>Radial play &lt;0.3mm<\/td>\n<\/tr>\n<\/tbody>\n<\/table>\n<\/div>\n<p class=\"ds-markdown-paragraph\"><strong>Safety &amp; Support<\/strong><br \/>\n\u2713 Always disconnect power before servicing this\u00a0<strong>heavy fabrication equipment<\/strong><br \/>\n\u2713 Use only\u00a0<strong>ABK-certified replacement parts<\/strong><br \/>\n\u2713 24\/7 technical support available for this\u00a0<strong>200-ton positioner<\/strong><\/p>\n<p><img decoding=\"async\" class=\"alignnone wp-image-811 size-full\" src=\"https:\/\/www.weldmc.com\/wp-content\/uploads\/2025\/05\/Adjustable-Welding-Rotator-HGK-5-Features-of-Welding-Rotator.png\" alt=\"Adjustable Welding Rotator HGK-200\" width=\"1080\" height=\"810\" srcset=\"https:\/\/www.weldmc.com\/wp-content\/uploads\/2025\/05\/Adjustable-Welding-Rotator-HGK-5-Features-of-Welding-Rotator.png 1080w, https:\/\/www.weldmc.com\/wp-content\/uploads\/2025\/05\/Adjustable-Welding-Rotator-HGK-5-Features-of-Welding-Rotator-300x225.png 300w, https:\/\/www.weldmc.com\/wp-content\/uploads\/2025\/05\/Adjustable-Welding-Rotator-HGK-5-Features-of-Welding-Rotator-1024x768.png 1024w, https:\/\/www.weldmc.com\/wp-content\/uploads\/2025\/05\/Adjustable-Welding-Rotator-HGK-5-Features-of-Welding-Rotator-768x576.png 768w, https:\/\/www.weldmc.com\/wp-content\/uploads\/2025\/05\/Adjustable-Welding-Rotator-HGK-5-Features-of-Welding-Rotator-600x450.png 600w\" sizes=\"(max-width: 1080px) 100vw, 1080px\" \/><\/p>\n<p><strong>Caract\u00e9ristiques du rotateur de soudage<\/strong><\/p>\n<ol>\n<li>La distance entre les rouleaux s'ajuste automatiquement pour s'adapter aux diff\u00e9rents diam\u00e8tres des barils.<br \/>\nLa vitesse est r\u00e9glable gr\u00e2ce \u00e0 un syst\u00e8me de contr\u00f4le de la fr\u00e9quence, ce qui am\u00e9liore la fiabilit\u00e9 op\u00e9rationnelle.<br \/>\n3. la facilit\u00e9 d'utilisation est assur\u00e9e par un bo\u00eetier de commande manuel.<br \/>\n4. disponible dans de multiples configurations, y compris des types mobiles et des types de levage.<br \/>\n5. un lit \u00e0 rouleaux sp\u00e9cialement con\u00e7u offre un confort accru pendant le soudage.<br \/>\n6. les rouleaux peuvent \u00eatre fabriqu\u00e9s \u00e0 partir de divers mat\u00e9riaux, tels que le caoutchouc noir, le polyur\u00e9thane et l'acier.<\/li>\n<\/ol>\n<p><img loading=\"lazy\" decoding=\"async\" class=\"alignnone wp-image-832 size-full\" src=\"https:\/\/www.weldmc.com\/wp-content\/uploads\/2025\/05\/\u56fe\u72473-scaled.jpg\" alt=\"Adjustable Welding Rotator HGK-200\" width=\"2560\" height=\"1920\" srcset=\"https:\/\/www.weldmc.com\/wp-content\/uploads\/2025\/05\/\u56fe\u72473-scaled.jpg 2560w, https:\/\/www.weldmc.com\/wp-content\/uploads\/2025\/05\/\u56fe\u72473-300x225.jpg 300w, https:\/\/www.weldmc.com\/wp-content\/uploads\/2025\/05\/\u56fe\u72473-1024x768.jpg 1024w, https:\/\/www.weldmc.com\/wp-content\/uploads\/2025\/05\/\u56fe\u72473-768x576.jpg 768w, https:\/\/www.weldmc.com\/wp-content\/uploads\/2025\/05\/\u56fe\u72473-1536x1152.jpg 1536w, https:\/\/www.weldmc.com\/wp-content\/uploads\/2025\/05\/\u56fe\u72473-2048x1536.jpg 2048w, https:\/\/www.weldmc.com\/wp-content\/uploads\/2025\/05\/\u56fe\u72473-600x450.jpg 600w\" sizes=\"(max-width: 2560px) 100vw, 2560px\" \/><\/p>\n<p><strong><b>D\u00e9tails du produit<\/b><\/strong><\/p>\n<table>\n<tbody>\n<tr>\n<td>- Une conception fiable<\/td>\n<td>- Une qualit\u00e9 fiable<\/td>\n<\/tr>\n<tr>\n<td>- Des pi\u00e8ces r\u00e9put\u00e9es<\/td>\n<td>- Contr\u00f4le de l'onduleur<\/td>\n<\/tr>\n<tr>\n<td>- Syst\u00e8me d'entra\u00eenement direct<\/td>\n<td>- Option de d\u00e9placement motoris\u00e9<\/td>\n<\/tr>\n<tr>\n<td>- Conception sur mesure<\/td>\n<td>- OEM<\/td>\n<\/tr>\n<\/tbody>\n<\/table>\n<p><strong><b>Introduction de la roue<\/b><\/strong><\/p>\n<p>Les roues en polyur\u00e9thane offrent une r\u00e9sistance exceptionnelle \u00e0 l'abrasion, un traitement polyvalent, une large applicabilit\u00e9 et une r\u00e9sistance sup\u00e9rieure \u00e0 l'huile, \u00e0 l'ozone, au vieillissement, aux radiations et aux basses temp\u00e9ratures. Elles offrent \u00e9galement une forte adh\u00e9rence, une excellente transmission du son, une biocompatibilit\u00e9 et une compatibilit\u00e9 avec le sang.<\/p>\n<p><img loading=\"lazy\" decoding=\"async\" class=\"alignnone wp-image-815\" src=\"https:\/\/www.weldmc.com\/wp-content\/uploads\/2025\/05\/Adjustable-Welding-Rotator-HGK-5-Wheel-introduction-1.png\" alt=\"Adjustable Welding Rotator HGK-200\" width=\"243\" height=\"304\" srcset=\"https:\/\/www.weldmc.com\/wp-content\/uploads\/2025\/05\/Adjustable-Welding-Rotator-HGK-5-Wheel-introduction-1.png 358w, https:\/\/www.weldmc.com\/wp-content\/uploads\/2025\/05\/Adjustable-Welding-Rotator-HGK-5-Wheel-introduction-1-240x300.png 240w\" sizes=\"(max-width: 243px) 100vw, 243px\" \/><img loading=\"lazy\" decoding=\"async\" class=\"alignnone wp-image-817\" src=\"https:\/\/www.weldmc.com\/wp-content\/uploads\/2025\/05\/Adjustable-Welding-Rotator-HGK-5-Wheel-introduction.png\" alt=\"Adjustable Welding Rotator HGK-200\" width=\"242\" height=\"303\" srcset=\"https:\/\/www.weldmc.com\/wp-content\/uploads\/2025\/05\/Adjustable-Welding-Rotator-HGK-5-Wheel-introduction.png 308w, https:\/\/www.weldmc.com\/wp-content\/uploads\/2025\/05\/Adjustable-Welding-Rotator-HGK-5-Wheel-introduction-239x300.png 239w\" sizes=\"(max-width: 242px) 100vw, 242px\" \/><img loading=\"lazy\" decoding=\"async\" class=\"alignnone wp-image-816\" src=\"https:\/\/www.weldmc.com\/wp-content\/uploads\/2025\/05\/Adjustable-Welding-Rotator-HGK-5-Wheel-introduction-3.png\" alt=\"Adjustable Welding Rotator HGK-200\" width=\"541\" height=\"304\" srcset=\"https:\/\/www.weldmc.com\/wp-content\/uploads\/2025\/05\/Adjustable-Welding-Rotator-HGK-5-Wheel-introduction-3.png 2276w, https:\/\/www.weldmc.com\/wp-content\/uploads\/2025\/05\/Adjustable-Welding-Rotator-HGK-5-Wheel-introduction-3-300x169.png 300w, https:\/\/www.weldmc.com\/wp-content\/uploads\/2025\/05\/Adjustable-Welding-Rotator-HGK-5-Wheel-introduction-3-1024x576.png 1024w, https:\/\/www.weldmc.com\/wp-content\/uploads\/2025\/05\/Adjustable-Welding-Rotator-HGK-5-Wheel-introduction-3-768x432.png 768w, https:\/\/www.weldmc.com\/wp-content\/uploads\/2025\/05\/Adjustable-Welding-Rotator-HGK-5-Wheel-introduction-3-1536x864.png 1536w, https:\/\/www.weldmc.com\/wp-content\/uploads\/2025\/05\/Adjustable-Welding-Rotator-HGK-5-Wheel-introduction-3-2048x1152.png 2048w, https:\/\/www.weldmc.com\/wp-content\/uploads\/2025\/05\/Adjustable-Welding-Rotator-HGK-5-Wheel-introduction-3-600x337.png 600w\" sizes=\"(max-width: 541px) 100vw, 541px\" \/><\/p>\n<p><strong><b>Pr\u00e9sentation du moteur<\/b><\/strong><strong><b><br \/>\n<\/b><\/strong><\/p>\n<p><img decoding=\"async\" src=\"https:\/\/www.weldmc.com\/wp-content\/uploads\/2025\/05\/Motor_2.png\" alt=\"Moteur_2\" \/> <img decoding=\"async\" src=\"https:\/\/www.weldmc.com\/wp-content\/uploads\/2025\/05\/Motor_1.png\" alt=\"Moteur_1\" \/><\/p>\n<p class=\"ds-markdown-paragraph\"><strong>WUXI ABK 200-Ton Adjustable Welding Rotator &#8211; Maintenance &amp; Specifications<\/strong><\/p>\n<p class=\"ds-markdown-paragraph\"><strong>Lignes directrices pour l'entretien<\/strong><br \/>\nPrior to operation, thoroughly clean the\u00a0<strong>heavy-duty welding rotator<\/strong>\u00a0to remove contaminants. Protect the\u00a0<strong>rouleaux en caoutchouc \u00e0 haute r\u00e9sistance<\/strong>\u00a0from oil exposure and temperatures exceeding 60\u00b0C to prevent premature degradation. We recommend assigning certified personnel for all maintenance tasks to ensure optimal performance of this\u00a0<strong>positionneur industriel<\/strong>.<\/p>\n<p class=\"ds-markdown-paragraph\">For lubrication:<\/p>\n<ul>\n<li>\n<p class=\"ds-markdown-paragraph\">Remplir le\u00a0<strong>precision gear reducer<\/strong>\u00a0with 30# engine oil (ISO VG 150 equivalent) before initial startup<\/p>\n<\/li>\n<li>\n<p class=\"ds-markdown-paragraph\">In sub-zero conditions (&lt;0\u00b0C), use winter-grade synthetic lubricant<\/p>\n<\/li>\n<li>\n<p class=\"ds-markdown-paragraph\">Replace oil after the first 30 days of operation, then every 500 service hours or 6 months<\/p>\n<\/li>\n<\/ul>\n<p class=\"ds-markdown-paragraph\"><strong>Critical Operational Notes<\/strong><\/p>\n<ul>\n<li>\n<p class=\"ds-markdown-paragraph\"><strong>Jamais<\/strong>\u00a0utilize the\u00a0<strong>rotator bed<\/strong>\u00a0as a welding ground &#8211; employ separate grounding clamps to protect the\u00a0<strong>heavy-load bearings<\/strong><\/p>\n<\/li>\n<li>\n<p class=\"ds-markdown-paragraph\">Monthly inspections should verify\u00a0<strong>roller alignment<\/strong>\u00a0(\u00b10.2mm tolerance) and\u00a0<strong>bearing temperatures<\/strong>\u00a0(&lt;70\u00b0C)<\/p>\n<\/li>\n<\/ul>\n<p class=\"ds-markdown-paragraph\"><strong>Manufacturer Advantages<\/strong><br \/>\nWUXI ABK brings 20+ years of expertise in\u00a0<strong>large-diameter welding equipment<\/strong>\u00a0manufacturing. Our\u00a0<strong>adjustable welding rotators<\/strong>\u00a0feature:<\/p>\n<ul>\n<li>\n<p class=\"ds-markdown-paragraph\"><strong>200-ton load capacity<\/strong>\u00a0(range: 5-400 tons)<\/p>\n<\/li>\n<li>\n<p class=\"ds-markdown-paragraph\"><strong>Self-aligning roller system<\/strong>\u00a0pour\u00a0<strong>fabrication d'appareils \u00e0 pression<\/strong><\/p>\n<\/li>\n<li>\n<p class=\"ds-markdown-paragraph\"><strong>CE &amp; ISO 3834 certified<\/strong>\u00a0composants<\/p>\n<\/li>\n<li>\n<p class=\"ds-markdown-paragraph\">24-month warranty on\u00a0<strong>core drive systems<\/strong><\/p>\n<\/li>\n<li>\n<p class=\"ds-markdown-paragraph\">Complimentary replacement of\u00a0<strong>wear parts<\/strong>\u00a0(rollers, seals)<\/p>\n<\/li>\n<\/ul>\n<p class=\"ds-markdown-paragraph\"><strong>Technical Support<\/strong><br \/>\nOur engineering team provides:<br \/>\n\u2713 On-site\u00a0<strong>soudage des m\u00e2ts d'\u00e9olienne<\/strong>\u00a0assistance<br \/>\n\u2713\u00a0<strong>Pipeline girth welding<\/strong>\u00a0process optimization<br \/>\n\u2713 24\/7 remote diagnostics for\u00a0<strong>rotary positioners<\/strong><\/p>\n<p><img loading=\"lazy\" decoding=\"async\" class=\"alignnone wp-image-819 size-full\" src=\"https:\/\/www.weldmc.com\/wp-content\/uploads\/2025\/05\/Adjustable-Welding-Rotator-HGK.png\" alt=\"Adjustable Welding Rotator HGK-200\" width=\"1500\" height=\"1500\" srcset=\"https:\/\/www.weldmc.com\/wp-content\/uploads\/2025\/05\/Adjustable-Welding-Rotator-HGK.png 1500w, https:\/\/www.weldmc.com\/wp-content\/uploads\/2025\/05\/Adjustable-Welding-Rotator-HGK-300x300.png 300w, https:\/\/www.weldmc.com\/wp-content\/uploads\/2025\/05\/Adjustable-Welding-Rotator-HGK-1024x1024.png 1024w, https:\/\/www.weldmc.com\/wp-content\/uploads\/2025\/05\/Adjustable-Welding-Rotator-HGK-150x150.png 150w, https:\/\/www.weldmc.com\/wp-content\/uploads\/2025\/05\/Adjustable-Welding-Rotator-HGK-768x768.png 768w, https:\/\/www.weldmc.com\/wp-content\/uploads\/2025\/05\/Adjustable-Welding-Rotator-HGK-500x500.png 500w, https:\/\/www.weldmc.com\/wp-content\/uploads\/2025\/05\/Adjustable-Welding-Rotator-HGK-600x600.png 600w, https:\/\/www.weldmc.com\/wp-content\/uploads\/2025\/05\/Adjustable-Welding-Rotator-HGK-100x100.png 100w\" sizes=\"(max-width: 1500px) 100vw, 1500px\" \/><\/p>\n<p>Wuxi ABK Machinery Co.Ltd est un fabricant professionnel de rotateur de soudage en Chine. Nos rotateurs de soudage comprennent principalement le rotateur de soudage standard, le rotateur de soudage r\u00e9glable et le rotateur de soudage sp\u00e9cial. Nous pouvons \u00e9galement fournir \u00e0 nos clients du monde entier de nombreux autres produits, y compris la table tournante de soudage, la machine de soudage de pieux, la ligne de production de tours \u00e9oliennes, la ligne de soudage de poutre en H, l'\u00e9quipement de soudage de tuyaux, la machine de coupe CNC, la rectifieuse, la machine de formage de rouleaux, la machine de pliage de plaques, etc. Nous avons obtenu les certifications ISO et CE et nous proposons \u00e9galement des services OEM.<\/p>\n<p>&nbsp;<\/p>","protected":false},"excerpt":{"rendered":"<p><strong>Rotateur de soudage r\u00e9glable WUXI ABK 200 tonnes<\/strong>\u00a0est une solution industrielle robuste con\u00e7ue pour la fabrication \u00e0 grande \u00e9chelle d'appareils \u00e0 pression, de tours \u00e9oliennes et de composants de navires. Dot\u00e9 d'une construction robuste avec une pr\u00e9cision de \u00b10,1 mm, d'un syst\u00e8me d'entra\u00eenement \u00e0 deux moteurs (0,5-5 RPM) et d'une technologie anti-remont\u00e9e, ce positionneur certifi\u00e9 CE assure une rotation stable pour les applications de soudage critiques. Avec une lubrification \u00e0 l'huile moteur 30# et une protection IP65, il offre des performances fiables dans les environnements exigeants.<\/p>","protected":false},"featured_media":2128,"comment_status":"open","ping_status":"closed","template":"","meta":{"_acf_changed":false},"product_brand":[],"product_cat":[21,39,30],"product_tag":[],"class_list":{"0":"post-894","1":"product","2":"type-product","3":"status-publish","4":"has-post-thumbnail","6":"product_cat-welding-automation","7":"product_cat-adjustable-welding-rotator","8":"product_cat-welding-rotator","10":"first","11":"instock","12":"shipping-taxable","13":"product-type-simple"},"acf":[],"_links":{"self":[{"href":"https:\/\/www.weldmc.com\/fr\/wp-json\/wp\/v2\/product\/894","targetHints":{"allow":["GET"]}}],"collection":[{"href":"https:\/\/www.weldmc.com\/fr\/wp-json\/wp\/v2\/product"}],"about":[{"href":"https:\/\/www.weldmc.com\/fr\/wp-json\/wp\/v2\/types\/product"}],"replies":[{"embeddable":true,"href":"https:\/\/www.weldmc.com\/fr\/wp-json\/wp\/v2\/comments?post=894"}],"wp:featuredmedia":[{"embeddable":true,"href":"https:\/\/www.weldmc.com\/fr\/wp-json\/wp\/v2\/media\/2128"}],"wp:attachment":[{"href":"https:\/\/www.weldmc.com\/fr\/wp-json\/wp\/v2\/media?parent=894"}],"wp:term":[{"taxonomy":"product_brand","embeddable":true,"href":"https:\/\/www.weldmc.com\/fr\/wp-json\/wp\/v2\/product_brand?post=894"},{"taxonomy":"product_cat","embeddable":true,"href":"https:\/\/www.weldmc.com\/fr\/wp-json\/wp\/v2\/product_cat?post=894"},{"taxonomy":"product_tag","embeddable":true,"href":"https:\/\/www.weldmc.com\/fr\/wp-json\/wp\/v2\/product_tag?post=894"}],"curies":[{"name":"wp","href":"https:\/\/api.w.org\/{rel}","templated":true}]}}