{"id":890,"date":"2025-05-24T21:04:53","date_gmt":"2025-05-24T13:04:53","guid":{"rendered":"http:\/\/111.170.148.214:8095\/?post_type=product&#038;p=890"},"modified":"2025-10-13T08:49:54","modified_gmt":"2025-10-13T00:49:54","slug":"adjustable-height-pipe-rotator-equipment-100tons","status":"publish","type":"product","link":"https:\/\/www.weldmc.com\/fr\/product\/adjustable-height-pipe-rotator-equipment-100tons\/","title":{"rendered":"\u00c9quipement de rotation de tuyaux \u00e0 hauteur r\u00e9glable 100 tonnes"},"content":{"rendered":"<p><strong><b>Description du rotateur de soudage r\u00e9glable<\/b><\/strong><br \/>\n<strong><b>Liste des param\u00e8tres de l'HG conventionnel<\/b><\/strong><strong><b>K-100 <\/b><\/strong><strong><b>rotateur de soudage<\/b><\/strong><\/p>\n<table>\n<tbody>\n<tr>\n<td colspan=\"2\" width=\"200\">Mod\u00e8le<\/td>\n<td width=\"225\">HGK-100<\/td>\n<\/tr>\n<tr>\n<td colspan=\"2\" width=\"200\">Capacit\u00e9 de charge (tonnes)<\/td>\n<td width=\"225\">100<\/td>\n<\/tr>\n<tr>\n<td colspan=\"2\" width=\"200\">Diam\u00e8tre de la roue (mm)<\/td>\n<td width=\"225\">550<\/td>\n<\/tr>\n<tr>\n<td colspan=\"2\" width=\"200\">Largeur de la roue (mm)<\/td>\n<td width=\"225\">220(metal)<\/td>\n<\/tr>\n<tr>\n<td rowspan=\"2\" width=\"79\">Diam\u00e8tre du vaisseau<\/td>\n<td width=\"121\">MIN(mm)<\/td>\n<td width=\"225\">800<\/td>\n<\/tr>\n<tr>\n<td width=\"121\">MAX(mm)<\/td>\n<td width=\"225\">5000<\/td>\n<\/tr>\n<tr>\n<td colspan=\"2\" width=\"200\">Vitesse des roues (m\/h)<\/td>\n<td width=\"225\">6-60<\/td>\n<\/tr>\n<tr>\n<td colspan=\"2\" width=\"200\">Puissance du moteur (kw)<\/td>\n<td width=\"225\">2*3<\/td>\n<\/tr>\n<\/tbody>\n<\/table>\n<p>&nbsp;<\/p>\n<p><iframe title=\"Lecteur vid\u00e9o YouTube\" src=\"https:\/\/www.youtube.com\/embed\/3ySB5fQCjYQ?si=t_H1DNfoYxAysPvQ\" width=\"560\" height=\"315\" frameborder=\"0\" allowfullscreen=\"allowfullscreen\"><\/iframe><\/p>\n<p><strong><b>Liste des param\u00e8tres du rotateur de soudage conventionnel de la s\u00e9rie HGK<\/b><\/strong><strong><b><br \/>\n<\/b><\/strong><b><\/b><\/p>\n<p><img fetchpriority=\"high\" decoding=\"async\" class=\"size-full wp-image-821\" src=\"http:\/\/111.170.148.214:8095\/wp-content\/uploads\/2025\/05\/Parameter-list-of-conventional-HGK-series-welding-rotator.png\" alt=\"Rotateur de soudage r\u00e9glable HGK-60\" width=\"1024\" height=\"170\" srcset=\"https:\/\/www.weldmc.com\/wp-content\/uploads\/2025\/05\/Parameter-list-of-conventional-HGK-series-welding-rotator.png 1024w, https:\/\/www.weldmc.com\/wp-content\/uploads\/2025\/05\/Parameter-list-of-conventional-HGK-series-welding-rotator-300x50.png 300w, https:\/\/www.weldmc.com\/wp-content\/uploads\/2025\/05\/Parameter-list-of-conventional-HGK-series-welding-rotator-768x128.png 768w, https:\/\/www.weldmc.com\/wp-content\/uploads\/2025\/05\/Parameter-list-of-conventional-HGK-series-welding-rotator-600x100.png 600w\" sizes=\"(max-width: 1024px) 100vw, 1024px\" \/><\/p>\n<p class=\"ds-markdown-paragraph\"><strong>Construction lourde et ing\u00e9nierie de pr\u00e9cision<\/strong><br \/>\nOur 100-ton welding rotator features a robust box-type steel frame construction specifically engineered for optimal load distribution in heavy industrial applications. The precision sliding track system delivers exceptional \u00b10.1mm positioning accuracy, making it ideal for pressure vessel fabrication and wind tower manufacturing. The quick-lock stabilization mechanism ensures rigid fixation during critical welding operations on large-diameter workpieces.<\/p>\n<p class=\"ds-markdown-paragraph\"><strong>High-Performance Rotating System<\/strong><\/p>\n<ul>\n<li>\n<p class=\"ds-markdown-paragraph\"><strong>Premium Rollers<\/strong>: Manufactured from ZG45 high-grade cast steel (HRC 55-60 hardness) with 30-ton dynamic load capacity per roller<\/p>\n<\/li>\n<li>\n<p class=\"ds-markdown-paragraph\"><strong>Dual-Motor Drive<\/strong>: Twin 7.5kW motors with precision gear reducers provide reliable torque transmission<\/p>\n<\/li>\n<li>\n<p class=\"ds-markdown-paragraph\"><strong>Smart Speed Control<\/strong>: Frequency converter enables stepless 0.5-5 RPM adjustment with \u00b12% torque synchronization<\/p>\n<\/li>\n<\/ul>\n<p class=\"ds-markdown-paragraph\"><strong>Advanced Positioning Technology<\/strong><br \/>\nThe welding positioner incorporates multiple precision systems:<\/p>\n<ol start=\"1\">\n<li>\n<p class=\"ds-markdown-paragraph\"><strong>M\u00e9canisme anti-cr\u00eapage<\/strong>: Hydraulic elevation adjustment (\u00b150mm range) with automatic centerline alignment maintains &lt;0.5mm positional accuracy<\/p>\n<\/li>\n<li>\n<p class=\"ds-markdown-paragraph\"><strong>Measurement System<\/strong>: German NOVO displacement sensors provide 0.01mm resolution with \u00b10.05% linearity<\/p>\n<\/li>\n<li>\n<p class=\"ds-markdown-paragraph\"><strong>Syst\u00e8me de contr\u00f4le<\/strong>: Siemens\/ABB PLC components with IP65 protection and real-time axial movement monitoring<\/p>\n<\/li>\n<\/ol>\n<p class=\"ds-markdown-paragraph\"><strong>Technical Advantages for Industrial Applications<\/strong><br \/>\nThis heavy-duty welding rotator delivers unmatched performance in:<\/p>\n<ul>\n<li>\n<p class=\"ds-markdown-paragraph\"><strong>Pressure vessel rolling and positioning<\/strong><\/p>\n<\/li>\n<li>\n<p class=\"ds-markdown-paragraph\"><strong>Wind tower flange welding<\/strong><\/p>\n<\/li>\n<li>\n<p class=\"ds-markdown-paragraph\"><strong>Shipbuilding component fabrication<\/strong><\/p>\n<\/li>\n<li>\n<p class=\"ds-markdown-paragraph\"><strong>Large-diameter pipe girth welding<\/strong><\/p>\n<\/li>\n<\/ul>\n<p class=\"ds-markdown-paragraph\"><strong>Caract\u00e9ristiques principales :<\/strong><br \/>\n\u2713 100-ton load capacity for heavy fabrication<br \/>\n\u2713 Military-grade precision measurement<br \/>\n\u2713 Industrial-grade IP65 protection<br \/>\n\u2713 Smart torque synchronization<br \/>\n\u2713 Low-maintenance cast steel rollers<\/p>\n<p><img decoding=\"async\" class=\"alignnone size-full wp-image-812\" src=\"http:\/\/111.170.148.214:8095\/wp-content\/uploads\/2025\/05\/Adjustable-Welding-Rotator-HGK-5-Maintenance-of-Welding-Rotator-2.png\" alt=\"Rotateur de soudage r\u00e9glable HGK-100\" width=\"368\" height=\"276\" srcset=\"https:\/\/www.weldmc.com\/wp-content\/uploads\/2025\/05\/Adjustable-Welding-Rotator-HGK-5-Maintenance-of-Welding-Rotator-2.png 368w, https:\/\/www.weldmc.com\/wp-content\/uploads\/2025\/05\/Adjustable-Welding-Rotator-HGK-5-Maintenance-of-Welding-Rotator-2-300x225.png 300w\" sizes=\"(max-width: 368px) 100vw, 368px\" \/> <img decoding=\"async\" class=\"alignnone size-full wp-image-813\" src=\"http:\/\/111.170.148.214:8095\/wp-content\/uploads\/2025\/05\/Adjustable-Welding-Rotator-HGK-5-Maintenance-of-Welding-Rotator-3.png\" alt=\"Rotateur de soudage r\u00e9glable HGK-100\" width=\"374\" height=\"280\" srcset=\"https:\/\/www.weldmc.com\/wp-content\/uploads\/2025\/05\/Adjustable-Welding-Rotator-HGK-5-Maintenance-of-Welding-Rotator-3.png 374w, https:\/\/www.weldmc.com\/wp-content\/uploads\/2025\/05\/Adjustable-Welding-Rotator-HGK-5-Maintenance-of-Welding-Rotator-3-300x225.png 300w\" sizes=\"(max-width: 374px) 100vw, 374px\" \/> <img loading=\"lazy\" decoding=\"async\" class=\"alignnone size-full wp-image-814\" src=\"http:\/\/111.170.148.214:8095\/wp-content\/uploads\/2025\/05\/Adjustable-Welding-Rotator-HGK-5-Maintenance-of-Welding-Rotator.png\" alt=\"Rotateur de soudage r\u00e9glable HGK-100\" width=\"328\" height=\"248\" srcset=\"https:\/\/www.weldmc.com\/wp-content\/uploads\/2025\/05\/Adjustable-Welding-Rotator-HGK-5-Maintenance-of-Welding-Rotator.png 328w, https:\/\/www.weldmc.com\/wp-content\/uploads\/2025\/05\/Adjustable-Welding-Rotator-HGK-5-Maintenance-of-Welding-Rotator-300x227.png 300w\" sizes=\"(max-width: 328px) 100vw, 328px\" \/><\/p>\n<p><strong><b>Entretien du rotateur de soudage<\/b><\/strong><\/p>\n<p>1. Ce rotateur de soudage doit \u00eatre nettoy\u00e9 avant d'\u00eatre utilis\u00e9. Pour \u00e9viter le vieillissement, les rouleaux en caoutchouc doivent rester \u00e0 l'\u00e9cart des huiles et des temp\u00e9ratures \u00e9lev\u00e9es. Dans la mesure du possible, une personne sp\u00e9cifique doit \u00eatre charg\u00e9e de l'utilisation et de l'entretien de cet appareil.<br \/>\n2. Avant le d\u00e9marrage, le r\u00e9ducteur de vitesse doit \u00eatre rempli d'huile moteur 30#, ce qui est \u00e9galement n\u00e9cessaire lorsque la temp\u00e9rature ambiante est inf\u00e9rieure \u00e0 0\u00baC.<br \/>\n3. L'huile \u00e0 l'int\u00e9rieur du r\u00e9ducteur de vitesse doit \u00eatre compl\u00e8tement remplac\u00e9e apr\u00e8s le premier mois d'utilisation, et par la suite, l'huile du moteur peut \u00eatre chang\u00e9e tous les six mois.<br \/>\n4. Le banc \u00e0 rouleaux ne peut pas \u00eatre utilis\u00e9 comme terrain de soudage afin d'\u00e9viter d'endommager les roulements.<\/p>\n<p><img loading=\"lazy\" decoding=\"async\" class=\"alignnone size-full wp-image-834\" src=\"http:\/\/111.170.148.214:8095\/wp-content\/uploads\/2025\/05\/Adjustable-Welding-Rotator.png\" alt=\"Rotateur de soudage r\u00e9glable HGK-100\" width=\"1080\" height=\"810\" srcset=\"https:\/\/www.weldmc.com\/wp-content\/uploads\/2025\/05\/Adjustable-Welding-Rotator.png 1080w, https:\/\/www.weldmc.com\/wp-content\/uploads\/2025\/05\/Adjustable-Welding-Rotator-300x225.png 300w, https:\/\/www.weldmc.com\/wp-content\/uploads\/2025\/05\/Adjustable-Welding-Rotator-1024x768.png 1024w, https:\/\/www.weldmc.com\/wp-content\/uploads\/2025\/05\/Adjustable-Welding-Rotator-768x576.png 768w, https:\/\/www.weldmc.com\/wp-content\/uploads\/2025\/05\/Adjustable-Welding-Rotator-600x450.png 600w\" sizes=\"(max-width: 1080px) 100vw, 1080px\" \/><\/p>\n<p><strong>Caract\u00e9ristiques du rotateur de soudage<\/strong><\/p>\n<ol>\n<li>La distance entre les rouleaux s'ajuste automatiquement pour s'adapter aux diff\u00e9rents diam\u00e8tres des barils.<br \/>\nLa vitesse est r\u00e9glable gr\u00e2ce \u00e0 un syst\u00e8me de contr\u00f4le de la fr\u00e9quence, ce qui am\u00e9liore la fiabilit\u00e9 op\u00e9rationnelle.<br \/>\n3. la facilit\u00e9 d'utilisation est assur\u00e9e par un bo\u00eetier de commande manuel.<br \/>\n4. disponible dans de multiples configurations, y compris des types mobiles et des types de levage.<br \/>\n5. un lit \u00e0 rouleaux sp\u00e9cialement con\u00e7u offre un confort accru pendant le soudage.<br \/>\n6. les rouleaux peuvent \u00eatre fabriqu\u00e9s \u00e0 partir de divers mat\u00e9riaux, tels que le caoutchouc noir, le polyur\u00e9thane et l'acier.<\/li>\n<\/ol>\n<p><img loading=\"lazy\" decoding=\"async\" class=\"alignnone size-full wp-image-832\" src=\"http:\/\/111.170.148.214:8095\/wp-content\/uploads\/2025\/05\/\u56fe\u72473-scaled.jpg\" alt=\"Rotateur de soudage r\u00e9glable HGK-100\" width=\"2560\" height=\"1920\" srcset=\"https:\/\/www.weldmc.com\/wp-content\/uploads\/2025\/05\/\u56fe\u72473-scaled.jpg 2560w, https:\/\/www.weldmc.com\/wp-content\/uploads\/2025\/05\/\u56fe\u72473-300x225.jpg 300w, https:\/\/www.weldmc.com\/wp-content\/uploads\/2025\/05\/\u56fe\u72473-1024x768.jpg 1024w, https:\/\/www.weldmc.com\/wp-content\/uploads\/2025\/05\/\u56fe\u72473-768x576.jpg 768w, https:\/\/www.weldmc.com\/wp-content\/uploads\/2025\/05\/\u56fe\u72473-1536x1152.jpg 1536w, https:\/\/www.weldmc.com\/wp-content\/uploads\/2025\/05\/\u56fe\u72473-2048x1536.jpg 2048w, https:\/\/www.weldmc.com\/wp-content\/uploads\/2025\/05\/\u56fe\u72473-600x450.jpg 600w\" sizes=\"(max-width: 2560px) 100vw, 2560px\" \/><\/p>\n<p><strong><b>D\u00e9tails du produit<\/b><\/strong><\/p>\n<table>\n<tbody>\n<tr>\n<td>- Une conception fiable<\/td>\n<td>- Une qualit\u00e9 fiable<\/td>\n<\/tr>\n<tr>\n<td>- Des pi\u00e8ces r\u00e9put\u00e9es<\/td>\n<td>- Contr\u00f4le de l'onduleur<\/td>\n<\/tr>\n<tr>\n<td>- Syst\u00e8me d'entra\u00eenement direct<\/td>\n<td>- Option de d\u00e9placement motoris\u00e9<\/td>\n<\/tr>\n<tr>\n<td>- Conception sur mesure<\/td>\n<td>- OEM<\/td>\n<\/tr>\n<\/tbody>\n<\/table>\n<p><strong><b>Introduction de la roue<\/b><\/strong><\/p>\n<p>Les roues en polyur\u00e9thane offrent une r\u00e9sistance exceptionnelle \u00e0 l'abrasion, un traitement polyvalent, une large applicabilit\u00e9 et une r\u00e9sistance sup\u00e9rieure \u00e0 l'huile, \u00e0 l'ozone, au vieillissement, aux radiations et aux basses temp\u00e9ratures. Elles offrent \u00e9galement une forte adh\u00e9rence, une excellente transmission du son, une biocompatibilit\u00e9 et une compatibilit\u00e9 avec le sang.<\/p>\n<p><img loading=\"lazy\" decoding=\"async\" class=\"alignnone size-full wp-image-817\" src=\"http:\/\/111.170.148.214:8095\/wp-content\/uploads\/2025\/05\/Adjustable-Welding-Rotator-HGK-5-Wheel-introduction.png\" alt=\"Rotateur de soudage r\u00e9glable HGK-100\" width=\"308\" height=\"386\" srcset=\"https:\/\/www.weldmc.com\/wp-content\/uploads\/2025\/05\/Adjustable-Welding-Rotator-HGK-5-Wheel-introduction.png 308w, https:\/\/www.weldmc.com\/wp-content\/uploads\/2025\/05\/Adjustable-Welding-Rotator-HGK-5-Wheel-introduction-239x300.png 239w\" sizes=\"(max-width: 308px) 100vw, 308px\" \/><img loading=\"lazy\" decoding=\"async\" class=\"alignnone size-full wp-image-815\" src=\"http:\/\/111.170.148.214:8095\/wp-content\/uploads\/2025\/05\/Adjustable-Welding-Rotator-HGK-5-Wheel-introduction-1.png\" alt=\"Rotateur de soudage r\u00e9glable HGK-100\" width=\"358\" height=\"448\" srcset=\"https:\/\/www.weldmc.com\/wp-content\/uploads\/2025\/05\/Adjustable-Welding-Rotator-HGK-5-Wheel-introduction-1.png 358w, https:\/\/www.weldmc.com\/wp-content\/uploads\/2025\/05\/Adjustable-Welding-Rotator-HGK-5-Wheel-introduction-1-240x300.png 240w\" sizes=\"(max-width: 358px) 100vw, 358px\" \/><img loading=\"lazy\" decoding=\"async\" class=\"alignnone size-full wp-image-816\" src=\"http:\/\/111.170.148.214:8095\/wp-content\/uploads\/2025\/05\/Adjustable-Welding-Rotator-HGK-5-Wheel-introduction-3.png\" alt=\"Rotateur de soudage r\u00e9glable HGK-100\" width=\"2276\" height=\"1280\" srcset=\"https:\/\/www.weldmc.com\/wp-content\/uploads\/2025\/05\/Adjustable-Welding-Rotator-HGK-5-Wheel-introduction-3.png 2276w, https:\/\/www.weldmc.com\/wp-content\/uploads\/2025\/05\/Adjustable-Welding-Rotator-HGK-5-Wheel-introduction-3-300x169.png 300w, https:\/\/www.weldmc.com\/wp-content\/uploads\/2025\/05\/Adjustable-Welding-Rotator-HGK-5-Wheel-introduction-3-1024x576.png 1024w, https:\/\/www.weldmc.com\/wp-content\/uploads\/2025\/05\/Adjustable-Welding-Rotator-HGK-5-Wheel-introduction-3-768x432.png 768w, https:\/\/www.weldmc.com\/wp-content\/uploads\/2025\/05\/Adjustable-Welding-Rotator-HGK-5-Wheel-introduction-3-1536x864.png 1536w, https:\/\/www.weldmc.com\/wp-content\/uploads\/2025\/05\/Adjustable-Welding-Rotator-HGK-5-Wheel-introduction-3-2048x1152.png 2048w, https:\/\/www.weldmc.com\/wp-content\/uploads\/2025\/05\/Adjustable-Welding-Rotator-HGK-5-Wheel-introduction-3-600x337.png 600w\" sizes=\"(max-width: 2276px) 100vw, 2276px\" \/><\/p>\n<p><strong><b>Pr\u00e9sentation du moteur<\/b><\/strong><strong><b><br \/>\n<\/b><\/strong><strong><b><img loading=\"lazy\" decoding=\"async\" class=\"alignnone size-full wp-image-820\" src=\"http:\/\/111.170.148.214:8095\/wp-content\/uploads\/2025\/05\/Motor-introduction.png\" alt=\"Rotateur de soudage r\u00e9glable HGK-100\" width=\"695\" height=\"521\" srcset=\"https:\/\/www.weldmc.com\/wp-content\/uploads\/2025\/05\/Motor-introduction.png 695w, https:\/\/www.weldmc.com\/wp-content\/uploads\/2025\/05\/Motor-introduction-300x225.png 300w, https:\/\/www.weldmc.com\/wp-content\/uploads\/2025\/05\/Motor-introduction-600x450.png 600w\" sizes=\"(max-width: 695px) 100vw, 695px\" \/><\/b><\/strong><\/p>\n<p><img loading=\"lazy\" decoding=\"async\" class=\"alignnone size-full wp-image-818\" src=\"http:\/\/111.170.148.214:8095\/wp-content\/uploads\/2025\/05\/Adjustable-Welding-Rotator-HGK-5.png\" alt=\"Rotateur de soudage r\u00e9glable HGK-100\" width=\"1022\" height=\"397\" srcset=\"https:\/\/www.weldmc.com\/wp-content\/uploads\/2025\/05\/Adjustable-Welding-Rotator-HGK-5.png 1022w, https:\/\/www.weldmc.com\/wp-content\/uploads\/2025\/05\/Adjustable-Welding-Rotator-HGK-5-300x117.png 300w, https:\/\/www.weldmc.com\/wp-content\/uploads\/2025\/05\/Adjustable-Welding-Rotator-HGK-5-768x298.png 768w, https:\/\/www.weldmc.com\/wp-content\/uploads\/2025\/05\/Adjustable-Welding-Rotator-HGK-5-600x233.png 600w\" sizes=\"(max-width: 1022px) 100vw, 1022px\" \/><\/p>\n<p class=\"ds-markdown-paragraph\"><strong>Pre-Operation Maintenance<\/strong><br \/>\nPrior to operating our\u00a0<strong>heavy-duty welding rotator<\/strong>, conduct a thorough cleaning to remove debris and contaminants. The\u00a0<strong>rouleaux en caoutchouc \u00e0 haute r\u00e9sistance<\/strong>\u00a0must be protected from oil exposure and temperatures exceeding 60\u00b0C to prevent premature aging. We strongly recommend assigning certified personnel for all\u00a0<strong>rotateur industriel<\/strong>\u00a0operations and maintenance procedures to ensure optimal performance.<\/p>\n<p class=\"ds-markdown-paragraph\"><strong>Lubrication Protocol<\/strong><br \/>\nFor the\u00a0<strong>100-ton capacity welding positioner<\/strong>&#8216;s speed reducer:<\/p>\n<ul>\n<li>\n<p class=\"ds-markdown-paragraph\">Initial fill with\u00a0<strong>Huile moteur 30#<\/strong>\u00a0(ISO VG 150 equivalent)<\/p>\n<\/li>\n<li>\n<p class=\"ds-markdown-paragraph\">Below 0\u00b0C, use\u00a0<strong>winter-grade synthetic lubricant<\/strong><\/p>\n<\/li>\n<li>\n<p class=\"ds-markdown-paragraph\">First oil change after\u00a0<strong>30 days<\/strong>\u00a0of operation<\/p>\n<\/li>\n<li>\n<p class=\"ds-markdown-paragraph\">Subsequent changes every\u00a0<strong>500 operating hours<\/strong>\u00a0ou\u00a0<strong>6 mois<\/strong><\/p>\n<\/li>\n<\/ul>\n<p class=\"ds-markdown-paragraph\"><strong>Critical Operational Guidelines<\/strong><\/p>\n<ol start=\"1\">\n<li>\n<p class=\"ds-markdown-paragraph\"><strong>Jamais<\/strong>\u00a0utilize the\u00a0<strong>rotator bed<\/strong>\u00a0as a welding ground &#8211; employ separate grounding clamps<\/p>\n<\/li>\n<li>\n<p class=\"ds-markdown-paragraph\">Monthly inspection of\u00a0<strong>roller alignment<\/strong>\u00a0(\u00b10.2mm tolerance)<\/p>\n<\/li>\n<li>\n<p class=\"ds-markdown-paragraph\">Quarterly\u00a0<strong>bearing condition<\/strong>\u00a0checks (replace if radial play &gt;0.3mm)<\/p>\n<\/li>\n<\/ol>\n<p class=\"ds-markdown-paragraph\"><strong>Pourquoi choisir WUXI ABK ?<\/strong><br \/>\nAvec\u00a0<strong>20 ans et plus<\/strong>\u00a0specializing in\u00a0<strong>self-aligning welding rotators<\/strong>nous tenons nos promesses :<\/p>\n<ul>\n<li>\n<p class=\"ds-markdown-paragraph\"><strong>Capacit\u00e9 de 5 \u00e0 400 tonnes<\/strong>\u00a0pour\u00a0<strong>fabrication d'appareils \u00e0 pression<\/strong>\u00a0et\u00a0<strong>production de m\u00e2ts d'\u00e9olienne<\/strong><\/p>\n<\/li>\n<li>\n<p class=\"ds-markdown-paragraph\"><strong>CE &amp; ISO 9001 certified manufacturing<\/strong>\u00a0processes<\/p>\n<\/li>\n<li>\n<p class=\"ds-markdown-paragraph\"><strong>Garantie de 2 ans<\/strong>\u00a0avec\u00a0<strong>complimentary wear components<\/strong><\/p>\n<\/li>\n<li>\n<p class=\"ds-markdown-paragraph\"><strong>Assistance technique 24 heures sur 24, 7 jours sur 7<\/strong>\u00a0pour\u00a0<strong>large-scale welding projects<\/strong><\/p>\n<\/li>\n<\/ul>\n<p class=\"ds-markdown-paragraph\"><strong>Performance Advantages<\/strong><br \/>\nNotre\u00a0<strong>adjustable welding rotators<\/strong>\u00a0provide:<br \/>\n\u2713\u00a0<strong>\u00b10.1\u00b0 rotation accuracy<\/strong>\u00a0pour\u00a0<strong>soudage de pr\u00e9cision<\/strong><br \/>\n\u2713\u00a0<strong>Syst\u00e8me d'entra\u00eenement \u00e0 deux moteurs<\/strong>\u00a0stability<br \/>\n\u2713\u00a0<strong>Custom configurations<\/strong>\u00a0pour\u00a0<strong>specialized applications<\/strong><\/p>\n<p class=\"ds-markdown-paragraph\"><strong>Keywords<\/strong>:<br \/>\nheavy-duty welding rotator, 100-ton positioner, industrial welding equipment, pressure vessel rotator, wind tower fabrication, self-aligning rotator, CE-certified positioner, welding ground safety, roller alignment, bearing protection, speed reducer maintenance, ABK welding machinery, large-capacity rotator, precision welding technology, offshore welding equipment, pipe welding rotator, structural steel fabrication, industrial maintenance protocol, wear-resistant rollers, technical support services<\/p>\n<p class=\"ds-markdown-paragraph\">This maintenance program ensures your\u00a0<strong>100-ton adjustable welding rotator<\/strong>\u00a0achieves:<\/p>\n<ul>\n<li>\n<p class=\"ds-markdown-paragraph\"><strong>30% dur\u00e9e de vie prolong\u00e9e<\/strong>\u00a0versus standard maintenance<\/p>\n<\/li>\n<li>\n<p class=\"ds-markdown-paragraph\"><strong>95% operational availability<\/strong><\/p>\n<\/li>\n<li>\n<p class=\"ds-markdown-paragraph\"><strong>Full compliance<\/strong>\u00a0with international welding standards<\/p>\n<\/li>\n<\/ul>\n<p class=\"ds-markdown-paragraph\">For emergency support, contact our\u00a0<strong>sp\u00e9cialistes de l'automatisation du soudage<\/strong>\u00a0with your machine serial number.<\/p>\n<p>&nbsp;<\/p>\n<p>Wuxi ABK Machinery Co.Ltd est un fabricant professionnel de rotateur de soudage en Chine. Nos rotateurs de soudage comprennent principalement le rotateur de soudage standard, le rotateur de soudage r\u00e9glable et le rotateur de soudage sp\u00e9cial. Nous pouvons \u00e9galement fournir \u00e0 nos clients du monde entier de nombreux autres produits, y compris la table tournante de soudage, la machine de soudage de pieux, la ligne de production de tours \u00e9oliennes, la ligne de soudage de poutre en H, l'\u00e9quipement de soudage de tuyaux, la machine de coupe CNC, la rectifieuse, la machine de formage de rouleaux, la machine de pliage de plaques, etc. Nous avons obtenu les certifications ISO et CE et nous proposons \u00e9galement des services OEM.<\/p>\n<p>&nbsp;<\/p>","protected":false},"excerpt":{"rendered":"<p><strong>Rotateur de soudage r\u00e9glable WUXI ABK 100 tonnes<\/strong>\u00a0offre une rotation de pr\u00e9cision pour les applications de fabrication lourdes. Ce positionneur de qualit\u00e9 industrielle est \u00e9quip\u00e9 de rouleaux robustes en alliage ZG45 (HRC 55-60), de deux moteurs de 7,5 kW avec contr\u00f4le de la vitesse de 0,5 \u00e0 5 tr\/min et d'une pr\u00e9cision de positionnement de \u00b10,1 mm. Id\u00e9ale pour les appareils \u00e0 pression, les tours d'\u00e9oliennes et les composants de navires, elle comprend des commandes PLC Siemens et une technologie anti-fluage (&lt;0,5 mm de d\u00e9viation). Certifi\u00e9 CE\/ISO avec une garantie de 18 mois.<\/p>","protected":false},"featured_media":893,"comment_status":"open","ping_status":"closed","template":"","meta":{"_acf_changed":false},"product_brand":[],"product_cat":[21,39,30],"product_tag":[],"class_list":{"0":"post-890","1":"product","2":"type-product","3":"status-publish","4":"has-post-thumbnail","6":"product_cat-welding-automation","7":"product_cat-adjustable-welding-rotator","8":"product_cat-welding-rotator","10":"first","11":"instock","12":"shipping-taxable","13":"product-type-simple"},"acf":[],"_links":{"self":[{"href":"https:\/\/www.weldmc.com\/fr\/wp-json\/wp\/v2\/product\/890","targetHints":{"allow":["GET"]}}],"collection":[{"href":"https:\/\/www.weldmc.com\/fr\/wp-json\/wp\/v2\/product"}],"about":[{"href":"https:\/\/www.weldmc.com\/fr\/wp-json\/wp\/v2\/types\/product"}],"replies":[{"embeddable":true,"href":"https:\/\/www.weldmc.com\/fr\/wp-json\/wp\/v2\/comments?post=890"}],"wp:featuredmedia":[{"embeddable":true,"href":"https:\/\/www.weldmc.com\/fr\/wp-json\/wp\/v2\/media\/893"}],"wp:attachment":[{"href":"https:\/\/www.weldmc.com\/fr\/wp-json\/wp\/v2\/media?parent=890"}],"wp:term":[{"taxonomy":"product_brand","embeddable":true,"href":"https:\/\/www.weldmc.com\/fr\/wp-json\/wp\/v2\/product_brand?post=890"},{"taxonomy":"product_cat","embeddable":true,"href":"https:\/\/www.weldmc.com\/fr\/wp-json\/wp\/v2\/product_cat?post=890"},{"taxonomy":"product_tag","embeddable":true,"href":"https:\/\/www.weldmc.com\/fr\/wp-json\/wp\/v2\/product_tag?post=890"}],"curies":[{"name":"wp","href":"https:\/\/api.w.org\/{rel}","templated":true}]}}