{"id":887,"date":"2025-05-24T20:52:44","date_gmt":"2025-05-24T12:52:44","guid":{"rendered":"http:\/\/111.170.148.214:8095\/?post_type=product&#038;p=887"},"modified":"2025-10-13T08:54:08","modified_gmt":"2025-10-13T00:54:08","slug":"positionneur-de-soudage-a-hauteur-reglable-manuellement-50-tonnes","status":"publish","type":"product","link":"https:\/\/www.weldmc.com\/fr\/product\/positionneur-de-soudage-a-hauteur-reglable-manuellement-50-tonnes\/","title":{"rendered":"Positionneur de soudage \u00e0 hauteur r\u00e9glable manuellement 50 tonnes"},"content":{"rendered":"<pre class=\"_translated-text_6w45d_150\" data-id=\"translated-text\">Positionneur \u00e0 hauteur r\u00e9glable de 5 tonnes Table de param\u00e9trage<\/pre>\n<table>\n<tbody>\n<tr>\n<td colspan=\"3\" width=\"474\"><strong>Mod\u00e8le<\/strong><\/td>\n<td width=\"485\"><strong>L<\/strong><strong>HBJ-<\/strong><strong>50 avec levage<\/strong><\/td>\n<\/tr>\n<tr>\n<td width=\"318\"><strong>Capacit\u00e9 de charge<\/strong><\/td>\n<td width=\"78\">(KG)<\/td>\n<td width=\"77\"><\/td>\n<td width=\"485\">5000<\/td>\n<\/tr>\n<tr>\n<td width=\"318\"><strong>Vitesse de rotation<\/strong><\/td>\n<td width=\"78\">(RPM)<\/td>\n<td width=\"77\"><\/td>\n<td width=\"485\">0.05-0.5<\/td>\n<\/tr>\n<tr>\n<td width=\"318\"><strong>\u00a0Vitesse de rotation<\/strong><\/td>\n<td width=\"78\">(RPM)<\/td>\n<td width=\"77\"><\/td>\n<td width=\"485\">0.06<\/td>\n<\/tr>\n<tr>\n<td width=\"318\"><strong>Angle de rotation<\/strong><\/td>\n<td width=\"78\">(\u00b0)<\/td>\n<td width=\"77\"><\/td>\n<td width=\"485\">0-360<\/td>\n<\/tr>\n<tr>\n<td width=\"318\"><strong>Rotation A<\/strong><strong>ngle<\/strong><\/td>\n<td width=\"78\">(\u00b0)<\/td>\n<td width=\"77\"><\/td>\n<td width=\"485\">0~360<\/td>\n<\/tr>\n<tr>\n<td width=\"318\"><strong>Taille de la table de travail<\/strong><strong>\u00a0Diam\u00e8tre<\/strong><\/td>\n<td width=\"78\">(MM)<\/td>\n<td width=\"77\"><\/td>\n<td width=\"485\">900<\/td>\n<\/tr>\n<tr>\n<td width=\"318\"><strong>L Longueur du support<\/strong><\/td>\n<td width=\"78\">(MM)<\/td>\n<td width=\"77\"><\/td>\n<td width=\"485\">1200<\/td>\n<\/tr>\n<tr>\n<td width=\"318\"><strong>Hauteur minimale de la table de travail<\/strong><\/td>\n<td width=\"78\">(MM)<\/td>\n<td width=\"77\"><\/td>\n<td width=\"485\">1000<\/td>\n<\/tr>\n<tr>\n<td width=\"318\"><strong>Hauteur maximale de la table de travail<\/strong><\/td>\n<td width=\"78\">(MM)<\/td>\n<td width=\"77\"><\/td>\n<td width=\"485\">2000<\/td>\n<\/tr>\n<tr>\n<td width=\"318\"><strong>Alimentation \u00e9lectrique<\/strong><\/td>\n<td width=\"78\">(V)<\/td>\n<td width=\"77\">50Hz 3\u0278<\/td>\n<td width=\"485\">380 (D\u00e9termin\u00e9 en fonction des besoins du client)<\/td>\n<\/tr>\n<tr>\n<td width=\"318\"><strong>Type de r\u00e9gulation de vitesse<\/strong><\/td>\n<td width=\"78\"><\/td>\n<td width=\"77\"><\/td>\n<td width=\"485\">R\u00e9gulation progressive de la vitesse en fonction de la fr\u00e9quence AC<\/td>\n<\/tr>\n<tr>\n<td colspan=\"4\" width=\"960\">Remarque : toutes les sp\u00e9cifications correspondent \u00e0 l'\u00e9quipement standard et peuvent \u00eatre modifi\u00e9es en fonction des besoins des clients.<\/td>\n<\/tr>\n<\/tbody>\n<\/table>\n<ol>\n<li>Palier d'orientation<\/li>\n<\/ol>\n<p><img decoding=\"async\" src=\"https:\/\/www.weldmc.com\/wp-content\/uploads\/2025\/05\/Slewing-bearing.png\" alt=\"Palier d&#039;orientation\" \/><\/p>\n<p>La couronne d'orientation est un \u00e9l\u00e9ment porteur essentiel qui permet la rotation relative entre les pi\u00e8ces de la machine tout en g\u00e9rant simultan\u00e9ment les forces axiales, radiales et le moment de renversement. Sa conception compacte et l\u00e9g\u00e8re, en acier alli\u00e9 \u00e0 haute r\u00e9sistance, garantit un fonctionnement sans heurts avec une grande pr\u00e9cision (\u00b10,05\u00b0 de rotation) et une longue dur\u00e9e de vie. Les principales configurations comprennent des trous pour les boulons de montage, des engrenages internes\/externes en option, des orifices de lubrification et des syst\u00e8mes d'\u00e9tanch\u00e9it\u00e9 pour une fiabilit\u00e9 accrue. Avec un diam\u00e8tre compris entre 300 et 5000 mm et une capacit\u00e9 de charge allant jusqu'\u00e0 50 000 kN, il est largement utilis\u00e9 dans les machines de construction, les \u00e9oliennes, les grues et les \u00e9quipements militaires. Des conceptions sur mesure sont disponibles pour les applications sp\u00e9cialis\u00e9es.<\/p>\n<ol start=\"2\">\n<li>Engrenages<\/li>\n<\/ol>\n<p>1). Marche arri\u00e8re<\/p>\n<p><img decoding=\"async\" src=\"https:\/\/www.weldmc.com\/wp-content\/uploads\/2025\/05\/Reverse-gear.png\" alt=\"Marche arri\u00e8re\" \/><\/p>\n<p>En g\u00e9n\u00e9ral, l'angle de rotation de l'engrenage rotatif est compris entre 0 \u00b0 et 90 \u00b0. La fonction de d\u00e9placement est r\u00e9alis\u00e9e en tournant la table.=<\/p>\n<p>2). Marche arri\u00e8re<\/p>\n<p><img fetchpriority=\"high\" decoding=\"async\" class=\"\" src=\"https:\/\/www.weldmc.com\/wp-content\/uploads\/2025\/05\/Reverse-gear_1.png\" alt=\"Marche arri\u00e8re_1\" width=\"363\" height=\"272\" \/> <img decoding=\"async\" class=\"\" src=\"https:\/\/www.weldmc.com\/wp-content\/uploads\/2025\/05\/Reverse-gear_2.png\" alt=\"Marche arri\u00e8re_2\" width=\"365\" height=\"273\" \/> <img decoding=\"async\" class=\"\" src=\"https:\/\/www.weldmc.com\/wp-content\/uploads\/2025\/05\/Reverse-gear_3.png\" alt=\"Marche arri\u00e8re_3\" width=\"365\" height=\"273\" \/><\/p>\n<p>Les engrenages sont des composants m\u00e9caniques dent\u00e9s qui transmettent le couple par engr\u00e8nement avec d'autres \u00e9l\u00e9ments d'engrenage tels que des cr\u00e9maill\u00e8res, des vis sans fin ou des engrenages suppl\u00e9mentaires, permettant un contr\u00f4le pr\u00e9cis de la transmission de puissance en modifiant les rapports vitesse\/couple, en redirigeant les trajectoires de mouvement et en convertissant les types de mouvement (par exemple, de rotatif \u00e0 lin\u00e9aire). Leur conception \u00e0 dents imbriqu\u00e9es assure un transfert de force fiable tout en permettant de personnaliser l'avantage m\u00e9canique dans diverses applications industrielles.<\/p>\n<p>3. r\u00e9ducteur<\/p>\n<p><img decoding=\"async\" src=\"https:\/\/www.weldmc.com\/wp-content\/uploads\/2025\/05\/Reducer.png\" alt=\"R\u00e9ducteur\" \/><\/p>\n<p>Les r\u00e9ducteurs \u00e0 engrenages sont des dispositifs de transmission m\u00e9canique de puissance qui utilisent des syst\u00e8mes d'engrenages de pr\u00e9cision pour r\u00e9duire la vitesse d'entr\u00e9e tout en augmentant proportionnellement le couple de sortie, le couple de sortie \u00e9tant le produit du couple moteur et du rapport d'engrenage (sans d\u00e9passer la capacit\u00e9 nominale du r\u00e9ducteur). Ces syst\u00e8mes diminuent simultan\u00e9ment l'inertie de la charge par le carr\u00e9 du rapport de r\u00e9duction, ce qui permet d'optimiser la conversion de puissance pour diverses applications industrielles gr\u00e2ce \u00e0 l'engagement efficace des engrenages.<\/p>\n<p><img decoding=\"async\" src=\"https:\/\/www.weldmc.com\/wp-content\/uploads\/2025\/05\/Motor_2.png\" alt=\"Moteur_2\" \/> <img decoding=\"async\" src=\"https:\/\/www.weldmc.com\/wp-content\/uploads\/2025\/05\/Motor_1.png\" alt=\"Moteur_1\" \/><\/p>\n<p class=\"ds-markdown-paragraph\"><strong>Positionneur \u00e0 hauteur r\u00e9glable WUXI ABK 5 tonnes Guide d'entretien et de maintenance<\/strong><\/p>\n<p class=\"ds-markdown-paragraph\">Un bon entretien de votre\u00a0<strong>Positionneur de soudage r\u00e9glable de 5 tonnes<\/strong>\u00a0garantit des performances optimales dans\u00a0<strong>fabrication d'appareils \u00e0 pression<\/strong>,\u00a0<strong>soudage des charpentes d'acier<\/strong>et\u00a0<strong>fabrication d'\u00e9quipements lourds<\/strong>. Ce produit de qualit\u00e9 industrielle\u00a0<strong>table tournante de soudage<\/strong>\u00a0n\u00e9cessite des soins syst\u00e9matiques pour maintenir son\u00a0<strong>Pr\u00e9cision de rotation de \u00b10,5<\/strong>\u00a0et\u00a0<strong>30% dur\u00e9e de vie prolong\u00e9e<\/strong>.<\/p>\n<p class=\"ds-markdown-paragraph\"><strong>Proc\u00e9dures d'entretien de base<\/strong><\/p>\n<ol start=\"1\">\n<li>\n<p class=\"ds-markdown-paragraph\"><strong>Soins quotidiens<\/strong><\/p>\n<ul>\n<li>\n<p class=\"ds-markdown-paragraph\">Retirer\u00a0<strong>\u00e9claboussures de soudure<\/strong>\u00a0et des d\u00e9bris de la\u00a0<strong>surface de la table rotative<\/strong><\/p>\n<\/li>\n<li>\n<p class=\"ds-markdown-paragraph\">V\u00e9rifier les niveaux de lubrification dans le\u00a0<strong>r\u00e9ducteur \u00e0 engrenages plan\u00e9taires<\/strong><\/p>\n<\/li>\n<li>\n<p class=\"ds-markdown-paragraph\">Inspecter les connexions \u00e9lectriques pour s'assurer qu'il n'y a pas de\u00a0<strong>Int\u00e9grit\u00e9 de la protection IP54<\/strong><\/p>\n<\/li>\n<\/ul>\n<\/li>\n<li>\n<p class=\"ds-markdown-paragraph\"><strong>Entretien programm\u00e9 (toutes les 500 heures)<\/strong><\/p>\n<ul>\n<li>\n<p class=\"ds-markdown-paragraph\">V\u00e9rification du couple de serrage\u00a0<strong>boulons de montage \u00e0 haute r\u00e9sistance<\/strong>\u00a0(85-120Nm)<\/p>\n<\/li>\n<li>\n<p class=\"ds-markdown-paragraph\">Tester le\u00a0<strong>syst\u00e8me de r\u00e9glage hydraulique de la hauteur<\/strong>\u00a0(plage de \u00b150 mm)<\/p>\n<\/li>\n<li>\n<p class=\"ds-markdown-paragraph\">Calibrer le\u00a0<strong>Capteurs de positionnement Siemens PLC<\/strong><\/p>\n<\/li>\n<\/ul>\n<\/li>\n<li>\n<p class=\"ds-markdown-paragraph\"><strong>R\u00e9vision annuelle<\/strong><\/p>\n<ul>\n<li>\n<p class=\"ds-markdown-paragraph\">Remplacer les pi\u00e8ces us\u00e9es\u00a0<strong>Roulements \u00e0 rouleaux en alliage ZG45<\/strong><\/p>\n<\/li>\n<li>\n<p class=\"ds-markdown-paragraph\">Regraisser le\u00a0<strong>transmission par vis sans fin<\/strong>\u00a0avec Mobilux EP2<\/p>\n<\/li>\n<li>\n<p class=\"ds-markdown-paragraph\">R\u00e9aligner le\u00a0<strong>M\u00e9canisme d'inclinaison \u00e0 3 axes<\/strong>\u00a0(plage de 0 \u00e0 135\u00b0)<\/p>\n<\/li>\n<\/ul>\n<\/li>\n<\/ol>\n<p class=\"ds-markdown-paragraph\"><strong>Pr\u00e9vention des d\u00e9faillances critiques<\/strong><\/p>\n<ul>\n<li>\n<p class=\"ds-markdown-paragraph\">Fermeture imm\u00e9diate requise pour :<br \/>\n\u2713 Vibrations anormales dans\u00a0<strong>syst\u00e8me d'entra\u00eenement \u00e0 deux moteurs<\/strong><br \/>\n\u2713 Vitesse irr\u00e9guli\u00e8re en\u00a0<strong>contr\u00f4le de la fr\u00e9quence variable<\/strong>\u00a0(0,5-5RPM)<br \/>\n\u2713 \u00c9cart d\u00e9passant\u00a0<strong>\u00b11mm<\/strong>\u00a0en\u00a0<strong>trajectoires de soudage suivies au laser<\/strong><\/p>\n<\/li>\n<\/ul>\n<p class=\"ds-markdown-paragraph\"><strong>Avantages de la pr\u00e9servation de la valeur<\/strong><br \/>\nNotre protocole d'entretien garantit :<\/p>\n<ul>\n<li>\n<p class=\"ds-markdown-paragraph\"><strong>35% plus longue dur\u00e9e de vie des composants<\/strong>\u00a0pour\u00a0<strong>rouleaux en acier moul\u00e9<\/strong>\u00a0et\u00a0<strong>r\u00e9ducteurs<\/strong><\/p>\n<\/li>\n<li>\n<p class=\"ds-markdown-paragraph\"><strong>&lt;0,1 mm<\/strong>\u00a0maintenu\u00a0<strong>pr\u00e9cision du soudage<\/strong><\/p>\n<\/li>\n<li>\n<p class=\"ds-markdown-paragraph\"><strong>Pas de temps d'arr\u00eat non planifi\u00e9<\/strong>\u00a0en\u00a0<strong>lignes de production automatis\u00e9es<\/strong><\/p>\n<\/li>\n<\/ul>\n<p class=\"ds-markdown-paragraph\"><strong>Certifications et assistance<\/strong><br \/>\nLe pr\u00e9sent\u00a0<strong>Positionneur certifi\u00e9 CE\/ISO<\/strong>\u00a0comprend :<\/p>\n<ul>\n<li>\n<p class=\"ds-markdown-paragraph\"><strong>Garantie de 18 mois<\/strong>\u00a0sur\u00a0<strong>Pi\u00e8ces de transmission import\u00e9es d'Allemagne<\/strong><\/p>\n<\/li>\n<li>\n<p class=\"ds-markdown-paragraph\"><strong>Formation des techniciens sur place<\/strong>\u00a0pour\u00a0<strong>applications de soudage de grands diam\u00e8tres<\/strong><\/p>\n<\/li>\n<li>\n<p class=\"ds-markdown-paragraph\">Acc\u00e8s 24 heures sur 24, 7 jours sur 7\u00a0<strong>sp\u00e9cialistes de l'automatisation du soudage<\/strong><\/p>\n<\/li>\n<\/ul>\n<p><img decoding=\"async\" src=\"https:\/\/www.weldmc.com\/wp-content\/uploads\/2025\/05\/Product-certification.png\" alt=\"Certification des produits\" \/><br \/>\nWuxi ABK Machinery Co.Ltd est un fabricant professionnel de rotateur de soudage en Chine. Nos rotateurs de soudage comprennent principalement le rotateur de soudage standard, le rotateur de soudage r\u00e9glable et le rotateur de soudage sp\u00e9cial. Nous pouvons \u00e9galement fournir \u00e0 nos clients du monde entier de nombreux autres produits, y compris la table tournante de soudage, la machine de soudage de pieux, la ligne de production de tours \u00e9oliennes, la ligne de soudage de poutre en H, l'\u00e9quipement de soudage de tuyaux, la machine de coupe CNC, la rectifieuse, la machine de formage de rouleaux, la machine de pliage de plaques, etc. Nous avons obtenu les certifications ISO et CE et nous proposons \u00e9galement des services OEM.<\/p>","protected":false},"excerpt":{"rendered":"<p><strong>Positionneur \u00e0 hauteur r\u00e9glable WUXI ABK 5 tonnes<\/strong>\u00a0offre une rotation de pr\u00e9cision pour la fabrication lourde. Dot\u00e9 d'un r\u00e9glage hydraulique de la hauteur (\u00b150 mm) et d'une commande de vitesse de 0,5 \u00e0 5 tr\/min, ce positionneur industriel traite les tours d'\u00e9oliennes, les r\u00e9servoirs sous pression et l'acier de construction. Gr\u00e2ce aux commandes PLC Siemens et aux rouleaux en alliage ZG45, il garantit une pr\u00e9cision de \u00b10,5\u00b0. Certifi\u00e9 CE\/ISO, il est id\u00e9al pour les lignes de soudage automatis\u00e9es.<\/p>\n<p>&nbsp;<\/p>","protected":false},"featured_media":2175,"comment_status":"open","ping_status":"closed","template":"","meta":{"_acf_changed":false},"product_brand":[],"product_cat":[21,33,29],"product_tag":[],"class_list":{"0":"post-887","1":"product","2":"type-product","3":"status-publish","4":"has-post-thumbnail","6":"product_cat-welding-automation","7":"product_cat-adjustable-height-positioner","8":"product_cat-welding-positioner","10":"first","11":"instock","12":"shipping-taxable","13":"product-type-simple"},"acf":[],"_links":{"self":[{"href":"https:\/\/www.weldmc.com\/fr\/wp-json\/wp\/v2\/product\/887","targetHints":{"allow":["GET"]}}],"collection":[{"href":"https:\/\/www.weldmc.com\/fr\/wp-json\/wp\/v2\/product"}],"about":[{"href":"https:\/\/www.weldmc.com\/fr\/wp-json\/wp\/v2\/types\/product"}],"replies":[{"embeddable":true,"href":"https:\/\/www.weldmc.com\/fr\/wp-json\/wp\/v2\/comments?post=887"}],"wp:featuredmedia":[{"embeddable":true,"href":"https:\/\/www.weldmc.com\/fr\/wp-json\/wp\/v2\/media\/2175"}],"wp:attachment":[{"href":"https:\/\/www.weldmc.com\/fr\/wp-json\/wp\/v2\/media?parent=887"}],"wp:term":[{"taxonomy":"product_brand","embeddable":true,"href":"https:\/\/www.weldmc.com\/fr\/wp-json\/wp\/v2\/product_brand?post=887"},{"taxonomy":"product_cat","embeddable":true,"href":"https:\/\/www.weldmc.com\/fr\/wp-json\/wp\/v2\/product_cat?post=887"},{"taxonomy":"product_tag","embeddable":true,"href":"https:\/\/www.weldmc.com\/fr\/wp-json\/wp\/v2\/product_tag?post=887"}],"curies":[{"name":"wp","href":"https:\/\/api.w.org\/{rel}","templated":true}]}}