{"id":867,"date":"2025-05-24T20:38:28","date_gmt":"2025-05-24T12:38:28","guid":{"rendered":"http:\/\/111.170.148.214:8095\/?post_type=product&#038;p=867"},"modified":"2025-10-13T15:41:23","modified_gmt":"2025-10-13T07:41:23","slug":"adjustable-height-welding-rotator-40-tons","status":"publish","type":"product","link":"https:\/\/www.weldmc.com\/fr\/product\/adjustable-height-welding-rotator-40-tons\/","title":{"rendered":"Rotateur de soudage \u00e0 hauteur r\u00e9glable 40 tonnes"},"content":{"rendered":"<p><strong><b>Description du rotateur de soudage r\u00e9glable<\/b><\/strong><br \/>\n<strong><b>Liste des param\u00e8tres de l'HG conventionnel<\/b><\/strong><strong><b>K-40<\/b><\/strong><strong><b>\u00a0rotateur de soudage<\/b><\/strong><\/p>\n<table>\n<tbody>\n<tr>\n<td colspan=\"2\" width=\"200\">Mod\u00e8le<\/td>\n<td width=\"225\">HGK-40<\/td>\n<\/tr>\n<tr>\n<td colspan=\"2\" width=\"200\">Capacit\u00e9 de charge (tonnes)<\/td>\n<td width=\"225\">40<\/td>\n<\/tr>\n<tr>\n<td colspan=\"2\" width=\"200\">Diam\u00e8tre de la roue (mm)<\/td>\n<td width=\"225\">450<\/td>\n<\/tr>\n<tr>\n<td colspan=\"2\" width=\"200\">Largeur de la roue (mm)<\/td>\n<td width=\"225\">220<\/td>\n<\/tr>\n<tr>\n<td rowspan=\"2\" width=\"79\">Diam\u00e8tre du vaisseau<\/td>\n<td width=\"121\">MIN(mm)<\/td>\n<td width=\"225\">500<\/td>\n<\/tr>\n<tr>\n<td width=\"121\">MAX(mm)<\/td>\n<td width=\"225\">4800<\/td>\n<\/tr>\n<tr>\n<td colspan=\"2\" width=\"200\">Vitesse des roues (m\/h)<\/td>\n<td width=\"225\">6-60<\/td>\n<\/tr>\n<tr>\n<td colspan=\"2\" width=\"200\">Puissance du moteur (kw)<\/td>\n<td width=\"225\">2*1.5<\/td>\n<\/tr>\n<\/tbody>\n<\/table>\n<p><iframe title=\"Lecteur vid\u00e9o YouTube\" src=\"https:\/\/www.youtube.com\/embed\/3ySB5fQCjYQ?si=t_H1DNfoYxAysPvQ\" width=\"560\" height=\"315\" frameborder=\"0\" allowfullscreen=\"allowfullscreen\"><\/iframe><\/p>\n<p><strong><b>Liste des param\u00e8tres du rotateur de soudage conventionnel de la s\u00e9rie HGK<\/b><\/strong><strong><b><br \/>\n<\/b><\/strong><b><\/b><\/p>\n<figure id=\"attachment_821\" aria-describedby=\"caption-attachment-821\" style=\"width: 1024px\" class=\"wp-caption alignnone\"><img fetchpriority=\"high\" decoding=\"async\" class=\"wp-image-821 size-full\" src=\"https:\/\/www.weldmc.com\/wp-content\/uploads\/2025\/05\/Parameter-list-of-conventional-HGK-series-welding-rotator.png\" alt=\"Adjustable Welding Rotator HGK-40\" width=\"1024\" height=\"170\" srcset=\"https:\/\/www.weldmc.com\/wp-content\/uploads\/2025\/05\/Parameter-list-of-conventional-HGK-series-welding-rotator.png 1024w, https:\/\/www.weldmc.com\/wp-content\/uploads\/2025\/05\/Parameter-list-of-conventional-HGK-series-welding-rotator-300x50.png 300w, https:\/\/www.weldmc.com\/wp-content\/uploads\/2025\/05\/Parameter-list-of-conventional-HGK-series-welding-rotator-768x128.png 768w, https:\/\/www.weldmc.com\/wp-content\/uploads\/2025\/05\/Parameter-list-of-conventional-HGK-series-welding-rotator-600x100.png 600w\" sizes=\"(max-width: 1024px) 100vw, 1024px\" \/><figcaption id=\"caption-attachment-821\" class=\"wp-caption-text\">Adjustable Welding Rotator HGK-40<\/figcaption><\/figure>\n<p class=\"ds-markdown-paragraph\"><strong>WUXI ABK 40-Ton Adjustable Height Positioner Product Introduction<\/strong><\/p>\n<p class=\"ds-markdown-paragraph\"><strong>Technical Specifications &amp; Features<\/strong><\/p>\n<p class=\"ds-markdown-paragraph\">Les\u00a0<strong>WUXI ABK 40-Ton Adjustable Height Positioner<\/strong>\u00a0est con\u00e7u pour\u00a0<strong>precision welding automation<\/strong>\u00a0in heavy industrial applications, including\u00a0<strong>fabrication d'appareils \u00e0 pression<\/strong>,\u00a0<strong>production de m\u00e2ts d'\u00e9olienne<\/strong>et\u00a0<strong>construction navale<\/strong>. Its\u00a0<strong>heavy-duty frame<\/strong>\u00a0utilizes\u00a0<strong>box-type steel construction<\/strong>\u00a0for optimal load distribution, ensuring stability during high-capacity operations. The\u00a0<strong>precision sliding track<\/strong>\u00a0guarantees\u00a0<strong>\u00b10.1mm positioning accuracy<\/strong>, tandis que le\u00a0<strong>quick-lock mechanism<\/strong>\u00a0provides rigid fixation for consistent weld quality.<\/p>\n<p class=\"ds-markdown-paragraph\"><strong>Rouleaux haute performance<\/strong><\/p>\n<ul>\n<li>\n<p class=\"ds-markdown-paragraph\"><strong>ZG45 cast steel rollers<\/strong>\u00a0(HRC 55-60 hardness) ensure\u00a0<strong>superior wear resistance<\/strong><\/p>\n<\/li>\n<li>\n<p class=\"ds-markdown-paragraph\"><strong>30-ton dynamic load capacity per roller<\/strong>\u00a0for handling\u00a0<strong>large-diameter workpieces<\/strong><\/p>\n<\/li>\n<li>\n<p class=\"ds-markdown-paragraph\">Optimized for\u00a0<strong>soudage des charpentes d'acier<\/strong>\u00a0et\u00a0<strong>soudage de la circonf\u00e9rence d'un ol\u00e9oduc<\/strong><\/p>\n<\/li>\n<\/ul>\n<p class=\"ds-markdown-paragraph\"><strong>Advanced Drive &amp; Control System<\/strong><br \/>\nLes\u00a0<strong>syst\u00e8me d'entra\u00eenement \u00e0 deux moteurs<\/strong>\u00a0(2\u00d77.5kW) with\u00a0<strong>r\u00e9ducteurs \u00e0 engrenages<\/strong>\u00a0delivers smooth rotation at\u00a0<strong>0.5-5 RPM<\/strong>\u00a0(adjustable via\u00a0<strong>frequency converter<\/strong>), maintaining\u00a0<strong>\u00b12% torque synchronization<\/strong>. Key innovations include:<br \/>\n\u2713\u00a0<strong>Hydraulic elevation adjustment<\/strong>\u00a0(\u00b150mm range) for flexible workpiece alignment<br \/>\n\u2713\u00a0<strong>Alignement automatique de la ligne m\u00e9diane<\/strong>\u00a0avec\u00a0<strong>&lt;0.5mm creep prevention<\/strong><br \/>\n\u2713\u00a0<strong>NOVO displacement sensors<\/strong>\u00a0(German-made, 0.01mm resolution) for real-time measurement (\u00b10.05% linearity)<\/p>\n<p class=\"ds-markdown-paragraph\"><strong>Smart Industrial Automation<\/strong><br \/>\nEquipped with\u00a0<strong>Siemens\/ABB PLC controls<\/strong>\u00a0et\u00a0<strong>IP65-rated protection<\/strong>, ce\u00a0<strong>positionneur de soudure<\/strong>\u00a0caract\u00e9ristiques :<\/p>\n<ul>\n<li>\n<p class=\"ds-markdown-paragraph\"><strong>Axial movement monitoring<\/strong>\u00a0for error detection<\/p>\n<\/li>\n<li>\n<p class=\"ds-markdown-paragraph\"><strong>Seamless integration<\/strong>\u00a0avec\u00a0<strong>syst\u00e8mes de soudage robotis\u00e9s<\/strong><\/p>\n<\/li>\n<li>\n<p class=\"ds-markdown-paragraph\"><strong>CE &amp; ISO certification<\/strong>\u00a0for global compliance<\/p>\n<\/li>\n<\/ul>\n<p class=\"ds-markdown-paragraph\"><strong>Applications<\/strong><br \/>\n\u2714\u00a0<strong>Offshore platform construction<\/strong><br \/>\n\u2714\u00a0<strong>Boiler and heat exchanger manufacturing<\/strong><br \/>\n\u2714\u00a0<strong>Heavy machinery component welding<\/strong><\/p>\n<p><img decoding=\"async\" class=\"alignnone wp-image-812 size-full\" src=\"https:\/\/www.weldmc.com\/wp-content\/uploads\/2025\/05\/Adjustable-Welding-Rotator-HGK-5-Maintenance-of-Welding-Rotator-2.png\" alt=\"Adjustable Welding Rotator HGK-40\" width=\"368\" height=\"276\" srcset=\"https:\/\/www.weldmc.com\/wp-content\/uploads\/2025\/05\/Adjustable-Welding-Rotator-HGK-5-Maintenance-of-Welding-Rotator-2.png 368w, https:\/\/www.weldmc.com\/wp-content\/uploads\/2025\/05\/Adjustable-Welding-Rotator-HGK-5-Maintenance-of-Welding-Rotator-2-300x225.png 300w\" sizes=\"(max-width: 368px) 100vw, 368px\" \/><\/p>\n<p><strong><b>Entretien du rotateur de soudage<\/b><\/strong><\/p>\n<p>1. Ce rotateur de soudage doit \u00eatre nettoy\u00e9 avant d'\u00eatre utilis\u00e9. Pour \u00e9viter le vieillissement, les rouleaux en caoutchouc doivent rester \u00e0 l'\u00e9cart des huiles et des temp\u00e9ratures \u00e9lev\u00e9es. Dans la mesure du possible, une personne sp\u00e9cifique doit \u00eatre charg\u00e9e de l'utilisation et de l'entretien de cet appareil.<br \/>\n2. Avant le d\u00e9marrage, le r\u00e9ducteur de vitesse doit \u00eatre rempli d'huile moteur 30#, ce qui est \u00e9galement n\u00e9cessaire lorsque la temp\u00e9rature ambiante est inf\u00e9rieure \u00e0 0\u00baC.<br \/>\n3. L'huile \u00e0 l'int\u00e9rieur du r\u00e9ducteur de vitesse doit \u00eatre compl\u00e8tement remplac\u00e9e apr\u00e8s le premier mois d'utilisation, et par la suite, l'huile du moteur peut \u00eatre chang\u00e9e tous les six mois.<br \/>\n4. Le banc \u00e0 rouleaux ne peut pas \u00eatre utilis\u00e9 comme terrain de soudage afin d'\u00e9viter d'endommager les roulements.<\/p>\n<p><img decoding=\"async\" class=\"alignnone wp-image-834 size-full\" src=\"https:\/\/www.weldmc.com\/wp-content\/uploads\/2025\/05\/Adjustable-Welding-Rotator.png\" alt=\"Adjustable Welding Rotator HGK-40\" width=\"1080\" height=\"810\" srcset=\"https:\/\/www.weldmc.com\/wp-content\/uploads\/2025\/05\/Adjustable-Welding-Rotator.png 1080w, https:\/\/www.weldmc.com\/wp-content\/uploads\/2025\/05\/Adjustable-Welding-Rotator-300x225.png 300w, https:\/\/www.weldmc.com\/wp-content\/uploads\/2025\/05\/Adjustable-Welding-Rotator-1024x768.png 1024w, https:\/\/www.weldmc.com\/wp-content\/uploads\/2025\/05\/Adjustable-Welding-Rotator-768x576.png 768w, https:\/\/www.weldmc.com\/wp-content\/uploads\/2025\/05\/Adjustable-Welding-Rotator-600x450.png 600w\" sizes=\"(max-width: 1080px) 100vw, 1080px\" \/><\/p>\n<p><strong>Caract\u00e9ristiques du rotateur de soudage<\/strong><\/p>\n<ol>\n<li>La distance entre les rouleaux s'ajuste automatiquement pour s'adapter aux diff\u00e9rents diam\u00e8tres des barils.<br \/>\nLa vitesse est r\u00e9glable gr\u00e2ce \u00e0 un syst\u00e8me de contr\u00f4le de la fr\u00e9quence, ce qui am\u00e9liore la fiabilit\u00e9 op\u00e9rationnelle.<br \/>\n3. la facilit\u00e9 d'utilisation est assur\u00e9e par un bo\u00eetier de commande manuel.<br \/>\n4. disponible dans de multiples configurations, y compris des types mobiles et des types de levage.<br \/>\n5. un lit \u00e0 rouleaux sp\u00e9cialement con\u00e7u offre un confort accru pendant le soudage.<br \/>\n6. les rouleaux peuvent \u00eatre fabriqu\u00e9s \u00e0 partir de divers mat\u00e9riaux, tels que le caoutchouc noir, le polyur\u00e9thane et l'acier.<\/li>\n<\/ol>\n<p><img loading=\"lazy\" decoding=\"async\" class=\"alignnone wp-image-832 size-full\" src=\"https:\/\/www.weldmc.com\/wp-content\/uploads\/2025\/05\/\u56fe\u72473-scaled.jpg\" alt=\"Adjustable Welding Rotator HGK-40\" width=\"2560\" height=\"1920\" srcset=\"https:\/\/www.weldmc.com\/wp-content\/uploads\/2025\/05\/\u56fe\u72473-scaled.jpg 2560w, https:\/\/www.weldmc.com\/wp-content\/uploads\/2025\/05\/\u56fe\u72473-300x225.jpg 300w, https:\/\/www.weldmc.com\/wp-content\/uploads\/2025\/05\/\u56fe\u72473-1024x768.jpg 1024w, https:\/\/www.weldmc.com\/wp-content\/uploads\/2025\/05\/\u56fe\u72473-768x576.jpg 768w, https:\/\/www.weldmc.com\/wp-content\/uploads\/2025\/05\/\u56fe\u72473-1536x1152.jpg 1536w, https:\/\/www.weldmc.com\/wp-content\/uploads\/2025\/05\/\u56fe\u72473-2048x1536.jpg 2048w, https:\/\/www.weldmc.com\/wp-content\/uploads\/2025\/05\/\u56fe\u72473-600x450.jpg 600w\" sizes=\"(max-width: 2560px) 100vw, 2560px\" \/><\/p>\n<p><strong><b>D\u00e9tails du produit<\/b><\/strong><\/p>\n<table>\n<tbody>\n<tr>\n<td>- Une conception fiable<\/td>\n<td>- Une qualit\u00e9 fiable<\/td>\n<\/tr>\n<tr>\n<td>- Des pi\u00e8ces r\u00e9put\u00e9es<\/td>\n<td>- Contr\u00f4le de l'onduleur<\/td>\n<\/tr>\n<tr>\n<td>- Syst\u00e8me d'entra\u00eenement direct<\/td>\n<td>- Option de d\u00e9placement motoris\u00e9<\/td>\n<\/tr>\n<tr>\n<td>- Conception sur mesure<\/td>\n<td>- OEM<\/td>\n<\/tr>\n<\/tbody>\n<\/table>\n<p><strong><b>Introduction de la roue<\/b><\/strong><\/p>\n<p>Les roues en polyur\u00e9thane offrent une r\u00e9sistance exceptionnelle \u00e0 l'abrasion, un traitement polyvalent, une large applicabilit\u00e9 et une r\u00e9sistance sup\u00e9rieure \u00e0 l'huile, \u00e0 l'ozone, au vieillissement, aux radiations et aux basses temp\u00e9ratures. Elles offrent \u00e9galement une forte adh\u00e9rence, une excellente transmission du son, une biocompatibilit\u00e9 et une compatibilit\u00e9 avec le sang.<\/p>\n<p><img loading=\"lazy\" decoding=\"async\" class=\"alignnone wp-image-815\" src=\"https:\/\/www.weldmc.com\/wp-content\/uploads\/2025\/05\/Adjustable-Welding-Rotator-HGK-5-Wheel-introduction-1.png\" alt=\"Adjustable Welding Rotator HGK-40\" width=\"243\" height=\"304\" srcset=\"https:\/\/www.weldmc.com\/wp-content\/uploads\/2025\/05\/Adjustable-Welding-Rotator-HGK-5-Wheel-introduction-1.png 358w, https:\/\/www.weldmc.com\/wp-content\/uploads\/2025\/05\/Adjustable-Welding-Rotator-HGK-5-Wheel-introduction-1-240x300.png 240w\" sizes=\"(max-width: 243px) 100vw, 243px\" \/> <img loading=\"lazy\" decoding=\"async\" class=\"alignnone wp-image-817\" src=\"https:\/\/www.weldmc.com\/wp-content\/uploads\/2025\/05\/Adjustable-Welding-Rotator-HGK-5-Wheel-introduction.png\" alt=\"Adjustable Welding Rotator HGK-40\" width=\"244\" height=\"306\" srcset=\"https:\/\/www.weldmc.com\/wp-content\/uploads\/2025\/05\/Adjustable-Welding-Rotator-HGK-5-Wheel-introduction.png 308w, https:\/\/www.weldmc.com\/wp-content\/uploads\/2025\/05\/Adjustable-Welding-Rotator-HGK-5-Wheel-introduction-239x300.png 239w\" sizes=\"(max-width: 244px) 100vw, 244px\" \/> <img loading=\"lazy\" decoding=\"async\" class=\"alignnone wp-image-816\" src=\"https:\/\/www.weldmc.com\/wp-content\/uploads\/2025\/05\/Adjustable-Welding-Rotator-HGK-5-Wheel-introduction-3.png\" alt=\"Adjustable Welding Rotator HGK-40\" width=\"543\" height=\"306\" srcset=\"https:\/\/www.weldmc.com\/wp-content\/uploads\/2025\/05\/Adjustable-Welding-Rotator-HGK-5-Wheel-introduction-3.png 2276w, https:\/\/www.weldmc.com\/wp-content\/uploads\/2025\/05\/Adjustable-Welding-Rotator-HGK-5-Wheel-introduction-3-300x169.png 300w, https:\/\/www.weldmc.com\/wp-content\/uploads\/2025\/05\/Adjustable-Welding-Rotator-HGK-5-Wheel-introduction-3-1024x576.png 1024w, https:\/\/www.weldmc.com\/wp-content\/uploads\/2025\/05\/Adjustable-Welding-Rotator-HGK-5-Wheel-introduction-3-768x432.png 768w, https:\/\/www.weldmc.com\/wp-content\/uploads\/2025\/05\/Adjustable-Welding-Rotator-HGK-5-Wheel-introduction-3-1536x864.png 1536w, https:\/\/www.weldmc.com\/wp-content\/uploads\/2025\/05\/Adjustable-Welding-Rotator-HGK-5-Wheel-introduction-3-2048x1152.png 2048w, https:\/\/www.weldmc.com\/wp-content\/uploads\/2025\/05\/Adjustable-Welding-Rotator-HGK-5-Wheel-introduction-3-600x337.png 600w\" sizes=\"(max-width: 543px) 100vw, 543px\" \/><\/p>\n<p><strong><b>Pr\u00e9sentation du moteur<\/b><\/strong><strong><b><br \/>\n<\/b><\/strong><strong><b><img loading=\"lazy\" decoding=\"async\" class=\"alignnone wp-image-820 size-full\" src=\"https:\/\/www.weldmc.com\/wp-content\/uploads\/2025\/05\/Motor-introduction.png\" alt=\"Adjustable Welding Rotator HGK-40\" width=\"695\" height=\"521\" srcset=\"https:\/\/www.weldmc.com\/wp-content\/uploads\/2025\/05\/Motor-introduction.png 695w, https:\/\/www.weldmc.com\/wp-content\/uploads\/2025\/05\/Motor-introduction-300x225.png 300w, https:\/\/www.weldmc.com\/wp-content\/uploads\/2025\/05\/Motor-introduction-600x450.png 600w\" sizes=\"(max-width: 695px) 100vw, 695px\" \/><\/b><\/strong><\/p>\n<p><img decoding=\"async\" src=\"https:\/\/www.weldmc.com\/wp-content\/uploads\/2025\/05\/Motor_1.png\" alt=\"Moteur_1\" \/><\/p>\n<p class=\"ds-markdown-paragraph\"><strong>WUXI ABK 40-Ton Adjustable Height Welding Positioner Maintenance &amp; Service Guide<\/strong><\/p>\n<p class=\"ds-markdown-paragraph\"><strong>Pre-Operation Maintenance<\/strong><br \/>\nBefore operating the\u00a0<strong>40-ton adjustable height welding positioner<\/strong>, thoroughly clean all components to remove debris. The\u00a0<strong>high-grade rubber rollers<\/strong>\u00a0must be protected from oil exposure and temperatures exceeding 60\u00b0C to prevent premature aging. Assign certified personnel for operation and maintenance to ensure optimal performance of this\u00a0<strong>industrial welding equipment<\/strong>.<\/p>\n<p class=\"ds-markdown-paragraph\"><strong>Lubrication &amp; Servicing<\/strong><\/p>\n<ul>\n<li>\n<p class=\"ds-markdown-paragraph\">Remplir le\u00a0<strong>precision gear reducer<\/strong>\u00a0avec\u00a0<strong>Huile moteur 30#<\/strong>\u00a0(ISO VG 150 equivalent) before initial startup<\/p>\n<\/li>\n<li>\n<p class=\"ds-markdown-paragraph\">In sub-zero conditions (&lt;0\u00b0C), use\u00a0<strong>low-temperature synthetic lubricant<\/strong><\/p>\n<\/li>\n<li>\n<p class=\"ds-markdown-paragraph\">Replace oil after\u00a0<strong>30 days of operation<\/strong>alors\u00a0<strong>toutes les 500 heures de fonctionnement<\/strong>\u00a0(or 6 months)<\/p>\n<\/li>\n<li>\n<p class=\"ds-markdown-paragraph\">Pour\u00a0<strong>heavy-duty positioners<\/strong>\u00a0handling\u00a0<strong>wind tower sections<\/strong>\u00a0ou\u00a0<strong>pressure vessel components<\/strong>, conduct monthly grease replenishment<\/p>\n<\/li>\n<\/ul>\n<p class=\"ds-markdown-paragraph\"><strong>Critical Operational Protocols<\/strong><\/p>\n<ol start=\"1\">\n<li>\n<p class=\"ds-markdown-paragraph\"><strong>Jamais<\/strong>\u00a0use the\u00a0<strong>rotator bed<\/strong>\u00a0as a welding ground \u2013 employ separate grounding clamps to protect\u00a0<strong>precision bearings<\/strong><\/p>\n<\/li>\n<li>\n<p class=\"ds-markdown-paragraph\">Monthly inspections of:<\/p>\n<ul>\n<li>\n<p class=\"ds-markdown-paragraph\"><strong>Hydraulic elevation system<\/strong>\u00a0(40-ton capacity)<\/p>\n<\/li>\n<li>\n<p class=\"ds-markdown-paragraph\"><strong>Anti-slip roller alignment<\/strong><\/p>\n<\/li>\n<li>\n<p class=\"ds-markdown-paragraph\"><strong>PLC control connections<\/strong><\/p>\n<\/li>\n<\/ul>\n<\/li>\n<\/ol>\n<p class=\"ds-markdown-paragraph\"><strong>Manufacturer Assurance<\/strong><br \/>\nWUXI ABK brings\u00a0<strong>20+ years of welding positioner expertise<\/strong>, delivering:<br \/>\n\u2713\u00a0<strong>Capacit\u00e9 de 5 \u00e0 400 tonnes<\/strong>\u00a0pour\u00a0<strong>fabrication de navires<\/strong>\u00a0et\u00a0<strong>structural welding<\/strong><br \/>\n\u2713\u00a0<strong>Certifi\u00e9 CE et ISO 9001<\/strong>\u00a0manufacturing processes<br \/>\n\u2713\u00a0<strong>Garantie de 2 ans<\/strong>\u00a0sur\u00a0<strong>r\u00e9ducteurs \u00e0 engrenages<\/strong>\u00a0et\u00a0<strong>free wearing parts<\/strong>\u00a0replacement<br \/>\n\u2713\u00a0<strong>Assistance technique 24 heures sur 24, 7 jours sur 7<\/strong>\u00a0pour\u00a0<strong>offshore platform<\/strong>\u00a0et\u00a0<strong>wind turbine projects<\/strong><\/p>\n<p><img loading=\"lazy\" decoding=\"async\" class=\"alignnone wp-image-819 size-full\" src=\"https:\/\/www.weldmc.com\/wp-content\/uploads\/2025\/05\/Adjustable-Welding-Rotator-HGK.png\" alt=\"Adjustable Welding Rotator HGK-40\" width=\"1500\" height=\"1500\" srcset=\"https:\/\/www.weldmc.com\/wp-content\/uploads\/2025\/05\/Adjustable-Welding-Rotator-HGK.png 1500w, https:\/\/www.weldmc.com\/wp-content\/uploads\/2025\/05\/Adjustable-Welding-Rotator-HGK-300x300.png 300w, https:\/\/www.weldmc.com\/wp-content\/uploads\/2025\/05\/Adjustable-Welding-Rotator-HGK-1024x1024.png 1024w, https:\/\/www.weldmc.com\/wp-content\/uploads\/2025\/05\/Adjustable-Welding-Rotator-HGK-150x150.png 150w, https:\/\/www.weldmc.com\/wp-content\/uploads\/2025\/05\/Adjustable-Welding-Rotator-HGK-768x768.png 768w, https:\/\/www.weldmc.com\/wp-content\/uploads\/2025\/05\/Adjustable-Welding-Rotator-HGK-500x500.png 500w, https:\/\/www.weldmc.com\/wp-content\/uploads\/2025\/05\/Adjustable-Welding-Rotator-HGK-600x600.png 600w, https:\/\/www.weldmc.com\/wp-content\/uploads\/2025\/05\/Adjustable-Welding-Rotator-HGK-100x100.png 100w\" sizes=\"(max-width: 1500px) 100vw, 1500px\" \/><\/p>\n<p>Wuxi ABK Machinery Co.Ltd est un fabricant professionnel de rotateur de soudage en Chine. Nos rotateurs de soudage comprennent principalement le rotateur de soudage standard, le rotateur de soudage r\u00e9glable et le rotateur de soudage sp\u00e9cial. Nous pouvons \u00e9galement fournir \u00e0 nos clients du monde entier de nombreux autres produits, y compris la table tournante de soudage, la machine de soudage de pieux, la ligne de production de tours \u00e9oliennes, la ligne de soudage de poutre en H, l'\u00e9quipement de soudage de tuyaux, la machine de coupe CNC, la rectifieuse, la machine de formage de rouleaux, la machine de pliage de plaques, etc. Nous avons obtenu les certifications ISO et CE et nous proposons \u00e9galement des services OEM.<\/p>\n<p>&nbsp;<\/p>","protected":false},"excerpt":{"rendered":"<p><strong>Rotateur de soudage r\u00e9glable WUXI ABK 40 tonnes<\/strong>\u00a0fournit une rotation de pr\u00e9cision pour les applications industrielles lourdes telles que\u00a0<strong>fabrication d'appareils \u00e0 pression<\/strong>\u00a0et\u00a0<strong>soudage des m\u00e2ts d'\u00e9olienne<\/strong>. En vedette\u00a0<strong>r\u00e9glage hydraulique de la hauteur<\/strong>,\u00a0<strong>rouleaux antid\u00e9rapants<\/strong>et\u00a0<strong>Contr\u00f4le PLC<\/strong>, ce\u00a0<strong>Positionneur certifi\u00e9 CE<\/strong>\u00a0garantit des performances stables avec une pr\u00e9cision de \u00b10,2\u00b0. Id\u00e9al pour\u00a0<strong>construction navale<\/strong>\u00a0et\u00a0<strong>acier de construction<\/strong>\u00a0projets.<\/p>","protected":false},"featured_media":2134,"comment_status":"open","ping_status":"closed","template":"","meta":{"_acf_changed":false},"product_brand":[],"product_cat":[21,39,30],"product_tag":[],"class_list":{"0":"post-867","1":"product","2":"type-product","3":"status-publish","4":"has-post-thumbnail","6":"product_cat-welding-automation","7":"product_cat-adjustable-welding-rotator","8":"product_cat-welding-rotator","10":"first","11":"instock","12":"shipping-taxable","13":"product-type-simple"},"acf":[],"_links":{"self":[{"href":"https:\/\/www.weldmc.com\/fr\/wp-json\/wp\/v2\/product\/867","targetHints":{"allow":["GET"]}}],"collection":[{"href":"https:\/\/www.weldmc.com\/fr\/wp-json\/wp\/v2\/product"}],"about":[{"href":"https:\/\/www.weldmc.com\/fr\/wp-json\/wp\/v2\/types\/product"}],"replies":[{"embeddable":true,"href":"https:\/\/www.weldmc.com\/fr\/wp-json\/wp\/v2\/comments?post=867"}],"wp:featuredmedia":[{"embeddable":true,"href":"https:\/\/www.weldmc.com\/fr\/wp-json\/wp\/v2\/media\/2134"}],"wp:attachment":[{"href":"https:\/\/www.weldmc.com\/fr\/wp-json\/wp\/v2\/media?parent=867"}],"wp:term":[{"taxonomy":"product_brand","embeddable":true,"href":"https:\/\/www.weldmc.com\/fr\/wp-json\/wp\/v2\/product_brand?post=867"},{"taxonomy":"product_cat","embeddable":true,"href":"https:\/\/www.weldmc.com\/fr\/wp-json\/wp\/v2\/product_cat?post=867"},{"taxonomy":"product_tag","embeddable":true,"href":"https:\/\/www.weldmc.com\/fr\/wp-json\/wp\/v2\/product_tag?post=867"}],"curies":[{"name":"wp","href":"https:\/\/api.w.org\/{rel}","templated":true}]}}