{"id":865,"date":"2025-05-24T20:43:16","date_gmt":"2025-05-24T12:43:16","guid":{"rendered":"http:\/\/111.170.148.214:8095\/?post_type=product&#038;p=865"},"modified":"2025-10-13T16:21:22","modified_gmt":"2025-10-13T08:21:22","slug":"equipement-de-positionnement-de-soudage-reglable-30-tonnes","status":"publish","type":"product","link":"https:\/\/www.weldmc.com\/fr\/product\/equipement-de-positionnement-de-soudage-reglable-30-tonnes\/","title":{"rendered":"Positionneur de soudage r\u00e9glable Equipement 30 tonnes"},"content":{"rendered":"<p>Positionneur \u00e0 hauteur r\u00e9glable 30 tonnes Table de param\u00e9trage<\/p>\n<table>\n<tbody>\n<tr>\n<td colspan=\"3\" width=\"474\"><strong>Mod\u00e8le<\/strong><\/td>\n<td width=\"485\"><strong>L<\/strong><strong>HBJ-<\/strong><strong>30 avec levage<\/strong><\/td>\n<\/tr>\n<tr>\n<td width=\"318\"><strong>Capacit\u00e9 de charge<\/strong><\/td>\n<td width=\"78\">(KG)<\/td>\n<td width=\"77\"><\/td>\n<td width=\"485\">3000<\/td>\n<\/tr>\n<tr>\n<td width=\"318\"><strong>Vitesse de rotation<\/strong><\/td>\n<td width=\"78\">(RPM)<\/td>\n<td width=\"77\"><\/td>\n<td width=\"485\">0.05-0.5<\/td>\n<\/tr>\n<tr>\n<td width=\"318\"><strong>\u00a0Vitesse de rotation<\/strong><\/td>\n<td width=\"78\">(RPM)<\/td>\n<td width=\"77\"><\/td>\n<td width=\"485\">0.06<\/td>\n<\/tr>\n<tr>\n<td width=\"318\"><strong>Angle de rotation<\/strong><\/td>\n<td width=\"78\">(\u00b0)<\/td>\n<td width=\"77\"><\/td>\n<td width=\"485\">0-360<\/td>\n<\/tr>\n<tr>\n<td width=\"318\"><strong>Rotation A<\/strong><strong>ngle<\/strong><\/td>\n<td width=\"78\">(\u00b0)<\/td>\n<td width=\"77\"><\/td>\n<td width=\"485\">0~360<\/td>\n<\/tr>\n<tr>\n<td width=\"318\"><strong>Taille de la table de travail<\/strong><strong>\u00a0Diam\u00e8tre<\/strong><\/td>\n<td width=\"78\">(MM)<\/td>\n<td width=\"77\"><\/td>\n<td width=\"485\">600<\/td>\n<\/tr>\n<tr>\n<td width=\"318\"><strong>L Longueur du support<\/strong><\/td>\n<td width=\"78\">(MM)<\/td>\n<td width=\"77\"><\/td>\n<td width=\"485\">800<\/td>\n<\/tr>\n<tr>\n<td width=\"318\"><strong>Hauteur minimale de la table de travail<\/strong><\/td>\n<td width=\"78\">(MM)<\/td>\n<td width=\"77\"><\/td>\n<td width=\"485\">1000<\/td>\n<\/tr>\n<tr>\n<td width=\"318\"><strong>Hauteur maximale de la table de travail<\/strong><\/td>\n<td width=\"78\">(MM)<\/td>\n<td width=\"77\"><\/td>\n<td width=\"485\">2000<\/td>\n<\/tr>\n<tr>\n<td width=\"318\"><strong>Alimentation \u00e9lectrique<\/strong><\/td>\n<td width=\"78\">(V)<\/td>\n<td width=\"77\">50Hz 3\u0278<\/td>\n<td width=\"485\">380 (D\u00e9termin\u00e9 en fonction des besoins du client)<\/td>\n<\/tr>\n<tr>\n<td width=\"318\"><strong>Type de r\u00e9gulation de vitesse<\/strong><\/td>\n<td width=\"78\"><\/td>\n<td width=\"77\"><\/td>\n<td width=\"485\">R\u00e9gulation progressive de la vitesse en fonction de la fr\u00e9quence AC<\/td>\n<\/tr>\n<tr>\n<td colspan=\"4\" width=\"960\">Remarque : toutes les sp\u00e9cifications correspondent \u00e0 l'\u00e9quipement standard et peuvent \u00eatre modifi\u00e9es en fonction des besoins des clients.<\/td>\n<\/tr>\n<\/tbody>\n<\/table>\n<p>1. palier d'orientation<\/p>\n<p><img fetchpriority=\"high\" decoding=\"async\" class=\"alignnone wp-image-876\" src=\"http:\/\/111.170.148.214:8095\/wp-content\/uploads\/2025\/05\/Slewing-bearing.jpg\" alt=\"Palier d&#039;orientation\" width=\"800\" height=\"746\" \/><\/p>\n<p>La couronne d'orientation est un \u00e9l\u00e9ment porteur essentiel qui permet la rotation relative entre les pi\u00e8ces de la machine tout en g\u00e9rant simultan\u00e9ment les forces axiales, radiales et le moment de renversement. Sa conception compacte et l\u00e9g\u00e8re, en acier alli\u00e9 \u00e0 haute r\u00e9sistance, garantit un fonctionnement sans heurts avec une grande pr\u00e9cision (\u00b10,05\u00b0 de rotation) et une longue dur\u00e9e de vie. Les principales configurations comprennent des trous pour les boulons de montage, des engrenages internes\/externes en option, des orifices de lubrification et des syst\u00e8mes d'\u00e9tanch\u00e9it\u00e9 pour une fiabilit\u00e9 accrue. Avec un diam\u00e8tre compris entre 300 et 5000 mm et une capacit\u00e9 de charge allant jusqu'\u00e0 50 000 kN, il est largement utilis\u00e9 dans les machines de construction, les \u00e9oliennes, les grues et les \u00e9quipements militaires. Des conceptions sur mesure sont disponibles pour les applications sp\u00e9cialis\u00e9es.<\/p>\n<ol start=\"2\">\n<li>Engrenages<\/li>\n<\/ol>\n<p>1). Marche arri\u00e8re<\/p>\n<p><img decoding=\"async\" class=\"alignnone wp-image-882\" src=\"http:\/\/111.170.148.214:8095\/wp-content\/uploads\/2025\/05\/Gear-2.jpg\" alt=\"Engin-2\" width=\"800\" height=\"601\" \/><\/p>\n<p>En g\u00e9n\u00e9ral, l'angle de rotation de l'engrenage rotatif est compris entre 0 et 90\u00b0. La fonction de d\u00e9placement est assur\u00e9e par la rotation de la table.<\/p>\n<p>2). Marche arri\u00e8re<\/p>\n<p><img decoding=\"async\" class=\"alignnone wp-image-883\" src=\"http:\/\/111.170.148.214:8095\/wp-content\/uploads\/2025\/05\/Reverse-Gear-1.jpg\" alt=\"Marche arri\u00e8re-1\" width=\"800\" height=\"600\" \/> <img loading=\"lazy\" decoding=\"async\" class=\"alignnone wp-image-881\" src=\"http:\/\/111.170.148.214:8095\/wp-content\/uploads\/2025\/05\/Reverse-Gear.jpg\" alt=\"Marche arri\u00e8re\" width=\"800\" height=\"600\" \/> <img loading=\"lazy\" decoding=\"async\" class=\"alignnone wp-image-878\" src=\"http:\/\/111.170.148.214:8095\/wp-content\/uploads\/2025\/05\/Gear-1.jpg\" alt=\"Engrenage-1\" width=\"800\" height=\"598\" \/><\/p>\n<p>Les engrenages sont des composants m\u00e9caniques dent\u00e9s qui transmettent le couple par engr\u00e8nement avec d'autres \u00e9l\u00e9ments d'engrenage tels que des cr\u00e9maill\u00e8res, des vis sans fin ou des engrenages suppl\u00e9mentaires, permettant un contr\u00f4le pr\u00e9cis de la transmission de puissance en modifiant les rapports vitesse\/couple, en redirigeant les trajectoires de mouvement et en convertissant les types de mouvement (par exemple, de rotatif \u00e0 lin\u00e9aire). Leur conception \u00e0 dents imbriqu\u00e9es assure un transfert de force fiable tout en permettant de personnaliser l'avantage m\u00e9canique dans diverses applications industrielles.<\/p>\n<p>3. r\u00e9ducteur<\/p>\n<p><img loading=\"lazy\" decoding=\"async\" class=\"alignnone size-full wp-image-879\" src=\"http:\/\/111.170.148.214:8095\/wp-content\/uploads\/2025\/05\/Reducer.jpg\" alt=\"R\u00e9ducteur\" width=\"750\" height=\"496\" \/><\/p>\n<p>Les r\u00e9ducteurs \u00e0 engrenages sont des dispositifs de transmission m\u00e9canique de puissance qui utilisent des syst\u00e8mes d'engrenages de pr\u00e9cision pour r\u00e9duire la vitesse d'entr\u00e9e tout en augmentant proportionnellement le couple de sortie, le couple de sortie \u00e9tant le produit du couple moteur et du rapport d'engrenage (sans d\u00e9passer la capacit\u00e9 nominale du r\u00e9ducteur). Ces syst\u00e8mes diminuent simultan\u00e9ment l'inertie de la charge par le carr\u00e9 du rapport de r\u00e9duction, ce qui permet d'optimiser la conversion de puissance pour diverses applications industrielles gr\u00e2ce \u00e0 l'engagement efficace des engrenages.<\/p>\n<p><img loading=\"lazy\" decoding=\"async\" class=\"alignnone wp-image-875\" src=\"http:\/\/111.170.148.214:8095\/wp-content\/uploads\/2025\/05\/Motor.jpg\" alt=\"Moteur\" width=\"800\" height=\"312\" \/> <img loading=\"lazy\" decoding=\"async\" class=\"alignnone wp-image-877\" src=\"http:\/\/111.170.148.214:8095\/wp-content\/uploads\/2025\/05\/Motor-1.jpg\" alt=\"Moteur-1\" width=\"800\" height=\"601\" \/><\/p>\n<p class=\"ds-markdown-paragraph\"><strong>Protocole d'entretien complet<\/strong><br \/>\nLe bon entretien de nos\u00a0<strong>Positionneur de soudage r\u00e9glable de 30 tonnes<\/strong>\u00a0garantit des performances optimales dans\u00a0<strong>fabrication d'appareils \u00e0 pression<\/strong>,\u00a0<strong>soudage des charpentes d'acier<\/strong>et\u00a0<strong>fabrication d'\u00e9quipements lourds<\/strong>. L'entretien quotidien doit comprendre l'enl\u00e8vement des\u00a0<strong>scories de soudure<\/strong>\u00a0les d\u00e9p\u00f4ts et la v\u00e9rification des\u00a0<strong>les niveaux de lubrification<\/strong>\u00a0dans tous les\u00a0<strong>r\u00e9ducteurs \u00e0 engrenages<\/strong>, ainsi qu'un examen approfondi de l'\u00e9tat d'avancement du projet.\u00a0<strong>contr\u00f4les de s\u00e9curit\u00e9 \u00e9lectrique<\/strong>\u00a0sur les syst\u00e8mes de contr\u00f4le.<\/p>\n<p class=\"ds-markdown-paragraph\">Pour\u00a0<strong>des cycles d'entretien r\u00e9guliers<\/strong>\u00a0(recommand\u00e9 toutes les 250 heures de fonctionnement) :<br \/>\n\u2713 Tighten all\u00a0<strong>boulons \u00e0 haute r\u00e9sistance<\/strong>\u00a0jusqu'\u00e0 90-110Nm sp\u00e9cifications de couple<br \/>\n\u2713 Inspecter\u00a0<strong>transmission par vis sans fin<\/strong>\u00a0l'usure des composants<br \/>\n\u2713 Tester l'arr\u00eat d'urgence et la\u00a0<strong>protection contre les surcharges<\/strong>\u00a0fonctions<\/p>\n<p class=\"ds-markdown-paragraph\"><strong>Entretien annuel en profondeur<\/strong>\u00a0exige :<\/p>\n<ul>\n<li>\n<p class=\"ds-markdown-paragraph\">Remplacement de\u00a0<strong>les composants sujets \u00e0 l'usure<\/strong>\u00a0(roulements, joints)<\/p>\n<\/li>\n<li>\n<p class=\"ds-markdown-paragraph\">Compl\u00e9ter\u00a0<strong>relubrification<\/strong>\u00a0de toutes les pi\u00e8ces mobiles \u00e0 l'aide de la graisse Mobilith SHC 220<\/p>\n<\/li>\n<li>\n<p class=\"ds-markdown-paragraph\">Complet\u00a0<strong>recalibrage du syst\u00e8me<\/strong>\u00a0pour maintenir une pr\u00e9cision de positionnement de \u00b10,5<\/p>\n<\/li>\n<\/ul>\n<p class=\"ds-markdown-paragraph\"><strong>Alertes de s\u00e9curit\u00e9 op\u00e9rationnelle<\/strong><br \/>\nArr\u00eater imm\u00e9diatement l'op\u00e9ration en cas de d\u00e9tection :<br \/>\n-\u00a0<strong>Bruit anormal<\/strong>\u00a0des syst\u00e8mes d'entra\u00eenement (indiquant une d\u00e9t\u00e9rioration potentielle de l'engrenage)<br \/>\n-\u00a0<strong>Rotation irr\u00e9guli\u00e8re<\/strong>\u00a0(sugg\u00e9rant des probl\u00e8mes d'alignement des rouleaux)<br \/>\n-\u00a0<strong>D\u00e9fauts \u00e9lectriques<\/strong>\u00a0dans le\u00a0<strong>Contr\u00f4le PLC Siemens<\/strong>\u00a0interface<\/p>\n<p class=\"ds-markdown-paragraph\"><strong>Avantages prouv\u00e9s en mati\u00e8re de maintenance<\/strong><br \/>\nNotre protocole tient ses promesses :<br \/>\n\u2713\u00a0<strong>30% dur\u00e9e de vie prolong\u00e9e<\/strong>\u00a0pour\u00a0<strong>positionneurs de soudage industriels<\/strong><br \/>\n\u2713\u00a0<strong>R\u00e9duction 50%<\/strong>\u00a0en temps d'arr\u00eat non planifi\u00e9<br \/>\n\u2713 Coh\u00e9rent\u00a0<strong>pr\u00e9cision du soudage<\/strong>\u00a0(r\u00e9p\u00e9tabilit\u00e9 de \u00b10,2 mm)<\/p>\n<p class=\"ds-markdown-paragraph\"><strong>Certifications et innovation<\/strong><br \/>\nTous les\u00a0<strong>Positionneur r\u00e9glable ABK<\/strong>\u00a0porte :<\/p>\n<ul>\n<li>\n<p class=\"ds-markdown-paragraph\"><strong>Certification CE et ISO 9001<\/strong>\u00a0pour les machines de soudage<\/p>\n<\/li>\n<li>\n<p class=\"ds-markdown-paragraph\"><strong>Options antid\u00e9flagrantes<\/strong>\u00a0(conforme \u00e0 la norme ATEX Zone 2)<\/p>\n<\/li>\n<li>\n<p class=\"ds-markdown-paragraph\"><strong>Pr\u00eat pour l'IdO<\/strong>\u00a0les interfaces pour les\u00a0<strong>int\u00e9gration de l'usine intelligente<\/strong><\/p>\n<\/li>\n<\/ul>\n<p><img loading=\"lazy\" decoding=\"async\" class=\"alignnone size-full wp-image-880\" src=\"http:\/\/111.170.148.214:8095\/wp-content\/uploads\/2025\/05\/Product-certification.jpg\" alt=\"Certification des produits\" width=\"832\" height=\"832\" \/><br \/>\nWuxi ABK Machinery Co.Ltd est un fabricant professionnel de rotateur de soudage en Chine. Nos rotateurs de soudage comprennent principalement le rotateur de soudage standard, le rotateur de soudage r\u00e9glable et le rotateur de soudage sp\u00e9cial. Nous pouvons \u00e9galement fournir \u00e0 nos clients du monde entier de nombreux autres produits, y compris la table tournante de soudage, la machine de soudage de pieux, la ligne de production de tours \u00e9oliennes, la ligne de soudage de poutre en H, l'\u00e9quipement de soudage de tuyaux, la machine de coupe CNC, la rectifieuse, la machine de formage de rouleaux, la machine de pliage de plaques, etc. Nous avons obtenu les certifications ISO et CE et nous proposons \u00e9galement des services OEM.<\/p>","protected":false},"excerpt":{"rendered":"<p><strong>Positionneur \u00e0 hauteur r\u00e9glable WUXI ABK 30 tonnes<\/strong>\u00a0fournit une rotation de pr\u00e9cision pour\u00a0<strong>applications industrielles de soudage<\/strong>. En vedette\u00a0<strong>r\u00e9glage hydraulique de la hauteur<\/strong>\u00a0(port\u00e9e de 300 mm) et\u00a0<strong>Pr\u00e9cision d'inclinaison \u00b10,5<\/strong>, il traite\u00a0<strong>r\u00e9cipients sous pression<\/strong>,\u00a0<strong>acier de construction<\/strong>et\u00a0<strong>composants de tours d'\u00e9oliennes<\/strong>. Avec\u00a0<strong>Contr\u00f4le PLC Siemens<\/strong>\u00a0et\u00a0<strong>entra\u00eenement \u00e0 deux moteurs<\/strong>\u00a0(0,5-5 RPM), cette\u00a0<strong>Positionneur certifi\u00e9 CE<\/strong>\u00a0garantit des performances stables en\u00a0<strong>fabrication lourde<\/strong>.<\/p>","protected":false},"featured_media":1504,"comment_status":"open","ping_status":"closed","template":"","meta":{"_acf_changed":false},"product_brand":[],"product_cat":[21,33,29],"product_tag":[],"class_list":{"0":"post-865","1":"product","2":"type-product","3":"status-publish","4":"has-post-thumbnail","6":"product_cat-welding-automation","7":"product_cat-adjustable-height-positioner","8":"product_cat-welding-positioner","10":"first","11":"instock","12":"shipping-taxable","13":"product-type-simple"},"acf":[],"_links":{"self":[{"href":"https:\/\/www.weldmc.com\/fr\/wp-json\/wp\/v2\/product\/865","targetHints":{"allow":["GET"]}}],"collection":[{"href":"https:\/\/www.weldmc.com\/fr\/wp-json\/wp\/v2\/product"}],"about":[{"href":"https:\/\/www.weldmc.com\/fr\/wp-json\/wp\/v2\/types\/product"}],"replies":[{"embeddable":true,"href":"https:\/\/www.weldmc.com\/fr\/wp-json\/wp\/v2\/comments?post=865"}],"wp:featuredmedia":[{"embeddable":true,"href":"https:\/\/www.weldmc.com\/fr\/wp-json\/wp\/v2\/media\/1504"}],"wp:attachment":[{"href":"https:\/\/www.weldmc.com\/fr\/wp-json\/wp\/v2\/media?parent=865"}],"wp:term":[{"taxonomy":"product_brand","embeddable":true,"href":"https:\/\/www.weldmc.com\/fr\/wp-json\/wp\/v2\/product_brand?post=865"},{"taxonomy":"product_cat","embeddable":true,"href":"https:\/\/www.weldmc.com\/fr\/wp-json\/wp\/v2\/product_cat?post=865"},{"taxonomy":"product_tag","embeddable":true,"href":"https:\/\/www.weldmc.com\/fr\/wp-json\/wp\/v2\/product_tag?post=865"}],"curies":[{"name":"wp","href":"https:\/\/api.w.org\/{rel}","templated":true}]}}