{"id":850,"date":"2025-05-24T20:02:38","date_gmt":"2025-05-24T12:02:38","guid":{"rendered":"http:\/\/111.170.148.214:8095\/?post_type=product&#038;p=850"},"modified":"2025-10-13T16:29:23","modified_gmt":"2025-10-13T08:29:23","slug":"triple-axis-positioning-table-5-tons","status":"publish","type":"product","link":"https:\/\/www.weldmc.com\/fr\/product\/triple-axis-positioning-table-5-tons\/","title":{"rendered":"Table de positionnement \u00e0 trois axes 5 tonnes"},"content":{"rendered":"<p>5 Tons 3 Axis Positioner Parameter Table<\/p>\n<p>&nbsp;<\/p>\n<p><img decoding=\"async\" src=\"https:\/\/www.weldmc.com\/wp-content\/uploads\/2025\/05\/5-Tons-3-Axis-Positioner_2.png\" alt=\"5 Tons 3 Axis Positioner_2\" \/><\/p>\n<p class=\"ds-markdown-paragraph\"><strong>Precision Multi-Axis Control<\/strong><br \/>\nL'ABK WUXI\u00a0<strong>5-ton 3-axis welding positioner<\/strong>\u00a0delivers exceptional maneuverability with synchronized\u00a0<strong>turning (180\u00b0), rotating (360\u00b0 continuous), and tilting (0-90\u00b0)<\/strong>\u00a0movements. Engineered for\u00a0<strong>int\u00e9gration du soudage robotis\u00e9<\/strong>, it achieves\u00a0<strong>\u00b10.05mm positioning accuracy<\/strong>\u00a0et\u00a0<strong>0.02mm repeatability<\/strong>, making it ideal for\u00a0<strong>precision fabrication<\/strong>\u00a0de\u00a0<strong>pressure vessels, structural components, and automotive parts<\/strong>.<\/p>\n<p class=\"ds-markdown-paragraph\"><strong>Heavy-Duty Construction<\/strong><br \/>\nBuilt with an\u00a0<strong>integral casting base<\/strong>, ce\u00a0<strong>positionneur industriel<\/strong>\u00a0poign\u00e9es\u00a0<strong>dynamic loads up to 5 tons<\/strong>\u00a0while maintaining stability. Premium components include:<\/p>\n<ul>\n<li>\n<p class=\"ds-markdown-paragraph\"><strong>Japan THK linear guides<\/strong>\u00a0for smooth motion control<\/p>\n<\/li>\n<li>\n<p class=\"ds-markdown-paragraph\"><strong>Germany SEW reducers<\/strong>\u00a0ensuring torque precision<\/p>\n<\/li>\n<li>\n<p class=\"ds-markdown-paragraph\"><strong>Reinforced steel frame<\/strong>\u00a0for vibration resistance<\/p>\n<\/li>\n<\/ul>\n<p class=\"ds-markdown-paragraph\"><strong>Smart Safety &amp; Automation<\/strong><br \/>\nLes\u00a0<strong>positionneur de soudure<\/strong>\u00a0caract\u00e9ristiques :<br \/>\n\u2713\u00a0<strong>Protection contre les surcharges<\/strong>\u00a0with auto power-off<br \/>\n\u2713\u00a0<strong>&lt;0.1s emergency braking<\/strong><br \/>\n\u2713\u00a0<strong>PLC\/touchscreen dual control<\/strong>\u00a0for flexible operation<br \/>\n\u2713\u00a0<strong>ABB\/KUKA robot compatibility<\/strong>\u00a0pour\u00a0<strong>automated welding cells<\/strong><\/p>\n<p class=\"ds-markdown-paragraph\"><strong>Applications<\/strong><br \/>\nPerfect for\u00a0<strong>aerospace fixtures, shipbuilding jigs, and heavy machinery fabrication<\/strong>, ce\u00a0<strong>3-axis positioner<\/strong>\u00a0adapts to\u00a0<strong>MIG, TIG, and submerged arc welding<\/strong>.<\/p>\n<p><b><\/b><strong><b>1. palier d'orientation<\/b><\/strong><br \/>\n<img decoding=\"async\" src=\"https:\/\/www.weldmc.com\/wp-content\/uploads\/2025\/05\/Slewing-bearing.png\" alt=\"Palier d&#039;orientation\" \/><br \/>\nLa couronne d'orientation est l'\u00e9l\u00e9ment de base de la force de la machine, qui n\u00e9cessite une rotation relative entre les deux parties et supporte en m\u00eame temps la force axiale, la force radiale et le moment de renversement.Sa fonction de base est d'utiliser des boulons pour la fixer sur les supports sup\u00e9rieurs et inf\u00e9rieurs de l'\u00e9quipement m\u00e9canique afin de transmettre la force et l'entra\u00eenement de mani\u00e8re \u00e0 r\u00e9aliser la rotation relative entre les deux parties de l'\u00e9quipement m\u00e9canique.Le support rotatif comporte g\u00e9n\u00e9ralement des trous d'installation, des engrenages internes ou externes, des trous de lubrification et des dispositifs de scellement. Il se caract\u00e9rise par une structure compacte, un poids l\u00e9ger, une bonne structure en acier, un fonctionnement souple, une grande pr\u00e9cision, la s\u00e9curit\u00e9 et la fiabilit\u00e9.<br \/>\nLa couronne d'orientation est un \u00e9l\u00e9ment fondamental de l'\u00e9quipement m\u00e9canique et est largement utilis\u00e9e dans diverses industries de l'\u00e9conomie nationale. Il est largement utilis\u00e9 dans les machines de construction, les machines portuaires, les machines m\u00e9tallurgiques, les machines mini\u00e8res, les machines p\u00e9troli\u00e8res, les machines chimiques, les \u00e9quipements m\u00e9dicaux, les machines navales, les machines industrielles l\u00e9g\u00e8res, les machines de protection de l'environnement, les \u00e9quipements de divertissement et les machines de transport.<\/p>\n<p><strong><b>2.Engrenage<\/b><\/strong><br \/>\n<img decoding=\"async\" src=\"https:\/\/www.weldmc.com\/wp-content\/uploads\/2025\/05\/Gear_1.png\" alt=\"Gear_1\" \/><br \/>\nL'engrenage est une pi\u00e8ce m\u00e9canique semblable \u00e0 une roue qui transmet le couple par l'engagement des dents. Gr\u00e2ce \u00e0 la transmission avec d'autres pi\u00e8ces m\u00e9caniques dent\u00e9es (telles qu'un autre engrenage, une cr\u00e9maill\u00e8re Dao et une vis sans fin), l'engrenage peut modifier la vitesse et le couple, changer la direction du mouvement et modifier la forme du mouvement.<br \/>\n<img decoding=\"async\" src=\"https:\/\/www.weldmc.com\/wp-content\/uploads\/2025\/05\/Gear_2.png\" alt=\"Gear_2\" \/><br \/>\n<strong><b>3. r\u00e9ducteur<\/b><\/strong><br \/>\n<img decoding=\"async\" src=\"https:\/\/www.weldmc.com\/wp-content\/uploads\/2025\/05\/Reducer.png\" alt=\"R\u00e9ducteur\" \/><br \/>\nLe r\u00e9ducteur est une sorte de m\u00e9canisme de transmission de puissance qui utilise le convertisseur de vitesse de l'engrenage pour r\u00e9duire le nombre de rotations du moteur au nombre de rotations requis et obtenir une structure avec un couple important.<br \/>\nFonction du r\u00e9ducteur : r\u00e9duire la vitesse et augmenter le couple de sortie en m\u00eame temps. Le rapport de couple de sortie est multipli\u00e9 par le rapport de d\u00e9c\u00e9l\u00e9ration de sortie du moteur, mais il ne doit pas d\u00e9passer le couple nominal du r\u00e9ducteur.en m\u00eame temps, l'inertie du lo.ad est r\u00e9duite au carr\u00e9 du rapport de d\u00e9c\u00e9l\u00e9ration.<br \/>\n<strong><b>4.Moteur<\/b><\/strong><\/p>\n<p><img decoding=\"async\" src=\"https:\/\/www.weldmc.com\/wp-content\/uploads\/2025\/05\/Motor_1.png\" alt=\"Moteur_1\" \/> <img decoding=\"async\" src=\"https:\/\/www.weldmc.com\/wp-content\/uploads\/2025\/05\/Motor_2.png\" alt=\"Moteur_2\" \/><\/p>\n<p>&nbsp;<\/p>\n<p class=\"ds-markdown-paragraph\"><strong>WUXI ABK 5-Ton 3-Axis Welding Positioner Maintenance &amp; Service Guide<\/strong><\/p>\n<p class=\"ds-markdown-paragraph\">L'entretien ad\u00e9quat de nos\u00a0<strong>5-ton 3-axis welding positioner<\/strong>\u00a0garantit des performances optimales pour les\u00a0<strong>applications de soudage de pr\u00e9cision<\/strong>\u00a0en\u00a0<strong>automotive fabrication<\/strong>,\u00a0<strong>fabrication d'appareils \u00e0 pression<\/strong>et\u00a0<strong>structural steel assembly<\/strong>. Cette\u00a0<strong>industrial-grade positioner<\/strong>\u00a0avec\u00a0<strong>\u00b10.5\u00b0 tilt-rotate accuracy<\/strong>\u00a0n\u00e9cessite des soins syst\u00e9matiques pour maintenir son\u00a0<strong>CNC synchronization capability<\/strong>\u00a0et\u00a0<strong>long-term reliability<\/strong>.<\/p>\n<p class=\"ds-markdown-paragraph\"><strong>Proc\u00e9dures d'entretien de base<\/strong><\/p>\n<ol start=\"1\">\n<li>\n<p class=\"ds-markdown-paragraph\"><strong>Soins quotidiens<\/strong><\/p>\n<ul>\n<li>\n<p class=\"ds-markdown-paragraph\">Retirer\u00a0<strong>\u00e9claboussures de soudure<\/strong>\u00a0et des d\u00e9bris de la\u00a0<strong>3-axis turntable<\/strong><\/p>\n<\/li>\n<li>\n<p class=\"ds-markdown-paragraph\">V\u00e9rifier les niveaux de lubrification dans le\u00a0<strong>r\u00e9ducteur \u00e0 vis sans fin<\/strong><\/p>\n<\/li>\n<li>\n<p class=\"ds-markdown-paragraph\">Inspect electrical connections and\u00a0<strong>servomoteur<\/strong>\u00a0performance<\/p>\n<\/li>\n<\/ul>\n<\/li>\n<li>\n<p class=\"ds-markdown-paragraph\"><strong>Scheduled Maintenance<\/strong><\/p>\n<ul>\n<li>\n<p class=\"ds-markdown-paragraph\">Monthly: Tighten all\u00a0<strong>high-strength fasteners<\/strong>\u00a0(85-110Nm torque)<\/p>\n<\/li>\n<li>\n<p class=\"ds-markdown-paragraph\">Quarterly: Test\u00a0<strong>fonctions d'arr\u00eat d'urgence<\/strong>\u00a0et\u00a0<strong>limit switches<\/strong><\/p>\n<\/li>\n<li>\n<p class=\"ds-markdown-paragraph\">Annually: Replace\u00a0<strong>composants d'usure<\/strong>\u00a0(bearings, seals) and recalibrate\u00a0<strong>axis alignment<\/strong><\/p>\n<\/li>\n<\/ul>\n<\/li>\n<\/ol>\n<p class=\"ds-markdown-paragraph\"><strong>Critical Maintenance Benefits<\/strong><br \/>\n\u2713 Extends\u00a0<strong>equipment service life by 30%+<\/strong>\u00a0through proper\u00a0<strong>gearbox lubrication<\/strong><br \/>\n\u2713 Prevents\u00a0<strong>unscheduled downtime<\/strong>\u00a0en\u00a0<strong>cellules de soudage robotis\u00e9es<\/strong><br \/>\n\u2713 Maintains\u00a0<strong>\u00b10.2mm repeatability<\/strong>\u00a0pour\u00a0<strong>high-precision applications<\/strong><\/p>\n<p class=\"ds-markdown-paragraph\"><strong>Fault Prevention Protocol<\/strong><\/p>\n<ul>\n<li>\n<p class=\"ds-markdown-paragraph\">Fermeture imm\u00e9diate requise pour :<br \/>\n\u25b6 Abnormal vibration in\u00a0<strong>axe rotatif<\/strong><br \/>\n\u25b6 Irregular\u00a0<strong>tilting movement<\/strong><br \/>\n\u25b6 Electrical faults in\u00a0<strong>Syst\u00e8me de contr\u00f4le PLC<\/strong><\/p>\n<\/li>\n<\/ul>\n<p class=\"ds-markdown-paragraph\"><strong>Certification et soutien<\/strong><br \/>\nLe pr\u00e9sent\u00a0<strong>CE\/ISO certified positioner<\/strong>\u00a0comes with:<\/p>\n<ul>\n<li>\n<p class=\"ds-markdown-paragraph\">12-month warranty on\u00a0<strong>drive components<\/strong><\/p>\n<\/li>\n<li>\n<p class=\"ds-markdown-paragraph\">Free\u00a0<strong>technical training<\/strong>\u00a0pour les op\u00e9rateurs<\/p>\n<\/li>\n<li>\n<p class=\"ds-markdown-paragraph\"><strong>Preventive maintenance kits<\/strong>\u00a0available (Part No. PMK-5T3A)<\/p>\n<\/li>\n<\/ul>\n<p><img decoding=\"async\" src=\"https:\/\/www.weldmc.com\/wp-content\/uploads\/2025\/05\/Product-certification.png\" alt=\"Certification des produits\" \/><br \/>\nWuxi ABK Machinery Co.Ltd est un fabricant professionnel de rotateur de soudage en Chine. Nos rotateurs de soudage comprennent principalement le rotateur de soudage standard, le rotateur de soudage r\u00e9glable et le rotateur de soudage sp\u00e9cial. Nous pouvons \u00e9galement fournir \u00e0 nos clients du monde entier de nombreux autres produits, y compris la table tournante de soudage, la machine de soudage de pieux, la ligne de production de tours \u00e9oliennes, la ligne de soudage de poutre en H, l'\u00e9quipement de soudage de tuyaux, la machine de coupe CNC, la rectifieuse, la machine de formage de rouleaux, la machine de pliage de plaques, etc. Nous avons obtenu les certifications ISO et CE et nous proposons \u00e9galement des services OEM.<\/p>","protected":false},"excerpt":{"rendered":"<p><strong>Positionneur de soudage 3 axes WUXI ABK 5 tonnes<\/strong>\u00a0offre une rotation et une inclinaison de pr\u00e9cision pour les applications de soudage robotis\u00e9. Avec une pr\u00e9cision de positionnement de \u00b10,5\u00b0, ce positionneur de qualit\u00e9 industrielle traite les composants automobiles, l'acier de construction et les cuves sous pression avec une capacit\u00e9 de 5000 kg. Son mouvement 3 axes servo-motoris\u00e9 assure des angles de soudure parfaits, tandis que les commandes pr\u00eates pour la CNC permettent une int\u00e9gration transparente de l'automatisation. Certifi\u00e9 CE\/ISO pour l'assurance qualit\u00e9.<\/p>","protected":false},"featured_media":2023,"comment_status":"open","ping_status":"closed","template":"","meta":{"_acf_changed":false},"product_brand":[],"product_cat":[21,32,29],"product_tag":[],"class_list":{"0":"post-850","1":"product","2":"type-product","3":"status-publish","4":"has-post-thumbnail","6":"product_cat-welding-automation","7":"product_cat-3-axis-hydraulic-positioner","8":"product_cat-welding-positioner","10":"first","11":"instock","12":"shipping-taxable","13":"product-type-simple"},"acf":[],"_links":{"self":[{"href":"https:\/\/www.weldmc.com\/fr\/wp-json\/wp\/v2\/product\/850","targetHints":{"allow":["GET"]}}],"collection":[{"href":"https:\/\/www.weldmc.com\/fr\/wp-json\/wp\/v2\/product"}],"about":[{"href":"https:\/\/www.weldmc.com\/fr\/wp-json\/wp\/v2\/types\/product"}],"replies":[{"embeddable":true,"href":"https:\/\/www.weldmc.com\/fr\/wp-json\/wp\/v2\/comments?post=850"}],"wp:featuredmedia":[{"embeddable":true,"href":"https:\/\/www.weldmc.com\/fr\/wp-json\/wp\/v2\/media\/2023"}],"wp:attachment":[{"href":"https:\/\/www.weldmc.com\/fr\/wp-json\/wp\/v2\/media?parent=850"}],"wp:term":[{"taxonomy":"product_brand","embeddable":true,"href":"https:\/\/www.weldmc.com\/fr\/wp-json\/wp\/v2\/product_brand?post=850"},{"taxonomy":"product_cat","embeddable":true,"href":"https:\/\/www.weldmc.com\/fr\/wp-json\/wp\/v2\/product_cat?post=850"},{"taxonomy":"product_tag","embeddable":true,"href":"https:\/\/www.weldmc.com\/fr\/wp-json\/wp\/v2\/product_tag?post=850"}],"curies":[{"name":"wp","href":"https:\/\/api.w.org\/{rel}","templated":true}]}}