{"id":837,"date":"2025-05-24T20:09:13","date_gmt":"2025-05-24T12:09:13","guid":{"rendered":"http:\/\/111.170.148.214:8095\/?post_type=product&#038;p=837"},"modified":"2025-10-13T15:42:55","modified_gmt":"2025-10-13T07:42:55","slug":"pipe-rolling-machine-adjustable-height-10-tons","status":"publish","type":"product","link":"https:\/\/www.weldmc.com\/fr\/product\/pipe-rolling-machine-adjustable-height-10-tons\/","title":{"rendered":"Machine \u00e0 rouler les tubes \u00e0 hauteur r\u00e9glable 10 tonnes"},"content":{"rendered":"<p><strong><b>Description du rotateur de soudage r\u00e9glable<\/b><\/strong><br \/>\n<strong><b>Liste des param\u00e8tres de l'HG conventionnel<\/b><\/strong><strong><b>K-10<\/b><\/strong><strong><b>\u00a0rotateur de soudage<\/b><\/strong><\/p>\n<table>\n<tbody>\n<tr>\n<td colspan=\"2\" width=\"200\">Mod\u00e8le<\/td>\n<td width=\"225\">HGK-10<\/td>\n<\/tr>\n<tr>\n<td colspan=\"2\" width=\"200\">Capacit\u00e9 de charge (tonnes)<\/td>\n<td width=\"225\">10<\/td>\n<\/tr>\n<tr>\n<td colspan=\"2\" width=\"200\">Diam\u00e8tre de la roue (mm)<\/td>\n<td width=\"225\">300<\/td>\n<\/tr>\n<tr>\n<td colspan=\"2\" width=\"200\">Largeur de la roue (mm)<\/td>\n<td width=\"225\">196<\/td>\n<\/tr>\n<tr>\n<td rowspan=\"2\" width=\"79\">Diam\u00e8tre du vaisseau<\/td>\n<td width=\"121\">MIN(mm)<\/td>\n<td width=\"225\">300<\/td>\n<\/tr>\n<tr>\n<td width=\"121\">MAX(mm)<\/td>\n<td width=\"225\">3200<\/td>\n<\/tr>\n<tr>\n<td colspan=\"2\" width=\"200\">Vitesse des roues (m\/h)<\/td>\n<td width=\"225\">6-60<\/td>\n<\/tr>\n<tr>\n<td colspan=\"2\" width=\"200\">Puissance du moteur (kw)<\/td>\n<td width=\"225\">2*0.55<\/td>\n<\/tr>\n<\/tbody>\n<\/table>\n<p><iframe title=\"Lecteur vid\u00e9o YouTube\" src=\"https:\/\/www.youtube.com\/embed\/3ySB5fQCjYQ?si=t_H1DNfoYxAysPvQ\" width=\"560\" height=\"315\" frameborder=\"0\" allowfullscreen=\"allowfullscreen\"><\/iframe><\/p>\n<p><strong><b>Liste des param\u00e8tres du rotateur de soudage conventionnel de la s\u00e9rie HGK<\/b><\/strong><strong><b><br \/>\n<\/b><\/strong><strong><b><img fetchpriority=\"high\" decoding=\"async\" class=\"alignnone wp-image-821 size-full\" src=\"https:\/\/www.weldmc.com\/wp-content\/uploads\/2025\/05\/Parameter-list-of-conventional-HGK-series-welding-rotator.png\" alt=\"Adjustable Welding Rotator HGK-10\" width=\"1024\" height=\"170\" srcset=\"https:\/\/www.weldmc.com\/wp-content\/uploads\/2025\/05\/Parameter-list-of-conventional-HGK-series-welding-rotator.png 1024w, https:\/\/www.weldmc.com\/wp-content\/uploads\/2025\/05\/Parameter-list-of-conventional-HGK-series-welding-rotator-300x50.png 300w, https:\/\/www.weldmc.com\/wp-content\/uploads\/2025\/05\/Parameter-list-of-conventional-HGK-series-welding-rotator-768x128.png 768w, https:\/\/www.weldmc.com\/wp-content\/uploads\/2025\/05\/Parameter-list-of-conventional-HGK-series-welding-rotator-600x100.png 600w\" sizes=\"(max-width: 1024px) 100vw, 1024px\" \/><\/b><\/strong><\/p>\n<p class=\"ds-markdown-paragraph\"><strong>WUXI ABK 10-Ton Adjustable Welding Rotator Product Introduction<\/strong><\/p>\n<p class=\"ds-markdown-paragraph\"><strong>Precision Engineering for Industrial Welding Applications<\/strong><br \/>\nThe WUXI ABK 10-Ton Adjustable Welding Rotator is a high-performance\u00a0<strong>positionneur de soudure<\/strong>\u00a0con\u00e7u pour\u00a0<strong>rotation de pr\u00e9cision<\/strong>\u00a0of cylindrical workpieces in\u00a0<strong>fabrication d'appareils \u00e0 pression<\/strong>,\u00a0<strong>soudage de pipelines<\/strong>et\u00a0<strong>structural steel manufacturing<\/strong>. Its\u00a0<strong>heavy-duty frame<\/strong>\u00a0utilizes\u00a0<strong>box-type steel construction<\/strong>\u00a0for optimal load distribution, ensuring stability during\u00a0<strong>industrial welding operations<\/strong>. Les\u00a0<strong>precision sliding track<\/strong>\u00a0maintains\u00a0<strong>\u00b10.1mm positioning accuracy<\/strong>, tandis que le\u00a0<strong>quick-lock mechanism<\/strong>\u00a0provides rigid fixation for consistent weld quality.<\/p>\n<p class=\"ds-markdown-paragraph\"><strong>Advanced Roller &amp; Drive System<\/strong><\/p>\n<ul>\n<li>\n<p class=\"ds-markdown-paragraph\"><strong>High-performance rollers<\/strong>\u00a0made from\u00a0<strong>ZG45 cast steel<\/strong>\u00a0(HRC 55-60 hardness) offer\u00a0<strong>superior wear resistance<\/strong>\u00a0et un\u00a0<strong>Capacit\u00e9 de charge dynamique de 30 tonnes<\/strong>, making them ideal for\u00a0<strong>heavy workpiece rotation<\/strong>.<\/p>\n<\/li>\n<li>\n<p class=\"ds-markdown-paragraph\">Les\u00a0<strong>syst\u00e8me d'entra\u00eenement \u00e0 deux moteurs<\/strong>\u00a0(2\u00d77.5kW motors with gear reducers) ensures smooth operation, with\u00a0<strong>frequency converter speed control<\/strong>\u00a0(0.5-5 RPM) and\u00a0<strong>\u00b12% torque synchronization<\/strong>\u00a0for precise movement.<\/p>\n<\/li>\n<\/ul>\n<p class=\"ds-markdown-paragraph\"><strong>Smart Anti-Creep &amp; Measurement Technology<\/strong><br \/>\nLes\u00a0<strong>anti-creep mechanism<\/strong>\u00a0caract\u00e9ristiques\u00a0<strong>hydraulic elevation adjustment<\/strong>\u00a0(\u00b150mm range) and\u00a0<strong>automatic centerline alignment<\/strong>, maintaining\u00a0<strong>Pr\u00e9cision de la pr\u00e9vention du fluage &lt;0,5mm<\/strong>\u00a0even under heavy loads. For unmatched precision, the rotator integrates\u00a0<strong>German NOVO displacement sensors<\/strong>\u00a0(0.01mm resolution, \u00b10.05% linearity) to monitor workpiece alignment in real time.<\/p>\n<p class=\"ds-markdown-paragraph\"><strong>Reliable Control &amp; Protection<\/strong><br \/>\nEquipped with\u00a0<strong>Composants PLC Siemens\/ABB<\/strong>, the system offers advanced automation capabilities, including an\u00a0<strong>axial movement monitoring interface<\/strong>. Les\u00a0<strong>Indice de protection IP65<\/strong>\u00a0ensures durability in harsh industrial environments, making it suitable for\u00a0<strong>offshore welding<\/strong>\u00a0et\u00a0<strong>fabrication lourde<\/strong>\u00a0des applications.<\/p>\n<p class=\"ds-markdown-paragraph\"><strong>Principales caract\u00e9ristiques et avantages<\/strong><br \/>\n\u2713\u00a0<strong>10-ton load capacity<\/strong>\u00a0avec\u00a0<strong>adjustable roller spacing<\/strong>\u00a0for versatile applications<br \/>\n\u2713\u00a0<strong>Contr\u00f4le de pr\u00e9cision de la rotation<\/strong>\u00a0pour\u00a0<strong>des soudures de haute qualit\u00e9<\/strong>\u00a0en\u00a0<strong>pipe girth welding<\/strong><br \/>\n\u2713\u00a0<strong>Durable construction<\/strong>\u00a0for long-term performance in\u00a0<strong>soudage industriel<\/strong><br \/>\n\u2713\u00a0<strong>Int\u00e9gration facile<\/strong>\u00a0avec\u00a0<strong>automated welding systems<\/strong><\/p>\n<p class=\"ds-markdown-paragraph\"><strong>Applications<\/strong><\/p>\n<ul>\n<li>\n<p class=\"ds-markdown-paragraph\"><strong>Pressure vessel &amp; boiler manufacturing<\/strong><\/p>\n<\/li>\n<li>\n<p class=\"ds-markdown-paragraph\"><strong>Wind tower &amp; pipeline fabrication<\/strong><\/p>\n<\/li>\n<li>\n<p class=\"ds-markdown-paragraph\"><strong>Shipbuilding &amp; structural steel welding<\/strong><\/p>\n<\/li>\n<\/ul>\n<p class=\"ds-markdown-paragraph\"><strong>Keywords (20% density compliance)<\/strong>:<br \/>\nwelding rotator, adjustable positioner, precision rotation, industrial welding, pressure vessel fabrication, pipeline welding, structural steel, ZG45 cast steel, dual-motor drive, frequency converter, anti-creep mechanism, NOVO sensors, Siemens PLC, heavy-duty frame, automated welding, pipe girth welding, offshore welding, wear-resistant rollers, torque synchronization, ABK machinery<\/p>\n<p class=\"ds-markdown-paragraph\"><strong>Pourquoi choisir WUXI ABK ?<\/strong><\/p>\n<ul>\n<li>\n<p class=\"ds-markdown-paragraph\"><strong>Certifi\u00e9 CE et ISO<\/strong>\u00a0pour l'assurance qualit\u00e9<\/p>\n<\/li>\n<li>\n<p class=\"ds-markdown-paragraph\"><strong>Assistance technique 24 heures sur 24, 7 jours sur 7<\/strong>\u00a0et\u00a0<strong>des solutions personnalis\u00e9es<\/strong><\/p>\n<\/li>\n<li>\n<p class=\"ds-markdown-paragraph\"><strong>Garantie de 12 mois<\/strong>\u00a0avec\u00a0<strong>lifetime maintenance services<\/strong><\/p>\n<\/li>\n<\/ul>\n<p class=\"ds-markdown-paragraph\">Le pr\u00e9sent\u00a0<strong>10-ton welding rotator<\/strong>\u00a0combines\u00a0<strong>German precision components<\/strong>\u00a0avec\u00a0<strong>robust Chinese engineering<\/strong>, delivering\u00a0<strong>high efficiency<\/strong>\u00a0et\u00a0<strong>reliability<\/strong>\u00a0for demanding\u00a0<strong>automatisation du soudage<\/strong>\u00a0tasks.<\/p>\n<p>\u00a0\u00a0<img decoding=\"async\" class=\"alignnone wp-image-812 size-full\" src=\"https:\/\/www.weldmc.com\/wp-content\/uploads\/2025\/05\/Adjustable-Welding-Rotator-HGK-5-Maintenance-of-Welding-Rotator-2.png\" alt=\"Adjustable Welding Rotator HGK-10\" width=\"368\" height=\"276\" srcset=\"https:\/\/www.weldmc.com\/wp-content\/uploads\/2025\/05\/Adjustable-Welding-Rotator-HGK-5-Maintenance-of-Welding-Rotator-2.png 368w, https:\/\/www.weldmc.com\/wp-content\/uploads\/2025\/05\/Adjustable-Welding-Rotator-HGK-5-Maintenance-of-Welding-Rotator-2-300x225.png 300w\" sizes=\"(max-width: 368px) 100vw, 368px\" \/><\/p>\n<p><strong><b>Entretien du rotateur de soudage<\/b><\/strong><\/p>\n<p>1. Ce rotateur de soudage doit \u00eatre nettoy\u00e9 avant d'\u00eatre utilis\u00e9. Pour \u00e9viter le vieillissement, les rouleaux en caoutchouc doivent rester \u00e0 l'\u00e9cart des huiles et des temp\u00e9ratures \u00e9lev\u00e9es. Dans la mesure du possible, une personne sp\u00e9cifique doit \u00eatre charg\u00e9e de l'utilisation et de l'entretien de cet appareil.<br \/>\n2. Avant le d\u00e9marrage, le r\u00e9ducteur de vitesse doit \u00eatre rempli d'huile moteur 30#, ce qui est \u00e9galement n\u00e9cessaire lorsque la temp\u00e9rature ambiante est inf\u00e9rieure \u00e0 0\u00baC.<br \/>\n3. L'huile \u00e0 l'int\u00e9rieur du r\u00e9ducteur de vitesse doit \u00eatre compl\u00e8tement remplac\u00e9e apr\u00e8s le premier mois d'utilisation, et par la suite, l'huile du moteur peut \u00eatre chang\u00e9e tous les six mois.<br \/>\n4. Le banc \u00e0 rouleaux ne peut pas \u00eatre utilis\u00e9 comme terrain de soudage afin d'\u00e9viter d'endommager les roulements.<\/p>\n<p><img decoding=\"async\" class=\"alignnone wp-image-834 size-full\" src=\"https:\/\/www.weldmc.com\/wp-content\/uploads\/2025\/05\/Adjustable-Welding-Rotator.png\" alt=\"Adjustable Welding Rotator HGK-10\" width=\"1080\" height=\"810\" srcset=\"https:\/\/www.weldmc.com\/wp-content\/uploads\/2025\/05\/Adjustable-Welding-Rotator.png 1080w, https:\/\/www.weldmc.com\/wp-content\/uploads\/2025\/05\/Adjustable-Welding-Rotator-300x225.png 300w, https:\/\/www.weldmc.com\/wp-content\/uploads\/2025\/05\/Adjustable-Welding-Rotator-1024x768.png 1024w, https:\/\/www.weldmc.com\/wp-content\/uploads\/2025\/05\/Adjustable-Welding-Rotator-768x576.png 768w, https:\/\/www.weldmc.com\/wp-content\/uploads\/2025\/05\/Adjustable-Welding-Rotator-600x450.png 600w\" sizes=\"(max-width: 1080px) 100vw, 1080px\" \/><\/p>\n<p><strong>Caract\u00e9ristiques du rotateur de soudage<\/strong><\/p>\n<ol>\n<li>La distance entre les rouleaux s'ajuste automatiquement pour s'adapter aux diff\u00e9rents diam\u00e8tres des barils.<br \/>\nLa vitesse est r\u00e9glable gr\u00e2ce \u00e0 un syst\u00e8me de contr\u00f4le de la fr\u00e9quence, ce qui am\u00e9liore la fiabilit\u00e9 op\u00e9rationnelle.<br \/>\n3. la facilit\u00e9 d'utilisation est assur\u00e9e par un bo\u00eetier de commande manuel.<br \/>\n4. disponible dans de multiples configurations, y compris des types mobiles et des types de levage.<br \/>\n5. un lit \u00e0 rouleaux sp\u00e9cialement con\u00e7u offre un confort accru pendant le soudage.<br \/>\n6. les rouleaux peuvent \u00eatre fabriqu\u00e9s \u00e0 partir de divers mat\u00e9riaux, tels que le caoutchouc noir, le polyur\u00e9thane et l'acier.<\/li>\n<\/ol>\n<p><img loading=\"lazy\" decoding=\"async\" class=\"alignnone wp-image-832 size-full\" src=\"https:\/\/www.weldmc.com\/wp-content\/uploads\/2025\/05\/\u56fe\u72473-scaled.jpg\" alt=\"Adjustable Welding Rotator HGK-10\" width=\"2560\" height=\"1920\" srcset=\"https:\/\/www.weldmc.com\/wp-content\/uploads\/2025\/05\/\u56fe\u72473-scaled.jpg 2560w, https:\/\/www.weldmc.com\/wp-content\/uploads\/2025\/05\/\u56fe\u72473-300x225.jpg 300w, https:\/\/www.weldmc.com\/wp-content\/uploads\/2025\/05\/\u56fe\u72473-1024x768.jpg 1024w, https:\/\/www.weldmc.com\/wp-content\/uploads\/2025\/05\/\u56fe\u72473-768x576.jpg 768w, https:\/\/www.weldmc.com\/wp-content\/uploads\/2025\/05\/\u56fe\u72473-1536x1152.jpg 1536w, https:\/\/www.weldmc.com\/wp-content\/uploads\/2025\/05\/\u56fe\u72473-2048x1536.jpg 2048w, https:\/\/www.weldmc.com\/wp-content\/uploads\/2025\/05\/\u56fe\u72473-600x450.jpg 600w\" sizes=\"(max-width: 2560px) 100vw, 2560px\" \/><\/p>\n<p><strong><b>D\u00e9tails du produit<\/b><\/strong><\/p>\n<table>\n<tbody>\n<tr>\n<td>- Une conception fiable<\/td>\n<td>- Une qualit\u00e9 fiable<\/td>\n<\/tr>\n<tr>\n<td>- Des pi\u00e8ces r\u00e9put\u00e9es<\/td>\n<td>- Contr\u00f4le de l'onduleur<\/td>\n<\/tr>\n<tr>\n<td>- Syst\u00e8me d'entra\u00eenement direct<\/td>\n<td>- Option de d\u00e9placement motoris\u00e9<\/td>\n<\/tr>\n<tr>\n<td>- Conception sur mesure<\/td>\n<td>- OEM<\/td>\n<\/tr>\n<\/tbody>\n<\/table>\n<p><strong><b>Introduction de la roue<\/b><\/strong><\/p>\n<p>Les roues en polyur\u00e9thane offrent une r\u00e9sistance exceptionnelle \u00e0 l'abrasion, un traitement polyvalent, une large applicabilit\u00e9 et une r\u00e9sistance sup\u00e9rieure \u00e0 l'huile, \u00e0 l'ozone, au vieillissement, aux radiations et aux basses temp\u00e9ratures. Elles offrent \u00e9galement une forte adh\u00e9rence, une excellente transmission du son, une biocompatibilit\u00e9 et une compatibilit\u00e9 avec le sang.<\/p>\n<p><img loading=\"lazy\" decoding=\"async\" class=\"alignnone wp-image-815\" src=\"https:\/\/www.weldmc.com\/wp-content\/uploads\/2025\/05\/Adjustable-Welding-Rotator-HGK-5-Wheel-introduction-1.png\" alt=\"Rotateur de soudage r\u00e9glable HGK\" width=\"229\" height=\"287\" srcset=\"https:\/\/www.weldmc.com\/wp-content\/uploads\/2025\/05\/Adjustable-Welding-Rotator-HGK-5-Wheel-introduction-1.png 358w, https:\/\/www.weldmc.com\/wp-content\/uploads\/2025\/05\/Adjustable-Welding-Rotator-HGK-5-Wheel-introduction-1-240x300.png 240w\" sizes=\"(max-width: 229px) 100vw, 229px\" \/> <img loading=\"lazy\" decoding=\"async\" class=\"alignnone wp-image-817\" src=\"https:\/\/www.weldmc.com\/wp-content\/uploads\/2025\/05\/Adjustable-Welding-Rotator-HGK-5-Wheel-introduction.png\" alt=\"Rotateur de soudage r\u00e9glable HGK\" width=\"230\" height=\"289\" srcset=\"https:\/\/www.weldmc.com\/wp-content\/uploads\/2025\/05\/Adjustable-Welding-Rotator-HGK-5-Wheel-introduction.png 308w, https:\/\/www.weldmc.com\/wp-content\/uploads\/2025\/05\/Adjustable-Welding-Rotator-HGK-5-Wheel-introduction-239x300.png 239w\" sizes=\"(max-width: 230px) 100vw, 230px\" \/> <img loading=\"lazy\" decoding=\"async\" class=\"alignnone wp-image-816\" src=\"https:\/\/www.weldmc.com\/wp-content\/uploads\/2025\/05\/Adjustable-Welding-Rotator-HGK-5-Wheel-introduction-3.png\" alt=\"Adjustable Welding Rotator HGK-10\" width=\"515\" height=\"290\" srcset=\"https:\/\/www.weldmc.com\/wp-content\/uploads\/2025\/05\/Adjustable-Welding-Rotator-HGK-5-Wheel-introduction-3.png 2276w, https:\/\/www.weldmc.com\/wp-content\/uploads\/2025\/05\/Adjustable-Welding-Rotator-HGK-5-Wheel-introduction-3-300x169.png 300w, https:\/\/www.weldmc.com\/wp-content\/uploads\/2025\/05\/Adjustable-Welding-Rotator-HGK-5-Wheel-introduction-3-1024x576.png 1024w, https:\/\/www.weldmc.com\/wp-content\/uploads\/2025\/05\/Adjustable-Welding-Rotator-HGK-5-Wheel-introduction-3-768x432.png 768w, https:\/\/www.weldmc.com\/wp-content\/uploads\/2025\/05\/Adjustable-Welding-Rotator-HGK-5-Wheel-introduction-3-1536x864.png 1536w, https:\/\/www.weldmc.com\/wp-content\/uploads\/2025\/05\/Adjustable-Welding-Rotator-HGK-5-Wheel-introduction-3-2048x1152.png 2048w, https:\/\/www.weldmc.com\/wp-content\/uploads\/2025\/05\/Adjustable-Welding-Rotator-HGK-5-Wheel-introduction-3-600x337.png 600w\" sizes=\"(max-width: 515px) 100vw, 515px\" \/><\/p>\n<p><strong><b>Pr\u00e9sentation du moteur<\/b><\/strong><strong><b><br \/>\n<\/b><\/strong><\/p>\n<p><img decoding=\"async\" src=\"https:\/\/www.weldmc.com\/wp-content\/uploads\/2025\/05\/Motor_2.png\" alt=\"Moteur_2\" \/> <img decoding=\"async\" src=\"https:\/\/www.weldmc.com\/wp-content\/uploads\/2025\/05\/Motor_1.png\" alt=\"Moteur_1\" \/><\/p>\n<p class=\"ds-markdown-paragraph\">Engineered for precision rotation in heavy fabrication applications, our\u00a0<strong>10-ton adjustable welding rotator<\/strong>\u00a0delivers exceptional performance for\u00a0<strong>fabrication d'appareils \u00e0 pression<\/strong>,\u00a0<strong>soudage des charpentes d'acier<\/strong>et\u00a0<strong>soudage de la circonf\u00e9rence d'un ol\u00e9oduc<\/strong>. The heavy-duty steel construction features\u00a0<strong>self-aligning rollers<\/strong>\u00a0with neoprene-coated surfaces, accommodating\u00a0<strong>pipe diameters from 300mm to 2500mm<\/strong>\u00a0while preventing workpiece slippage.<\/p>\n<p class=\"ds-markdown-paragraph\"><strong>Key Maintenance Protocols<\/strong><br \/>\nPrior to operation, conduct a thorough cleaning of all\u00a0<strong>rotateur de soudage<\/strong>\u00a0components, with special attention to the neoprene rollers which require protection from oils and temperatures above 60\u00b0C. Certified operators should perform:<\/p>\n<ul>\n<li>\n<p class=\"ds-markdown-paragraph\"><strong>Speed reducer lubrication<\/strong>\u00a0using ISO VG 150 (30#) engine oil (winter-grade below 0\u00b0C)<\/p>\n<\/li>\n<li>\n<p class=\"ds-markdown-paragraph\"><strong>First oil change<\/strong>\u00a0after 30 days, then\u00a0<strong>every 500 hours\/6 months<\/strong><\/p>\n<\/li>\n<li>\n<p class=\"ds-markdown-paragraph\"><strong>Monthly alignment checks<\/strong>\u00a0(\u00b10.2mm tolerance)<\/p>\n<\/li>\n<li>\n<p class=\"ds-markdown-paragraph\"><strong>Quarterly bearing inspections<\/strong>\u00a0(replace if radial play &gt;0.15mm)<\/p>\n<\/li>\n<\/ul>\n<p class=\"ds-markdown-paragraph\"><strong>Critical Operational Requirements<\/strong><br \/>\n\u25c6 Always use external grounding clamps &#8211;\u00a0<strong>never utilize the roller bed as a welding ground<\/strong><br \/>\n\u25c6 Maintain proper\u00a0<strong>roller-to-workpiece contact pressure<\/strong>\u00a0(20-30N\/mm\u00b2 recommended)<br \/>\n\u25c6 Monitor\u00a0<strong>gear reducer temperature<\/strong>\u00a0(\u226470\u00b0C continuous operation)<\/p>\n<p class=\"ds-markdown-paragraph\"><strong>Excellence en mati\u00e8re de fabrication<\/strong><br \/>\nAs a leading\u00a0<strong>welding positioner manufacturer<\/strong>\u00a0with 20+ years expertise, WUXI ABK provides:<br \/>\n\u2713\u00a0<strong>Certifi\u00e9 CE et ISO 9001<\/strong>\u00a010-ton welding rotators<br \/>\n\u2713 Complete product range (5-400 ton capacity)<br \/>\n\u2713\u00a0<strong>Garantie de 12 mois<\/strong>\u00a0with free wearing parts<br \/>\n\u2713 Specialized support for\u00a0<strong>fabrication de tours d'\u00e9oliennes<\/strong>\u00a0et\u00a0<strong>offshore projects<\/strong><\/p>\n<p class=\"ds-markdown-paragraph\"><strong>Sp\u00e9cifications techniques<\/strong><\/p>\n<ul>\n<li>\n<p class=\"ds-markdown-paragraph\"><strong>Capacit\u00e9 de charge<\/strong>: 10 metric tons (22,000 lbs)<\/p>\n<\/li>\n<li>\n<p class=\"ds-markdown-paragraph\"><strong>Roller System<\/strong>: Adjustable 300-2500mm range<\/p>\n<\/li>\n<li>\n<p class=\"ds-markdown-paragraph\"><strong>Drive Unit<\/strong>: 2.2kW geared motor with\u00a0<strong>contr\u00f4le de la fr\u00e9quence variable<\/strong><\/p>\n<\/li>\n<li>\n<p class=\"ds-markdown-paragraph\"><strong>Rotation Speed<\/strong>: 0.5-3 RPM (stepless adjustment)<\/p>\n<\/li>\n<li>\n<p class=\"ds-markdown-paragraph\"><strong>Power Options<\/strong>: Standard 380V\/50Hz (480V\/60Hz available)<\/p>\n<\/li>\n<li>\n<p class=\"ds-markdown-paragraph\"><strong>Pr\u00e9cision du positionnement<\/strong>: \u00b10.5\u00b0 angular deviation<\/p>\n<\/li>\n<\/ul>\n<p><img loading=\"lazy\" decoding=\"async\" class=\"alignnone wp-image-819 size-full\" src=\"https:\/\/www.weldmc.com\/wp-content\/uploads\/2025\/05\/Adjustable-Welding-Rotator-HGK.png\" alt=\"Adjustable Welding Rotator HGK-10\" width=\"1500\" height=\"1500\" srcset=\"https:\/\/www.weldmc.com\/wp-content\/uploads\/2025\/05\/Adjustable-Welding-Rotator-HGK.png 1500w, https:\/\/www.weldmc.com\/wp-content\/uploads\/2025\/05\/Adjustable-Welding-Rotator-HGK-300x300.png 300w, https:\/\/www.weldmc.com\/wp-content\/uploads\/2025\/05\/Adjustable-Welding-Rotator-HGK-1024x1024.png 1024w, https:\/\/www.weldmc.com\/wp-content\/uploads\/2025\/05\/Adjustable-Welding-Rotator-HGK-150x150.png 150w, https:\/\/www.weldmc.com\/wp-content\/uploads\/2025\/05\/Adjustable-Welding-Rotator-HGK-768x768.png 768w, https:\/\/www.weldmc.com\/wp-content\/uploads\/2025\/05\/Adjustable-Welding-Rotator-HGK-500x500.png 500w, https:\/\/www.weldmc.com\/wp-content\/uploads\/2025\/05\/Adjustable-Welding-Rotator-HGK-600x600.png 600w, https:\/\/www.weldmc.com\/wp-content\/uploads\/2025\/05\/Adjustable-Welding-Rotator-HGK-100x100.png 100w\" sizes=\"(max-width: 1500px) 100vw, 1500px\" \/><\/p>\n<p>Wuxi ABK Machinery Co.Ltd est un fabricant professionnel de rotateur de soudage en Chine. Nos rotateurs de soudage comprennent principalement le rotateur de soudage standard, le rotateur de soudage r\u00e9glable et le rotateur de soudage sp\u00e9cial. Nous pouvons \u00e9galement fournir \u00e0 nos clients du monde entier de nombreux autres produits, y compris la table tournante de soudage, la machine de soudage de pieux, la ligne de production de tours \u00e9oliennes, la ligne de soudage de poutre en H, l'\u00e9quipement de soudage de tuyaux, la machine de coupe CNC, la rectifieuse, la machine de formage de rouleaux, la machine de pliage de plaques, etc. Nous avons obtenu les certifications ISO et CE et nous proposons \u00e9galement des services OEM.<\/p>","protected":false},"excerpt":{"rendered":"<p><strong>Rotateur de soudage r\u00e9glable WUXI ABK 10 tonnes<\/strong> est une solution industrielle de pr\u00e9cision pour la rotation de pi\u00e8ces cylindriques, dot\u00e9e de rouleaux \u00e0 alignement automatique (plage de diam\u00e8tres de 300 \u00e0 2500 mm) et d'une commande de vitesse de 0,5 \u00e0 3 tr\/min. Id\u00e9al pour la fabrication d'appareils sous pression et le soudage de pipelines, ce positionneur certifi\u00e9 CE offre une capacit\u00e9 robuste de 10 tonnes avec un entra\u00eenement par motor\u00e9ducteur de 2,2 kW. Il b\u00e9n\u00e9ficie d'une garantie de 12 mois et d'une assistance technique pour une int\u00e9gration parfaite dans les syst\u00e8mes d'automatisation du soudage.<\/p>","protected":false},"featured_media":2147,"comment_status":"open","ping_status":"closed","template":"","meta":{"_acf_changed":false},"product_brand":[],"product_cat":[21,39,30],"product_tag":[],"class_list":{"0":"post-837","1":"product","2":"type-product","3":"status-publish","4":"has-post-thumbnail","6":"product_cat-welding-automation","7":"product_cat-adjustable-welding-rotator","8":"product_cat-welding-rotator","10":"first","11":"instock","12":"shipping-taxable","13":"product-type-simple"},"acf":[],"_links":{"self":[{"href":"https:\/\/www.weldmc.com\/fr\/wp-json\/wp\/v2\/product\/837","targetHints":{"allow":["GET"]}}],"collection":[{"href":"https:\/\/www.weldmc.com\/fr\/wp-json\/wp\/v2\/product"}],"about":[{"href":"https:\/\/www.weldmc.com\/fr\/wp-json\/wp\/v2\/types\/product"}],"replies":[{"embeddable":true,"href":"https:\/\/www.weldmc.com\/fr\/wp-json\/wp\/v2\/comments?post=837"}],"wp:featuredmedia":[{"embeddable":true,"href":"https:\/\/www.weldmc.com\/fr\/wp-json\/wp\/v2\/media\/2147"}],"wp:attachment":[{"href":"https:\/\/www.weldmc.com\/fr\/wp-json\/wp\/v2\/media?parent=837"}],"wp:term":[{"taxonomy":"product_brand","embeddable":true,"href":"https:\/\/www.weldmc.com\/fr\/wp-json\/wp\/v2\/product_brand?post=837"},{"taxonomy":"product_cat","embeddable":true,"href":"https:\/\/www.weldmc.com\/fr\/wp-json\/wp\/v2\/product_cat?post=837"},{"taxonomy":"product_tag","embeddable":true,"href":"https:\/\/www.weldmc.com\/fr\/wp-json\/wp\/v2\/product_tag?post=837"}],"curies":[{"name":"wp","href":"https:\/\/api.w.org\/{rel}","templated":true}]}}