{"id":833,"date":"2025-05-24T20:00:39","date_gmt":"2025-05-24T12:00:39","guid":{"rendered":"http:\/\/111.170.148.214:8095\/?post_type=product&#038;p=833"},"modified":"2025-10-14T13:34:58","modified_gmt":"2025-10-14T05:34:58","slug":"3-axis-welding-positioner-3-tons","status":"publish","type":"product","link":"https:\/\/www.weldmc.com\/fr\/product\/3-axis-welding-positioner-3-tons\/","title":{"rendered":"Positionneur de soudage 3 axes 3 tonnes"},"content":{"rendered":"<p>3 Tons 3 Axis Positioner Parameter Table<\/p>\n<p>&nbsp;<\/p>\n<p><img decoding=\"async\" src=\"https:\/\/www.weldmc.com\/wp-content\/uploads\/2025\/05\/3-Tons-3-Axis-Positioner-Parameter-Table.png\" alt=\"3 Tons 3 Axis Positioner Parameter Table\" \/><\/p>\n<p class=\"ds-markdown-paragraph\">Les\u00a0<strong>WUXI ABK 3-Ton 3-Axis Positioner<\/strong>\u00a0is a high-precision industrial welding equipment designed for complex fabrication tasks, delivering\u00a0<strong>three-axis synchronous movement<\/strong>\u00a0with turning (180\u00b0), rotating (360\u00b0 continuous), and tilting (0-90\u00b0) capabilities. Its\u00a0<strong>\u00b10.05mm positioning accuracy<\/strong>\u00a0et\u00a0<strong>0.02mm repeatability<\/strong>\u00a0ensure superior weld quality for\u00a0<strong>syst\u00e8mes de soudage robotis\u00e9s<\/strong>\u00a0et\u00a0<strong>lignes de production automatis\u00e9es<\/strong>.<\/p>\n<p class=\"ds-markdown-paragraph\"><strong>Structural Advantages<\/strong><br \/>\nBuilt with a\u00a0<strong>heavy-duty cast base<\/strong>, ce\u00a0<strong>positionneur de soudure<\/strong>\u00a0supports dynamic loads up to\u00a0<strong>5 tonnes<\/strong>, reinforced with\u00a0<strong>Japan THK linear guides<\/strong>\u00a0et\u00a0<strong>Germany SEW reducers<\/strong>\u00a0for unmatched stability. The\u00a0<strong>intelligent safety system<\/strong>\u00a0caract\u00e9ristiques\u00a0<strong>overload auto-shutdown<\/strong>\u00a0et\u00a0<strong>emergency braking (&lt;0.1s response)<\/strong>, making it ideal for\u00a0<strong>high-risk welding environments<\/strong>.<\/p>\n<p class=\"ds-markdown-paragraph\"><strong>Caract\u00e9ristiques principales<\/strong><\/p>\n<ul>\n<li>\n<p class=\"ds-markdown-paragraph\"><strong>Multi-brand robot compatibility<\/strong>\u00a0(ABB, KUKA, FANUC, etc.)<\/p>\n<\/li>\n<li>\n<p class=\"ds-markdown-paragraph\"><strong>Dual control modes<\/strong>\u00a0(PLC + touchscreen) for flexible operation<\/p>\n<\/li>\n<li>\n<p class=\"ds-markdown-paragraph\"><strong>Certifi\u00e9 CE et ISO<\/strong>\u00a0avec\u00a0<strong>IP54 protection<\/strong>\u00a0for harsh conditions<\/p>\n<\/li>\n<li>\n<p class=\"ds-markdown-paragraph\"><strong>Adaptive to arc welding, laser welding, and plasma applications<\/strong><\/p>\n<\/li>\n<\/ul>\n<p class=\"ds-markdown-paragraph\"><strong>Applications<\/strong><br \/>\nPerfect for\u00a0<strong>automotive chassis welding<\/strong>,\u00a0<strong>aerospace components<\/strong>et\u00a0<strong>precision machinery fabrication<\/strong>, ce\u00a0<strong>3-axis positioner<\/strong>\u00a0enhances productivity in\u00a0<strong>high-mix, low-volume production<\/strong>.<\/p>\n<p><b><\/b><strong><b>1. palier d'orientation<\/b><\/strong><br \/>\n<img decoding=\"async\" src=\"https:\/\/www.weldmc.com\/wp-content\/uploads\/2025\/05\/Slewing-bearing.png\" alt=\"Palier d&#039;orientation\" \/><br \/>\nLa couronne d'orientation est l'\u00e9l\u00e9ment de base de la force de la machine, qui n\u00e9cessite une rotation relative entre les deux parties et supporte en m\u00eame temps la force axiale, la force radiale et le moment de renversement.Sa fonction de base est d'utiliser des boulons pour la fixer sur les supports sup\u00e9rieurs et inf\u00e9rieurs de l'\u00e9quipement m\u00e9canique afin de transmettre la force et l'entra\u00eenement de mani\u00e8re \u00e0 r\u00e9aliser la rotation relative entre les deux parties de l'\u00e9quipement m\u00e9canique.Le support rotatif comporte g\u00e9n\u00e9ralement des trous d'installation, des engrenages internes ou externes, des trous de lubrification et des dispositifs de scellement. Il se caract\u00e9rise par une structure compacte, un poids l\u00e9ger, une bonne structure en acier, un fonctionnement souple, une grande pr\u00e9cision, la s\u00e9curit\u00e9 et la fiabilit\u00e9.<br \/>\nLa couronne d'orientation est un \u00e9l\u00e9ment fondamental de l'\u00e9quipement m\u00e9canique et est largement utilis\u00e9e dans diverses industries de l'\u00e9conomie nationale. Il est largement utilis\u00e9 dans les machines de construction, les machines portuaires, les machines m\u00e9tallurgiques, les machines mini\u00e8res, les machines p\u00e9troli\u00e8res, les machines chimiques, les \u00e9quipements m\u00e9dicaux, les machines navales, les machines industrielles l\u00e9g\u00e8res, les machines de protection de l'environnement, les \u00e9quipements de divertissement et les machines de transport.<\/p>\n<p><strong><b>2.Engrenage<\/b><\/strong><br \/>\n<img decoding=\"async\" src=\"https:\/\/www.weldmc.com\/wp-content\/uploads\/2025\/05\/Gear_1.png\" alt=\"Gear_1\" \/><br \/>\nL'engrenage est une pi\u00e8ce m\u00e9canique semblable \u00e0 une roue qui transmet le couple par l'engagement des dents. Gr\u00e2ce \u00e0 la transmission avec d'autres pi\u00e8ces m\u00e9caniques dent\u00e9es (telles qu'un autre engrenage, une cr\u00e9maill\u00e8re Dao et une vis sans fin), l'engrenage peut modifier la vitesse et le couple, changer la direction du mouvement et modifier la forme du mouvement.<br \/>\n<img decoding=\"async\" src=\"https:\/\/www.weldmc.com\/wp-content\/uploads\/2025\/05\/Gear_2.png\" alt=\"Gear_2\" \/><br \/>\n<strong><b>3. r\u00e9ducteur<\/b><\/strong><br \/>\n<img decoding=\"async\" src=\"https:\/\/www.weldmc.com\/wp-content\/uploads\/2025\/05\/Reducer.png\" alt=\"R\u00e9ducteur\" \/><br \/>\nLe r\u00e9ducteur est une sorte de m\u00e9canisme de transmission de puissance qui utilise le convertisseur de vitesse de l'engrenage pour r\u00e9duire le nombre de rotations du moteur au nombre de rotations requis et obtenir une structure avec un couple important.<br \/>\nFonction du r\u00e9ducteur : r\u00e9duire la vitesse et augmenter le couple de sortie en m\u00eame temps. Le rapport de couple de sortie est multipli\u00e9 par le rapport de d\u00e9c\u00e9l\u00e9ration de sortie du moteur, mais il ne doit pas d\u00e9passer le couple nominal du r\u00e9ducteur.en m\u00eame temps, l'inertie du lo.ad est r\u00e9duite au carr\u00e9 du rapport de d\u00e9c\u00e9l\u00e9ration.<br \/>\n<strong><b>4.Moteur<\/b><\/strong><\/p>\n<p><img decoding=\"async\" src=\"https:\/\/www.weldmc.com\/wp-content\/uploads\/2025\/05\/Motor_1.png\" alt=\"Moteur_1\" \/> <img decoding=\"async\" src=\"https:\/\/www.weldmc.com\/wp-content\/uploads\/2025\/05\/Motor_2.png\" alt=\"Moteur_2\" \/><\/p>\n<p class=\"ds-markdown-paragraph\"><strong>WUXI ABK 3-Ton 3-Axis Welding Positioner Maintenance &amp; Certification Guide<\/strong><\/p>\n<p class=\"ds-markdown-paragraph\"><strong>Protocole d'entretien complet<\/strong><br \/>\nL'entretien ad\u00e9quat de nos\u00a0<strong>Positionneur de soudage \u00e0 3 axes<\/strong>\u00a0garantit des performances optimales dans\u00a0<strong>cellules de soudage robotis\u00e9es<\/strong>\u00a0et\u00a0<strong>precision fabrication<\/strong>\u00a0applications. Daily maintenance should include thorough removal of\u00a0<strong>\u00e9claboussures de soudure<\/strong>, verification of lubrication levels in all\u00a0<strong>m\u00e9canisme de basculement<\/strong>\u00a0joints, and inspection of electrical connections. For\u00a0<strong>lignes de production automatis\u00e9es<\/strong>, we recommend implementing our patented\u00a0<strong>laser alignment check<\/strong>\u00a0procedure weekly to maintain \u00b10.5\u00b0 positioning accuracy.<\/p>\n<p class=\"ds-markdown-paragraph\"><strong>Scheduled Maintenance Requirements<\/strong><\/p>\n<ol start=\"1\">\n<li>\n<p class=\"ds-markdown-paragraph\"><strong>Monthly<\/strong>:<\/p>\n<ul>\n<li>\n<p class=\"ds-markdown-paragraph\">Serrer tous les\u00a0<strong>table rotative<\/strong>\u00a0mounting bolts (85-95Nm torque)<\/p>\n<\/li>\n<li>\n<p class=\"ds-markdown-paragraph\">Contr\u00f4ler\u00a0<strong>r\u00e9ducteur \u00e0 vis sans fin<\/strong>\u00a0for backlash (&lt;0.1mm tolerance)<\/p>\n<\/li>\n<li>\n<p class=\"ds-markdown-paragraph\">Test emergency stop functionality<\/p>\n<\/li>\n<\/ul>\n<\/li>\n<li>\n<p class=\"ds-markdown-paragraph\"><strong>Quarterly<\/strong>:<\/p>\n<ul>\n<li>\n<p class=\"ds-markdown-paragraph\">Remplacer\u00a0<strong>axis drive<\/strong>\u00a0grease (Mobilith SHC 220 recommended)<\/p>\n<\/li>\n<li>\n<p class=\"ds-markdown-paragraph\">Calibrate\u00a0<strong>Syst\u00e8me de contr\u00f4le PLC<\/strong>\u00a0parameters<\/p>\n<\/li>\n<li>\n<p class=\"ds-markdown-paragraph\">Verify\u00a0<strong>load cell<\/strong>\u00a0accuracy in all three axes<\/p>\n<\/li>\n<\/ul>\n<\/li>\n<li>\n<p class=\"ds-markdown-paragraph\"><strong>Annual<\/strong>:<\/p>\n<ul>\n<li>\n<p class=\"ds-markdown-paragraph\">Compl\u00e9ter\u00a0<strong>bearing replacement<\/strong>\u00a0en\u00a0<strong>m\u00e9canisme de basculement<\/strong><\/p>\n<\/li>\n<li>\n<p class=\"ds-markdown-paragraph\">Overhaul\u00a0<strong>servomoteur<\/strong>\u00a0brushes and encoders<\/p>\n<\/li>\n<li>\n<p class=\"ds-markdown-paragraph\">Perform full\u00a0<strong>laser tracker<\/strong>\u00a0alignment verification<\/p>\n<\/li>\n<\/ul>\n<\/li>\n<\/ol>\n<p class=\"ds-markdown-paragraph\"><strong>Performance Preservation Benefits<\/strong><br \/>\nFollowing this maintenance regimen delivers:<br \/>\n\u2713\u00a0<strong>40% longer service life<\/strong>\u00a0pour\u00a0<strong>positioner components<\/strong><br \/>\n\u2713\u00a0<strong>R\u00e9duction 50%<\/strong>\u00a0en temps d'arr\u00eat non planifi\u00e9<br \/>\n\u2713 Consistent maintenance of\u00a0<strong>0.1mm repeatability<\/strong>\u00a0en\u00a0<strong>arc welding applications<\/strong><br \/>\n\u2713 Preservation of\u00a0<strong>Certification de s\u00e9curit\u00e9 CE<\/strong>\u00a0compliance<\/p>\n<p class=\"ds-markdown-paragraph\"><strong>Advanced Certification &amp; Technology<\/strong><br \/>\nNotre\u00a0<strong>3-ton positioner<\/strong>\u00a0series meets:<\/p>\n<ul>\n<li>\n<p class=\"ds-markdown-paragraph\"><strong>ISO 12100-2010<\/strong>\u00a0machinery safety standards<\/p>\n<\/li>\n<li>\n<p class=\"ds-markdown-paragraph\"><strong>ANSI\/RIA R15.06<\/strong>\u00a0robotic integration requirements<\/p>\n<\/li>\n<li>\n<p class=\"ds-markdown-paragraph\"><strong>ATEX Directive 2014\/34\/EU<\/strong>\u00a0for explosive environments<\/p>\n<\/li>\n<\/ul>\n<p class=\"ds-markdown-paragraph\"><strong>Innovative Positioner Features<\/strong><br \/>\nLes\u00a0<strong>WUXI ABK 3-axis system<\/strong>\u00a0incorporates:<\/p>\n<ul>\n<li>\n<p class=\"ds-markdown-paragraph\"><strong>German-made harmonic drives<\/strong>\u00a0in all rotational axes<\/p>\n<\/li>\n<li>\n<p class=\"ds-markdown-paragraph\"><strong>Siemens S7-1200 PLC<\/strong>\u00a0with 100+ preset\u00a0<strong>programmes de soudage<\/strong><\/p>\n<\/li>\n<li>\n<p class=\"ds-markdown-paragraph\"><strong>IP54-rated<\/strong>\u00a0enclosures for harsh manufacturing environments<\/p>\n<\/li>\n<\/ul>\n<p><strong>Pourquoi choisir WUXI ABK ?<\/strong><br \/>\nAvec\u00a0<strong>20 ans et plus<\/strong>\u00a0en\u00a0<strong>automatisation du soudage<\/strong>, we provide\u00a0<strong>Assistance technique 24 heures sur 24, 7 jours sur 7<\/strong>,\u00a0<strong>custom configurations<\/strong>et\u00a0<strong>3-year core component warranties<\/strong>. Notre\u00a0<strong>3-ton positioner<\/strong>\u00a0est con\u00e7u pour\u00a0<strong>zero-defect welding<\/strong>\u00a0in mission-critical industries.<\/p>\n<p><img decoding=\"async\" src=\"https:\/\/www.weldmc.com\/wp-content\/uploads\/2025\/05\/Product-certification.png\" alt=\"Certification des produits\" \/><br \/>\nWuxi ABK Machinery Co.Ltd est un fabricant professionnel de rotateur de soudage en Chine. Nos rotateurs de soudage comprennent principalement le rotateur de soudage standard, le rotateur de soudage r\u00e9glable et le rotateur de soudage sp\u00e9cial. Nous pouvons \u00e9galement fournir \u00e0 nos clients du monde entier de nombreux autres produits, y compris la table tournante de soudage, la machine de soudage de pieux, la ligne de production de tours \u00e9oliennes, la ligne de soudage de poutre en H, l'\u00e9quipement de soudage de tuyaux, la machine de coupe CNC, la rectifieuse, la machine de formage de rouleaux, la machine de pliage de plaques, etc. Nous avons obtenu les certifications ISO et CE et nous proposons \u00e9galement des services OEM.<\/p>","protected":false},"excerpt":{"rendered":"<p><strong>Positionneur de soudage 3 axes WUXI ABK 3 tonnes<\/strong>\u00a0offre un positionnement pr\u00e9cis des pi\u00e8ces pour le soudage et la fabrication robotis\u00e9s. Avec une pr\u00e9cision d'inclinaison et de rotation de \u00b10,5\u00b0, des axes servocommand\u00e9s et une synchronisation CNC, ce positionneur compact excelle dans les secteurs de l'automobile, de l'a\u00e9rospatiale et de la fabrication de pi\u00e8ces de pr\u00e9cision. Avec une rotation continue de 360\u00b0 et une plage d'inclinaison de 135\u00b0, il garantit un acc\u00e8s optimal \u00e0 la soudure. Certifi\u00e9 CE\/ISO avec une protection IP54 pour les environnements industriels.<\/p>","protected":false},"featured_media":2018,"comment_status":"open","ping_status":"closed","template":"","meta":{"_acf_changed":false},"product_brand":[],"product_cat":[21,32,29],"product_tag":[],"class_list":{"0":"post-833","1":"product","2":"type-product","3":"status-publish","4":"has-post-thumbnail","6":"product_cat-welding-automation","7":"product_cat-3-axis-hydraulic-positioner","8":"product_cat-welding-positioner","10":"first","11":"instock","12":"shipping-taxable","13":"product-type-simple"},"acf":[],"_links":{"self":[{"href":"https:\/\/www.weldmc.com\/fr\/wp-json\/wp\/v2\/product\/833","targetHints":{"allow":["GET"]}}],"collection":[{"href":"https:\/\/www.weldmc.com\/fr\/wp-json\/wp\/v2\/product"}],"about":[{"href":"https:\/\/www.weldmc.com\/fr\/wp-json\/wp\/v2\/types\/product"}],"replies":[{"embeddable":true,"href":"https:\/\/www.weldmc.com\/fr\/wp-json\/wp\/v2\/comments?post=833"}],"wp:featuredmedia":[{"embeddable":true,"href":"https:\/\/www.weldmc.com\/fr\/wp-json\/wp\/v2\/media\/2018"}],"wp:attachment":[{"href":"https:\/\/www.weldmc.com\/fr\/wp-json\/wp\/v2\/media?parent=833"}],"wp:term":[{"taxonomy":"product_brand","embeddable":true,"href":"https:\/\/www.weldmc.com\/fr\/wp-json\/wp\/v2\/product_brand?post=833"},{"taxonomy":"product_cat","embeddable":true,"href":"https:\/\/www.weldmc.com\/fr\/wp-json\/wp\/v2\/product_cat?post=833"},{"taxonomy":"product_tag","embeddable":true,"href":"https:\/\/www.weldmc.com\/fr\/wp-json\/wp\/v2\/product_tag?post=833"}],"curies":[{"name":"wp","href":"https:\/\/api.w.org\/{rel}","templated":true}]}}