{"id":822,"date":"2025-05-24T19:29:58","date_gmt":"2025-05-24T11:29:58","guid":{"rendered":"http:\/\/111.170.148.214:8095\/?post_type=product&#038;p=822"},"modified":"2025-10-13T16:28:37","modified_gmt":"2025-10-13T08:28:37","slug":"table-rotative-a-3-axes-2-tonnes","status":"publish","type":"product","link":"https:\/\/www.weldmc.com\/fr\/product\/table-rotative-a-3-axes-2-tonnes\/","title":{"rendered":"Table tournante \u00e0 3 axes 2 tonnes"},"content":{"rendered":"<p>Tableau des param\u00e8tres du positionneur 3 axes 2 tonnes<\/p>\n<p><img decoding=\"async\" src=\"https:\/\/www.weldmc.com\/wp-content\/uploads\/2025\/05\/2-Tons-3-Axis-Positioner_2.png\" alt=\"2 Tonnes Positionneur 3 axes_2\" \/><\/p>\n<p>\u2705 Contr\u00f4le de l'attelage \u00e0 trois axes<\/p>\n<p>Synchroniser les actions de tourner (180), de pivoter (360 continu) et d'incliner (0-90).<\/p>\n<p>La pr\u00e9cision de positionnement est de \u00b10,05 mm et la pr\u00e9cision de positionnement r\u00e9p\u00e9t\u00e9 est de 0,02 mm.<\/p>\n<p>\u2705 Structure stable aux charges lourdes<\/p>\n<p>Base de coul\u00e9e int\u00e9grale, la charge dynamique peut atteindre 5 tonnes.<\/p>\n<p>Japon THK rail de guidage lin\u00e9aire+Allemagne SEW r\u00e9ducteur<\/p>\n<p>\u2705 Syst\u00e8me de s\u00e9curit\u00e9 intelligent<\/p>\n<p>Protection automatique contre les surcharges<\/p>\n<p>Temps de r\u00e9ponse du freinage d'urgence &lt; 0,1 seconde.<\/p>\n<p>Adaptation compl\u00e8te de la sc\u00e8ne<\/p>\n<p>Compatible avec les interfaces de manipulateurs courants tels que ABB\/KUKA.<\/p>\n<p>Prise en charge du double mode de contr\u00f4le PLC\/\u00e9cran tactile<\/p>\n<p><b><\/b><strong><b>1. palier d'orientation<\/b><\/strong><br \/>\n<img decoding=\"async\" src=\"https:\/\/www.weldmc.com\/wp-content\/uploads\/2025\/05\/Slewing-bearing.png\" alt=\"Palier d&#039;orientation\" \/><br \/>\nLa couronne d'orientation est l'\u00e9l\u00e9ment de base de la force de la machine, qui n\u00e9cessite une rotation relative entre les deux parties et supporte en m\u00eame temps la force axiale, la force radiale et le moment de renversement.Sa fonction de base est d'utiliser des boulons pour la fixer sur les supports sup\u00e9rieurs et inf\u00e9rieurs de l'\u00e9quipement m\u00e9canique afin de transmettre la force et l'entra\u00eenement de mani\u00e8re \u00e0 r\u00e9aliser la rotation relative entre les deux parties de l'\u00e9quipement m\u00e9canique.Le support rotatif comporte g\u00e9n\u00e9ralement des trous d'installation, des engrenages internes ou externes, des trous de lubrification et des dispositifs de scellement. Il se caract\u00e9rise par une structure compacte, un poids l\u00e9ger, une bonne structure en acier, un fonctionnement souple, une grande pr\u00e9cision, la s\u00e9curit\u00e9 et la fiabilit\u00e9.<br \/>\nLa couronne d'orientation est un \u00e9l\u00e9ment fondamental de l'\u00e9quipement m\u00e9canique et est largement utilis\u00e9e dans diverses industries de l'\u00e9conomie nationale. Il est largement utilis\u00e9 dans les machines de construction, les machines portuaires, les machines m\u00e9tallurgiques, les machines mini\u00e8res, les machines p\u00e9troli\u00e8res, les machines chimiques, les \u00e9quipements m\u00e9dicaux, les machines navales, les machines industrielles l\u00e9g\u00e8res, les machines de protection de l'environnement, les \u00e9quipements de divertissement et les machines de transport.<\/p>\n<p><strong><b>2.Engrenage<\/b><\/strong><br \/>\n<img decoding=\"async\" src=\"https:\/\/www.weldmc.com\/wp-content\/uploads\/2025\/05\/Gear_1.png\" alt=\"Gear_1\" \/><br \/>\nL'engrenage est une pi\u00e8ce m\u00e9canique semblable \u00e0 une roue qui transmet le couple par l'engagement des dents. Gr\u00e2ce \u00e0 la transmission avec d'autres pi\u00e8ces m\u00e9caniques dent\u00e9es (telles qu'un autre engrenage, une cr\u00e9maill\u00e8re Dao et une vis sans fin), l'engrenage peut modifier la vitesse et le couple, changer la direction du mouvement et modifier la forme du mouvement.<br \/>\n<img decoding=\"async\" src=\"https:\/\/www.weldmc.com\/wp-content\/uploads\/2025\/05\/Gear_2.png\" alt=\"Gear_2\" \/><br \/>\n<strong><b>3. r\u00e9ducteur<\/b><\/strong><\/p>\n<p>Le r\u00e9ducteur est une sorte de m\u00e9canisme de transmission de puissance qui utilise le convertisseur de vitesse de l'engrenage pour r\u00e9duire le nombre de rotations du moteur au nombre de rotations requis et obtenir une structure avec un couple important.<br \/>\nFonction du r\u00e9ducteur : r\u00e9duire la vitesse et augmenter le couple de sortie en m\u00eame temps. Le rapport de couple de sortie est multipli\u00e9 par le rapport de d\u00e9c\u00e9l\u00e9ration de sortie du moteur, mais il ne doit pas d\u00e9passer le couple nominal du r\u00e9ducteur.en m\u00eame temps, l'inertie du lo.ad est r\u00e9duite au carr\u00e9 du rapport de d\u00e9c\u00e9l\u00e9ration.<br \/>\n<strong><b>4.Moteur<\/b><\/strong><\/p>\n<p>&nbsp;<\/p>\n<p class=\"ds-markdown-paragraph\">L'entretien ad\u00e9quat de nos\u00a0<strong>Positionneur de soudage \u00e0 3 axes<\/strong>\u00a0garantit des performances optimales pour les\u00a0<strong>applications de soudage de pr\u00e9cision<\/strong>\u00a0en\u00a0<strong>cellules de soudage robotis\u00e9es<\/strong>\u00a0et\u00a0<strong>fabrication de petites pi\u00e8ces<\/strong>. Cette\u00a0<strong>table tournante de soudage<\/strong>\u00a0n\u00e9cessite une prise en charge \u00e0 trois niveaux pour maintenir son\u00a0<strong>Pr\u00e9cision de positionnement \u00b10,5<\/strong>\u00a0et\u00a0<strong>Capacit\u00e9 de charge de 2 tonnes<\/strong>.<\/p>\n<p class=\"ds-markdown-paragraph\"><strong>Proc\u00e9dures d'entretien de base<\/strong><\/p>\n<ol start=\"1\">\n<li>\n<p class=\"ds-markdown-paragraph\"><strong>Soins quotidiens<\/strong><\/p>\n<ul>\n<li>\n<p class=\"ds-markdown-paragraph\">Retirer\u00a0<strong>\u00e9claboussures de soudure<\/strong>\u00a0l'utilisation d'outils agr\u00e9\u00e9s<\/p>\n<\/li>\n<li>\n<p class=\"ds-markdown-paragraph\">V\u00e9rifier les niveaux de lubrification dans\u00a0<strong>m\u00e9canisme de basculement<\/strong>\u00a0et\u00a0<strong>axe rotatif<\/strong><\/p>\n<\/li>\n<li>\n<p class=\"ds-markdown-paragraph\">Contr\u00f4ler\u00a0<strong>raccordements \u00e9lectriques<\/strong>\u00a0et fonction d'arr\u00eat d'urgence<\/p>\n<\/li>\n<\/ul>\n<\/li>\n<li>\n<p class=\"ds-markdown-paragraph\"><strong>Service programm\u00e9<\/strong>\u00a0(Toutes les 500 heures de fonctionnement)<\/p>\n<ul>\n<li>\n<p class=\"ds-markdown-paragraph\">Serrer tous les\u00a0<strong>boulons de serrage<\/strong>\u00a0(couple \u00e0 45Nm)<\/p>\n<\/li>\n<li>\n<p class=\"ds-markdown-paragraph\">V\u00e9rifier\u00a0<strong>r\u00e9ducteur \u00e0 vis sans fin<\/strong>\u00a0alignement<\/p>\n<\/li>\n<li>\n<p class=\"ds-markdown-paragraph\">Test\u00a0<strong>verrouillages de s\u00e9curit\u00e9<\/strong>\u00a0et interrupteurs de fin de course<\/p>\n<\/li>\n<\/ul>\n<\/li>\n<li>\n<p class=\"ds-markdown-paragraph\"><strong>R\u00e9vision annuelle<\/strong><\/p>\n<ul>\n<li>\n<p class=\"ds-markdown-paragraph\">Remplacer\u00a0<strong>composants d'usure<\/strong>\u00a0(roulements, joints)<\/p>\n<\/li>\n<li>\n<p class=\"ds-markdown-paragraph\">Regraisser\u00a0<strong>engrenages de l'axe de basculement<\/strong>\u00a0avec Mobilith SHC 220<\/p>\n<\/li>\n<li>\n<p class=\"ds-markdown-paragraph\">Recalibrer\u00a0<strong>capteurs de positionnement<\/strong>\u00a0et\u00a0<strong>Syst\u00e8me de contr\u00f4le PLC<\/strong><\/p>\n<\/li>\n<\/ul>\n<\/li>\n<\/ol>\n<p class=\"ds-markdown-paragraph\"><strong>Indicateurs d'erreurs critiques<\/strong><br \/>\n\u2713\u00a0<strong>Bruits anormaux<\/strong>\u00a0de\u00a0<strong>moteur d'entra\u00eenement<\/strong>\u00a0ou\u00a0<strong>r\u00e9ducteur<\/strong><br \/>\n\u2713\u00a0<strong>Rotation irr\u00e9guli\u00e8re<\/strong>\u00a0en\u00a0<strong>axe horizontal<\/strong><br \/>\n\u2713\u00a0<strong>D\u00e9rive de position<\/strong>\u00a0d\u00e9passant \u00b11\u00b0<\/p>\n<p class=\"ds-markdown-paragraph\"><strong>Avantages de la maintenance<\/strong><\/p>\n<ul>\n<li>\n<p class=\"ds-markdown-paragraph\">Prolonge\u00a0<strong>dur\u00e9e de vie des \u00e9quipements<\/strong>\u00a0par 30%+<\/p>\n<\/li>\n<li>\n<p class=\"ds-markdown-paragraph\">R\u00e9duit\u00a0<strong>temps d'arr\u00eat non planifi\u00e9<\/strong>\u00a0par 50%<\/p>\n<\/li>\n<li>\n<p class=\"ds-markdown-paragraph\">Maintient\u00a0<strong>pr\u00e9cision du soudage<\/strong>\u00a0pour\u00a0<strong>production automatis\u00e9e<\/strong><\/p>\n<\/li>\n<\/ul>\n<p class=\"ds-markdown-paragraph\"><strong>Certification et soutien<\/strong><br \/>\nNotre\u00a0<strong>Positionneur 2 tonnes<\/strong>\u00a0porte\u00a0<strong>Certification CE\/ISO<\/strong>\u00a0et comprend<\/p>\n<ul>\n<li>\n<p class=\"ds-markdown-paragraph\"><strong>Garantie de 12 mois<\/strong>\u00a0sur\u00a0<strong>composantes essentielles<\/strong><\/p>\n<\/li>\n<li>\n<p class=\"ds-markdown-paragraph\"><strong>Formation technique gratuite<\/strong>\u00a0pour les op\u00e9rateurs<\/p>\n<\/li>\n<li>\n<p class=\"ds-markdown-paragraph\"><strong>Assistance 24\/7<\/strong>\u00a0pour\u00a0<strong>r\u00e9parations d'urgence<\/strong><\/p>\n<\/li>\n<\/ul>\n<p><img decoding=\"async\" src=\"https:\/\/www.weldmc.com\/wp-content\/uploads\/2025\/05\/Reducer.png\" alt=\"R\u00e9ducteur\" \/><img decoding=\"async\" src=\"https:\/\/www.weldmc.com\/wp-content\/uploads\/2025\/05\/Motor_1.png\" alt=\"Moteur_1\" \/> <img decoding=\"async\" src=\"https:\/\/www.weldmc.com\/wp-content\/uploads\/2025\/05\/Motor_2.png\" alt=\"Moteur_2\" \/><br \/>\nWuxi ABK Machinery Co.Ltd est un fabricant professionnel de rotateur de soudage en Chine. Nos rotateurs de soudage comprennent principalement le rotateur de soudage standard, le rotateur de soudage r\u00e9glable et le rotateur de soudage sp\u00e9cial. Nous pouvons \u00e9galement fournir \u00e0 nos clients du monde entier de nombreux autres produits, y compris la table tournante de soudage, la machine de soudage de pieux, la ligne de production de tours \u00e9oliennes, la ligne de soudage de poutre en H, l'\u00e9quipement de soudage de tuyaux, la machine de coupe CNC, la rectifieuse, la machine de formage de rouleaux, la machine de pliage de plaques, etc. Nous avons obtenu les certifications ISO et CE et nous proposons \u00e9galement des services OEM.<\/p>","protected":false},"excerpt":{"rendered":"<p><strong>Positionneur 3 axes WUXI ABK 2 tonnes<\/strong>\u00a0offre un positionnement de pr\u00e9cision pour les applications de soudage de petite et moyenne taille. Dot\u00e9 d'une rotation de 360\u00b0, d'une inclinaison de \u00b190\u00b0 et d'un mouvement axial de 180\u00b0, ce positionneur compact garantit des angles de soudure optimaux avec une r\u00e9p\u00e9tabilit\u00e9 de 0,5\u00b0. Id\u00e9al pour les cellules de soudage robotis\u00e9es et la fabrication de tuyaux, ses axes servo-motoris\u00e9s assurent des mouvements fluides pour les proc\u00e9d\u00e9s MIG\/TIG. Certifi\u00e9 CE avec protection IP54.<\/p>","protected":false},"featured_media":2014,"comment_status":"open","ping_status":"closed","template":"","meta":{"_acf_changed":false},"product_brand":[],"product_cat":[21,32,29],"product_tag":[],"class_list":{"0":"post-822","1":"product","2":"type-product","3":"status-publish","4":"has-post-thumbnail","6":"product_cat-welding-automation","7":"product_cat-3-axis-hydraulic-positioner","8":"product_cat-welding-positioner","10":"first","11":"instock","12":"shipping-taxable","13":"product-type-simple"},"acf":[],"_links":{"self":[{"href":"https:\/\/www.weldmc.com\/fr\/wp-json\/wp\/v2\/product\/822","targetHints":{"allow":["GET"]}}],"collection":[{"href":"https:\/\/www.weldmc.com\/fr\/wp-json\/wp\/v2\/product"}],"about":[{"href":"https:\/\/www.weldmc.com\/fr\/wp-json\/wp\/v2\/types\/product"}],"replies":[{"embeddable":true,"href":"https:\/\/www.weldmc.com\/fr\/wp-json\/wp\/v2\/comments?post=822"}],"wp:featuredmedia":[{"embeddable":true,"href":"https:\/\/www.weldmc.com\/fr\/wp-json\/wp\/v2\/media\/2014"}],"wp:attachment":[{"href":"https:\/\/www.weldmc.com\/fr\/wp-json\/wp\/v2\/media?parent=822"}],"wp:term":[{"taxonomy":"product_brand","embeddable":true,"href":"https:\/\/www.weldmc.com\/fr\/wp-json\/wp\/v2\/product_brand?post=822"},{"taxonomy":"product_cat","embeddable":true,"href":"https:\/\/www.weldmc.com\/fr\/wp-json\/wp\/v2\/product_cat?post=822"},{"taxonomy":"product_tag","embeddable":true,"href":"https:\/\/www.weldmc.com\/fr\/wp-json\/wp\/v2\/product_tag?post=822"}],"curies":[{"name":"wp","href":"https:\/\/api.w.org\/{rel}","templated":true}]}}