{"id":799,"date":"2025-05-24T19:50:00","date_gmt":"2025-05-24T11:50:00","guid":{"rendered":"http:\/\/111.170.148.214:8095\/?post_type=product&#038;p=799"},"modified":"2025-10-13T15:43:56","modified_gmt":"2025-10-13T07:43:56","slug":"rotateur-de-tuyaux-reglable-en-hauteur-5-tonnes","status":"publish","type":"product","link":"https:\/\/www.weldmc.com\/fr\/product\/rotateur-de-tuyaux-reglable-en-hauteur-5-tonnes\/","title":{"rendered":"Rotateur de tubes \u00e0 hauteur r\u00e9glable 5 tonnes"},"content":{"rendered":"<p><strong><b>Description du rotateur de soudage r\u00e9glable<\/b><\/strong><br \/>\n<strong><b>Liste des param\u00e8tres de l'HG conventionnel<\/b><\/strong><strong><b>K-5<\/b><\/strong><strong><b>\u00a0rotateur de soudage<\/b><\/strong><\/p>\n<table>\n<tbody>\n<tr>\n<td colspan=\"2\" width=\"200\">Mod\u00e8le<\/td>\n<td width=\"225\">HGK-5<\/td>\n<\/tr>\n<tr>\n<td colspan=\"2\" width=\"200\">Capacit\u00e9 de charge (tonnes)<\/td>\n<td width=\"225\">5<\/td>\n<\/tr>\n<tr>\n<td colspan=\"2\" width=\"200\">Diam\u00e8tre de la roue (mm)<\/td>\n<td width=\"225\">250<\/td>\n<\/tr>\n<tr>\n<td colspan=\"2\" width=\"200\">Largeur de la roue (mm)<\/td>\n<td width=\"225\">160<\/td>\n<\/tr>\n<tr>\n<td rowspan=\"2\" width=\"79\">Diam\u00e8tre du vaisseau<\/td>\n<td width=\"121\">MIN(mm)<\/td>\n<td width=\"225\">250<\/td>\n<\/tr>\n<tr>\n<td width=\"121\">MAX(mm)<\/td>\n<td width=\"225\">2800<\/td>\n<\/tr>\n<tr>\n<td colspan=\"2\" width=\"200\">Vitesse des roues (m\/h)<\/td>\n<td width=\"225\">6-60<\/td>\n<\/tr>\n<tr>\n<td colspan=\"2\" width=\"200\">Puissance du moteur (kw)<\/td>\n<td width=\"225\">2*0.37<\/td>\n<\/tr>\n<\/tbody>\n<\/table>\n<p><iframe title=\"Lecteur vid\u00e9o YouTube\" src=\"https:\/\/www.youtube.com\/embed\/3ySB5fQCjYQ?si=t_H1DNfoYxAysPvQ\" width=\"560\" height=\"315\" frameborder=\"0\" allowfullscreen=\"allowfullscreen\"><\/iframe><\/p>\n<p><strong><b>Liste des param\u00e8tres du rotateur de soudage conventionnel de la s\u00e9rie HGK<\/b><\/strong><strong><b><br \/>\n<\/b><\/strong><strong><b><img fetchpriority=\"high\" decoding=\"async\" class=\"alignnone size-full wp-image-821\" src=\"http:\/\/111.170.148.214:8095\/wp-content\/uploads\/2025\/05\/Parameter-list-of-conventional-HGK-series-welding-rotator.png\" alt=\"Liste des param\u00e8tres du rotateur de soudage conventionnel de la s\u00e9rie HGK\" width=\"1024\" height=\"170\" srcset=\"https:\/\/www.weldmc.com\/wp-content\/uploads\/2025\/05\/Parameter-list-of-conventional-HGK-series-welding-rotator.png 1024w, https:\/\/www.weldmc.com\/wp-content\/uploads\/2025\/05\/Parameter-list-of-conventional-HGK-series-welding-rotator-300x50.png 300w, https:\/\/www.weldmc.com\/wp-content\/uploads\/2025\/05\/Parameter-list-of-conventional-HGK-series-welding-rotator-768x128.png 768w, https:\/\/www.weldmc.com\/wp-content\/uploads\/2025\/05\/Parameter-list-of-conventional-HGK-series-welding-rotator-600x100.png 600w\" sizes=\"(max-width: 1024px) 100vw, 1024px\" \/><\/b><\/strong><\/p>\n<p class=\"ds-markdown-paragraph\"><strong>Construction lourde et ing\u00e9nierie de pr\u00e9cision<\/strong><br \/>\nLe rotateur de soudage WUXI ABK de 5 tonnes est dot\u00e9 d'un ch\u00e2ssis robuste en acier caissonn\u00e9 qui assure une r\u00e9partition optimale de la charge pour les applications de soudage industriel. Notre syst\u00e8me de rails coulissants de pr\u00e9cision offre une pr\u00e9cision de positionnement de \u00b10,1 mm, ce qui le rend id\u00e9al pour la fabrication d'appareils \u00e0 pression et le soudage de charpentes m\u00e9talliques. Le m\u00e9canisme de verrouillage rapide assure une fixation stable pendant le fonctionnement, tandis que la conception robuste permet une utilisation continue dans des environnements de fabrication exigeants.<\/p>\n<p class=\"ds-markdown-paragraph\"><strong>Syst\u00e8me de rouleaux haute performance<\/strong><\/p>\n<ul>\n<li>\n<p class=\"ds-markdown-paragraph\">Fabriqu\u00e9 en acier moul\u00e9 ZG45 de premi\u00e8re qualit\u00e9 (duret\u00e9 HRC 55-60)<\/p>\n<\/li>\n<li>\n<p class=\"ds-markdown-paragraph\">Capacit\u00e9 de charge dynamique de 30 tonnes pour la manipulation de pi\u00e8ces lourdes<\/p>\n<\/li>\n<li>\n<p class=\"ds-markdown-paragraph\">R\u00e9sistance sup\u00e9rieure \u00e0 l'usure pour une dur\u00e9e de vie prolong\u00e9e dans les applications de soudage de pipelines<\/p>\n<\/li>\n<li>\n<p class=\"ds-markdown-paragraph\">Sp\u00e9cialement con\u00e7u pour la fabrication de tours d'\u00e9oliennes et de composants de construction navale<\/p>\n<\/li>\n<\/ul>\n<p class=\"ds-markdown-paragraph\"><strong>Syst\u00e8mes avanc\u00e9s d'entra\u00eenement et de contr\u00f4le<\/strong><br \/>\nLe syst\u00e8me d'entra\u00eenement \u00e0 double moteur comprend :<br \/>\n\u2713 2\u00d77,5kW moteurs avec r\u00e9ducteurs de pr\u00e9cision<br \/>\n\u2713 Contr\u00f4le de la vitesse du convertisseur de fr\u00e9quence (r\u00e9glable de 0,5 \u00e0 5 tours\/minute)<br \/>\n\u2713 \u00b12% pr\u00e9cision de synchronisation du couple<br \/>\n\u2713 Composants de commande PLC Siemens\/ABB<br \/>\n\u2713 Indice de protection IP65 pour les environnements industriels difficiles<\/p>\n<p class=\"ds-markdown-paragraph\"><strong>Mesure de pr\u00e9cision et technologie anti-fluage<\/strong><br \/>\nNotre positionneur de soudure int\u00e8gre les capteurs de d\u00e9placement allemands NOVO avec :<\/p>\n<ul>\n<li>\n<p class=\"ds-markdown-paragraph\">R\u00e9solution de 0,01 mm pour un positionnement pr\u00e9cis<\/p>\n<\/li>\n<li>\n<p class=\"ds-markdown-paragraph\">Lin\u00e9arit\u00e9 \u00b10,05% pour des performances constantes<\/p>\n<\/li>\n<li>\n<p class=\"ds-markdown-paragraph\">R\u00e9glage hydraulique de l'\u00e9l\u00e9vation (plage de \u00b150 mm)<\/p>\n<\/li>\n<li>\n<p class=\"ds-markdown-paragraph\">Syst\u00e8me d'alignement automatique de la ligne m\u00e9diane<\/p>\n<\/li>\n<li>\n<p class=\"ds-markdown-paragraph\">Pr\u00e9cision de la pr\u00e9vention du fluage &lt;0,5mm<\/p>\n<\/li>\n<\/ul>\n<p class=\"ds-markdown-paragraph\"><strong>Applications cl\u00e9s :<\/strong><br \/>\n- Fabrication d'appareils \u00e0 pression<br \/>\n- Soudage de la ceinture d'un pipeline<br \/>\n- Fabrication de m\u00e2ts d'\u00e9olienne<br \/>\n- Composants de construction navale<br \/>\n- Soudage de l'acier de construction<br \/>\n- Fabrication d'\u00e9quipements lourds<\/p>\n<p class=\"ds-markdown-paragraph\"><strong>Avantages techniques :<\/strong><\/p>\n<ul>\n<li>\n<p class=\"ds-markdown-paragraph\">40% : pr\u00e9cision de positionnement sup\u00e9rieure \u00e0 celle des mod\u00e8les standard<\/p>\n<\/li>\n<li>\n<p class=\"ds-markdown-paragraph\">35% : dur\u00e9e de vie plus longue des composants<\/p>\n<\/li>\n<li>\n<p class=\"ds-markdown-paragraph\">50% : une mise en place et un r\u00e9glage plus rapides<\/p>\n<\/li>\n<li>\n<p class=\"ds-markdown-paragraph\">Conformit\u00e9 totale avec les normes ASME et ISO<\/p>\n<\/li>\n<\/ul>\n<p><img decoding=\"async\" class=\"alignnone size-full wp-image-814\" src=\"http:\/\/111.170.148.214:8095\/wp-content\/uploads\/2025\/05\/Adjustable-Welding-Rotator-HGK-5-Maintenance-of-Welding-Rotator.png\" alt=\"\" width=\"328\" height=\"248\" srcset=\"https:\/\/www.weldmc.com\/wp-content\/uploads\/2025\/05\/Adjustable-Welding-Rotator-HGK-5-Maintenance-of-Welding-Rotator.png 328w, https:\/\/www.weldmc.com\/wp-content\/uploads\/2025\/05\/Adjustable-Welding-Rotator-HGK-5-Maintenance-of-Welding-Rotator-300x227.png 300w\" sizes=\"(max-width: 328px) 100vw, 328px\" \/> <img decoding=\"async\" class=\"alignnone size-full wp-image-813\" src=\"http:\/\/111.170.148.214:8095\/wp-content\/uploads\/2025\/05\/Adjustable-Welding-Rotator-HGK-5-Maintenance-of-Welding-Rotator-3.png\" alt=\"\" width=\"374\" height=\"280\" srcset=\"https:\/\/www.weldmc.com\/wp-content\/uploads\/2025\/05\/Adjustable-Welding-Rotator-HGK-5-Maintenance-of-Welding-Rotator-3.png 374w, https:\/\/www.weldmc.com\/wp-content\/uploads\/2025\/05\/Adjustable-Welding-Rotator-HGK-5-Maintenance-of-Welding-Rotator-3-300x225.png 300w\" sizes=\"(max-width: 374px) 100vw, 374px\" \/><\/p>\n<p><img loading=\"lazy\" decoding=\"async\" class=\"alignnone size-full wp-image-812\" src=\"http:\/\/111.170.148.214:8095\/wp-content\/uploads\/2025\/05\/Adjustable-Welding-Rotator-HGK-5-Maintenance-of-Welding-Rotator-2.png\" alt=\"\" width=\"368\" height=\"276\" srcset=\"https:\/\/www.weldmc.com\/wp-content\/uploads\/2025\/05\/Adjustable-Welding-Rotator-HGK-5-Maintenance-of-Welding-Rotator-2.png 368w, https:\/\/www.weldmc.com\/wp-content\/uploads\/2025\/05\/Adjustable-Welding-Rotator-HGK-5-Maintenance-of-Welding-Rotator-2-300x225.png 300w\" sizes=\"(max-width: 368px) 100vw, 368px\" \/><\/p>\n<p><strong><b>Entretien du rotateur de soudage<\/b><\/strong><\/p>\n<p>1. Ce rotateur de soudage doit \u00eatre nettoy\u00e9 avant d'\u00eatre utilis\u00e9. Pour \u00e9viter le vieillissement, les rouleaux en caoutchouc doivent rester \u00e0 l'\u00e9cart des huiles et des temp\u00e9ratures \u00e9lev\u00e9es. Dans la mesure du possible, une personne sp\u00e9cifique doit \u00eatre charg\u00e9e de l'utilisation et de l'entretien de cet appareil.<br \/>\n2. Avant le d\u00e9marrage, le r\u00e9ducteur de vitesse doit \u00eatre rempli d'huile moteur 30#, ce qui est \u00e9galement n\u00e9cessaire lorsque la temp\u00e9rature ambiante est inf\u00e9rieure \u00e0 0\u00baC.<br \/>\n3. L'huile \u00e0 l'int\u00e9rieur du r\u00e9ducteur de vitesse doit \u00eatre compl\u00e8tement remplac\u00e9e apr\u00e8s le premier mois d'utilisation, et par la suite, l'huile du moteur peut \u00eatre chang\u00e9e tous les six mois.<br \/>\n4. Le banc \u00e0 rouleaux ne peut pas \u00eatre utilis\u00e9 comme terrain de soudage afin d'\u00e9viter d'endommager les roulements.<\/p>\n<p><img loading=\"lazy\" decoding=\"async\" class=\"alignnone size-full wp-image-811\" src=\"http:\/\/111.170.148.214:8095\/wp-content\/uploads\/2025\/05\/Adjustable-Welding-Rotator-HGK-5-Features-of-Welding-Rotator.png\" alt=\"Rotateur de soudage r\u00e9glable HGK-5 Caract\u00e9ristiques du rotateur de soudage\" width=\"1080\" height=\"810\" srcset=\"https:\/\/www.weldmc.com\/wp-content\/uploads\/2025\/05\/Adjustable-Welding-Rotator-HGK-5-Features-of-Welding-Rotator.png 1080w, https:\/\/www.weldmc.com\/wp-content\/uploads\/2025\/05\/Adjustable-Welding-Rotator-HGK-5-Features-of-Welding-Rotator-300x225.png 300w, https:\/\/www.weldmc.com\/wp-content\/uploads\/2025\/05\/Adjustable-Welding-Rotator-HGK-5-Features-of-Welding-Rotator-1024x768.png 1024w, https:\/\/www.weldmc.com\/wp-content\/uploads\/2025\/05\/Adjustable-Welding-Rotator-HGK-5-Features-of-Welding-Rotator-768x576.png 768w, https:\/\/www.weldmc.com\/wp-content\/uploads\/2025\/05\/Adjustable-Welding-Rotator-HGK-5-Features-of-Welding-Rotator-600x450.png 600w\" sizes=\"(max-width: 1080px) 100vw, 1080px\" \/><\/p>\n<p><strong>Caract\u00e9ristiques du rotateur de soudage<\/strong><\/p>\n<ol>\n<li>La distance entre les rouleaux s'ajuste automatiquement pour s'adapter aux diff\u00e9rents diam\u00e8tres des barils.<br \/>\nLa vitesse est r\u00e9glable gr\u00e2ce \u00e0 un syst\u00e8me de contr\u00f4le de la fr\u00e9quence, ce qui am\u00e9liore la fiabilit\u00e9 op\u00e9rationnelle.<br \/>\n3. la facilit\u00e9 d'utilisation est assur\u00e9e par un bo\u00eetier de commande manuel.<br \/>\n4. disponible dans de multiples configurations, y compris des types mobiles et des types de levage.<br \/>\n5. un lit \u00e0 rouleaux sp\u00e9cialement con\u00e7u offre un confort accru pendant le soudage.<br \/>\n6. les rouleaux peuvent \u00eatre fabriqu\u00e9s \u00e0 partir de divers mat\u00e9riaux, tels que le caoutchouc noir, le polyur\u00e9thane et l'acier.<\/li>\n<\/ol>\n<p><img loading=\"lazy\" decoding=\"async\" class=\"alignnone size-full wp-image-832\" src=\"http:\/\/111.170.148.214:8095\/wp-content\/uploads\/2025\/05\/\u56fe\u72473-scaled.jpg\" alt=\"Rotateur de soudage r\u00e9glable HGK\" width=\"2560\" height=\"1920\" srcset=\"https:\/\/www.weldmc.com\/wp-content\/uploads\/2025\/05\/\u56fe\u72473-scaled.jpg 2560w, https:\/\/www.weldmc.com\/wp-content\/uploads\/2025\/05\/\u56fe\u72473-300x225.jpg 300w, https:\/\/www.weldmc.com\/wp-content\/uploads\/2025\/05\/\u56fe\u72473-1024x768.jpg 1024w, https:\/\/www.weldmc.com\/wp-content\/uploads\/2025\/05\/\u56fe\u72473-768x576.jpg 768w, https:\/\/www.weldmc.com\/wp-content\/uploads\/2025\/05\/\u56fe\u72473-1536x1152.jpg 1536w, https:\/\/www.weldmc.com\/wp-content\/uploads\/2025\/05\/\u56fe\u72473-2048x1536.jpg 2048w, https:\/\/www.weldmc.com\/wp-content\/uploads\/2025\/05\/\u56fe\u72473-600x450.jpg 600w\" sizes=\"(max-width: 2560px) 100vw, 2560px\" \/><\/p>\n<p><strong><b>D\u00e9tails du produit<\/b><\/strong><\/p>\n<table>\n<tbody>\n<tr>\n<td>- Une conception fiable<\/td>\n<td>- Une qualit\u00e9 fiable<\/td>\n<\/tr>\n<tr>\n<td>- Des pi\u00e8ces r\u00e9put\u00e9es<\/td>\n<td>- Contr\u00f4le de l'onduleur<\/td>\n<\/tr>\n<tr>\n<td>- Syst\u00e8me d'entra\u00eenement direct<\/td>\n<td>- Option de d\u00e9placement motoris\u00e9<\/td>\n<\/tr>\n<tr>\n<td>- Conception sur mesure<\/td>\n<td>- OEM<\/td>\n<\/tr>\n<\/tbody>\n<\/table>\n<p><strong><b>Introduction de la roue<\/b><\/strong><\/p>\n<p>Les roues en polyur\u00e9thane offrent une r\u00e9sistance exceptionnelle \u00e0 l'abrasion, un traitement polyvalent, une large applicabilit\u00e9 et une r\u00e9sistance sup\u00e9rieure \u00e0 l'huile, \u00e0 l'ozone, au vieillissement, aux radiations et aux basses temp\u00e9ratures. Elles offrent \u00e9galement une forte adh\u00e9rence, une excellente transmission du son, une biocompatibilit\u00e9 et une compatibilit\u00e9 avec le sang.<\/p>\n<p><strong><b> <img loading=\"lazy\" decoding=\"async\" class=\"alignnone size-full wp-image-815\" src=\"http:\/\/111.170.148.214:8095\/wp-content\/uploads\/2025\/05\/Adjustable-Welding-Rotator-HGK-5-Wheel-introduction-1.png\" alt=\"Rotateur de soudage r\u00e9glable HGK\" width=\"358\" height=\"448\" srcset=\"https:\/\/www.weldmc.com\/wp-content\/uploads\/2025\/05\/Adjustable-Welding-Rotator-HGK-5-Wheel-introduction-1.png 358w, https:\/\/www.weldmc.com\/wp-content\/uploads\/2025\/05\/Adjustable-Welding-Rotator-HGK-5-Wheel-introduction-1-240x300.png 240w\" sizes=\"(max-width: 358px) 100vw, 358px\" \/> <img loading=\"lazy\" decoding=\"async\" class=\"alignnone size-full wp-image-817\" src=\"http:\/\/111.170.148.214:8095\/wp-content\/uploads\/2025\/05\/Adjustable-Welding-Rotator-HGK-5-Wheel-introduction.png\" alt=\"Rotateur de soudage r\u00e9glable HGK\" width=\"308\" height=\"386\" srcset=\"https:\/\/www.weldmc.com\/wp-content\/uploads\/2025\/05\/Adjustable-Welding-Rotator-HGK-5-Wheel-introduction.png 308w, https:\/\/www.weldmc.com\/wp-content\/uploads\/2025\/05\/Adjustable-Welding-Rotator-HGK-5-Wheel-introduction-239x300.png 239w\" sizes=\"(max-width: 308px) 100vw, 308px\" \/> <img loading=\"lazy\" decoding=\"async\" class=\"alignnone size-full wp-image-816\" src=\"http:\/\/111.170.148.214:8095\/wp-content\/uploads\/2025\/05\/Adjustable-Welding-Rotator-HGK-5-Wheel-introduction-3.png\" alt=\"Rotateur de soudage r\u00e9glable HGK\" width=\"2276\" height=\"1280\" srcset=\"https:\/\/www.weldmc.com\/wp-content\/uploads\/2025\/05\/Adjustable-Welding-Rotator-HGK-5-Wheel-introduction-3.png 2276w, https:\/\/www.weldmc.com\/wp-content\/uploads\/2025\/05\/Adjustable-Welding-Rotator-HGK-5-Wheel-introduction-3-300x169.png 300w, https:\/\/www.weldmc.com\/wp-content\/uploads\/2025\/05\/Adjustable-Welding-Rotator-HGK-5-Wheel-introduction-3-1024x576.png 1024w, https:\/\/www.weldmc.com\/wp-content\/uploads\/2025\/05\/Adjustable-Welding-Rotator-HGK-5-Wheel-introduction-3-768x432.png 768w, https:\/\/www.weldmc.com\/wp-content\/uploads\/2025\/05\/Adjustable-Welding-Rotator-HGK-5-Wheel-introduction-3-1536x864.png 1536w, https:\/\/www.weldmc.com\/wp-content\/uploads\/2025\/05\/Adjustable-Welding-Rotator-HGK-5-Wheel-introduction-3-2048x1152.png 2048w, https:\/\/www.weldmc.com\/wp-content\/uploads\/2025\/05\/Adjustable-Welding-Rotator-HGK-5-Wheel-introduction-3-600x337.png 600w\" sizes=\"(max-width: 2276px) 100vw, 2276px\" \/><\/b><\/strong><\/p>\n<p><strong><b>Pr\u00e9sentation du moteur<\/b><\/strong><strong><b><br \/>\n<\/b><\/strong><strong><b><img loading=\"lazy\" decoding=\"async\" class=\"alignnone size-full wp-image-820\" src=\"http:\/\/111.170.148.214:8095\/wp-content\/uploads\/2025\/05\/Motor-introduction.png\" alt=\"Pr\u00e9sentation du moteur\" width=\"695\" height=\"521\" srcset=\"https:\/\/www.weldmc.com\/wp-content\/uploads\/2025\/05\/Motor-introduction.png 695w, https:\/\/www.weldmc.com\/wp-content\/uploads\/2025\/05\/Motor-introduction-300x225.png 300w, https:\/\/www.weldmc.com\/wp-content\/uploads\/2025\/05\/Motor-introduction-600x450.png 600w\" sizes=\"(max-width: 695px) 100vw, 695px\" \/><\/b><\/strong><\/p>\n<p><img loading=\"lazy\" decoding=\"async\" class=\"alignnone size-full wp-image-818\" src=\"http:\/\/111.170.148.214:8095\/wp-content\/uploads\/2025\/05\/Adjustable-Welding-Rotator-HGK-5.png\" alt=\"\" width=\"1022\" height=\"397\" srcset=\"https:\/\/www.weldmc.com\/wp-content\/uploads\/2025\/05\/Adjustable-Welding-Rotator-HGK-5.png 1022w, https:\/\/www.weldmc.com\/wp-content\/uploads\/2025\/05\/Adjustable-Welding-Rotator-HGK-5-300x117.png 300w, https:\/\/www.weldmc.com\/wp-content\/uploads\/2025\/05\/Adjustable-Welding-Rotator-HGK-5-768x298.png 768w, https:\/\/www.weldmc.com\/wp-content\/uploads\/2025\/05\/Adjustable-Welding-Rotator-HGK-5-600x233.png 600w\" sizes=\"(max-width: 1022px) 100vw, 1022px\" \/><\/p>\n<p class=\"ds-markdown-paragraph\"><strong>Aper\u00e7u du produit<\/strong><br \/>\nLe rotateur de soudage WUXI ABK de 5 tonnes est une solution de pr\u00e9cision pour la rotation des pi\u00e8ces cylindriques dans les applications de soudage industriel. Con\u00e7u pour le soudage de tuyaux, la fabrication d'appareils \u00e0 pression et l'assemblage de structures m\u00e9talliques, ce rotateur r\u00e9glable est dot\u00e9 d'un syst\u00e8me de rouleaux \u00e0 alignement automatique d'une pr\u00e9cision de \u00b10,5\u00b0. Sa conception compacte permet d'accueillir des diam\u00e8tres de 200 mm \u00e0 2000 mm, ce qui le rend id\u00e9al pour les projets de fabrication de petite et moyenne taille.<\/p>\n<p class=\"ds-markdown-paragraph\"><strong>Lignes directrices pour l'entretien<\/strong><\/p>\n<ol start=\"1\">\n<li>\n<p class=\"ds-markdown-paragraph\"><strong>Pr\u00e9paration avant utilisation<\/strong><\/p>\n<ul>\n<li>\n<p class=\"ds-markdown-paragraph\">Nettoyer soigneusement le rotateur de soudage, en accordant une attention particuli\u00e8re aux rouleaux en caoutchouc qui doivent \u00eatre prot\u00e9g\u00e9s du contact avec l'huile et des temp\u00e9ratures sup\u00e9rieures \u00e0 60\u00b0C afin d'\u00e9viter un vieillissement pr\u00e9matur\u00e9.<\/p>\n<\/li>\n<li>\n<p class=\"ds-markdown-paragraph\">Affecter du personnel qualifi\u00e9 \u00e0 l'exploitation et \u00e0 la maintenance afin de garantir des performances optimales.<\/p>\n<\/li>\n<\/ul>\n<\/li>\n<li>\n<p class=\"ds-markdown-paragraph\"><strong>Exigences en mati\u00e8re de lubrification<\/strong><\/p>\n<ul>\n<li>\n<p class=\"ds-markdown-paragraph\">Remplir le r\u00e9ducteur de vitesse avec de l'huile moteur 30# (\u00e9quivalent ISO VG 150) avant la premi\u00e8re mise en service.<\/p>\n<\/li>\n<li>\n<p class=\"ds-markdown-paragraph\">Dans des conditions inf\u00e9rieures \u00e0 z\u00e9ro (&lt;0\u00b0C), utilisez de l&#039;huile synth\u00e9tique de qualit\u00e9 hivernale (par exemple, Mobil SHC 634).<\/p>\n<\/li>\n<li>\n<p class=\"ds-markdown-paragraph\">Remplacer l'huile apr\u00e8s les 30 premiers jours de fonctionnement, puis toutes les 500 heures de fonctionnement ou tous les 6 mois.<\/p>\n<\/li>\n<\/ul>\n<\/li>\n<li>\n<p class=\"ds-markdown-paragraph\"><strong>R\u00e8gles op\u00e9rationnelles essentielles<\/strong><\/p>\n<ul>\n<li>\n<p class=\"ds-markdown-paragraph\">N'utilisez jamais le banc \u00e0 rouleaux comme masse de soudage - utilisez toujours des pinces de mise \u00e0 la terre s\u00e9par\u00e9es pour prot\u00e9ger les roulements de pr\u00e9cision.<\/p>\n<\/li>\n<li>\n<p class=\"ds-markdown-paragraph\">Les inspections mensuelles doivent v\u00e9rifier l'alignement des rouleaux (tol\u00e9rance de \u00b10,2 mm) et l'\u00e9tat des roulements.<\/p>\n<\/li>\n<\/ul>\n<\/li>\n<\/ol>\n<p class=\"ds-markdown-paragraph\"><strong>Pourquoi choisir WUXI ABK ?<\/strong><br \/>\nAvec plus de 20 ans d'expertise dans la fabrication de positionneurs de soudage, nous sommes \u00e0 la hauteur :<\/p>\n<ul>\n<li>\n<p class=\"ds-markdown-paragraph\"><strong>Capacit\u00e9 de 5 \u00e0 400 tonnes<\/strong>\u00a0pour des besoins industriels divers<\/p>\n<\/li>\n<li>\n<p class=\"ds-markdown-paragraph\"><strong>Certifi\u00e9 CE et ISO 9001<\/strong>\u00a0l'assurance qualit\u00e9<\/p>\n<\/li>\n<li>\n<p class=\"ds-markdown-paragraph\"><strong>Garantie de 1 an<\/strong>\u00a0avec remplacement gratuit des pi\u00e8ces d'usure<\/p>\n<\/li>\n<li>\n<p class=\"ds-markdown-paragraph\"><strong>Support technique d\u00e9di\u00e9<\/strong>\u00a0pour les projets de tours d'\u00e9oliennes, d'appareils \u00e0 pression et de pipelines<\/p>\n<\/li>\n<\/ul>\n<p class=\"ds-markdown-paragraph\"><strong>Sp\u00e9cifications techniques<\/strong><\/p>\n<ul>\n<li>\n<p class=\"ds-markdown-paragraph\">Capacit\u00e9 de charge : 5 tonnes<\/p>\n<\/li>\n<li>\n<p class=\"ds-markdown-paragraph\">Plage de r\u00e9glage des rouleaux : 200-2000 mm de diam\u00e8tre<\/p>\n<\/li>\n<li>\n<p class=\"ds-markdown-paragraph\">Vitesse : 0,5-3 RPM (contr\u00f4le progressif)<\/p>\n<\/li>\n<li>\n<p class=\"ds-markdown-paragraph\">Puissance : moteur AC de 1,5 kW<\/p>\n<\/li>\n<li>\n<p class=\"ds-markdown-paragraph\">Protection : IP54<\/p>\n<\/li>\n<\/ul>\n<p><img loading=\"lazy\" decoding=\"async\" class=\"alignnone size-full wp-image-819\" src=\"http:\/\/111.170.148.214:8095\/wp-content\/uploads\/2025\/05\/Adjustable-Welding-Rotator-HGK.png\" alt=\"\" width=\"1500\" height=\"1500\" srcset=\"https:\/\/www.weldmc.com\/wp-content\/uploads\/2025\/05\/Adjustable-Welding-Rotator-HGK.png 1500w, https:\/\/www.weldmc.com\/wp-content\/uploads\/2025\/05\/Adjustable-Welding-Rotator-HGK-300x300.png 300w, https:\/\/www.weldmc.com\/wp-content\/uploads\/2025\/05\/Adjustable-Welding-Rotator-HGK-1024x1024.png 1024w, https:\/\/www.weldmc.com\/wp-content\/uploads\/2025\/05\/Adjustable-Welding-Rotator-HGK-150x150.png 150w, https:\/\/www.weldmc.com\/wp-content\/uploads\/2025\/05\/Adjustable-Welding-Rotator-HGK-768x768.png 768w, https:\/\/www.weldmc.com\/wp-content\/uploads\/2025\/05\/Adjustable-Welding-Rotator-HGK-500x500.png 500w, https:\/\/www.weldmc.com\/wp-content\/uploads\/2025\/05\/Adjustable-Welding-Rotator-HGK-600x600.png 600w, https:\/\/www.weldmc.com\/wp-content\/uploads\/2025\/05\/Adjustable-Welding-Rotator-HGK-100x100.png 100w\" sizes=\"(max-width: 1500px) 100vw, 1500px\" \/><\/p>\n<p>Wuxi ABK Machinery Co.Ltd est un fabricant professionnel de rotateur de soudage en Chine. Nos rotateurs de soudage comprennent principalement le rotateur de soudage standard, le rotateur de soudage r\u00e9glable et le rotateur de soudage sp\u00e9cial. Nous pouvons \u00e9galement fournir \u00e0 nos clients du monde entier de nombreux autres produits, y compris la table tournante de soudage, la machine de soudage de pieux, la ligne de production de tours \u00e9oliennes, la ligne de soudage de poutre en H, l'\u00e9quipement de soudage de tuyaux, la machine de coupe CNC, la rectifieuse, la machine de formage de rouleaux, la machine de pliage de plaques, etc. Nous avons obtenu les certifications ISO et CE et nous proposons \u00e9galement des services OEM.<\/p>\n<p>&nbsp;<\/p>","protected":false},"excerpt":{"rendered":"<p><strong>Rotateur de soudage r\u00e9glable WUXI ABK 5 tonnes<\/strong>\u00a0assure une rotation pr\u00e9cise pour le soudage de tuyaux et la fabrication de petits r\u00e9cipients sous pression. Dot\u00e9 de rouleaux \u00e0 alignement automatique (plage de diam\u00e8tre de 200 \u00e0 2000 mm) et d'une commande de vitesse progressive de 0,5 \u00e0 3 tr\/min, ce positionneur certifi\u00e9 CE garantit des performances stables. Avec un moteur de 1,5 kW et une protection IP54, il est id\u00e9al pour les applications en atelier. Il b\u00e9n\u00e9ficie d'une garantie d'un an et d'une assistance technique.<\/p>","protected":false},"featured_media":836,"comment_status":"open","ping_status":"closed","template":"","meta":{"_acf_changed":false},"product_brand":[],"product_cat":[21,39,30],"product_tag":[],"class_list":{"0":"post-799","1":"product","2":"type-product","3":"status-publish","4":"has-post-thumbnail","6":"product_cat-welding-automation","7":"product_cat-adjustable-welding-rotator","8":"product_cat-welding-rotator","10":"first","11":"instock","12":"shipping-taxable","13":"product-type-simple"},"acf":[],"_links":{"self":[{"href":"https:\/\/www.weldmc.com\/fr\/wp-json\/wp\/v2\/product\/799","targetHints":{"allow":["GET"]}}],"collection":[{"href":"https:\/\/www.weldmc.com\/fr\/wp-json\/wp\/v2\/product"}],"about":[{"href":"https:\/\/www.weldmc.com\/fr\/wp-json\/wp\/v2\/types\/product"}],"replies":[{"embeddable":true,"href":"https:\/\/www.weldmc.com\/fr\/wp-json\/wp\/v2\/comments?post=799"}],"wp:featuredmedia":[{"embeddable":true,"href":"https:\/\/www.weldmc.com\/fr\/wp-json\/wp\/v2\/media\/836"}],"wp:attachment":[{"href":"https:\/\/www.weldmc.com\/fr\/wp-json\/wp\/v2\/media?parent=799"}],"wp:term":[{"taxonomy":"product_brand","embeddable":true,"href":"https:\/\/www.weldmc.com\/fr\/wp-json\/wp\/v2\/product_brand?post=799"},{"taxonomy":"product_cat","embeddable":true,"href":"https:\/\/www.weldmc.com\/fr\/wp-json\/wp\/v2\/product_cat?post=799"},{"taxonomy":"product_tag","embeddable":true,"href":"https:\/\/www.weldmc.com\/fr\/wp-json\/wp\/v2\/product_tag?post=799"}],"curies":[{"name":"wp","href":"https:\/\/api.w.org\/{rel}","templated":true}]}}