{"id":784,"date":"2025-05-24T18:48:52","date_gmt":"2025-05-24T10:48:52","guid":{"rendered":"http:\/\/111.170.148.214:8095\/?post_type=product&#038;p=784"},"modified":"2025-07-31T10:42:49","modified_gmt":"2025-07-31T02:42:49","slug":"ligne-de-soudage-pour-mats-deolienne","status":"publish","type":"product","link":"https:\/\/www.weldmc.com\/fr\/product\/ligne-de-soudage-pour-mats-deolienne\/","title":{"rendered":"Ligne de soudage pour tours d'\u00e9oliennes"},"content":{"rendered":"<p><strong><b>Caract\u00e9ristiques principales<\/b><\/strong><\/p>\n<ul>\n<li><b><\/b><strong><b>Poste de travail efficace en porte-\u00e0-faux<\/b><\/strong><\/li>\n<li>Structure modulaire en porte-\u00e0-faux, permettant la combinaison de plusieurs stations<\/li>\n<li>Il est possible de r\u00e9aliser un soudage continu multicouche et multi-passe, et l'efficacit\u00e9 est am\u00e9lior\u00e9e de plus de 50%.<\/li>\n<\/ul>\n<p><img fetchpriority=\"high\" decoding=\"async\" class=\"alignnone size-full wp-image-792\" src=\"http:\/\/111.170.148.214:8095\/wp-content\/uploads\/2025\/05\/Wind-Tower-Welding-Line-Core-characteristics-scaled.jpg\" alt=\"Ligne de soudage pour \u00e9oliennes Caract\u00e9ristiques principales\" width=\"2560\" height=\"1920\" srcset=\"https:\/\/www.weldmc.com\/wp-content\/uploads\/2025\/05\/Wind-Tower-Welding-Line-Core-characteristics-scaled.jpg 2560w, https:\/\/www.weldmc.com\/wp-content\/uploads\/2025\/05\/Wind-Tower-Welding-Line-Core-characteristics-300x225.jpg 300w, https:\/\/www.weldmc.com\/wp-content\/uploads\/2025\/05\/Wind-Tower-Welding-Line-Core-characteristics-1024x768.jpg 1024w, https:\/\/www.weldmc.com\/wp-content\/uploads\/2025\/05\/Wind-Tower-Welding-Line-Core-characteristics-768x576.jpg 768w, https:\/\/www.weldmc.com\/wp-content\/uploads\/2025\/05\/Wind-Tower-Welding-Line-Core-characteristics-1536x1152.jpg 1536w, https:\/\/www.weldmc.com\/wp-content\/uploads\/2025\/05\/Wind-Tower-Welding-Line-Core-characteristics-2048x1536.jpg 2048w, https:\/\/www.weldmc.com\/wp-content\/uploads\/2025\/05\/Wind-Tower-Welding-Line-Core-characteristics-600x450.jpg 600w\" sizes=\"(max-width: 2560px) 100vw, 2560px\" \/><\/p>\n<ul>\n<li><b><\/b><strong><b>Syst\u00e8me int\u00e9gr\u00e9 \u00e0 l'ensemble du processus<\/b><\/strong><\/li>\n<li>Comprend une cintreuse de plaques, une machine de d\u00e9coupe \u00e0 commande num\u00e9rique, un \u00e9quipement de soudage, une unit\u00e9 de d\u00e9placement de soudage et un rouleau rotatif de sablage et de peinture.<\/li>\n<li>Toutes les unit\u00e9s coop\u00e8rent pour r\u00e9aliser le traitement complet de la tour, de la plaque au produit fini.<\/li>\n<\/ul>\n<p><img decoding=\"async\" class=\"alignnone size-full wp-image-793\" src=\"http:\/\/111.170.148.214:8095\/wp-content\/uploads\/2025\/05\/Wind-Tower-Welding-Line-Full-process-integrated-system.jpg\" alt=\"Ligne de soudage de tours d&#039;\u00e9oliennes Syst\u00e8me int\u00e9gr\u00e9 \u00e0 processus complet\" width=\"1024\" height=\"908\" \/><\/p>\n<ul>\n<li><b><\/b><strong><b>E<\/b><\/strong><b><\/b><strong><b>Contr\u00f4le intelligent du soudage<\/b><\/strong><\/li>\n<li>Ajustement num\u00e9rique des param\u00e8tres de soudage pour assurer la coh\u00e9rence du soudage de la sangle.<\/li>\n<li>S'adapte aux tours de diff\u00e9rents diam\u00e8tres (2,5m-6m).<\/li>\n<\/ul>\n<p><strong><b>Configuration typique<\/b><\/strong><\/p>\n<ul>\n<li><b><\/b><strong><b>Unit\u00e9 de pr\u00e9traitement : <\/b><\/strong>D\u00e9coupage et d\u00e9coupage CNC<\/li>\n<li><b><\/b><strong><b>Unit\u00e9 de formation :<\/b><\/strong>machine \u00e0 plier les plaques \u00e0 trois rouleaux<\/li>\n<li><b><\/b><strong><b>Unit\u00e9 de soudage :<\/b><\/strong>Syst\u00e8me de soudage \u00e0 l'arc submerg\u00e9 en porte-\u00e0-faux (y compris le dispositif de d\u00e9poussi\u00e9rage)<\/li>\n<li><b><\/b><strong><b>Unit\u00e9 de post-traitement : <\/b><\/strong>sablage et d\u00e9rouillage+tableau tournant de peinture automatique<\/li>\n<\/ul>\n<p><strong><b>Application industrielle<\/b><\/strong><\/p>\n<p>Il convient \u00e0 la fabrication en s\u00e9rie de tours d'\u00e9oliennes terrestres\/offshore de 2 MW \u00e0 8 MW et est compatible avec les mat\u00e9riaux en acier au carbone\/\u00e0 haute r\u00e9sistance.<\/p>\n<p><img decoding=\"async\" class=\"alignnone size-full wp-image-797\" src=\"http:\/\/111.170.148.214:8095\/wp-content\/uploads\/2025\/05\/\u56fe\u72471-scaled.png\" alt=\"Ligne de soudage pour tour \u00e9olienne Processus de production de tubes pour tour unique\" width=\"2560\" height=\"1707\" srcset=\"https:\/\/www.weldmc.com\/wp-content\/uploads\/2025\/05\/\u56fe\u72471-scaled.png 2560w, https:\/\/www.weldmc.com\/wp-content\/uploads\/2025\/05\/\u56fe\u72471-300x200.png 300w, https:\/\/www.weldmc.com\/wp-content\/uploads\/2025\/05\/\u56fe\u72471-1024x683.png 1024w, https:\/\/www.weldmc.com\/wp-content\/uploads\/2025\/05\/\u56fe\u72471-768x512.png 768w, https:\/\/www.weldmc.com\/wp-content\/uploads\/2025\/05\/\u56fe\u72471-1536x1024.png 1536w, https:\/\/www.weldmc.com\/wp-content\/uploads\/2025\/05\/\u56fe\u72471-2048x1365.png 2048w, https:\/\/www.weldmc.com\/wp-content\/uploads\/2025\/05\/\u56fe\u72471-600x400.png 600w\" sizes=\"(max-width: 2560px) 100vw, 2560px\" \/><\/p>\n<p class=\"ds-markdown-paragraph\"><strong>Solution technique pour la ligne de soudage de tours d'\u00e9oliennes WUXI ABK<\/strong><\/p>\n<p class=\"ds-markdown-paragraph\"><strong>Proc\u00e9d\u00e9 de d\u00e9coupage de pr\u00e9cision pour les sections de tours coniques<\/strong><br \/>\nNotre\u00a0<strong>ligne de production de m\u00e2ts d'\u00e9olienne<\/strong>\u00a0met en \u0153uvre un contr\u00f4le dimensionnel strict pour la fabrication de sections coniques uniques, o\u00f9 les tol\u00e9rances des diam\u00e8tres sup\u00e9rieurs et inf\u00e9rieurs sont critiques. Les\u00a0<strong>syst\u00e8me de d\u00e9coupage automatique<\/strong>\u00a0maintient une pr\u00e9cision de \u00b11,5 mm sur les principales plaques d'acier \u00e0 l'aide de\u00a0<strong>technologie d'alimentation guid\u00e9e par laser<\/strong>L'objectif est d'assurer la mise en place d'un syst\u00e8me de gestion de l'information.\u00a0<strong>soudure circulaire<\/strong>\u00a0qualit\u00e9. Ce processus est soutenu par notre\u00a0<strong>Equipement de d\u00e9coupe CNC<\/strong>\u00a0avec compensation de l'\u00e9paisseur en temps r\u00e9el.<\/p>\n<p class=\"ds-markdown-paragraph\"><strong>Contr\u00f4le de la d\u00e9formation des soudures de brides<\/strong><br \/>\nPour r\u00e9soudre les probl\u00e8mes de distorsion des brides dans les\u00a0<strong>fabrication de tours d'\u00e9oliennes<\/strong>nous d\u00e9ployons :<\/p>\n<ol start=\"1\">\n<li>\n<p class=\"ds-markdown-paragraph\"><strong>Technologie de soudage sym\u00e9trique segment\u00e9<\/strong>\u00a0avec notre\u00a0<strong>Syst\u00e8mes SAW (soudage \u00e0 l'arc submerg\u00e9)<\/strong><\/p>\n<\/li>\n<li>\n<p class=\"ds-markdown-paragraph\"><strong>D\u00e9froisseurs circulaires automatiques<\/strong>\u00a0avec une pression hydraulique allant jusqu'\u00e0 300 tonnes<\/p>\n<\/li>\n<li>\n<p class=\"ds-markdown-paragraph\"><strong>Stations de traitement thermique post-soudure<\/strong>\u00a0pour soulager le stress<\/p>\n<\/li>\n<\/ol>\n<p class=\"ds-markdown-paragraph\">Ces solutions r\u00e9duisent le battement de la bride \u00e0 &lt;2mm\/m, d\u00e9passant ainsi les exigences de la directive.\u00a0<strong>EN 1090-2<\/strong>\u00a0normes pour les\u00a0<strong>fabrication de tours d'\u00e9oliennes en mer<\/strong>.<\/p>\n<p class=\"ds-markdown-paragraph\"><strong>Optimisation de l'assemblage des sections de la tour<\/strong><br \/>\nPour les tours \u00e0 longue section (12-30m), notre ligne de production int\u00e8gre :<\/p>\n<ul>\n<li>\n<p class=\"ds-markdown-paragraph\"><strong>Syst\u00e8mes de centrage laser<\/strong>\u00a0avec une pr\u00e9cision d'alignement de \u00b10,5 mm<\/p>\n<\/li>\n<li>\n<p class=\"ds-markdown-paragraph\"><strong>Plateformes num\u00e9riques de pr\u00e9-assemblage<\/strong>\u00a0qui augmentent l'efficacit\u00e9 de 40%<\/p>\n<\/li>\n<li>\n<p class=\"ds-markdown-paragraph\"><strong>Dispositifs de serrage automatis\u00e9s<\/strong>\u00a0pour\u00a0<strong>correspondance entre la bride et la coque<\/strong><\/p>\n<\/li>\n<\/ul>\n<p class=\"ds-markdown-paragraph\">Les\u00a0<strong>positionneurs de soudage<\/strong>\u00a0et\u00a0<strong>rotateurs<\/strong>\u00a0de notre gamme permettent des diam\u00e8tres allant jusqu'\u00e0 6 m, tandis que les\u00a0<strong>tracteurs de soudage adaptatifs<\/strong>\u00a0assurer la coh\u00e9rence\u00a0<strong>qualit\u00e9 de la soudure de ceinture<\/strong>\u00a0tout au long de la\u00a0<strong>processus de laminage de la section de la tour<\/strong>.<\/p>\n<p class=\"ds-markdown-paragraph\"><strong>Technologies et \u00e9quipements cl\u00e9s<\/strong><br \/>\n\u2713\u00a0<strong>Cellules de soudage robotis\u00e9es<\/strong>\u00a0pour les joints longitudinaux<br \/>\n\u2713\u00a0<strong>Syst\u00e8mes de num\u00e9risation 3D<\/strong>\u00a0pour la v\u00e9rification des dimensions<br \/>\n\u2713\u00a0<strong>Base de donn\u00e9es intelligente des param\u00e8tres de soudage<\/strong>\u00a0avec plus de 100 programmes pr\u00e9r\u00e9gl\u00e9s<br \/>\n\u2713\u00a0<strong>Solutions de production cl\u00e9s en main<\/strong>\u00a0du d\u00e9coupage \u00e0 l'inspection finale<\/p>\n<p class=\"ds-markdown-paragraph\"><strong>Assurance qualit\u00e9<\/strong><br \/>\nTous les syst\u00e8mes sont conformes :<br \/>\n-\u00a0<strong>Certification GL<\/strong>\u00a0pour les composants de l'\u00e9nergie \u00e9olienne<br \/>\n-\u00a0<strong>ISO 3834-2<\/strong>\u00a0normes de qualit\u00e9 en mati\u00e8re de soudage<br \/>\n-\u00a0<strong>CE Directive sur les machines<\/strong>\u00a0exigences<\/p>\n<p><strong><b>Processus de production de tubes \u00e0 tour unique :<\/b><\/strong><\/p>\n<p><img loading=\"lazy\" decoding=\"async\" class=\"alignnone size-full wp-image-795\" src=\"http:\/\/111.170.148.214:8095\/wp-content\/uploads\/2025\/05\/Wind-Tower-Welding-Line-Single-Tower-Tube-Production-Process.jpg\" alt=\"Ligne de soudage pour tour \u00e9olienne Processus de production de tubes pour tour unique\" width=\"600\" height=\"175\" srcset=\"https:\/\/www.weldmc.com\/wp-content\/uploads\/2025\/05\/Wind-Tower-Welding-Line-Single-Tower-Tube-Production-Process.jpg 600w, https:\/\/www.weldmc.com\/wp-content\/uploads\/2025\/05\/Wind-Tower-Welding-Line-Single-Tower-Tube-Production-Process-300x88.jpg 300w\" sizes=\"(max-width: 600px) 100vw, 600px\" \/><\/p>\n<p><strong><b>Processus de production des tubes \u00e0 tours multiples :<\/b><\/strong><\/p>\n<p><img loading=\"lazy\" decoding=\"async\" class=\"alignnone size-full wp-image-786\" src=\"http:\/\/111.170.148.214:8095\/wp-content\/uploads\/2025\/05\/Wind-Tower-Welding-Line-Tower-Tube-Sandblasting-and-Painting-Production-Process.jpg\" alt=\"Ligne de soudage pour tour \u00e9olienne Processus de production de tubes pour tour unique\" width=\"600\" height=\"177\" srcset=\"https:\/\/www.weldmc.com\/wp-content\/uploads\/2025\/05\/Wind-Tower-Welding-Line-Tower-Tube-Sandblasting-and-Painting-Production-Process.jpg 600w, https:\/\/www.weldmc.com\/wp-content\/uploads\/2025\/05\/Wind-Tower-Welding-Line-Tower-Tube-Sandblasting-and-Painting-Production-Process-300x89.jpg 300w\" sizes=\"(max-width: 600px) 100vw, 600px\" \/><\/p>\n<p><strong><b>Processus de production du sablage et de la peinture des tubes de tour :<\/b><\/strong><\/p>\n<p><strong><b>Principaux composants de la ligne de soudage pour \u00e9oliennes :<\/b><\/strong><\/p>\n<p>1. machine \u00e0 plier :<\/p>\n<p><img loading=\"lazy\" decoding=\"async\" class=\"alignnone size-full wp-image-789\" src=\"http:\/\/111.170.148.214:8095\/wp-content\/uploads\/2025\/05\/Main-Components-of-Wind-Tower-Welding-Line.jpg\" alt=\"Ligne de soudage pour tour \u00e9olienne Processus de production de tubes pour tour unique\" width=\"1010\" height=\"400\" srcset=\"https:\/\/www.weldmc.com\/wp-content\/uploads\/2025\/05\/Main-Components-of-Wind-Tower-Welding-Line.jpg 1010w, https:\/\/www.weldmc.com\/wp-content\/uploads\/2025\/05\/Main-Components-of-Wind-Tower-Welding-Line-300x119.jpg 300w, https:\/\/www.weldmc.com\/wp-content\/uploads\/2025\/05\/Main-Components-of-Wind-Tower-Welding-Line-768x304.jpg 768w, https:\/\/www.weldmc.com\/wp-content\/uploads\/2025\/05\/Main-Components-of-Wind-Tower-Welding-Line-600x238.jpg 600w\" sizes=\"(max-width: 1010px) 100vw, 1010px\" \/><\/p>\n<p>2.<strong><b>Ligne de soudage pour tours d'\u00e9oliennes<\/b><\/strong>\u00a0Machine de d\u00e9coupe CNC :<\/p>\n<p><img loading=\"lazy\" decoding=\"async\" class=\"alignnone size-full wp-image-791\" src=\"http:\/\/111.170.148.214:8095\/wp-content\/uploads\/2025\/05\/Wind-Tower-Welding-Line-CNC-Cutting-Machine.jpg\" alt=\"Ligne de soudage pour tour \u00e9olienne Processus de production de tubes pour tour unique\" width=\"1010\" height=\"400\" srcset=\"https:\/\/www.weldmc.com\/wp-content\/uploads\/2025\/05\/Wind-Tower-Welding-Line-CNC-Cutting-Machine.jpg 1010w, https:\/\/www.weldmc.com\/wp-content\/uploads\/2025\/05\/Wind-Tower-Welding-Line-CNC-Cutting-Machine-300x119.jpg 300w, https:\/\/www.weldmc.com\/wp-content\/uploads\/2025\/05\/Wind-Tower-Welding-Line-CNC-Cutting-Machine-768x304.jpg 768w, https:\/\/www.weldmc.com\/wp-content\/uploads\/2025\/05\/Wind-Tower-Welding-Line-CNC-Cutting-Machine-600x238.jpg 600w\" sizes=\"(max-width: 1010px) 100vw, 1010px\" \/><\/p>\n<p>Il existe deux types de d\u00e9coupeurs CNC : La machine d'oxycoupage CNC et la machine d'oxycoupage plasma CNC, qui peuvent toutes deux d\u00e9couper simultan\u00e9ment plusieurs plaques, ce qui leur conf\u00e8re une grande efficacit\u00e9.<\/p>\n<ol start=\"3\">\n<li>\u00c9quipement de soudage :<\/li>\n<\/ol>\n<p><img loading=\"lazy\" decoding=\"async\" class=\"alignnone size-full wp-image-787\" src=\"http:\/\/111.170.148.214:8095\/wp-content\/uploads\/2025\/05\/Wind-Tower-Welding-Line-Welding-Equipment.jpg\" alt=\"\" width=\"1020\" height=\"816\" srcset=\"https:\/\/www.weldmc.com\/wp-content\/uploads\/2025\/05\/Wind-Tower-Welding-Line-Welding-Equipment.jpg 1020w, https:\/\/www.weldmc.com\/wp-content\/uploads\/2025\/05\/Wind-Tower-Welding-Line-Welding-Equipment-300x240.jpg 300w, https:\/\/www.weldmc.com\/wp-content\/uploads\/2025\/05\/Wind-Tower-Welding-Line-Welding-Equipment-768x614.jpg 768w, https:\/\/www.weldmc.com\/wp-content\/uploads\/2025\/05\/Wind-Tower-Welding-Line-Welding-Equipment-600x480.jpg 600w\" sizes=\"(max-width: 1020px) 100vw, 1020px\" \/><\/p>\n<p>L'\u00e9quipement de soudage se compose principalement d'un manipulateur de soudage, d'un syst\u00e8me de soudage \u00e0 l'arc submerg\u00e9, d'un syst\u00e8me d'alimentation automatique en mat\u00e9riaux recycl\u00e9s et d'un rotateur de soudage.<\/p>\n<p>4. ensemble de rotateurs de soudage :<br \/>\nLa partie correspondante et la section de soudage des joints circulaires du tube de la tour d'\u00e9olienne sont principalement compos\u00e9es d'un manipulateur de soudage, d'un syst\u00e8me de soudage \u00e0 l'arc submerg\u00e9, d'un syst\u00e8me d'alimentation automatique du recyclage et d'un rotateur de soudage.<\/p>\n<p><img loading=\"lazy\" decoding=\"async\" class=\"alignnone size-full wp-image-788\" src=\"http:\/\/111.170.148.214:8095\/wp-content\/uploads\/2025\/05\/Wind-Tower-Welding-Line-Welding-Rotator-Set.jpg\" alt=\"\" width=\"1020\" height=\"816\" srcset=\"https:\/\/www.weldmc.com\/wp-content\/uploads\/2025\/05\/Wind-Tower-Welding-Line-Welding-Rotator-Set.jpg 1020w, https:\/\/www.weldmc.com\/wp-content\/uploads\/2025\/05\/Wind-Tower-Welding-Line-Welding-Rotator-Set-300x240.jpg 300w, https:\/\/www.weldmc.com\/wp-content\/uploads\/2025\/05\/Wind-Tower-Welding-Line-Welding-Rotator-Set-768x614.jpg 768w, https:\/\/www.weldmc.com\/wp-content\/uploads\/2025\/05\/Wind-Tower-Welding-Line-Welding-Rotator-Set-600x480.jpg 600w\" sizes=\"(max-width: 1020px) 100vw, 1020px\" \/><\/p>\n<p>5. sablage et peinture<br \/>\nDes rouleaux de rotation, avec une capacit\u00e9 de marche, sont install\u00e9s pour faciliter le processus de sablage et de peinture des tubes de la tour. Les rouleaux tournants de peinture ont adopt\u00e9 des roues \u00e0 rouleaux \u00e0 concavit\u00e9 moyenne, qui peuvent \u00eatre utilis\u00e9es pour soutenir les brides de mani\u00e8re \u00e0 ce que les travaux de peinture puissent \u00eatre termin\u00e9s facilement. Le moteur est anti-explosif et anti-poussi\u00e8re.<\/p>\n<p><img loading=\"lazy\" decoding=\"async\" class=\"alignnone size-full wp-image-790\" src=\"http:\/\/111.170.148.214:8095\/wp-content\/uploads\/2025\/05\/Wind-Tower-Welding-Line-1.jpg\" alt=\"Ligne 1 de soudage de tours d&#039;\u00e9oliennes\" width=\"1020\" height=\"816\" srcset=\"https:\/\/www.weldmc.com\/wp-content\/uploads\/2025\/05\/Wind-Tower-Welding-Line-1.jpg 1020w, https:\/\/www.weldmc.com\/wp-content\/uploads\/2025\/05\/Wind-Tower-Welding-Line-1-300x240.jpg 300w, https:\/\/www.weldmc.com\/wp-content\/uploads\/2025\/05\/Wind-Tower-Welding-Line-1-768x614.jpg 768w, https:\/\/www.weldmc.com\/wp-content\/uploads\/2025\/05\/Wind-Tower-Welding-Line-1-600x480.jpg 600w\" sizes=\"(max-width: 1020px) 100vw, 1020px\" \/><\/p>\n<p><img loading=\"lazy\" decoding=\"async\" class=\"alignnone size-full wp-image-794\" src=\"http:\/\/111.170.148.214:8095\/wp-content\/uploads\/2025\/05\/Wind-Tower-Welding-Line-Sandblasting-and-Painting.jpg\" alt=\"\" width=\"1500\" height=\"1500\" srcset=\"https:\/\/www.weldmc.com\/wp-content\/uploads\/2025\/05\/Wind-Tower-Welding-Line-Sandblasting-and-Painting.jpg 1500w, https:\/\/www.weldmc.com\/wp-content\/uploads\/2025\/05\/Wind-Tower-Welding-Line-Sandblasting-and-Painting-300x300.jpg 300w, https:\/\/www.weldmc.com\/wp-content\/uploads\/2025\/05\/Wind-Tower-Welding-Line-Sandblasting-and-Painting-1024x1024.jpg 1024w, https:\/\/www.weldmc.com\/wp-content\/uploads\/2025\/05\/Wind-Tower-Welding-Line-Sandblasting-and-Painting-150x150.jpg 150w, https:\/\/www.weldmc.com\/wp-content\/uploads\/2025\/05\/Wind-Tower-Welding-Line-Sandblasting-and-Painting-768x768.jpg 768w, https:\/\/www.weldmc.com\/wp-content\/uploads\/2025\/05\/Wind-Tower-Welding-Line-Sandblasting-and-Painting-500x500.jpg 500w, https:\/\/www.weldmc.com\/wp-content\/uploads\/2025\/05\/Wind-Tower-Welding-Line-Sandblasting-and-Painting-600x600.jpg 600w, https:\/\/www.weldmc.com\/wp-content\/uploads\/2025\/05\/Wind-Tower-Welding-Line-Sandblasting-and-Painting-100x100.jpg 100w\" sizes=\"(max-width: 1500px) 100vw, 1500px\" \/><\/p>\n<p>Wuxi ABK Machinery Co.Ltd est un fabricant professionnel de rotateur de soudage en Chine. Nos rotateurs de soudage comprennent principalement le rotateur de soudage standard, le rotateur de soudage r\u00e9glable et le rotateur de soudage sp\u00e9cial. Nous pouvons \u00e9galement fournir \u00e0 nos clients du monde entier de nombreux autres produits, y compris la table tournante de soudage, la machine de soudage de pieux, la ligne de production de tours \u00e9oliennes, la ligne de soudage de poutre en H, l'\u00e9quipement de soudage de tuyaux, la machine de coupe CNC, la rectifieuse, la machine de formage de rouleaux, la machine de pliage de plaques, etc. Nous avons obtenu les certifications ISO et CE et nous proposons \u00e9galement des services OEM.<\/p>","protected":false},"excerpt":{"rendered":"<p><strong>Ligne de soudage pour tours d'\u00e9oliennes WUXI ABK<\/strong>\u00a0fournit une pr\u00e9cision automatis\u00e9e pour\u00a0<strong>fabrication des sections de la tour<\/strong>, avec\u00a0<strong>soudage robotis\u00e9 de sangles<\/strong>\u00a0et\u00a0<strong>syst\u00e8mes d'alignement des brides<\/strong>. Notre\u00a0<strong>Positionneurs \u00e0 commande num\u00e9rique<\/strong>\u00a0assurer une pr\u00e9cision de \u00b11 mm pour les\u00a0<strong>joints de grand diam\u00e8tre<\/strong>, tandis que le\u00a0<strong>suivi int\u00e9gr\u00e9 des coutures<\/strong>\u00a0maintient une coh\u00e9rence\u00a0<strong>p\u00e9n\u00e9tration de la soudure<\/strong>. Id\u00e9al pour\u00a0<strong>Tours de turbine de 4 \u00e0 8 MW<\/strong>, ce\u00a0<strong>Ligne certifi\u00e9e CE<\/strong>\u00a0augmente la productivit\u00e9 en 40% avec\u00a0<strong>surveillance intelligente des processus<\/strong>.<\/p>","protected":false},"featured_media":798,"comment_status":"open","ping_status":"closed","template":"","meta":{"_acf_changed":false},"product_brand":[],"product_cat":[31],"product_tag":[],"class_list":{"0":"post-784","1":"product","2":"type-product","3":"status-publish","4":"has-post-thumbnail","6":"product_cat-wind-tower-welding-line","8":"first","9":"instock","10":"shipping-taxable","11":"product-type-simple"},"acf":[],"_links":{"self":[{"href":"https:\/\/www.weldmc.com\/fr\/wp-json\/wp\/v2\/product\/784","targetHints":{"allow":["GET"]}}],"collection":[{"href":"https:\/\/www.weldmc.com\/fr\/wp-json\/wp\/v2\/product"}],"about":[{"href":"https:\/\/www.weldmc.com\/fr\/wp-json\/wp\/v2\/types\/product"}],"replies":[{"embeddable":true,"href":"https:\/\/www.weldmc.com\/fr\/wp-json\/wp\/v2\/comments?post=784"}],"wp:featuredmedia":[{"embeddable":true,"href":"https:\/\/www.weldmc.com\/fr\/wp-json\/wp\/v2\/media\/798"}],"wp:attachment":[{"href":"https:\/\/www.weldmc.com\/fr\/wp-json\/wp\/v2\/media?parent=784"}],"wp:term":[{"taxonomy":"product_brand","embeddable":true,"href":"https:\/\/www.weldmc.com\/fr\/wp-json\/wp\/v2\/product_brand?post=784"},{"taxonomy":"product_cat","embeddable":true,"href":"https:\/\/www.weldmc.com\/fr\/wp-json\/wp\/v2\/product_cat?post=784"},{"taxonomy":"product_tag","embeddable":true,"href":"https:\/\/www.weldmc.com\/fr\/wp-json\/wp\/v2\/product_tag?post=784"}],"curies":[{"name":"wp","href":"https:\/\/api.w.org\/{rel}","templated":true}]}}