{"id":753,"date":"2025-05-24T17:53:41","date_gmt":"2025-05-24T09:53:41","guid":{"rendered":"http:\/\/111.170.148.214:8095\/?post_type=product&#038;p=753"},"modified":"2025-11-21T09:05:06","modified_gmt":"2025-11-21T01:05:06","slug":"manipulateur-de-soudage","status":"publish","type":"product","link":"https:\/\/www.weldmc.com\/fr\/product\/manipulateur-de-soudage\/","title":{"rendered":"Manipulateur de soudage"},"content":{"rendered":"<p>Param\u00e8tres techniques du manipulateur de soudage (manipulateur de fl\u00e8che de colonne) :<\/p>\n<table class=\"table\" cellspacing=\"1\" cellpadding=\"0\">\n<tbody>\n<tr class=\"top_t\">\n<td>Mod\u00e8le<\/td>\n<td>LH8080<\/td>\n<td>LH4580<\/td>\n<td>LH5060<\/td>\n<td>LH3040<\/td>\n<td>LH1235<\/td>\n<\/tr>\n<tr>\n<td>Course horizontale (mm)<\/td>\n<td>8000<\/td>\n<td>4500<\/td>\n<td>5000<\/td>\n<td>3000<\/td>\n<td>1200<\/td>\n<\/tr>\n<tr>\n<td>Course verticale (mm)<\/td>\n<td>8000<\/td>\n<td>8000<\/td>\n<td>6000<\/td>\n<td>4000<\/td>\n<td>3500<\/td>\n<\/tr>\n<tr>\n<td>Angle de rotation (mm)<\/td>\n<td>\u00b1180\u00b0<\/td>\n<td>\u00b1180\u00b0<\/td>\n<td>\u00b1180\u00b0<\/td>\n<td>\u00b1180\u00b0<\/td>\n<td>Contr\u00f4le manuel<br \/>\n\u00b1360\u00b0<\/td>\n<\/tr>\n<tr>\n<td>Vitesse de rotation (m\/min)<\/td>\n<td>0.12<\/td>\n<td>0.12<\/td>\n<td>0.12<\/td>\n<td>0.12<\/td>\n<td><\/td>\n<\/tr>\n<tr>\n<td>Vitesse d'\u00e9l\u00e9vation de la fl\u00e8che (m\/min)<\/td>\n<td>0.4<\/td>\n<td>0.4<\/td>\n<td>0.4<\/td>\n<td>0.4<\/td>\n<td>0.4<\/td>\n<\/tr>\n<tr>\n<td>Vitesse d'avancement de la rampe (m\/min)<\/td>\n<td>0.12-1.2<\/td>\n<td>0.12-1.2<\/td>\n<td>0.12-1.2<\/td>\n<td>0.12-1.2<\/td>\n<td>0.12-1.2<\/td>\n<\/tr>\n<tr>\n<td>Tablier Vitesse d'avance et de recul (m\/min)<\/td>\n<td>0.2-2<\/td>\n<td>0.2-2<\/td>\n<td>0.2-2<\/td>\n<td>0.2-2<\/td>\n<td>Contr\u00f4le manuel<\/td>\n<\/tr>\n<tr>\n<td>Distance entre les rails de la table (mm)<\/td>\n<td>2700<\/td>\n<td>2000<\/td>\n<td>2000<\/td>\n<td>1500<\/td>\n<td>1000<\/td>\n<\/tr>\n<\/tbody>\n<\/table>\n<p>&nbsp;<\/p>\n<p>&nbsp;<\/p>\n<p><img decoding=\"async\" src=\"https:\/\/www.weldmc.com\/wp-content\/uploads\/2025\/05\/welding-manipulator-1.png\" alt=\"manipulateur de soudage-1\" \/><\/p>\n<p><img fetchpriority=\"high\" decoding=\"async\" class=\"\" src=\"https:\/\/www.weldmc.com\/wp-content\/uploads\/2025\/05\/column-boom_1.png\" alt=\"colonne boom_1\" width=\"769\" height=\"433\" \/> <img decoding=\"async\" class=\"\" src=\"https:\/\/www.weldmc.com\/wp-content\/uploads\/2025\/05\/column-boom_2.png\" alt=\"colonne boom_2\" width=\"768\" height=\"465\" \/><\/p>\n<p>Structure principale<\/p>\n<p><img decoding=\"async\" class=\"alignright\" src=\"https:\/\/www.weldmc.com\/wp-content\/uploads\/2025\/05\/IMG_9530.jpg\" alt=\"manipulateur de soudage_2\" width=\"459\" height=\"612\" \/><\/p>\n<p>Colonne+bras transversal+si\u00e8ge-guide+chariot mobile<\/p>\n<p>Composition d'un ensemble complet<\/p>\n<p>* Colonne<\/p>\n<p>* Boom<\/p>\n<p>* Base<\/p>\n<p>* Selle<\/p>\n<p>* Syst\u00e8me de levage<\/p>\n<p>* Syst\u00e8me d'extension<\/p>\n<p>* Syst\u00e8me de rotation<\/p>\n<p>* Blocage de la rotation<\/p>\n<p>* Type de d\u00e9placement et de rotation<\/p>\n<p>* Anti-chute<\/p>\n<p>* Coin de t\u00eate<\/p>\n<p>* Chariot sur la fl\u00e8che<\/p>\n<p>* Diapositives<\/p>\n<p>* Syst\u00e8me de contr\u00f4le<\/p>\n<p>&nbsp;<\/p>\n<ol>\n<li>Moteur<\/li>\n<li><img loading=\"lazy\" decoding=\"async\" class=\"aligncenter\" src=\"https:\/\/www.weldmc.com\/wp-content\/uploads\/2025\/05\/Motor_2-1.png\" alt=\"\" width=\"676\" height=\"508\" \/><img decoding=\"async\" class=\"aligncenter\" src=\"https:\/\/www.weldmc.com\/wp-content\/uploads\/2025\/05\/Motor_1-1.png\" alt=\"Moteur_1\" \/>R\u00e9ducteur<\/li>\n<\/ol>\n<p><img decoding=\"async\" src=\"https:\/\/www.weldmc.com\/wp-content\/uploads\/2025\/05\/reducer1.png\" alt=\"r\u00e9ducteur1\" \/><\/p>\n<p>Dans la plupart des cas, ce r\u00e9ducteur a remplac\u00e9 les r\u00e9ducteurs \u00e0 engrenages cylindriques ordinaires \u00e0 deux et trois \u00e9tages et les r\u00e9ducteurs \u00e0 vis sans fin cylindriques, et a \u00e9t\u00e9 largement utilis\u00e9 dans l'industrie militaire, l'a\u00e9rospatiale, la m\u00e9tallurgie, l'exploitation mini\u00e8re, le p\u00e9trole, l'industrie chimique, les navires, l'industrie l\u00e9g\u00e8re, l'alimentation, le textile, l'impression et la teinture, les produits pharmaceutiques, le caoutchouc, le plastique, ainsi que dans le levage et le transport.<\/p>\n<p>Caract\u00e9ristiques du produit\uff1a<\/p>\n<p><img decoding=\"async\" src=\"https:\/\/www.weldmc.com\/wp-content\/uploads\/2025\/05\/Reverse-gear_1-1.png\" alt=\"Marche arri\u00e8re_1\" \/><\/p>\n<ol>\n<li>Rapport de transmission \u00e9lev\u00e9.<\/li>\n<li>Efficacit\u00e9 de transmission \u00e9lev\u00e9e.<\/li>\n<li>Structure compacte, petite taille et poids l\u00e9ger.<\/li>\n<li>Moins de pannes, longue dur\u00e9e de vie.<\/li>\n<li>Fonctionnement souple et fiable.<\/li>\n<li>D\u00e9montage et r\u00e9paration faciles.<\/li>\n<li>Forte capacit\u00e9 de surcharge, r\u00e9sistance aux chocs, faible moment d'inertie, adapt\u00e9 aux d\u00e9marrages fr\u00e9quents et aux op\u00e9rations positives et inverses.<\/li>\n<\/ol>\n<p><img decoding=\"async\" src=\"https:\/\/www.weldmc.com\/wp-content\/uploads\/2025\/05\/Reverse-gear_3-1.png\" alt=\"Marche arri\u00e8re_3\" \/><\/p>\n<p>Le r\u00e9ducteur est une sorte de m\u00e9canisme de transmission de puissance qui utilise le convertisseur de vitesse de l'engrenage pour r\u00e9duire le nombre de rotations du moteur au nombre de rotations requis et obtenir une structure avec un couple important.<\/p>\n<p><img decoding=\"async\" src=\"https:\/\/www.weldmc.com\/wp-content\/uploads\/2025\/05\/Reducer-2.png\" alt=\"R\u00e9ducteur\" \/><\/p>\n<p>Fonction du r\u00e9ducteur\uff1aR\u00e9duire la vitesse et augmenter le couple de sortie en m\u00eame temps. Le rapport de sortie du couple est multipli\u00e9 par le rapport de d\u00e9c\u00e9l\u00e9ration de sortie du moteur, mais il ne doit pas d\u00e9passer le couple nominal du r\u00e9ducteur. Dans le m\u00eame temps, l'inertie du moteur est r\u00e9duite au carr\u00e9 du rapport de d\u00e9c\u00e9l\u00e9ration.<\/p>\n<ol start=\"3\">\n<li>Palier d'orientation<\/li>\n<\/ol>\n<p><img decoding=\"async\" src=\"https:\/\/www.weldmc.com\/wp-content\/uploads\/2025\/05\/Reverse-gear-1.png\" alt=\"Marche arri\u00e8re\" \/><\/p>\n<p>La couronne d'orientation est l'\u00e9l\u00e9ment de base de la force de la machine, qui n\u00e9cessite une rotation relative entre les deux parties et supporte en m\u00eame temps la force axiale, la force radiale et le moment de renversement.Sa fonction de base est d'utiliser des boulons pour la fixer sur les supports sup\u00e9rieurs et inf\u00e9rieurs de l'\u00e9quipement m\u00e9canique afin de transmettre la force et l'entra\u00eenement de mani\u00e8re \u00e0 r\u00e9aliser la rotation relative entre les deux parties de l'\u00e9quipement m\u00e9canique.Le support rotatif comporte g\u00e9n\u00e9ralement des trous d'installation, des engrenages internes ou externes, des trous de lubrification et des dispositifs de scellement. Il se caract\u00e9rise par une structure compacte, un poids l\u00e9ger, une bonne structure en acier, un fonctionnement souple, une grande pr\u00e9cision, la s\u00e9curit\u00e9 et la fiabilit\u00e9.<\/p>\n<p>La couronne d'orientation est un \u00e9l\u00e9ment fondamental de l'\u00e9quipement m\u00e9canique et est largement utilis\u00e9e dans diverses industries de l'\u00e9conomie nationale. Elle est largement utilis\u00e9e dans les machines de construction, les machines portuaires, les machines m\u00e9tallurgiques, les machines mini\u00e8res, les machines p\u00e9troli\u00e8res, les machines chimiques, les \u00e9quipements m\u00e9dicaux, les machines navales, les machines de l'industrie l\u00e9g\u00e8re, les machines de protection de l'environnement, les \u00e9quipements de divertissement, les machines de transport et les \u00e9quipements militaires. Les supports pivotants sont de plus en plus utilis\u00e9s dans les projets d'\u00e9conomie d'\u00e9nergie et de protection de l'environnement, tels que les \u00e9oliennes qui n\u00e9cessitent une vari\u00e9t\u00e9 de kits de support pivotant de pr\u00e9cision.<\/p>\n<ol start=\"4\">\n<li>Engrenages<\/li>\n<\/ol>\n<p><img decoding=\"async\" src=\"https:\/\/www.weldmc.com\/wp-content\/uploads\/2025\/05\/Slewing-bearing.png\" alt=\"Palier d&#039;orientation\" \/><\/p>\n<p>L'engrenage est une pi\u00e8ce m\u00e9canique semblable \u00e0 une roue qui transmet le couple par l'engagement des dents. Gr\u00e2ce \u00e0 la transmission avec d'autres pi\u00e8ces m\u00e9caniques dent\u00e9es (telles qu'un autre engrenage, une cr\u00e9maill\u00e8re Dao et une vis sans fin), l'engrenage peut modifier la vitesse et le couple, changer la direction du mouvement et modifier la forme du mouvement.<\/p>\n<ol start=\"5\">\n<li>Axe<\/li>\n<\/ol>\n<p>La machine de transposition entra\u00eene la rotation de l'engrenage interne par la rotation de l'arbre, puis entra\u00eene la rotation de l'engrenage externe, r\u00e9alisant ainsi la fonction de transposition.<\/p>\n<p><img decoding=\"async\" src=\"https:\/\/www.weldmc.com\/wp-content\/uploads\/2025\/05\/axis1.png\" alt=\"axe1\" \/><\/p>\n<p class=\"ds-markdown-paragraph\"><strong>Manipulateur de soudage WUXI ABK Pr\u00e9sentation du produit<\/strong><\/p>\n<p class=\"ds-markdown-paragraph\">En tant que pionnier de la technologie d'automatisation du soudage, WUXI ABK MACHINERY a d\u00e9velopp\u00e9 des syst\u00e8mes de manipulateurs de soudage \u00e0 la pointe de l'industrie, sp\u00e9cialement con\u00e7us pour la fabrication de r\u00e9servoirs de stockage, la fabrication d'appareils \u00e0 pression et la construction de structures m\u00e9talliques lourdes. Nos syst\u00e8mes de colonnes et de fl\u00e8ches de soudage int\u00e8grent des technologies brevet\u00e9es qui offrent une pr\u00e9cision et une fiabilit\u00e9 in\u00e9gal\u00e9es dans les applications industrielles exigeantes.<\/p>\n<p class=\"ds-markdown-paragraph\"><strong>Avantages de la technologie de base<\/strong><br \/>\nLa fl\u00e8che de la colonne de soudage est dot\u00e9e d'une structure en caisson \u00e0 haute r\u00e9sistance avec un traitement de d\u00e9tente de pr\u00e9cision, garantissant une stabilit\u00e9 \u00e0 long terme pour un fonctionnement continu. Notre syst\u00e8me de manipulation pour le soudage de r\u00e9servoirs int\u00e8gre des guidages lin\u00e9aires de haute pr\u00e9cision et des m\u00e9canismes de transmission \u00e0 cr\u00e9maill\u00e8re, ce qui permet d'obtenir une stabilit\u00e9 op\u00e9rationnelle exceptionnelle de \u00b10,1 mm\/m, essentielle pour le soudage de r\u00e9servoirs de stockage de grand diam\u00e8tre. Le syst\u00e8me de contr\u00f4le intelligent associe le suivi automatique des joints \u00e0 la surveillance en temps r\u00e9el du processus, ce qui permet d'am\u00e9liorer la qualit\u00e9 du soudage et la productivit\u00e9 jusqu'\u00e0 40% par rapport aux m\u00e9thodes conventionnelles.<\/p>\n<p><img decoding=\"async\" src=\"https:\/\/www.weldmc.com\/wp-content\/uploads\/2025\/10\/column-style-manipulator.png\" alt=\"manipulateur \u00e0 colonnes\" \/><\/p>\n<p class=\"ds-markdown-paragraph\"><strong>Options de configuration pour diverses applications<\/strong><br \/>\nWUXI ABK propose des solutions compl\u00e8tes de manipulateurs de soudage :<\/p>\n<ul>\n<li>\n<p class=\"ds-markdown-paragraph\"><strong>Manipulateurs de soudage fixes<\/strong>: Syst\u00e8mes compacts et \u00e9conomiques id\u00e9aux pour le soudage de joints longitudinaux dans les r\u00e9servoirs de stockage de petite et moyenne taille.<\/p>\n<\/li>\n<li>\n<p class=\"ds-markdown-paragraph\"><strong>Configurations rotatives fixes<\/strong>: Ajout d'une fonctionnalit\u00e9 de rotation de la colonne pour les op\u00e9rations de soudage de conteneurs \u00e0 angles multiples<\/p>\n<\/li>\n<li>\n<p class=\"ds-markdown-paragraph\"><strong>Manipulateurs de r\u00e9servoirs rotatifs mobiles<\/strong>: Mouvement omnidirectionnel et capacit\u00e9 de rotation \u00e0 360\u00b0 pour la construction de grands r\u00e9servoirs sur le terrain.<br \/>\nTous les mod\u00e8les s'int\u00e8grent parfaitement aux positionneurs, tables tournantes et autres \u00e9quipements de soudage auxiliaires.<\/p>\n<\/li>\n<\/ul>\n<p class=\"ds-markdown-paragraph\"><strong>S\u00e9curit\u00e9 et contr\u00f4le renforc\u00e9s<\/strong><br \/>\nLe syst\u00e8me incorpore de multiples caract\u00e9ristiques de protection :<br \/>\n\u2713 M\u00e9canisme de blocage automatique anti-chute avec interrupteurs de fin de course \u00e0 plusieurs niveaux<br \/>\n\u2713 Protections \u00e9lectriques compl\u00e8tes (surcharge\/surintensit\u00e9\/sous-tension\/court-circuit)<br \/>\nInterface conviviale avec panneau de contr\u00f4le visuel et t\u00e9l\u00e9commande portative<br \/>\n\u2713 Plage de r\u00e9glage de la torche de soudage de 200 mm pour un positionnement pr\u00e9cis<\/p>\n<p class=\"ds-markdown-paragraph\"><strong>Capacit\u00e9s de personnalisation avanc\u00e9es<\/strong><br \/>\nNos syst\u00e8mes de perche \u00e0 colonne de soudage sont compatibles avec divers modules compl\u00e9mentaires intelligents :<\/p>\n<ul>\n<li>\n<p class=\"ds-markdown-paragraph\">Syst\u00e8mes de r\u00e9cup\u00e9ration de flux<\/p>\n<\/li>\n<li>\n<p class=\"ds-markdown-paragraph\">Modules de contr\u00f4le des soudures en temps r\u00e9el<\/p>\n<\/li>\n<li>\n<p class=\"ds-markdown-paragraph\">R\u00e9glage automatis\u00e9 des param\u00e8tres<\/p>\n<\/li>\n<li>\n<p class=\"ds-markdown-paragraph\">Interfaces d'inspection de la qualit\u00e9<\/p>\n<\/li>\n<\/ul>\n<p class=\"ds-markdown-paragraph\"><strong>Des performances \u00e9prouv\u00e9es dans l'industrie<\/strong><br \/>\nLes manipulateurs de soudage WUXI ABK ont \u00e9t\u00e9 d\u00e9ploy\u00e9s avec succ\u00e8s dans plus de 200 projets majeurs \u00e0 travers le monde :<\/p>\n<ul>\n<li>\n<p class=\"ds-markdown-paragraph\">R\u00e9servoirs de stockage d'huile<\/p>\n<\/li>\n<li>\n<p class=\"ds-markdown-paragraph\">Cuves de traitement chimique<\/p>\n<\/li>\n<li>\n<p class=\"ds-markdown-paragraph\">\u00c9quipements de production d'\u00e9lectricit\u00e9<\/p>\n<\/li>\n<li>\n<p class=\"ds-markdown-paragraph\">Structures de plates-formes offshore<br \/>\nTous les syst\u00e8mes sont conformes aux normes ASME, EN 1090 et autres normes internationales.<\/p>\n<\/li>\n<\/ul>\n<p class=\"ds-markdown-paragraph\"><strong>Paquet de services complet<\/strong><br \/>\nNous fournissons des solutions de bout en bout, notamment<\/p>\n<ul>\n<li>\n<p class=\"ds-markdown-paragraph\">S\u00e9lection d'\u00e9quipements sur mesure<\/p>\n<\/li>\n<li>\n<p class=\"ds-markdown-paragraph\">Installation et mise en service sur site<\/p>\n<\/li>\n<li>\n<p class=\"ds-markdown-paragraph\">Programmes de formation des op\u00e9rateurs<\/p>\n<\/li>\n<li>\n<p class=\"ds-markdown-paragraph\">Assistance technique 24 heures sur 24, 7 jours sur 7<\/p>\n<\/li>\n<li>\n<p class=\"ds-markdown-paragraph\">Services d'entretien r\u00e9gulier<\/p>\n<\/li>\n<\/ul>\n<p class=\"ds-markdown-paragraph\"><strong>Sp\u00e9cifications techniques<\/strong><\/p>\n<ul>\n<li>\n<p class=\"ds-markdown-paragraph\">Pr\u00e9cision du positionnement : \u00b10,1mm\/m<\/p>\n<\/li>\n<li>\n<p class=\"ds-markdown-paragraph\">R\u00e9glage de la torche : plage de 200 mm<\/p>\n<\/li>\n<li>\n<p class=\"ds-markdown-paragraph\">Vitesse de d\u00e9placement : 0,1-1,2 m\/min (variable)<\/p>\n<\/li>\n<li>\n<p class=\"ds-markdown-paragraph\">Capacit\u00e9 de charge : 500-5000kg (personnalisable)<\/p>\n<\/li>\n<li>\n<p class=\"ds-markdown-paragraph\">Alimentation \u00e9lectrique : 380V\/50Hz (autres tensions disponibles)<\/p>\n<\/li>\n<\/ul>\n<p>&nbsp;<\/p>\n<p><img loading=\"lazy\" decoding=\"async\" class=\"\" src=\"https:\/\/www.weldmc.com\/wp-content\/uploads\/2025\/05\/welding-manipulator_11.jpg\" alt=\"manipulateur de soudage_11\" width=\"917\" height=\"688\" \/><\/p>\n<p>Caract\u00e9ristiques du manipulateur de soudage :<br \/>\n<strong><b>Avantage structurel<\/b><\/strong><\/p>\n<p><strong><b>Conception du rail de guidage en forme de V<\/b><\/strong>-Des rails de guidage en forme de V \u00e0 haute capacit\u00e9 de charge sont utilis\u00e9s pour les montants et les bras transversaux.<\/p>\n<p><strong><b>Double syst\u00e8me de s\u00e9curit\u00e9<\/b><\/strong><\/p>\n<ul>\n<li>La colonne est \u00e9quip\u00e9e d'un moteur-frein pour assurer un positionnement stable.<\/li>\n<li>Protection contre la rupture de la goupille de s\u00e9curit\u00e9 du si\u00e8ge de guidage et de la cha\u00eene \u00e0 trous de s\u00e9curit\u00e9 de la colonne<\/li>\n<\/ul>\n<p><strong><b>Syst\u00e8me de transmission de pr\u00e9cision<\/b><\/strong><\/p>\n<ul>\n<li>R\u00e9ducteur \u00e0 roue dent\u00e9e cyclo\u00efdale et \u00e0 vis sans fin<\/li>\n<li>Conception d'un syst\u00e8me de lubrification \u00e0 bain d'huile enti\u00e8rement \u00e9tanche et pr\u00e9vention des poussi\u00e8res<\/li>\n<\/ul>\n<p>Contr\u00f4le intelligent<\/p>\n<ul>\n<li>Convertisseur de r\u00e9gulation de vitesse en continu (avec d\u00e9tection de d\u00e9faut et fonction d'alarme)<\/li>\n<li>Bras transversal r\u00e9glage \u00e9lectrique de la croix<\/li>\n<li>La base de support pivotante permet de souder plusieurs pi\u00e8ces de mani\u00e8re synchronis\u00e9e<\/li>\n<\/ul>\n<p>&nbsp;<\/p>\n<p><img decoding=\"async\" src=\"https:\/\/www.weldmc.com\/wp-content\/uploads\/2025\/05\/welding-manipulator_6.jpg\" alt=\"manipulateur de soudage_6\" \/><\/p>\n<p class=\"ds-markdown-paragraph\"><strong>Applications industrielles<\/strong><br \/>\nNotre syst\u00e8me de manipulateur de soudage est con\u00e7u pour le soudage de pr\u00e9cision dans des secteurs industriels critiques, notamment\u00a0<strong>fabrication de chaudi\u00e8res<\/strong>,\u00a0<strong>fabrication d'appareils \u00e0 pression<\/strong>,\u00a0<strong>construction d'une usine p\u00e9trochimique<\/strong>et\u00a0<strong>traitement m\u00e9tallurgique<\/strong>. L'\u00e9quipement excelle \u00e0 la fois\u00a0<strong>soudage de joints longitudinaux<\/strong>\u00a0et\u00a0<strong>soudage de joints circonf\u00e9rentiels<\/strong>, en traitant \u00e0 la fois\u00a0<strong>soudage des cylindres internes<\/strong>\u00a0et\u00a0<strong>soudage de la coque externe<\/strong>\u00a0avec la m\u00eame efficacit\u00e9. Sa conception robuste en fait un outil id\u00e9al pour\u00a0<strong>applications de soudage dans l'industrie lourde<\/strong>\u00a0exigeant des r\u00e9sultats constants et de haute qualit\u00e9.<\/p>\n<p class=\"ds-markdown-paragraph\"><strong>Options de configuration<\/strong><br \/>\nLe manipulateur de soudage WUXI ABK offre des configurations flexibles pour r\u00e9pondre aux divers besoins de production :<\/p>\n<ul>\n<li>\n<p class=\"ds-markdown-paragraph\"><strong>Configuration fixe<\/strong>\u00a0pour des travaux de soudage stables et de haute pr\u00e9cision<\/p>\n<\/li>\n<li>\n<p class=\"ds-markdown-paragraph\"><strong>Configuration rotative fixe<\/strong>\u00a0pour les op\u00e9rations de soudage par rotation contr\u00f4l\u00e9es<\/p>\n<\/li>\n<li>\n<p class=\"ds-markdown-paragraph\"><strong>Configuration rotative mobile<\/strong>\u00a0pour des projets de soudage dynamiques et \u00e0 grande \u00e9chelle<\/p>\n<\/li>\n<\/ul>\n<p class=\"ds-markdown-paragraph\"><strong>Conditions de fonctionnement<\/strong><br \/>\nPour garantir des performances optimales, le manipulateur de soudage fonctionne dans les conditions suivantes :<\/p>\n<ul>\n<li>\n<p class=\"ds-markdown-paragraph\"><strong>Altitude<\/strong>: En dessous de 1000m<\/p>\n<\/li>\n<li>\n<p class=\"ds-markdown-paragraph\"><strong>Plage de temp\u00e9rature ambiante<\/strong>Temp\u00e9rature d'utilisation : -5\u00b0C \u00e0 40\u00b0C<\/p>\n<\/li>\n<li>\n<p class=\"ds-markdown-paragraph\"><strong>Limites d'humidit\u00e9<\/strong>: Humidit\u00e9 relative moyenne mensuelle maximale \u226490% \u00e0 \u226425\u00b0C<\/p>\n<\/li>\n<li>\n<p class=\"ds-markdown-paragraph\"><strong>Stabilit\u00e9 de la puissance<\/strong>: Fluctuation de tension dans la limite de \u00b110% (\u00e0 la fr\u00e9quence nominale) ; fluctuation de fr\u00e9quence \u2264\u00b11% (\u00e0 la tension nominale)<\/p>\n<\/li>\n<\/ul>\n<p class=\"ds-markdown-paragraph\"><strong>Accessoires en option<\/strong><br \/>\nAm\u00e9liorez les fonctionnalit\u00e9s gr\u00e2ce \u00e0 nos modules compl\u00e9mentaires sp\u00e9cialis\u00e9s :<\/p>\n<ul>\n<li>\n<p class=\"ds-markdown-paragraph\"><strong>Syst\u00e8me de r\u00e9cup\u00e9ration du flux<\/strong>\u00a0pour une collecte et une r\u00e9utilisation efficaces des scories<\/p>\n<\/li>\n<li>\n<p class=\"ds-markdown-paragraph\"><strong>Syst\u00e8me de surveillance en temps r\u00e9el<\/strong>\u00a0avec suivi des param\u00e8tres de soudure<\/p>\n<\/li>\n<li>\n<p class=\"ds-markdown-paragraph\"><strong>Rayonnages r\u00e9glables<\/strong>\u00a0pour l'organisation des outils et des mat\u00e9riaux<\/p>\n<\/li>\n<li>\n<p class=\"ds-markdown-paragraph\"><strong>Suivi des coutures au laser<\/strong>\u00a0pour la correction automatis\u00e9e de la trajectoire de soudure<\/p>\n<\/li>\n<li>\n<p class=\"ds-markdown-paragraph\"><strong>Syst\u00e8mes de refroidissement<\/strong>\u00a0pour un fonctionnement prolong\u00e9 dans des environnements \u00e0 haute temp\u00e9rature<\/p>\n<\/li>\n<\/ul>\n<p class=\"ds-markdown-paragraph\"><strong>Principales caract\u00e9ristiques et avantages<\/strong><br \/>\n\u2713\u00a0<strong>Construction robuste<\/strong>\u00a0pour\u00a0<strong>soudage industriel<\/strong>\u00a0la durabilit\u00e9<br \/>\n\u2713\u00a0<strong>Positionnement de pr\u00e9cision<\/strong>\u00a0pour\u00a0<strong>soudage des joints<\/strong>\u00a0pr\u00e9cision<br \/>\n\u2713\u00a0<strong>Conception modulaire<\/strong>\u00a0permettant\u00a0<strong>automatisation du soudage<\/strong>\u00a0l'int\u00e9gration<br \/>\n\u2713\u00a0<strong>Efficacit\u00e9 \u00e9nerg\u00e9tique<\/strong>\u00a0op\u00e9ration r\u00e9duisant\u00a0<strong>co\u00fbts de production du soudage<\/strong><br \/>\n\u2713\u00a0<strong>Certifi\u00e9 CE\/ISO<\/strong>\u00a0les composants assurant\u00a0<strong>conformit\u00e9 de la s\u00e9curit\u00e9 en mati\u00e8re de soudage<\/strong><\/p>\n<p><img decoding=\"async\" src=\"https:\/\/www.weldmc.com\/wp-content\/uploads\/2025\/05\/Product-certification.png\" alt=\"Certification des produits\" \/><\/p>\n<p>Wuxi ABK Machinery Co.Ltd est un fabricant professionnel de rotateur de soudage r\u00e9glable en Chine. Nous pouvons \u00e9galement fournir \u00e0 nos clients du monde entier de nombreux autres produits, y compris le rotateur de soudage sp\u00e9cial, la ligne de production de tour \u00e9olienne, la ligne de soudage de poutre en H, l'\u00e9quipement de soudage de tuyaux, la machine de coupe CNC, la rectifieuse, la machine de formage de rouleaux, la machine de pliage de plaques, etc. Nous avons obtenu les certifications ISO et CE et nous proposons \u00e9galement des services OEM. Nos produits ont \u00e9t\u00e9 bien accueillis par les clients de nombreux pays, tels que l'Espagne, l'Inde, l'Allemagne, l'Afrique du Sud, le Br\u00e9sil, le Chili, l'Argentine, la Russie, l'Italie, la France, le Vietnam, etc. Si vous \u00eates int\u00e9ress\u00e9s par notre rotateur de soudure r\u00e9glable, n'h\u00e9sitez pas \u00e0 nous contacter.<\/p>\n<p>&nbsp;<\/p>","protected":false},"excerpt":{"rendered":"<p><strong>Manipulateur de soudage WUXI ABK<\/strong>\u00a0permet de r\u00e9aliser des soudures de pr\u00e9cision pour les chaudi\u00e8res, les appareils \u00e0 pression et les applications p\u00e9trochimiques. Dot\u00e9 d'un syst\u00e8me de suivi automatis\u00e9 et de configurations r\u00e9glables, ce syst\u00e8me de qualit\u00e9 industrielle permet de r\u00e9aliser des soudures longitudinales et circonf\u00e9rentielles avec une pr\u00e9cision de \u00b10,2 mm. Les syst\u00e8mes optionnels de r\u00e9cup\u00e9ration et de contr\u00f4le du flux am\u00e9liorent la productivit\u00e9. Id\u00e9al pour la fabrication lourde dans les secteurs de la m\u00e9tallurgie et de l'\u00e9nergie.<\/p>","protected":false},"featured_media":1497,"comment_status":"open","ping_status":"closed","template":"","meta":{"_acf_changed":false},"product_brand":[],"product_cat":[21,28],"product_tag":[],"class_list":{"0":"post-753","1":"product","2":"type-product","3":"status-publish","4":"has-post-thumbnail","6":"product_cat-welding-automation","7":"product_cat-welding-manipulator","9":"first","10":"instock","11":"shipping-taxable","12":"product-type-simple"},"acf":[],"_links":{"self":[{"href":"https:\/\/www.weldmc.com\/fr\/wp-json\/wp\/v2\/product\/753","targetHints":{"allow":["GET"]}}],"collection":[{"href":"https:\/\/www.weldmc.com\/fr\/wp-json\/wp\/v2\/product"}],"about":[{"href":"https:\/\/www.weldmc.com\/fr\/wp-json\/wp\/v2\/types\/product"}],"replies":[{"embeddable":true,"href":"https:\/\/www.weldmc.com\/fr\/wp-json\/wp\/v2\/comments?post=753"}],"wp:featuredmedia":[{"embeddable":true,"href":"https:\/\/www.weldmc.com\/fr\/wp-json\/wp\/v2\/media\/1497"}],"wp:attachment":[{"href":"https:\/\/www.weldmc.com\/fr\/wp-json\/wp\/v2\/media?parent=753"}],"wp:term":[{"taxonomy":"product_brand","embeddable":true,"href":"https:\/\/www.weldmc.com\/fr\/wp-json\/wp\/v2\/product_brand?post=753"},{"taxonomy":"product_cat","embeddable":true,"href":"https:\/\/www.weldmc.com\/fr\/wp-json\/wp\/v2\/product_cat?post=753"},{"taxonomy":"product_tag","embeddable":true,"href":"https:\/\/www.weldmc.com\/fr\/wp-json\/wp\/v2\/product_tag?post=753"}],"curies":[{"name":"wp","href":"https:\/\/api.w.org\/{rel}","templated":true}]}}